{"id":69785,"date":"2024-11-29T13:11:52","date_gmt":"2024-11-29T05:11:52","guid":{"rendered":"https:\/\/honwaygroup.com\/?post_type=product&#038;p=69785"},"modified":"2025-02-24T16:03:21","modified_gmt":"2025-02-24T08:03:21","slug":"zawiesina-nanodiamentowa-do-polerowania-metalograficznego","status":"publish","type":"product","link":"https:\/\/honwaygroup.com\/pl\/produkt\/zawiesina-nanodiamentowa-do-polerowania-metalograficznego\/","title":{"rendered":"Zawiesina nanodiamentowa do polerowania metalograficznego"},"content":{"rendered":"<h2>Zawiesina nanodiamentowa do polerowania metalograficznego<\/h2>\n<p>&nbsp;<\/p>\n<p>Nanodiamentowy mikroproszek w kulkach jest syntetyzowany w mgnieniu oka w warunkach ekstremalnie wysokiego ci\u015bnienia oraz temperatury, tworz\u0105c polikrystaliczny diament. Rozmiar mikrokryszta\u0142k\u00f3w to zaledwie 3-10 nanometr\u00f3w. Struktura polikrystalicznych cz\u0105steczek powstaje poprzez nienasycone wi\u0105zania, co nadaje im doskona\u0142\u0105 twardo\u015b\u0107.<\/p>\n<p>Ten nanodiamentowy mikroproszek w kulkach r\u00f3\u017cni si\u0119 od tradycyjnego monokrystalicznego proszku diamentowego. Jego struktura jest bardzo podobna do naturalnego karbonado, co zapewnia wyj\u0105tkowe w\u0142a\u015bciwo\u015bci szlifowania i polerowania.<\/p>\n<h2>Cechy produktu:<\/h2>\n<ul>\n<li>kulisty nanodiament charakteryzuje si\u0119 wyj\u0105tkowymi w\u0142a\u015bciwo\u015bciami<\/li>\n<li>w procesie szlifowania i polerowania nie dochodzi do kruchego p\u0119kania, co sprawia, \u017ce nie rysuje powierzchni obrabianych materia\u0142\u00f3w<\/li>\n<li>d\u0142u\u017csza \u017cywotno\u015b\u0107<\/li>\n<li>podczas szlifowania zachodzi proces uwalniania si\u0119 nanokrystalit\u00f3w<\/li>\n<li>cz\u0105steczki \u015bcierniwa wykazuj\u0105 w\u0142a\u015bciwo\u015bci samoostrz\u0105ce<\/li>\n<\/ul>\n<h2>Zakres zastosowania:<\/h2>\n<ul>\n<li>stosowane razem z podk\u0142adkami metalograficznymi do polerowania<\/li>\n<li>przeznaczone do polerowania powierzchni na poziomie nanometr\u00f3w oraz poni\u017cej nanometr\u00f3w (ang. angstrom) w takich materia\u0142ach jak wafle krzemowe, superprecyzyjne formy, kamienie szlachetne, ceramika oraz stopy metali<\/li>\n<\/ul>\n<h2>Specyfikacja ziarnisto\u015bci diamentu:<\/h2>\n<figure id=\"attachment_62327\" aria-describedby=\"caption-attachment-62327\" style=\"width: 2560px\" class=\"wp-caption alignnone\"><a href=\"https:\/\/honwaygroup.com\/wp-content\/uploads\/2024\/11\/\u947d\u77f3\u7c92\u5ea6\u898f\u683c\u8868_\u5de5\u4f5c\u5340\u57df-1-scaled.jpg\"><img fetchpriority=\"high\" decoding=\"async\" class=\"wp-image-62327 size-full\" src=\"https:\/\/honwaygroup.com\/wp-content\/uploads\/2024\/11\/\u947d\u77f3\u7c92\u5ea6\u898f\u683c\u8868_\u5de5\u4f5c\u5340\u57df-1-scaled.jpg\" alt=\"\u947d\u77f3\u7c92\u5ea6\u898f\u683c\u8868\" width=\"2560\" height=\"2560\" \/><\/a><figcaption id=\"caption-attachment-62327\" class=\"wp-caption-text\">Specyfikacja ziarnisto\u015bci diamentu<\/figcaption><\/figure>\n<p><span style=\"font-size: 16px;\">Masz pytanie?\u00a0 <\/span><a style=\"font-size: 16px; background-color: #ffffff;\" href=\"https:\/\/honwaygroup.com\/pl\/skontaktuj-sie-z-nami\/\" target=\"_blank\" rel=\"nofollow noopener\">Skontaktuj si\u0119 z nami!<\/a><\/p>\n","protected":false},"excerpt":{"rendered":"<p>\u2022 stosowa\u0107 w po\u0142\u0105czeniu z podk\u0142adkami do polerowania metalograficznego \u2022 kulisty nanodiament charakteryzuje si\u0119 wyj\u0105tkowymi w\u0142a\u015bciwo\u015bciami \u2022 w procesie szlifowania i polerowania nie wyst\u0119puje \u0142amanie materia\u0142u, co sprawia, \u017ce nie tylko nie rysuje powierzchni obrabianego elementu, ale r\u00f3wnie\u017c zapewnia doskona\u0142e efekty polerowania. \u2022 d\u0142u\u017csza \u017cywotno\u015b\u0107 \u2022 w trakcie procesu szlifowania dochodzi do od\u0142\u0105czania si\u0119 nanocz\u0105steczek \u2022 posiada w\u0142a\u015bciwo\u015bci samoostrz\u0105ce<\/p>\n<h5><span style=\"color: #ff0000;\"><strong>\u25b2Ceny produkt\u00f3w zawieraj\u0105 podatek (wy\u0142\u0105cznie na Tajwanie)<\/strong><\/span><\/h5>\n<h5><span style=\"color: #ff0000;\"><strong>\u25b2<\/strong><\/span><span style=\"color: #ff0000;\"><strong>Ceny produkt\u00f3w nie zawieraj\u0105 podatku VAT oraz op\u0142at celnych<\/strong><\/span><\/h5>\n<h5><strong><span style=\"color: #ff0000; font-size: 19.2px;\">\u25b2 Mo\u017cliwo\u015b\u0107 dostosowania specyfikacji \u2013 prosimy o kontakt z obs\u0142ug\u0105 klienta. <b>W celu uzyskania informacji o czasie realizacji zam\u00f3wienia oraz czasie dostawy prosimy o kontakt z obs\u0142ug\u0105 klienta.<\/b><\/span><\/strong><\/h5>\n<h5><strong><span style=\"color: #ff0000; font-size: 19.2px;\">\u25b2Przy wi\u0119kszych zam\u00f3wieniach oferujemy rabaty, prosimy o kontakt z obs\u0142ug\u0105 klienta<\/span><\/strong><\/h5>\n<h5><strong><span style=\"color: #ff0000; font-size: 19.2px;\">\u25b2Czas realizacji wysy\u0142ki mi\u0119dzynarodowej (poza teren Tajwanu) wynosi 7-14 dni, natomiast rzeczywisty czas dostawy zale\u017cy od danej firmy kurierskiej<\/span><\/strong><\/h5>\n","protected":false},"featured_media":69657,"template":"","meta":{"site-sidebar-layout":"default","site-content-layout":"default","ast-site-content-layout":"default","site-content-style":"default","site-sidebar-style":"default","ast-global-header-display":"","ast-banner-title-visibility":"","ast-main-header-display":"","ast-hfb-above-header-display":"","ast-hfb-below-header-display":"","ast-hfb-mobile-header-display":"","site-post-title":"","ast-breadcrumbs-content":"","ast-featured-img":"","footer-sml-layout":"","ast-disable-related-posts":"","theme-transparent-header-meta":"default","adv-header-id-meta":"","stick-header-meta":"default","header-above-stick-meta":"","header-main-stick-meta":"","header-below-stick-meta":"","astra-migrate-meta-layouts":"set","ast-page-background-enabled":"default","ast-page-background-meta":{"desktop":{"background-color":"var(--ast-global-color-5)","background-image":"","background-repeat":"repeat","background-position":"center center","background-size":"auto","background-attachment":"scroll","background-type":"","background-media":"","overlay-type":"","overlay-color":"","overlay-opacity":"","overlay-gradient":""},"tablet":{"background-color":"","background-image":"","background-repeat":"repeat","background-position":"center center","background-size":"auto","background-attachment":"scroll","background-type":"","background-media":"","overlay-type":"","overlay-color":"","overlay-opacity":"","overlay-gradient":""},"mobile":{"background-color":"","background-image":"","background-repeat":"repeat","background-position":"center center","background-size":"auto","background-attachment":"scroll","background-type":"","background-media":"","overlay-type":"","overlay-color":"","overlay-opacity":"","overlay-gradient":""}},"ast-content-background-meta":{"desktop":{"background-color":"var(--ast-global-color-4)","background-image":"","background-repeat":"repeat","background-position":"center center","background-size":"auto","background-attachment":"scroll","background-type":"","background-media":"","overlay-type":"","overlay-color":"","overlay-opacity":"","overlay-gradient":""},"tablet":{"background-color":"var(--ast-global-color-4)","background-image":"","background-repeat":"repeat","background-position":"center center","background-size":"auto","background-attachment":"scroll","background-type":"","background-media":"","overlay-type":"","overlay-color":"","overlay-opacity":"","overlay-gradient":""},"mobile":{"background-color":"var(--ast-global-color-4)","background-image":"","background-repeat":"repeat","background-position":"center center","background-size":"auto","background-attachment":"scroll","background-type":"","background-media":"","overlay-type":"","overlay-color":"","overlay-opacity":"","overlay-gradient":""}}},"product_brand":[],"product_cat":[3490,3487,3486,3466,3609,3491,3506,3600,3504,3611,3488,3489],"product_tag":[3908,3910,3912,3909],"class_list":{"0":"post-69785","1":"product","2":"type-product","3":"status-publish","4":"has-post-thumbnail","6":"product_cat-ceramika","7":"product_cat-do-tworzyw-sztucznych-i-materialow-niemetalowych","8":"product_cat-materialy-do-obrobki","9":"product_cat-materialy-eksploatacyjne-do-metalografii","10":"product_cat-materialy-supertwarde","11":"product_cat-metale-bezniklowe","12":"product_cat-ciecz","13":"product_cat-plyny-polerskie","14":"product_cat-postac-surowca","15":"product_cat-proszki-pasty-plyny-polerskie","16":"product_cat-weglik-wolframu","17":"product_cat-zelazonikiel","18":"product_tag-metalografia","19":"product_tag-plyny-do-polerowanie-metalograficznego","20":"product_tag-plyny-do-szlifowania-metalograficznego","21":"product_tag-polerowanie-metalograficzne","22":"pa_capacity-1000ml-pl","23":"pa_capacity-5000ml-pl-2","24":"pa_capacity-500ml-pl","25":"pa_capacity-jesli-zamowisz-wiecej-mozesz-skontaktowac-sie-prywatnie-ze-specjalista-ds-sprzedazy-aby-skorzystac-ze-znizek","26":"desktop-align-left","27":"tablet-align-left","28":"mobile-align-left","29":"ast-product-gallery-layout-horizontal-slider","30":"ast-product-single-variable","31":"ast-product-tabs-layout-horizontal","33":"first","34":"instock","35":"taxable","36":"shipping-taxable","37":"purchasable","38":"product-type-variable"},"_links":{"self":[{"href":"https:\/\/honwaygroup.com\/pl\/wp-json\/wp\/v2\/product\/69785","targetHints":{"allow":["GET"]}}],"collection":[{"href":"https:\/\/honwaygroup.com\/pl\/wp-json\/wp\/v2\/product"}],"about":[{"href":"https:\/\/honwaygroup.com\/pl\/wp-json\/wp\/v2\/types\/product"}],"version-history":[{"count":0,"href":"https:\/\/honwaygroup.com\/pl\/wp-json\/wp\/v2\/product\/69785\/revisions"}],"wp:featuredmedia":[{"embeddable":true,"href":"https:\/\/honwaygroup.com\/pl\/wp-json\/wp\/v2\/media\/69657"}],"wp:attachment":[{"href":"https:\/\/honwaygroup.com\/pl\/wp-json\/wp\/v2\/media?parent=69785"}],"wp:term":[{"taxonomy":"product_brand","embeddable":true,"href":"https:\/\/honwaygroup.com\/pl\/wp-json\/wp\/v2\/product_brand?post=69785"},{"taxonomy":"product_cat","embeddable":true,"href":"https:\/\/honwaygroup.com\/pl\/wp-json\/wp\/v2\/product_cat?post=69785"},{"taxonomy":"product_tag","embeddable":true,"href":"https:\/\/honwaygroup.com\/pl\/wp-json\/wp\/v2\/product_tag?post=69785"}],"curies":[{"name":"wp","href":"https:\/\/api.w.org\/{rel}","templated":true}]}}