{"id":69757,"date":"2024-11-29T14:18:16","date_gmt":"2024-11-29T06:18:16","guid":{"rendered":"https:\/\/honwaygroup.com\/?post_type=product&#038;p=69757"},"modified":"2025-09-04T13:15:50","modified_gmt":"2025-09-04T05:15:50","slug":"zawiesina-z-tlenkiem-glinu-do-polerowania-metalograficznego","status":"publish","type":"product","link":"https:\/\/honwaygroup.com\/pl\/produkt\/zawiesina-z-tlenkiem-glinu-do-polerowania-metalograficznego\/","title":{"rendered":"P\u0142yn do polerowania metalograficznego na bazie tlenku glinu"},"content":{"rendered":"<h3>\u91d1\u76f8\u6c27\u5316\u92c1\u62cb\u5149P\u0142yn do polerowania metalograficznego na bazie tlenku glinu<\/h3>\n<p><a href=\"https:\/\/zh.m.wikipedia.org\/zh-tw\/%E5%89%9B%E7%8E%89\" rel=\"nofollow noopener\" target=\"_blank\">Bia\u0142y korund<\/a> jest wytwarzany z wysokiej jako\u015bci proszku tlenku aluminium, kt\u00f3ry poddawany jest procesowi elektropalania w celu uzyskania kryszta\u0142\u00f3w. Charakteryzuje si\u0119 wysok\u0105 czysto\u015bci\u0105, dobr\u0105 zdolno\u015bci\u0105 samoostrz\u0105c\u0105 , odporno\u015bci\u0105 na kwasy i zasady, odporno\u015bci\u0105 na wysok\u0105 temperatur\u0119 oraz stabilno\u015bci\u0105 w warunkach cieplnych. Jego twardo\u015b\u0107 jest nieco wy\u017csza ni\u017c twardo\u015b\u0107 korundu br\u0105zowego.<\/p>\n<h2>Cechy produktu:<\/h2>\n<ul>\n<li>mniejsza twardo\u015b\u0107, wysoka czysto\u015b\u0107, dobra zdolno\u015b\u0107 samoostrz\u0105ca , odporno\u015b\u0107 na kwasy i zasady, odporno\u015b\u0107 na wysok\u0105 temperatur\u0119 oraz stabilno\u015b\u0107 w warunkach cieplnych<\/li>\n<li>kuliste cz\u0105steczki tlenku glinu maj\u0105 w\u0142a\u015bciwo\u015bci regeneracyjne, kt\u00f3re pozwalaj\u0105 na popraw\u0119 \u015blad\u00f3w polerowania na powierzchni, zmniejszenie chropowato\u015bci i uzyskanie bardziej l\u015bni\u0105cej powierzchni<\/li>\n<li>przewag\u0105 jest niski koszt u\u017cycia<\/li>\n<li>zaleca si\u0119 stosowanie do oczyszczania powierzchni po u\u017cyciu standardowej zawiesiny diamentowej<\/li>\n<li>zaleca si\u0119 stosowanie tej samej klasy granulacji, co proszek diamentowy lub u\u017cycie mniejszej granulacji<\/li>\n<li>w przypadku potrzeby uzyskania wy\u017cszej jako\u015bci polerowanej powierzchni, zaleca si\u0119 wyb\u00f3r produkt\u00f3w z serii nanodiament\u00f3w<\/li>\n<\/ul>\n<h2>Zakres zastosowania:<\/h2>\n<ul>\n<li>stosowane razem z podk\u0142adkami metalograficznymi do polerowania<\/li>\n<li>przeznaczone do polerowania ko\u0144cowego r\u00f3\u017cnych metali, precyzyjnych form, szafir\u00f3w, stop\u00f3w aluminium, ceramiki i innych materia\u0142\u00f3w<\/li>\n<\/ul>\n<h2>Specyfikacja produktu:<\/h2>\n<div><\/div>\n<div>\n<table border=\"0\" cellspacing=\"3\" cellpadding=\"5\" align=\"center\">\n<tbody>\n<tr>\n<td><strong>Al<sub>2<\/sub>O<sub>3<\/sub><\/strong><\/td>\n<td><strong>Na<sub>2<\/sub>O<\/strong><\/td>\n<td><strong>SiO<sub>2<\/sub><\/strong><\/td>\n<td><strong>Fe<sub>2<\/sub>O<sub>3<\/sub><\/strong><\/td>\n<td><strong>CaO+MgO<\/strong><\/td>\n<\/tr>\n<tr>\n<td><strong>99.6%<\/strong><\/td>\n<td><strong>0.18%<\/strong><\/td>\n<td><strong>0.01%<\/strong><\/td>\n<td><strong>0.02%<\/strong><\/td>\n<td><strong>0.02%<\/strong><\/td>\n<\/tr>\n<\/tbody>\n<\/table>\n<div>\n<div align=\"center\">\n<figure id=\"attachment_39774\" aria-describedby=\"caption-attachment-39774\" style=\"width: 853px\" class=\"wp-caption alignnone\"><a href=\"https:\/\/honwaygroup.com\/wp-content\/uploads\/2024\/07\/%E6%9C%AA%E5%91%BD%E5%90%8D-1_%E5%B7%A5%E4%BD%9C%E5%8D%80%E5%9F%9F-1.webp\"><img fetchpriority=\"high\" decoding=\"async\" class=\"size-full wp-image-39774\" src=\"https:\/\/honwaygroup.com\/wp-content\/uploads\/2024\/07\/%E6%9C%AA%E5%91%BD%E5%90%8D-1_%E5%B7%A5%E4%BD%9C%E5%8D%80%E5%9F%9F-1.webp\" alt=\"Specyfikacja produktu\" width=\"853\" height=\"441\"><\/a><figcaption id=\"caption-attachment-39774\" class=\"wp-caption-text\">Specyfikacja produktu<\/figcaption><\/figure>\n<\/div>\n<\/div>\n<div><\/div>\n<\/div>\n<p>Masz pytanie? <a href=\"https:\/\/honwaygroup.com\/pl\/skontaktuj-sie-z-nami\/\">Skontaktuj si\u0119 z nami!<\/a><\/p>\n","protected":false},"excerpt":{"rendered":"<p>\u2022 pozwala na popraw\u0119 \u015blad\u00f3w polerowania na powierzchni<\/p>\n<p>\u2022 zaleca si\u0119 stosowanie do oczyszczania powierzchni po u\u017cyciu standardowej zawiesiny diamentowej<\/p>\n<p>\u2022 zaleca si\u0119 stosowanie tej samej klasy granulacji, co proszek diamentowy lub u\u017cycie mniejszej granulacji<\/p>\n<p>\u2022 w przypadku potrzeby uzyskania wy\u017cszej jako\u015bci polerowanej powierzchni, zaleca si\u0119 wyb\u00f3r produkt\u00f3w z serii nanodiament\u00f3w<\/p>\n<p>\u2022 stosowane razem z podk\u0142adkami metalograficznymi do polerowania<\/p>\n<p>\u2022 przeznaczone do polerowania ko\u0144cowego r\u00f3\u017cnych metali, precyzyjnych form, szafir\u00f3w, stop\u00f3w aluminium, ceramiki i innych materia\u0142\u00f3w<\/p>\n<p>&nbsp;<\/p>\n<h5><strong><span style=\"color: #ff0000; font-size: 19.2px;\">\u25b2<\/span> <\/strong><strong><span style=\"color: #ff0000; font-size: 19.2px;\">W przypadku zapotrzebowania na niestandardowe rozmiary prosimy o kontakt z obs\u0142ug\u0105 klienta. W celu uzyskania informacji o czas realizacji takiego zam\u00f3wienia r\u00f3wnie\u017c prosimy o kontakt z obs\u0142ug\u0105 klienta.<\/span><\/strong><\/h5>\n<h5><strong><span style=\"color: #ff0000; font-size: 19.2px;\">\u25b2 Przy wi\u0119kszych zam\u00f3wieniach istnieje mo\u017cliwo\u015b\u0107 uzyskania rabatu, prosimy o kontakt z obs\u0142ug\u0105 klienta.<br \/>\n<\/span><\/strong><\/h5>\n<h5><strong><span style=\"color: #ff0000; font-size: 19.2px;\">\u25b2<\/span><span style=\"color: #ff0000; font-size: 19.2px;\">Czas realizacji<\/span> <span style=\"color: #ff0000;\">zam\u00f3wie\u0144 <\/span><span style=\"color: #ff0000; font-size: 19.2px;\">na terenie Tajwanu wynosi 7-14 dni roboczych.<\/span><\/strong><\/h5>\n<h5><strong><span style=\"color: #ff0000; font-size: 19.2px;\">\u25b2<\/span><span style=\"color: #ff0000;\">Czas realizacji wysy\u0142ki mi\u0119dzynarodowej wynosi 7-14 dni, natomiast rzeczywisty czas dostawy zale\u017cy od danej firmy kurierskiej.<\/span><\/strong><\/h5>\n","protected":false},"featured_media":69758,"template":"","meta":{"site-sidebar-layout":"default","site-content-layout":"default","ast-site-content-layout":"default","site-content-style":"default","site-sidebar-style":"default","ast-global-header-display":"","ast-banner-title-visibility":"","ast-main-header-display":"","ast-hfb-above-header-display":"","ast-hfb-below-header-display":"","ast-hfb-mobile-header-display":"","site-post-title":"","ast-breadcrumbs-content":"","ast-featured-img":"","footer-sml-layout":"","ast-disable-related-posts":"","theme-transparent-header-meta":"default","adv-header-id-meta":"","stick-header-meta":"default","header-above-stick-meta":"","header-main-stick-meta":"","header-below-stick-meta":"","astra-migrate-meta-layouts":"set","ast-page-background-enabled":"default","ast-page-background-meta":{"desktop":{"background-color":"var(--ast-global-color-5)","background-image":"","background-repeat":"repeat","background-position":"center center","background-size":"auto","background-attachment":"scroll","background-type":"","background-media":"","overlay-type":"","overlay-color":"","overlay-opacity":"","overlay-gradient":""},"tablet":{"background-color":"","background-image":"","background-repeat":"repeat","background-position":"center center","background-size":"auto","background-attachment":"scroll","background-type":"","background-media":"","overlay-type":"","overlay-color":"","overlay-opacity":"","overlay-gradient":""},"mobile":{"background-color":"","background-image":"","background-repeat":"repeat","background-position":"center center","background-size":"auto","background-attachment":"scroll","background-type":"","background-media":"","overlay-type":"","overlay-color":"","overlay-opacity":"","overlay-gradient":""}},"ast-content-background-meta":{"desktop":{"background-color":"var(--ast-global-color-4)","background-image":"","background-repeat":"repeat","background-position":"center center","background-size":"auto","background-attachment":"scroll","background-type":"","background-media":"","overlay-type":"","overlay-color":"","overlay-opacity":"","overlay-gradient":""},"tablet":{"background-color":"var(--ast-global-color-4)","background-image":"","background-repeat":"repeat","background-position":"center center","background-size":"auto","background-attachment":"scroll","background-type":"","background-media":"","overlay-type":"","overlay-color":"","overlay-opacity":"","overlay-gradient":""},"mobile":{"background-color":"var(--ast-global-color-4)","background-image":"","background-repeat":"repeat","background-position":"center center","background-size":"auto","background-attachment":"scroll","background-type":"","background-media":"","overlay-type":"","overlay-color":"","overlay-opacity":"","overlay-gradient":""}}},"product_brand":[],"product_cat":[3466,3600,3611,3599],"product_tag":[3908,3711,3756],"class_list":{"0":"post-69757","1":"product","2":"type-product","3":"status-publish","4":"has-post-thumbnail","6":"product_cat-materialy-eksploatacyjne-do-metalografii","7":"product_cat-plyny-polerskie","8":"product_cat-proszki-pasty-plyny-polerskie","9":"product_cat-proszki-pasty-zawiesiny-szlifierskie","10":"product_tag-metalografia","11":"product_tag-plyny-polerskie","12":"product_tag-tlenek-glinu","13":"pa_capacity-1000ml-pl","14":"pa_capacity-500ml-pl","15":"pa_capacity-jesli-zamowisz-wiecej-mozesz-skontaktowac-sie-prywatnie-ze-specjalista-ds-sprzedazy-aby-skorzystac-ze-znizek","16":"desktop-align-left","17":"tablet-align-left","18":"mobile-align-left","19":"ast-product-gallery-layout-horizontal-slider","20":"ast-product-gallery-with-no-image","21":"ast-product-single-variable","22":"ast-product-tabs-layout-horizontal","24":"first","25":"instock","26":"taxable","27":"shipping-taxable","28":"purchasable","29":"product-type-variable"},"_links":{"self":[{"href":"https:\/\/honwaygroup.com\/pl\/wp-json\/wp\/v2\/product\/69757","targetHints":{"allow":["GET"]}}],"collection":[{"href":"https:\/\/honwaygroup.com\/pl\/wp-json\/wp\/v2\/product"}],"about":[{"href":"https:\/\/honwaygroup.com\/pl\/wp-json\/wp\/v2\/types\/product"}],"version-history":[{"count":0,"href":"https:\/\/honwaygroup.com\/pl\/wp-json\/wp\/v2\/product\/69757\/revisions"}],"wp:featuredmedia":[{"embeddable":true,"href":"https:\/\/honwaygroup.com\/pl\/wp-json\/wp\/v2\/media\/69758"}],"wp:attachment":[{"href":"https:\/\/honwaygroup.com\/pl\/wp-json\/wp\/v2\/media?parent=69757"}],"wp:term":[{"taxonomy":"product_brand","embeddable":true,"href":"https:\/\/honwaygroup.com\/pl\/wp-json\/wp\/v2\/product_brand?post=69757"},{"taxonomy":"product_cat","embeddable":true,"href":"https:\/\/honwaygroup.com\/pl\/wp-json\/wp\/v2\/product_cat?post=69757"},{"taxonomy":"product_tag","embeddable":true,"href":"https:\/\/honwaygroup.com\/pl\/wp-json\/wp\/v2\/product_tag?post=69757"}],"curies":[{"name":"wp","href":"https:\/\/api.w.org\/{rel}","templated":true}]}}