{"id":69733,"date":"2024-11-29T15:20:40","date_gmt":"2024-11-29T07:20:40","guid":{"rendered":"https:\/\/honwaygroup.com\/?post_type=product&#038;p=69733"},"modified":"2025-09-24T10:37:05","modified_gmt":"2025-09-24T02:37:05","slug":"tlenek-glinu-do-polerowania-metalograficznego","status":"publish","type":"product","link":"https:\/\/honwaygroup.com\/pl\/produkt\/tlenek-glinu-do-polerowania-metalograficznego\/","title":{"rendered":"Tlenek glinu do polerowania metalograficznego"},"content":{"rendered":"<h1>Tlenek glinu do polerowania metalograficznego<\/h1>\n<p>Sk\u0142ada si\u0119 g\u0142\u00f3wnie z aluminium i tlenu, a jego wz\u00f3r chemiczny to <span class=\"katex\"><span class=\"katex-mathml\">Al2O3Al_2O_3<\/span><span class=\"katex-html\" aria-hidden=\"true\"><span class=\"base\"><span class=\"mord mathnormal\">A<\/span><span class=\"mord\"><span class=\"mord mathnormal\">l<\/span><span class=\"msupsub\"><span class=\"vlist-t vlist-t2\"><span class=\"vlist-r\"><span class=\"vlist\"><span class=\"sizing reset-size6 size3 mtight\"><span class=\"mord mtight\">2<\/span><\/span><\/span><span class=\"vlist-s\">\u200b<\/span><\/span><\/span><\/span><\/span><span class=\"mord\"><span class=\"mord mathnormal\">O<\/span><span class=\"msupsub\"><span class=\"vlist-t vlist-t2\"><span class=\"vlist-r\"><span class=\"vlist\"><span class=\"sizing reset-size6 size3 mtight\"><span class=\"mord mtight\">3<\/span><\/span><\/span><span class=\"vlist-s\">\u200b<\/span><\/span><\/span><\/span><\/span><\/span><\/span><\/span>Jest szeroko stosowany w wielu ga\u0142\u0119ziach przemys\u0142u, zw\u0142aszcza w szlifowaniu, polerowaniu, elektronice, ceramice, przemy\u015ble wytw\u00f3rczym i katalizatorach. W\u0142a\u015bciwo\u015bci i zastosowania proszku tlenku glinu zale\u017c\u0105 od metody jego otrzymywania, wielko\u015bci cz\u0105stek, formy krystalicznej i innych czynnik\u00f3w.<\/p>\n<h2>Cechy produktu:<\/h2>\n<ul>\n<li>Dzi\u0119ki wysokiej twardo\u015bci, dobrym w\u0142a\u015bciwo\u015bciom mechanicznym i stabilno\u015bci chemicznej proszek polerski na bazie tlenku glinu zazwyczaj zapewnia doskona\u0142y efekt polerowania i nadaje si\u0119 do r\u00f3\u017cnych typ\u00f3w polerowania powierzchni.<\/li>\n<li>Posiada dobr\u0105 odporno\u015b\u0107 na zu\u017cycie i zachowuje stabilny efekt polerowania podczas wielokrotnego u\u017cytku.<\/li>\n<li>kuliste cz\u0105steczki tlenku glinu maj\u0105 w\u0142a\u015bciwo\u015bci regeneracyjne, kt\u00f3re pozwalaj\u0105 na popraw\u0119 \u015blad\u00f3w polerowania na powierzchni, zmniejszenie chropowato\u015bci i uzyskanie bardziej l\u015bni\u0105cej powierzchni<\/li>\n<li>przewag\u0105 jest niski koszt u\u017cycia<\/li>\n<li>Zaleca si\u0119 stosowanie go do czyszczenia powierzchni po og\u00f3lnym zastosowaniu proszku diamentowego.<\/li>\n<li>Zaleca si\u0119 stosowanie proszku diamentowego tej samej klasy co ostatnio u\u017cywany lub drobniejszego proszku diamentowego.<\/li>\n<li>Je\u015bli potrzebny jest wy\u017cszy poziom polerowania powierzchni, zalecamy u\u017cycie \u201esuper proszku glinowego\u201d.<\/li>\n<\/ul>\n<h2>Zakres zastosowania:<\/h2>\n<ul>\n<li>stosowane razem z podk\u0142adkami metalograficznymi do polerowania<\/li>\n<li>przeznaczone do polerowania ko\u0144cowego r\u00f3\u017cnych metali, precyzyjnych form, szafir\u00f3w, stop\u00f3w aluminium, ceramiki i innych materia\u0142\u00f3w<\/li>\n<\/ul>\n<h2>Specyfikacja produktu:<\/h2>\n<div>\n<table border=\"0\" cellspacing=\"3\" cellpadding=\"5\" align=\"center\">\n<tbody>\n<tr>\n<td><strong>Al<sub>2<\/sub>O<sub>3<\/sub><\/strong><\/td>\n<td><strong>Na<sub>2<\/sub>O<\/strong><\/td>\n<td><strong>SiO<sub>2<\/sub><\/strong><\/td>\n<td><strong>Fe<sub>2<\/sub>O<sub>3<\/sub><\/strong><\/td>\n<td><strong>CaO+MgO<\/strong><\/td>\n<\/tr>\n<tr>\n<td><strong>99.6%<\/strong><\/td>\n<td><strong>0.18%<\/strong><\/td>\n<td><strong>0.01%<\/strong><\/td>\n<td><strong>0.02%<\/strong><\/td>\n<td><strong>0.02%<\/strong><\/td>\n<\/tr>\n<\/tbody>\n<\/table>\n<div>\n<div align=\"center\">\n<figure id=\"attachment_109478\" aria-describedby=\"caption-attachment-109478\" style=\"width: 2560px\" class=\"wp-caption alignnone\"><a href=\"https:\/\/honwaygroup.com\/wp-content\/uploads\/2024\/11\/%E6%B0%A7%E5%8C%96%E9%8B%81%E6%8B%8B%E5%85%89%E6%B6%B22_%E5%B7%A5%E4%BD%9C%E5%8D%80%E5%9F%9F-1-%E8%A4%87%E6%9C%AC-scaled.webp\"><img fetchpriority=\"high\" decoding=\"async\" class=\"wp-image-62450 size-full\" src=\"https:\/\/honwaygroup.com\/wp-content\/uploads\/2024\/11\/%E6%B0%A7%E5%8C%96%E9%8B%81%E6%8B%8B%E5%85%89%E6%B6%B22_%E5%B7%A5%E4%BD%9C%E5%8D%80%E5%9F%9F-1-%E8%A4%87%E6%9C%AC-scaled.webp\" alt=\"Proszek polerski z tlenku glinu\" width=\"2560\" height=\"1138\"><\/a><figcaption id=\"caption-attachment-109478\" class=\"wp-caption-text\">Proszek polerski z tlenku glinu<\/figcaption><\/figure>\n<\/div>\n<\/div>\n<div><\/div>\n<div><\/div>\n<\/div>\n<p>Masz pytanie? <a href=\"https:\/\/honwaygroup.com\/pl\/skontaktuj-sie-z-nami\/\">Skontaktuj si\u0119 z nami!<\/a><\/p>\n","protected":false},"excerpt":{"rendered":"<ul>\n<li>Dzi\u0119ki wysokiej twardo\u015bci, dobrym w\u0142a\u015bciwo\u015bciom mechanicznym i stabilno\u015bci chemicznej proszek polerski na bazie tlenku glinu zazwyczaj zapewnia doskona\u0142y efekt polerowania i nadaje si\u0119 do r\u00f3\u017cnych typ\u00f3w polerowania powierzchni.<\/li>\n<li>Posiada dobr\u0105 odporno\u015b\u0107 na zu\u017cycie i zachowuje stabilny efekt polerowania podczas wielokrotnego u\u017cytku.<\/li>\n<li>kuliste cz\u0105steczki tlenku glinu maj\u0105 w\u0142a\u015bciwo\u015bci regeneracyjne, kt\u00f3re pozwalaj\u0105 na popraw\u0119 \u015blad\u00f3w polerowania na powierzchni, zmniejszenie chropowato\u015bci i uzyskanie bardziej l\u015bni\u0105cej powierzchni<\/li>\n<li>przewag\u0105 jest niski koszt u\u017cycia<\/li>\n<li>Zaleca si\u0119 stosowanie go do czyszczenia powierzchni po og\u00f3lnym zastosowaniu proszku diamentowego.<\/li>\n<li>Zaleca si\u0119 stosowanie proszku diamentowego tej samej klasy co ostatnio u\u017cywany lub drobniejszego proszku diamentowego.<\/li>\n<li>Je\u015bli potrzebny jest wy\u017cszy poziom polerowania powierzchni, zalecamy u\u017cycie \u201esuper proszku glinowego\u201d.<\/li>\n<\/ul>\n<h5><strong><span style=\"color: #ff0000; font-size: 19.2px;\">\u25b2 Przy wi\u0119kszych zam\u00f3wieniach istnieje mo\u017cliwo\u015b\u0107 uzyskania rabatu, prosimy o kontakt z obs\u0142ug\u0105 klienta.<br \/>\n<\/span><\/strong><\/h5>\n<h5><strong><span style=\"color: #ff0000; font-size: 19.2px;\">\u25b2<\/span><span style=\"color: #ff0000; font-size: 19.2px;\">Czas dostawy zam\u00f3wie\u0144<\/span> <span style=\"color: #ff0000;\">na Tajwan wynosi<\/span> <span style=\"color: #ff0000; font-size: 19.2px;\">oko\u0142o 7\u201314 dni roboczych<\/span><\/strong><\/h5>\n<h5><strong><span style=\"color: #ff0000; font-size: 19.2px;\">\u25b2<\/span><span style=\"color: #ff0000;\">Czas realizacji wysy\u0142ki mi\u0119dzynarodowej wynosi 7-14 dni, natomiast rzeczywisty czas dostawy zale\u017cy od danej firmy kurierskiej.<\/span><\/strong><\/h5>\n<p><strong><span style=\"color: #ff0000; font-size: 19.2px;\"> <\/span><\/strong><\/p>\n","protected":false},"featured_media":69734,"template":"","meta":{"site-sidebar-layout":"default","site-content-layout":"default","ast-site-content-layout":"default","site-content-style":"default","site-sidebar-style":"default","ast-global-header-display":"","ast-banner-title-visibility":"","ast-main-header-display":"","ast-hfb-above-header-display":"","ast-hfb-below-header-display":"","ast-hfb-mobile-header-display":"","site-post-title":"","ast-breadcrumbs-content":"","ast-featured-img":"","footer-sml-layout":"","ast-disable-related-posts":"","theme-transparent-header-meta":"default","adv-header-id-meta":"","stick-header-meta":"default","header-above-stick-meta":"","header-main-stick-meta":"","header-below-stick-meta":"","astra-migrate-meta-layouts":"set","ast-page-background-enabled":"default","ast-page-background-meta":{"desktop":{"background-color":"var(--ast-global-color-5)","background-image":"","background-repeat":"repeat","background-position":"center center","background-size":"auto","background-attachment":"scroll","background-type":"","background-media":"","overlay-type":"","overlay-color":"","overlay-opacity":"","overlay-gradient":""},"tablet":{"background-color":"","background-image":"","background-repeat":"repeat","background-position":"center center","background-size":"auto","background-attachment":"scroll","background-type":"","background-media":"","overlay-type":"","overlay-color":"","overlay-opacity":"","overlay-gradient":""},"mobile":{"background-color":"","background-image":"","background-repeat":"repeat","background-position":"center center","background-size":"auto","background-attachment":"scroll","background-type":"","background-media":"","overlay-type":"","overlay-color":"","overlay-opacity":"","overlay-gradient":""}},"ast-content-background-meta":{"desktop":{"background-color":"var(--ast-global-color-4)","background-image":"","background-repeat":"repeat","background-position":"center center","background-size":"auto","background-attachment":"scroll","background-type":"","background-media":"","overlay-type":"","overlay-color":"","overlay-opacity":"","overlay-gradient":""},"tablet":{"background-color":"var(--ast-global-color-4)","background-image":"","background-repeat":"repeat","background-position":"center center","background-size":"auto","background-attachment":"scroll","background-type":"","background-media":"","overlay-type":"","overlay-color":"","overlay-opacity":"","overlay-gradient":""},"mobile":{"background-color":"var(--ast-global-color-4)","background-image":"","background-repeat":"repeat","background-position":"center center","background-size":"auto","background-attachment":"scroll","background-type":"","background-media":"","overlay-type":"","overlay-color":"","overlay-opacity":"","overlay-gradient":""}}},"product_brand":[],"product_cat":[3466,3560,3603,3602,3611,3599],"product_tag":[3908,3757,3756,10857],"class_list":{"0":"post-69733","1":"product","2":"type-product","3":"status-publish","4":"has-post-thumbnail","6":"product_cat-materialy-eksploatacyjne-do-metalografii","7":"product_cat-materialy-polerskie","8":"product_cat-monokrystaliczne","9":"product_cat-proszek","10":"product_cat-proszki-pasty-plyny-polerskie","11":"product_cat-proszki-pasty-zawiesiny-szlifierskie","12":"product_tag-metalografia","13":"product_tag-proszek-tlenku-glinu","14":"product_tag-tlenek-glinu","15":"product_tag-tlenek-glinu-do-polerowania-metalograficznego","16":"desktop-align-left","17":"tablet-align-left","18":"mobile-align-left","19":"ast-product-gallery-layout-horizontal-slider","20":"ast-product-gallery-with-no-image","21":"ast-product-single-variable","22":"ast-product-tabs-layout-horizontal","24":"first","25":"instock","26":"taxable","27":"shipping-taxable","28":"purchasable","29":"product-type-variable"},"_links":{"self":[{"href":"https:\/\/honwaygroup.com\/pl\/wp-json\/wp\/v2\/product\/69733","targetHints":{"allow":["GET"]}}],"collection":[{"href":"https:\/\/honwaygroup.com\/pl\/wp-json\/wp\/v2\/product"}],"about":[{"href":"https:\/\/honwaygroup.com\/pl\/wp-json\/wp\/v2\/types\/product"}],"version-history":[{"count":0,"href":"https:\/\/honwaygroup.com\/pl\/wp-json\/wp\/v2\/product\/69733\/revisions"}],"wp:featuredmedia":[{"embeddable":true,"href":"https:\/\/honwaygroup.com\/pl\/wp-json\/wp\/v2\/media\/69734"}],"wp:attachment":[{"href":"https:\/\/honwaygroup.com\/pl\/wp-json\/wp\/v2\/media?parent=69733"}],"wp:term":[{"taxonomy":"product_brand","embeddable":true,"href":"https:\/\/honwaygroup.com\/pl\/wp-json\/wp\/v2\/product_brand?post=69733"},{"taxonomy":"product_cat","embeddable":true,"href":"https:\/\/honwaygroup.com\/pl\/wp-json\/wp\/v2\/product_cat?post=69733"},{"taxonomy":"product_tag","embeddable":true,"href":"https:\/\/honwaygroup.com\/pl\/wp-json\/wp\/v2\/product_tag?post=69733"}],"curies":[{"name":"wp","href":"https:\/\/api.w.org\/{rel}","templated":true}]}}