{"id":69707,"date":"2024-11-29T16:36:32","date_gmt":"2024-11-29T08:36:32","guid":{"rendered":"https:\/\/honwaygroup.com\/?post_type=product&#038;p=69707"},"modified":"2025-05-13T17:23:01","modified_gmt":"2025-05-13T09:23:01","slug":"super-tlenek-glinu-do-polerowania-metalograficznego","status":"publish","type":"product","link":"https:\/\/honwaygroup.com\/pl\/produkt\/super-tlenek-glinu-do-polerowania-metalograficznego\/","title":{"rendered":"Super tlenek glinu do polerowania metalograficznego"},"content":{"rendered":"<h3>Super tlenek glinu do polerowania metalograficznego<\/h3>\n<p>Nasz super tlenek glinu wzbogacony jest o unikaln\u0105 formu\u0142\u0119, kt\u00f3ra zapewnia lepsze efekty polerowania w por\u00f3wnaniu do zwyk\u0142ego tlenku glinu.<\/p>\n<h2>Cechy produktu:<\/h2>\n<ul>\n<li>wzbogacony o unikaln\u0105 formu\u0142\u0119<\/li>\n<li>rozk\u0142ad wielko\u015bci cz\u0105steczek jest skoncentrowany, zwykle na poziomie nanometr\u00f3w<\/li>\n<li>regularny kszta\u0142t cz\u0105steczek<\/li>\n<li>lepszy efekt dypresji cz\u0105steczek kulistych<\/li>\n<li>zapewnia doskona\u0142e efekty polerowania, odpowiednie do r\u00f3\u017cnych rodzaj\u00f3w wymaga\u0144 dotycz\u0105cych polerowania powierzchni<\/li>\n<li>charakteryzuje si\u0119 dobr\u0105 odporno\u015bci\u0105 na \u015bcieranie, dzi\u0119ki czemu utrzymuje stabilno\u015b\u0107 efekt\u00f3w polerowania nawet przy wielokrotnym u\u017cyciu<\/li>\n<li>powierzchnie polerowane maj\u0105 lepszy wygl\u0105d, zmniejsza si\u0119 ich chropowato\u015b\u0107, co pozwala uzyska\u0107 bardziej l\u015bni\u0105cy i g\u0142adki efekt ko\u0144cowy<\/li>\n<\/ul>\n<h2>Zakres zastosowania:<\/h2>\n<ul>\n<li>stosowane razem z podk\u0142adkami metalograficznymi do polerowania<\/li>\n<li>przeznaczone do polerowania ko\u0144cowego r\u00f3\u017cnych metali, precyzyjnych form, szafir\u00f3w, stop\u00f3w aluminium, ceramiki i innych materia\u0142\u00f3w<\/li>\n<\/ul>\n<h2>Specyfikacja produktu:<\/h2>\n<div>\n<div>\n<div align=\"center\">\n<p><a href=\"https:\/\/honwaygroup.com\/wp-content\/uploads\/2024\/11\/\u8d85\u7d1a\u6c27\u5316\u92c1\u62cb\u5149\u7c89_\u5de5\u4f5c\u5340\u57df-1-\u8907\u672c-3-scaled.jpg\"><img fetchpriority=\"high\" decoding=\"async\" class=\"wp-image-62516 size-full\" src=\"https:\/\/honwaygroup.com\/wp-content\/uploads\/2024\/11\/\u8d85\u7d1a\u6c27\u5316\u92c1\u62cb\u5149\u7c89_\u5de5\u4f5c\u5340\u57df-1-\u8907\u672c-3-scaled.jpg\" alt=\"\u8d85\u7d1a\u6c27\u5316\u92c1\u62cb\u5149\u7c89\" width=\"2560\" height=\"1138\" \/><\/a><\/p>\n<\/div>\n<\/div>\n<div><span style=\"font-size: 1.7em; font-weight: bold;\">Zalety produktu:<\/span><\/div>\n<div>\n<table>\n<tbody>\n<tr>\n<td width=\"184\"><\/td>\n<td width=\"184\"><strong>Super tlenek glinu<\/strong><\/td>\n<td width=\"184\">Zwyk\u0142y tlenek glinu<\/td>\n<\/tr>\n<tr>\n<td width=\"184\">Klasa<\/td>\n<td width=\"184\"><strong>Do zastosowa\u0144 elektronicznych<\/strong><\/td>\n<td width=\"184\">Wysoka czysto\u015b\u0107<\/td>\n<\/tr>\n<tr>\n<td width=\"184\">Wydajno\u015b\u0107 szlifowania<\/td>\n<td width=\"184\">O co najmniej 30% wy\u017csza ni\u017c w przypadku tlenku glinu<\/td>\n<td width=\"184\">Doskona\u0142y efekt polerowania<\/td>\n<\/tr>\n<tr>\n<td width=\"184\">Rozk\u0142ad wielko\u015bci cz\u0105steczek<\/td>\n<td width=\"184\">Sferyczne cz\u0105stki, lepszy efekt dyspersji<\/td>\n<td width=\"184\">Stabilny efekt polerowania<\/td>\n<\/tr>\n<tr>\n<td width=\"184\">Stopie\u0144 koncentracji<\/td>\n<td width=\"184\">Lepsza koncentracja wielko\u015bci cz\u0105stek<\/td>\n<td width=\"184\">R\u00f3wnomierny rozk\u0142ad wielko\u015bci cz\u0105stek<\/td>\n<\/tr>\n<\/tbody>\n<\/table>\n<\/div>\n<\/div>\n<p><span style=\"font-size: 16px;\">Masz pytanie?\u00a0 <\/span><a style=\"font-size: 16px; background-color: #ffffff;\" href=\"https:\/\/honwaygroup.com\/pl\/skontaktuj-sie-z-nami\/\" target=\"_blank\" rel=\"nofollow noopener\">Skontaktuj si\u0119 z nami!<\/a><\/p>\n","protected":false},"excerpt":{"rendered":"<ul>\n<li>wzbogacony o unikaln\u0105 formu\u0142\u0119<\/li>\n<li>rozk\u0142ad wielko\u015bci cz\u0105steczek jest skoncentrowany, zwykle na poziomie nanometr\u00f3w<\/li>\n<li>regularny kszta\u0142t cz\u0105steczek<\/li>\n<li>lepszy efekt dypresji cz\u0105steczek kulistych<\/li>\n<li>zapewnia doskona\u0142e efekty polerowania, odpowiednie do r\u00f3\u017cnych rodzaj\u00f3w wymaga\u0144 dotycz\u0105cych polerowania powierzchni<\/li>\n<\/ul>\n<h5><span style=\"color: #ff0000;\"><strong>\u25b2Ceny produkt\u00f3w zawieraj\u0105 podatek (wy\u0142\u0105cznie na Tajwanie)<\/strong><\/span><\/h5>\n<h5><span style=\"color: #ff0000;\"><strong>\u25b2<\/strong><\/span><span style=\"color: #ff0000;\"><strong>Ceny produkt\u00f3w nie zawieraj\u0105 podatku VAT oraz op\u0142at celnych<\/strong><\/span><\/h5>\n<h5><strong><span style=\"color: #ff0000; font-size: 19.2px;\">\u25b2 <\/span><\/strong><strong><span style=\"color: #ff0000; font-size: 19.2px;\">Przy wi\u0119kszych zam\u00f3wieniach oferujemy rabaty, prosimy o kontakt z obs\u0142ug\u0105 klienta<\/span><\/strong><\/h5>\n<h5><strong><span style=\"color: #ff0000; font-size: 19.2px;\">\u25b2Czas realizacji wysy\u0142ki mi\u0119dzynarodowej (poza teren Tajwanu) wynosi 7-14 dni, natomiast rzeczywisty czas dostawy zale\u017cy od danej firmy kurierskiej<\/span><\/strong><\/h5>\n","protected":false},"featured_media":69708,"template":"","meta":{"site-sidebar-layout":"default","site-content-layout":"default","ast-site-content-layout":"default","site-content-style":"default","site-sidebar-style":"default","ast-global-header-display":"","ast-banner-title-visibility":"","ast-main-header-display":"","ast-hfb-above-header-display":"","ast-hfb-below-header-display":"","ast-hfb-mobile-header-display":"","site-post-title":"","ast-breadcrumbs-content":"","ast-featured-img":"","footer-sml-layout":"","ast-disable-related-posts":"","theme-transparent-header-meta":"default","adv-header-id-meta":"","stick-header-meta":"default","header-above-stick-meta":"","header-main-stick-meta":"","header-below-stick-meta":"","astra-migrate-meta-layouts":"set","ast-page-background-enabled":"default","ast-page-background-meta":{"desktop":{"background-color":"var(--ast-global-color-5)","background-image":"","background-repeat":"repeat","background-position":"center center","background-size":"auto","background-attachment":"scroll","background-type":"","background-media":"","overlay-type":"","overlay-color":"","overlay-opacity":"","overlay-gradient":""},"tablet":{"background-color":"","background-image":"","background-repeat":"repeat","background-position":"center center","background-size":"auto","background-attachment":"scroll","background-type":"","background-media":"","overlay-type":"","overlay-color":"","overlay-opacity":"","overlay-gradient":""},"mobile":{"background-color":"","background-image":"","background-repeat":"repeat","background-position":"center center","background-size":"auto","background-attachment":"scroll","background-type":"","background-media":"","overlay-type":"","overlay-color":"","overlay-opacity":"","overlay-gradient":""}},"ast-content-background-meta":{"desktop":{"background-color":"var(--ast-global-color-4)","background-image":"","background-repeat":"repeat","background-position":"center center","background-size":"auto","background-attachment":"scroll","background-type":"","background-media":"","overlay-type":"","overlay-color":"","overlay-opacity":"","overlay-gradient":""},"tablet":{"background-color":"var(--ast-global-color-4)","background-image":"","background-repeat":"repeat","background-position":"center center","background-size":"auto","background-attachment":"scroll","background-type":"","background-media":"","overlay-type":"","overlay-color":"","overlay-opacity":"","overlay-gradient":""},"mobile":{"background-color":"var(--ast-global-color-4)","background-image":"","background-repeat":"repeat","background-position":"center center","background-size":"auto","background-attachment":"scroll","background-type":"","background-media":"","overlay-type":"","overlay-color":"","overlay-opacity":"","overlay-gradient":""}}},"product_brand":[],"product_cat":[3466,3560,3603,3602,3611,3599],"product_tag":[3908,3757],"class_list":{"0":"post-69707","1":"product","2":"type-product","3":"status-publish","4":"has-post-thumbnail","6":"product_cat-materialy-eksploatacyjne-do-metalografii","7":"product_cat-materialy-polerskie","8":"product_cat-monokrystaliczne","9":"product_cat-proszek","10":"product_cat-proszki-pasty-plyny-polerskie","11":"product_cat-proszki-pasty-zawiesiny-szlifierskie","12":"product_tag-metalografia","13":"product_tag-proszek-tlenku-glinu","14":"desktop-align-left","15":"tablet-align-left","16":"mobile-align-left","17":"ast-product-gallery-layout-horizontal-slider","18":"ast-product-gallery-with-no-image","19":"ast-product-single-variable","20":"ast-product-tabs-layout-horizontal","22":"first","23":"instock","24":"taxable","25":"shipping-taxable","26":"purchasable","27":"product-type-variable"},"_links":{"self":[{"href":"https:\/\/honwaygroup.com\/pl\/wp-json\/wp\/v2\/product\/69707","targetHints":{"allow":["GET"]}}],"collection":[{"href":"https:\/\/honwaygroup.com\/pl\/wp-json\/wp\/v2\/product"}],"about":[{"href":"https:\/\/honwaygroup.com\/pl\/wp-json\/wp\/v2\/types\/product"}],"version-history":[{"count":0,"href":"https:\/\/honwaygroup.com\/pl\/wp-json\/wp\/v2\/product\/69707\/revisions"}],"wp:featuredmedia":[{"embeddable":true,"href":"https:\/\/honwaygroup.com\/pl\/wp-json\/wp\/v2\/media\/69708"}],"wp:attachment":[{"href":"https:\/\/honwaygroup.com\/pl\/wp-json\/wp\/v2\/media?parent=69707"}],"wp:term":[{"taxonomy":"product_brand","embeddable":true,"href":"https:\/\/honwaygroup.com\/pl\/wp-json\/wp\/v2\/product_brand?post=69707"},{"taxonomy":"product_cat","embeddable":true,"href":"https:\/\/honwaygroup.com\/pl\/wp-json\/wp\/v2\/product_cat?post=69707"},{"taxonomy":"product_tag","embeddable":true,"href":"https:\/\/honwaygroup.com\/pl\/wp-json\/wp\/v2\/product_tag?post=69707"}],"curies":[{"name":"wp","href":"https:\/\/api.w.org\/{rel}","templated":true}]}}