{"id":69664,"date":"2024-11-29T17:47:03","date_gmt":"2024-11-29T09:47:03","guid":{"rendered":"https:\/\/honwaygroup.com\/?post_type=product&#038;p=69664"},"modified":"2025-05-13T16:06:25","modified_gmt":"2025-05-13T08:06:25","slug":"pasta-diamentowa-metalograficzna","status":"publish","type":"product","link":"https:\/\/honwaygroup.com\/pl\/produkt\/pasta-diamentowa-metalograficzna\/","title":{"rendered":"Pasta diamentowa metalograficzna"},"content":{"rendered":"<h3>Pasta diamentowa metalograficzna<\/h3>\n<p>Diamentowa pasta metalograficzna to specjalistyczny materia\u0142 \u015bcierny przeznaczony do polerowania pr\u00f3bek metalograficznych.<\/p>\n<p><strong>\u203bStandardowa specyfikacja to pasta rozpuszczalna w oleju. W przypadku potrzeby pasty rozpuszczalnej w wodzie prosimy o wskazanie tej informacji przy sk\u0142adaniu zam\u00f3wienia.<\/strong><\/p>\n<h2>Cechy produktu:<\/h2>\n<ul>\n<li>wysoki stopie\u0144 twardo\u015bci i doskona\u0142a zdolno\u015b\u0107 ci\u0119cia<\/li>\n<li>rozk\u0142ad wielko\u015bci cz\u0105steczek jest r\u00f3wnomierny, dost\u0119pne s\u0105 r\u00f3\u017cne opcje od gruboziarnistych do drobnoziarnistych, odpowiednie do r\u00f3\u017cnych etap\u00f3w polerowania<\/li>\n<li>zapewnia wyj\u0105tkow\u0105 g\u0142adko\u015b\u0107 powierzchni<\/li>\n<\/ul>\n<h2>Zakres zastosowania:<\/h2>\n<ul>\n<li>stosowane razem z podk\u0142adkami metalograficznymi do polerowania<\/li>\n<li>mo\u017ce by\u0107 u\u017cywane na materia\u0142ach takich jak bi\u017cuteria, kamienie szlachetne, stal i metale twarde, aluminium, cynk, materia\u0142y metalurgiczne itp.<\/li>\n<li>nie zaleca si\u0119 stosowania na powierzchniach pokrytych pow\u0142ok\u0105 lub farb\u0105<\/li>\n<\/ul>\n<h2>Specyfikacja ziarnisto\u015bci pasty diamentowej:<\/h2>\n<p><strong>\u203b Mo\u017cliwo\u015b\u0107 dostosowania innych specyfikacji \u2013 prosimy o kontakt z obs\u0142ug\u0105 klienta lub dzia\u0142em sprzeda\u017cy.<\/strong><\/p>\n<figure id=\"attachment_62559\" aria-describedby=\"caption-attachment-62559\" style=\"width: 2560px\" class=\"wp-caption alignnone\"><a href=\"https:\/\/honwaygroup.com\/wp-content\/uploads\/2024\/11\/\u947d\u77f3\u62cb\u5149\u818f\u898f\u683c\u8868_\u5de5\u4f5c\u5340\u57df-1-\u8907\u672c-scaled.jpg\"><img fetchpriority=\"high\" decoding=\"async\" class=\"wp-image-62559 size-full\" src=\"https:\/\/honwaygroup.com\/wp-content\/uploads\/2024\/11\/\u947d\u77f3\u62cb\u5149\u818f\u898f\u683c\u8868_\u5de5\u4f5c\u5340\u57df-1-\u8907\u672c-scaled.jpg\" alt=\"\u947d\u77f3\u62cb\u5149\u818f\u898f\u683c\u8868\" width=\"2560\" height=\"1543\" \/><\/a><figcaption id=\"caption-attachment-62559\" class=\"wp-caption-text\">Specyfikacja pasty diamentowej do polerowania<\/figcaption><\/figure>\n<p><span style=\"font-size: 16px;\">Masz pytanie?\u00a0 <\/span><a style=\"font-size: 16px; background-color: #ffffff;\" href=\"https:\/\/honwaygroup.com\/pl\/skontaktuj-sie-z-nami\/\" target=\"_blank\" rel=\"nofollow noopener\">Skontaktuj si\u0119 z nami!<\/a><\/p>\n","protected":false},"excerpt":{"rendered":"<p><strong>\u203bStandardowa specyfikacja to pasta rozpuszczalna w oleju. W przypadku potrzeby pasty rozpuszczalnej w wodzie prosimy o wskazanie tej informacji przy sk\u0142adaniu zam\u00f3wienia.<\/strong><\/p>\n<ul>\n<li>wysoki stopie\u0144 twardo\u015bci i doskona\u0142a zdolno\u015b\u0107 ci\u0119cia<\/li>\n<li>rozk\u0142ad wielko\u015bci cz\u0105steczek jest r\u00f3wnomierny, dost\u0119pne s\u0105 r\u00f3\u017cne opcje od gruboziarnistych do drobnoziarnistych, odpowiednie do r\u00f3\u017cnych etap\u00f3w polerowania<\/li>\n<li>zapewnia wyj\u0105tkow\u0105 g\u0142adko\u015b\u0107 powierzchni<\/li>\n<li>mo\u017ce by\u0107 u\u017cywane na materia\u0142ach takich jak bi\u017cuteria, kamienie szlachetne, stal i metale twarde, aluminium, cynk, materia\u0142y metalurgiczne itp.<\/li>\n<li>nie zaleca si\u0119 stosowania na powierzchniach pokrytych pow\u0142ok\u0105 lub farb\u0105<\/li>\n<\/ul>\n<h5><span style=\"color: #ff0000;\"><strong>\u25b2Ceny produkt\u00f3w zawieraj\u0105 podatek (wy\u0142\u0105cznie na Tajwanie)<\/strong><\/span><\/h5>\n<h5><span style=\"color: #ff0000;\"><strong>\u25b2<\/strong><\/span><span style=\"color: #ff0000;\"><strong>Ceny produkt\u00f3w nie zawieraj\u0105 podatku VAT oraz op\u0142at celnych<\/strong><\/span><\/h5>\n<h5><strong><span style=\"color: #ff0000; font-size: 19.2px;\">\u25b2<\/span><\/strong><strong><span style=\"color: #ff0000; font-size: 19.2px;\">Mo\u017cliwo\u015b\u0107 dostosowania specyfikacji \u2013 prosimy o kontakt z obs\u0142ug\u0105 klienta<\/span><\/strong><\/h5>\n<h5><strong><span style=\"color: #ff0000; font-size: 19.2px;\">\u25b2Przy wi\u0119kszych zam\u00f3wieniach oferujemy rabaty, prosimy o kontakt z obs\u0142ug\u0105 klienta<\/span><\/strong><\/h5>\n<h5><strong><span style=\"color: #ff0000; font-size: 19.2px;\">\u25b2Czas realizacji wysy\u0142ki mi\u0119dzynarodowej (poza teren Tajwanu) wynosi 7-14 dni, natomiast rzeczywisty czas dostawy zale\u017cy od danej firmy kurierskiej<\/span><\/strong><\/h5>\n<h5><strong><span style=\"color: #ff0000; font-size: 19.2px;\">\u00a0<\/span><\/strong><\/h5>\n","protected":false},"featured_media":69665,"template":"","meta":{"site-sidebar-layout":"default","site-content-layout":"default","ast-site-content-layout":"default","site-content-style":"default","site-sidebar-style":"default","ast-global-header-display":"","ast-banner-title-visibility":"","ast-main-header-display":"","ast-hfb-above-header-display":"","ast-hfb-below-header-display":"","ast-hfb-mobile-header-display":"","site-post-title":"","ast-breadcrumbs-content":"","ast-featured-img":"","footer-sml-layout":"","ast-disable-related-posts":"","theme-transparent-header-meta":"default","adv-header-id-meta":"","stick-header-meta":"default","header-above-stick-meta":"","header-main-stick-meta":"","header-below-stick-meta":"","astra-migrate-meta-layouts":"set","ast-page-background-enabled":"default","ast-page-background-meta":{"desktop":{"background-color":"var(--ast-global-color-5)","background-image":"","background-repeat":"repeat","background-position":"center center","background-size":"auto","background-attachment":"scroll","background-type":"","background-media":"","overlay-type":"","overlay-color":"","overlay-opacity":"","overlay-gradient":""},"tablet":{"background-color":"","background-image":"","background-repeat":"repeat","background-position":"center center","background-size":"auto","background-attachment":"scroll","background-type":"","background-media":"","overlay-type":"","overlay-color":"","overlay-opacity":"","overlay-gradient":""},"mobile":{"background-color":"","background-image":"","background-repeat":"repeat","background-position":"center center","background-size":"auto","background-attachment":"scroll","background-type":"","background-media":"","overlay-type":"","overlay-color":"","overlay-opacity":"","overlay-gradient":""}},"ast-content-background-meta":{"desktop":{"background-color":"var(--ast-global-color-4)","background-image":"","background-repeat":"repeat","background-position":"center center","background-size":"auto","background-attachment":"scroll","background-type":"","background-media":"","overlay-type":"","overlay-color":"","overlay-opacity":"","overlay-gradient":""},"tablet":{"background-color":"var(--ast-global-color-4)","background-image":"","background-repeat":"repeat","background-position":"center center","background-size":"auto","background-attachment":"scroll","background-type":"","background-media":"","overlay-type":"","overlay-color":"","overlay-opacity":"","overlay-gradient":""},"mobile":{"background-color":"var(--ast-global-color-4)","background-image":"","background-repeat":"repeat","background-position":"center center","background-size":"auto","background-attachment":"scroll","background-type":"","background-media":"","overlay-type":"","overlay-color":"","overlay-opacity":"","overlay-gradient":""}}},"product_brand":[],"product_cat":[3606,3466,3560,3609,3508,3611,3599],"product_tag":[3908,3916],"class_list":{"0":"post-69664","1":"product","2":"type-product","3":"status-publish","4":"has-post-thumbnail","6":"product_cat-pasta-szlifierska","7":"product_cat-materialy-eksploatacyjne-do-metalografii","8":"product_cat-materialy-polerskie","9":"product_cat-materialy-supertwarde","10":"product_cat-pasty","11":"product_cat-proszki-pasty-plyny-polerskie","12":"product_cat-proszki-pasty-zawiesiny-szlifierskie","13":"product_tag-metalografia","14":"product_tag-pasta-diamentowa-do-metalografii","15":"desktop-align-left","16":"tablet-align-left","17":"mobile-align-left","18":"ast-product-gallery-layout-horizontal-slider","19":"ast-product-gallery-with-no-image","20":"ast-product-single-variable","21":"ast-product-tabs-layout-horizontal","23":"first","24":"instock","25":"taxable","26":"shipping-taxable","27":"purchasable","28":"product-type-variable"},"_links":{"self":[{"href":"https:\/\/honwaygroup.com\/pl\/wp-json\/wp\/v2\/product\/69664","targetHints":{"allow":["GET"]}}],"collection":[{"href":"https:\/\/honwaygroup.com\/pl\/wp-json\/wp\/v2\/product"}],"about":[{"href":"https:\/\/honwaygroup.com\/pl\/wp-json\/wp\/v2\/types\/product"}],"version-history":[{"count":0,"href":"https:\/\/honwaygroup.com\/pl\/wp-json\/wp\/v2\/product\/69664\/revisions"}],"wp:featuredmedia":[{"embeddable":true,"href":"https:\/\/honwaygroup.com\/pl\/wp-json\/wp\/v2\/media\/69665"}],"wp:attachment":[{"href":"https:\/\/honwaygroup.com\/pl\/wp-json\/wp\/v2\/media?parent=69664"}],"wp:term":[{"taxonomy":"product_brand","embeddable":true,"href":"https:\/\/honwaygroup.com\/pl\/wp-json\/wp\/v2\/product_brand?post=69664"},{"taxonomy":"product_cat","embeddable":true,"href":"https:\/\/honwaygroup.com\/pl\/wp-json\/wp\/v2\/product_cat?post=69664"},{"taxonomy":"product_tag","embeddable":true,"href":"https:\/\/honwaygroup.com\/pl\/wp-json\/wp\/v2\/product_tag?post=69664"}],"curies":[{"name":"wp","href":"https:\/\/api.w.org\/{rel}","templated":true}]}}