{"id":69655,"date":"2024-12-30T11:47:53","date_gmt":"2024-12-30T03:47:53","guid":{"rendered":"https:\/\/honwaygroup.com\/?post_type=product&#038;p=69655"},"modified":"2025-02-24T15:55:34","modified_gmt":"2025-02-24T07:55:34","slug":"zawiesina-nanodiamentowa-do-polerowania-ostatnie-sztuki","status":"publish","type":"product","link":"https:\/\/honwaygroup.com\/pl\/produkt\/zawiesina-nanodiamentowa-do-polerowania-ostatnie-sztuki\/","title":{"rendered":"Zawiesina nanodiamentowa do polerowania (ostatnie sztuki)"},"content":{"rendered":"<h2>Zawiesina nanodiamentowa do polerowania w metalografii<\/h2>\n<p>&nbsp;<\/p>\n<p>Nanodiamentowy mikroproszek w kulkach jest syntetyzowany w mgnieniu oka w warunkach ekstremalnie wysokiego ci\u015bnienia oraz temperatury, tworz\u0105c polikrystaliczny diament. Rozmiar mikrokryszta\u0142k\u00f3w to zaledwie 3-10 nanometr\u00f3w. Struktura polikrystalicznych cz\u0105steczek powstaje poprzez nienasycone wi\u0105zania, co nadaje im doskona\u0142\u0105 twardo\u015b\u0107.<\/p>\n<p>Ten nanodiamentowy mikroproszek w kulkach r\u00f3\u017cni si\u0119 od tradycyjnego monokrystalicznego proszku diamentowego. Jego struktura jest bardzo podobna do naturalnego karbonado, co zapewnia wyj\u0105tkowe w\u0142a\u015bciwo\u015bci szlifowania i polerowania.<\/p>\n<h2>Cechy produktu:<\/h2>\n<ul>\n<li>kulisty nanodiament charakteryzuje si\u0119 wyj\u0105tkowymi w\u0142a\u015bciwo\u015bciami<\/li>\n<li>w procesie szlifowania i polerowania nie dochodzi do kruchego p\u0119kania, co sprawia, \u017ce nie rysuje powierzchni obrabianych materia\u0142\u00f3w<\/li>\n<li>d\u0142u\u017csza \u017cywotno\u015b\u0107<\/li>\n<li>podczas szlifowania zachodzi proces uwalniania si\u0119 nanokrystalit\u00f3w<\/li>\n<li>cz\u0105steczki \u015bcierniwa wykazuj\u0105 w\u0142a\u015bciwo\u015bci samoostrz\u0105ce<\/li>\n<\/ul>\n<h2>Zakres zastosowania:<\/h2>\n<ul>\n<li>stosowane razem z podk\u0142adkami metalograficznymi do polerowania<\/li>\n<li>przeznaczone do polerowania powierzchni na poziomie nanometr\u00f3w oraz poni\u017cej nanometr\u00f3w (ang. angstrom) w takich materia\u0142ach jak wafle krzemowe, superprecyzyjne formy, kamienie szlachetne, ceramika oraz stopy metali<\/li>\n<\/ul>\n<div class=\"mceTemp\"><\/div>\n<p><span style=\"font-size: 16px;\">Masz pytanie?\u00a0 <\/span><a style=\"font-size: 16px; background-color: #ffffff;\" href=\"https:\/\/honwaygroup.com\/pl\/skontaktuj-sie-z-nami\/\" target=\"_blank\" rel=\"nofollow noopener\">Skontaktuj si\u0119 z nami!<\/a><\/p>\n","protected":false},"excerpt":{"rendered":"<p>\u2022 stosowane razem z podk\u0142adkami metalograficznymi do polerowania \u2022 kulisty nanodiament charakteryzuje si\u0119 wyj\u0105tkowymi w\u0142a\u015bciwo\u015bciami \u2022 w procesie szlifowania i polerowania nie dochodzi do kruchego p\u0119kania, co sprawia, \u017ce nie rysuje powierzchni obrabianych materia\u0142\u00f3w \u2022 d\u0142u\u017csza \u017cywotno\u015b\u0107 \u2022 podczas szlifowania zachodzi proces uwalniania si\u0119 nanokrystalit\u00f3w \u2022 cz\u0105steczki \u015bcierniwa wykazuj\u0105 w\u0142a\u015bciwo\u015bci samoostrz\u0105ce<\/p>\n<h5><span style=\"color: #ff0000;\"><strong>\u25b2Ceny produkt\u00f3w zawieraj\u0105 podatek (wy\u0142\u0105cznie na Tajwanie)<\/strong><\/span><\/h5>\n<h5><span style=\"color: #ff0000;\"><strong>\u25b2<\/strong><\/span><span style=\"color: #ff0000;\"><strong>Ceny produkt\u00f3w nie zawieraj\u0105 podatku VAT oraz op\u0142at celnych<\/strong><\/span><\/h5>\n<h5><strong><span style=\"color: #ff0000; font-size: 19.2px;\">\u25b2 Ostatnie sztuki: ilo\u015b\u0107 ograniczona \u2013 sprzeda\u017c do wyczerpania zapas\u00f3w<\/span><\/strong><\/h5>\n<h5><strong><span style=\"color: #ff0000; font-size: 19.2px;\">\u25b2Czas realizacji wysy\u0142ki mi\u0119dzynarodowej (poza teren Tajwanu) wynosi 7-14 dni, natomiast rzeczywisty czas dostawy zale\u017cy od danej firmy kurierskiej.\u00a0<\/span><\/strong><\/h5>\n","protected":false},"featured_media":69657,"template":"","meta":{"site-sidebar-layout":"default","site-content-layout":"default","ast-site-content-layout":"default","site-content-style":"default","site-sidebar-style":"default","ast-global-header-display":"","ast-banner-title-visibility":"","ast-main-header-display":"","ast-hfb-above-header-display":"","ast-hfb-below-header-display":"","ast-hfb-mobile-header-display":"","site-post-title":"","ast-breadcrumbs-content":"","ast-featured-img":"","footer-sml-layout":"","ast-disable-related-posts":"","theme-transparent-header-meta":"default","adv-header-id-meta":"","stick-header-meta":"default","header-above-stick-meta":"","header-main-stick-meta":"","header-below-stick-meta":"","astra-migrate-meta-layouts":"set","ast-page-background-enabled":"default","ast-page-background-meta":{"desktop":{"background-color":"var(--ast-global-color-5)","background-image":"","background-repeat":"repeat","background-position":"center center","background-size":"auto","background-attachment":"scroll","background-type":"","background-media":"","overlay-type":"","overlay-color":"","overlay-opacity":"","overlay-gradient":""},"tablet":{"background-color":"","background-image":"","background-repeat":"repeat","background-position":"center center","background-size":"auto","background-attachment":"scroll","background-type":"","background-media":"","overlay-type":"","overlay-color":"","overlay-opacity":"","overlay-gradient":""},"mobile":{"background-color":"","background-image":"","background-repeat":"repeat","background-position":"center center","background-size":"auto","background-attachment":"scroll","background-type":"","background-media":"","overlay-type":"","overlay-color":"","overlay-opacity":"","overlay-gradient":""}},"ast-content-background-meta":{"desktop":{"background-color":"var(--ast-global-color-4)","background-image":"","background-repeat":"repeat","background-position":"center center","background-size":"auto","background-attachment":"scroll","background-type":"","background-media":"","overlay-type":"","overlay-color":"","overlay-opacity":"","overlay-gradient":""},"tablet":{"background-color":"var(--ast-global-color-4)","background-image":"","background-repeat":"repeat","background-position":"center center","background-size":"auto","background-attachment":"scroll","background-type":"","background-media":"","overlay-type":"","overlay-color":"","overlay-opacity":"","overlay-gradient":""},"mobile":{"background-color":"var(--ast-global-color-4)","background-image":"","background-repeat":"repeat","background-position":"center center","background-size":"auto","background-attachment":"scroll","background-type":"","background-media":"","overlay-type":"","overlay-color":"","overlay-opacity":"","overlay-gradient":""}}},"product_brand":[],"product_cat":[3490,3487,3484,3486,3609,3491,3485,3506,3600,3504,3488,3489],"product_tag":[3908,3910,3912,3909],"class_list":{"0":"post-69655","1":"product","2":"type-product","3":"status-publish","4":"has-post-thumbnail","6":"product_cat-ceramika","7":"product_cat-do-tworzyw-sztucznych-i-materialow-niemetalowych","8":"product_cat-inne","9":"product_cat-materialy-do-obrobki","10":"product_cat-materialy-supertwarde","11":"product_cat-metale-bezniklowe","12":"product_cat-ostatnie-sztuki","13":"product_cat-ciecz","14":"product_cat-plyny-polerskie","15":"product_cat-postac-surowca","16":"product_cat-weglik-wolframu","17":"product_cat-zelazonikiel","18":"product_tag-metalografia","19":"product_tag-plyny-do-polerowanie-metalograficznego","20":"product_tag-plyny-do-szlifowania-metalograficznego","21":"product_tag-polerowanie-metalograficzne","22":"desktop-align-left","23":"tablet-align-left","24":"mobile-align-left","25":"ast-product-gallery-layout-horizontal-slider","26":"ast-product-single-variable","27":"ast-product-tabs-layout-horizontal","29":"first","30":"outofstock","31":"taxable","32":"shipping-taxable","33":"purchasable","34":"product-type-variable"},"_links":{"self":[{"href":"https:\/\/honwaygroup.com\/pl\/wp-json\/wp\/v2\/product\/69655","targetHints":{"allow":["GET"]}}],"collection":[{"href":"https:\/\/honwaygroup.com\/pl\/wp-json\/wp\/v2\/product"}],"about":[{"href":"https:\/\/honwaygroup.com\/pl\/wp-json\/wp\/v2\/types\/product"}],"version-history":[{"count":0,"href":"https:\/\/honwaygroup.com\/pl\/wp-json\/wp\/v2\/product\/69655\/revisions"}],"wp:featuredmedia":[{"embeddable":true,"href":"https:\/\/honwaygroup.com\/pl\/wp-json\/wp\/v2\/media\/69657"}],"wp:attachment":[{"href":"https:\/\/honwaygroup.com\/pl\/wp-json\/wp\/v2\/media?parent=69655"}],"wp:term":[{"taxonomy":"product_brand","embeddable":true,"href":"https:\/\/honwaygroup.com\/pl\/wp-json\/wp\/v2\/product_brand?post=69655"},{"taxonomy":"product_cat","embeddable":true,"href":"https:\/\/honwaygroup.com\/pl\/wp-json\/wp\/v2\/product_cat?post=69655"},{"taxonomy":"product_tag","embeddable":true,"href":"https:\/\/honwaygroup.com\/pl\/wp-json\/wp\/v2\/product_tag?post=69655"}],"curies":[{"name":"wp","href":"https:\/\/api.w.org\/{rel}","templated":true}]}}