{"id":69639,"date":"2025-02-03T18:02:20","date_gmt":"2025-02-03T10:02:20","guid":{"rendered":"https:\/\/honwaygroup.com\/product\/nowe-produkty-dostepne-w-ograniczonej-ilosci-tarcze-diamentowe-galwanizowane-jednostronne-sciernice-skosne-szlifowanie-wiertel-szlifowanie-weglikow-spiekanych\/"},"modified":"2025-02-24T15:46:02","modified_gmt":"2025-02-24T07:46:02","slug":"nowe-produkty-dostepne-w-ograniczonej-ilosci-tarcze-diamentowe-galwanizowane-jednostronne-sciernice-skosne-szlifowanie-wiertel-szlifowanie-weglikow-spiekanych","status":"publish","type":"product","link":"https:\/\/honwaygroup.com\/pl\/produkt\/nowe-produkty-dostepne-w-ograniczonej-ilosci-tarcze-diamentowe-galwanizowane-jednostronne-sciernice-skosne-szlifowanie-wiertel-szlifowanie-weglikow-spiekanych\/","title":{"rendered":"Nowe produkty dost\u0119pne w ograniczonej ilo\u015bci | tarcze diamentowe galwanizowane, jednostronne \u015bciernice sko\u015bne, szlifowanie wierte\u0142, szlifowanie w\u0119glik\u00f3w spiekanych"},"content":{"rendered":"<h1>Tarcza diamentowa galwanizowana<\/h1>\n<ul>\n<li>W por\u00f3wnaniu z innymi rodzajami tarcz \u0142\u0105czonych, galwanizowane tarcze diamentowe charakteryzuj\u0105 si\u0119 wy\u017csz\u0105 koncentracj\u0105 \u015bcierniwa oraz wi\u0119ksz\u0105 ilo\u015bci\u0105 wystaj\u0105cego \u015bcierniwa, co zapewnia wyj\u0105tkow\u0105 ostro\u015b\u0107 i wysok\u0105 wydajno\u015b\u0107 szlifowania.<\/li>\n<li>Brak ogranicze\u0144 zwi\u0105zanych z formami pozwala na produkcj\u0119 tarcz w r\u00f3\u017cnych kszta\u0142tach, a wymiary zewn\u0119trzne tarczy prawie si\u0119 nie zmieniaj\u0105, co sprawia, \u017ce s\u0105 one idealne do szlifowania form.<\/li>\n<\/ul>\n<h2>Zastosowanie<\/h2>\n<ul>\n<li>Szlifowanie uchwyt\u00f3w: Najcz\u0119\u015bciej stosowane w precyzyjnej obr\u00f3bce ceramiki i kwarcu, mog\u0105 by\u0107 dostosowane do r\u00f3\u017cnych wymaga\u0144, oferuj\u0105c produkty na zam\u00f3wienie. Najcz\u0119\u015bciej u\u017cywane ziarno to od #80 do #325, co zaspokaja potrzeby zar\u00f3wno w zakresie obr\u00f3bki wst\u0119pnej, jak i wyko\u0144czeniowej.<\/li>\n<li>Obr\u00f3bka szk\u0142a dotykowego: Wiercenie i fazowanie szklanych paneli smartfon\u00f3w i tablet\u00f3w, mo\u017cliwo\u015b\u0107 \u0142\u0105czenia r\u00f3\u017cnych gradacji na tym samym elektroformowanym pr\u0119cie szlifierskim w celu zwi\u0119kszenia efektywno\u015bci pracy.<\/li>\n<li>Szlifowanie narz\u0119dzi: Frezy i wiert\u0142a s\u0105 szlifowane przy u\u017cyciu elektroformowanych tarcz diamentowych. W\u0119glik spiekany mo\u017cna szlifowa\u0107 diamentem, a stal szybkotn\u0105ca (HSS) mo\u017cna szlifowa\u0107 przy u\u017cyciu \u015bcierniwa CBN.<\/li>\n<li>Szlifowanie formuj\u0105ce: Metoda galwanizowania pozwala na tworzenie dowolnych kszta\u0142t\u00f3w, z minimaln\u0105 deformacj\u0105, co sprawia, \u017ce jest idealna do szlifowania formuj\u0105cego. Mo\u017ce by\u0107 tak\u017ce u\u017cywana do produkcji klock\u00f3w do regeneracji tarcz \u015bciernych z tlenku glinu.<\/li>\n<li>Idealne do szlifowania narz\u0119dzi z w<a href=\"https:\/\/baike.baidu.hk\/item\/%E9%8E%A2%E9%8B%BC\/10978626\" rel=\"nofollow noopener\" target=\"_blank\">\u0119glika spiekanego<\/a>, przeznaczone do obr\u00f3bki form.<\/li>\n<\/ul>\n<h2><\/h2>\n<h2>Specyfikacja produktu<\/h2>\n<p>\u203bZaznaczone na rysunku kropki to miejsca, w kt\u00f3rych przymocowany jest materia\u0142 \u015bcierny.<\/p>\n<p>&nbsp;<\/p>\n<figure id=\"attachment_67834\" aria-describedby=\"caption-attachment-67834\" style=\"width: 1200px\" class=\"wp-caption alignnone\"><a href=\"https:\/\/honwaygroup.com\/wp-content\/uploads\/2025\/02\/%E5%B7%A5%E4%BD%9C%E5%8D%80%E5%9F%9F-3.webp\"><img fetchpriority=\"high\" decoding=\"async\" class=\"size-full wp-image-67830\" src=\"https:\/\/honwaygroup.com\/wp-content\/uploads\/2025\/02\/%E5%B7%A5%E4%BD%9C%E5%8D%80%E5%9F%9F-3.webp\" alt=\"Diagram specyfikacji tarczy diamentowej\" width=\"1200\" height=\"1200\" \/><\/a><figcaption id=\"caption-attachment-67834\" class=\"wp-caption-text\"><span style=\"font-size: 16px;\">Parametry techniczne : 1V1_78D-10T-3W-60V-12.7H<\/span><\/figcaption><\/figure>\n<p>Ziarnisto\u015b\u0107\uff1a200#<\/p>\n<p>Jednostka : mm<\/p>\n<p><span style=\"font-size: 16px;\">Masz pytanie? <\/span><a style=\"font-size: 16px; background-color: #ffffff;\" href=\"https:\/\/honwaygroup.com\/pl\/skontaktuj-sie-z-nami\/\" target=\"_blank\" rel=\"nofollow noopener\">Skontaktuj si\u0119 z nami!<\/a><\/p>\n","protected":false},"excerpt":{"rendered":"<ul>\n<li>W por\u00f3wnaniu z innymi rodzajami tarcz \u0142\u0105czonych, galwanizowane tarcze diamentowe charakteryzuj\u0105 si\u0119 wy\u017csz\u0105 koncentracj\u0105 \u015bcierniwa oraz wi\u0119ksz\u0105 ilo\u015bci\u0105 wystaj\u0105cego \u015bcierniwa, co zapewnia wyj\u0105tkow\u0105 ostro\u015b\u0107 i wysok\u0105 wydajno\u015b\u0107 szlifowania.<\/li>\n<li>Brak ogranicze\u0144 zwi\u0105zanych z formami pozwala na produkcj\u0119 tarcz w r\u00f3\u017cnych kszta\u0142tach, a wymiary zewn\u0119trzne tarczy prawie si\u0119 nie zmieniaj\u0105, co sprawia, \u017ce s\u0105 one idealne do szlifowania form.<\/li>\n<\/ul>\n<p>Zastosowanie<\/p>\n<ul>\n<li>Szlifowanie uchwyt\u00f3w: Najcz\u0119\u015bciej stosowane w precyzyjnej obr\u00f3bce ceramiki i kwarcu, mog\u0105 by\u0107 dostosowane do r\u00f3\u017cnych wymaga\u0144, oferuj\u0105c produkty na zam\u00f3wienie. Najcz\u0119\u015bciej u\u017cywane ziarno to od #80 do #325, co zaspokaja potrzeby zar\u00f3wno w zakresie obr\u00f3bki wst\u0119pnej, jak i wyko\u0144czeniowej.<\/li>\n<li>Obr\u00f3bka szk\u0142a dotykowego: Wiercenie i fazowanie szklanych paneli smartfon\u00f3w i tablet\u00f3w, mo\u017cliwo\u015b\u0107 \u0142\u0105czenia r\u00f3\u017cnych gradacji na tym samym elektroformowanym pr\u0119cie szlifierskim w celu zwi\u0119kszenia efektywno\u015bci pracy.<\/li>\n<li>Szlifowanie narz\u0119dzi: Frezy i wiert\u0142a s\u0105 szlifowane przy u\u017cyciu elektroformowanych tarcz diamentowych. W\u0119glik spiekany mo\u017cna szlifowa\u0107 diamentem, a stal szybkotn\u0105ca (HSS) mo\u017cna szlifowa\u0107 przy u\u017cyciu \u015bcierniwa CBN.<\/li>\n<li>Szlifowanie formuj\u0105ce: Metoda galwanizowania pozwala na tworzenie dowolnych kszta\u0142t\u00f3w, z minimaln\u0105 deformacj\u0105, co sprawia, \u017ce jest idealna do szlifowania formuj\u0105cego. Mo\u017ce by\u0107 tak\u017ce u\u017cywana do produkcji klock\u00f3w do regeneracji tarcz \u015bciernych z tlenku glinu.<\/li>\n<li>Idealne do szlifowania narz\u0119dzi z <a href=\"https:\/\/baike.baidu.hk\/item\/%E9%8E%A2%E9%8B%BC\/10978626\">w\u0119glika spiekanego<\/a>, przeznaczone do obr\u00f3bki form.<\/li>\n<\/ul>\n<h5><span style=\"color: #ff0000;\"><strong>\u25b2Ceny produkt\u00f3w zawieraj\u0105 podatek (wy\u0142\u0105cznie na Tajwanie)<\/strong><\/span><\/h5>\n<h5><span style=\"color: #ff0000;\"><strong>\u25b2<\/strong><strong>Ceny produkt\u00f3w nie zawieraj\u0105 podatku VAT oraz op\u0142at celnych<\/strong><\/span><\/h5>\n<h5><span style=\"color: #ff0000;\"><b>\u25b2 W przypadku zapotrzebowania na niestandardowe rozmiary prosimy o kontakt z obs\u0142ug\u0105 klienta. W celu uzyskania informacji o czas realizacji takiego zam\u00f3wienia r\u00f3wnie\u017c prosimy o kontakt z obs\u0142ug\u0105 klienta.<\/b><\/span><\/h5>\n<h5><span style=\"color: #ff0000;\"><strong>\u25b2 Przy wi\u0119kszych zam\u00f3wieniach istnieje mo\u017cliwo\u015b\u0107 uzyskania rabatu, prosimy o kontakt z obs\u0142ug\u0105 klienta.<br \/>\n\u25b2W celu uzyskania informacji o czasie realizacji zam\u00f3wienia oraz czasie dostawy prosimy o kontakt z obs\u0142ug\u0105 klienta.<\/strong><\/span><\/h5>\n","protected":false},"featured_media":70448,"template":"","meta":{"site-sidebar-layout":"default","site-content-layout":"","ast-site-content-layout":"default","site-content-style":"default","site-sidebar-style":"default","ast-global-header-display":"","ast-banner-title-visibility":"","ast-main-header-display":"","ast-hfb-above-header-display":"","ast-hfb-below-header-display":"","ast-hfb-mobile-header-display":"","site-post-title":"","ast-breadcrumbs-content":"","ast-featured-img":"","footer-sml-layout":"","ast-disable-related-posts":"","theme-transparent-header-meta":"default","adv-header-id-meta":"","stick-header-meta":"","header-above-stick-meta":"","header-main-stick-meta":"","header-below-stick-meta":"","astra-migrate-meta-layouts":"set","ast-page-background-enabled":"default","ast-page-background-meta":{"desktop":{"background-color":"var(--ast-global-color-5)","background-image":"","background-repeat":"repeat","background-position":"center center","background-size":"auto","background-attachment":"scroll","background-type":"","background-media":"","overlay-type":"","overlay-color":"","overlay-opacity":"","overlay-gradient":""},"tablet":{"background-color":"","background-image":"","background-repeat":"repeat","background-position":"center center","background-size":"auto","background-attachment":"scroll","background-type":"","background-media":"","overlay-type":"","overlay-color":"","overlay-opacity":"","overlay-gradient":""},"mobile":{"background-color":"","background-image":"","background-repeat":"repeat","background-position":"center center","background-size":"auto","background-attachment":"scroll","background-type":"","background-media":"","overlay-type":"","overlay-color":"","overlay-opacity":"","overlay-gradient":""}},"ast-content-background-meta":{"desktop":{"background-color":"var(--ast-global-color-4)","background-image":"","background-repeat":"repeat","background-position":"center center","background-size":"auto","background-attachment":"scroll","background-type":"","background-media":"","overlay-type":"","overlay-color":"","overlay-opacity":"","overlay-gradient":""},"tablet":{"background-color":"var(--ast-global-color-4)","background-image":"","background-repeat":"repeat","background-position":"center center","background-size":"auto","background-attachment":"scroll","background-type":"","background-media":"","overlay-type":"","overlay-color":"","overlay-opacity":"","overlay-gradient":""},"mobile":{"background-color":"var(--ast-global-color-4)","background-image":"","background-repeat":"repeat","background-position":"center center","background-size":"auto","background-attachment":"scroll","background-type":"","background-media":"","overlay-type":"","overlay-color":"","overlay-opacity":"","overlay-gradient":""}}},"product_brand":[],"product_cat":[3484,3446,3485,3622],"product_tag":[3987,3684,3933,3977],"class_list":{"0":"post-69639","1":"product","2":"type-product","3":"status-publish","4":"has-post-thumbnail","6":"product_cat-inne","7":"product_cat-dianond-tools-pl","8":"product_cat-ostatnie-sztuki","9":"product_cat-tarcze-szlifierskie-diamentowe-i-cbn","10":"product_tag-elektroformowane-tarcze-diamentowe","11":"product_tag-jednostronna-sciernica-skosna","12":"product_tag-szlifowanie-stali-wolframowej","13":"product_tag-szlifowanie-wiertel","14":"desktop-align-left","15":"tablet-align-left","16":"mobile-align-left","17":"ast-product-gallery-layout-horizontal-slider","18":"ast-product-tabs-layout-horizontal","20":"first","21":"instock","22":"taxable","23":"shipping-taxable","24":"purchasable","25":"product-type-simple"},"_links":{"self":[{"href":"https:\/\/honwaygroup.com\/pl\/wp-json\/wp\/v2\/product\/69639","targetHints":{"allow":["GET"]}}],"collection":[{"href":"https:\/\/honwaygroup.com\/pl\/wp-json\/wp\/v2\/product"}],"about":[{"href":"https:\/\/honwaygroup.com\/pl\/wp-json\/wp\/v2\/types\/product"}],"version-history":[{"count":0,"href":"https:\/\/honwaygroup.com\/pl\/wp-json\/wp\/v2\/product\/69639\/revisions"}],"wp:featuredmedia":[{"embeddable":true,"href":"https:\/\/honwaygroup.com\/pl\/wp-json\/wp\/v2\/media\/70448"}],"wp:attachment":[{"href":"https:\/\/honwaygroup.com\/pl\/wp-json\/wp\/v2\/media?parent=69639"}],"wp:term":[{"taxonomy":"product_brand","embeddable":true,"href":"https:\/\/honwaygroup.com\/pl\/wp-json\/wp\/v2\/product_brand?post=69639"},{"taxonomy":"product_cat","embeddable":true,"href":"https:\/\/honwaygroup.com\/pl\/wp-json\/wp\/v2\/product_cat?post=69639"},{"taxonomy":"product_tag","embeddable":true,"href":"https:\/\/honwaygroup.com\/pl\/wp-json\/wp\/v2\/product_tag?post=69639"}],"curies":[{"name":"wp","href":"https:\/\/api.w.org\/{rel}","templated":true}]}}