{"id":69606,"date":"2025-01-20T11:17:16","date_gmt":"2025-01-20T03:17:16","guid":{"rendered":"https:\/\/honwaygroup.com\/?post_type=product&#038;p=69606"},"modified":"2025-05-12T15:42:56","modified_gmt":"2025-05-12T07:42:56","slug":"diamentowy-pilnik-honujacy-pret-honujacy-srednica-o1-5-4-5mm","status":"publish","type":"product","link":"https:\/\/honwaygroup.com\/pl\/produkt\/diamentowy-pilnik-honujacy-pret-honujacy-srednica-o1-5-4-5mm\/","title":{"rendered":"Diamentowy pilnik honuj\u0105cy | Pr\u0119t \u015bcierny honuj\u0105cy (\u015brednica : \u00d81.5-4.5mm)"},"content":{"rendered":"<h3>Diamentowy pilnik honuj\u0105cy | Pr\u0119t \u015bcierny honuj\u0105cy (\u015brednica : \u00d81.5-4.5mm)<\/h3>\n<p>Materia\u0142 diamentowy charakteryzuje si\u0119 bardzo wysok\u0105 odporno\u015bci\u0105 na \u015bcieranie, dlatego pr\u0119t honuj\u0105cy ma d\u0142ug\u0105 \u017cywotno\u015b\u0107 u\u017cytkowania, co zmniejsza cz\u0119stotliwo\u015b\u0107 wymiany.<\/p>\n<h2 data-sourcepos=\"3:1-3:16\"><strong>Zastosowania:<\/strong><\/h2>\n<ul>\n<li>Nadaje si\u0119 do obr\u00f3bki otwor\u00f3w w metalu: honowania, gwintowania, rozwiercania, pog\u0142\u0119biania i innych precyzyjnych operacji szlifowania.<\/li>\n<li data-sourcepos=\"6:1-6:103\">Nadaje si\u0119 do szlifowania materia\u0142\u00f3w twardych, takich jak ceramika, szk\u0142o, w\u0119gliki spiekane i kamie\u0144.<\/li>\n<li>Mo\u017ce by\u0107 stosowany do rozwiercania matryc do ci\u0105gnienia drutu, do gwintowania matryc i innych narz\u0119dzi.<\/li>\n<\/ul>\n<h2>Specyfikacja produktu<\/h2>\n<p><a href=\"https:\/\/honwaygroup.com\/wp-content\/uploads\/2025\/01\/messageImage_1737343357285.jpg\"><img fetchpriority=\"high\" decoding=\"async\" class=\"alignnone wp-image-66711 size-full\" src=\"https:\/\/honwaygroup.com\/wp-content\/uploads\/2025\/01\/messageImage_1737343357285.jpg\" alt=\"\u947d\u77f3\u642a\u5b54\u92bc\u5200 \u7a7f\u5b54\u78e8\u68d2\u6a19\u793a\u5716\" width=\"1531\" height=\"335\" \/><\/a><\/p>\n<p>\u203bZaznaczone na rysunku kropki to miejsca, w kt\u00f3rych przymocowany jest materia\u0142 \u015bcierny.<\/p>\n<p>\u203bPrzednia cz\u0119\u015b\u0107 pr\u0119ta honuj\u0105cego b\u0119dzie mia\u0142a cofni\u0119cie (\u00d8A) o -0,15 mm.<\/p>\n<p>Jednostka : mm<\/p>\n<table>\n<tbody>\n<tr>\n<td width=\"79\"><strong>\u00d8A<\/strong><strong>O.D<\/strong><\/td>\n<td width=\"79\"><strong>\u00d8B<\/strong><strong>Shank<\/strong><\/td>\n<td width=\"79\"><strong>D\u0142ugo\u015b\u0107 powierzchni nachylonej L2<\/strong><\/td>\n<td width=\"79\"><strong>T<\/strong><\/td>\n<td width=\"79\"><strong>L<\/strong><\/td>\n<td width=\"79\"><strong>Granulacja<\/strong><\/td>\n<\/tr>\n<tr>\n<td width=\"79\">1.5<\/td>\n<td width=\"79\">1.20<\/td>\n<td width=\"79\">90<\/td>\n<td width=\"79\">120<\/td>\n<td width=\"79\">200<\/td>\n<td width=\"79\">D150<\/td>\n<\/tr>\n<tr>\n<td width=\"79\">1.6<\/td>\n<td width=\"79\">1.30<\/td>\n<td width=\"79\">90<\/td>\n<td width=\"79\">120<\/td>\n<td width=\"79\">200<\/td>\n<td width=\"79\">D150<\/td>\n<\/tr>\n<tr>\n<td width=\"79\">1.7<\/td>\n<td width=\"79\">1.40<\/td>\n<td width=\"79\">90<\/td>\n<td width=\"79\">120<\/td>\n<td width=\"79\">200<\/td>\n<td width=\"79\">D150<\/td>\n<\/tr>\n<tr>\n<td width=\"79\">1.8<\/td>\n<td width=\"79\">1.50<\/td>\n<td width=\"79\">90<\/td>\n<td width=\"79\">120<\/td>\n<td width=\"79\">200<\/td>\n<td width=\"79\">D150<\/td>\n<\/tr>\n<tr>\n<td width=\"79\">1.9<\/td>\n<td width=\"79\">1.60<\/td>\n<td width=\"79\">90<\/td>\n<td width=\"79\">120<\/td>\n<td width=\"79\">200<\/td>\n<td width=\"79\">D150<\/td>\n<\/tr>\n<tr>\n<td width=\"79\">2.0<\/td>\n<td width=\"79\">1.70<\/td>\n<td width=\"79\">90<\/td>\n<td width=\"79\">120<\/td>\n<td width=\"79\">200<\/td>\n<td width=\"79\">D150<\/td>\n<\/tr>\n<tr>\n<td width=\"79\">2.1<\/td>\n<td width=\"79\">1.80<\/td>\n<td width=\"79\">90<\/td>\n<td width=\"79\">120<\/td>\n<td width=\"79\">200<\/td>\n<td width=\"79\">D150<\/td>\n<\/tr>\n<tr>\n<td width=\"79\">2.2<\/td>\n<td width=\"79\">1.90<\/td>\n<td width=\"79\">90<\/td>\n<td width=\"79\">120<\/td>\n<td width=\"79\">200<\/td>\n<td width=\"79\">D150<\/td>\n<\/tr>\n<tr>\n<td width=\"79\">2.3<\/td>\n<td width=\"79\">2.00<\/td>\n<td width=\"79\">90<\/td>\n<td width=\"79\">120<\/td>\n<td width=\"79\">200<\/td>\n<td width=\"79\">D150<\/td>\n<\/tr>\n<tr>\n<td width=\"79\">2.4<\/td>\n<td width=\"79\">2.10<\/td>\n<td width=\"79\">90<\/td>\n<td width=\"79\">120<\/td>\n<td width=\"79\">200<\/td>\n<td width=\"79\">D150<\/td>\n<\/tr>\n<tr>\n<td width=\"79\">2.5<\/td>\n<td width=\"79\">2.20<\/td>\n<td width=\"79\">90<\/td>\n<td width=\"79\">120<\/td>\n<td width=\"79\">200<\/td>\n<td width=\"79\">D150<\/td>\n<\/tr>\n<tr>\n<td width=\"79\">2.6<\/td>\n<td width=\"79\">2.30<\/td>\n<td width=\"79\">90<\/td>\n<td width=\"79\">120<\/td>\n<td width=\"79\">200<\/td>\n<td width=\"79\">D150<\/td>\n<\/tr>\n<tr>\n<td width=\"79\">2.7<\/td>\n<td width=\"79\">2.40<\/td>\n<td width=\"79\">90<\/td>\n<td width=\"79\">120<\/td>\n<td width=\"79\">200<\/td>\n<td width=\"79\">D150<\/td>\n<\/tr>\n<tr>\n<td width=\"79\">2.8<\/td>\n<td width=\"79\">2.50<\/td>\n<td width=\"79\">90<\/td>\n<td width=\"79\">120<\/td>\n<td width=\"79\">200<\/td>\n<td width=\"79\">D150<\/td>\n<\/tr>\n<tr>\n<td width=\"79\">2.9<\/td>\n<td width=\"79\">2.60<\/td>\n<td width=\"79\">90<\/td>\n<td width=\"79\">120<\/td>\n<td width=\"79\">200<\/td>\n<td width=\"79\">D150<\/td>\n<\/tr>\n<tr>\n<td width=\"79\">3.0<\/td>\n<td width=\"79\">2.70<\/td>\n<td width=\"79\">90<\/td>\n<td width=\"79\">120<\/td>\n<td width=\"79\">200<\/td>\n<td width=\"79\">D150<\/td>\n<\/tr>\n<tr>\n<td width=\"79\">3.1<\/td>\n<td width=\"79\">2.80<\/td>\n<td width=\"79\">90<\/td>\n<td width=\"79\">120<\/td>\n<td width=\"79\">200<\/td>\n<td width=\"79\">D150<\/td>\n<\/tr>\n<tr>\n<td width=\"79\">3.2<\/td>\n<td width=\"79\">2.90<\/td>\n<td width=\"79\">90<\/td>\n<td width=\"79\">120<\/td>\n<td width=\"79\">200<\/td>\n<td width=\"79\">D150<\/td>\n<\/tr>\n<tr>\n<td width=\"79\">3.3<\/td>\n<td width=\"79\">3.00<\/td>\n<td width=\"79\">90<\/td>\n<td width=\"79\">120<\/td>\n<td width=\"79\">200<\/td>\n<td width=\"79\">D150<\/td>\n<\/tr>\n<tr>\n<td width=\"79\">3.4<\/td>\n<td width=\"79\">3.10<\/td>\n<td width=\"79\">90<\/td>\n<td width=\"79\">120<\/td>\n<td width=\"79\">200<\/td>\n<td width=\"79\">D150<\/td>\n<\/tr>\n<tr>\n<td width=\"79\">3.5<\/td>\n<td width=\"79\">3.20<\/td>\n<td width=\"79\">90<\/td>\n<td width=\"79\">120<\/td>\n<td width=\"79\">200<\/td>\n<td width=\"79\">D150<\/td>\n<\/tr>\n<tr>\n<td width=\"79\">3.6<\/td>\n<td width=\"79\">3.30<\/td>\n<td width=\"79\">90<\/td>\n<td width=\"79\">120<\/td>\n<td width=\"79\">200<\/td>\n<td width=\"79\">D150<\/td>\n<\/tr>\n<tr>\n<td width=\"79\">3.7<\/td>\n<td width=\"79\">3.40<\/td>\n<td width=\"79\">90<\/td>\n<td width=\"79\">120<\/td>\n<td width=\"79\">200<\/td>\n<td width=\"79\">D150<\/td>\n<\/tr>\n<tr>\n<td width=\"79\">3.8<\/td>\n<td width=\"79\">3.50<\/td>\n<td width=\"79\">90<\/td>\n<td width=\"79\">120<\/td>\n<td width=\"79\">200<\/td>\n<td width=\"79\">D150<\/td>\n<\/tr>\n<tr>\n<td width=\"79\">3.9<\/td>\n<td width=\"79\">3.60<\/td>\n<td width=\"79\">90<\/td>\n<td width=\"79\">120<\/td>\n<td width=\"79\">200<\/td>\n<td width=\"79\">D150<\/td>\n<\/tr>\n<tr>\n<td width=\"79\">4.0<\/td>\n<td width=\"79\">3.70<\/td>\n<td width=\"79\">90<\/td>\n<td width=\"79\">120<\/td>\n<td width=\"79\">200<\/td>\n<td width=\"79\">D150<\/td>\n<\/tr>\n<tr>\n<td width=\"79\">4.1<\/td>\n<td width=\"79\">3.70<\/td>\n<td width=\"79\">90<\/td>\n<td width=\"79\">120<\/td>\n<td width=\"79\">200<\/td>\n<td width=\"79\">D150<\/td>\n<\/tr>\n<tr>\n<td width=\"79\">4.2<\/td>\n<td width=\"79\">3.80<\/td>\n<td width=\"79\">90<\/td>\n<td width=\"79\">120<\/td>\n<td width=\"79\">200<\/td>\n<td width=\"79\">D150<\/td>\n<\/tr>\n<tr>\n<td width=\"79\">4.3<\/td>\n<td width=\"79\">3.90<\/td>\n<td width=\"79\">90<\/td>\n<td width=\"79\">120<\/td>\n<td width=\"79\">200<\/td>\n<td width=\"79\">D150<\/td>\n<\/tr>\n<tr>\n<td width=\"79\">4.4<\/td>\n<td width=\"79\">4.00<\/td>\n<td width=\"79\">90<\/td>\n<td width=\"79\">120<\/td>\n<td width=\"79\">200<\/td>\n<td width=\"79\">D150<\/td>\n<\/tr>\n<tr>\n<td width=\"79\">4.5<\/td>\n<td width=\"79\">4.10<\/td>\n<td width=\"79\">90<\/td>\n<td width=\"79\">120<\/td>\n<td width=\"79\">200<\/td>\n<td width=\"79\">D150<\/td>\n<\/tr>\n<\/tbody>\n<\/table>\n<p><span style=\"font-size: 16px;\">Masz pytanie?\u00a0 <\/span><a style=\"font-size: 16px; background-color: #ffffff;\" href=\"https:\/\/honwaygroup.com\/pl\/skontaktuj-sie-z-nami\/\" target=\"_blank\" rel=\"nofollow noopener\">Skontaktuj si\u0119 z nami!<\/a><\/p>\n","protected":false},"excerpt":{"rendered":"<ul>\n<li>Nadaje si\u0119 do obr\u00f3bki otwor\u00f3w w metalu: honowania, gwintowania, rozwiercania, pog\u0142\u0119biania i innych precyzyjnych operacji szlifowania.<\/li>\n<li data-sourcepos=\"6:1-6:103\">Nadaje si\u0119 do szlifowania materia\u0142\u00f3w twardych, takich jak ceramika, szk\u0142o, w\u0119gliki spiekane i kamie\u0144.<\/li>\n<li>Mo\u017ce by\u0107 stosowany do rozwiercania matryc do ci\u0105gnienia drutu, do gwintowania matryc i innych narz\u0119dzi.<\/li>\n<\/ul>\n<h5><span style=\"color: #ff0000;\"><strong>\u25b2Ceny produkt\u00f3w zawieraj\u0105 podatek (wy\u0142\u0105cznie na Tajwanie)<\/strong><\/span><\/h5>\n<h5><span style=\"color: #ff0000;\"><strong>\u25b2<\/strong><strong>Ceny produkt\u00f3w nie zawieraj\u0105 podatku VAT oraz op\u0142at celnych<\/strong><\/span><\/h5>\n<h5><span style=\"color: #ff0000;\"><strong>\u25b2 W przypadku zapotrzebowania na niestandardowe rozmiary prosimy o kontakt z obs\u0142ug\u0105 klienta. W celu uzyskania informacji o czas realizacji takiego zam\u00f3wienia r\u00f3wnie\u017c prosimy o kontakt z obs\u0142ug\u0105 klienta.<\/strong><\/span><\/h5>\n<h5><span style=\"color: #ff0000;\"><strong>\u25b2 Przy wi\u0119kszych zam\u00f3wieniach istnieje mo\u017cliwo\u015b\u0107 uzyskania rabatu, prosimy o kontakt z obs\u0142ug\u0105 klienta.<br \/>\n\u25b2Czas realizacji wysy\u0142ki mi\u0119dzynarodowej (poza teren Tajwanu) wynosi 7-14 dni, natomiast rzeczywisty czas dostawy zale\u017cy od danej firmy kurierskiej.\u00a0<\/strong><\/span><\/h5>\n","protected":false},"featured_media":67853,"template":"","meta":{"site-sidebar-layout":"default","site-content-layout":"default","ast-site-content-layout":"default","site-content-style":"default","site-sidebar-style":"default","ast-global-header-display":"","ast-banner-title-visibility":"","ast-main-header-display":"","ast-hfb-above-header-display":"","ast-hfb-below-header-display":"","ast-hfb-mobile-header-display":"","site-post-title":"","ast-breadcrumbs-content":"","ast-featured-img":"","footer-sml-layout":"","ast-disable-related-posts":"","theme-transparent-header-meta":"default","adv-header-id-meta":"","stick-header-meta":"default","header-above-stick-meta":"","header-main-stick-meta":"","header-below-stick-meta":"","astra-migrate-meta-layouts":"set","ast-page-background-enabled":"default","ast-page-background-meta":{"desktop":{"background-color":"var(--ast-global-color-5)","background-image":"","background-repeat":"repeat","background-position":"center center","background-size":"auto","background-attachment":"scroll","background-type":"","background-media":"","overlay-type":"","overlay-color":"","overlay-opacity":"","overlay-gradient":""},"tablet":{"background-color":"","background-image":"","background-repeat":"repeat","background-position":"center center","background-size":"auto","background-attachment":"scroll","background-type":"","background-media":"","overlay-type":"","overlay-color":"","overlay-opacity":"","overlay-gradient":""},"mobile":{"background-color":"","background-image":"","background-repeat":"repeat","background-position":"center center","background-size":"auto","background-attachment":"scroll","background-type":"","background-media":"","overlay-type":"","overlay-color":"","overlay-opacity":"","overlay-gradient":""}},"ast-content-background-meta":{"desktop":{"background-color":"var(--ast-global-color-4)","background-image":"","background-repeat":"repeat","background-position":"center center","background-size":"auto","background-attachment":"scroll","background-type":"","background-media":"","overlay-type":"","overlay-color":"","overlay-opacity":"","overlay-gradient":""},"tablet":{"background-color":"var(--ast-global-color-4)","background-image":"","background-repeat":"repeat","background-position":"center center","background-size":"auto","background-attachment":"scroll","background-type":"","background-media":"","overlay-type":"","overlay-color":"","overlay-opacity":"","overlay-gradient":""},"mobile":{"background-color":"var(--ast-global-color-4)","background-image":"","background-repeat":"repeat","background-position":"center center","background-size":"auto","background-attachment":"scroll","background-type":"","background-media":"","overlay-type":"","overlay-color":"","overlay-opacity":"","overlay-gradient":""}}},"product_brand":[],"product_cat":[3447,3446],"product_tag":[3448,3449],"class_list":{"0":"post-69606","1":"product","2":"type-product","3":"status-publish","4":"has-post-thumbnail","6":"product_cat-diamond-mounted-points-pl","7":"product_cat-dianond-tools-pl","8":"product_tag--pl","10":"desktop-align-left","11":"tablet-align-left","12":"mobile-align-left","13":"ast-product-gallery-layout-horizontal-slider","14":"ast-product-gallery-with-no-image","15":"ast-product-single-variable","16":"ast-product-tabs-layout-horizontal","18":"first","19":"instock","20":"taxable","21":"shipping-taxable","22":"purchasable","23":"product-type-variable"},"_links":{"self":[{"href":"https:\/\/honwaygroup.com\/pl\/wp-json\/wp\/v2\/product\/69606","targetHints":{"allow":["GET"]}}],"collection":[{"href":"https:\/\/honwaygroup.com\/pl\/wp-json\/wp\/v2\/product"}],"about":[{"href":"https:\/\/honwaygroup.com\/pl\/wp-json\/wp\/v2\/types\/product"}],"version-history":[{"count":0,"href":"https:\/\/honwaygroup.com\/pl\/wp-json\/wp\/v2\/product\/69606\/revisions"}],"wp:featuredmedia":[{"embeddable":true,"href":"https:\/\/honwaygroup.com\/pl\/wp-json\/wp\/v2\/media\/67853"}],"wp:attachment":[{"href":"https:\/\/honwaygroup.com\/pl\/wp-json\/wp\/v2\/media?parent=69606"}],"wp:term":[{"taxonomy":"product_brand","embeddable":true,"href":"https:\/\/honwaygroup.com\/pl\/wp-json\/wp\/v2\/product_brand?post=69606"},{"taxonomy":"product_cat","embeddable":true,"href":"https:\/\/honwaygroup.com\/pl\/wp-json\/wp\/v2\/product_cat?post=69606"},{"taxonomy":"product_tag","embeddable":true,"href":"https:\/\/honwaygroup.com\/pl\/wp-json\/wp\/v2\/product_tag?post=69606"}],"curies":[{"name":"wp","href":"https:\/\/api.w.org\/{rel}","templated":true}]}}