{"id":138798,"date":"2022-10-24T11:17:55","date_gmt":"2022-10-24T03:17:55","guid":{"rendered":"https:\/\/honwaygroup.com\/product\/polerowanie-parkingowe\/"},"modified":"2026-01-23T09:32:00","modified_gmt":"2026-01-23T01:32:00","slug":"polerowanie-parkingowe","status":"publish","type":"product","link":"https:\/\/honwaygroup.com\/pl\/produkt\/polerowanie-parkingowe\/","title":{"rendered":"Polerowanie parkingowe"},"content":{"rendered":"<h3><strong>Polerowanie parkingowe<\/strong><\/h3>\n<h4><\/h4>\n<h4><strong>Wykorzystuj\u0105c technologi\u0119 ultradrobnego polerowania niklu bezpr\u0105dowego<\/strong><\/h4>\n<ul>\n<li style=\"list-style-type: none;\">\n<ul>\n<li>Osi\u0105gnij ultraprecyzyjne polerowanie powierzchni o <a href=\"https:\/\/kknews.cc\/zh-tw\/news\/42vbenx.html\" rel=\"nofollow noopener\" target=\"_blank\">dowolnym kszta\u0142cie<\/a><\/li>\n<li>Brak \u015blad\u00f3w polerowania pod mikroskopem<\/li>\n<li>Skutecznie redukuje chropowato\u015b\u0107 powierzchni i kontroluje warto\u015b\u0107 Ra<\/li>\n<li>Skutecznie redukuje falisto\u015b\u0107 (Wa)<\/li>\n<li>Precyzyjne utrzymanie polerowania i doskona\u0142ego kszta\u0142tu (PV)<\/li>\n<li>Zastosowanie do: niklu bezpr\u0105dowego, miedzi, aluminium, stali wolframowej i stali formowej itp.<\/li>\n<\/ul>\n<\/li>\n<\/ul>\n<p><strong>Je\u015bli potrzebujesz us\u0142ugi polerowania, <a href=\"https:\/\/honwaygroup.com\/pl\/skontaktuj-sie-z-nami\/\">skontaktuj si\u0119 z Honway<\/a><\/strong><\/p>\n","protected":false},"excerpt":{"rendered":"<blockquote>\n<h4><strong>HonWay <\/strong><\/h4>\n<h4><strong>Us\u0142uga polerowania samochodowego ju\u017c dost\u0119pna!!<\/strong><\/h4>\n<\/blockquote>\n<p>Je\u015bli potrzebujesz us\u0142ugi polerowania, <a href=\"https:\/\/honwaygroup.com\/pl\/skontaktuj-sie-z-nami\/\">skontaktuj si\u0119 z Honway<\/a><\/p>\n<p>&nbsp;<\/p>\n","protected":false},"featured_media":77051,"template":"","meta":{"site-sidebar-layout":"default","site-content-layout":"default","ast-site-content-layout":"default","site-content-style":"default","site-sidebar-style":"default","ast-global-header-display":"","ast-banner-title-visibility":"","ast-main-header-display":"","ast-hfb-above-header-display":"","ast-hfb-below-header-display":"","ast-hfb-mobile-header-display":"","site-post-title":"","ast-breadcrumbs-content":"","ast-featured-img":"","footer-sml-layout":"","ast-disable-related-posts":"","theme-transparent-header-meta":"default","adv-header-id-meta":"","stick-header-meta":"default","header-above-stick-meta":"","header-main-stick-meta":"","header-below-stick-meta":"","astra-migrate-meta-layouts":"default","ast-page-background-enabled":"default","ast-page-background-meta":{"desktop":{"background-color":"var(--ast-global-color-5)","background-image":"","background-repeat":"repeat","background-position":"center center","background-size":"auto","background-attachment":"scroll","background-type":"","background-media":"","overlay-type":"","overlay-color":"","overlay-opacity":"","overlay-gradient":""},"tablet":{"background-color":"","background-image":"","background-repeat":"repeat","background-position":"center center","background-size":"auto","background-attachment":"scroll","background-type":"","background-media":"","overlay-type":"","overlay-color":"","overlay-opacity":"","overlay-gradient":""},"mobile":{"background-color":"","background-image":"","background-repeat":"repeat","background-position":"center center","background-size":"auto","background-attachment":"scroll","background-type":"","background-media":"","overlay-type":"","overlay-color":"","overlay-opacity":"","overlay-gradient":""}},"ast-content-background-meta":{"desktop":{"background-color":"var(--ast-global-color-4)","background-image":"","background-repeat":"repeat","background-position":"center center","background-size":"auto","background-attachment":"scroll","background-type":"","background-media":"","overlay-type":"","overlay-color":"","overlay-opacity":"","overlay-gradient":""},"tablet":{"background-color":"var(--ast-global-color-4)","background-image":"","background-repeat":"repeat","background-position":"center center","background-size":"auto","background-attachment":"scroll","background-type":"","background-media":"","overlay-type":"","overlay-color":"","overlay-opacity":"","overlay-gradient":""},"mobile":{"background-color":"var(--ast-global-color-4)","background-image":"","background-repeat":"repeat","background-position":"center center","background-size":"auto","background-attachment":"scroll","background-type":"","background-media":"","overlay-type":"","overlay-color":"","overlay-opacity":"","overlay-gradient":""}}},"product_brand":[],"product_cat":[3483],"product_tag":[3665,3868],"class_list":{"0":"post-138798","1":"product","2":"type-product","3":"status-publish","4":"has-post-thumbnail","6":"product_cat-uslugi-kontraktowe","7":"product_tag-polerowanie-na-zlecenie","8":"product_tag-polerowanie-superprecyzyjne","9":"desktop-align-left","10":"tablet-align-left","11":"mobile-align-left","12":"ast-product-gallery-layout-horizontal-slider","13":"ast-product-tabs-layout-horizontal","15":"first","16":"instock","17":"taxable","18":"shipping-taxable","19":"product-type-simple"},"_links":{"self":[{"href":"https:\/\/honwaygroup.com\/pl\/wp-json\/wp\/v2\/product\/138798","targetHints":{"allow":["GET"]}}],"collection":[{"href":"https:\/\/honwaygroup.com\/pl\/wp-json\/wp\/v2\/product"}],"about":[{"href":"https:\/\/honwaygroup.com\/pl\/wp-json\/wp\/v2\/types\/product"}],"version-history":[{"count":0,"href":"https:\/\/honwaygroup.com\/pl\/wp-json\/wp\/v2\/product\/138798\/revisions"}],"wp:featuredmedia":[{"embeddable":true,"href":"https:\/\/honwaygroup.com\/pl\/wp-json\/wp\/v2\/media\/77051"}],"wp:attachment":[{"href":"https:\/\/honwaygroup.com\/pl\/wp-json\/wp\/v2\/media?parent=138798"}],"wp:term":[{"taxonomy":"product_brand","embeddable":true,"href":"https:\/\/honwaygroup.com\/pl\/wp-json\/wp\/v2\/product_brand?post=138798"},{"taxonomy":"product_cat","embeddable":true,"href":"https:\/\/honwaygroup.com\/pl\/wp-json\/wp\/v2\/product_cat?post=138798"},{"taxonomy":"product_tag","embeddable":true,"href":"https:\/\/honwaygroup.com\/pl\/wp-json\/wp\/v2\/product_tag?post=138798"}],"curies":[{"name":"wp","href":"https:\/\/api.w.org\/{rel}","templated":true}]}}