{"id":132560,"date":"2014-04-07T03:10:47","date_gmt":"2014-04-06T19:10:47","guid":{"rendered":"https:\/\/honwaygroup.com\/product\/dzial-materialow-palladowych-honway\/"},"modified":"2014-04-07T03:10:47","modified_gmt":"2014-04-06T19:10:47","slug":"dzial-materialow-palladowych-honway","status":"publish","type":"product","link":"https:\/\/honwaygroup.com\/pl\/produkt\/dzial-materialow-palladowych-honway\/","title":{"rendered":"Dzia\u0142 Materia\u0142\u00f3w Palladowych Honway"},"content":{"rendered":"<h3>Dzia\u0142 Materia\u0142\u00f3w Palladowych Honway<\/h3>\n<p>Materia\u0142 ze stopu palladu Hongwei<\/p>\n<p>G\u0142\u00f3wnymi produktami firmy Honway Company s\u0105 tarcze do napylania metali: z\u0142ota, srebra, platyny, irydu, rutenu, magnezu, tytanu o wysokiej czysto\u015bci, molibdenu, wolframu, lantanu, ceru, wapnia, strontu i litu.<\/p>\n<p>Ceramiczne cele rozpylania: <a href=\"https:\/\/baike.baidu.hk\/item\/%E6%BF%BA%E5%B0%84%E9%9D%B6%E6%9D%90\/4941286\" rel=\"nofollow noopener\" target=\"_blank\">cele z tlenku cynku<\/a>, cele z ITO, cele z tlenku glinu, cele z tlenku galu, cele z tlenku hafnu, cele z tlenku lantanu, cele z tlenku ceru, cele z tlenku miedzi(I), cele z tlenku miedzi, cele z tlenku cyny, cele z tlenku magnezu, cele z tlenku tytanu, cele z tlenku niobu, cele z tlenku tantalu, cele z tlenku niklu, cele z tlenku wanadu, cele z tlenku itru, cele z tlenku europu, cele z tlenku erbu, cele z tlenku krzemu, cele z selenku indu, cele z azotku boru, cele z azotku krzemu, cele z azotku glinu, cele z azotku tytanu, cele z azotku tantalu, cele z azotku niobu, cele z w\u0119glika krzemu, cele z w\u0119glika tytanu, cele z w\u0119glika boru, cele z w\u0119glika tytanu, dwuborek tytanu tarcze, tarcze z diborku cyrkonu. Cele z dwuborku hafnu, cele z borku glinu, cele z borku magnezu, cele z heksaborku wapnia, cele z krzemianu molibdenu, cele z krzemianu tytanu, cele z krzemianu wolframu, cele z w\u0119glika wolframu, cele z krzemianu hafnu, cele z siarczku cynku, cele z fluorku magnezu, cele z siarczku kadmu, cele z siarczku wolframu, cele z siarczku molibdenu, cele z siarczku wolframu, cele z selenku bizmutu, cele z tellurku kadmu, cele ceramiczne z tellurku cynku (ZnTe), cele z selenku miedziowo-indowo-galowego, cele z galu miedziowego, cele z tytanu aluminiowego, cele z niklu-chromu, cele z niklu-wanadu, cele z tytanu-krzemu, cele z chromu aluminiowego, cele z wolframu-tytanu, cele z rutenu strontu, cele z glinianu lantanu, tarcze z tytanianu strontu, tarcze z tytanianu baru, tarcze z cyrkonianu strontu. Tarcze z niobianu litu, tarcze z tlenku itru i baru i miedzi, tarcze z ferrytu rutenu, tarcze z tytanianu rodu, tarcze z tytanianu o\u0142owiu, tarcze z cyrkonianu o\u0142owiu, tarcze z cyrkonianu strontu, GdBaCuOx, tarcze z tlenku toru i baru i miedzi, tarcze z YBaCuOx, tarcze z Y3Fe5O12, tarcze z ferrytu granatu itru, tarcze z tlenku lantanu, tarcze z tlenku ceru, tarcze z tlenku rodu, tarcze z tlenku neodymu, tarcze z tlenku samaru, tarcze z tlenku wolframu, tarcze z tlenku holmu, tarcze z tlenku itru, tarcze z tlenku iterbu, tarcze z tlenku europu, tarcze z tlenku toru, tarcze z tlenku dysprozu, tarcze z tlenku erbu, tarcze z tlenku tiu, tarcze z hydroksyapatytu (HA tarcza), tarcze z ferrytu bizmutowego, tlenek lantanu, strontu i miedzi, tlenek lantanu, baru i miedzi. Tlenek lantanu, strontu i kobaltu, tlenek lantanu, strontu i manganian, tlenek lantanu, strontu i \u017celaza kobaltu, tlenek strontu i rutenu itd. <\/p>\n<p>Ponadto istniej\u0105 tarcze stopowe, tarcze z pierwiastk\u00f3w ziem rzadkich i tarcze wykonywane na zam\u00f3wienie dla r\u00f3\u017cnych zwi\u0105zk\u00f3w.<\/p>\n<p>Masz pytanie? <a href=\"https:\/\/honwaygroup.com\/pl\/skontaktuj-sie-z-nami\/\">Skontaktuj si\u0119 z nami!<\/a><\/p>\n","protected":false},"excerpt":{"rendered":"<p>G\u0142\u00f3wne produkty firmy Honway Company obejmuj\u0105: cele do rozpylania metalicznego: ze z\u0142ota, srebra, platyny, irydu, rutenu, magnezu, tytanu o wysokiej czysto\u015bci, molibdenu, wolframu, lantanu, ceru, wapnia, strontu i litu; oraz cele do rozpylania ceramicznego: tlenek cynku, ITO, tlenek glinu, tlenek galu, tlenek hafnu, tlenek lantanu, tlenek ceru, tlenek miedzi(I), tlenek miedzi, tlenek cyny, tlenek magnezu, tlenek tytanu, tlenek niobu, tlenek tantalu, tlenek niklu, tlenek wanadu, tlenek itru, tlenek europu, tlenek erbu, tlenek krzemu, selenek indu, azotek boru, azotek krzemu, azotek glinu, azotek tytanu, azotek tantalu, azotek niobu i w\u0119glik krzemu. Materia\u0142y docelowe, w tym cele z azotku krzemu, cele z w\u0119glika tytanu, cele z w\u0119glika boru, cele z dwuborku tytanu, cele z dwuborku cyrkonu, cele z dwuborku hafnu, cele z boru glinu, cele z boru magnezu, cele z sze\u015bcioborku wapnia, cele z krzemu molibdenowego, cele z krzemu tytanowego, cele z krzemu wolframowego, cele z w\u0119glika wolframu, cele z krzemu hafnu, cele z siarczku cynku, cele z fluorku magnezu, cele z siarczku kadmu, cele z siarczku wolframu, cele z siarczku molibdenu, cele z siarczku wolframu, cele z selenku bizmutu, cele z tellurku kadmu, cele ceramiczne z tellurku cynku (ZnTe), cele z selenku miedziowo-indowo-galowego, cele z galu miedziowego i tytanu. Tarcze niklowo-chromowe, tarcze niklowo-wanadowe, tarcze tytanowo-krzemowe, tarcze aluminiowo-chromowe, tarcze wolframowo-tytanowe, tarcze strontowo-rutenowe, tarcze lantano-glinianowe, tarcze strontowo-tytanowe, tarcze barowo-tytanowe, tarcze strontowo-cyrkonianowe, tarcze niobianowe, tarcze itrowo-barowo-miedziane, tarcze rutenowo-ferrytowe, tarcze ramowo-tytanowe, tarcze o\u0142owiowo-tytanowe, tarcze cyrkonowo-o\u0142owiowe, tarcze strontowo-cyrkonianowe, tarcze GdBaCuOx, tarcze itrowo-barowo-miedziane, tarcze YBaCuOx, tarcze Y3Fe5O12, tarcze itrowo-granatowe ferrytowe, tarcze lantano-tlenku, tarcze cerowo-tlenku, tarcze ramowo-tlenku neodymu, tarcze samarowo-tlenku, Tarcze z tlenku wolframu, tarcze z tlenku holmu, tarcze z tlenku itru, tarcze z tlenku iterbu, tarcze z tlenku europu. Oferujemy szerok\u0105 gam\u0119 tarcz, w tym tlenek toru, tlenek dysprozu, tlenek erbu, tlenek tiu, tarcze hydroksyapatytowe (HA), tarcze z ferrytu bizmutu, tlenek lantanu i strontu miedzi, tlenek lantanu i baru miedzi, tlenek lantanu i strontu kobaltu, tlenek lantanu i strontu manganian, tlenek lantanu i strontu \u017celaza kobaltu, tlenek strontu i rutenu i wiele innych. Oferujemy r\u00f3wnie\u017c tarcze stopowe, tarcze z pierwiastk\u00f3w ziem rzadkich oraz tarcze na zam\u00f3wienie dla r\u00f3\u017cnych zwi\u0105zk\u00f3w.<\/p>\n","protected":false},"featured_media":132553,"template":"","meta":{"site-sidebar-layout":"default","site-content-layout":"default","ast-site-content-layout":"default","site-content-style":"default","site-sidebar-style":"default","ast-global-header-display":"","ast-banner-title-visibility":"","ast-main-header-display":"","ast-hfb-above-header-display":"","ast-hfb-below-header-display":"","ast-hfb-mobile-header-display":"","site-post-title":"","ast-breadcrumbs-content":"","ast-featured-img":"","footer-sml-layout":"","ast-disable-related-posts":"","theme-transparent-header-meta":"default","adv-header-id-meta":"","stick-header-meta":"default","header-above-stick-meta":"","header-main-stick-meta":"","header-below-stick-meta":"","astra-migrate-meta-layouts":"default","ast-page-background-enabled":"default","ast-page-background-meta":{"desktop":{"background-color":"var(--ast-global-color-5)","background-image":"","background-repeat":"repeat","background-position":"center center","background-size":"auto","background-attachment":"scroll","background-type":"","background-media":"","overlay-type":"","overlay-color":"","overlay-opacity":"","overlay-gradient":""},"tablet":{"background-color":"","background-image":"","background-repeat":"repeat","background-position":"center center","background-size":"auto","background-attachment":"scroll","background-type":"","background-media":"","overlay-type":"","overlay-color":"","overlay-opacity":"","overlay-gradient":""},"mobile":{"background-color":"","background-image":"","background-repeat":"repeat","background-position":"center center","background-size":"auto","background-attachment":"scroll","background-type":"","background-media":"","overlay-type":"","overlay-color":"","overlay-opacity":"","overlay-gradient":""}},"ast-content-background-meta":{"desktop":{"background-color":"var(--ast-global-color-4)","background-image":"","background-repeat":"repeat","background-position":"center center","background-size":"auto","background-attachment":"scroll","background-type":"","background-media":"","overlay-type":"","overlay-color":"","overlay-opacity":"","overlay-gradient":""},"tablet":{"background-color":"var(--ast-global-color-4)","background-image":"","background-repeat":"repeat","background-position":"center center","background-size":"auto","background-attachment":"scroll","background-type":"","background-media":"","overlay-type":"","overlay-color":"","overlay-opacity":"","overlay-gradient":""},"mobile":{"background-color":"var(--ast-global-color-4)","background-image":"","background-repeat":"repeat","background-position":"center center","background-size":"auto","background-attachment":"scroll","background-type":"","background-media":"","overlay-type":"","overlay-color":"","overlay-opacity":"","overlay-gradient":""}}},"product_brand":[],"product_cat":[3561],"product_tag":[3848,3849,3967,3966],"class_list":{"0":"post-132560","1":"product","2":"type-product","3":"status-publish","4":"has-post-thumbnail","6":"product_cat-materialy-do-powlekania","7":"product_tag-odporne-na-silne-kwasy","8":"product_tag-odporne-na-silne-zasady","9":"product_tag-pasty-diamentowe","10":"product_tag-proszki-diamentowe","11":"desktop-align-left","12":"tablet-align-left","13":"mobile-align-left","14":"ast-product-gallery-layout-horizontal-slider","15":"ast-product-tabs-layout-horizontal","17":"first","18":"instock","19":"taxable","20":"shipping-taxable","21":"product-type-simple"},"_links":{"self":[{"href":"https:\/\/honwaygroup.com\/pl\/wp-json\/wp\/v2\/product\/132560","targetHints":{"allow":["GET"]}}],"collection":[{"href":"https:\/\/honwaygroup.com\/pl\/wp-json\/wp\/v2\/product"}],"about":[{"href":"https:\/\/honwaygroup.com\/pl\/wp-json\/wp\/v2\/types\/product"}],"version-history":[{"count":0,"href":"https:\/\/honwaygroup.com\/pl\/wp-json\/wp\/v2\/product\/132560\/revisions"}],"wp:featuredmedia":[{"embeddable":true,"href":"https:\/\/honwaygroup.com\/pl\/wp-json\/wp\/v2\/media\/132553"}],"wp:attachment":[{"href":"https:\/\/honwaygroup.com\/pl\/wp-json\/wp\/v2\/media?parent=132560"}],"wp:term":[{"taxonomy":"product_brand","embeddable":true,"href":"https:\/\/honwaygroup.com\/pl\/wp-json\/wp\/v2\/product_brand?post=132560"},{"taxonomy":"product_cat","embeddable":true,"href":"https:\/\/honwaygroup.com\/pl\/wp-json\/wp\/v2\/product_cat?post=132560"},{"taxonomy":"product_tag","embeddable":true,"href":"https:\/\/honwaygroup.com\/pl\/wp-json\/wp\/v2\/product_tag?post=132560"}],"curies":[{"name":"wp","href":"https:\/\/api.w.org\/{rel}","templated":true}]}}