{"id":131045,"date":"2016-02-28T17:39:01","date_gmt":"2016-02-28T09:39:01","guid":{"rendered":"https:\/\/honwaygroup.com\/product\/kamien-olejowy-z-wlokna-diamentowego\/"},"modified":"2016-02-28T17:39:01","modified_gmt":"2016-02-28T09:39:01","slug":"kamien-olejowy-z-wlokna-diamentowego","status":"publish","type":"product","link":"https:\/\/honwaygroup.com\/pl\/produkt\/kamien-olejowy-z-wlokna-diamentowego\/","title":{"rendered":"Kamie\u0144 olejowy z w\u0142\u00f3kna diamentowego"},"content":{"rendered":"<h3><strong>Kamie\u0144 olejowy z w\u0142\u00f3kna diamentowego<\/strong><\/h3>\n<p>Jednostka : mm<\/p>\n<table class=\"specTable\" width=\"100%\">\n<tbody>\n<tr>\n<th><\/th>\n<th>#200<\/th>\n<th>#400<\/th>\n<th>#600<\/th>\n<th>#800<\/th>\n<\/tr>\n<tr>\n<td>1 x 4 x 100<\/td>\n<td>SDS-1042<\/td>\n<td>SDS-1044<\/td>\n<td>SDS-1046<\/td>\n<td>SDS-1048<\/td>\n<\/tr>\n<tr>\n<td>1 x 6 x 100<\/td>\n<td>SDS-1062<\/td>\n<td>SDS-1064<\/td>\n<td>SDS-1066<\/td>\n<td>SDS-1068<\/td>\n<\/tr>\n<tr>\n<td>1 x 10 x 100<\/td>\n<td>SDS-1102<\/td>\n<td>SDS-1104<\/td>\n<td>SDS-1106<\/td>\n<td>SDS-1108<\/td>\n<\/tr>\n<tr>\n<td>\u00d83 x 100<\/td>\n<td>SDG-302<\/td>\n<td>SDG-304<\/td>\n<td>SDG-306<\/td>\n<td>SDG-308<\/td>\n<\/tr>\n<\/tbody>\n<\/table>\n<ul>\n<li><strong>Inne rozmiary i wymiary cz\u0105stek mo\u017cna r\u00f3wnie\u017c dostosowa\u0107. Do niekt\u00f3rych specjalnych zastosowa\u0144, kamienie olejowe z w\u0142\u00f3kna azotku boru mog\u0105 by\u0107 r\u00f3wnie\u017c dostosowane; prosimy o podanie swoich wymaga\u0144 przy sk\u0142adaniu zam\u00f3wienia.<\/strong><\/li>\n<\/ul>\n<p>Masz pytanie? <a href=\"https:\/\/honwaygroup.com\/pl\/skontaktuj-sie-z-nami\/\">Skontaktuj si\u0119 z nami!<\/a><\/p>\n","protected":false},"excerpt":{"rendered":"<div id=\"desWrap\">\n<ul>\n<li>Kamienie polerskie z w\u0142\u00f3kna diamentowego powstaj\u0105 poprzez po\u0142\u0105czenie diamentowego materia\u0142u \u015bciernego z w\u0142\u00f3knami ceramicznymi za pomoc\u0105 \u017cywicy termoutwardzalnej. Doskona\u0142e w\u0142a\u015bciwo\u015bci tn\u0105ce diamentu w po\u0142\u0105czeniu z wysok\u0105 wytrzyma\u0142o\u015bci\u0105 na zginanie w\u0142\u00f3kien ceramicznych tworz\u0105 idealne narz\u0119dzie polerskie.<\/li>\n<li>Diamentowy materia\u0142 \u015bcierny jest r\u00f3wnomiernie roz\u0142o\u017cony na w\u0142\u00f3knie ceramicznym, co umo\u017cliwia kamieniowi \u015bciernemu Super Diamond Oilstone szlifowanie ka\u017cdej strony z zachowaniem bardzo jednolitej powierzchni, co skraca czas p\u00f3\u017aniejszej obr\u00f3bki.<\/li>\n<\/ul>\n<h4><strong>Cechy:<\/strong><\/h4>\n<ul>\n<li>Zwyk\u0142e kamienie olejowe z w\u0142\u00f3kna mo\u017cna stosowa\u0107 wy\u0142\u0105cznie do szlifowania powierzchni czo\u0142owej, natomiast kamienie olejowe z w\u0142\u00f3kna diamentowego mo\u017cna stosowa\u0107 do szlifowania powierzchni bocznej.<\/li>\n<li>W por\u00f3wnaniu do kamieni diamentowych na bazie \u017cywicy, kamienie diamentowe z w\u0142\u00f3kna maj\u0105 takie zalety, jak lepsza zdolno\u015b\u0107 ci\u0119cia, mniejsze zatykanie i mniejsze p\u0119kanie.<\/li>\n<li>Materia\u0142y, kt\u00f3re trudno obrabia\u0107 za pomoc\u0105 zwyk\u0142ych kamieni olejowych z w\u0142\u00f3kien, mo\u017cna teraz skutecznie ci\u0105\u0107 za pomoc\u0105 kamieni olejowych z w\u0142\u00f3kien diamentowych.<\/li>\n<li>Kamienie olejowe z w\u0142\u00f3kna diamentowego nadaj\u0105 si\u0119 do obr\u00f3bki wszystkich rodzaj\u00f3w stali poddanej obr\u00f3bce cieplnej, w\u0119glika wolframu, ceramiki i szk\u0142a.<\/li>\n<\/ul>\n<h5><strong><span style=\"color: #ff0000; font-size: 19.2px;\">\u25b2 <\/span><\/strong><strong><span style=\"color: #ff0000; font-size: 19.2px;\">Przy wi\u0119kszych zam\u00f3wieniach istnieje mo\u017cliwo\u015b\u0107 uzyskania rabatu, prosimy o kontakt z obs\u0142ug\u0105 klienta.<\/span><\/strong><\/h5>\n<h5><strong><span style=\"color: #ff0000; font-size: 19.2px;\">\u25b2<\/span><span style=\"color: #ff0000; font-size: 19.2px;\">Czas dostawy zam\u00f3wie\u0144<\/span> <span style=\"color: #ff0000;\">na Tajwan wynosi<\/span> <span style=\"color: #ff0000; font-size: 19.2px;\">oko\u0142o 7\u201314 dni roboczych<\/span><\/strong><\/h5>\n<h5><strong><span style=\"color: #ff0000; font-size: 19.2px;\">\u25b2<\/span><span style=\"color: #ff0000;\">Czas realizacji wysy\u0142ki mi\u0119dzynarodowej wynosi 7-14 dni, natomiast rzeczywisty czas dostawy zale\u017cy od danej firmy kurierskiej.<\/span><\/strong><\/h5>\n<\/div>\n","protected":false},"featured_media":130972,"template":"","meta":{"site-sidebar-layout":"default","site-content-layout":"default","ast-site-content-layout":"default","site-content-style":"default","site-sidebar-style":"default","ast-global-header-display":"","ast-banner-title-visibility":"","ast-main-header-display":"","ast-hfb-above-header-display":"","ast-hfb-below-header-display":"","ast-hfb-mobile-header-display":"","site-post-title":"","ast-breadcrumbs-content":"","ast-featured-img":"","footer-sml-layout":"","ast-disable-related-posts":"","theme-transparent-header-meta":"default","adv-header-id-meta":"","stick-header-meta":"default","header-above-stick-meta":"","header-main-stick-meta":"","header-below-stick-meta":"","astra-migrate-meta-layouts":"default","ast-page-background-enabled":"default","ast-page-background-meta":{"desktop":{"background-color":"var(--ast-global-color-5)","background-image":"","background-repeat":"repeat","background-position":"center center","background-size":"auto","background-attachment":"scroll","background-type":"","background-media":"","overlay-type":"","overlay-color":"","overlay-opacity":"","overlay-gradient":""},"tablet":{"background-color":"","background-image":"","background-repeat":"repeat","background-position":"center center","background-size":"auto","background-attachment":"scroll","background-type":"","background-media":"","overlay-type":"","overlay-color":"","overlay-opacity":"","overlay-gradient":""},"mobile":{"background-color":"","background-image":"","background-repeat":"repeat","background-position":"center center","background-size":"auto","background-attachment":"scroll","background-type":"","background-media":"","overlay-type":"","overlay-color":"","overlay-opacity":"","overlay-gradient":""}},"ast-content-background-meta":{"desktop":{"background-color":"var(--ast-global-color-4)","background-image":"","background-repeat":"repeat","background-position":"center center","background-size":"auto","background-attachment":"scroll","background-type":"","background-media":"","overlay-type":"","overlay-color":"","overlay-opacity":"","overlay-gradient":""},"tablet":{"background-color":"var(--ast-global-color-4)","background-image":"","background-repeat":"repeat","background-position":"center center","background-size":"auto","background-attachment":"scroll","background-type":"","background-media":"","overlay-type":"","overlay-color":"","overlay-opacity":"","overlay-gradient":""},"mobile":{"background-color":"var(--ast-global-color-4)","background-image":"","background-repeat":"repeat","background-position":"center center","background-size":"auto","background-attachment":"scroll","background-type":"","background-media":"","overlay-type":"","overlay-color":"","overlay-opacity":"","overlay-gradient":""}}},"product_brand":[],"product_cat":[3563,3577],"product_tag":[3961,3872],"class_list":{"0":"post-131045","1":"product","2":"type-product","3":"status-publish","4":"has-post-thumbnail","6":"product_cat-materialy-eksploatacyjne-do-szlifowania-i-polerowania","7":"product_cat-ceramiczny-kamien-szlifierski-na-wloknie","8":"product_tag-diamentowa-oselka","9":"product_tag-diamentowy-kamien-z-wlokna-ceramicznego","10":"desktop-align-left","11":"tablet-align-left","12":"mobile-align-left","13":"ast-product-gallery-layout-horizontal-slider","14":"ast-product-single-variable","15":"ast-product-tabs-layout-horizontal","17":"first","18":"instock","19":"taxable","20":"shipping-taxable","21":"purchasable","22":"product-type-variable"},"_links":{"self":[{"href":"https:\/\/honwaygroup.com\/pl\/wp-json\/wp\/v2\/product\/131045","targetHints":{"allow":["GET"]}}],"collection":[{"href":"https:\/\/honwaygroup.com\/pl\/wp-json\/wp\/v2\/product"}],"about":[{"href":"https:\/\/honwaygroup.com\/pl\/wp-json\/wp\/v2\/types\/product"}],"version-history":[{"count":0,"href":"https:\/\/honwaygroup.com\/pl\/wp-json\/wp\/v2\/product\/131045\/revisions"}],"wp:featuredmedia":[{"embeddable":true,"href":"https:\/\/honwaygroup.com\/pl\/wp-json\/wp\/v2\/media\/130972"}],"wp:attachment":[{"href":"https:\/\/honwaygroup.com\/pl\/wp-json\/wp\/v2\/media?parent=131045"}],"wp:term":[{"taxonomy":"product_brand","embeddable":true,"href":"https:\/\/honwaygroup.com\/pl\/wp-json\/wp\/v2\/product_brand?post=131045"},{"taxonomy":"product_cat","embeddable":true,"href":"https:\/\/honwaygroup.com\/pl\/wp-json\/wp\/v2\/product_cat?post=131045"},{"taxonomy":"product_tag","embeddable":true,"href":"https:\/\/honwaygroup.com\/pl\/wp-json\/wp\/v2\/product_tag?post=131045"}],"curies":[{"name":"wp","href":"https:\/\/api.w.org\/{rel}","templated":true}]}}