{"id":127621,"date":"2021-01-18T17:48:20","date_gmt":"2021-01-18T09:48:20","guid":{"rendered":"https:\/\/honwaygroup.com\/product\/ar-800p-wydajny-zasilacz-z-dwufunkcyjnymi-wyjsciami\/"},"modified":"2025-09-26T10:45:15","modified_gmt":"2025-09-26T02:45:15","slug":"ar-800p-wydajny-zasilacz-z-dwufunkcyjnymi-wyjsciami","status":"publish","type":"product","link":"https:\/\/honwaygroup.com\/pl\/produkt\/ar-800p-wydajny-zasilacz-z-dwufunkcyjnymi-wyjsciami\/","title":{"rendered":"AR-800(P) Wydajny zasilacz z dwufunkcyjnymi wyj\u015bciami."},"content":{"rendered":"<div id=\"dMainContent\" class=\"animated fadeIn\">\n<div id=\"productDetailWrap\">\n<div id=\"productContentWrap\" class=\"animated fadeIn\">\n<div id=\"mainArea\" class=\"productDetail\">\n<div class=\"wrap\">\n<div id=\"mainAreaLeft\">\n<div class=\"wrap\">\n<div class=\"resRow\">\n<div class=\"resCol12\">\n<div class=\"resMargin\">\n<h1>AR-800(P) Wydajny zasilacz z dwufunkcyjnymi wyj\u015bciami.<\/h1>\n<h4><strong>Konstrukcja oparta na zaawansowanym i wysoce wydajnym mikroprocesorze, oferuj\u0105ca zar\u00f3wno wyj\u015bcie dla silnika szczotkowego, jak i bezszczotkowego.<\/strong><\/h4>\n<\/div>\n<\/div>\n<\/div>\n<h2>Cechy produktu:<\/h2>\n<div class=\"resRow\">\n<div class=\"resCol12\">\n<div class=\"resMargin\">\n<ul>\n<li>Nowo zaprojektowany, flagowy model, wykorzystuj\u0105cy zaawansowany, wysokoefektywny mikroprocesor, \u0142\u0105cz\u0105cy podw\u00f3jne wyj\u015bcie silnika szczotkowego i bezszczotkowego.<\/li>\n<li>Maksymalna moc wyj\u015bciowa silnika szczotkowego wynosi 150 wat\u00f3w, a silnika bezszczotkowego 250 wat\u00f3w, co zapewnia wi\u0119kszy moment obrotowy dla r\u00f3\u017cnych narz\u0119dzi i optymaln\u0105 wydajno\u015b\u0107 szlifowania.<\/li>\n<li>Wy\u015bwietlacz pr\u0119dko\u015bci obrotowej LED: podczas korzystania z narz\u0119dzia bezszczotkowego, pozwala on dostosowa\u0107 najbardziej odpowiedni\u0105 pr\u0119dko\u015b\u0107 obrotow\u0105 w zale\u017cno\u015bci od r\u00f3\u017cnych narz\u0119dzi i ich \u015brednicy zewn\u0119trznej, aby osi\u0105gn\u0105\u0107 najefektywniejsze i najbezpieczniejsze efekty szlifowania.<\/li>\n<li>Podczas korzystania z narz\u0119dzia szczotkowego, wy\u015bwietlacz LED pokazuje napi\u0119cie wyj\u015bciowe, kt\u00f3re r\u00f3wnie\u017c mo\u017cna przeliczy\u0107 na pr\u0119dko\u015b\u0107 obrotow\u0105 narz\u0119dzia, aby zapewni\u0107 najefektywniejsz\u0105 i najbezpieczniejsz\u0105 prac\u0119 szlifowania.<\/li>\n<li>Zaawansowany, wysokoefektywny mikroprocesor mo\u017ce w ka\u017cdej chwili wykry\u0107 stan pracy narz\u0119dzia i precyzyjnie kontrolowa\u0107 wyj\u015bcie r\u00f3\u017cnych narz\u0119dzi, chroni\u0105c obw\u00f3d, kompensuj\u0105c moment obrotowy i stabilizuj\u0105c pr\u0119dko\u015b\u0107 obrotow\u0105, aby zapewni\u0107 optymaln\u0105 wydajno\u015b\u0107 narz\u0119dzia.<\/li>\n<\/ul>\n<h2>Specyfikacja produktu:<\/h2>\n<table class=\"specTable\" width=\"100%\">\n<tbody>\n<tr>\n<td>\u0179r\u00f3d\u0142o zasilania<\/td>\n<td>AC-90V ~ 250V, 50\/60 Hz<\/td>\n<\/tr>\n<tr>\n<td>Moc wyj\u015bciowa bezszczotkowa<\/td>\n<td>250 wat\u00f3w<\/td>\n<\/tr>\n<tr>\n<td>Pr\u0119dko\u015b\u0107 obrotowa bezszczotkowa<\/td>\n<td>1,000~50,000 rpm<\/td>\n<\/tr>\n<tr>\n<td>Moc wyj\u015bciowa szczotkowa<\/td>\n<td>150 wat\u00f3w (VA)<\/td>\n<\/tr>\n<tr>\n<td>Napi\u0119cie wyj\u015bciowe szczotkowe\n<\/td>\n<td>5~32V<\/td>\n<\/tr>\n<tr>\n<td>Bezpiecznik<\/td>\n<td>3.15A<\/td>\n<\/tr>\n<tr>\n<td>Wymiary<\/td>\n<td>170x260x140mm (2.56kg)<\/td>\n<\/tr>\n<\/tbody>\n<\/table>\n<h2>Zakres zastosowania:<\/h2>\n<h4>Podstawowe przyk\u0142ady zastosowa\u0144<\/h4>\n<table class=\"specTable\" width=\"100%\">\n<tbody>\n<tr>\n<th>Wyka\u0144czenie kraw\u0119dzi\n<\/th>\n<th>Grawerowanie\n<\/th>\n<th>Polerowanie<\/th>\n<\/tr>\n<tr>\n<td><a href=\"https:\/\/honwaygroup.com\/wp-content\/uploads\/2021\/01\/AR-800P-%E5%BC%B7%E5%8A%9B%E9%9B%99%E5%8A%9F%E8%83%BD%E8%BC%B8%E5%87%BA%E9%9B%BB%E6%BA%90%E6%8E%A7%E5%88%B6%E5%99%A8-1.webp\"><img fetchpriority=\"high\" decoding=\"async\" class=\"alignnone size-medium wp-image-28495\" src=\"https:\/\/honwaygroup.com\/wp-content\/uploads\/2021\/01\/AR-800P-%E5%BC%B7%E5%8A%9B%E9%9B%99%E5%8A%9F%E8%83%BD%E8%BC%B8%E5%87%BA%E9%9B%BB%E6%BA%90%E6%8E%A7%E5%88%B6%E5%99%A8-1-300x269.webp\" alt=\"\" width=\"300\" height=\"269\"><\/a><\/td>\n<td><a href=\"https:\/\/honwaygroup.com\/wp-content\/uploads\/2021\/01\/AR-800P-%E5%BC%B7%E5%8A%9B%E9%9B%99%E5%8A%9F%E8%83%BD%E8%BC%B8%E5%87%BA%E9%9B%BB%E6%BA%90%E6%8E%A7%E5%88%B6%E5%99%A8-2.webp\"><img decoding=\"async\" class=\"alignnone wp-image-28499 size-medium\" src=\"https:\/\/honwaygroup.com\/wp-content\/uploads\/2021\/01\/AR-800P-%E5%BC%B7%E5%8A%9B%E9%9B%99%E5%8A%9F%E8%83%BD%E8%BC%B8%E5%87%BA%E9%9B%BB%E6%BA%90%E6%8E%A7%E5%88%B6%E5%99%A8-2-300x269.webp\" alt=\"\" width=\"300\" height=\"269\"><\/a><\/td>\n<td><a href=\"https:\/\/honwaygroup.com\/wp-content\/uploads\/2021\/01\/AR-800P-%E5%BC%B7%E5%8A%9B%E9%9B%99%E5%8A%9F%E8%83%BD%E8%BC%B8%E5%87%BA%E9%9B%BB%E6%BA%90%E6%8E%A7%E5%88%B6%E5%99%A8-3.webp\"><img decoding=\"async\" class=\"alignnone wp-image-28503 size-medium\" src=\"https:\/\/honwaygroup.com\/wp-content\/uploads\/2021\/01\/AR-800P-%E5%BC%B7%E5%8A%9B%E9%9B%99%E5%8A%9F%E8%83%BD%E8%BC%B8%E5%87%BA%E9%9B%BB%E6%BA%90%E6%8E%A7%E5%88%B6%E5%99%A8-3-300x269.webp\" alt=\"\" width=\"300\" height=\"269\"><\/a><\/td>\n<\/tr>\n<\/tbody>\n<\/table>\n<h2 class=\"red\">AR-800(P) opcjonalnie:<\/h2>\n<ul class=\"main_ul\">\n<li><strong>Wszystkie pozosta\u0142e artyku\u0142y s\u0105 opcjonalne, AR-800 (P) nie zawiera\uff0czwr\u00f3\u0107 uwag\u0119 podczas sk\u0142adania zam\u00f3wienia<\/strong><\/li>\n<\/ul>\n<table class=\"specTable\" width=\"100%\">\n<tbody>\n<tr>\n<th class=\"white\" rowspan=\"2\" width=\"25%\"><a href=\"https:\/\/honwaygroup.com\/wp-content\/uploads\/2021\/01\/AR-800P-%E5%BC%B7%E5%8A%9B%E9%9B%99%E5%8A%9F%E8%83%BD%E8%BC%B8%E5%87%BA%E9%9B%BB%E6%BA%90%E6%8E%A7%E5%88%B6%E5%99%A8-4.webp\"><img loading=\"lazy\" decoding=\"async\" class=\"alignnone size-medium wp-image-28507\" src=\"https:\/\/honwaygroup.com\/wp-content\/uploads\/2021\/01\/AR-800P-%E5%BC%B7%E5%8A%9B%E9%9B%99%E5%8A%9F%E8%83%BD%E8%BC%B8%E5%87%BA%E9%9B%BB%E6%BA%90%E6%8E%A7%E5%88%B6%E5%99%A8-4-300x176.webp\" alt=\"\" width=\"300\" height=\"176\"><\/a><\/th>\n<th><strong>Model<\/strong><\/th>\n<th><strong>Specyfikacja<\/strong><\/th>\n<\/tr>\n<tr>\n<td>U-Lap60<\/td>\n<td><strong>Elektryczna miniszlifierka r\u0119czna ( DC model bezszczotkowy )<\/strong><br \/>\nPr\u0119dko\u015b\u0107 obrotowa : 50,000 rpm<br \/>\nMoment obrotowy : 7.8 Ncm<br \/>\nWymiary : \u00d829 x 161mm<br \/>\nWaga : 250g<\/td>\n<\/tr>\n<\/tbody>\n<\/table>\n<table class=\"specTable\" width=\"100%\">\n<tbody>\n<tr>\n<th class=\"white\" rowspan=\"2\" width=\"25%\"><a href=\"https:\/\/honwaygroup.com\/wp-content\/uploads\/2021\/01\/AR-800P-%E5%BC%B7%E5%8A%9B%E9%9B%99%E5%8A%9F%E8%83%BD%E8%BC%B8%E5%87%BA%E9%9B%BB%E6%BA%90%E6%8E%A7%E5%88%B6%E5%99%A8-5.webp\"><img loading=\"lazy\" decoding=\"async\" class=\"alignnone size-medium wp-image-28511\" src=\"https:\/\/honwaygroup.com\/wp-content\/uploads\/2021\/01\/AR-800P-%E5%BC%B7%E5%8A%9B%E9%9B%99%E5%8A%9F%E8%83%BD%E8%BC%B8%E5%87%BA%E9%9B%BB%E6%BA%90%E6%8E%A7%E5%88%B6%E5%99%A8-5-300x179.webp\" alt=\"\" width=\"300\" height=\"179\"><\/a><\/th>\n<th><strong>Model<\/strong><\/th>\n<th><strong>Specyfikacja<\/strong><\/th>\n<\/tr>\n<tr>\n<td>U-Lap50<\/td>\n<td><strong>Elektryczna miniszlifierka r\u0119czna ( DC model szczotkowy )<\/strong><br \/>\nPr\u0119dko\u015b\u0107 obrotowa : 40,000 rpm<br \/>\nMoment obrotowy : 4.5 Ncm<br \/>\nWymiary : \u00d829 x 153mm<br \/>\nWaga : 260g<\/td>\n<\/tr>\n<\/tbody>\n<\/table>\n<table class=\"specTable\" width=\"100%\">\n<tbody>\n<tr>\n<th class=\"white\" rowspan=\"2\" width=\"25%\"><a href=\"https:\/\/honwaygroup.com\/wp-content\/uploads\/2021\/01\/AR-800P-%E5%BC%B7%E5%8A%9B%E9%9B%99%E5%8A%9F%E8%83%BD%E8%BC%B8%E5%87%BA%E9%9B%BB%E6%BA%90%E6%8E%A7%E5%88%B6%E5%99%A8-6.webp\"><img loading=\"lazy\" decoding=\"async\" class=\"alignnone size-medium wp-image-28515\" src=\"https:\/\/honwaygroup.com\/wp-content\/uploads\/2021\/01\/AR-800P-%E5%BC%B7%E5%8A%9B%E9%9B%99%E5%8A%9F%E8%83%BD%E8%BC%B8%E5%87%BA%E9%9B%BB%E6%BA%90%E6%8E%A7%E5%88%B6%E5%99%A8-6-300x175.webp\" alt=\"\" width=\"300\" height=\"175\"><\/a><\/th>\n<th><strong>Model<\/strong><\/th>\n<th><strong>Specyfikacja<\/strong><\/th>\n<\/tr>\n<tr>\n<td>U-Lap35<\/td>\n<td><strong>Elektryczna miniszlifierka r\u0119czna ( DC model szczotkowy )<br \/>\n<\/strong>Pr\u0119dko\u015b\u0107 obrotowa : 35,000 rpm<br \/>\nMoment obrotowy : 2.9 Ncm<br \/>\nWymiary : \u00d829 x 152mm<br \/>\nWaga : 230g<\/td>\n<\/tr>\n<\/tbody>\n<\/table>\n<\/div>\n<\/div>\n<div class=\"clear\"><\/div>\n<\/div>\n<\/div>\n<\/div>\n<div id=\"mainAreaRight\" class=\"animated slideInRight\">\n<div class=\"wrap\">\n<div class=\"titleWrap\">\n<h2>Powi\u0105zane artyku\u0142y oraz akcesoria:<\/h2>\n<p><strong>(ilo\u015b\u0107 : 06)<\/strong><\/p>\n<\/div>\n<div class=\"sliderWrap\">\n<div id=\"mySlider\">\n<div class=\"sliderContainer sliderVertical\">\n<ol>\n<li><a href=\"https:\/\/honwaygroup.com\/wp-content\/uploads\/2021\/01\/AR-800P-%E5%BC%B7%E5%8A%9B%E9%9B%99%E5%8A%9F%E8%83%BD%E8%BC%B8%E5%87%BA%E9%9B%BB%E6%BA%90%E6%8E%A7%E5%88%B6%E5%99%A8-7.webp\"><img loading=\"lazy\" decoding=\"async\" class=\"alignnone size-medium wp-image-28519\" src=\"https:\/\/honwaygroup.com\/wp-content\/uploads\/2021\/01\/AR-800P-%E5%BC%B7%E5%8A%9B%E9%9B%99%E5%8A%9F%E8%83%BD%E8%BC%B8%E5%87%BA%E9%9B%BB%E6%BA%90%E6%8E%A7%E5%88%B6%E5%99%A8-7-300x225.webp\" alt=\"\" width=\"300\" height=\"225\"><\/a><br \/>\n<strong>Seria BM diamentowy pr\u0119t \u015bcierny<\/strong><br \/>\n<strong><strong>(\u015brednica : \u00d83.0mm)<\/strong><\/strong><\/li>\n<li><a href=\"https:\/\/honwaygroup.com\/wp-content\/uploads\/2021\/01\/AR-800P-%E5%BC%B7%E5%8A%9B%E9%9B%99%E5%8A%9F%E8%83%BD%E8%BC%B8%E5%87%BA%E9%9B%BB%E6%BA%90%E6%8E%A7%E5%88%B6%E5%99%A8-8.webp\"><img loading=\"lazy\" decoding=\"async\" class=\"alignnone size-medium wp-image-28524\" src=\"https:\/\/honwaygroup.com\/wp-content\/uploads\/2021\/01\/AR-800P-%E5%BC%B7%E5%8A%9B%E9%9B%99%E5%8A%9F%E8%83%BD%E8%BC%B8%E5%87%BA%E9%9B%BB%E6%BA%90%E6%8E%A7%E5%88%B6%E5%99%A8-8-300x225.webp\" alt=\"\" width=\"300\" height=\"225\"><\/a><br \/>\n<strong><strong>\u015aciernica z uchwytem<\/strong><\/strong><\/li>\n<li><a href=\"https:\/\/honwaygroup.com\/wp-content\/uploads\/2021\/01\/AR-800P-%E5%BC%B7%E5%8A%9B%E9%9B%99%E5%8A%9F%E8%83%BD%E8%BC%B8%E5%87%BA%E9%9B%BB%E6%BA%90%E6%8E%A7%E5%88%B6%E5%99%A8-9.webp\"><img loading=\"lazy\" decoding=\"async\" class=\"alignnone size-medium wp-image-28528\" src=\"https:\/\/honwaygroup.com\/wp-content\/uploads\/2021\/01\/AR-800P-%E5%BC%B7%E5%8A%9B%E9%9B%99%E5%8A%9F%E8%83%BD%E8%BC%B8%E5%87%BA%E9%9B%BB%E6%BA%90%E6%8E%A7%E5%88%B6%E5%99%A8-9-300x225.webp\" alt=\"\" width=\"300\" height=\"225\"><\/a><br \/>\n<strong><strong>Elastyczna \u015bciernica z uchwytem<\/strong><\/strong><\/li>\n<li><a href=\"https:\/\/honwaygroup.com\/wp-content\/uploads\/2021\/01\/AR-800P-%E5%BC%B7%E5%8A%9B%E9%9B%99%E5%8A%9F%E8%83%BD%E8%BC%B8%E5%87%BA%E9%9B%BB%E6%BA%90%E6%8E%A7%E5%88%B6%E5%99%A8-4.webp\"><img loading=\"lazy\" decoding=\"async\" class=\"alignnone size-medium wp-image-28507\" src=\"https:\/\/honwaygroup.com\/wp-content\/uploads\/2021\/01\/AR-800P-%E5%BC%B7%E5%8A%9B%E9%9B%99%E5%8A%9F%E8%83%BD%E8%BC%B8%E5%87%BA%E9%9B%BB%E6%BA%90%E6%8E%A7%E5%88%B6%E5%99%A8-4-300x176.webp\" alt=\"\" width=\"300\" height=\"176\"><\/a><br \/>\n<strong><strong>U-LAP 60 Bezszczotkowa miniszlifierka r\u0119czna \/ model szybkoobrotowy<\/strong><\/strong><\/li>\n<li><a href=\"https:\/\/honwaygroup.com\/wp-content\/uploads\/2021\/01\/AR-800P-%E5%BC%B7%E5%8A%9B%E9%9B%99%E5%8A%9F%E8%83%BD%E8%BC%B8%E5%87%BA%E9%9B%BB%E6%BA%90%E6%8E%A7%E5%88%B6%E5%99%A8-5.webp\"><img loading=\"lazy\" decoding=\"async\" class=\"alignnone size-medium wp-image-28511\" src=\"https:\/\/honwaygroup.com\/wp-content\/uploads\/2021\/01\/AR-800P-%E5%BC%B7%E5%8A%9B%E9%9B%99%E5%8A%9F%E8%83%BD%E8%BC%B8%E5%87%BA%E9%9B%BB%E6%BA%90%E6%8E%A7%E5%88%B6%E5%99%A8-5-300x179.webp\" alt=\"\" width=\"300\" height=\"179\"><\/a><br \/>\n<strong><strong>U-LAP 50 R\u0119czna miniszlifierka szczotkowa \/ model szybkoobrotowy<\/strong><\/strong><\/li>\n<li><a href=\"https:\/\/honwaygroup.com\/wp-content\/uploads\/2021\/01\/AR-800P-%E5%BC%B7%E5%8A%9B%E9%9B%99%E5%8A%9F%E8%83%BD%E8%BC%B8%E5%87%BA%E9%9B%BB%E6%BA%90%E6%8E%A7%E5%88%B6%E5%99%A8-6.webp\"><img loading=\"lazy\" decoding=\"async\" class=\"alignnone size-medium wp-image-28515\" src=\"https:\/\/honwaygroup.com\/wp-content\/uploads\/2021\/01\/AR-800P-%E5%BC%B7%E5%8A%9B%E9%9B%99%E5%8A%9F%E8%83%BD%E8%BC%B8%E5%87%BA%E9%9B%BB%E6%BA%90%E6%8E%A7%E5%88%B6%E5%99%A8-6-300x175.webp\" alt=\"\" width=\"300\" height=\"175\"><\/a><br \/>\n<strong><strong>U-LAP 35 R\u0119czna miniszlifierka obrotowa \/ model ekonomiczny<\/strong><\/strong><\/li>\n<\/ol>\n<div class=\"sliderContainerPrevBtn\">Masz pytanie? <a href=\"https:\/\/honwaygroup.com\/pl\/skontaktuj-sie-z-nami\/\">Skontaktuj si\u0119 z nami!<\/a><\/div>\n<div class=\"sliderContainerNextBtn\"><\/div>\n<\/div>\n<\/div>\n<\/div>\n<\/div>\n<\/div>\n<\/div>\n<\/div>\n<\/div>\n<\/div>\n<\/div>\n","protected":false},"excerpt":{"rendered":"<div id=\"desWrap\">\n<ul>\n<li>Nowo zaprojektowany, flagowy model, wykorzystuj\u0105cy zaawansowany, wysokoefektywny mikroprocesor, \u0142\u0105cz\u0105cy podw\u00f3jne wyj\u015bcie silnika szczotkowego i bezszczotkowego.<\/li>\n<li>Maksymalna moc wyj\u015bciowa silnika szczotkowego wynosi 150 wat\u00f3w, a silnika bezszczotkowego 250 wat\u00f3w, co zapewnia wi\u0119kszy moment obrotowy dla r\u00f3\u017cnych narz\u0119dzi i optymaln\u0105 wydajno\u015b\u0107 szlifowania.<\/li>\n<li>Wy\u015bwietlacz pr\u0119dko\u015bci obrotowej LED: podczas korzystania z narz\u0119dzia bezszczotkowego, pozwala on dostosowa\u0107 najbardziej odpowiedni\u0105 pr\u0119dko\u015b\u0107 obrotow\u0105 w zale\u017cno\u015bci od r\u00f3\u017cnych narz\u0119dzi i ich \u015brednicy zewn\u0119trznej, aby osi\u0105gn\u0105\u0107 najefektywniejsze i najbezpieczniejsze efekty szlifowania.<\/li>\n<li>Podczas korzystania z narz\u0119dzia szczotkowego, wy\u015bwietlacz LED pokazuje napi\u0119cie wyj\u015bciowe, kt\u00f3re r\u00f3wnie\u017c mo\u017cna przeliczy\u0107 na pr\u0119dko\u015b\u0107 obrotow\u0105 narz\u0119dzia, aby zapewni\u0107 najefektywniejsz\u0105 i najbezpieczniejsz\u0105 prac\u0119 szlifowania.<\/li>\n<li>Zaawansowany, wysokoefektywny mikroprocesor mo\u017ce w ka\u017cdej chwili wykry\u0107 stan pracy narz\u0119dzia i precyzyjnie kontrolowa\u0107 wyj\u015bcie r\u00f3\u017cnych narz\u0119dzi, chroni\u0105c obw\u00f3d, kompensuj\u0105c moment obrotowy i stabilizuj\u0105c pr\u0119dko\u015b\u0107 obrotow\u0105, aby zapewni\u0107 optymaln\u0105 wydajno\u015b\u0107 narz\u0119dzia.<\/li>\n<\/ul>\n<h5><strong><span style=\"color: #ff0000;font-size: 19.2px\">\u25b2 Zapraszamy do zapyta\u0144 o wycen\u0119: <a href=\"https:\/\/honwaygroup.com\/pl\/skontaktuj-sie-z-nami\/\" target=\"_blank\" rel=\"noopener\">Skontaktuj si\u0119 z nami!<\/a><\/span><\/strong><\/h5>\n<h5><strong><span style=\"color: #ff0000;font-size: 19.2px\">\u25b2 W razie potrzeby zakupu dodatkowych cz\u0119\u015bci prosimy o kontakt z obs\u0142ug\u0105 klienta.<\/span><\/strong> <strong><span style=\"color: #ff0000;font-size: 19.2px\">W celu uzyskania informacji o czasie realizacji takiego zam\u00f3wienia oraz czasie dostawy r\u00f3wnie\u017c prosimy o kontakt z obs\u0142ug\u0105 klienta<\/span><\/strong><\/h5>\n<h5><strong><span style=\"color: #ff0000;font-size: 19.2px\">\u25b2 <\/span><\/strong><strong><span style=\"color: #ff0000;font-size: 19.2px\">Przy wi\u0119kszych zam\u00f3wieniach istnieje mo\u017cliwo\u015b\u0107 uzyskania rabatu, prosimy o kontakt z obs\u0142ug\u0105 klienta.<\/span><\/strong><\/h5>\n<h5><strong><span style=\"color: #ff0000;font-size: 19.2px\">\u25b2<\/span><span style=\"color: #ff0000;font-size: 19.2px\">Czas dostawy zam\u00f3wie\u0144<\/span> <span style=\"color: #ff0000\">na Tajwan wynosi<\/span> <span style=\"color: #ff0000;font-size: 19.2px\">oko\u0142o 7\u201314 dni roboczych<\/span><\/strong><\/h5>\n<h5><strong><span style=\"color: #ff0000;font-size: 19.2px\">\u25b2<\/span><span style=\"color: #ff0000\">Czas realizacji wysy\u0142ki mi\u0119dzynarodowej wynosi 7-14 dni, natomiast rzeczywisty czas dostawy zale\u017cy od danej firmy kurierskiej.<\/span><\/strong><\/h5>\n<\/div>\n","protected":false},"featured_media":127622,"template":"","meta":{"site-sidebar-layout":"default","site-content-layout":"default","ast-site-content-layout":"default","site-content-style":"default","site-sidebar-style":"default","ast-global-header-display":"","ast-banner-title-visibility":"","ast-main-header-display":"","ast-hfb-above-header-display":"","ast-hfb-below-header-display":"","ast-hfb-mobile-header-display":"","site-post-title":"","ast-breadcrumbs-content":"","ast-featured-img":"","footer-sml-layout":"","ast-disable-related-posts":"","theme-transparent-header-meta":"default","adv-header-id-meta":"","stick-header-meta":"default","header-above-stick-meta":"","header-main-stick-meta":"","header-below-stick-meta":"","astra-migrate-meta-layouts":"default","ast-page-background-enabled":"default","ast-page-background-meta":{"desktop":{"background-color":"var(--ast-global-color-5)","background-image":"","background-repeat":"repeat","background-position":"center center","background-size":"auto","background-attachment":"scroll","background-type":"","background-media":"","overlay-type":"","overlay-color":"","overlay-opacity":"","overlay-gradient":""},"tablet":{"background-color":"","background-image":"","background-repeat":"repeat","background-position":"center center","background-size":"auto","background-attachment":"scroll","background-type":"","background-media":"","overlay-type":"","overlay-color":"","overlay-opacity":"","overlay-gradient":""},"mobile":{"background-color":"","background-image":"","background-repeat":"repeat","background-position":"center center","background-size":"auto","background-attachment":"scroll","background-type":"","background-media":"","overlay-type":"","overlay-color":"","overlay-opacity":"","overlay-gradient":""}},"ast-content-background-meta":{"desktop":{"background-color":"var(--ast-global-color-4)","background-image":"","background-repeat":"repeat","background-position":"center center","background-size":"auto","background-attachment":"scroll","background-type":"","background-media":"","overlay-type":"","overlay-color":"","overlay-opacity":"","overlay-gradient":""},"tablet":{"background-color":"var(--ast-global-color-4)","background-image":"","background-repeat":"repeat","background-position":"center center","background-size":"auto","background-attachment":"scroll","background-type":"","background-media":"","overlay-type":"","overlay-color":"","overlay-opacity":"","overlay-gradient":""},"mobile":{"background-color":"var(--ast-global-color-4)","background-image":"","background-repeat":"repeat","background-position":"center center","background-size":"auto","background-attachment":"scroll","background-type":"","background-media":"","overlay-type":"","overlay-color":"","overlay-opacity":"","overlay-gradient":""}}},"product_brand":[],"product_cat":[3556,3547],"product_tag":[3981],"class_list":{"0":"post-127621","1":"product","2":"type-product","3":"status-publish","4":"has-post-thumbnail","6":"product_cat-sterowniki-zasilania","7":"product_cat-szlifierki-ultradzwiekowe-i","8":"product_tag-sterowniki-zasilania","9":"desktop-align-left","10":"tablet-align-left","11":"mobile-align-left","12":"ast-product-gallery-layout-horizontal-slider","13":"ast-product-gallery-with-no-image","14":"ast-product-tabs-layout-horizontal","16":"first","17":"instock","18":"taxable","19":"shipping-taxable","20":"product-type-simple"},"_links":{"self":[{"href":"https:\/\/honwaygroup.com\/pl\/wp-json\/wp\/v2\/product\/127621","targetHints":{"allow":["GET"]}}],"collection":[{"href":"https:\/\/honwaygroup.com\/pl\/wp-json\/wp\/v2\/product"}],"about":[{"href":"https:\/\/honwaygroup.com\/pl\/wp-json\/wp\/v2\/types\/product"}],"version-history":[{"count":0,"href":"https:\/\/honwaygroup.com\/pl\/wp-json\/wp\/v2\/product\/127621\/revisions"}],"wp:featuredmedia":[{"embeddable":true,"href":"https:\/\/honwaygroup.com\/pl\/wp-json\/wp\/v2\/media\/127622"}],"wp:attachment":[{"href":"https:\/\/honwaygroup.com\/pl\/wp-json\/wp\/v2\/media?parent=127621"}],"wp:term":[{"taxonomy":"product_brand","embeddable":true,"href":"https:\/\/honwaygroup.com\/pl\/wp-json\/wp\/v2\/product_brand?post=127621"},{"taxonomy":"product_cat","embeddable":true,"href":"https:\/\/honwaygroup.com\/pl\/wp-json\/wp\/v2\/product_cat?post=127621"},{"taxonomy":"product_tag","embeddable":true,"href":"https:\/\/honwaygroup.com\/pl\/wp-json\/wp\/v2\/product_tag?post=127621"}],"curies":[{"name":"wp","href":"https:\/\/api.w.org\/{rel}","templated":true}]}}