{"id":127618,"date":"2021-01-18T17:57:04","date_gmt":"2021-01-18T09:57:04","guid":{"rendered":"https:\/\/honwaygroup.com\/product\/ap-200-wielofunkcyjny-kontroler-zasilania-do-modeli-szczotkowych\/"},"modified":"2021-01-18T17:57:04","modified_gmt":"2021-01-18T09:57:04","slug":"ap-200-wielofunkcyjny-kontroler-zasilania-do-modeli-szczotkowych","status":"publish","type":"product","link":"https:\/\/honwaygroup.com\/pl\/produkt\/ap-200-wielofunkcyjny-kontroler-zasilania-do-modeli-szczotkowych\/","title":{"rendered":"AP-200 Wielofunkcyjny kontroler zasilania do modeli szczotkowych"},"content":{"rendered":"<h1><strong>AP-200 Wielofunkcyjny kontroler zasilania do modeli szczotkowych<\/strong><\/h1>\n<h2>Cechy produktu:<\/h2>\n<ul>\n<li><strong>AP-200 Innowacyjny kontroler zasilania<\/strong><\/li>\n<li><strong>Ten zasilacz oferuje trzy opcje wyj\u015bcia funkcyjnego: <\/strong>funkcja normalna, funkcja \u0142agodnego rozruchu i funkcja automatycznej kompensacji momentu obrotowego.<\/li>\n<\/ul>\n<h2>Zakres zastosowania:<\/h2>\n<h4>Podstawowe przyk\u0142ady zastosowa\u0144<\/h4>\n<table class=\"specTable\" width=\"100%\">\n<tbody>\n<tr>\n<th>Wyka\u0144czenie kraw\u0119dzi\n<\/th>\n<th>Grawerowanie\n<\/th>\n<th>Polerowanie<\/th>\n<\/tr>\n<tr>\n<td><a href=\"https:\/\/honwaygroup.com\/wp-content\/uploads\/2021\/01\/AR-800P-%E5%BC%B7%E5%8A%9B%E9%9B%99%E5%8A%9F%E8%83%BD%E8%BC%B8%E5%87%BA%E9%9B%BB%E6%BA%90%E6%8E%A7%E5%88%B6%E5%99%A8-1.webp\"><img fetchpriority=\"high\" decoding=\"async\" class=\"alignnone size-medium wp-image-28495\" src=\"https:\/\/honwaygroup.com\/wp-content\/uploads\/2021\/01\/AR-800P-%E5%BC%B7%E5%8A%9B%E9%9B%99%E5%8A%9F%E8%83%BD%E8%BC%B8%E5%87%BA%E9%9B%BB%E6%BA%90%E6%8E%A7%E5%88%B6%E5%99%A8-1-300x269.webp\" alt=\"\" width=\"300\" height=\"269\"><\/a><\/td>\n<td><a href=\"https:\/\/honwaygroup.com\/wp-content\/uploads\/2021\/01\/AR-800P-%E5%BC%B7%E5%8A%9B%E9%9B%99%E5%8A%9F%E8%83%BD%E8%BC%B8%E5%87%BA%E9%9B%BB%E6%BA%90%E6%8E%A7%E5%88%B6%E5%99%A8-2.webp\"><img decoding=\"async\" class=\"alignnone wp-image-28499 size-medium\" src=\"https:\/\/honwaygroup.com\/wp-content\/uploads\/2021\/01\/AR-800P-%E5%BC%B7%E5%8A%9B%E9%9B%99%E5%8A%9F%E8%83%BD%E8%BC%B8%E5%87%BA%E9%9B%BB%E6%BA%90%E6%8E%A7%E5%88%B6%E5%99%A8-2-300x269.webp\" alt=\"\" width=\"300\" height=\"269\"><\/a><\/td>\n<td><a href=\"https:\/\/honwaygroup.com\/wp-content\/uploads\/2021\/01\/AR-800P-%E5%BC%B7%E5%8A%9B%E9%9B%99%E5%8A%9F%E8%83%BD%E8%BC%B8%E5%87%BA%E9%9B%BB%E6%BA%90%E6%8E%A7%E5%88%B6%E5%99%A8-3.webp\"><img decoding=\"async\" class=\"alignnone wp-image-28503 size-medium\" src=\"https:\/\/honwaygroup.com\/wp-content\/uploads\/2021\/01\/AR-800P-%E5%BC%B7%E5%8A%9B%E9%9B%99%E5%8A%9F%E8%83%BD%E8%BC%B8%E5%87%BA%E9%9B%BB%E6%BA%90%E6%8E%A7%E5%88%B6%E5%99%A8-3-300x269.webp\" alt=\"\" width=\"300\" height=\"269\"><\/a><\/td>\n<\/tr>\n<\/tbody>\n<\/table>\n<h2>Specyfikacja produktu:<\/h2>\n<table width=\"100%\">\n<tbody>\n<tr>\n<td><strong>\u0179r\u00f3d\u0142o zasilania<\/strong><\/td>\n<td><strong>AC-90V ~ 250V, 50\/60 Hz<\/strong><\/td>\n<\/tr>\n<tr>\n<td><strong>Moc wyj\u015bciowa<br \/>\n<\/strong><\/td>\n<td><strong>70 wat\u00f3w<\/strong><\/td>\n<\/tr>\n<tr>\n<td><strong>Napi\u0119cie wyj\u015bciowe<br \/>\n<\/strong><\/td>\n<td><strong>5~32V<\/strong><\/td>\n<\/tr>\n<tr>\n<td><strong>Maksymalna ochrona przed przeci\u0105\u017ceniem<br \/>\n<\/strong><\/td>\n<td><strong>3A<\/strong><\/td>\n<\/tr>\n<tr>\n<td><strong>Bezpiecznik<br \/>\n<\/strong><\/td>\n<td><strong>2A<\/strong><\/td>\n<\/tr>\n<tr>\n<td><strong>Wymiary<\/strong><\/td>\n<td><strong>192x156x98mm (800g)<\/strong><\/td>\n<\/tr>\n<\/tbody>\n<\/table>\n<p><a href=\"https:\/\/honwaygroup.com\/wp-content\/uploads\/2021\/01\/ap-200.jpg\"><img loading=\"lazy\" decoding=\"async\" src=\"https:\/\/honwaygroup.com\/wp-content\/uploads\/2021\/01\/ap-200.jpg\" alt=\"Zasilacz, AP-200\" width=\"420\" height=\"300\"><\/a><\/p>\n<h2>Przedstawienie funkcji :<\/h2>\n<ul>\n<li><strong>U\u017cytkowanie podczas normalnej pracy (N)<\/strong>\uff1aW tym trybie system pracuje zgodnie z normalnymi funkcjami.<\/li>\n<li><strong>Funkcja \u0142agodnego rozruchu (S)<\/strong>: Po prze\u0142\u0105czeniu na t\u0119 funkcj\u0119, nawet je\u015bli ustawisz najwy\u017csz\u0105 pr\u0119dko\u015b\u0107 obrotow\u0105 na wyj\u015bciu, system nadal kontroluje urz\u0105dzenie przy najni\u017cszej pr\u0119dko\u015bci obrotowej. Jednak po zetkni\u0119ciu z obrabianym przedmiotem i rozpocz\u0119ciu szlifowania, system automatycznie zwi\u0119kszy pr\u0119dko\u015b\u0107 obrotow\u0105 do najwy\u017cszej. Funkcja ta s\u0142u\u017cy g\u0142\u00f3wnie do unikania przypadkowego starcia niechcianych lub niedozwolonych obszar\u00f3w podczas pracy z du\u017c\u0105 pr\u0119dko\u015bci\u0105. Umo\u017cliwia precyzyjn\u0105 kontrol\u0119 nad miejscem, kt\u00f3re chcesz obrabia\u0107. Dodatkowo, w przypadku nier\u00f3wnych powierzchni, funkcja ta mo\u017ce r\u00f3wnie\u017c zredukowa\u0107 wibracje podczas szlifowania.<\/li>\n<li><strong>Funkcja automatycznej kompensacji momentu obrotowego (IR): <\/strong>Podczas korzystania z narz\u0119dzi o wi\u0119kszej \u015brednicy (np. \u015bciernica \u00d820 mm) lub narz\u0119dzi, kt\u00f3re nie mog\u0105 pracowa\u0107 z du\u017c\u0105 pr\u0119dko\u015bci\u0105 (np. szczotka z w\u0142osia), ze wzgl\u0119du na si\u0142\u0119 nacisku podczas szlifowania, pr\u0119dko\u015b\u0107 obrotowa mo\u017ce spa\u015b\u0107 lub moment obrotowy mo\u017ce by\u0107 niski przy niskich pr\u0119dko\u015bciach obrotowych. Po prze\u0142\u0105czeniu na t\u0119 funkcj\u0119, system automatycznie skompensuje moment obrotowy, aby ustabilizowa\u0107 pr\u0119dko\u015b\u0107 obrotow\u0105. Zaleca si\u0119 u\u017cywanie normalnego trybu wyj\u015bciowego dla wi\u0119kszo\u015bci narz\u0119dzi szlifierskich.<\/li>\n<\/ul>\n<h3><\/h3>\n<h2>AP-200 opcjonalne:<\/h2>\n<ul>\n<li>Wszystkie pozosta\u0142e artyku\u0142y s\u0105 opcjonalne, AP-200 <strong>nie zawiera<\/strong>\uff0czwr\u00f3\u0107 uwag\u0119 podczas sk\u0142adania zam\u00f3wienia<\/li>\n<\/ul>\n<table width=\"100%\">\n<tbody>\n<tr>\n<th rowspan=\"2\" width=\"25%\"><a href=\"https:\/\/honwaygroup.com\/wp-content\/uploads\/2021\/01\/u-lap50-1.avif\"><img loading=\"lazy\" decoding=\"async\" src=\"https:\/\/honwaygroup.com\/wp-content\/uploads\/2021\/01\/u-lap50-1.avif\" alt=\"Elektryczna miniszlifierka r\u0119czna\" width=\"420\" height=\"300\"><\/a><\/th>\n<th>Model<\/th>\n<th>Specyfikacja<\/th>\n<\/tr>\n<tr>\n<td>U-Lap50<\/td>\n<td><strong>Elektryczna miniszlifierka r\u0119czna ( DC model szczotkowy )<\/strong><br \/>\nPr\u0119dko\u015b\u0107 obrotowa : 40,000 rpm<br \/>\nMoment obrotowy : 4.5 Ncm<br \/>\nWymiary : \u00d829 x 153mm<br \/>\nWaga : 260g<\/td>\n<\/tr>\n<\/tbody>\n<\/table>\n<table class=\"specTable\" width=\"100%\">\n<tbody>\n<tr>\n<th class=\"white\" rowspan=\"2\" width=\"25%\"><a href=\"https:\/\/honwaygroup.com\/wp-content\/uploads\/2021\/01\/AR-800P-%E5%BC%B7%E5%8A%9B%E9%9B%99%E5%8A%9F%E8%83%BD%E8%BC%B8%E5%87%BA%E9%9B%BB%E6%BA%90%E6%8E%A7%E5%88%B6%E5%99%A8-6.webp\"><img loading=\"lazy\" decoding=\"async\" class=\"alignnone size-medium wp-image-28515\" src=\"https:\/\/honwaygroup.com\/wp-content\/uploads\/2021\/01\/AR-800P-%E5%BC%B7%E5%8A%9B%E9%9B%99%E5%8A%9F%E8%83%BD%E8%BC%B8%E5%87%BA%E9%9B%BB%E6%BA%90%E6%8E%A7%E5%88%B6%E5%99%A8-6-300x175.webp\" alt=\"\" width=\"300\" height=\"175\"><\/a><\/th>\n<th><strong>Model<\/strong><\/th>\n<th><strong>Specyfikacja<\/strong><\/th>\n<\/tr>\n<tr>\n<td>U-Lap35<\/td>\n<td><strong>Elektryczna miniszlifierka r\u0119czna ( DC model szczotkowy )<br \/>\n<\/strong>Pr\u0119dko\u015b\u0107 obrotowa : 35,000 rpm<br \/>\nMoment obrotowy : 2.9 Ncm<br \/>\nWymiary : \u00d829 x 152mm<br \/>\nWaga : 230g<\/td>\n<\/tr>\n<\/tbody>\n<\/table>\n<p><span style=\"font-size: 16px\">Masz pytanie? <\/span><a style=\"font-size: 16px;background-color: #ffffff\" href=\"https:\/\/honwaygroup.com\/pl\/skontaktuj-sie-z-nami\/\">Skontaktuj si\u0119 z nami!<\/a><\/p>\n","protected":false},"excerpt":{"rendered":"<div id=\"desWrap\">\n<ul>\n<li>AP-200 to innowaycjny zasilacz, kt\u00f3ry oferuje trzy opcje wyj\u015bcia funkcyjnego: funkcja normalna, funkcja \u0142agodnego rozruchu i funkcja automatycznej kompensacji momentu obrotowego.<\/li>\n<li>Urz\u0105dzenie zabezpieczaj\u0105ce przed przeci\u0105\u017ceniem: Gdy elektryczne narz\u0119dzie jest przeci\u0105\u017cone, system automatycznie wy\u0142\u0105czy zasilanie, aby chroni\u0107 urz\u0105dzenie i narz\u0119dzie przed uszkodzeniem.<\/li>\n<li>Mo\u017cna dokupi\u0107 standardowy prze\u0142\u0105cznik no\u017cny lub prze\u0142\u0105cznik no\u017cny z regulacj\u0105 pr\u0119dko\u015bci.<\/li>\n<\/ul>\n<h5><strong><span style=\"color: #ff0000;font-size: 19.2px\">\u25b2 Zapraszamy do zapyta\u0144 o wycen\u0119: <a href=\"https:\/\/honwaygroup.com\/pl\/skontaktuj-sie-z-nami\/\" target=\"_blank\" rel=\"noopener\">Skontaktuj si\u0119 z nami!<\/a><\/span><\/strong><\/h5>\n<h5><strong><span style=\"color: #ff0000;font-size: 19.2px\">\u25b2 W razie potrzeby zakupu dodatkowych cz\u0119\u015bci prosimy o kontakt z obs\u0142ug\u0105 klienta.<\/span><\/strong> <strong><span style=\"color: #ff0000;font-size: 19.2px\">W celu uzyskania informacji o czasie realizacji takiego zam\u00f3wienia oraz czasie dostawy r\u00f3wnie\u017c prosimy o kontakt z obs\u0142ug\u0105 klienta<\/span><\/strong><\/h5>\n<h5><strong><span style=\"color: #ff0000;font-size: 19.2px\">\u25b2 <\/span><\/strong><strong><span style=\"color: #ff0000;font-size: 19.2px\">Przy wi\u0119kszych zam\u00f3wieniach istnieje mo\u017cliwo\u015b\u0107 uzyskania rabatu, prosimy o kontakt z obs\u0142ug\u0105 klienta.<\/span><\/strong><\/h5>\n<h5><strong><span style=\"color: #ff0000;font-size: 19.2px\">\u25b2<\/span><span style=\"color: #ff0000;font-size: 19.2px\">Czas dostawy zam\u00f3wie\u0144<\/span> <span style=\"color: #ff0000\">na Tajwan wynosi<\/span> <span style=\"color: #ff0000;font-size: 19.2px\">oko\u0142o 7\u201314 dni roboczych<\/span><\/strong><\/h5>\n<h5><strong><span style=\"color: #ff0000;font-size: 19.2px\">\u25b2<\/span><span style=\"color: #ff0000\">Czas realizacji wysy\u0142ki mi\u0119dzynarodowej wynosi 7-14 dni, natomiast rzeczywisty czas dostawy zale\u017cy od danej firmy kurierskiej.<\/span><\/strong><\/h5>\n<p>&nbsp;<\/p>\n<\/div>\n","protected":false},"featured_media":127619,"template":"","meta":{"site-sidebar-layout":"default","site-content-layout":"default","ast-site-content-layout":"default","site-content-style":"default","site-sidebar-style":"default","ast-global-header-display":"","ast-banner-title-visibility":"","ast-main-header-display":"","ast-hfb-above-header-display":"","ast-hfb-below-header-display":"","ast-hfb-mobile-header-display":"","site-post-title":"","ast-breadcrumbs-content":"","ast-featured-img":"","footer-sml-layout":"","ast-disable-related-posts":"","theme-transparent-header-meta":"default","adv-header-id-meta":"","stick-header-meta":"default","header-above-stick-meta":"","header-main-stick-meta":"","header-below-stick-meta":"","astra-migrate-meta-layouts":"default","ast-page-background-enabled":"default","ast-page-background-meta":{"desktop":{"background-color":"var(--ast-global-color-5)","background-image":"","background-repeat":"repeat","background-position":"center center","background-size":"auto","background-attachment":"scroll","background-type":"","background-media":"","overlay-type":"","overlay-color":"","overlay-opacity":"","overlay-gradient":""},"tablet":{"background-color":"","background-image":"","background-repeat":"repeat","background-position":"center center","background-size":"auto","background-attachment":"scroll","background-type":"","background-media":"","overlay-type":"","overlay-color":"","overlay-opacity":"","overlay-gradient":""},"mobile":{"background-color":"","background-image":"","background-repeat":"repeat","background-position":"center center","background-size":"auto","background-attachment":"scroll","background-type":"","background-media":"","overlay-type":"","overlay-color":"","overlay-opacity":"","overlay-gradient":""}},"ast-content-background-meta":{"desktop":{"background-color":"var(--ast-global-color-4)","background-image":"","background-repeat":"repeat","background-position":"center center","background-size":"auto","background-attachment":"scroll","background-type":"","background-media":"","overlay-type":"","overlay-color":"","overlay-opacity":"","overlay-gradient":""},"tablet":{"background-color":"var(--ast-global-color-4)","background-image":"","background-repeat":"repeat","background-position":"center center","background-size":"auto","background-attachment":"scroll","background-type":"","background-media":"","overlay-type":"","overlay-color":"","overlay-opacity":"","overlay-gradient":""},"mobile":{"background-color":"var(--ast-global-color-4)","background-image":"","background-repeat":"repeat","background-position":"center center","background-size":"auto","background-attachment":"scroll","background-type":"","background-media":"","overlay-type":"","overlay-color":"","overlay-opacity":"","overlay-gradient":""}}},"product_brand":[],"product_cat":[3556,3547],"product_tag":[3981],"class_list":{"0":"post-127618","1":"product","2":"type-product","3":"status-publish","4":"has-post-thumbnail","6":"product_cat-sterowniki-zasilania","7":"product_cat-szlifierki-ultradzwiekowe-i","8":"product_tag-sterowniki-zasilania","9":"desktop-align-left","10":"tablet-align-left","11":"mobile-align-left","12":"ast-product-gallery-layout-horizontal-slider","13":"ast-product-gallery-with-no-image","14":"ast-product-tabs-layout-horizontal","16":"first","17":"instock","18":"taxable","19":"shipping-taxable","20":"product-type-simple"},"_links":{"self":[{"href":"https:\/\/honwaygroup.com\/pl\/wp-json\/wp\/v2\/product\/127618","targetHints":{"allow":["GET"]}}],"collection":[{"href":"https:\/\/honwaygroup.com\/pl\/wp-json\/wp\/v2\/product"}],"about":[{"href":"https:\/\/honwaygroup.com\/pl\/wp-json\/wp\/v2\/types\/product"}],"version-history":[{"count":0,"href":"https:\/\/honwaygroup.com\/pl\/wp-json\/wp\/v2\/product\/127618\/revisions"}],"wp:featuredmedia":[{"embeddable":true,"href":"https:\/\/honwaygroup.com\/pl\/wp-json\/wp\/v2\/media\/127619"}],"wp:attachment":[{"href":"https:\/\/honwaygroup.com\/pl\/wp-json\/wp\/v2\/media?parent=127618"}],"wp:term":[{"taxonomy":"product_brand","embeddable":true,"href":"https:\/\/honwaygroup.com\/pl\/wp-json\/wp\/v2\/product_brand?post=127618"},{"taxonomy":"product_cat","embeddable":true,"href":"https:\/\/honwaygroup.com\/pl\/wp-json\/wp\/v2\/product_cat?post=127618"},{"taxonomy":"product_tag","embeddable":true,"href":"https:\/\/honwaygroup.com\/pl\/wp-json\/wp\/v2\/product_tag?post=127618"}],"curies":[{"name":"wp","href":"https:\/\/api.w.org\/{rel}","templated":true}]}}