{"id":127616,"date":"2021-01-18T18:02:57","date_gmt":"2021-01-18T10:02:57","guid":{"rendered":"https:\/\/honwaygroup.com\/product\/u-lap-60-bezszczotkowa-miniszlifierka-reczna-model-szybkoobrotowy\/"},"modified":"2021-01-18T18:02:57","modified_gmt":"2021-01-18T10:02:57","slug":"u-lap-60-bezszczotkowa-miniszlifierka-reczna-model-szybkoobrotowy","status":"publish","type":"product","link":"https:\/\/honwaygroup.com\/pl\/produkt\/u-lap-60-bezszczotkowa-miniszlifierka-reczna-model-szybkoobrotowy\/","title":{"rendered":"U-LAP 60 Bezszczotkowa miniszlifierka r\u0119czna \/ model szybkoobrotowy"},"content":{"rendered":"<h1>U-LAP 60 Bezszczotkowa miniszlifierka r\u0119czna \/ model szybkoobrotowy<\/h1>\n<p>Wymienna ko\u0144c\u00f3wka\uff1ako\u0144c\u00f3wka standardowa \u00d83mm, dost\u0119pne te\u017c \u00d82.34mm oraz \u00d83.175mm<\/p>\n<h2>Specyfikacja produktu:<\/h2>\n<table class=\"specTable\" width=\"100%\">\n<tbody>\n<tr>\n<th width=\"50%\">Numer seryjny<\/th>\n<th>U-Lap 60<\/th>\n<\/tr>\n<tr>\n<td>Pr\u0119dko\u015b\u0107 obrotowa<\/td>\n<td>50,000 rpm<\/td>\n<\/tr>\n<tr>\n<td>Moment obrotowy<\/td>\n<td>7.8 Ncm<\/td>\n<\/tr>\n<tr>\n<td>Waga<\/td>\n<td>250g<\/td>\n<\/tr>\n<tr>\n<td>Wymiary<\/td>\n<td>\u00d829x161mm<\/td>\n<\/tr>\n<\/tbody>\n<\/table>\n<h2>Kompatybilny zasilacz:<\/h2>\n<div class=\"resCol4 center\">\n<p><strong>AR-600<\/strong><\/p>\n<p><a href=\"https:\/\/honwaygroup.com\/wp-content\/uploads\/2022\/11\/AR-600-1.webp\"><img fetchpriority=\"high\" decoding=\"async\" class=\"alignnone size-medium wp-image-28578\" src=\"https:\/\/honwaygroup.com\/wp-content\/uploads\/2022\/11\/AR-600-1-300x300.webp\" alt=\"\" width=\"300\" height=\"300\" srcset=\"https:\/\/honwaygroup.com\/wp-content\/uploads\/2022\/11\/AR-600-1-300x300.webp 300w, https:\/\/honwaygroup.com\/wp-content\/uploads\/2022\/11\/AR-600-1-150x150.webp 150w, https:\/\/honwaygroup.com\/wp-content\/uploads\/2022\/11\/AR-600-1-100x100.webp 100w, https:\/\/honwaygroup.com\/wp-content\/uploads\/2022\/11\/AR-600-1.webp 417w\" sizes=\"(max-width: 300px) 100vw, 300px\" \/><\/a><\/p>\n<p><strong>AR-800<\/strong><\/p>\n<p><a href=\"https:\/\/honwaygroup.com\/wp-content\/uploads\/2022\/11\/AR-800.webp\"><img decoding=\"async\" class=\"alignnone size-medium wp-image-28571\" src=\"https:\/\/honwaygroup.com\/wp-content\/uploads\/2022\/11\/AR-800-300x300.webp\" alt=\"\" width=\"300\" height=\"300\" srcset=\"https:\/\/honwaygroup.com\/wp-content\/uploads\/2022\/11\/AR-800-300x300.webp 300w, https:\/\/honwaygroup.com\/wp-content\/uploads\/2022\/11\/AR-800-150x150.webp 150w, https:\/\/honwaygroup.com\/wp-content\/uploads\/2022\/11\/AR-800-100x100.webp 100w, https:\/\/honwaygroup.com\/wp-content\/uploads\/2022\/11\/AR-800.webp 417w\" sizes=\"(max-width: 300px) 100vw, 300px\" \/><\/a><\/p>\n<p>&nbsp;<\/p>\n<p><strong>AR-800(P)<\/strong><\/p>\n<p><a href=\"https:\/\/honwaygroup.com\/wp-content\/uploads\/2021\/01\/AR-800P_%E5%B7%A5%E4%BD%9C%E5%8D%80%E5%9F%9F-1-%E8%A4%87%E6%9C%AC-23.webp\"><img decoding=\"async\" class=\"alignnone size-medium wp-image-28596\" src=\"https:\/\/honwaygroup.com\/wp-content\/uploads\/2021\/01\/AR-800P_%E5%B7%A5%E4%BD%9C%E5%8D%80%E5%9F%9F-1-%E8%A4%87%E6%9C%AC-23-300x300.webp\" alt=\"\" width=\"300\" height=\"300\"><\/a><\/p>\n<p><strong>HANDY-700<\/strong><\/p>\n<p><a href=\"https:\/\/honwaygroup.com\/wp-content\/uploads\/2022\/11\/HANDY-700.webp\"><img loading=\"lazy\" decoding=\"async\" class=\"alignnone size-medium wp-image-28586\" src=\"https:\/\/honwaygroup.com\/wp-content\/uploads\/2022\/11\/HANDY-700-300x300.webp\" alt=\"\" width=\"300\" height=\"300\" srcset=\"https:\/\/honwaygroup.com\/wp-content\/uploads\/2022\/11\/HANDY-700-300x300.webp 300w, https:\/\/honwaygroup.com\/wp-content\/uploads\/2022\/11\/HANDY-700-150x150.webp 150w, https:\/\/honwaygroup.com\/wp-content\/uploads\/2022\/11\/HANDY-700-100x100.webp 100w, https:\/\/honwaygroup.com\/wp-content\/uploads\/2022\/11\/HANDY-700.webp 417w\" sizes=\"(max-width: 300px) 100vw, 300px\" \/><\/a><\/p>\n<p><strong>HANDY-ECO<\/strong><\/p>\n<p><a href=\"https:\/\/honwaygroup.com\/wp-content\/uploads\/2022\/11\/HANDY-ECO.webp\"><img loading=\"lazy\" decoding=\"async\" class=\"alignnone size-medium wp-image-28590\" src=\"https:\/\/honwaygroup.com\/wp-content\/uploads\/2022\/11\/HANDY-ECO-300x300.webp\" alt=\"\" width=\"300\" height=\"300\" srcset=\"https:\/\/honwaygroup.com\/wp-content\/uploads\/2022\/11\/HANDY-ECO-300x300.webp 300w, https:\/\/honwaygroup.com\/wp-content\/uploads\/2022\/11\/HANDY-ECO-150x150.webp 150w, https:\/\/honwaygroup.com\/wp-content\/uploads\/2022\/11\/HANDY-ECO-100x100.webp 100w, https:\/\/honwaygroup.com\/wp-content\/uploads\/2022\/11\/HANDY-ECO.webp 417w\" sizes=\"(max-width: 300px) 100vw, 300px\" \/><\/a><\/p>\n<\/div>\n<h4><strong>Zawarto\u015b\u0107 opakowania<\/strong><\/h4>\n<p><a href=\"https:\/\/honwaygroup.com\/wp-content\/uploads\/2021\/01\/1.avif\"><img loading=\"lazy\" decoding=\"async\" class=\"alignnone size-full wp-image-7474\" src=\"https:\/\/honwaygroup.com\/wp-content\/uploads\/2021\/01\/1.avif\" alt=\"\" width=\"200\" height=\"88\"><\/a><\/p>\n<p>Masz pytanie? <a href=\"https:\/\/honwaygroup.com\/pl\/skontaktuj-sie-z-nami\/\">Skontaktuj si\u0119 z nami!<\/a><\/p>\n","protected":false},"excerpt":{"rendered":"<p>Wymienna ko\u0144c\u00f3wka\uff1ako\u0144c\u00f3wka standardowa \u00d83mm, dost\u0119pne te\u017c \u00d82.34mm oraz \u00d83.175mm<\/p>\n<h5><strong><span style=\"color: #ff0000;font-size: 19.2px\">\u25b2 W razie potrzeby zakupu dodatkowych cz\u0119\u015bci prosimy o kontakt z obs\u0142ug\u0105 klienta.<\/span><\/strong> <strong><span style=\"color: #ff0000;font-size: 19.2px\">W celu uzyskania informacji o czasie realizacji takiego zam\u00f3wienia oraz czasie dostawy r\u00f3wnie\u017c prosimy o kontakt z obs\u0142ug\u0105 klienta<\/span><\/strong><\/h5>\n<h5><strong><span style=\"color: #ff0000;font-size: 19.2px\">\u25b2 <\/span><\/strong><strong><span style=\"color: #ff0000;font-size: 19.2px\">Przy wi\u0119kszych zam\u00f3wieniach istnieje mo\u017cliwo\u015b\u0107 uzyskania rabatu, prosimy o kontakt z obs\u0142ug\u0105 klienta.<\/span><\/strong><\/h5>\n<h5><strong><span style=\"color: #ff0000;font-size: 19.2px\">\u25b2<\/span><span style=\"color: #ff0000;font-size: 19.2px\">Czas dostawy zam\u00f3wie\u0144<\/span> <span style=\"color: #ff0000\">na Tajwan wynosi<\/span> <span style=\"color: #ff0000;font-size: 19.2px\">oko\u0142o 7\u201314 dni roboczych<\/span><\/strong><\/h5>\n<h5><strong><span style=\"color: #ff0000;font-size: 19.2px\">\u25b2<\/span><span style=\"color: #ff0000\">Czas realizacji wysy\u0142ki mi\u0119dzynarodowej wynosi 7-14 dni, natomiast rzeczywisty czas dostawy zale\u017cy od danej firmy kurierskiej.<\/span><\/strong><\/h5>\n","protected":false},"featured_media":127617,"template":"","meta":{"site-sidebar-layout":"default","site-content-layout":"default","ast-site-content-layout":"default","site-content-style":"default","site-sidebar-style":"default","ast-global-header-display":"","ast-banner-title-visibility":"","ast-main-header-display":"","ast-hfb-above-header-display":"","ast-hfb-below-header-display":"","ast-hfb-mobile-header-display":"","site-post-title":"","ast-breadcrumbs-content":"","ast-featured-img":"","footer-sml-layout":"","ast-disable-related-posts":"","theme-transparent-header-meta":"default","adv-header-id-meta":"","stick-header-meta":"default","header-above-stick-meta":"","header-main-stick-meta":"","header-below-stick-meta":"","astra-migrate-meta-layouts":"default","ast-page-background-enabled":"default","ast-page-background-meta":{"desktop":{"background-color":"var(--ast-global-color-5)","background-image":"","background-repeat":"repeat","background-position":"center center","background-size":"auto","background-attachment":"scroll","background-type":"","background-media":"","overlay-type":"","overlay-color":"","overlay-opacity":"","overlay-gradient":""},"tablet":{"background-color":"","background-image":"","background-repeat":"repeat","background-position":"center center","background-size":"auto","background-attachment":"scroll","background-type":"","background-media":"","overlay-type":"","overlay-color":"","overlay-opacity":"","overlay-gradient":""},"mobile":{"background-color":"","background-image":"","background-repeat":"repeat","background-position":"center center","background-size":"auto","background-attachment":"scroll","background-type":"","background-media":"","overlay-type":"","overlay-color":"","overlay-opacity":"","overlay-gradient":""}},"ast-content-background-meta":{"desktop":{"background-color":"var(--ast-global-color-4)","background-image":"","background-repeat":"repeat","background-position":"center center","background-size":"auto","background-attachment":"scroll","background-type":"","background-media":"","overlay-type":"","overlay-color":"","overlay-opacity":"","overlay-gradient":""},"tablet":{"background-color":"var(--ast-global-color-4)","background-image":"","background-repeat":"repeat","background-position":"center center","background-size":"auto","background-attachment":"scroll","background-type":"","background-media":"","overlay-type":"","overlay-color":"","overlay-opacity":"","overlay-gradient":""},"mobile":{"background-color":"var(--ast-global-color-4)","background-image":"","background-repeat":"repeat","background-position":"center center","background-size":"auto","background-attachment":"scroll","background-type":"","background-media":"","overlay-type":"","overlay-color":"","overlay-opacity":"","overlay-gradient":""}}},"product_brand":[],"product_cat":[3554,3558,3560,3547,3557,3559],"product_tag":[3795],"class_list":{"0":"post-127616","1":"product","2":"type-product","3":"status-publish","4":"has-post-thumbnail","6":"product_cat-elektryczna-miniszlifierka-reczna","7":"product_cat-ciecie","8":"product_cat-materialy-polerskie","9":"product_cat-szlifierki-ultradzwiekowe-i","10":"product_cat-typ-zastosowania","11":"product_cat-usuwanie-gratu","12":"product_tag-bezszczorkowa-miniszlifierka-reczna","13":"desktop-align-left","14":"tablet-align-left","15":"mobile-align-left","16":"ast-product-gallery-layout-horizontal-slider","17":"ast-product-gallery-with-no-image","18":"ast-product-tabs-layout-horizontal","20":"first","21":"instock","22":"taxable","23":"shipping-taxable","24":"purchasable","25":"product-type-simple"},"_links":{"self":[{"href":"https:\/\/honwaygroup.com\/pl\/wp-json\/wp\/v2\/product\/127616","targetHints":{"allow":["GET"]}}],"collection":[{"href":"https:\/\/honwaygroup.com\/pl\/wp-json\/wp\/v2\/product"}],"about":[{"href":"https:\/\/honwaygroup.com\/pl\/wp-json\/wp\/v2\/types\/product"}],"version-history":[{"count":0,"href":"https:\/\/honwaygroup.com\/pl\/wp-json\/wp\/v2\/product\/127616\/revisions"}],"wp:featuredmedia":[{"embeddable":true,"href":"https:\/\/honwaygroup.com\/pl\/wp-json\/wp\/v2\/media\/127617"}],"wp:attachment":[{"href":"https:\/\/honwaygroup.com\/pl\/wp-json\/wp\/v2\/media?parent=127616"}],"wp:term":[{"taxonomy":"product_brand","embeddable":true,"href":"https:\/\/honwaygroup.com\/pl\/wp-json\/wp\/v2\/product_brand?post=127616"},{"taxonomy":"product_cat","embeddable":true,"href":"https:\/\/honwaygroup.com\/pl\/wp-json\/wp\/v2\/product_cat?post=127616"},{"taxonomy":"product_tag","embeddable":true,"href":"https:\/\/honwaygroup.com\/pl\/wp-json\/wp\/v2\/product_tag?post=127616"}],"curies":[{"name":"wp","href":"https:\/\/api.w.org\/{rel}","templated":true}]}}