{"id":127577,"date":"2021-01-23T17:41:53","date_gmt":"2021-01-23T09:41:53","guid":{"rendered":"https:\/\/honwaygroup.com\/product\/seria-mbf-90-diamentowe-pilniki-o-nieregularnym-ksztalcie\/"},"modified":"2021-01-23T17:41:53","modified_gmt":"2021-01-23T09:41:53","slug":"seria-mbf-90-diamentowe-pilniki-o-nieregularnym-ksztalcie","status":"publish","type":"product","link":"https:\/\/honwaygroup.com\/pl\/produkt\/seria-mbf-90-diamentowe-pilniki-o-nieregularnym-ksztalcie\/","title":{"rendered":"Seria MBF-90 diamentowe pilniki o nieregularnym kszta\u0142cie"},"content":{"rendered":"<h1>Seria MBF-90 diamentowe pilniki o nieregularnym kszta\u0142cie<\/h1>\n<h2>Cechy produktu:<\/h2>\n<ul>\n<li data-start=\"87\" data-end=\"107\">Kh\u1ea3 n\u0103ng ch\u1ed1ng m\u00e0i m\u00f2n cao, tu\u1ed5i th\u1ecd cao, kh\u00f4ng d\u1ec5 b\u1ecb th\u1ee5 \u0111\u1ed9ng h\u00f3a.<\/li>\n<li data-start=\"146\" data-end=\"196\">W por\u00f3wnaniu ze standardowymi pilnikami, pilniki o niestandardowym kszta\u0142cie oferuj\u0105 unikalne kszta\u0142ty, odpowiednie do precyzyjnej obr\u00f3bki detali i trudno dost\u0119pnych miejsc.<\/li>\n<li data-start=\"197\" data-end=\"244\">C\u00e1c h\u00ecnh d\u1ea1ng c\u00f3 th\u1ec3 bao g\u1ed3m h\u00ecnh cung, h\u00ecnh v\u00e1t, r\u00e3nh h\u00ecnh d\u1ea1ng \u0111\u1eb7c bi\u1ec7t, \u0111\u1ea7u c\u00f4n, l\u01b0\u1ee1i cong, v.v., c\u00f3 th\u1ec3 th\u00edch \u1ee9ng ch\u00ednh x\u00e1c h\u01a1n v\u1edbi nhu c\u1ea7u c\u1ee7a ph\u00f4i.<\/li>\n<\/ul>\n<h2>Zakres zastosowania:<\/h2>\n<ul>\n<li>Mo\u017ce by\u0107 u\u017cywany do wspomagania pracy maszyn, spe\u0142niaj\u0105c potrzeby obr\u00f3bki na poziomie profesjonalnym.<\/li>\n<li>Wykorzystuje ziarna diamentu, odpowiednie do twardych materia\u0142\u00f3w, takich jak metal, ceramika, szk\u0142o, w\u0142\u00f3kno w\u0119glowe itp.<\/li>\n<li>Nadaje si\u0119 do precyzyjnych prac, takich jak korekcja, szlifowanie i polerowanie.<\/li>\n<\/ul>\n<h2>Specyfikacja produktu:<\/h2>\n<table class=\"specTable2\" width=\"100%\">\n<tbody>\n<tr>\n<th colspan=\"2\" rowspan=\"2\">Kszta\u0142t i rozmiar (mm)<\/th>\n<th colspan=\"3\">Numer seryjny<\/th>\n<th rowspan=\"2\">\n<ul>\n<li style=\"text-align: left;\">D\u0142ugo\u015b\u0107 ca\u0142kowita : 65mm<\/li>\n<li style=\"text-align: left;\">\u015arednica: \u00d83.0mm<\/li>\n<li style=\"text-align: left;\">D\u0142ugo\u015b\u0107 diamentu : 20~30mm<\/li>\n<\/ul>\n<\/th>\n<\/tr>\n<tr>\n<th>#150<\/th>\n<th>#200<\/th>\n<th>#400<\/th>\n<\/tr>\n<tr>\n<td width=\"15%\"><a href=\"https:\/\/honwaygroup.com\/wp-content\/uploads\/2021\/01\/MBF-90-%E7%B3%BB%E5%88%97-%E9%91%BD%E7%9F%B3%E7%95%B0%E5%BD%A2%E9%8A%BC%E5%88%80_%E5%B7%A5%E4%BD%9C%E5%8D%80%E5%9F%9F-1-%E8%A4%87%E6%9C%AC-5.jpg\"><img fetchpriority=\"high\" decoding=\"async\" class=\"alignnone size-full wp-image-27018\" src=\"https:\/\/honwaygroup.com\/wp-content\/uploads\/2021\/01\/MBF-90-%E7%B3%BB%E5%88%97-%E9%91%BD%E7%9F%B3%E7%95%B0%E5%BD%A2%E9%8A%BC%E5%88%80_%E5%B7%A5%E4%BD%9C%E5%8D%80%E5%9F%9F-1-%E8%A4%87%E6%9C%AC-5.jpg\" alt=\"\" width=\"292\" height=\"250\"><\/a><\/td>\n<td>5.8 x 1.2<\/td>\n<td>MBF-901<\/td>\n<td>MBF-901F<\/td>\n<td>MBF-901V<\/td>\n<td width=\"35%\"><a href=\"https:\/\/honwaygroup.com\/wp-content\/uploads\/2021\/01\/MBF-90-%E7%B3%BB%E5%88%97-%E9%91%BD%E7%9F%B3%E7%95%B0%E5%BD%A2%E9%8A%BC%E5%88%80_%E5%B7%A5%E4%BD%9C%E5%8D%80%E5%9F%9F-1-%E8%A4%87%E6%9C%AC-28.webp\"><img decoding=\"async\" class=\"alignnone size-medium wp-image-27058\" src=\"https:\/\/honwaygroup.com\/wp-content\/uploads\/2021\/01\/MBF-90-%E7%B3%BB%E5%88%97-%E9%91%BD%E7%9F%B3%E7%95%B0%E5%BD%A2%E9%8A%BC%E5%88%80_%E5%B7%A5%E4%BD%9C%E5%8D%80%E5%9F%9F-1-%E8%A4%87%E6%9C%AC-28-300x60.webp\" alt=\"\" width=\"300\" height=\"60\"><\/a><\/td>\n<\/tr>\n<tr>\n<td><a href=\"https:\/\/honwaygroup.com\/wp-content\/uploads\/2021\/01\/MBF-90-%E7%B3%BB%E5%88%97-%E9%91%BD%E7%9F%B3%E7%95%B0%E5%BD%A2%E9%8A%BC%E5%88%80_%E5%B7%A5%E4%BD%9C%E5%8D%80%E5%9F%9F-1-%E8%A4%87%E6%9C%AC-6.jpg\"><img decoding=\"async\" class=\"alignnone size-full wp-image-27022\" src=\"https:\/\/honwaygroup.com\/wp-content\/uploads\/2021\/01\/MBF-90-%E7%B3%BB%E5%88%97-%E9%91%BD%E7%9F%B3%E7%95%B0%E5%BD%A2%E9%8A%BC%E5%88%80_%E5%B7%A5%E4%BD%9C%E5%8D%80%E5%9F%9F-1-%E8%A4%87%E6%9C%AC-6.jpg\" alt=\"\" width=\"292\" height=\"250\"><\/a><\/td>\n<td>3.2 x 1.4<\/td>\n<td>MBF-902<\/td>\n<td>MBF-902F<\/td>\n<td>MBF-902V<\/td>\n<td><a href=\"https:\/\/honwaygroup.com\/wp-content\/uploads\/2021\/01\/MBF-90-%E7%B3%BB%E5%88%97-%E9%91%BD%E7%9F%B3%E7%95%B0%E5%BD%A2%E9%8A%BC%E5%88%80_%E5%B7%A5%E4%BD%9C%E5%8D%80%E5%9F%9F-1-%E8%A4%87%E6%9C%AC-29.jpg\"><img loading=\"lazy\" decoding=\"async\" class=\"alignnone size-medium wp-image-27062\" src=\"https:\/\/honwaygroup.com\/wp-content\/uploads\/2021\/01\/MBF-90-%E7%B3%BB%E5%88%97-%E9%91%BD%E7%9F%B3%E7%95%B0%E5%BD%A2%E9%8A%BC%E5%88%80_%E5%B7%A5%E4%BD%9C%E5%8D%80%E5%9F%9F-1-%E8%A4%87%E6%9C%AC-29-300x60.jpg\" alt=\"\" width=\"300\" height=\"60\"><\/a><\/td>\n<\/tr>\n<tr>\n<td><a href=\"https:\/\/honwaygroup.com\/wp-content\/uploads\/2021\/01\/MBF-90-%E7%B3%BB%E5%88%97-%E9%91%BD%E7%9F%B3%E7%95%B0%E5%BD%A2%E9%8A%BC%E5%88%80_%E5%B7%A5%E4%BD%9C%E5%8D%80%E5%9F%9F-1-%E8%A4%87%E6%9C%AC-8.jpg\"><img loading=\"lazy\" decoding=\"async\" class=\"alignnone size-full wp-image-27026\" src=\"https:\/\/honwaygroup.com\/wp-content\/uploads\/2021\/01\/MBF-90-%E7%B3%BB%E5%88%97-%E9%91%BD%E7%9F%B3%E7%95%B0%E5%BD%A2%E9%8A%BC%E5%88%80_%E5%B7%A5%E4%BD%9C%E5%8D%80%E5%9F%9F-1-%E8%A4%87%E6%9C%AC-8.jpg\" alt=\"\" width=\"292\" height=\"250\"><\/a><\/td>\n<td>5 X 2<\/td>\n<td>MBF-903<\/td>\n<td>MBF-903F<\/td>\n<td>MBF-903V<\/td>\n<td><a href=\"https:\/\/honwaygroup.com\/wp-content\/uploads\/2021\/01\/MBF-90-%E7%B3%BB%E5%88%97-%E9%91%BD%E7%9F%B3%E7%95%B0%E5%BD%A2%E9%8A%BC%E5%88%80_%E5%B7%A5%E4%BD%9C%E5%8D%80%E5%9F%9F-1-%E8%A4%87%E6%9C%AC-30.jpg\"><img loading=\"lazy\" decoding=\"async\" class=\"alignnone wp-image-27066 size-medium\" src=\"https:\/\/honwaygroup.com\/wp-content\/uploads\/2021\/01\/MBF-90-%E7%B3%BB%E5%88%97-%E9%91%BD%E7%9F%B3%E7%95%B0%E5%BD%A2%E9%8A%BC%E5%88%80_%E5%B7%A5%E4%BD%9C%E5%8D%80%E5%9F%9F-1-%E8%A4%87%E6%9C%AC-30-300x60.jpg\" alt=\"\" width=\"300\" height=\"60\"><\/a><\/td>\n<\/tr>\n<tr>\n<td><a href=\"https:\/\/honwaygroup.com\/wp-content\/uploads\/2021\/01\/MBF-90-%E7%B3%BB%E5%88%97-%E9%91%BD%E7%9F%B3%E7%95%B0%E5%BD%A2%E9%8A%BC%E5%88%80_%E5%B7%A5%E4%BD%9C%E5%8D%80%E5%9F%9F-1-%E8%A4%87%E6%9C%AC-9.jpg\"><img loading=\"lazy\" decoding=\"async\" class=\"alignnone size-full wp-image-27030\" src=\"https:\/\/honwaygroup.com\/wp-content\/uploads\/2021\/01\/MBF-90-%E7%B3%BB%E5%88%97-%E9%91%BD%E7%9F%B3%E7%95%B0%E5%BD%A2%E9%8A%BC%E5%88%80_%E5%B7%A5%E4%BD%9C%E5%8D%80%E5%9F%9F-1-%E8%A4%87%E6%9C%AC-9.jpg\" alt=\"\" width=\"292\" height=\"250\"><\/a><\/td>\n<td>3.2 X 1.4<\/td>\n<td>MBF-904<\/td>\n<td>MBF-904F<\/td>\n<td>MBF-904V<\/td>\n<td><a href=\"https:\/\/honwaygroup.com\/wp-content\/uploads\/2021\/01\/MBF-90-%E7%B3%BB%E5%88%97-%E9%91%BD%E7%9F%B3%E7%95%B0%E5%BD%A2%E9%8A%BC%E5%88%80_%E5%B7%A5%E4%BD%9C%E5%8D%80%E5%9F%9F-1-%E8%A4%87%E6%9C%AC-31.jpg\"><img loading=\"lazy\" decoding=\"async\" class=\"alignnone wp-image-27070 size-medium\" src=\"https:\/\/honwaygroup.com\/wp-content\/uploads\/2021\/01\/MBF-90-%E7%B3%BB%E5%88%97-%E9%91%BD%E7%9F%B3%E7%95%B0%E5%BD%A2%E9%8A%BC%E5%88%80_%E5%B7%A5%E4%BD%9C%E5%8D%80%E5%9F%9F-1-%E8%A4%87%E6%9C%AC-31-300x60.jpg\" alt=\"\" width=\"300\" height=\"60\"><\/a><\/td>\n<\/tr>\n<tr>\n<td><a href=\"https:\/\/honwaygroup.com\/wp-content\/uploads\/2021\/01\/MBF-90-%E7%B3%BB%E5%88%97-%E9%91%BD%E7%9F%B3%E7%95%B0%E5%BD%A2%E9%8A%BC%E5%88%80_%E5%B7%A5%E4%BD%9C%E5%8D%80%E5%9F%9F-1-%E8%A4%87%E6%9C%AC-10.webp\"><img loading=\"lazy\" decoding=\"async\" class=\"alignnone size-full wp-image-27034\" src=\"https:\/\/honwaygroup.com\/wp-content\/uploads\/2021\/01\/MBF-90-%E7%B3%BB%E5%88%97-%E9%91%BD%E7%9F%B3%E7%95%B0%E5%BD%A2%E9%8A%BC%E5%88%80_%E5%B7%A5%E4%BD%9C%E5%8D%80%E5%9F%9F-1-%E8%A4%87%E6%9C%AC-10.webp\" alt=\"\" width=\"292\" height=\"250\"><\/a><\/td>\n<td>\u00d83<\/td>\n<td>MBF-905<\/td>\n<td>MBF-905F<\/td>\n<td>MBF-905V<\/td>\n<td><a href=\"https:\/\/honwaygroup.com\/wp-content\/uploads\/2021\/01\/MBF-90-%E7%B3%BB%E5%88%97-%E9%91%BD%E7%9F%B3%E7%95%B0%E5%BD%A2%E9%8A%BC%E5%88%80_%E5%B7%A5%E4%BD%9C%E5%8D%80%E5%9F%9F-1-%E8%A4%87%E6%9C%AC-32.jpg\"><img loading=\"lazy\" decoding=\"async\" class=\"alignnone wp-image-27074 size-medium\" src=\"https:\/\/honwaygroup.com\/wp-content\/uploads\/2021\/01\/MBF-90-%E7%B3%BB%E5%88%97-%E9%91%BD%E7%9F%B3%E7%95%B0%E5%BD%A2%E9%8A%BC%E5%88%80_%E5%B7%A5%E4%BD%9C%E5%8D%80%E5%9F%9F-1-%E8%A4%87%E6%9C%AC-32-300x60.jpg\" alt=\"\" width=\"300\" height=\"60\"><\/a><\/td>\n<\/tr>\n<tr>\n<td><a href=\"https:\/\/honwaygroup.com\/wp-content\/uploads\/2021\/01\/MBF-90-%E7%B3%BB%E5%88%97-%E9%91%BD%E7%9F%B3%E7%95%B0%E5%BD%A2%E9%8A%BC%E5%88%80_%E5%B7%A5%E4%BD%9C%E5%8D%80%E5%9F%9F-1-%E8%A4%87%E6%9C%AC-21.webp\"><img loading=\"lazy\" decoding=\"async\" class=\"alignnone size-full wp-image-27038\" src=\"https:\/\/honwaygroup.com\/wp-content\/uploads\/2021\/01\/MBF-90-%E7%B3%BB%E5%88%97-%E9%91%BD%E7%9F%B3%E7%95%B0%E5%BD%A2%E9%8A%BC%E5%88%80_%E5%B7%A5%E4%BD%9C%E5%8D%80%E5%9F%9F-1-%E8%A4%87%E6%9C%AC-21.webp\" alt=\"\" width=\"292\" height=\"250\"><\/a><\/td>\n<td>\u00d83<\/td>\n<td>MBF-906<\/td>\n<td>MBF-906F<\/td>\n<td>MBF-906V<\/td>\n<td><a href=\"https:\/\/honwaygroup.com\/wp-content\/uploads\/2021\/01\/MBF-90-%E7%B3%BB%E5%88%97-%E9%91%BD%E7%9F%B3%E7%95%B0%E5%BD%A2%E9%8A%BC%E5%88%80_%E5%B7%A5%E4%BD%9C%E5%8D%80%E5%9F%9F-1-%E8%A4%87%E6%9C%AC-33.jpg\"><img loading=\"lazy\" decoding=\"async\" class=\"alignnone wp-image-27078 size-medium\" src=\"https:\/\/honwaygroup.com\/wp-content\/uploads\/2021\/01\/MBF-90-%E7%B3%BB%E5%88%97-%E9%91%BD%E7%9F%B3%E7%95%B0%E5%BD%A2%E9%8A%BC%E5%88%80_%E5%B7%A5%E4%BD%9C%E5%8D%80%E5%9F%9F-1-%E8%A4%87%E6%9C%AC-33-300x60.jpg\" alt=\"\" width=\"300\" height=\"60\"><\/a><\/td>\n<\/tr>\n<tr>\n<td><a href=\"https:\/\/honwaygroup.com\/wp-content\/uploads\/2021\/01\/MBF-90-%E7%B3%BB%E5%88%97-%E9%91%BD%E7%9F%B3%E7%95%B0%E5%BD%A2%E9%8A%BC%E5%88%80_%E5%B7%A5%E4%BD%9C%E5%8D%80%E5%9F%9F-1-%E8%A4%87%E6%9C%AC-22.webp\"><img loading=\"lazy\" decoding=\"async\" class=\"alignnone size-full wp-image-27042\" src=\"https:\/\/honwaygroup.com\/wp-content\/uploads\/2021\/01\/MBF-90-%E7%B3%BB%E5%88%97-%E9%91%BD%E7%9F%B3%E7%95%B0%E5%BD%A2%E9%8A%BC%E5%88%80_%E5%B7%A5%E4%BD%9C%E5%8D%80%E5%9F%9F-1-%E8%A4%87%E6%9C%AC-22.webp\" alt=\"\" width=\"292\" height=\"250\"><\/a><\/td>\n<td>2.5<\/td>\n<td>MBF-907<\/td>\n<td>MBF-907F<\/td>\n<td>MBF-907V<\/td>\n<td><a href=\"https:\/\/honwaygroup.com\/wp-content\/uploads\/2021\/01\/MBF-90-%E7%B3%BB%E5%88%97-%E9%91%BD%E7%9F%B3%E7%95%B0%E5%BD%A2%E9%8A%BC%E5%88%80_%E5%B7%A5%E4%BD%9C%E5%8D%80%E5%9F%9F-1-%E8%A4%87%E6%9C%AC-34.jpg\"><img loading=\"lazy\" decoding=\"async\" class=\"alignnone wp-image-27082 size-medium\" src=\"https:\/\/honwaygroup.com\/wp-content\/uploads\/2021\/01\/MBF-90-%E7%B3%BB%E5%88%97-%E9%91%BD%E7%9F%B3%E7%95%B0%E5%BD%A2%E9%8A%BC%E5%88%80_%E5%B7%A5%E4%BD%9C%E5%8D%80%E5%9F%9F-1-%E8%A4%87%E6%9C%AC-34-300x60.jpg\" alt=\"\" width=\"300\" height=\"60\"><\/a><\/td>\n<\/tr>\n<tr>\n<td><a href=\"https:\/\/honwaygroup.com\/wp-content\/uploads\/2021\/01\/MBF-90-%E7%B3%BB%E5%88%97-%E9%91%BD%E7%9F%B3%E7%95%B0%E5%BD%A2%E9%8A%BC%E5%88%80_%E5%B7%A5%E4%BD%9C%E5%8D%80%E5%9F%9F-1-%E8%A4%87%E6%9C%AC-23.webp\"><img loading=\"lazy\" decoding=\"async\" class=\"alignnone size-full wp-image-27046\" src=\"https:\/\/honwaygroup.com\/wp-content\/uploads\/2021\/01\/MBF-90-%E7%B3%BB%E5%88%97-%E9%91%BD%E7%9F%B3%E7%95%B0%E5%BD%A2%E9%8A%BC%E5%88%80_%E5%B7%A5%E4%BD%9C%E5%8D%80%E5%9F%9F-1-%E8%A4%87%E6%9C%AC-23.webp\" alt=\"\" width=\"292\" height=\"250\"><\/a><\/td>\n<td>3.2 X 1.4<\/td>\n<td>MBF-908<\/td>\n<td>MBF-908F<\/td>\n<td>MBF-908V<\/td>\n<td><a href=\"https:\/\/honwaygroup.com\/wp-content\/uploads\/2021\/01\/MBF-90-%E7%B3%BB%E5%88%97-%E9%91%BD%E7%9F%B3%E7%95%B0%E5%BD%A2%E9%8A%BC%E5%88%80_%E5%B7%A5%E4%BD%9C%E5%8D%80%E5%9F%9F-1-%E8%A4%87%E6%9C%AC-35.jpg\"><img loading=\"lazy\" decoding=\"async\" class=\"alignnone wp-image-27086 size-medium\" src=\"https:\/\/honwaygroup.com\/wp-content\/uploads\/2021\/01\/MBF-90-%E7%B3%BB%E5%88%97-%E9%91%BD%E7%9F%B3%E7%95%B0%E5%BD%A2%E9%8A%BC%E5%88%80_%E5%B7%A5%E4%BD%9C%E5%8D%80%E5%9F%9F-1-%E8%A4%87%E6%9C%AC-35-300x60.jpg\" alt=\"\" width=\"300\" height=\"60\"><\/a><\/td>\n<\/tr>\n<tr>\n<td><a href=\"https:\/\/honwaygroup.com\/wp-content\/uploads\/2021\/01\/MBF-90-%E7%B3%BB%E5%88%97-%E9%91%BD%E7%9F%B3%E7%95%B0%E5%BD%A2%E9%8A%BC%E5%88%80_%E5%B7%A5%E4%BD%9C%E5%8D%80%E5%9F%9F-1-%E8%A4%87%E6%9C%AC-24.webp\"><img loading=\"lazy\" decoding=\"async\" class=\"alignnone size-full wp-image-27050\" src=\"https:\/\/honwaygroup.com\/wp-content\/uploads\/2021\/01\/MBF-90-%E7%B3%BB%E5%88%97-%E9%91%BD%E7%9F%B3%E7%95%B0%E5%BD%A2%E9%8A%BC%E5%88%80_%E5%B7%A5%E4%BD%9C%E5%8D%80%E5%9F%9F-1-%E8%A4%87%E6%9C%AC-24.webp\" alt=\"\" width=\"292\" height=\"250\"><\/a><\/td>\n<td>3.2 X 1.4<\/td>\n<td>MBF-909<\/td>\n<td>MBF-909F<\/td>\n<td>MBF-909V<\/td>\n<td><a href=\"https:\/\/honwaygroup.com\/wp-content\/uploads\/2021\/01\/MBF-90-%E7%B3%BB%E5%88%97-%E9%91%BD%E7%9F%B3%E7%95%B0%E5%BD%A2%E9%8A%BC%E5%88%80_%E5%B7%A5%E4%BD%9C%E5%8D%80%E5%9F%9F-1-%E8%A4%87%E6%9C%AC-36.jpg\"><img loading=\"lazy\" decoding=\"async\" class=\"alignnone wp-image-27090 size-medium\" src=\"https:\/\/honwaygroup.com\/wp-content\/uploads\/2021\/01\/MBF-90-%E7%B3%BB%E5%88%97-%E9%91%BD%E7%9F%B3%E7%95%B0%E5%BD%A2%E9%8A%BC%E5%88%80_%E5%B7%A5%E4%BD%9C%E5%8D%80%E5%9F%9F-1-%E8%A4%87%E6%9C%AC-36-300x60.jpg\" alt=\"\" width=\"300\" height=\"60\"><\/a><\/td>\n<\/tr>\n<tr>\n<td><a href=\"https:\/\/honwaygroup.com\/wp-content\/uploads\/2021\/01\/MBF-90-%E7%B3%BB%E5%88%97-%E9%91%BD%E7%9F%B3%E7%95%B0%E5%BD%A2%E9%8A%BC%E5%88%80_%E5%B7%A5%E4%BD%9C%E5%8D%80%E5%9F%9F-1-%E8%A4%87%E6%9C%AC-25.webp\"><img loading=\"lazy\" decoding=\"async\" class=\"alignnone size-full wp-image-27054\" src=\"https:\/\/honwaygroup.com\/wp-content\/uploads\/2021\/01\/MBF-90-%E7%B3%BB%E5%88%97-%E9%91%BD%E7%9F%B3%E7%95%B0%E5%BD%A2%E9%8A%BC%E5%88%80_%E5%B7%A5%E4%BD%9C%E5%8D%80%E5%9F%9F-1-%E8%A4%87%E6%9C%AC-25.webp\" alt=\"\" width=\"292\" height=\"250\"><\/a><\/td>\n<td>3.5 X 2<\/td>\n<td>MBF-910<\/td>\n<td>MBF-910F<\/td>\n<td>MBF-910V<\/td>\n<td><a href=\"https:\/\/honwaygroup.com\/wp-content\/uploads\/2021\/01\/MBF-90-%E7%B3%BB%E5%88%97-%E9%91%BD%E7%9F%B3%E7%95%B0%E5%BD%A2%E9%8A%BC%E5%88%80_%E5%B7%A5%E4%BD%9C%E5%8D%80%E5%9F%9F-1-%E8%A4%87%E6%9C%AC-37.jpg\"><img loading=\"lazy\" decoding=\"async\" class=\"alignnone wp-image-27094 size-medium\" src=\"https:\/\/honwaygroup.com\/wp-content\/uploads\/2021\/01\/MBF-90-%E7%B3%BB%E5%88%97-%E9%91%BD%E7%9F%B3%E7%95%B0%E5%BD%A2%E9%8A%BC%E5%88%80_%E5%B7%A5%E4%BD%9C%E5%8D%80%E5%9F%9F-1-%E8%A4%87%E6%9C%AC-37-300x60.jpg\" alt=\"\" width=\"300\" height=\"60\"><\/a><\/td>\n<\/tr>\n<tr>\n<td colspan=\"2\"><strong>Zestaw 10 sztuk<\/strong><\/td>\n<td>MBF-900<\/td>\n<td>MBF-900F<\/td>\n<td>MBF-900V<\/td>\n<td><\/td>\n<\/tr>\n<\/tbody>\n<\/table>\n<p>Jednostka : mm<\/p>\n<p>Masz pytanie? <a href=\"https:\/\/honwaygroup.com\/pl\/skontaktuj-sie-z-nami\/\">Skontaktuj si\u0119 z nami!<\/a><\/p>\n","protected":false},"excerpt":{"rendered":"<ul>\n<li data-start=\"87\" data-end=\"107\">Kh\u1ea3 n\u0103ng ch\u1ed1ng m\u00e0i m\u00f2n cao, tu\u1ed5i th\u1ecd cao, kh\u00f4ng d\u1ec5 b\u1ecb th\u1ee5 \u0111\u1ed9ng h\u00f3a.<\/li>\n<li data-start=\"146\" data-end=\"196\">W por\u00f3wnaniu ze standardowymi pilnikami, pilniki o niestandardowym kszta\u0142cie oferuj\u0105 unikalne kszta\u0142ty, odpowiednie do precyzyjnej obr\u00f3bki detali i trudno dost\u0119pnych miejsc.<\/li>\n<li data-start=\"197\" data-end=\"244\">C\u00e1c h\u00ecnh d\u1ea1ng c\u00f3 th\u1ec3 bao g\u1ed3m h\u00ecnh cung, h\u00ecnh v\u00e1t, r\u00e3nh h\u00ecnh d\u1ea1ng \u0111\u1eb7c bi\u1ec7t, \u0111\u1ea7u c\u00f4n, l\u01b0\u1ee1i cong, v.v., c\u00f3 th\u1ec3 th\u00edch \u1ee9ng ch\u00ednh x\u00e1c h\u01a1n v\u1edbi nhu c\u1ea7u c\u1ee7a ph\u00f4i.<\/li>\n<\/ul>\n<h5><strong><span style=\"color: #ff0000; font-size: 19.2px;\">\u25b2<\/span> <\/strong><strong><span style=\"color: #ff0000; font-size: 19.2px;\">W przypadku zapotrzebowania na niestandardowe rozmiary prosimy o kontakt z obs\u0142ug\u0105 klienta. W celu uzyskania informacji o czas realizacji takiego zam\u00f3wienia r\u00f3wnie\u017c prosimy o kontakt z obs\u0142ug\u0105 klienta.<\/span><\/strong><\/h5>\n<h5><strong><span style=\"color: #ff0000; font-size: 19.2px;\">\u25b2 Przy wi\u0119kszych zam\u00f3wieniach istnieje mo\u017cliwo\u015b\u0107 uzyskania rabatu, prosimy o kontakt z obs\u0142ug\u0105 klienta.<\/span><\/strong><\/h5>\n<h5><strong><span style=\"color: #ff0000; font-size: 19.2px;\">\u25b2<\/span><span style=\"color: #ff0000; font-size: 19.2px;\">Czas dostawy zam\u00f3wie\u0144<\/span> <span style=\"color: #ff0000;\">na Tajwan wynosi<\/span> <span style=\"color: #ff0000; font-size: 19.2px;\">oko\u0142o 7\u201314 dni roboczych<\/span><\/strong><\/h5>\n<h5><strong><span style=\"color: #ff0000; font-size: 19.2px;\">\u25b2<\/span><span style=\"color: #ff0000;\">Czas realizacji wysy\u0142ki mi\u0119dzynarodowej wynosi 7-14 dni, natomiast rzeczywisty czas dostawy zale\u017cy od danej firmy kurierskiej.<\/span><\/strong><\/h5>\n","protected":false},"featured_media":127578,"template":"","meta":{"site-sidebar-layout":"default","site-content-layout":"default","ast-site-content-layout":"default","site-content-style":"default","site-sidebar-style":"default","ast-global-header-display":"","ast-banner-title-visibility":"","ast-main-header-display":"","ast-hfb-above-header-display":"","ast-hfb-below-header-display":"","ast-hfb-mobile-header-display":"","site-post-title":"","ast-breadcrumbs-content":"","ast-featured-img":"","footer-sml-layout":"","ast-disable-related-posts":"","theme-transparent-header-meta":"default","adv-header-id-meta":"","stick-header-meta":"default","header-above-stick-meta":"","header-main-stick-meta":"","header-below-stick-meta":"","astra-migrate-meta-layouts":"default","ast-page-background-enabled":"default","ast-page-background-meta":{"desktop":{"background-color":"var(--ast-global-color-5)","background-image":"","background-repeat":"repeat","background-position":"center center","background-size":"auto","background-attachment":"scroll","background-type":"","background-media":"","overlay-type":"","overlay-color":"","overlay-opacity":"","overlay-gradient":""},"tablet":{"background-color":"","background-image":"","background-repeat":"repeat","background-position":"center center","background-size":"auto","background-attachment":"scroll","background-type":"","background-media":"","overlay-type":"","overlay-color":"","overlay-opacity":"","overlay-gradient":""},"mobile":{"background-color":"","background-image":"","background-repeat":"repeat","background-position":"center center","background-size":"auto","background-attachment":"scroll","background-type":"","background-media":"","overlay-type":"","overlay-color":"","overlay-opacity":"","overlay-gradient":""}},"ast-content-background-meta":{"desktop":{"background-color":"var(--ast-global-color-4)","background-image":"","background-repeat":"repeat","background-position":"center center","background-size":"auto","background-attachment":"scroll","background-type":"","background-media":"","overlay-type":"","overlay-color":"","overlay-opacity":"","overlay-gradient":""},"tablet":{"background-color":"var(--ast-global-color-4)","background-image":"","background-repeat":"repeat","background-position":"center center","background-size":"auto","background-attachment":"scroll","background-type":"","background-media":"","overlay-type":"","overlay-color":"","overlay-opacity":"","overlay-gradient":""},"mobile":{"background-color":"var(--ast-global-color-4)","background-image":"","background-repeat":"repeat","background-position":"center center","background-size":"auto","background-attachment":"scroll","background-type":"","background-media":"","overlay-type":"","overlay-color":"","overlay-opacity":"","overlay-gradient":""}}},"product_brand":[],"product_cat":[3446,3618],"product_tag":[3956,3801],"class_list":{"0":"post-127577","1":"product","2":"type-product","3":"status-publish","4":"has-post-thumbnail","6":"product_cat-dianond-tools-pl","7":"product_cat-diamentowe-pilniki-maszynowe","8":"product_tag-pilniki-diamentowe","9":"product_tag-pilniki-o-nieregularnym-ksztalcie","10":"desktop-align-left","11":"tablet-align-left","12":"mobile-align-left","13":"ast-product-gallery-layout-horizontal-slider","14":"ast-product-single-variable","15":"ast-product-tabs-layout-horizontal","17":"first","18":"instock","19":"taxable","20":"shipping-taxable","21":"purchasable","22":"product-type-variable"},"_links":{"self":[{"href":"https:\/\/honwaygroup.com\/pl\/wp-json\/wp\/v2\/product\/127577","targetHints":{"allow":["GET"]}}],"collection":[{"href":"https:\/\/honwaygroup.com\/pl\/wp-json\/wp\/v2\/product"}],"about":[{"href":"https:\/\/honwaygroup.com\/pl\/wp-json\/wp\/v2\/types\/product"}],"version-history":[{"count":0,"href":"https:\/\/honwaygroup.com\/pl\/wp-json\/wp\/v2\/product\/127577\/revisions"}],"wp:featuredmedia":[{"embeddable":true,"href":"https:\/\/honwaygroup.com\/pl\/wp-json\/wp\/v2\/media\/127578"}],"wp:attachment":[{"href":"https:\/\/honwaygroup.com\/pl\/wp-json\/wp\/v2\/media?parent=127577"}],"wp:term":[{"taxonomy":"product_brand","embeddable":true,"href":"https:\/\/honwaygroup.com\/pl\/wp-json\/wp\/v2\/product_brand?post=127577"},{"taxonomy":"product_cat","embeddable":true,"href":"https:\/\/honwaygroup.com\/pl\/wp-json\/wp\/v2\/product_cat?post=127577"},{"taxonomy":"product_tag","embeddable":true,"href":"https:\/\/honwaygroup.com\/pl\/wp-json\/wp\/v2\/product_tag?post=127577"}],"curies":[{"name":"wp","href":"https:\/\/api.w.org\/{rel}","templated":true}]}}