{"id":127554,"date":"2021-01-23T19:49:19","date_gmt":"2021-01-23T11:49:19","guid":{"rendered":"https:\/\/honwaygroup.com\/product\/bf-80-diamentowy-pilnik-o-nieregularnym-ksztalcie\/"},"modified":"2021-01-23T19:49:19","modified_gmt":"2021-01-23T11:49:19","slug":"bf-80-diamentowy-pilnik-o-nieregularnym-ksztalcie","status":"publish","type":"product","link":"https:\/\/honwaygroup.com\/pl\/produkt\/bf-80-diamentowy-pilnik-o-nieregularnym-ksztalcie\/","title":{"rendered":"BF-80 Diamentowy pilnik o nieregularnym kszta\u0142cie"},"content":{"rendered":"<h1>BF-80 Diamentowy pilnik o nieregularnym kszta\u0142cie (podw\u00f3jna ko\u0144c\u00f3wka)<\/h1>\n<h2>Cechy produktu:<\/h2>\n<ul>\n<li data-start=\"87\" data-end=\"107\">Kh\u1ea3 n\u0103ng ch\u1ed1ng m\u00e0i m\u00f2n cao, tu\u1ed5i th\u1ecd cao, kh\u00f4ng d\u1ec5 b\u1ecb th\u1ee5 \u0111\u1ed9ng h\u00f3a.<\/li>\n<li data-start=\"146\" data-end=\"196\">W por\u00f3wnaniu ze standardowymi pilnikami, pilniki o niestandardowym kszta\u0142cie oferuj\u0105 unikalne kszta\u0142ty, odpowiednie do precyzyjnej obr\u00f3bki detali i trudno dost\u0119pnych miejsc.<\/li>\n<li data-start=\"197\" data-end=\"244\">Kszta\u0142ty mog\u0105 obejmowa\u0107 zaokr\u0105glone, nieregularne rowki, sto\u017ckowe ko\u0144c\u00f3wki, zakrzywione ostrza itp., co pozwala na dok\u0142adniejsze dopasowanie do potrzeb obrabianego przedmiotu.<\/li>\n<li data-start=\"197\" data-end=\"244\">Konstrukcja z dwoma ko\u0144c\u00f3wkami: ka\u017cdy pilnik ma dwa ko\u0144ce z r\u00f3\u017cnymi kszta\u0142tami, co zapewnia wszechstronno\u015b\u0107 i spe\u0142nia r\u00f3\u017cnorodne potrzeby obr\u00f3bcze.<\/li>\n<\/ul>\n<h2>Zakres zastosowania:<\/h2>\n<ul>\n<li>Mo\u017ce by\u0107 stosowany do szlifowania r\u0119cznego, spe\u0142niaj\u0105c potrzeby obr\u00f3bki na poziomie profesjonalnym.<\/li>\n<li>Wykorzystuje ziarna diamentu, odpowiednie do twardych materia\u0142\u00f3w, takich jak metal, ceramika, szk\u0142o, w\u0142\u00f3kno w\u0119glowe itp.<\/li>\n<li>Nadaje si\u0119 do precyzyjnych prac, takich jak korekcja, szlifowanie i polerowanie.<\/li>\n<\/ul>\n<h2>Specyfikacja produktu:<\/h2>\n<table class=\"specTable2\" width=\"100%\">\n<tbody>\n<tr>\n<th colspan=\"2\" rowspan=\"2\">Kszta\u0142t i rozmiar (mm)<\/th>\n<th colspan=\"3\">Numer seryjny<\/th>\n<th rowspan=\"2\" width=\"35%\">\n<ul>\n<li style=\"text-align: left\">D\u0142ugo\u015b\u0107 ca\u0142kowita : 155mm<\/li>\n<li style=\"text-align: left\">\u015arednica : 3.0mm kwadratowy trzonek<\/li>\n<li style=\"text-align: left\">D\u0142ugo\u015b\u0107 diamentu : 20 ~ 30mm (podw\u00f3jna ko\u0144c\u00f3wka)<\/li>\n<\/ul>\n<\/th>\n<\/tr>\n<tr>\n<th>#200<\/th>\n<th>#150<\/th>\n<th>#400<\/th>\n<\/tr>\n<tr>\n<td><a href=\"https:\/\/honwaygroup.com\/wp-content\/uploads\/2021\/01\/BF-80-%E9%91%BD%E7%9F%B3%E7%95%B0%E5%BD%A2%E9%8A%BC%E5%88%80_%E5%B7%A5%E4%BD%9C%E5%8D%80%E5%9F%9F-1-%E8%A4%87%E6%9C%AC-5.webp\"><img decoding=\"async\" class=\"wp-image-25178 aligncenter\" src=\"https:\/\/honwaygroup.com\/wp-content\/uploads\/2021\/01\/BF-80-%E9%91%BD%E7%9F%B3%E7%95%B0%E5%BD%A2%E9%8A%BC%E5%88%80_%E5%B7%A5%E4%BD%9C%E5%8D%80%E5%9F%9F-1-%E8%A4%87%E6%9C%AC-5-150x150.webp\" alt=\"\" width=\"90\" height=\"77\"><\/a><\/td>\n<td style=\"text-align: center\">3 x 2<\/td>\n<td style=\"text-align: center\">BF-801<\/td>\n<td style=\"text-align: center\">BF-801J<\/td>\n<td style=\"text-align: center\">BF-801V<\/td>\n<td><a href=\"https:\/\/honwaygroup.com\/wp-content\/uploads\/2021\/01\/BF-80-%E9%91%BD%E7%9F%B3%E7%95%B0%E5%BD%A2%E9%8A%BC%E5%88%80-57.webp\"><img fetchpriority=\"high\" decoding=\"async\" class=\"alignnone wp-image-25202 size-full\" src=\"https:\/\/honwaygroup.com\/wp-content\/uploads\/2021\/01\/BF-80-%E9%91%BD%E7%9F%B3%E7%95%B0%E5%BD%A2%E9%8A%BC%E5%88%80-57.webp\" alt=\"\" width=\"1131\" height=\"162\"><\/a><\/td>\n<\/tr>\n<tr>\n<td><a href=\"https:\/\/honwaygroup.com\/wp-content\/uploads\/2021\/01\/BF-80-%E9%91%BD%E7%9F%B3%E7%95%B0%E5%BD%A2%E9%8A%BC%E5%88%80_%E5%B7%A5%E4%BD%9C%E5%8D%80%E5%9F%9F-1-%E8%A4%87%E6%9C%AC-6.webp\"><img decoding=\"async\" class=\"wp-image-25182 aligncenter\" src=\"https:\/\/honwaygroup.com\/wp-content\/uploads\/2021\/01\/BF-80-%E9%91%BD%E7%9F%B3%E7%95%B0%E5%BD%A2%E9%8A%BC%E5%88%80_%E5%B7%A5%E4%BD%9C%E5%8D%80%E5%9F%9F-1-%E8%A4%87%E6%9C%AC-6-150x150.webp\" alt=\"\" width=\"90\" height=\"77\"><\/a><\/td>\n<td style=\"text-align: center\">\u00d82<\/td>\n<td style=\"text-align: center\">BF-802<\/td>\n<td style=\"text-align: center\">BFL-802J<\/td>\n<td style=\"text-align: center\">BF-802V<\/td>\n<td><a href=\"https:\/\/honwaygroup.com\/wp-content\/uploads\/2021\/01\/BF-80-%E9%91%BD%E7%9F%B3%E7%95%B0%E5%BD%A2%E9%8A%BC%E5%88%80-58.webp\"><img loading=\"lazy\" decoding=\"async\" class=\"alignnone wp-image-25206 size-full\" src=\"https:\/\/honwaygroup.com\/wp-content\/uploads\/2021\/01\/BF-80-%E9%91%BD%E7%9F%B3%E7%95%B0%E5%BD%A2%E9%8A%BC%E5%88%80-58.webp\" alt=\"\" width=\"1131\" height=\"162\"><\/a><\/td>\n<\/tr>\n<tr>\n<td><a href=\"https:\/\/honwaygroup.com\/wp-content\/uploads\/2021\/01\/BF-80-%E9%91%BD%E7%9F%B3%E7%95%B0%E5%BD%A2%E9%8A%BC%E5%88%80_%E5%B7%A5%E4%BD%9C%E5%8D%80%E5%9F%9F-1-%E8%A4%87%E6%9C%AC-8.webp\"><img loading=\"lazy\" decoding=\"async\" class=\"wp-image-25186 aligncenter\" src=\"https:\/\/honwaygroup.com\/wp-content\/uploads\/2021\/01\/BF-80-%E9%91%BD%E7%9F%B3%E7%95%B0%E5%BD%A2%E9%8A%BC%E5%88%80_%E5%B7%A5%E4%BD%9C%E5%8D%80%E5%9F%9F-1-%E8%A4%87%E6%9C%AC-8-150x150.webp\" alt=\"\" width=\"90\" height=\"77\"><\/a><\/td>\n<td style=\"text-align: center\">\u00d83<\/td>\n<td style=\"text-align: center\">BF-803<\/td>\n<td style=\"text-align: center\">BF-803J<\/td>\n<td style=\"text-align: center\">BF-803V<\/td>\n<td><a href=\"https:\/\/honwaygroup.com\/wp-content\/uploads\/2021\/01\/BF-80-%E9%91%BD%E7%9F%B3%E7%95%B0%E5%BD%A2%E9%8A%BC%E5%88%80-59.webp\"><img loading=\"lazy\" decoding=\"async\" class=\"alignnone wp-image-25210 size-full\" src=\"https:\/\/honwaygroup.com\/wp-content\/uploads\/2021\/01\/BF-80-%E9%91%BD%E7%9F%B3%E7%95%B0%E5%BD%A2%E9%8A%BC%E5%88%80-59.webp\" alt=\"\" width=\"1131\" height=\"162\"><\/a><\/td>\n<\/tr>\n<tr>\n<td><a href=\"https:\/\/honwaygroup.com\/wp-content\/uploads\/2021\/01\/BF-80-%E9%91%BD%E7%9F%B3%E7%95%B0%E5%BD%A2%E9%8A%BC%E5%88%80_%E5%B7%A5%E4%BD%9C%E5%8D%80%E5%9F%9F-1-%E8%A4%87%E6%9C%AC-9.webp\"><img loading=\"lazy\" decoding=\"async\" class=\"wp-image-25190 aligncenter\" src=\"https:\/\/honwaygroup.com\/wp-content\/uploads\/2021\/01\/BF-80-%E9%91%BD%E7%9F%B3%E7%95%B0%E5%BD%A2%E9%8A%BC%E5%88%80_%E5%B7%A5%E4%BD%9C%E5%8D%80%E5%9F%9F-1-%E8%A4%87%E6%9C%AC-9-150x150.webp\" alt=\"\" width=\"90\" height=\"77\"><\/a><\/td>\n<td style=\"text-align: center\">\u00d83<\/td>\n<td style=\"text-align: center\">BF-804<\/td>\n<td style=\"text-align: center\">BF-804J<\/td>\n<td style=\"text-align: center\">BF-804V<\/td>\n<td><a href=\"https:\/\/honwaygroup.com\/wp-content\/uploads\/2021\/01\/BF-80-%E9%91%BD%E7%9F%B3%E7%95%B0%E5%BD%A2%E9%8A%BC%E5%88%80-60.webp\"><img loading=\"lazy\" decoding=\"async\" class=\"alignnone wp-image-25214 size-full\" src=\"https:\/\/honwaygroup.com\/wp-content\/uploads\/2021\/01\/BF-80-%E9%91%BD%E7%9F%B3%E7%95%B0%E5%BD%A2%E9%8A%BC%E5%88%80-60.webp\" alt=\"\" width=\"1131\" height=\"162\"><\/a><\/td>\n<\/tr>\n<tr>\n<td><a href=\"https:\/\/honwaygroup.com\/wp-content\/uploads\/2021\/01\/BF-80-%E9%91%BD%E7%9F%B3%E7%95%B0%E5%BD%A2%E9%8A%BC%E5%88%80_%E5%B7%A5%E4%BD%9C%E5%8D%80%E5%9F%9F-1-%E8%A4%87%E6%9C%AC-10.webp\"><img loading=\"lazy\" decoding=\"async\" class=\"wp-image-25194 aligncenter\" src=\"https:\/\/honwaygroup.com\/wp-content\/uploads\/2021\/01\/BF-80-%E9%91%BD%E7%9F%B3%E7%95%B0%E5%BD%A2%E9%8A%BC%E5%88%80_%E5%B7%A5%E4%BD%9C%E5%8D%80%E5%9F%9F-1-%E8%A4%87%E6%9C%AC-10-150x150.webp\" alt=\"\" width=\"90\" height=\"77\"><\/a><\/td>\n<td style=\"text-align: center\">3<\/td>\n<td style=\"text-align: center\">BF-805<\/td>\n<td style=\"text-align: center\">BF-805J<\/td>\n<td style=\"text-align: center\">BF-805V<\/td>\n<td><a href=\"https:\/\/honwaygroup.com\/wp-content\/uploads\/2021\/01\/BF-80-%E9%91%BD%E7%9F%B3%E7%95%B0%E5%BD%A2%E9%8A%BC%E5%88%80-61.webp\"><img loading=\"lazy\" decoding=\"async\" class=\"alignnone wp-image-25218 size-full\" src=\"https:\/\/honwaygroup.com\/wp-content\/uploads\/2021\/01\/BF-80-%E9%91%BD%E7%9F%B3%E7%95%B0%E5%BD%A2%E9%8A%BC%E5%88%80-61.webp\" alt=\"\" width=\"1131\" height=\"162\"><\/a><\/td>\n<\/tr>\n<tr>\n<td><a href=\"https:\/\/honwaygroup.com\/wp-content\/uploads\/2021\/01\/BF-80-%E9%91%BD%E7%9F%B3%E7%95%B0%E5%BD%A2%E9%8A%BC%E5%88%80_%E5%B7%A5%E4%BD%9C%E5%8D%80%E5%9F%9F-1-%E8%A4%87%E6%9C%AC-11.webp\"><img loading=\"lazy\" decoding=\"async\" class=\"wp-image-25198 aligncenter\" src=\"https:\/\/honwaygroup.com\/wp-content\/uploads\/2021\/01\/BF-80-%E9%91%BD%E7%9F%B3%E7%95%B0%E5%BD%A2%E9%8A%BC%E5%88%80_%E5%B7%A5%E4%BD%9C%E5%8D%80%E5%9F%9F-1-%E8%A4%87%E6%9C%AC-11-150x150.webp\" alt=\"\" width=\"90\" height=\"77\"><\/a><\/td>\n<td style=\"text-align: center\">3<\/td>\n<td style=\"text-align: center\">BF-806<\/td>\n<td style=\"text-align: center\">BF-806J<\/td>\n<td style=\"text-align: center\">BF-806V<\/td>\n<td><a href=\"https:\/\/honwaygroup.com\/wp-content\/uploads\/2021\/01\/BF-80-%E9%91%BD%E7%9F%B3%E7%95%B0%E5%BD%A2%E9%8A%BC%E5%88%80-62.webp\"><img loading=\"lazy\" decoding=\"async\" class=\"alignnone wp-image-25222 size-full\" src=\"https:\/\/honwaygroup.com\/wp-content\/uploads\/2021\/01\/BF-80-%E9%91%BD%E7%9F%B3%E7%95%B0%E5%BD%A2%E9%8A%BC%E5%88%80-62.webp\" alt=\"\" width=\"1131\" height=\"162\"><\/a><\/td>\n<\/tr>\n<tr>\n<td colspan=\"2\"><strong>Zestaw 6 sztuk<\/strong><\/td>\n<td style=\"text-align: center\">BF-800<\/td>\n<td style=\"text-align: center\">BF-800J<\/td>\n<td style=\"text-align: center\">BF-800V<\/td>\n<td><\/td>\n<\/tr>\n<\/tbody>\n<\/table>\n<p>Masz pytanie? <a href=\"https:\/\/honwaygroup.com\/pl\/skontaktuj-sie-z-nami\/\">Skontaktuj si\u0119 z nami!<\/a><\/p>\n","protected":false},"excerpt":{"rendered":"<ul>\n<li data-start=\"87\" data-end=\"107\">Kh\u1ea3 n\u0103ng ch\u1ed1ng m\u00e0i m\u00f2n cao, tu\u1ed5i th\u1ecd cao, kh\u00f4ng d\u1ec5 b\u1ecb th\u1ee5 \u0111\u1ed9ng h\u00f3a.<\/li>\n<li data-start=\"146\" data-end=\"196\">W por\u00f3wnaniu ze standardowymi pilnikami, pilniki o niestandardowym kszta\u0142cie oferuj\u0105 unikalne kszta\u0142ty, odpowiednie do precyzyjnej obr\u00f3bki detali i trudno dost\u0119pnych miejsc.<\/li>\n<li data-start=\"197\" data-end=\"244\">Kszta\u0142ty mog\u0105 obejmowa\u0107 zaokr\u0105glone, nieregularne rowki, sto\u017ckowe ko\u0144c\u00f3wki, zakrzywione ostrza itp., co pozwala na dok\u0142adniejsze dopasowanie do potrzeb obrabianego przedmiotu.<\/li>\n<li data-start=\"197\" data-end=\"244\">Konstrukcja z dwoma ko\u0144c\u00f3wkami: ka\u017cdy pilnik ma dwa ko\u0144ce z r\u00f3\u017cnymi kszta\u0142tami, co zapewnia wszechstronno\u015b\u0107 i spe\u0142nia r\u00f3\u017cnorodne potrzeby obr\u00f3bcze.<\/li>\n<\/ul>\n<h5><strong><span style=\"color: #ff0000;font-size: 19.2px\">\u25b2<\/span> <\/strong><strong><span style=\"color: #ff0000;font-size: 19.2px\">W przypadku zapotrzebowania na niestandardowe rozmiary prosimy o kontakt z obs\u0142ug\u0105 klienta. W celu uzyskania informacji o czas realizacji takiego zam\u00f3wienia r\u00f3wnie\u017c prosimy o kontakt z obs\u0142ug\u0105 klienta.<\/span><\/strong><\/h5>\n<h5><strong><span style=\"color: #ff0000;font-size: 19.2px\">\u25b2 Przy wi\u0119kszych zam\u00f3wieniach istnieje mo\u017cliwo\u015b\u0107 uzyskania rabatu, prosimy o kontakt z obs\u0142ug\u0105 klienta.<\/span><\/strong><\/h5>\n<h5><strong><span style=\"color: #ff0000;font-size: 19.2px\">\u25b2<\/span><span style=\"color: #ff0000;font-size: 19.2px\">Czas dostawy zam\u00f3wie\u0144<\/span> <span style=\"color: #ff0000\">na Tajwan wynosi<\/span> <span style=\"color: #ff0000;font-size: 19.2px\">oko\u0142o 7\u201314 dni roboczych<\/span><\/strong><\/h5>\n<h5><strong><span style=\"color: #ff0000;font-size: 19.2px\">\u25b2<\/span><span style=\"color: #ff0000\">Czas realizacji wysy\u0142ki mi\u0119dzynarodowej wynosi 7-14 dni, natomiast rzeczywisty czas dostawy zale\u017cy od danej firmy kurierskiej.<\/span><\/strong><\/h5>\n","protected":false},"featured_media":127555,"template":"","meta":{"site-sidebar-layout":"default","site-content-layout":"default","ast-site-content-layout":"default","site-content-style":"default","site-sidebar-style":"default","ast-global-header-display":"","ast-banner-title-visibility":"","ast-main-header-display":"","ast-hfb-above-header-display":"","ast-hfb-below-header-display":"","ast-hfb-mobile-header-display":"","site-post-title":"","ast-breadcrumbs-content":"","ast-featured-img":"","footer-sml-layout":"","ast-disable-related-posts":"","theme-transparent-header-meta":"default","adv-header-id-meta":"","stick-header-meta":"default","header-above-stick-meta":"","header-main-stick-meta":"","header-below-stick-meta":"","astra-migrate-meta-layouts":"default","ast-page-background-enabled":"default","ast-page-background-meta":{"desktop":{"background-color":"var(--ast-global-color-5)","background-image":"","background-repeat":"repeat","background-position":"center center","background-size":"auto","background-attachment":"scroll","background-type":"","background-media":"","overlay-type":"","overlay-color":"","overlay-opacity":"","overlay-gradient":""},"tablet":{"background-color":"","background-image":"","background-repeat":"repeat","background-position":"center center","background-size":"auto","background-attachment":"scroll","background-type":"","background-media":"","overlay-type":"","overlay-color":"","overlay-opacity":"","overlay-gradient":""},"mobile":{"background-color":"","background-image":"","background-repeat":"repeat","background-position":"center center","background-size":"auto","background-attachment":"scroll","background-type":"","background-media":"","overlay-type":"","overlay-color":"","overlay-opacity":"","overlay-gradient":""}},"ast-content-background-meta":{"desktop":{"background-color":"var(--ast-global-color-4)","background-image":"","background-repeat":"repeat","background-position":"center center","background-size":"auto","background-attachment":"scroll","background-type":"","background-media":"","overlay-type":"","overlay-color":"","overlay-opacity":"","overlay-gradient":""},"tablet":{"background-color":"var(--ast-global-color-4)","background-image":"","background-repeat":"repeat","background-position":"center center","background-size":"auto","background-attachment":"scroll","background-type":"","background-media":"","overlay-type":"","overlay-color":"","overlay-opacity":"","overlay-gradient":""},"mobile":{"background-color":"var(--ast-global-color-4)","background-image":"","background-repeat":"repeat","background-position":"center center","background-size":"auto","background-attachment":"scroll","background-type":"","background-media":"","overlay-type":"","overlay-color":"","overlay-opacity":"","overlay-gradient":""}}},"product_brand":[],"product_cat":[3446,3617],"product_tag":[3956,3801],"class_list":{"0":"post-127554","1":"product","2":"type-product","3":"status-publish","4":"has-post-thumbnail","6":"product_cat-dianond-tools-pl","7":"product_cat-diamentowe-pilniki-reczne","8":"product_tag-pilniki-diamentowe","9":"product_tag-pilniki-o-nieregularnym-ksztalcie","10":"desktop-align-left","11":"tablet-align-left","12":"mobile-align-left","13":"ast-product-gallery-layout-horizontal-slider","14":"ast-product-gallery-with-no-image","15":"ast-product-single-variable","16":"ast-product-tabs-layout-horizontal","18":"first","19":"instock","20":"taxable","21":"shipping-taxable","22":"purchasable","23":"product-type-variable"},"_links":{"self":[{"href":"https:\/\/honwaygroup.com\/pl\/wp-json\/wp\/v2\/product\/127554","targetHints":{"allow":["GET"]}}],"collection":[{"href":"https:\/\/honwaygroup.com\/pl\/wp-json\/wp\/v2\/product"}],"about":[{"href":"https:\/\/honwaygroup.com\/pl\/wp-json\/wp\/v2\/types\/product"}],"version-history":[{"count":0,"href":"https:\/\/honwaygroup.com\/pl\/wp-json\/wp\/v2\/product\/127554\/revisions"}],"wp:featuredmedia":[{"embeddable":true,"href":"https:\/\/honwaygroup.com\/pl\/wp-json\/wp\/v2\/media\/127555"}],"wp:attachment":[{"href":"https:\/\/honwaygroup.com\/pl\/wp-json\/wp\/v2\/media?parent=127554"}],"wp:term":[{"taxonomy":"product_brand","embeddable":true,"href":"https:\/\/honwaygroup.com\/pl\/wp-json\/wp\/v2\/product_brand?post=127554"},{"taxonomy":"product_cat","embeddable":true,"href":"https:\/\/honwaygroup.com\/pl\/wp-json\/wp\/v2\/product_cat?post=127554"},{"taxonomy":"product_tag","embeddable":true,"href":"https:\/\/honwaygroup.com\/pl\/wp-json\/wp\/v2\/product_tag?post=127554"}],"curies":[{"name":"wp","href":"https:\/\/api.w.org\/{rel}","templated":true}]}}