{"id":127519,"date":"2021-01-23T19:50:17","date_gmt":"2021-01-23T11:50:17","guid":{"rendered":"https:\/\/honwaygroup.com\/product\/dua-hinh-kim-cuong-bf-90\/"},"modified":"2021-01-23T19:50:17","modified_gmt":"2021-01-23T11:50:17","slug":"dua-hinh-kim-cuong-bf-90","status":"publish","type":"product","link":"https:\/\/honwaygroup.com\/pl\/produkt\/dua-hinh-kim-cuong-bf-90\/","title":{"rendered":"D\u0169a h\u00ecnh kim c\u01b0\u01a1ng BF-90"},"content":{"rendered":"<h1>D\u0169a h\u00ecnh kim c\u01b0\u01a1ng BF-90<\/h1>\n<h2>Cechy produktu:<\/h2>\n<ul>\n<li data-start=\"87\" data-end=\"107\">Kh\u1ea3 n\u0103ng ch\u1ed1ng m\u00e0i m\u00f2n cao, tu\u1ed5i th\u1ecd cao, kh\u00f4ng d\u1ec5 b\u1ecb th\u1ee5 \u0111\u1ed9ng h\u00f3a.<\/li>\n<li data-start=\"146\" data-end=\"196\">W por\u00f3wnaniu ze standardowymi pilnikami, pilniki o niestandardowym kszta\u0142cie oferuj\u0105 unikalne kszta\u0142ty, odpowiednie do precyzyjnej obr\u00f3bki detali i trudno dost\u0119pnych miejsc.<\/li>\n<li data-start=\"197\" data-end=\"244\">C\u00e1c h\u00ecnh d\u1ea1ng c\u00f3 th\u1ec3 bao g\u1ed3m h\u00ecnh cung, h\u00ecnh v\u00e1t, r\u00e3nh h\u00ecnh d\u1ea1ng \u0111\u1eb7c bi\u1ec7t, \u0111\u1ea7u c\u00f4n, l\u01b0\u1ee1i cong, v.v., c\u00f3 th\u1ec3 th\u00edch \u1ee9ng ch\u00ednh x\u00e1c h\u01a1n v\u1edbi nhu c\u1ea7u c\u1ee7a ph\u00f4i.<\/li>\n<\/ul>\n<h2>Zakres zastosowania:<\/h2>\n<ul>\n<li>Mo\u017ce by\u0107 stosowany do szlifowania r\u0119cznego, spe\u0142niaj\u0105c potrzeby obr\u00f3bki na poziomie profesjonalnym.<\/li>\n<li>Wykorzystuje ziarna diamentu, odpowiednie do twardych materia\u0142\u00f3w, takich jak metal, ceramika, szk\u0142o, w\u0142\u00f3kno w\u0119glowe itp.<\/li>\n<li>Nadaje si\u0119 do precyzyjnych prac, takich jak korekcja, szlifowanie i polerowanie.<\/li>\n<\/ul>\n<h2>Specyfikacja produktu:<\/h2>\n<table class=\"specTable2\" width=\"100%\">\n<tbody>\n<tr>\n<th colspan=\"2\" rowspan=\"2\">Kszta\u0142t i rozmiar (mm)<\/th>\n<th colspan=\"3\">Numer seryjny<\/th>\n<th rowspan=\"2\" width=\"35%\">\n<ul>\n<li style=\"text-align: left\">D\u0142ugo\u015b\u0107 ca\u0142kowita : 140mm<\/li>\n<li style=\"text-align: left\">\u015arednica: \u00d83.0mm<\/li>\n<li style=\"text-align: left\">Chi\u1ec1u d\u00e0i kim c\u01b0\u01a1ng : 20mm<\/li>\n<\/ul>\n<\/th>\n<\/tr>\n<tr>\n<th>#150<\/th>\n<th>#200<\/th>\n<th>#400<\/th>\n<\/tr>\n<tr>\n<td><a href=\"https:\/\/honwaygroup.com\/wp-content\/uploads\/2021\/01\/BF-90-%E9%91%BD%E7%9F%B3%E7%95%B0%E5%BD%A2%E9%8A%BC%E5%88%80_%E5%B7%A5%E4%BD%9C%E5%8D%80%E5%9F%9F-1-%E8%A4%87%E6%9C%AC-5.webp\"><img decoding=\"async\" class=\"wp-image-25227 aligncenter\" src=\"https:\/\/honwaygroup.com\/wp-content\/uploads\/2021\/01\/BF-90-%E9%91%BD%E7%9F%B3%E7%95%B0%E5%BD%A2%E9%8A%BC%E5%88%80_%E5%B7%A5%E4%BD%9C%E5%8D%80%E5%9F%9F-1-%E8%A4%87%E6%9C%AC-5-150x150.webp\" alt=\"\" width=\"90\" height=\"77\"><\/a><\/td>\n<td style=\"text-align: center\">6 x 1.3<\/td>\n<td style=\"text-align: center\">BF-901<\/td>\n<td style=\"text-align: center\">BF-901F<\/td>\n<td style=\"text-align: center\">BF-901V<\/td>\n<td><a href=\"https:\/\/honwaygroup.com\/wp-content\/uploads\/2021\/01\/BF-90-%E9%91%BD%E7%9F%B3%E7%95%B0%E5%BD%A2%E9%8A%BC%E5%88%80-58_%E5%B7%A5%E4%BD%9C%E5%8D%80%E5%9F%9F-1-%E8%A4%87%E6%9C%AC-11.jpg\"><img fetchpriority=\"high\" decoding=\"async\" class=\"alignnone wp-image-25342 size-full\" src=\"https:\/\/honwaygroup.com\/wp-content\/uploads\/2021\/01\/BF-90-%E9%91%BD%E7%9F%B3%E7%95%B0%E5%BD%A2%E9%8A%BC%E5%88%80-58_%E5%B7%A5%E4%BD%9C%E5%8D%80%E5%9F%9F-1-%E8%A4%87%E6%9C%AC-11.jpg\" alt=\"\" width=\"1252\" height=\"250\"><\/a><\/td>\n<\/tr>\n<tr>\n<td><a href=\"https:\/\/honwaygroup.com\/wp-content\/uploads\/2021\/01\/BF-90-%E9%91%BD%E7%9F%B3%E7%95%B0%E5%BD%A2%E9%8A%BC%E5%88%80_%E5%B7%A5%E4%BD%9C%E5%8D%80%E5%9F%9F-1-%E8%A4%87%E6%9C%AC-6.webp\"><img decoding=\"async\" class=\"wp-image-25231 aligncenter\" src=\"https:\/\/honwaygroup.com\/wp-content\/uploads\/2021\/01\/BF-90-%E9%91%BD%E7%9F%B3%E7%95%B0%E5%BD%A2%E9%8A%BC%E5%88%80_%E5%B7%A5%E4%BD%9C%E5%8D%80%E5%9F%9F-1-%E8%A4%87%E6%9C%AC-6-150x150.webp\" alt=\"\" width=\"90\" height=\"77\"><\/a><\/td>\n<td style=\"text-align: center\">2.5<\/td>\n<td style=\"text-align: center\">BF-902<\/td>\n<td style=\"text-align: center\">BF-902F<\/td>\n<td style=\"text-align: center\">BF-902V<\/td>\n<td><a href=\"https:\/\/honwaygroup.com\/wp-content\/uploads\/2021\/01\/BF-90-%E9%91%BD%E7%9F%B3%E7%95%B0%E5%BD%A2%E9%8A%BC%E5%88%80-58_%E5%B7%A5%E4%BD%9C%E5%8D%80%E5%9F%9F-1-%E8%A4%87%E6%9C%AC-12.webp\"><img loading=\"lazy\" decoding=\"async\" class=\"alignnone wp-image-25346 size-full\" src=\"https:\/\/honwaygroup.com\/wp-content\/uploads\/2021\/01\/BF-90-%E9%91%BD%E7%9F%B3%E7%95%B0%E5%BD%A2%E9%8A%BC%E5%88%80-58_%E5%B7%A5%E4%BD%9C%E5%8D%80%E5%9F%9F-1-%E8%A4%87%E6%9C%AC-12.webp\" alt=\"\" width=\"1253\" height=\"250\"><\/a><\/td>\n<\/tr>\n<tr>\n<td><a href=\"https:\/\/honwaygroup.com\/wp-content\/uploads\/2021\/01\/BF-90-%E9%91%BD%E7%9F%B3%E7%95%B0%E5%BD%A2%E9%8A%BC%E5%88%80_%E5%B7%A5%E4%BD%9C%E5%8D%80%E5%9F%9F-1-%E8%A4%87%E6%9C%AC-8.webp\"><img loading=\"lazy\" decoding=\"async\" class=\"wp-image-25235 aligncenter\" src=\"https:\/\/honwaygroup.com\/wp-content\/uploads\/2021\/01\/BF-90-%E9%91%BD%E7%9F%B3%E7%95%B0%E5%BD%A2%E9%8A%BC%E5%88%80_%E5%B7%A5%E4%BD%9C%E5%8D%80%E5%9F%9F-1-%E8%A4%87%E6%9C%AC-8-150x150.webp\" alt=\"\" width=\"90\" height=\"77\"><\/a><\/td>\n<td style=\"text-align: center\">3.5 x 1.5<\/td>\n<td style=\"text-align: center\">BF-903<\/td>\n<td style=\"text-align: center\">BF-903F<\/td>\n<td style=\"text-align: center\">BF-903V<\/td>\n<td><a href=\"https:\/\/honwaygroup.com\/wp-content\/uploads\/2021\/01\/BF-90-%E9%91%BD%E7%9F%B3%E7%95%B0%E5%BD%A2%E9%8A%BC%E5%88%80-58_%E5%B7%A5%E4%BD%9C%E5%8D%80%E5%9F%9F-1-%E8%A4%87%E6%9C%AC-13.webp\"><img loading=\"lazy\" decoding=\"async\" class=\"alignnone wp-image-25350 size-full\" src=\"https:\/\/honwaygroup.com\/wp-content\/uploads\/2021\/01\/BF-90-%E9%91%BD%E7%9F%B3%E7%95%B0%E5%BD%A2%E9%8A%BC%E5%88%80-58_%E5%B7%A5%E4%BD%9C%E5%8D%80%E5%9F%9F-1-%E8%A4%87%E6%9C%AC-13.webp\" alt=\"\" width=\"1253\" height=\"250\"><\/a><\/td>\n<\/tr>\n<tr>\n<td><a href=\"https:\/\/honwaygroup.com\/wp-content\/uploads\/2021\/01\/BF-90-%E9%91%BD%E7%9F%B3%E7%95%B0%E5%BD%A2%E9%8A%BC%E5%88%80_%E5%B7%A5%E4%BD%9C%E5%8D%80%E5%9F%9F-1-%E8%A4%87%E6%9C%AC-9.webp\"><img loading=\"lazy\" decoding=\"async\" class=\"wp-image-25239 aligncenter\" src=\"https:\/\/honwaygroup.com\/wp-content\/uploads\/2021\/01\/BF-90-%E9%91%BD%E7%9F%B3%E7%95%B0%E5%BD%A2%E9%8A%BC%E5%88%80_%E5%B7%A5%E4%BD%9C%E5%8D%80%E5%9F%9F-1-%E8%A4%87%E6%9C%AC-9-150x150.webp\" alt=\"\" width=\"90\" height=\"77\"><\/a><\/td>\n<td style=\"text-align: center\">3.5<\/td>\n<td style=\"text-align: center\">BF-904<\/td>\n<td style=\"text-align: center\">BF-904F<\/td>\n<td style=\"text-align: center\">BF-904V<\/td>\n<td><a href=\"https:\/\/honwaygroup.com\/wp-content\/uploads\/2021\/01\/BF-90-%E9%91%BD%E7%9F%B3%E7%95%B0%E5%BD%A2%E9%8A%BC%E5%88%80-58_%E5%B7%A5%E4%BD%9C%E5%8D%80%E5%9F%9F-1-%E8%A4%87%E6%9C%AC-14.webp\"><img loading=\"lazy\" decoding=\"async\" class=\"alignnone wp-image-25354 size-full\" src=\"https:\/\/honwaygroup.com\/wp-content\/uploads\/2021\/01\/BF-90-%E9%91%BD%E7%9F%B3%E7%95%B0%E5%BD%A2%E9%8A%BC%E5%88%80-58_%E5%B7%A5%E4%BD%9C%E5%8D%80%E5%9F%9F-1-%E8%A4%87%E6%9C%AC-14.webp\" alt=\"\" width=\"1253\" height=\"250\"><\/a><\/td>\n<\/tr>\n<tr>\n<td><a href=\"https:\/\/honwaygroup.com\/wp-content\/uploads\/2021\/01\/BF-90-%E9%91%BD%E7%9F%B3%E7%95%B0%E5%BD%A2%E9%8A%BC%E5%88%80_%E5%B7%A5%E4%BD%9C%E5%8D%80%E5%9F%9F-1-%E8%A4%87%E6%9C%AC-10.webp\"><img loading=\"lazy\" decoding=\"async\" class=\"wp-image-25243 aligncenter\" src=\"https:\/\/honwaygroup.com\/wp-content\/uploads\/2021\/01\/BF-90-%E9%91%BD%E7%9F%B3%E7%95%B0%E5%BD%A2%E9%8A%BC%E5%88%80_%E5%B7%A5%E4%BD%9C%E5%8D%80%E5%9F%9F-1-%E8%A4%87%E6%9C%AC-10-150x150.webp\" alt=\"\" width=\"90\" height=\"77\"><\/a><\/td>\n<td style=\"text-align: center\">5 x 2<\/td>\n<td style=\"text-align: center\">BF-905<\/td>\n<td style=\"text-align: center\">BF-905F<\/td>\n<td style=\"text-align: center\">BF-905V<\/td>\n<td><a href=\"https:\/\/honwaygroup.com\/wp-content\/uploads\/2021\/01\/BF-90-%E9%91%BD%E7%9F%B3%E7%95%B0%E5%BD%A2%E9%8A%BC%E5%88%80-58_%E5%B7%A5%E4%BD%9C%E5%8D%80%E5%9F%9F-1-%E8%A4%87%E6%9C%AC-15.webp\"><img loading=\"lazy\" decoding=\"async\" class=\"alignnone wp-image-25358 size-full\" src=\"https:\/\/honwaygroup.com\/wp-content\/uploads\/2021\/01\/BF-90-%E9%91%BD%E7%9F%B3%E7%95%B0%E5%BD%A2%E9%8A%BC%E5%88%80-58_%E5%B7%A5%E4%BD%9C%E5%8D%80%E5%9F%9F-1-%E8%A4%87%E6%9C%AC-15.webp\" alt=\"\" width=\"1253\" height=\"250\"><\/a><\/td>\n<\/tr>\n<tr>\n<td><a href=\"https:\/\/honwaygroup.com\/wp-content\/uploads\/2021\/01\/BF-90-%E9%91%BD%E7%9F%B3%E7%95%B0%E5%BD%A2%E9%8A%BC%E5%88%80_%E5%B7%A5%E4%BD%9C%E5%8D%80%E5%9F%9F-1-%E8%A4%87%E6%9C%AC-11.webp\"><img loading=\"lazy\" decoding=\"async\" class=\"wp-image-25247 aligncenter\" src=\"https:\/\/honwaygroup.com\/wp-content\/uploads\/2021\/01\/BF-90-%E9%91%BD%E7%9F%B3%E7%95%B0%E5%BD%A2%E9%8A%BC%E5%88%80_%E5%B7%A5%E4%BD%9C%E5%8D%80%E5%9F%9F-1-%E8%A4%87%E6%9C%AC-11-150x150.webp\" alt=\"\" width=\"90\" height=\"77\"><\/a><\/td>\n<td style=\"text-align: center\">3.5 x 1.5<\/td>\n<td style=\"text-align: center\">BF-906<\/td>\n<td style=\"text-align: center\">BF-906F<\/td>\n<td style=\"text-align: center\">BF-906V<\/td>\n<td><a href=\"https:\/\/honwaygroup.com\/wp-content\/uploads\/2021\/01\/BF-90-%E9%91%BD%E7%9F%B3%E7%95%B0%E5%BD%A2%E9%8A%BC%E5%88%80-58_%E5%B7%A5%E4%BD%9C%E5%8D%80%E5%9F%9F-1-%E8%A4%87%E6%9C%AC-16.webp\"><img loading=\"lazy\" decoding=\"async\" class=\"alignnone wp-image-25362 size-full\" src=\"https:\/\/honwaygroup.com\/wp-content\/uploads\/2021\/01\/BF-90-%E9%91%BD%E7%9F%B3%E7%95%B0%E5%BD%A2%E9%8A%BC%E5%88%80-58_%E5%B7%A5%E4%BD%9C%E5%8D%80%E5%9F%9F-1-%E8%A4%87%E6%9C%AC-16.webp\" alt=\"\" width=\"1253\" height=\"250\"><\/a><\/td>\n<\/tr>\n<tr>\n<td><a href=\"https:\/\/honwaygroup.com\/wp-content\/uploads\/2021\/01\/BF-90-%E9%91%BD%E7%9F%B3%E7%95%B0%E5%BD%A2%E9%8A%BC%E5%88%80_%E5%B7%A5%E4%BD%9C%E5%8D%80%E5%9F%9F-1-%E8%A4%87%E6%9C%AC-12.webp\"><img loading=\"lazy\" decoding=\"async\" class=\"wp-image-25251 aligncenter\" src=\"https:\/\/honwaygroup.com\/wp-content\/uploads\/2021\/01\/BF-90-%E9%91%BD%E7%9F%B3%E7%95%B0%E5%BD%A2%E9%8A%BC%E5%88%80_%E5%B7%A5%E4%BD%9C%E5%8D%80%E5%9F%9F-1-%E8%A4%87%E6%9C%AC-12-150x150.webp\" alt=\"\" width=\"90\" height=\"77\"><\/a><\/td>\n<td style=\"text-align: center\">3.5 x 2<\/td>\n<td style=\"text-align: center\">BF-907<\/td>\n<td style=\"text-align: center\">BF-907F<\/td>\n<td style=\"text-align: center\">BF-907V<\/td>\n<td><a href=\"https:\/\/honwaygroup.com\/wp-content\/uploads\/2021\/01\/BF-90-%E9%91%BD%E7%9F%B3%E7%95%B0%E5%BD%A2%E9%8A%BC%E5%88%80-58_%E5%B7%A5%E4%BD%9C%E5%8D%80%E5%9F%9F-1-%E8%A4%87%E6%9C%AC-17.webp\"><img loading=\"lazy\" decoding=\"async\" class=\"alignnone wp-image-25366 size-full\" src=\"https:\/\/honwaygroup.com\/wp-content\/uploads\/2021\/01\/BF-90-%E9%91%BD%E7%9F%B3%E7%95%B0%E5%BD%A2%E9%8A%BC%E5%88%80-58_%E5%B7%A5%E4%BD%9C%E5%8D%80%E5%9F%9F-1-%E8%A4%87%E6%9C%AC-17.webp\" alt=\"\" width=\"1253\" height=\"250\"><\/a><\/td>\n<\/tr>\n<tr>\n<td><a href=\"https:\/\/honwaygroup.com\/wp-content\/uploads\/2021\/01\/BF-90-%E9%91%BD%E7%9F%B3%E7%95%B0%E5%BD%A2%E9%8A%BC%E5%88%80_%E5%B7%A5%E4%BD%9C%E5%8D%80%E5%9F%9F-1-%E8%A4%87%E6%9C%AC-13.webp\"><img loading=\"lazy\" decoding=\"async\" class=\"wp-image-25255 aligncenter\" src=\"https:\/\/honwaygroup.com\/wp-content\/uploads\/2021\/01\/BF-90-%E9%91%BD%E7%9F%B3%E7%95%B0%E5%BD%A2%E9%8A%BC%E5%88%80_%E5%B7%A5%E4%BD%9C%E5%8D%80%E5%9F%9F-1-%E8%A4%87%E6%9C%AC-13-150x150.webp\" alt=\"\" width=\"90\" height=\"77\"><\/a><\/td>\n<td style=\"text-align: center\">\u00d83<\/td>\n<td style=\"text-align: center\">BF-908<\/td>\n<td style=\"text-align: center\">BF-908F<\/td>\n<td style=\"text-align: center\">BF-908V<\/td>\n<td><a href=\"https:\/\/honwaygroup.com\/wp-content\/uploads\/2021\/01\/BF-90-%E9%91%BD%E7%9F%B3%E7%95%B0%E5%BD%A2%E9%8A%BC%E5%88%80-58_%E5%B7%A5%E4%BD%9C%E5%8D%80%E5%9F%9F-1-%E8%A4%87%E6%9C%AC-18.webp\"><img loading=\"lazy\" decoding=\"async\" class=\"alignnone wp-image-25370 size-full\" src=\"https:\/\/honwaygroup.com\/wp-content\/uploads\/2021\/01\/BF-90-%E9%91%BD%E7%9F%B3%E7%95%B0%E5%BD%A2%E9%8A%BC%E5%88%80-58_%E5%B7%A5%E4%BD%9C%E5%8D%80%E5%9F%9F-1-%E8%A4%87%E6%9C%AC-18.webp\" alt=\"\" width=\"1253\" height=\"250\"><\/a><\/td>\n<\/tr>\n<tr>\n<td><a href=\"https:\/\/honwaygroup.com\/wp-content\/uploads\/2021\/01\/BF-90-%E9%91%BD%E7%9F%B3%E7%95%B0%E5%BD%A2%E9%8A%BC%E5%88%80_%E5%B7%A5%E4%BD%9C%E5%8D%80%E5%9F%9F-1-%E8%A4%87%E6%9C%AC-14.webp\"><img loading=\"lazy\" decoding=\"async\" class=\"wp-image-25259 aligncenter\" src=\"https:\/\/honwaygroup.com\/wp-content\/uploads\/2021\/01\/BF-90-%E9%91%BD%E7%9F%B3%E7%95%B0%E5%BD%A2%E9%8A%BC%E5%88%80_%E5%B7%A5%E4%BD%9C%E5%8D%80%E5%9F%9F-1-%E8%A4%87%E6%9C%AC-14-150x150.webp\" alt=\"\" width=\"90\" height=\"77\"><\/a><\/td>\n<td style=\"text-align: center\">5 x 1.5<\/td>\n<td style=\"text-align: center\">BF-909<\/td>\n<td style=\"text-align: center\">BF-909F<\/td>\n<td style=\"text-align: center\">BF-909V<\/td>\n<td><a href=\"https:\/\/honwaygroup.com\/wp-content\/uploads\/2021\/01\/BF-90-%E9%91%BD%E7%9F%B3%E7%95%B0%E5%BD%A2%E9%8A%BC%E5%88%80-58_%E5%B7%A5%E4%BD%9C%E5%8D%80%E5%9F%9F-1-%E8%A4%87%E6%9C%AC-19.webp\"><img loading=\"lazy\" decoding=\"async\" class=\"alignnone wp-image-25374 size-full\" src=\"https:\/\/honwaygroup.com\/wp-content\/uploads\/2021\/01\/BF-90-%E9%91%BD%E7%9F%B3%E7%95%B0%E5%BD%A2%E9%8A%BC%E5%88%80-58_%E5%B7%A5%E4%BD%9C%E5%8D%80%E5%9F%9F-1-%E8%A4%87%E6%9C%AC-19.webp\" alt=\"\" width=\"1253\" height=\"250\"><\/a><\/td>\n<\/tr>\n<tr>\n<td><a href=\"https:\/\/honwaygroup.com\/wp-content\/uploads\/2021\/01\/BF-90-%E9%91%BD%E7%9F%B3%E7%95%B0%E5%BD%A2%E9%8A%BC%E5%88%80_%E5%B7%A5%E4%BD%9C%E5%8D%80%E5%9F%9F-1-%E8%A4%87%E6%9C%AC-15.webp\"><img loading=\"lazy\" decoding=\"async\" class=\"wp-image-25263 aligncenter\" src=\"https:\/\/honwaygroup.com\/wp-content\/uploads\/2021\/01\/BF-90-%E9%91%BD%E7%9F%B3%E7%95%B0%E5%BD%A2%E9%8A%BC%E5%88%80_%E5%B7%A5%E4%BD%9C%E5%8D%80%E5%9F%9F-1-%E8%A4%87%E6%9C%AC-15-150x150.webp\" alt=\"\" width=\"90\" height=\"77\"><\/a><\/td>\n<td style=\"text-align: center\">\u00d82.3<\/td>\n<td style=\"text-align: center\">BF-910<\/td>\n<td style=\"text-align: center\">BF-910F<\/td>\n<td style=\"text-align: center\">BF-910V<\/td>\n<td><a href=\"https:\/\/honwaygroup.com\/wp-content\/uploads\/2021\/01\/BF-90-%E9%91%BD%E7%9F%B3%E7%95%B0%E5%BD%A2%E9%8A%BC%E5%88%80-58_%E5%B7%A5%E4%BD%9C%E5%8D%80%E5%9F%9F-1-%E8%A4%87%E6%9C%AC-20.webp\"><img loading=\"lazy\" decoding=\"async\" class=\"alignnone wp-image-25378 size-full\" src=\"https:\/\/honwaygroup.com\/wp-content\/uploads\/2021\/01\/BF-90-%E9%91%BD%E7%9F%B3%E7%95%B0%E5%BD%A2%E9%8A%BC%E5%88%80-58_%E5%B7%A5%E4%BD%9C%E5%8D%80%E5%9F%9F-1-%E8%A4%87%E6%9C%AC-20.webp\" alt=\"\" width=\"1253\" height=\"250\"><\/a><\/td>\n<\/tr>\n<tr>\n<td colspan=\"2\"><strong>B\u1ed9 10<\/strong><\/td>\n<td style=\"text-align: center\">BF-900<\/td>\n<td style=\"text-align: center\">BF-900F<\/td>\n<td style=\"text-align: center\">BF-900V<\/td>\n<\/tr>\n<\/tbody>\n<\/table>\n<p>Masz pytanie? <a href=\"https:\/\/honwaygroup.com\/pl\/skontaktuj-sie-z-nami\/\">Skontaktuj si\u0119 z nami!<\/a><\/p>\n","protected":false},"excerpt":{"rendered":"<ul>\n<li data-start=\"87\" data-end=\"107\">Wysoka odporno\u015b\u0107 na zu\u017cycie, d\u0142uga \u017cywotno\u015b\u0107, trudne do st\u0119pienia.<\/li>\n<li data-start=\"146\" data-end=\"196\">W por\u00f3wnaniu ze standardowymi pilnikami, pilniki o niestandardowym kszta\u0142cie oferuj\u0105 unikalne kszta\u0142ty, odpowiednie do precyzyjnej obr\u00f3bki detali i trudno dost\u0119pnych miejsc.<\/li>\n<li data-start=\"197\" data-end=\"244\">Kszta\u0142ty mog\u0105 obejmowa\u0107 zaokr\u0105glone, sko\u015bne, o nieregularnych rowkach, sto\u017ckowe, z zakrzywionym ostrzem itp., co pozwala na dok\u0142adniejsze dopasowanie do potrzeb obrabianego przedmiotu.<\/li>\n<\/ul>\n<h5><strong><span style=\"color: #ff0000;font-size: 19.2px\">\u25b2<\/span> <\/strong><strong><span style=\"color: #ff0000;font-size: 19.2px\">W przypadku zapotrzebowania na niestandardowe rozmiary prosimy o kontakt z obs\u0142ug\u0105 klienta. W celu uzyskania informacji o czas realizacji takiego zam\u00f3wienia r\u00f3wnie\u017c prosimy o kontakt z obs\u0142ug\u0105 klienta.<\/span><\/strong><\/h5>\n<h5><strong><span style=\"color: #ff0000;font-size: 19.2px\">\u25b2 Przy wi\u0119kszych zam\u00f3wieniach istnieje mo\u017cliwo\u015b\u0107 uzyskania rabatu, prosimy o kontakt z obs\u0142ug\u0105 klienta.<\/span><\/strong><\/h5>\n<h5><strong><span style=\"color: #ff0000;font-size: 19.2px\">\u25b2<\/span><span style=\"color: #ff0000;font-size: 19.2px\">Czas dostawy zam\u00f3wie\u0144<\/span> <span style=\"color: #ff0000\">na Tajwan wynosi<\/span> <span style=\"color: #ff0000;font-size: 19.2px\">oko\u0142o 7\u201314 dni roboczych<\/span><\/strong><\/h5>\n<h5><strong><span style=\"color: #ff0000;font-size: 19.2px\">\u25b2<\/span><span style=\"color: #ff0000\">Czas realizacji wysy\u0142ki mi\u0119dzynarodowej wynosi 7-14 dni, natomiast rzeczywisty czas dostawy zale\u017cy od danej firmy kurierskiej.<\/span><\/strong><\/h5>\n","protected":false},"featured_media":127520,"template":"","meta":{"site-sidebar-layout":"default","site-content-layout":"default","ast-site-content-layout":"default","site-content-style":"default","site-sidebar-style":"default","ast-global-header-display":"","ast-banner-title-visibility":"","ast-main-header-display":"","ast-hfb-above-header-display":"","ast-hfb-below-header-display":"","ast-hfb-mobile-header-display":"","site-post-title":"","ast-breadcrumbs-content":"","ast-featured-img":"","footer-sml-layout":"","ast-disable-related-posts":"","theme-transparent-header-meta":"default","adv-header-id-meta":"","stick-header-meta":"default","header-above-stick-meta":"","header-main-stick-meta":"","header-below-stick-meta":"","astra-migrate-meta-layouts":"default","ast-page-background-enabled":"default","ast-page-background-meta":{"desktop":{"background-color":"var(--ast-global-color-5)","background-image":"","background-repeat":"repeat","background-position":"center center","background-size":"auto","background-attachment":"scroll","background-type":"","background-media":"","overlay-type":"","overlay-color":"","overlay-opacity":"","overlay-gradient":""},"tablet":{"background-color":"","background-image":"","background-repeat":"repeat","background-position":"center center","background-size":"auto","background-attachment":"scroll","background-type":"","background-media":"","overlay-type":"","overlay-color":"","overlay-opacity":"","overlay-gradient":""},"mobile":{"background-color":"","background-image":"","background-repeat":"repeat","background-position":"center center","background-size":"auto","background-attachment":"scroll","background-type":"","background-media":"","overlay-type":"","overlay-color":"","overlay-opacity":"","overlay-gradient":""}},"ast-content-background-meta":{"desktop":{"background-color":"var(--ast-global-color-4)","background-image":"","background-repeat":"repeat","background-position":"center center","background-size":"auto","background-attachment":"scroll","background-type":"","background-media":"","overlay-type":"","overlay-color":"","overlay-opacity":"","overlay-gradient":""},"tablet":{"background-color":"var(--ast-global-color-4)","background-image":"","background-repeat":"repeat","background-position":"center center","background-size":"auto","background-attachment":"scroll","background-type":"","background-media":"","overlay-type":"","overlay-color":"","overlay-opacity":"","overlay-gradient":""},"mobile":{"background-color":"var(--ast-global-color-4)","background-image":"","background-repeat":"repeat","background-position":"center center","background-size":"auto","background-attachment":"scroll","background-type":"","background-media":"","overlay-type":"","overlay-color":"","overlay-opacity":"","overlay-gradient":""}}},"product_brand":[],"product_cat":[3446,3617],"product_tag":[3956,3801],"class_list":{"0":"post-127519","1":"product","2":"type-product","3":"status-publish","4":"has-post-thumbnail","6":"product_cat-dianond-tools-pl","7":"product_cat-diamentowe-pilniki-reczne","8":"product_tag-pilniki-diamentowe","9":"product_tag-pilniki-o-nieregularnym-ksztalcie","10":"desktop-align-left","11":"tablet-align-left","12":"mobile-align-left","13":"ast-product-gallery-layout-horizontal-slider","14":"ast-product-gallery-with-no-image","15":"ast-product-single-variable","16":"ast-product-tabs-layout-horizontal","18":"first","19":"instock","20":"taxable","21":"shipping-taxable","22":"purchasable","23":"product-type-variable"},"_links":{"self":[{"href":"https:\/\/honwaygroup.com\/pl\/wp-json\/wp\/v2\/product\/127519","targetHints":{"allow":["GET"]}}],"collection":[{"href":"https:\/\/honwaygroup.com\/pl\/wp-json\/wp\/v2\/product"}],"about":[{"href":"https:\/\/honwaygroup.com\/pl\/wp-json\/wp\/v2\/types\/product"}],"version-history":[{"count":0,"href":"https:\/\/honwaygroup.com\/pl\/wp-json\/wp\/v2\/product\/127519\/revisions"}],"wp:featuredmedia":[{"embeddable":true,"href":"https:\/\/honwaygroup.com\/pl\/wp-json\/wp\/v2\/media\/127520"}],"wp:attachment":[{"href":"https:\/\/honwaygroup.com\/pl\/wp-json\/wp\/v2\/media?parent=127519"}],"wp:term":[{"taxonomy":"product_brand","embeddable":true,"href":"https:\/\/honwaygroup.com\/pl\/wp-json\/wp\/v2\/product_brand?post=127519"},{"taxonomy":"product_cat","embeddable":true,"href":"https:\/\/honwaygroup.com\/pl\/wp-json\/wp\/v2\/product_cat?post=127519"},{"taxonomy":"product_tag","embeddable":true,"href":"https:\/\/honwaygroup.com\/pl\/wp-json\/wp\/v2\/product_tag?post=127519"}],"curies":[{"name":"wp","href":"https:\/\/api.w.org\/{rel}","templated":true}]}}