{"id":123001,"date":"2025-08-12T17:35:47","date_gmt":"2025-08-12T09:35:47","guid":{"rendered":"https:\/\/honwaygroup.com\/product\/narzedzie-obrotowe-handy-700-regulator-mocy\/"},"modified":"2025-10-08T09:54:33","modified_gmt":"2025-10-08T01:54:33","slug":"narzedzie-obrotowe-handy-700-regulator-mocy","status":"publish","type":"product","link":"https:\/\/honwaygroup.com\/pl\/produkt\/narzedzie-obrotowe-handy-700-regulator-mocy\/","title":{"rendered":"Narz\u0119dzie obrotowe HANDY-700 &#8211; regulator mocy"},"content":{"rendered":"<h1>Narz\u0119dzie obrotowe HANDY-700 &#8211; regulator mocy<\/h1>\n<h2>Cechy produktu:<\/h2>\n<ul>\n<li>Wska\u017anik pr\u0119dko\u015bci (bezstopniowy uk\u0142ad przek\u0142adni, <span class=\"a-list-item\">pr\u0119dko\u015b\u0107 maksymalna<\/span> 50 000 obr.\/min)<\/li>\n<li>Wysoki moment obrotowy, niski poziom ha\u0142asu, niska cz\u0119stotliwo\u015b\u0107 wibracji<\/li>\n<li>Automatyczny system ochrony \u0142adunku<\/li>\n<li>Stosuj \u0142o\u017cyska ceramiczne, odporne na zu\u017cycie i charakteryzuj\u0105ce si\u0119 niskim zu\u017cyciem<\/li>\n<li>Funkcje do przodu i do ty\u0142u<\/li>\n<li>Manualny\/peda\u0142owy system kontroli pr\u0119dko\u015bci<\/li>\n<li>Urz\u0105dzenie dwufunkcyjne z dwoma otworami (bezszczotkowe\/r\u0119koje\u015b\u0107 bezszczotkowa)<\/li>\n<\/ul>\n<h2>Zakres zastosowania:<\/h2>\n<h4>Podstawowe przyk\u0142ady zastosowa\u0144<\/h4>\n<table class=\"specTable\" width=\"100%\">\n<tbody>\n<tr>\n<th>Wyka\u0144czenie kraw\u0119dzi\n<\/th>\n<th>Grawerowanie\n<\/th>\n<th>Polerowanie<\/th>\n<\/tr>\n<tr>\n<td><a href=\"https:\/\/honwaygroup.com\/wp-content\/uploads\/2021\/01\/AR-800P-%E5%BC%B7%E5%8A%9B%E9%9B%99%E5%8A%9F%E8%83%BD%E8%BC%B8%E5%87%BA%E9%9B%BB%E6%BA%90%E6%8E%A7%E5%88%B6%E5%99%A8-1.webp\"><img fetchpriority=\"high\" decoding=\"async\" class=\"alignnone size-medium wp-image-28495\" src=\"https:\/\/honwaygroup.com\/wp-content\/uploads\/2021\/01\/AR-800P-%E5%BC%B7%E5%8A%9B%E9%9B%99%E5%8A%9F%E8%83%BD%E8%BC%B8%E5%87%BA%E9%9B%BB%E6%BA%90%E6%8E%A7%E5%88%B6%E5%99%A8-1-300x269.webp\" alt=\"\" width=\"300\" height=\"269\"><\/a><\/td>\n<td><a href=\"https:\/\/honwaygroup.com\/wp-content\/uploads\/2021\/01\/AR-800P-%E5%BC%B7%E5%8A%9B%E9%9B%99%E5%8A%9F%E8%83%BD%E8%BC%B8%E5%87%BA%E9%9B%BB%E6%BA%90%E6%8E%A7%E5%88%B6%E5%99%A8-2.webp\"><img decoding=\"async\" class=\"alignnone wp-image-28499 size-medium\" src=\"https:\/\/honwaygroup.com\/wp-content\/uploads\/2021\/01\/AR-800P-%E5%BC%B7%E5%8A%9B%E9%9B%99%E5%8A%9F%E8%83%BD%E8%BC%B8%E5%87%BA%E9%9B%BB%E6%BA%90%E6%8E%A7%E5%88%B6%E5%99%A8-2-300x269.webp\" alt=\"\" width=\"300\" height=\"269\"><\/a><\/td>\n<td><a href=\"https:\/\/honwaygroup.com\/wp-content\/uploads\/2021\/01\/AR-800P-%E5%BC%B7%E5%8A%9B%E9%9B%99%E5%8A%9F%E8%83%BD%E8%BC%B8%E5%87%BA%E9%9B%BB%E6%BA%90%E6%8E%A7%E5%88%B6%E5%99%A8-3.webp\"><img decoding=\"async\" class=\"alignnone wp-image-28503 size-medium\" src=\"https:\/\/honwaygroup.com\/wp-content\/uploads\/2021\/01\/AR-800P-%E5%BC%B7%E5%8A%9B%E9%9B%99%E5%8A%9F%E8%83%BD%E8%BC%B8%E5%87%BA%E9%9B%BB%E6%BA%90%E6%8E%A7%E5%88%B6%E5%99%A8-3-300x269.webp\" alt=\"\" width=\"300\" height=\"269\"><\/a><\/td>\n<\/tr>\n<\/tbody>\n<\/table>\n<h2>Specyfikacja produktu:<\/h2>\n<table>\n<tbody>\n<tr>\n<td>\n  <strong>zasilacz<\/strong>\n<\/td>\n<td>\n  <strong>AC-110V ~ 220V, 50\/60 Hz<\/strong>\n<\/td>\n<\/tr>\n<tr>\n<td>\n  <strong>Moc wyj\u015bciowa<\/strong>\n<\/td>\n<td>\n  <strong>230 w<\/strong>\n<\/td>\n<\/tr>\n<tr>\n<td>\n  <strong>Pr\u0119dko\u015b\u0107<\/strong>\n<\/td>\n<td>\n  <strong>1,000~50,000rpm<\/strong>\n<\/td>\n<\/tr>\n<tr>\n<td>\n  <strong>bezpiecznik<\/strong>\n<\/td>\n<td>\n  <strong>3A<\/strong>\n<\/td>\n<\/tr>\n<tr>\n<td>\n  <strong>rozmiar<\/strong>\n<\/td>\n<td>\n  <strong>210x135x188mm (2.4kg)<\/strong>\n<\/td>\n<\/tr>\n<\/tbody>\n<\/table>\n<p>&nbsp;<\/p>\n<h2>Akcesoria do\u0142\u0105czone do zestawu HANDY-700:<\/h2>\n<table>\n<tbody>\n<tr>\n<td><a href=\"https:\/\/honwaygroup.com\/wp-content\/uploads\/2025\/08\/%E6%9C%AA%E5%91%BD%E5%90%8D-1_%E5%B7%A5%E4%BD%9C%E5%8D%80%E5%9F%9F-1-%E8%A4%87%E6%9C%AC-2.avif\"><img loading=\"lazy\" decoding=\"async\" class=\"alignnone wp-image-121934 \" src=\"https:\/\/honwaygroup.com\/wp-content\/uploads\/2025\/08\/%E6%9C%AA%E5%91%BD%E5%90%8D-1_%E5%B7%A5%E4%BD%9C%E5%8D%80%E5%9F%9F-1-%E8%A4%87%E6%9C%AC-2-300x225.jpg\" alt=\"\" width=\"300\" height=\"225\"><\/a><\/td>\n<td><span style=\"font-weight: 400\">Prze\u0142\u0105cznik no\u017cny <\/span><\/td>\n<\/tr>\n<\/tbody>\n<\/table>\n<table>\n<tbody>\n<tr>\n<td><a href=\"https:\/\/honwaygroup.com\/wp-content\/uploads\/2025\/08\/%E6%9C%AA%E5%91%BD%E5%90%8D-1_%E5%B7%A5%E4%BD%9C%E5%8D%80%E5%9F%9F-1-%E8%A4%87%E6%9C%AC-3.jpg\"><img loading=\"lazy\" decoding=\"async\" class=\"wp-image-121943 size-medium alignnone\" src=\"https:\/\/honwaygroup.com\/wp-content\/uploads\/2025\/08\/%E6%9C%AA%E5%91%BD%E5%90%8D-1_%E5%B7%A5%E4%BD%9C%E5%8D%80%E5%9F%9F-1-%E8%A4%87%E6%9C%AC-3-300x225.avif\" alt=\"\" width=\"300\" height=\"225\"><\/a><\/td>\n<td><span style=\"font-weight: 400\">przew\u00f3d zasilaj\u0105cy <\/span><\/td>\n<\/tr>\n<\/tbody>\n<\/table>\n<h2>Opcjonalny telefon kom\u00f3rkowy HANDY-700:<\/h2>\n<ul>\n<li><span style=\"color: #ff6600\">Wszystkie telefony kom\u00f3rkowe s\u0105 elementami opcjonalnymi, nie wchodz\u0105cymi w sk\u0142ad zestawu HANDY-700.<strong> Prosimy o podanie tej informacji podczas sk\u0142adania zam\u00f3wienia.<\/strong><\/span><\/li>\n<\/ul>\n<table class=\"specTable\" width=\"100%\">\n<tbody>\n<tr>\n<th class=\"white\" rowspan=\"2\" width=\"25%\">\n  <a href=\"https:\/\/honwaygroup.com\/wp-content\/uploads\/2021\/01\/AR-800P-%E5%BC%B7%E5%8A%9B%E9%9B%99%E5%8A%9F%E8%83%BD%E8%BC%B8%E5%87%BA%E9%9B%BB%E6%BA%90%E6%8E%A7%E5%88%B6%E5%99%A8-4.webp\"><br \/>\n    <img loading=\"lazy\" decoding=\"async\" class=\"alignnone size-medium wp-image-28507\" src=\"https:\/\/honwaygroup.com\/wp-content\/uploads\/2021\/01\/AR-800P-%E5%BC%B7%E5%8A%9B%E9%9B%99%E5%8A%9F%E8%83%BD%E8%BC%B8%E5%87%BA%E9%9B%BB%E6%BA%90%E6%8E%A7%E5%88%B6%E5%99%A8-4-300x176.webp\" alt=\"\" width=\"300\" height=\"176\"><br \/>\n  <\/a>\n<\/th>\n<th>\n  <strong>Model<\/strong>\n<\/th>\n<th>\n  <strong>Specyfikacja<\/strong>\n<\/th>\n<\/tr>\n<tr>\n<td>U-Lap60<\/td>\n<td><strong>Elektryczna miniszlifierka r\u0119czna ( DC model bezszczotkowy )<\/strong><br \/>\nPr\u0119dko\u015b\u0107 obrotowa : 50,000 rpm<br \/>\nMoment obrotowy : 7.8 Ncm<br \/>\nWymiary : \u00d829 x 161mm<br \/>\nWaga : 250g<\/td>\n<\/tr>\n<\/tbody>\n<\/table>\n<table class=\"specTable\" width=\"100%\">\n<tbody>\n<tr>\n<th class=\"white\" rowspan=\"2\" width=\"25%\">\n  <a href=\"https:\/\/honwaygroup.com\/wp-content\/uploads\/2021\/01\/AR-800P-%E5%BC%B7%E5%8A%9B%E9%9B%99%E5%8A%9F%E8%83%BD%E8%BC%B8%E5%87%BA%E9%9B%BB%E6%BA%90%E6%8E%A7%E5%88%B6%E5%99%A8-5.webp\"><br \/>\n    <img loading=\"lazy\" decoding=\"async\" class=\"alignnone size-medium wp-image-28511\" src=\"https:\/\/honwaygroup.com\/wp-content\/uploads\/2021\/01\/AR-800P-%E5%BC%B7%E5%8A%9B%E9%9B%99%E5%8A%9F%E8%83%BD%E8%BC%B8%E5%87%BA%E9%9B%BB%E6%BA%90%E6%8E%A7%E5%88%B6%E5%99%A8-5-300x179.webp\" alt=\"\" width=\"300\" height=\"179\"><br \/>\n  <\/a>\n<\/th>\n<th>\n  <strong>Model<\/strong>\n<\/th>\n<th>\n  <strong>Specyfikacja<\/strong>\n<\/th>\n<\/tr>\n<tr>\n<td>U-Lap50<\/td>\n<td><strong>Elektryczna miniszlifierka r\u0119czna ( DC model szczotkowy )<\/strong><br \/>\nPr\u0119dko\u015b\u0107 obrotowa : 40,000 rpm<br \/>\nMoment obrotowy : 4.5 Ncm<br \/>\nWymiary : \u00d829 x 153mm<br \/>\nWaga : 260g<\/td>\n<\/tr>\n<\/tbody>\n<\/table>\n<table class=\"specTable\" width=\"100%\">\n<tbody>\n<tr>\n<th class=\"white\" rowspan=\"2\" width=\"25%\">\n  <a href=\"https:\/\/honwaygroup.com\/wp-content\/uploads\/2021\/01\/AR-800P-%E5%BC%B7%E5%8A%9B%E9%9B%99%E5%8A%9F%E8%83%BD%E8%BC%B8%E5%87%BA%E9%9B%BB%E6%BA%90%E6%8E%A7%E5%88%B6%E5%99%A8-6.webp\"><br \/>\n    <img loading=\"lazy\" decoding=\"async\" class=\"alignnone size-medium wp-image-28515\" src=\"https:\/\/honwaygroup.com\/wp-content\/uploads\/2021\/01\/AR-800P-%E5%BC%B7%E5%8A%9B%E9%9B%99%E5%8A%9F%E8%83%BD%E8%BC%B8%E5%87%BA%E9%9B%BB%E6%BA%90%E6%8E%A7%E5%88%B6%E5%99%A8-6-300x175.webp\" alt=\"\" width=\"300\" height=\"175\"><br \/>\n  <\/a>\n<\/th>\n<th>\n  <strong>Model<\/strong>\n<\/th>\n<th>\n  <strong>Specyfikacja<\/strong>\n<\/th>\n<\/tr>\n<tr>\n<td>U-Lap35<\/td>\n<td><strong>Elektryczna miniszlifierka r\u0119czna ( DC model szczotkowy )<br \/>\n<\/strong>Pr\u0119dko\u015b\u0107 obrotowa : 35,000 rpm<br \/>\nMoment obrotowy : 2.9 Ncm<br \/>\nWymiary : \u00d829 x 152mm<br \/>\nWaga : 230g<\/td>\n<\/tr>\n<\/tbody>\n<\/table>\n<p>&nbsp;<\/p>\n<p><span style=\"font-size: 16px\">Masz pytanie? <\/span><a style=\"font-size: 16px;background-color: #ffffff\" href=\"https:\/\/honwaygroup.com\/pl\/skontaktuj-sie-z-nami\/\">Skontaktuj si\u0119 z nami!<\/a><\/p>\n","protected":false},"excerpt":{"rendered":"<ul>\n<li>Wska\u017anik pr\u0119dko\u015bci (bezstopniowy uk\u0142ad przek\u0142adni, <span class=\"a-list-item\">pr\u0119dko\u015b\u0107 maksymalna<\/span> 50 000 obr.\/min)<\/li>\n<li>Wysoki moment obrotowy, niski poziom ha\u0142asu, niska cz\u0119stotliwo\u015b\u0107 wibracji<\/li>\n<li>Automatyczny system ochrony \u0142adunku<\/li>\n<li>Stosuj \u0142o\u017cyska ceramiczne, odporne na zu\u017cycie i charakteryzuj\u0105ce si\u0119 niskim zu\u017cyciem<\/li>\n<li>Z funkcj\u0105 jazdy do przodu i do ty\u0142u<\/li>\n<li>Manualny\/peda\u0142owy system kontroli pr\u0119dko\u015bci<\/li>\n<li>Urz\u0105dzenie dwufunkcyjne z dwoma otworami (bezszczotkowe\/r\u0119koje\u015b\u0107 bezszczotkowa)<\/li>\n<\/ul>\n<h5><strong><br \/>\n  <span style=\"color: #ff0000;font-size: 19.2px\">\u25b2 W razie potrzeby zakupu dodatkowych cz\u0119\u015bci prosimy o kontakt z obs\u0142ug\u0105 klienta.<\/span><br \/>\n<\/strong> <strong><br \/>\n  <span style=\"color: #ff0000;font-size: 19.2px\">W celu uzyskania informacji o czasie realizacji takiego zam\u00f3wienia oraz czasie dostawy r\u00f3wnie\u017c prosimy o kontakt z obs\u0142ug\u0105 klienta<\/span><br \/>\n<\/strong><\/h5>\n<h5><strong><br \/>\n  <span style=\"color: #ff0000;font-size: 19.2px\">\u25b2 <\/span><br \/>\n<\/strong><strong><br \/>\n  <span style=\"color: #ff0000;font-size: 19.2px\">Przy wi\u0119kszych zam\u00f3wieniach istnieje mo\u017cliwo\u015b\u0107 uzyskania rabatu, prosimy o kontakt z obs\u0142ug\u0105 klienta.<\/span><br \/>\n<\/strong><\/h5>\n<h5><strong><span style=\"color: #ff0000;font-size: 19.2px\">\u25b2<\/span><span style=\"color: #ff0000;font-size: 19.2px\">Czas dostawy zam\u00f3wie\u0144<\/span> <span style=\"color: #ff0000\">na Tajwan wynosi<\/span> <span style=\"color: #ff0000;font-size: 19.2px\">oko\u0142o 7\u201314 dni roboczych<\/span><\/strong><\/h5>\n<h5><strong><span style=\"color: #ff0000;font-size: 19.2px\">\u25b2<\/span><span style=\"color: #ff0000\">Czas realizacji wysy\u0142ki mi\u0119dzynarodowej wynosi 7-14 dni, natomiast rzeczywisty czas dostawy zale\u017cy od danej firmy kurierskiej.<\/span><\/strong><\/h5>\n","protected":false},"featured_media":121920,"template":"","meta":{"site-sidebar-layout":"default","site-content-layout":"","ast-site-content-layout":"default","site-content-style":"default","site-sidebar-style":"default","ast-global-header-display":"","ast-banner-title-visibility":"","ast-main-header-display":"","ast-hfb-above-header-display":"","ast-hfb-below-header-display":"","ast-hfb-mobile-header-display":"","site-post-title":"","ast-breadcrumbs-content":"","ast-featured-img":"","footer-sml-layout":"","ast-disable-related-posts":"","theme-transparent-header-meta":"default","adv-header-id-meta":"","stick-header-meta":"default","header-above-stick-meta":"","header-main-stick-meta":"","header-below-stick-meta":"","astra-migrate-meta-layouts":"default","ast-page-background-enabled":"default","ast-page-background-meta":{"desktop":{"background-color":"var(--ast-global-color-5)","background-image":"","background-repeat":"repeat","background-position":"center center","background-size":"auto","background-attachment":"scroll","background-type":"","background-media":"","overlay-type":"","overlay-color":"","overlay-opacity":"","overlay-gradient":""},"tablet":{"background-color":"","background-image":"","background-repeat":"repeat","background-position":"center center","background-size":"auto","background-attachment":"scroll","background-type":"","background-media":"","overlay-type":"","overlay-color":"","overlay-opacity":"","overlay-gradient":""},"mobile":{"background-color":"","background-image":"","background-repeat":"repeat","background-position":"center center","background-size":"auto","background-attachment":"scroll","background-type":"","background-media":"","overlay-type":"","overlay-color":"","overlay-opacity":"","overlay-gradient":""}},"ast-content-background-meta":{"desktop":{"background-color":"var(--ast-global-color-4)","background-image":"","background-repeat":"repeat","background-position":"center center","background-size":"auto","background-attachment":"scroll","background-type":"","background-media":"","overlay-type":"","overlay-color":"","overlay-opacity":"","overlay-gradient":""},"tablet":{"background-color":"var(--ast-global-color-4)","background-image":"","background-repeat":"repeat","background-position":"center center","background-size":"auto","background-attachment":"scroll","background-type":"","background-media":"","overlay-type":"","overlay-color":"","overlay-opacity":"","overlay-gradient":""},"mobile":{"background-color":"var(--ast-global-color-4)","background-image":"","background-repeat":"repeat","background-position":"center center","background-size":"auto","background-attachment":"scroll","background-type":"","background-media":"","overlay-type":"","overlay-color":"","overlay-opacity":"","overlay-gradient":""}}},"product_brand":[],"product_cat":[3509,3556,3547],"product_tag":[3981],"class_list":{"0":"post-123001","1":"product","2":"type-product","3":"status-publish","4":"has-post-thumbnail","6":"product_cat-obrabiarki","7":"product_cat-sterowniki-zasilania","8":"product_cat-szlifierki-ultradzwiekowe-i","9":"product_tag-sterowniki-zasilania","10":"desktop-align-left","11":"tablet-align-left","12":"mobile-align-left","13":"ast-product-gallery-layout-horizontal-slider","14":"ast-product-tabs-layout-horizontal","16":"first","17":"instock","18":"taxable","19":"shipping-taxable","20":"purchasable","21":"product-type-simple"},"_links":{"self":[{"href":"https:\/\/honwaygroup.com\/pl\/wp-json\/wp\/v2\/product\/123001","targetHints":{"allow":["GET"]}}],"collection":[{"href":"https:\/\/honwaygroup.com\/pl\/wp-json\/wp\/v2\/product"}],"about":[{"href":"https:\/\/honwaygroup.com\/pl\/wp-json\/wp\/v2\/types\/product"}],"version-history":[{"count":0,"href":"https:\/\/honwaygroup.com\/pl\/wp-json\/wp\/v2\/product\/123001\/revisions"}],"wp:featuredmedia":[{"embeddable":true,"href":"https:\/\/honwaygroup.com\/pl\/wp-json\/wp\/v2\/media\/121920"}],"wp:attachment":[{"href":"https:\/\/honwaygroup.com\/pl\/wp-json\/wp\/v2\/media?parent=123001"}],"wp:term":[{"taxonomy":"product_brand","embeddable":true,"href":"https:\/\/honwaygroup.com\/pl\/wp-json\/wp\/v2\/product_brand?post=123001"},{"taxonomy":"product_cat","embeddable":true,"href":"https:\/\/honwaygroup.com\/pl\/wp-json\/wp\/v2\/product_cat?post=123001"},{"taxonomy":"product_tag","embeddable":true,"href":"https:\/\/honwaygroup.com\/pl\/wp-json\/wp\/v2\/product_tag?post=123001"}],"curies":[{"name":"wp","href":"https:\/\/api.w.org\/{rel}","templated":true}]}}