{"id":121658,"date":"2025-04-25T17:29:03","date_gmt":"2025-04-25T09:29:03","guid":{"rendered":"https:\/\/honwaygroup.com\/product\/podloze-diamentowe-plytka-diamentowa\/"},"modified":"2025-04-25T17:29:03","modified_gmt":"2025-04-25T09:29:03","slug":"podloze-diamentowe-plytka-diamentowa","status":"publish","type":"product","link":"https:\/\/honwaygroup.com\/pl\/produkt\/podloze-diamentowe-plytka-diamentowa\/","title":{"rendered":"Pod\u0142o\u017ce diamentowe\/P\u0142ytka diamentowa"},"content":{"rendered":"<h1>Pod\u0142o\u017ce diamentowe\/P\u0142ytka diamentowa<\/h1>\n<h2><strong>Pod\u0142o\u017ce diamentowe\/P\u0142ytka diamentowa<\/strong><\/h2>\n<h4><strong><span class=\"red\">Firma HonWay oferuje us\u0142ugi dostosowane do indywidualnych potrzeb,<br \/><\/span><\/strong><\/h4>\n<h4><strong><span class=\"red\">Wykonaj dla siebie najbardziej odpowiednie pod\u0142o\u017ce diamentowe\/p\u0142ytk\u0119 diamentow\u0105<\/span><\/strong><\/h4>\n<p>&nbsp;<\/p>\n<h2>Cechy:<\/h2>\n<ul>\n<li>Diamenty CVD powstaj\u0105 w procesie osadzania chemicznego z fazy gazowej.<\/li>\n<li>Diament ma najwy\u017csz\u0105 przewodno\u015b\u0107 ciepln\u0105 spo\u015br\u00f3d wszystkich znanych materia\u0142\u00f3w i mo\u017ce skutecznie i szybko odprowadza\u0107 ciep\u0142o.<\/li>\n<li>Doskona\u0142a odporno\u015b\u0107 na zu\u017cycie i uszkodzenia. Nadaje si\u0119 do r\u00f3\u017cnorodnych zastosowa\u0144 wymagaj\u0105cych du\u017cej wytrzyma\u0142o\u015bci, w tym precyzyjnych narz\u0119dzi skrawaj\u0105cych, przemys\u0142owych brzeszczot\u00f3w pi\u0142 i sprz\u0119tu wiertniczego.<\/li>\n<li>Charakteryzuje si\u0119 wysok\u0105 przejrzysto\u015bci\u0105 w szerokim zakresie d\u0142ugo\u015bci fal i nisk\u0105 absorpcj\u0105, co czyni go idealnym materia\u0142em do produkcji okien optycznych, soczewek i wysokowydajnych element\u00f3w optycznych.<\/li>\n<li>Materia\u0142 ten jest wysoce odporny na korozj\u0119 powodowan\u0105 przez wi\u0119kszo\u015b\u0107 substancji chemicznych, takich jak kwasy i zasady, a tak\u017ce mo\u017ce zachowywa\u0107 stabiln\u0105 wydajno\u015b\u0107 przez d\u0142ugi czas, nawet w trudnych warunkach chemicznych.<\/li>\n<li>Jest nietoksyczny dla tkanek ludzkich i nie powoduje reakcji odrzucenia. Jest szeroko stosowany w urz\u0105dzeniach medycznych i urz\u0105dzeniach wszczepialnych.<\/li>\n<\/ul>\n<h2>Zastosowanie:<\/h2>\n<ul>\n<li class=\"\" data-start=\"45\" data-end=\"119\">\n<p class=\"\" data-start=\"48\" data-end=\"119\"><strong data-start=\"48\" data-end=\"63\">Materia\u0142y termoprzewodz\u0105ce (TIM): <\/strong>P\u0142ytki diamentowe mo\u017cna stosowa\u0107 jako wydajne materia\u0142y termoprzewodz\u0105ce pomi\u0119dzy uk\u0142adami scalonymi, modu\u0142ami i radiatorami, skutecznie redukuj\u0105c op\u00f3r cieplny, znacznie zwi\u0119kszaj\u0105c wydajno\u015b\u0107 wymiany ciep\u0142a i zapewniaj\u0105c stabiln\u0105 prac\u0119 urz\u0105dze\u0144.<\/p>\n<\/li>\n<li class=\"\" data-start=\"121\" data-end=\"199\">\n<p class=\"\" data-start=\"124\" data-end=\"199\"><strong data-start=\"124\" data-end=\"135\">Opakowania i pod\u0142o\u017ca elektroniczne: <\/strong>W dziedzinie obud\u00f3w p\u00f3\u0142przewodnik\u00f3w p\u0142ytki diamentowe zapewniaj\u0105 doskona\u0142e w\u0142a\u015bciwo\u015bci rozpraszania ciep\u0142a, umo\u017cliwiaj\u0105c ci\u0105g\u0142\u0105 prac\u0119 podzespo\u0142\u00f3w w \u015brodowiskach o du\u017cej g\u0119sto\u015bci mocy, co dodatkowo sprzyja miniaturyzacji i wysokiej wydajno\u015bci produkt\u00f3w elektronicznych.<\/p>\n<\/li>\n<li data-start=\"121\" data-end=\"199\"><strong>Zastosowania serwerowe: <\/strong>Materia\u0142 ten stanowi idealn\u0105 warstw\u0119 dyfuzyjn\u0105 ciep\u0142a dla komponent\u00f3w du\u017cej mocy, takich jak kryszta\u0142y GaN lub SiC, skutecznie redukuj\u0105c wzrost temperatury wewn\u0119trznej, wyd\u0142u\u017caj\u0105c \u017cywotno\u015b\u0107 komponent\u00f3w i poprawiaj\u0105c niezawodno\u015b\u0107 systemu. Ponadto, jego doskona\u0142a wytrzyma\u0142o\u015b\u0107 mechaniczna i odporno\u015b\u0107 na wysokie temperatury sprawiaj\u0105, \u017ce doskonale nadaje si\u0119 do zaawansowanych technologii pakowania, takich jak uk\u0142adanie w stosy 2,5D\/3D oraz wysokowydajnych platform obliczeniowych w centrach danych.<\/li>\n<li class=\"\" data-start=\"201\" data-end=\"279\">\n<p class=\"\" data-start=\"204\" data-end=\"279\"><strong data-start=\"204\" data-end=\"216\">Elementy LED i optoelektroniczne: <\/strong>Stosowane w diodach LED, elementach optoelektronicznych i innych dziedzinach, p\u0142ytki diamentowe mog\u0105 znacz\u0105co poprawi\u0107 zarz\u0105dzanie ciep\u0142em, wyd\u0142u\u017cy\u0107 \u017cywotno\u015b\u0107 element\u00f3w, a jednocze\u015bnie zwi\u0119kszy\u0107 jasno\u015b\u0107 \u015bwiat\u0142a i efektywno\u015b\u0107 energetyczn\u0105, aby sprosta\u0107 potrzebom zaawansowanych zastosowa\u0144 optoelektronicznych.<\/p>\n<\/li>\n<li class=\"\" data-start=\"201\" data-end=\"279\">\n<p class=\"\" data-start=\"204\" data-end=\"279\"><span style=\"font-weight: 400;\"><strong>Pod\u0142o\u017ca izolacyjne:<\/strong> P\u0142ytki diamentowe CVD s\u0105 stosowane jako pod\u0142o\u017ca izolacyjne do p\u00f3\u0142przewodnik\u00f3w o wysokiej wydajno\u015bci. Ich izolacyjno\u015b\u0107 elektryczna i wysoka przewodno\u015b\u0107 cieplna sprawiaj\u0105, \u017ce idealnie nadaj\u0105 si\u0119 do komponent\u00f3w mocy i komponent\u00f3w RF (cz\u0119stotliwo\u015bci radiowej). <\/span><\/p>\n<\/li>\n<li><span style=\"font-weight: 400;\"><strong>Sprz\u0119t medyczny: <\/strong>Diamenty przemys\u0142owe s\u0105 r\u00f3wnie\u017c wykorzystywane w niekt\u00f3rych dziedzinach medycyny, takich jak precyzyjny sprz\u0119t chirurgiczny i wiert\u0142a dentystyczne. Dzi\u0119ki wysokiej twardo\u015bci i dobrej odporno\u015bci na zu\u017cycie diament\u00f3w, mog\u0105 one wyd\u0142u\u017cy\u0107 \u017cywotno\u015b\u0107 i zwi\u0119kszy\u0107 dok\u0142adno\u015b\u0107 sprz\u0119tu medycznego.<\/span><\/li>\n<\/ul>\n<h2>Dane techniczne:<\/h2>\n<table>\n<tbody>\n<tr>\n<td><strong>stopie\u0144<\/strong><\/td>\n<td><strong>Gatunek optyczny<\/strong><\/td>\n<td><strong>Klasa radiatora<\/strong><\/td>\n<\/tr>\n<tr>\n<td><strong>Rodzaje diament\u00f3w<\/strong><\/td>\n<td><span style=\"font-weight: 400;\">Pojedynczy kryszta\u0142<\/span><\/td>\n<td><span style=\"font-weight: 400;\">Polikrystaliczny<\/span><\/td>\n<\/tr>\n<tr>\n<td><strong>Rozmiar p\u0142ytki<\/strong><\/td>\n<td><span style=\"font-weight: 400;\">Maksymalnie 15*15 mm<\/span><span style=\"font-weight: 400;\">\u00b2, mo\u017cliwo\u015b\u0107 dostosowania<\/span><\/td>\n<td><span style=\"font-weight: 400;\">2cale<\/span><span style=\"font-weight: 400;\">, mo\u017cliwo\u015b\u0107 dostosowania<\/span><\/td>\n<\/tr>\n<tr>\n<td><strong>Wielko\u015b\u0107 cz\u0105stek<\/strong><\/td>\n<td><\/td>\n<td><span style=\"font-weight: 400;\">\u226410\u03bcm<\/span><\/td>\n<\/tr>\n<tr>\n<td><strong>Tolerancja \u015brednicy<\/strong><\/td>\n<td><span style=\"font-weight: 400;\">+0,1, -0 mm<\/span><\/td>\n<td><span style=\"font-weight: 400;\">+0,1, -0 mm<\/span><\/td>\n<\/tr>\n<tr>\n<td><strong>grubo\u015b\u0107<\/strong><\/td>\n<td><\/td>\n<td><span style=\"font-weight: 400;\">0,3-1,5 mm<\/span><\/td>\n<\/tr>\n<tr>\n<td><strong>Grubo\u015b\u0107 po polerowaniu<\/strong><\/td>\n<td><span style=\"font-weight: 400;\">0,1-2 mm<\/span><\/td>\n<td><span style=\"font-weight: 400;\">0,2-1,0 mm<\/span><\/td>\n<\/tr>\n<tr>\n<td><strong>Tolerancja grubo\u015bci<\/strong><\/td>\n<td><span style=\"font-weight: 400;\">\u00b10,02 mm \u2264 10 mm<\/span><\/p>\n<p><span style=\"font-weight: 400;\">\u00b10,03 mm, 10-15 mm<\/span><\/td>\n<td><span style=\"font-weight: 400;\">\u00b150\u03bcm<\/span><\/td>\n<\/tr>\n<tr>\n<td><strong>Kierunek krystalizacji<\/strong><\/td>\n<td><span style=\"font-weight: 400;\">100<\/span><\/td>\n<td><\/td>\n<\/tr>\n<tr>\n<td><strong>Obr\u00f3bka powierzchni-<\/strong><\/td>\n<td><span style=\"font-weight: 400;\">polerowanie,Ra&lt;2nm<\/span><\/td>\n<td><\/td>\n<\/tr>\n<tr>\n<td><strong>Chropowato\u015b\u0107 powierzchni wzrostu<\/strong><\/td>\n<td><\/td>\n<td><span style=\"font-weight: 400;\">&lt;100nm Ra<\/span><\/td>\n<\/tr>\n<tr>\n<td><strong>Chropowato\u015b\u0107 powierzchni nukleacji<\/strong><\/td>\n<td><\/td>\n<td><span style=\"font-weight: 400;\">&lt;30nm Ra<\/span><\/td>\n<\/tr>\n<tr>\n<td><strong>Standardowa grubo\u015b\u0107<\/strong><\/td>\n<td><\/td>\n<td><span style=\"font-weight: 400;\">300\u03bcm<\/span><\/td>\n<\/tr>\n<\/tbody>\n<\/table>\n<p><span style=\"font-weight: 400;\">\u203b Je\u015bli masz jakie\u015b niestandardowe wymagania, <a style=\"font-size: 16px; background-color: #ffffff;\" href=\"https:\/\/honwaygroup.com\/pl\/skontaktuj-sie-z-nami\/\" target=\"_blank\" rel=\"nofollow noopener\">skontaktuj si\u0119 z obs\u0142ug\u0105 klienta Honway<\/a><\/span><\/p>\n<h2><strong>W\u0142a\u015bciwo\u015bci fizyczne<\/strong>:<\/h2>\n<table>\n<tbody>\n<tr>\n<td><strong>stopie\u0144<\/strong><\/td>\n<td><strong>Gatunek optyczny<\/strong><\/td>\n<td><strong>Klasa radiatora<\/strong><\/td>\n<\/tr>\n<tr>\n<td><strong>Rodzaje diament\u00f3w<\/strong><\/td>\n<td><span style=\"font-weight: 400;\">Pojedynczy kryszta\u0142<\/span><\/td>\n<td><span style=\"font-weight: 400;\">Polikrystaliczny<\/span><\/td>\n<\/tr>\n<tr>\n<td><strong>G\u0119sto\u015b\u0107<\/strong><\/td>\n<td><span style=\"font-weight: 400;\">3.52g\/cm\u00b3<\/span><\/td>\n<td><span style=\"font-weight: 400;\">3.52g\/cm\u00b3<\/span><\/td>\n<\/tr>\n<tr>\n<td><strong>Pe\u0142na szeroko\u015b\u0107 Ramana w po\u0142owie maksimum(FWHM)<\/strong><\/td>\n<td><span style=\"font-weight: 400;\">~2.1 cm\u207b\u00b9<\/span><\/td>\n<td><\/td>\n<\/tr>\n<tr>\n<td><strong>St\u0119\u017cenie azotu<\/strong><\/td>\n<td><span style=\"font-weight: 400;\">&lt;0.5 ppm<\/span><\/td>\n<td><\/td>\n<\/tr>\n<tr>\n<td><strong>Przewodno\u015b\u0107 cieplna<\/strong><\/td>\n<td><span style=\"font-weight: 400;\">1900~2200 W\/(m\u00b7K) 300K<\/span><\/td>\n<td><span style=\"font-weight: 400;\">1200~2000 W\/(m\u00b7K) 300K<\/span><\/td>\n<\/tr>\n<tr>\n<td><strong>Przepuszczalno\u015b\u0107<\/strong><\/td>\n<td><span style=\"font-weight: 400;\">&gt;70% 1064 nm<\/span><\/td>\n<td><\/td>\n<\/tr>\n<tr>\n<td><strong>Wsp\u00f3\u0142czynnik za\u0142amania \u015bwiat\u0142a<\/strong><\/td>\n<td><span style=\"font-weight: 400;\">2.379 @ 10.6 \u03bcm<\/span><\/td>\n<td><\/td>\n<\/tr>\n<tr>\n<td><strong>Modu\u0142 Younga<\/strong><\/td>\n<td><\/td>\n<td><span style=\"font-weight: 400;\">850GPa<\/span><\/td>\n<\/tr>\n<tr>\n<td><strong>Stabilno\u015b\u0107 chemiczna<\/strong><\/td>\n<td><\/td>\n<td><span style=\"font-weight: 400;\">Nierozpuszczalny we wszystkich kwasach i zasadach<\/span><\/td>\n<\/tr>\n<tr>\n<td><strong>Wytrzyma\u0142o\u015b\u0107 na zerwanie<\/strong><\/td>\n<td><\/td>\n<td><span style=\"font-weight: 400;\">350GPa<\/span><\/td>\n<\/tr>\n<tr>\n<td><strong>R\u00f3wnoleg\u0142o\u015b\u0107<\/strong><\/td>\n<td><\/td>\n<td><span style=\"font-weight: 400;\">&lt;4\u03bcm\/cm<\/span><\/td>\n<\/tr>\n<\/tbody>\n<\/table>\n<p>&nbsp;<\/p>\n<h2><strong>Por\u00f3wnanie specyfikacji diament\u00f3w<\/strong>\uff1a<\/h2>\n<table>\n<tbody>\n<tr>\n<td><\/td>\n<td>\n<p style=\"text-align: center;\"><strong>P\u0142ytka diamentowa CVD z pojedynczego kryszta\u0142u<\/strong><\/p>\n<\/td>\n<td>\n<p style=\"text-align: center;\"><strong>Polikrystaliczne p\u0142ytki diamentowe CVD<\/strong><\/p>\n<\/td>\n<\/tr>\n<tr>\n<td><strong>Struktura<\/strong><\/td>\n<td><span style=\"font-weight: 400;\">Pojedyncza, ci\u0105g\u0142a struktura krystaliczna<\/span><\/td>\n<td><span style=\"font-weight: 400;\">Wiele losowo zorientowanych ma\u0142ych kryszta\u0142\u00f3w<\/span><\/td>\n<\/tr>\n<tr>\n<td><strong>W\u0142a\u015bciwo\u015bci mechaniczne<\/strong><\/td>\n<td><span style=\"font-weight: 400;\">Doskona\u0142a twardo\u015b\u0107, wytrzyma\u0142o\u015b\u0107 i odporno\u015b\u0107 na zu\u017cycie<\/span><\/td>\n<td><span style=\"font-weight: 400;\">Obni\u017cona wytrzyma\u0142o\u015b\u0107, na kt\u00f3r\u0105 wp\u0142ywaj\u0105 granice ziaren<\/span><\/td>\n<\/tr>\n<tr>\n<td><strong>Przewodno\u015b\u0107 cieplna<\/strong><\/td>\n<td><span style=\"font-weight: 400;\">Wy\u017csze, doskona\u0142e odprowadzanie ciep\u0142a<\/span><\/td>\n<td><span style=\"font-weight: 400;\">Niskie (dzi\u0119ki granicom ziaren)<\/span><\/td>\n<\/tr>\n<tr>\n<td><strong>W\u0142a\u015bciwo\u015bci optyczne<\/strong><\/td>\n<td><span style=\"font-weight: 400;\">Doskona\u0142a przejrzysto\u015b\u0107 i precyzja optyczna<\/span><\/td>\n<td><span style=\"font-weight: 400;\">Ni\u017csza przejrzysto\u015b\u0107, mog\u0105 wyst\u0119powa\u0107 niedoskona\u0142o\u015bci<\/span><\/td>\n<\/tr>\n<tr>\n<td><strong>Parametry elektryczne<\/strong><\/td>\n<td><span style=\"font-weight: 400;\">Wysoce sterowalne i zale\u017cne od kierunku<\/span><\/td>\n<td><span style=\"font-weight: 400;\">Wysoce izotropowe, ale mniej sterowalne<\/span><\/td>\n<\/tr>\n<tr>\n<td><strong>Zastosowania<\/strong><\/td>\n<td><span style=\"font-weight: 400;\">Elektronika, optyka, aplikacje o wysokiej wydajno\u015bci<\/span><\/td>\n<td><span style=\"font-weight: 400;\">Narz\u0119dzia przemys\u0142owe, radiatory, materia\u0142y \u015bcierne, materia\u0142y rozpraszaj\u0105ce ciep\u0142o<\/span><\/td>\n<\/tr>\n<\/tbody>\n<\/table>\n<p>&nbsp;<\/p>\n<h2><strong>Por\u00f3wnanie wydajno\u015bci diamentu z innymi powszechnie stosowanymi materia\u0142ami na podczerwie\u0144<\/strong>\uff1a<\/h2>\n<table>\n<tbody>\n<tr>\n<td><strong>W\u0142a\u015bciwo\u015bci fizyczne <\/strong><\/td>\n<td><strong>jednostka<\/strong><\/td>\n<td colspan=\"2\"><strong>Diament (Diamond)<\/strong><\/td>\n<td><strong>Selenek cynku (ZnSe)<\/strong><\/td>\n<td><strong>Siarczek cynku (ZnS)<\/strong><\/td>\n<td><strong>German (Ge)<\/strong><\/td>\n<td><strong>Krzem (Si)<\/strong><\/td>\n<td><strong>Arsenek galu (GaAs)<\/strong><\/td>\n<td><strong>Tlenek glinu (Al\u2082O\u2083)<\/strong><\/td>\n<\/tr>\n<tr>\n<td><strong>przerwa pasmowa<\/strong><\/p>\n<p><strong>(Band gap)<\/strong><\/td>\n<td><span style=\"font-weight: 400;\">eV<\/span><\/td>\n<td colspan=\"2\"><span style=\"font-weight: 400;\">5.48<\/span><\/td>\n<td><span style=\"font-weight: 400;\">2.7<\/span><\/td>\n<td><span style=\"font-weight: 400;\">3.9<\/span><\/td>\n<td><span style=\"font-weight: 400;\">0.664<\/span><\/td>\n<td><span style=\"font-weight: 400;\">1.11<\/span><\/td>\n<td><span style=\"font-weight: 400;\">1.42<\/span><\/td>\n<td><span style=\"font-weight: 400;\">9.9<\/span><\/td>\n<\/tr>\n<tr>\n<td><strong>D\u0142ugo\u015b\u0107 fali odci\u0119cia<\/strong><\/p>\n<p><strong>(Cut-off wavelength)<\/strong><\/td>\n<td><span style=\"font-weight: 400;\">\u03bcm<\/span><\/td>\n<td colspan=\"2\"><\/td>\n<td><span style=\"font-weight: 400;\">20<\/span><\/td>\n<td><span style=\"font-weight: 400;\">14<\/span><\/td>\n<td><span style=\"font-weight: 400;\">23<\/span><\/td>\n<td><\/td>\n<td><\/td>\n<td><span style=\"font-weight: 400;\">5.5<\/span><\/td>\n<\/tr>\n<tr>\n<td><strong>Wsp\u00f3\u0142czynnik absorpcji<\/strong><\/p>\n<p><strong>(Absorption coefficient) <\/strong> <\/td>\n<td><\/td>\n<td colspan=\"2\"><span style=\"font-weight: 400;\">0.1~0.3<\/span><\/td>\n<td><span style=\"font-weight: 400;\">0.005<\/span><\/td>\n<td><span style=\"font-weight: 400;\">0.2<\/span><\/td>\n<td><span style=\"font-weight: 400;\">0.02<\/span><\/td>\n<td><span style=\"font-weight: 400;\">0.35<\/span><\/td>\n<td><span style=\"font-weight: 400;\">0.01<\/span><\/td>\n<td><\/td>\n<\/tr>\n<tr>\n<td><strong>Wsp\u00f3\u0142czynnik absorpcji<\/strong><\/p>\n<p><strong>(Absorption coefficient) <\/strong> <\/td>\n<td><span style=\"font-weight: 400;\">10.6 \u03bcm<\/span><\/td>\n<td colspan=\"2\"><span style=\"font-weight: 400;\">0.1~0.6<\/span><\/td>\n<td><span style=\"font-weight: 400;\">0.0005<\/span><\/td>\n<td><span style=\"font-weight: 400;\">0.2<\/span><\/td>\n<td><span style=\"font-weight: 400;\">0.02<\/span><\/td>\n<td><\/td>\n<td><\/td>\n<td><\/td>\n<\/tr>\n<tr>\n<td><strong>Mikrotwardo\u015b\u0107<\/strong><\/p>\n<p><strong>(Microhardness)<\/strong><\/td>\n<td><span style=\"font-weight: 400;\">kg\/mm\u00b2<\/span><\/td>\n<td colspan=\"2\"><span style=\"font-weight: 400;\">8300<\/span><\/td>\n<td><span style=\"font-weight: 400;\">137<\/span><\/td>\n<td><span style=\"font-weight: 400;\">230<\/span><\/td>\n<td><span style=\"font-weight: 400;\">780<\/span><\/td>\n<td><span style=\"font-weight: 400;\">1150<\/span><\/td>\n<td><span style=\"font-weight: 400;\">721<\/span><\/td>\n<td><span style=\"font-weight: 400;\">190<\/span><\/td>\n<\/tr>\n<tr>\n<td><strong>Wsp\u00f3\u0142czynnik za\u0142amania \u015bwiat\u0142a<\/strong><\/p>\n<p><strong>(Refractive index)<\/strong><\/td>\n<td><\/td>\n<td colspan=\"2\"><span style=\"font-weight: 400;\">2.38<\/span><\/td>\n<td><span style=\"font-weight: 400;\">2.40<\/span><\/td>\n<td><span style=\"font-weight: 400;\">2.19<\/span><\/td>\n<td><span style=\"font-weight: 400;\">4.00<\/span><\/td>\n<td><span style=\"font-weight: 400;\">3.42<\/span><\/td>\n<td><span style=\"font-weight: 400;\">3.28<\/span><\/td>\n<td><span style=\"font-weight: 400;\">1.63<\/span><\/td>\n<\/tr>\n<tr>\n<td><strong>dn\/dT<\/strong><\/td>\n<td><span style=\"font-weight: 400;\">10\u207b\u00b3\/K<\/span><\/td>\n<td colspan=\"2\"><span style=\"font-weight: 400;\">1.0<\/span><\/td>\n<td><span style=\"font-weight: 400;\">6.4<\/span><\/td>\n<td><span style=\"font-weight: 400;\">4.1<\/span><\/td>\n<td><span style=\"font-weight: 400;\">40<\/span><\/td>\n<td><span style=\"font-weight: 400;\">13<\/span><\/td>\n<td><span style=\"font-weight: 400;\">15<\/span><\/td>\n<td><span style=\"font-weight: 400;\">1.3<\/span><\/td>\n<\/tr>\n<tr>\n<td><strong>Przewodno\u015b\u0107 cieplna<\/strong><\/p>\n<p><strong>(Thermal conductivity)<\/strong><\/td>\n<td><span style=\"font-weight: 400;\">W\/(cm\u00b7K)<\/span><\/td>\n<td colspan=\"2\"><span style=\"font-weight: 400;\">18~22<\/span><\/td>\n<td><span style=\"font-weight: 400;\">0.19<\/span><\/td>\n<td><span style=\"font-weight: 400;\">0.27<\/span><\/td>\n<td><span style=\"font-weight: 400;\">0.59<\/span><\/td>\n<td><span style=\"font-weight: 400;\">1.63<\/span><\/td>\n<td><span style=\"font-weight: 400;\">0.55<\/span><\/td>\n<td><span style=\"font-weight: 400;\">0.35<\/span><\/td>\n<\/tr>\n<tr>\n<td rowspan=\"2\"><strong>Wsp\u00f3\u0142czynnik rozszerzalno\u015bci cieplnej (Coefficient of thermal expansion)<\/strong><\/td>\n<td rowspan=\"2\"><span style=\"font-weight: 400;\">10\u207b\u2076K\u207b\u00b9<\/span><\/td>\n<td><span style=\"font-weight: 400;\">Gatunek optyczny<\/span><\/td>\n<td><span style=\"font-weight: 400;\">1.3<\/span><\/td>\n<td rowspan=\"2\"><span style=\"font-weight: 400;\">7.6<\/span><\/td>\n<td rowspan=\"2\"><span style=\"font-weight: 400;\">7.9<\/span><\/td>\n<td rowspan=\"2\"><span style=\"font-weight: 400;\">5.9<\/span><\/td>\n<td rowspan=\"2\"><span style=\"font-weight: 400;\">2.56<\/span><\/td>\n<td rowspan=\"2\"><span style=\"font-weight: 400;\">5.9<\/span><\/td>\n<td rowspan=\"2\"><span style=\"font-weight: 400;\">5.8<\/span><\/td>\n<\/tr>\n<tr>\n<td><span style=\"font-weight: 400;\">Klasa radiatora<\/span><\/td>\n<td><span style=\"font-weight: 400;\">0.8~1.0<\/span><\/td>\n<\/tr>\n<\/tbody>\n<\/table>\n<p>&nbsp;<\/p>\n<p><span style=\"font-size: 16px;\">Masz pytanie? <\/span><a style=\"font-size: 16px; background-color: #ffffff;\" href=\"https:\/\/honwaygroup.com\/pl\/skontaktuj-sie-z-nami\/\" target=\"_blank\" rel=\"nofollow noopener\">Skontaktuj si\u0119 z nami!<\/a><\/p>\n","protected":false},"excerpt":{"rendered":"<ul>\n<li>Diamenty CVD powstaj\u0105 w procesie osadzania chemicznego z fazy gazowej.<\/li>\n<li>Diament ma najwy\u017csz\u0105 przewodno\u015b\u0107 ciepln\u0105 spo\u015br\u00f3d wszystkich znanych materia\u0142\u00f3w i mo\u017ce szybko i wydajnie odprowadza\u0107 ciep\u0142o.<\/li>\n<li>Nadaje si\u0119 do wszelkiego rodzaju precyzyjnych narz\u0119dzi tn\u0105cych, przemys\u0142owych brzeszczot\u00f3w i urz\u0105dze\u0144 wiertniczych, okien optycznych, soczewek, wysokowydajnych element\u00f3w optycznych, chemikali\u00f3w, sprz\u0119tu medycznego i urz\u0105dze\u0144 wszczepialnych.<\/li>\n<\/ul>\n<h5><span style=\"color: #ff0000;\"><strong>\u25b2Wszystkie ceny zawieraj\u0105 podatek (dotyczy tylko Tajwanu), c\u0142a naliczane s\u0105 osobno<\/strong><\/span><\/h5>\n<h5><strong><span style=\"color: #ff0000; font-size: 19.2px;\">\u25b2<\/span> <\/strong><strong><span style=\"color: #ff0000; font-size: 19.2px;\">W przypadku zapotrzebowania na niestandardowe rozmiary prosimy o kontakt z obs\u0142ug\u0105 klienta. W celu uzyskania informacji o czas realizacji takiego zam\u00f3wienia r\u00f3wnie\u017c prosimy o kontakt z obs\u0142ug\u0105 klienta.<\/span><\/strong><\/h5>\n<h5><strong><span style=\"color: #ff0000; font-size: 19.2px;\">\u25b2 Przy wi\u0119kszych zam\u00f3wieniach istnieje mo\u017cliwo\u015b\u0107 uzyskania rabatu, prosimy o kontakt z obs\u0142ug\u0105 klienta.<\/span><\/strong><\/h5>\n<h5><strong><span style=\"color: #ff0000; font-size: 19.2px;\">\u25b2Aby pozna\u0107 dat\u0119 dostawy zam\u00f3wienia, skontaktuj si\u0119 z obs\u0142ug\u0105 klienta<\/span><span style=\"color: #ff0000; font-size: 19.2px;\">:<\/span><span style=\"color: #ff0000; font-size: 19.2px;\"><a href=\"https:\/\/honwaygroup.com\/pl\/skontaktuj-sie-z-nami\/\">Skontaktuj si\u0119 z Honway<\/a><\/span><\/strong><\/h5>\n","protected":false},"featured_media":121108,"template":"","meta":{"site-sidebar-layout":"default","site-content-layout":"","ast-site-content-layout":"default","site-content-style":"default","site-sidebar-style":"default","ast-global-header-display":"","ast-banner-title-visibility":"","ast-main-header-display":"","ast-hfb-above-header-display":"","ast-hfb-below-header-display":"","ast-hfb-mobile-header-display":"","site-post-title":"","ast-breadcrumbs-content":"","ast-featured-img":"","footer-sml-layout":"","ast-disable-related-posts":"","theme-transparent-header-meta":"default","adv-header-id-meta":"","stick-header-meta":"default","header-above-stick-meta":"","header-main-stick-meta":"","header-below-stick-meta":"","astra-migrate-meta-layouts":"default","ast-page-background-enabled":"default","ast-page-background-meta":{"desktop":{"background-color":"var(--ast-global-color-5)","background-image":"","background-repeat":"repeat","background-position":"center center","background-size":"auto","background-attachment":"scroll","background-type":"","background-media":"","overlay-type":"","overlay-color":"","overlay-opacity":"","overlay-gradient":""},"tablet":{"background-color":"","background-image":"","background-repeat":"repeat","background-position":"center center","background-size":"auto","background-attachment":"scroll","background-type":"","background-media":"","overlay-type":"","overlay-color":"","overlay-opacity":"","overlay-gradient":""},"mobile":{"background-color":"","background-image":"","background-repeat":"repeat","background-position":"center center","background-size":"auto","background-attachment":"scroll","background-type":"","background-media":"","overlay-type":"","overlay-color":"","overlay-opacity":"","overlay-gradient":""}},"ast-content-background-meta":{"desktop":{"background-color":"var(--ast-global-color-4)","background-image":"","background-repeat":"repeat","background-position":"center center","background-size":"auto","background-attachment":"scroll","background-type":"","background-media":"","overlay-type":"","overlay-color":"","overlay-opacity":"","overlay-gradient":""},"tablet":{"background-color":"var(--ast-global-color-4)","background-image":"","background-repeat":"repeat","background-position":"center center","background-size":"auto","background-attachment":"scroll","background-type":"","background-media":"","overlay-type":"","overlay-color":"","overlay-opacity":"","overlay-gradient":""},"mobile":{"background-color":"var(--ast-global-color-4)","background-image":"","background-repeat":"repeat","background-position":"center center","background-size":"auto","background-attachment":"scroll","background-type":"","background-media":"","overlay-type":"","overlay-color":"","overlay-opacity":"","overlay-gradient":""}}},"product_brand":[],"product_cat":[8526],"product_tag":[10304,10303,4122],"class_list":{"0":"post-121658","1":"product","2":"type-product","3":"status-publish","4":"has-post-thumbnail","6":"product_cat-polprzewodnik","7":"product_tag-diamond-wafer-pl","8":"product_tag-podloze-diamentowe","9":"product_tag-polprzewodniki-pl","10":"desktop-align-left","11":"tablet-align-left","12":"mobile-align-left","13":"ast-product-gallery-layout-horizontal-slider","14":"ast-product-tabs-layout-horizontal","16":"first","17":"instock","18":"taxable","19":"shipping-taxable","20":"product-type-simple"},"_links":{"self":[{"href":"https:\/\/honwaygroup.com\/pl\/wp-json\/wp\/v2\/product\/121658","targetHints":{"allow":["GET"]}}],"collection":[{"href":"https:\/\/honwaygroup.com\/pl\/wp-json\/wp\/v2\/product"}],"about":[{"href":"https:\/\/honwaygroup.com\/pl\/wp-json\/wp\/v2\/types\/product"}],"version-history":[{"count":0,"href":"https:\/\/honwaygroup.com\/pl\/wp-json\/wp\/v2\/product\/121658\/revisions"}],"wp:featuredmedia":[{"embeddable":true,"href":"https:\/\/honwaygroup.com\/pl\/wp-json\/wp\/v2\/media\/121108"}],"wp:attachment":[{"href":"https:\/\/honwaygroup.com\/pl\/wp-json\/wp\/v2\/media?parent=121658"}],"wp:term":[{"taxonomy":"product_brand","embeddable":true,"href":"https:\/\/honwaygroup.com\/pl\/wp-json\/wp\/v2\/product_brand?post=121658"},{"taxonomy":"product_cat","embeddable":true,"href":"https:\/\/honwaygroup.com\/pl\/wp-json\/wp\/v2\/product_cat?post=121658"},{"taxonomy":"product_tag","embeddable":true,"href":"https:\/\/honwaygroup.com\/pl\/wp-json\/wp\/v2\/product_tag?post=121658"}],"curies":[{"name":"wp","href":"https:\/\/api.w.org\/{rel}","templated":true}]}}