{"id":121655,"date":"2025-08-01T15:10:28","date_gmt":"2025-08-01T07:10:28","guid":{"rendered":"https:\/\/honwaygroup.com\/product\/noz-elektroborcy-hwd25-wafr\/"},"modified":"2025-08-12T09:15:08","modified_gmt":"2025-08-12T01:15:08","slug":"noz-elektroborcy-hwd25-wafr","status":"publish","type":"product","link":"https:\/\/honwaygroup.com\/pl\/produkt\/noz-elektroborcy-hwd25-wafr\/","title":{"rendered":"N\u00f3\u017c elektroborcy hWD25 Wafr"},"content":{"rendered":"<h1>N\u00f3\u017c elektroborcy hWD25 Wafr<\/h1>\n<h4><strong><span class=\"red\">Firma Honway Industrial \u015bwiadczy us\u0142ugi dostosowane do indywidualnych potrzeb.<\/span><\/strong><\/h4>\n<h4><strong><span class=\"red\">Stw\u00f3rz dla Ciebie najbardziej odpowiedni n\u00f3\u017c z elektrokorming<\/span><\/strong><\/h4>\n<p>&nbsp;<\/p>\n<p>Nadaje si\u0119 do przetwarzania wafl\u00f3w p\u00f3\u0142przewodnik\u00f3w, pod\u0142o\u017c\u00f3w opakowaniowych oraz r\u00f3\u017cnych twardych i kruchych materia\u0142\u00f3w, takich jak LTCC, PZT i TGG.<\/p>\n<h2>Cechy:<\/h2>\n<ul>\n<li data-start=\"85\" data-end=\"151\"><strong>Zdolno\u015b\u0107 do obr\u00f3bki precyzyjnej<\/strong>: przyjmuje wysokob\u00f3jcz\u0105 struktur\u0119 elektrobormingow\u0105 i \u015bci\u015ble kontrolowan\u0105 geometri\u0119 ostrza, aby zapewni\u0107 stabiln\u0105 i sp\u00f3jn\u0105 szeroko\u015b\u0107 linii skrawania oraz osi\u0105gn\u0105\u0107 wysokowydajne i wysokowydajne obr\u00f3bk\u0119 mikro-poziomow\u0105.<\/li>\n<li data-start=\"153\" data-end=\"227\"><strong>Cut-rozci\u0119tna konstrukcja o ultra-gniazdo:<\/strong> ultra-nagiegna szeroko\u015b\u0107 rozci\u0119tna, do 10 \u03bcm, co najmniej, aby zaspokoi\u0107 potrzeby ci\u0119cia w zakresie pisania o du\u017cej g\u0119sto\u015bci, w\u0105skich blok\u00f3w, takich jak LED GAAS, poprawa wykorzystania op\u0142at i zmniejszenie utraty materia\u0142u.<\/li>\n<li data-start=\"229\" data-end=\"262\"><strong>Nadaje si\u0119 do r\u00f3\u017cnych materia\u0142\u00f3w waflowych, w tym: <\/strong>krzem z pojedynczego kryszta\u0142u (krzem), dwutlenku krzemu, azotku krzemu i innych p\u0142ytek tlenkowych, w\u0119gliku krzemu (SIC), arsenku galu (GAAS), fosforku galu (GAP) i innych z\u0142o\u017conych z\u0142o\u017conych z\u0142o\u017conych III-V.<\/li>\n<li data-start=\"349\" data-end=\"414\"><strong>Doskona\u0142e \u017cycie i stabilno\u015b\u0107 ostrza:<\/strong> Ostrze ma doskona\u0142\u0105 stabilno\u015b\u0107 chemiczn\u0105 i mo\u017ce skutecznie opiera\u0107 si\u0119 ryzykowi korozji w \u015brodowiskach skrawaj\u0105cych mokre lub co\u2082, znacznie rozszerzaj\u0105c \u017cywotno\u015b\u0107 us\u0142ug ostrzy.<\/li>\n<li data-start=\"349\" data-end=\"414\"><strong data-start=\"307\" data-end=\"333\">Diamentowy rozk\u0142ad wielko\u015bci cz\u0105stek mikro-proszku o ultra-norrow, z wysok\u0105 konsystencj\u0105 wyboru kryszta\u0142u:<\/strong> \u015bci\u015ble wybierana wysoko kompaktowa forma kryszta\u0142u diamentowego i jednolity rozk\u0142ad wielko\u015bci cz\u0105stek, aby zapewni\u0107 czysto\u015b\u0107 powierzchni przetwarzania i stabilno\u015b\u0107 ci\u0119cia i poprawi\u0107 wydajno\u015b\u0107 gotowego produktu.<\/li>\n<li data-start=\"349\" data-end=\"414\"><strong data-start=\"540\" data-end=\"554\">Wysoka wytrzyma\u0142o\u015b\u0107 na ostrza i sztywna konstrukcja: <\/strong>Odpowiedni do szybkich \u015brodowisk pracy, mo\u017ce skutecznie zapobiec \u201eserpentynowym\u201d i innych przesuni\u0119ciach podczas ci\u0119cia, a jednocze\u015bnie zapewni\u0107 dobr\u0105 prostopad\u0142o\u015b\u0107 i schludno\u015b\u0107 \u015bcian bocznych ziarna.<\/li>\n<li data-start=\"416\" data-end=\"473\"><strong>Dostosowane specyfikacje ostrza: <\/strong>r\u00f3\u017cne grubo\u015bci ostrzy, \u015brednice zewn\u0119trzne, kszta\u0142ty ostrzy i twardo\u015b\u0107 macierzy metalowej s\u0105 dostarczane w celu zaspokojenia r\u00f3\u017cnych rozmiar\u00f3w p\u0142ytek i potrzeb.<\/li>\n<\/ul>\n<h2>u\u017cywa\u0107:<\/h2>\n<ul>\n<li>Nadaje si\u0119 do ci\u0119cia lub gniazda, szczeg\u00f3lnie do ci\u0119cia wafla i przetwarzania opakowa\u0144 p\u00f3\u0142przewodnikowych.<\/li>\n<li>U\u017cywany do etapu procesu pisma p\u00f3\u0142przewodnikowego.<\/li>\n<\/ul>\n<h2>Obszary zastosowa\u0144:<\/h2>\n<ul>\n<li>Nadaje si\u0119 do precyzyjnego ci\u0119cia i przetwarzania p\u0142ytek krzemowych, wafl\u00f3w tlenkowych, w\u0119gliku krzemu (SIC), arsenku galu (GAA), fosflu galu i innych zwi\u0105zk\u00f3w.<\/li>\n<li>Kompozytowe arkusze krzemowe, materia\u0142y elektroniczne, \u017cywice, metale, ceramika, materia\u0142y kompozytowe itp.<\/li>\n<\/ul>\n<h4><strong>Przy sk\u0142adaniu zam\u00f3wienia na no\u017ce do krojenia prosimy o podanie nast\u0119puj\u0105cych informacji:<\/strong><\/h4>\n<ul>\n<li>Kszta\u0142t i wymiary ostrza:<\/li>\n<li><span style=\"font-weight: 400;\">Kwota ekspozycji na ostrze (UM): na przyk\u0142ad: Z (250-380)<\/span><\/li>\n<li>Szeroko\u015b\u0107 ci\u0119cia: na przyk\u0142ad: A (16-20)<\/li>\n<li>Rozmiar ziarna: na przyk\u0142ad: #1800<\/li>\n<li>Agent wi\u0105zania: na przyk\u0142ad:<span style=\"font-weight: 400;\"> n uniwersalny typ<\/span><\/li>\n<li>St\u0119\u017cenie: na przyk\u0142ad: 90<\/li>\n<li>Zastosowania: w\u0119glik krzemowy (SIC), arsenid gali<\/li>\n<li>Ilo\u015b\u0107 i czas dostawy:<\/li>\n<li>Pr\u0119dko\u015b\u0107 i warunki przetwarzania:<\/li>\n<li>Model urz\u0105dzenia przetw\u00f3rczego:<\/li>\n<li>Wi\u0119kszo\u015b\u0107 producent\u00f3w zaznaczy nast\u0119puj\u0105ce informacje na temat no\u017ca ci\u0119cia, specyfikacja Przyk\u0142ad: CB 3000N70<\/li>\n<\/ul>\n<table>\n<tbody>\n<tr>\n<td><strong>Kwota ekspozycji na ostrze (UM)<\/strong><\/td>\n<td><strong>Szeroko\u015b\u0107 ci\u0119cia (um)<\/strong><\/td>\n<td><strong>ziarnisto\u015b\u0107<\/strong><\/td>\n<td><strong>\u015arodek wi\u0105\u017c\u0105cy<\/strong><\/td>\n<td><strong>St\u0119\u017cenie (st\u0119\u017cenie obj\u0119to\u015bci)<\/strong><\/td>\n<\/tr>\n<tr>\n<td><span style=\"font-weight: 400;\">Z 250-380<\/span><\/p>\n<p><span style=\"font-weight: 400;\">A 385-510<\/span><\/p>\n<p><span style=\"font-weight: 400;\">B 510-640<\/span><\/p>\n<p><span style=\"font-weight: 400;\">C 640-760<\/span><\/p>\n<p><span style=\"font-weight: 400;\">D 760-890<\/span><\/p>\n<p><span style=\"font-weight: 400;\">E 890-1020<\/span><\/p>\n<p><span style=\"font-weight: 400;\">F 1020-1150<\/span><\/p>\n<p><span style=\"font-weight: 400;\">G 1150-1270<\/span><\/td>\n<td><span style=\"font-weight: 400;\">Z 11-15<\/span><\/p>\n<p><span style=\"font-weight: 400;\">A 16-20<\/span><\/p>\n<p><span style=\"font-weight: 400;\">B 20-25<\/span><\/p>\n<p><span style=\"font-weight: 400;\">C 25-30<\/span><\/p>\n<p><span style=\"font-weight: 400;\">D 30-35<\/span><\/p>\n<p><span style=\"font-weight: 400;\">E 35-40<\/span><\/p>\n<p><span style=\"font-weight: 400;\">F 40-50<\/span><\/p>\n<p><span style=\"font-weight: 400;\">G 50-60<\/span><\/td>\n<td><span style=\"font-weight: 400;\">#1000<\/span><\/p>\n<p><span style=\"font-weight: 400;\">#1500<\/span><\/p>\n<p><span style=\"font-weight: 400;\">#1700<\/span><\/p>\n<p><span style=\"font-weight: 400;\">#1800<\/span><\/p>\n<p><span style=\"font-weight: 400;\">#2000<\/span><\/p>\n<p><span style=\"font-weight: 400;\">#2500<\/span><\/p>\n<p><span style=\"font-weight: 400;\">#3000<\/span><\/p>\n<p><span style=\"font-weight: 400;\">#3500<\/span><\/p>\n<p><span style=\"font-weight: 400;\">#4000<\/span><\/p>\n<p><span style=\"font-weight: 400;\">#4500<\/span><\/p>\n<p><span style=\"font-weight: 400;\">#4800<\/span><\/p>\n<p><span style=\"font-weight: 400;\">#5000<\/span><\/td>\n<td><span style=\"font-weight: 400;\">Typ S Ostry<\/span><\/p>\n<p><span style=\"font-weight: 400;\">Typ N Og\u00f3lny<\/span><\/p>\n<p><span style=\"font-weight: 400;\">Typ H Wysoka Wytrzyma\u0142o\u015b\u0107<\/span><\/td>\n<td><span style=\"font-weight: 400;\">50<\/span><\/p>\n<p><span style=\"font-weight: 400;\">70<\/span><\/p>\n<p><span style=\"font-weight: 400;\">90<\/span><\/p>\n<p><span style=\"font-weight: 400;\">110<\/span><\/p>\n<p><span style=\"font-weight: 400;\">130<\/span><\/td>\n<\/tr>\n<\/tbody>\n<\/table>\n<h2>Przyk\u0142adowe obrazy:<\/h2>\n<p><a href=\"https:\/\/honwaygroup.com\/wp-content\/uploads\/2025\/04\/1A1.jpg\"><img fetchpriority=\"high\" decoding=\"async\" class=\"size-full wp-image-93178 aligncenter\" src=\"https:\/\/honwaygroup.com\/wp-content\/uploads\/2025\/04\/1A1.jpg\" alt=\"\" width=\"520\" height=\"198\"><\/a><\/p>\n<p>&nbsp;<\/p>\n<h2>Zalety techniczne produktu:<\/h2>\n<p>Starannie wyselekcjonowane, bardzo zwarte kryszta\u0142y diament\u00f3w i r\u00f3wnomierny rozk\u0142ad wielko\u015bci cz\u0105stek zapewniaj\u0105 czysto\u015b\u0107 powierzchni i stabilno\u015b\u0107 ci\u0119cia, co przek\u0142ada si\u0119 na lepsz\u0105 wydajno\u015b\u0107 gotowego produktu.<\/p>\n<p><a href=\"https:\/\/honwaygroup.com\/wp-content\/uploads\/2025\/08\/%E5%9C%96%E7%89%871.avif\"><img decoding=\"async\" class=\"alignnone wp-image-121156 size-full\" src=\"https:\/\/honwaygroup.com\/wp-content\/uploads\/2025\/08\/%E5%9C%96%E7%89%871.avif\" alt=\"\" width=\"495\" height=\"330\"><\/a><\/p>\n<p>Dzi\u0119ki precyzyjnemu kontrolowaniu binowania st\u0119\u017cenia diament\u00f3w seria HWD25 mo\u017ce skutecznie zr\u00f3wnowa\u017cy\u0107 stabilno\u015b\u0107 przetwarzania i \u017cywotno\u015b\u0107 narz\u0119dzi, szczeg\u00f3lnie w zmniejszaniu odprysk\u00f3w, osi\u0105gni\u0119ciu wysokiej wydajno\u015bci i wysokiej niezawodno\u015bci wynik\u00f3w ci\u0119cia.<\/p>\n<p><a href=\"https:\/\/honwaygroup.com\/wp-content\/uploads\/2025\/08\/%E5%9C%96%E7%89%873.avif\"><img decoding=\"async\" class=\"alignnone wp-image-121165 size-full\" src=\"https:\/\/honwaygroup.com\/wp-content\/uploads\/2025\/08\/%E5%9C%96%E7%89%873.avif\" alt=\"\" width=\"467\" height=\"325\"><\/a><\/p>\n<p>Proces z du\u017cym precyzyjnym procesem mo\u017ce skr\u00f3ci\u0107 czas regulacji i wst\u0119pnej kalibracji przed ci\u0119ciem, a jednocze\u015bnie mo\u017ce skutecznie zmniejszy\u0107 skok ostrza i wibracje przy operacji du\u017cych pr\u0119dko\u015bci, poprawiaj\u0105c stabilno\u015b\u0107 obs\u0142ugi maszyny.<\/p>\n<p><a href=\"https:\/\/honwaygroup.com\/wp-content\/uploads\/2025\/08\/%E5%9C%96%E7%89%874.avif\"><img loading=\"lazy\" decoding=\"async\" class=\"alignnone wp-image-121174 size-full\" src=\"https:\/\/honwaygroup.com\/wp-content\/uploads\/2025\/08\/%E5%9C%96%E7%89%874.avif\" alt=\"\" width=\"476\" height=\"327\"><\/a><\/p>\n<p>Doskona\u0142a stabilno\u015b\u0107 chemiczna kraw\u0119dzi tn\u0105cej skutecznie zapobiega ryzyku korozji w \u015brodowiskach wilgotnych lub z u\u017cyciem CO\u2082, co znacznie wyd\u0142u\u017ca \u017cywotno\u015b\u0107 ostrza.<\/p>\n<p><a href=\"https:\/\/honwaygroup.com\/wp-content\/uploads\/2025\/08\/%E6%95%B8%E6%93%9A%E5%9C%96-02.jpg\"><img loading=\"lazy\" decoding=\"async\" class=\"alignnone wp-image-121355\" src=\"https:\/\/honwaygroup.com\/wp-content\/uploads\/2025\/08\/%E6%95%B8%E6%93%9A%E5%9C%96-02.jpg\" alt=\"\" width=\"467\" height=\"323\"><\/a><\/p>\n<p><strong data-start=\"465\" data-end=\"486\">Bardzo w\u0105ska szeroko\u015b\u0107 szczeliny, wynosz\u0105ca zaledwie 10 \u03bcm<\/strong>, spe\u0142nia wymagania ci\u0119cia uk\u0142ad\u00f3w o du\u017cej g\u0119sto\u015bci i wafli o w\u0105skich blokach, takich jak diody LED GaAs, poprawiaj\u0105c wykorzystanie wafli i redukuj\u0105c straty materia\u0142u.<\/p>\n<p><a href=\"https:\/\/honwaygroup.com\/wp-content\/uploads\/2025\/08\/%E5%9C%96%E7%89%876.avif\"><img loading=\"lazy\" decoding=\"async\" class=\"alignnone wp-image-121192 size-full\" src=\"https:\/\/honwaygroup.com\/wp-content\/uploads\/2025\/08\/%E5%9C%96%E7%89%876.avif\" alt=\"\" width=\"467\" height=\"338\"><\/a><\/p>\n<p>Nadaje si\u0119 do \u015brodowisk pracy o du\u017cej pr\u0119dko\u015bci, mo\u017ce skutecznie zapobiega\u0107 zjawiskom odchyle\u0144, takim jak \u201ew\u0119\u017cowe wzory\u201d podczas ci\u0119cia, zapewniaj\u0105c jednocze\u015bnie dobr\u0105 pionowo\u015b\u0107 i jednorodno\u015b\u0107 \u015bcianek bocznych ziaren.<\/p>\n<p><a href=\"https:\/\/honwaygroup.com\/wp-content\/uploads\/2025\/08\/%E5%9C%96%E7%89%877.avif\"><img loading=\"lazy\" decoding=\"async\" class=\"alignnone wp-image-121201 size-full\" src=\"https:\/\/honwaygroup.com\/wp-content\/uploads\/2025\/08\/%E5%9C%96%E7%89%877.avif\" alt=\"\" width=\"501\" height=\"332\"><\/a><\/p>\n<h2>Przyk\u0142ady zastosowa\u0144:<\/h2>\n<p><a href=\"https:\/\/honwaygroup.com\/wp-content\/uploads\/2025\/08\/%E6%95%B8%E6%93%9A%E5%9C%96-03.jpg\"><img loading=\"lazy\" decoding=\"async\" class=\"alignnone wp-image-121366\" src=\"https:\/\/honwaygroup.com\/wp-content\/uploads\/2025\/08\/%E6%95%B8%E6%93%9A%E5%9C%96-03.jpg\" alt=\"\" width=\"635\" height=\"187\"><\/a><\/p>\n<p>8-calowy krzemowy wafel IC, \u015bcie\u017cka ci\u0119cia zawiera metal, bez wypalania laserowego<\/p>\n<h2>Uwagi:<\/h2>\n<ul>\n<li><b>Sprawd\u017a n\u00f3\u017c do krojenia w kostk\u0119: <\/b>Przed monta\u017cem dok\u0142adnie sprawd\u017a, czy n\u00f3\u017c do krojenia w kostk\u0119 nie ma p\u0119kni\u0119\u0107 ani szczelin. W przypadku stwierdzenia uszkodze\u0144 nale\u017cy natychmiast zaprzesta\u0107 jego u\u017cywania, aby zapobiec niebezpiecze\u0144stwu.<\/li>\n<li><b>Sprawd\u017a kierunek obrot\u00f3w: <\/b>Upewnij si\u0119, \u017ce kierunek obrot\u00f3w zaznaczony na ostrzu tn\u0105cym jest zgodny z rzeczywistym kierunkiem obrot\u00f3w wrzeciona maszyny. U\u017cycie go w kierunku przeciwnym wp\u0142ynie na skuteczno\u015b\u0107 ci\u0119cia i \u017cywotno\u015b\u0107 ostrza.<\/li>\n<li><b>Wybierz odpowiednie ostrze:<\/b> U\u017cywaj wy\u0142\u0105cznie ostrzy tn\u0105cych, kt\u00f3re spe\u0142niaj\u0105 wymagania obrabiarki i warunki przetwarzania, aby unikn\u0105\u0107 awarii podczas obr\u00f3bki lub uszkodzenia sprz\u0119tu z powodu niezgodno\u015bci ze specyfikacjami.<\/li>\n<li><b>Natychmiast zatrzymaj maszyn\u0119: <\/b>Je\u017celi podczas obr\u00f3bki s\u0142ycha\u0107 nietypowe d\u017awi\u0119ki, wyst\u0119puj\u0105 drgania lub ci\u0119cie nie jest p\u0142ynne, nale\u017cy natychmiast zatrzyma\u0107 maszyn\u0119 i przed kontynuacj\u0105 pracy znale\u017a\u0107 przyczyn\u0119 problemu.<\/li>\n<li><b>Regularne przycinanie: <\/b>Je\u015bli zauwa\u017cysz spadek wydajno\u015bci ci\u0119cia, ostrze nale\u017cy przyci\u0105\u0107. Ci\u0105g\u0142e u\u017cywanie t\u0119pego ostrza mo\u017ce spowodowa\u0107 przegrzanie, przeci\u0105\u017cenie, a nawet p\u0119kni\u0119cie.<\/li>\n<li><b>Nie dotyka\u0107:<\/b> Podczas obracania si\u0119 no\u017ca do krojenia w kostk\u0119, kategorycznie zabrania si\u0119 dotykania go r\u0119koma lub innymi cz\u0119\u015bciami cia\u0142a, aby unikn\u0105\u0107 obra\u017ce\u0144 cia\u0142a.<\/li>\n<\/ul>\n<p><span style=\"font-size: 16px;\">Masz pytania? <\/span><a style=\"font-size: 16px; background-color: #ffffff;\" href=\"https:\/\/honwaygroup.com\/pl\/skontaktuj-sie-z-nami\/\" target=\"_blank\" rel=\"nofollow noopener\">Skontaktuj si\u0119 z Hongwei<\/a><\/p>\n<p>&nbsp;<\/p>\n","protected":false},"excerpt":{"rendered":"<ul>\n<li>Nadaje si\u0119 do precyzyjnego ci\u0119cia i przetwarzania p\u0142ytek krzemowych, wafl\u00f3w tlenkowych, w\u0119gliku krzemu (SIC), arsenku galu (GAA), fosflu galu i innych zwi\u0105zk\u00f3w.<\/li>\n<li>Kompozytowe arkusze krzemowe, materia\u0142y elektroniczne, \u017cywice, metale, ceramika, materia\u0142y kompozytowe itp.<\/li>\n<li>Nadaje si\u0119 do ci\u0119cia lub gniazda, szczeg\u00f3lnie do ci\u0119cia wafla i przetwarzania opakowa\u0144 p\u00f3\u0142przewodnikowych.<\/li>\n<li>U\u017cywany do etapu procesu pisma p\u00f3\u0142przewodnikowego.<\/li>\n<\/ul>\n<h5><span style=\"color: #ff0000;\"><strong>\u25b2 Zapraszamy do kontaktu z obs\u0142ug\u0105 klienta za po\u015brednictwem wiadomo\u015bci prywatnych w celu uzyskania odpowiedzi na pytania<\/strong><\/span><\/h5>\n<h5><span style=\"color: #ff0000;\"><strong>\u25b2<\/strong><strong>Je\u015bli potrzebujesz niestandardowego rozmiaru, skontaktuj si\u0119 z obs\u0142ug\u0105 klienta<\/strong><\/span><\/h5>\n<h5><span style=\"color: #ff0000;\"><strong>\u25b2 Przy wi\u0119kszych zam\u00f3wieniach mog\u0105 obowi\u0105zywa\u0107 zni\u017cki. W celu uzyskania informacji prosimy o kontakt z obs\u0142ug\u0105 klienta.<br \/>\n<\/strong><\/span><\/h5>\n<h5><span style=\"color: #ff0000;\"><strong>\u25b2Aby pozna\u0107 dat\u0119 dostawy zam\u00f3wienia, skontaktuj si\u0119 z obs\u0142ug\u0105 klienta:<span style=\"color: #3366ff;\"><a style=\"color: #3366ff;\" href=\"https:\/\/honwaygroup.com\/pl\/skontaktuj-sie-z-nami\/\">Kontakt Honway<\/a><\/span><\/strong><\/span><\/h5>\n","protected":false},"featured_media":121390,"template":"","meta":{"site-sidebar-layout":"default","site-content-layout":"","ast-site-content-layout":"default","site-content-style":"default","site-sidebar-style":"default","ast-global-header-display":"","ast-banner-title-visibility":"","ast-main-header-display":"","ast-hfb-above-header-display":"","ast-hfb-below-header-display":"","ast-hfb-mobile-header-display":"","site-post-title":"","ast-breadcrumbs-content":"","ast-featured-img":"","footer-sml-layout":"","ast-disable-related-posts":"","theme-transparent-header-meta":"default","adv-header-id-meta":"","stick-header-meta":"default","header-above-stick-meta":"","header-main-stick-meta":"","header-below-stick-meta":"","astra-migrate-meta-layouts":"default","ast-page-background-enabled":"default","ast-page-background-meta":{"desktop":{"background-color":"var(--ast-global-color-5)","background-image":"","background-repeat":"repeat","background-position":"center center","background-size":"auto","background-attachment":"scroll","background-type":"","background-media":"","overlay-type":"","overlay-color":"","overlay-opacity":"","overlay-gradient":""},"tablet":{"background-color":"","background-image":"","background-repeat":"repeat","background-position":"center center","background-size":"auto","background-attachment":"scroll","background-type":"","background-media":"","overlay-type":"","overlay-color":"","overlay-opacity":"","overlay-gradient":""},"mobile":{"background-color":"","background-image":"","background-repeat":"repeat","background-position":"center center","background-size":"auto","background-attachment":"scroll","background-type":"","background-media":"","overlay-type":"","overlay-color":"","overlay-opacity":"","overlay-gradient":""}},"ast-content-background-meta":{"desktop":{"background-color":"var(--ast-global-color-4)","background-image":"","background-repeat":"repeat","background-position":"center center","background-size":"auto","background-attachment":"scroll","background-type":"","background-media":"","overlay-type":"","overlay-color":"","overlay-opacity":"","overlay-gradient":""},"tablet":{"background-color":"var(--ast-global-color-4)","background-image":"","background-repeat":"repeat","background-position":"center center","background-size":"auto","background-attachment":"scroll","background-type":"","background-media":"","overlay-type":"","overlay-color":"","overlay-opacity":"","overlay-gradient":""},"mobile":{"background-color":"var(--ast-global-color-4)","background-image":"","background-repeat":"repeat","background-position":"center center","background-size":"auto","background-attachment":"scroll","background-type":"","background-media":"","overlay-type":"","overlay-color":"","overlay-opacity":"","overlay-gradient":""}}},"product_brand":[],"product_cat":[8526],"product_tag":[10302],"class_list":{"0":"post-121655","1":"product","2":"type-product","3":"status-publish","4":"has-post-thumbnail","6":"product_cat-polprzewodnik","7":"product_tag-noz-do-galwanizacji-plytek","8":"desktop-align-left","9":"tablet-align-left","10":"mobile-align-left","11":"ast-product-gallery-layout-horizontal-slider","12":"ast-product-tabs-layout-horizontal","14":"first","15":"instock","16":"taxable","17":"shipping-taxable","18":"product-type-simple"},"_links":{"self":[{"href":"https:\/\/honwaygroup.com\/pl\/wp-json\/wp\/v2\/product\/121655","targetHints":{"allow":["GET"]}}],"collection":[{"href":"https:\/\/honwaygroup.com\/pl\/wp-json\/wp\/v2\/product"}],"about":[{"href":"https:\/\/honwaygroup.com\/pl\/wp-json\/wp\/v2\/types\/product"}],"version-history":[{"count":0,"href":"https:\/\/honwaygroup.com\/pl\/wp-json\/wp\/v2\/product\/121655\/revisions"}],"wp:featuredmedia":[{"embeddable":true,"href":"https:\/\/honwaygroup.com\/pl\/wp-json\/wp\/v2\/media\/121390"}],"wp:attachment":[{"href":"https:\/\/honwaygroup.com\/pl\/wp-json\/wp\/v2\/media?parent=121655"}],"wp:term":[{"taxonomy":"product_brand","embeddable":true,"href":"https:\/\/honwaygroup.com\/pl\/wp-json\/wp\/v2\/product_brand?post=121655"},{"taxonomy":"product_cat","embeddable":true,"href":"https:\/\/honwaygroup.com\/pl\/wp-json\/wp\/v2\/product_cat?post=121655"},{"taxonomy":"product_tag","embeddable":true,"href":"https:\/\/honwaygroup.com\/pl\/wp-json\/wp\/v2\/product_tag?post=121655"}],"curies":[{"name":"wp","href":"https:\/\/api.w.org\/{rel}","templated":true}]}}