{"id":121651,"date":"2025-08-01T16:58:21","date_gmt":"2025-08-01T08:58:21","guid":{"rendered":"https:\/\/honwaygroup.com\/product\/noz-do-krojenia-opakowan-wafli-hwes25-noz-miekki\/"},"modified":"2025-08-12T14:59:40","modified_gmt":"2025-08-12T06:59:40","slug":"noz-do-krojenia-opakowan-wafli-hwes25-noz-miekki","status":"publish","type":"product","link":"https:\/\/honwaygroup.com\/pl\/produkt\/noz-do-krojenia-opakowan-wafli-hwes25-noz-miekki\/","title":{"rendered":"N\u00f3\u017c do krojenia opakowa\u0144 wafli HWES25 \u2013 n\u00f3\u017c mi\u0119kki"},"content":{"rendered":"<h1>N\u00f3\u017c do krojenia opakowa\u0144 wafli HWES25 \u2013 n\u00f3\u017c mi\u0119kki<\/h1>\n<h4><strong><span class=\"red\">Firma HonWay oferuje us\u0142ugi dostosowane do indywidualnych potrzeb,<br \/><\/span><\/strong><\/h4>\n<h4><strong><span class=\"red\">Wybierz n\u00f3\u017c do krojenia wafli, kt\u00f3ry b\u0119dzie dla Ciebie najodpowiedniejszy<\/span><\/strong><\/h4>\n<p>&nbsp;<\/p>\n<p>Nadaje si\u0119 do obr\u00f3bki materia\u0142\u00f3w twardych i kruchych, takich jak pod\u0142o\u017ca PCB, pod\u0142o\u017ca EMC, pod\u0142o\u017ca Chip LED, LTCC, PZT, TGG itp.<\/p>\n<p>Dost\u0119pne s\u0105 dwa materia\u0142y bazowe: <strong>\u017cywica i metal<\/strong>, aby sprosta\u0107 r\u00f3\u017cnorodnym potrzebom przetw\u00f3rczym.<\/p>\n<p>&nbsp;<\/p>\n<h2>Cechy:<\/h2>\n<ul>\n<li data-start=\"167\" data-end=\"239\">\n<p data-start=\"170\" data-end=\"239\"><strong data-start=\"170\" data-end=\"181\">Ultracienka, bardzo sztywna konstrukcja<\/strong>: ostrze ma wyj\u0105tkowo ma\u0142\u0105 grubo\u015b\u0107 i doskona\u0142\u0105 sztywno\u015b\u0107, co skutecznie zmniejsza szeroko\u015b\u0107 naci\u0119cia, a jednocze\u015bnie zapewnia wysok\u0105 dok\u0142adno\u015b\u0107 ci\u0119cia, co poprawia wykorzystanie materia\u0142u.<\/p>\n<\/li>\n<li data-start=\"241\" data-end=\"305\">\n<p data-start=\"244\" data-end=\"305\"><strong data-start=\"244\" data-end=\"257\">Dost\u0119pne s\u0105 trzy systemy wi\u0105za\u0144<\/strong>: \u017cywiczne, metalowe i galwanizowane, kt\u00f3re zapewniaj\u0105 optymaln\u0105 wydajno\u015b\u0107 ci\u0119cia i \u017cywotno\u015b\u0107 ostrza w zale\u017cno\u015bci od r\u00f3\u017cnych w\u0142a\u015bciwo\u015bci materia\u0142u i wymaga\u0144 przetwarzania.<\/p>\n<\/li>\n<li data-start=\"307\" data-end=\"376\">\n<p data-start=\"310\" data-end=\"376\"><strong data-start=\"310\" data-end=\"330\">Spoiwo elektroformowane zapewnia wysok\u0105 prostoliniowo\u015b\u0107 i du\u017c\u0105 pr\u0119dko\u015b\u0107 obr\u00f3bki<\/strong>: Zastosowanie nowej generacji bardzo wytrzyma\u0142ego spoiwa elektroformowanego nie tylko poprawia dok\u0142adno\u015b\u0107 ci\u0119cia i prostoliniowo\u015b\u0107, ale tak\u017ce radzi sobie z warunkami szybkiego podawania i zwi\u0119ksza wydajno\u015b\u0107 produkcji.<\/p>\n<\/li>\n<li data-start=\"378\" data-end=\"449\">\n<p data-start=\"381\" data-end=\"449\"><strong data-start=\"381\" data-end=\"400\">Regulowane st\u0119\u017cenie, r\u00f3wnowaga mi\u0119dzy jako\u015bci\u0105 a \u017cywotno\u015bci\u0105<\/strong>: Dost\u0119pne s\u0105 r\u00f3\u017cne poziomy st\u0119\u017cenia diament\u00f3w, co pozwala na precyzyjny dob\u00f3r w zale\u017cno\u015bci od zastosowania. Elastyczne kombinacje pozwalaj\u0105 spe\u0142ni\u0107 wymagania dotycz\u0105ce niskiego odpryskiwania i d\u0142ugiej \u017cywotno\u015bci, zwi\u0119kszaj\u0105c stabilno\u015b\u0107 obr\u00f3bki.<\/p>\n<\/li>\n<li data-start=\"451\" data-end=\"518\">\n<p data-start=\"454\" data-end=\"518\"><strong data-start=\"454\" data-end=\"471\">Du\u017ce mo\u017cliwo\u015bci dostosowania do materia\u0142\u00f3w trudnych w obr\u00f3bce<\/strong>: Specyfikacje p\u0142ytek mo\u017cna dostosowa\u0107 do potrzeb klienta, a specjalne technologie przetwarzania umo\u017cliwiaj\u0105 obr\u00f3bk\u0119 lepkich i kruchych materia\u0142\u00f3w kompozytowych, takich jak pod\u0142o\u017ca silikonowo-ceramiczne.<\/p>\n<\/li>\n<li data-start=\"520\" data-end=\"578\">\n<p data-start=\"523\" data-end=\"578\"><strong data-start=\"523\" data-end=\"534\">Doskona\u0142a jednorodno\u015b\u0107 grubo\u015bci:<\/strong> Specjalne procesy konsolidacji, spiekania i elektroformowania gwarantuj\u0105, \u017ce ca\u0142e ostrze zachowuje doskona\u0142\u0105 jednorodno\u015b\u0107 grubo\u015bci, gwarantuj\u0105c d\u0142ugoterminow\u0105, stabiln\u0105 jako\u015b\u0107 ci\u0119cia.<\/p>\n<\/li>\n<li data-start=\"580\" data-end=\"654\">\n<p data-start=\"583\" data-end=\"654\"><strong data-start=\"583\" data-end=\"597\">Szybkie ci\u0119cie<\/strong>: Mi\u0119kka konstrukcja ostrza pozwala na osi\u0105gni\u0119cie pr\u0119dko\u015bci ci\u0119cia 200 mm\/s i \u017cywotno\u015bci ponad 7000 m, dzi\u0119ki czemu ostrze to jest szczeg\u00f3lnie przydatne w przypadku wysoko wydajnego przetwarzania w \u015brodowiskach produkcji masowej.<\/p>\n<\/li>\n<\/ul>\n<h2>u\u017cywa\u0107:<\/h2>\n<ul>\n<li>Materia\u0142 bazowy na \u017cywicy: <span style=\"font-weight: 400;\">nadaje si\u0119 do obr\u00f3bki twardych materia\u0142\u00f3w.<\/span><\/li>\n<li>Pod\u0142o\u017ce metalowe: d\u0142u\u017csza \u017cywotno\u015b\u0107.<\/li>\n<li>Stosowany w procesie ci\u0119cia obud\u00f3w p\u00f3\u0142przewodnik\u00f3w.<\/li>\n<li><span style=\"font-weight: 400;\">Obr\u00f3bka materia\u0142\u00f3w trudnych w obr\u00f3bce, takich jak pod\u0142o\u017ca ceramiczne z silikonem.<\/span><\/li>\n<\/ul>\n<h2>Zastosowanie:<\/h2>\n<ul>\n<li><span style=\"font-weight: 400;\">Nadaje si\u0119 do ci\u0119cia ceramiki, materia\u0142\u00f3w kruchych, szk\u0142a optycznego, p\u0142ytek drukowanych, element\u00f3w elektronicznych, a w szczeg\u00f3lno\u015bci do obud\u00f3w p\u00f3\u0142przewodnik\u00f3w.<\/span><\/li>\n<li>Nadaje si\u0119 do pod\u0142o\u017cy PCB, pod\u0142o\u017cy EMC, pod\u0142o\u017cy diod LED Chip oraz materia\u0142\u00f3w twardych i kruchych, takich jak LTCC, PZT i TGG.<\/li>\n<\/ul>\n<h4><strong>Przy sk\u0142adaniu zam\u00f3wienia na no\u017ce do krojenia prosimy o podanie nast\u0119puj\u0105cych informacji:<\/strong><\/h4>\n<ul>\n<li>Kszta\u0142t i wymiary ostrza:<\/li>\n<li><span style=\"font-weight: 400;\">\u015arednica zewn\u0119trzna (mm): na przyk\u0142ad: 65<\/span><\/li>\n<li><span style=\"font-weight: 400;\">Grubo\u015b\u0107 (mm)<\/span>: na przyk\u0142ad: 0,08<\/li>\n<li><span style=\"font-weight: 400;\">Tolerancja grubo\u015bci (mm)<\/span>: Na przyk\u0142ad: <span style=\"font-weight: 400;\">B \u00b10,010<\/span><\/li>\n<li>Rozmiar ziarna: na przyk\u0142ad: #800<\/li>\n<li>Agent wi\u0105zania: na przyk\u0142ad:<span style=\"font-weight: 400;\"> n uniwersalny typ<\/span><\/li>\n<li>St\u0119\u017cenie: na przyk\u0142ad: 130<\/li>\n<li><span style=\"font-weight: 400;\">Liczba miejsc: na przyk\u0142ad: S16<\/span><\/li>\n<li>U\u017cywa: substrat PCB, substrat EMC<\/li>\n<li>Ilo\u015b\u0107 i czas dostawy:<\/li>\n<li>Pr\u0119dko\u015b\u0107 i warunki przetwarzania:<\/li>\n<li>Model urz\u0105dzenia przetw\u00f3rczego:<\/li>\n<li>Wi\u0119kszo\u015b\u0107 producent\u00f3w zaznaczy nast\u0119puj\u0105ce informacje na temat no\u017ca ci\u0119cia, specyfikacja Przyk\u0142ad: 56 \u00d7 0,08b \u00d7 40 800H130S16<\/li>\n<\/ul>\n<table>\n<tbody>\n<tr>\n<td><span style=\"font-weight: 400;\">\u015arednica zewn\u0119trzna (mm)<\/span><\/td>\n<td><span style=\"font-weight: 400;\">Grubo\u015b\u0107 (mm)<\/span><\/td>\n<td><span style=\"font-weight: 400;\">Tolerancja grubo\u015bci (mm)<\/span><\/td>\n<td><span style=\"font-weight: 400;\">\u015arednica wewn\u0119trzna (mm)<\/span><\/td>\n<td><span style=\"font-weight: 400;\">granularno\u015b\u0107<\/span><\/td>\n<td><span style=\"font-weight: 400;\">spoiwo<\/span><\/td>\n<td><span style=\"font-weight: 400;\">St\u0119\u017cenie (st\u0119\u017cenie obj\u0119to\u015bciowe)<\/span><\/td>\n<td><span style=\"font-weight: 400;\">Liczba gniazd (szt.)<\/span><\/td>\n<\/tr>\n<tr>\n<td><span style=\"font-weight: 400;\">50<\/span><\/p>\n<p><span style=\"font-weight: 400;\">52<\/span><\/p>\n<p><span style=\"font-weight: 400;\">54<\/span><\/p>\n<p><span style=\"font-weight: 400;\">56<\/span><\/p>\n<p><span style=\"font-weight: 400;\">58<\/span><\/p>\n<p><span style=\"font-weight: 400;\">59<\/span><\/td>\n<td><span style=\"font-weight: 400;\">0.02<\/span><\/p>\n<p><span style=\"font-weight: 400;\">0.04<\/span><\/p>\n<p><span style=\"font-weight: 400;\">0.06<\/span><\/p>\n<p><span style=\"font-weight: 400;\">0.08<\/span><\/p>\n<p><span style=\"font-weight: 400;\">0.10<\/span><\/p>\n<p><span style=\"font-weight: 400;\">0.12<\/span><\/p>\n<p><span style=\"font-weight: 400;\">0.14<\/span><\/p>\n<p><span style=\"font-weight: 400;\">0.16<\/span><\/p>\n<p><span style=\"font-weight: 400;\">0.18<\/span><\/p>\n<p><span style=\"font-weight: 400;\">0.20<\/span><\/p>\n<p><span style=\"font-weight: 400;\">0.22<\/span><\/p>\n<p><span style=\"font-weight: 400;\">0.24<\/span><\/p>\n<p><span style=\"font-weight: 400;\">0.26<\/span><\/p>\n<p><span style=\"font-weight: 400;\">0.28<\/span><\/td>\n<td><span style=\"font-weight: 400;\">P \u00b10.003<\/span><\/p>\n<p><span style=\"font-weight: 400;\">A \u00b10.005<\/span><\/p>\n<p><span style=\"font-weight: 400;\">B \u00b10.010<\/span><\/p>\n<p><span style=\"font-weight: 400;\">C \u00b10.015<\/span><\/td>\n<td><span style=\"font-weight: 400;\">10<\/span><\/td>\n<td><span style=\"font-weight: 400;\">#340<\/span><\/p>\n<p><span style=\"font-weight: 400;\">#400<\/span><\/p>\n<p><span style=\"font-weight: 400;\">#500<\/span><\/p>\n<p><span style=\"font-weight: 400;\">#600<\/span><\/p>\n<p><span style=\"font-weight: 400;\">#800<\/span><\/p>\n<p><span style=\"font-weight: 400;\">#1000<\/span><\/p>\n<p><span style=\"font-weight: 400;\">#12<\/span><\/p>\n<p><span style=\"font-weight: 400;\">00<\/span><\/td>\n<td><span style=\"font-weight: 400;\">Typ S Ostry<\/span><\/p>\n<p><span style=\"font-weight: 400;\">Typ N Og\u00f3lny<\/span><\/p>\n<p><span style=\"font-weight: 400;\">Typ H Wysoka Wytrzyma\u0142o\u015b\u0107<\/span><\/td>\n<td><span style=\"font-weight: 400;\">30<\/span><\/p>\n<p><span style=\"font-weight: 400;\">50<\/span><\/p>\n<p><span style=\"font-weight: 400;\">70<\/span><\/p>\n<p><span style=\"font-weight: 400;\">90<\/span><\/p>\n<p><span style=\"font-weight: 400;\">110<\/span><\/p>\n<p><span style=\"font-weight: 400;\">130<\/span><\/p>\n<p><span style=\"font-weight: 400;\">150<\/span><\/td>\n<td><span style=\"font-weight: 400;\">S16<\/span><\/p>\n<p><span style=\"font-weight: 400;\">S32<\/span><\/p>\n<p><span style=\"font-weight: 400;\">S48<\/span><\/td>\n<\/tr>\n<\/tbody>\n<\/table>\n<h2>Przyk\u0142adowe obrazy:<\/h2>\n<p><a href=\"https:\/\/honwaygroup.com\/wp-content\/uploads\/2025\/04\/1A1.jpg\"><img fetchpriority=\"high\" decoding=\"async\" class=\"size-full wp-image-93178 aligncenter\" src=\"https:\/\/honwaygroup.com\/wp-content\/uploads\/2025\/04\/1A1.jpg\" alt=\"\" width=\"520\" height=\"198\"><\/a><\/p>\n<p>&nbsp;<\/p>\n<h2>Zalety techniczne produktu:<\/h2>\n<p>Starannie wyselekcjonowane, bardzo zwarte kryszta\u0142y diament\u00f3w i r\u00f3wnomierny rozk\u0142ad wielko\u015bci cz\u0105stek zapewniaj\u0105 czysto\u015b\u0107 powierzchni i stabilno\u015b\u0107 ci\u0119cia, co przek\u0142ada si\u0119 na lepsz\u0105 wydajno\u015b\u0107 gotowego produktu.<\/p>\n<p><a href=\"https:\/\/honwaygroup.com\/wp-content\/uploads\/2025\/08\/%E5%9C%96%E7%89%871.avif\"><img decoding=\"async\" class=\"alignnone wp-image-121156 size-full\" src=\"https:\/\/honwaygroup.com\/wp-content\/uploads\/2025\/08\/%E5%9C%96%E7%89%871.avif\" alt=\"\" width=\"495\" height=\"330\"><\/a><\/p>\n<p>Dzi\u0119ki precyzyjnej kontroli koncentracji diament\u00f3w seria HWE25 skutecznie r\u00f3wnowa\u017cy stabilno\u015b\u0107 procesu i \u017cywotno\u015b\u0107 narz\u0119dzia, zapewniaj\u0105c wyj\u0105tkow\u0105 wydajno\u015b\u0107 w ograniczaniu odpryskiwania p\u0142ytek i osi\u0105gaj\u0105c wysok\u0105 wydajno\u015b\u0107 i niezawodno\u015b\u0107 ci\u0119cia.<\/p>\n<p><a href=\"https:\/\/honwaygroup.com\/wp-content\/uploads\/2025\/08\/%E5%9C%96%E7%89%873.avif\"><img decoding=\"async\" class=\"alignnone wp-image-121165 size-full\" src=\"https:\/\/honwaygroup.com\/wp-content\/uploads\/2025\/08\/%E5%9C%96%E7%89%873.avif\" alt=\"\" width=\"467\" height=\"325\"><\/a><\/p>\n<p>Doskona\u0142a stabilno\u015b\u0107 chemiczna kraw\u0119dzi tn\u0105cej skutecznie zapobiega ryzyku korozji w \u015brodowiskach wilgotnych lub z u\u017cyciem CO\u2082, co znacznie wyd\u0142u\u017ca \u017cywotno\u015b\u0107 ostrza.<\/p>\n<p><a href=\"https:\/\/honwaygroup.com\/wp-content\/uploads\/2025\/08\/%E6%95%B8%E6%93%9A%E5%9C%96-02.avif\"><img loading=\"lazy\" decoding=\"async\" class=\"alignnone wp-image-121355\" src=\"https:\/\/honwaygroup.com\/wp-content\/uploads\/2025\/08\/%E6%95%B8%E6%93%9A%E5%9C%96-02-1024x709.jpg\" alt=\"\" width=\"467\" height=\"323\"><\/a><\/p>\n<p><strong data-start=\"465\" data-end=\"486\">Bardzo w\u0105ska szeroko\u015b\u0107 szczeliny, wynosz\u0105ca zaledwie 10 \u03bcm<\/strong>, spe\u0142nia wymagania ci\u0119cia uk\u0142ad\u00f3w o du\u017cej g\u0119sto\u015bci i wafli o w\u0105skich blokach, takich jak diody LED GaAs, poprawiaj\u0105c wykorzystanie wafli i redukuj\u0105c straty materia\u0142u.<\/p>\n<p><a href=\"https:\/\/honwaygroup.com\/wp-content\/uploads\/2025\/08\/%E5%9C%96%E7%89%876.avif\"><img loading=\"lazy\" decoding=\"async\" class=\"alignnone wp-image-121192 size-full\" src=\"https:\/\/honwaygroup.com\/wp-content\/uploads\/2025\/08\/%E5%9C%96%E7%89%876.avif\" alt=\"\" width=\"467\" height=\"338\"><\/a><\/p>\n<p>Nadaje si\u0119 do \u015brodowisk pracy o du\u017cej pr\u0119dko\u015bci, mo\u017ce skutecznie zapobiega\u0107 zjawiskom odchyle\u0144, takim jak \u201ew\u0119\u017cowe wzory\u201d podczas ci\u0119cia, zapewniaj\u0105c jednocze\u015bnie dobr\u0105 pionowo\u015b\u0107 i jednorodno\u015b\u0107 \u015bcianek bocznych ziaren.<\/p>\n<p><a href=\"https:\/\/honwaygroup.com\/wp-content\/uploads\/2025\/08\/%E5%9C%96%E7%89%877.avif\"><img loading=\"lazy\" decoding=\"async\" class=\"alignnone wp-image-121201 size-full\" src=\"https:\/\/honwaygroup.com\/wp-content\/uploads\/2025\/08\/%E5%9C%96%E7%89%877.avif\" alt=\"\" width=\"501\" height=\"332\"><\/a><\/p>\n<h2>Przyk\u0142ady zastosowa\u0144:<\/h2>\n<p><a href=\"https:\/\/honwaygroup.com\/wp-content\/uploads\/2025\/08\/%E5%9C%96%E7%89%8710.avif\"><img loading=\"lazy\" decoding=\"async\" class=\"alignnone wp-image-121282 size-full\" src=\"https:\/\/honwaygroup.com\/wp-content\/uploads\/2025\/08\/%E5%9C%96%E7%89%8710.avif\" alt=\"\" width=\"410\" height=\"179\"><\/a><\/p>\n<p>Pod\u0142o\u017ce PCB, bez metalowych burr lub ko\u0142nierzy, bez rysowania drutu lub ko\u0142nierzy z boku<\/p>\n<h2>Uwagi:<\/h2>\n<ul>\n<li><b>Sprawd\u017a n\u00f3\u017c do krojenia w kostk\u0119: <\/b>Przed monta\u017cem dok\u0142adnie sprawd\u017a, czy n\u00f3\u017c do krojenia w kostk\u0119 nie ma p\u0119kni\u0119\u0107 ani szczelin. W przypadku stwierdzenia uszkodze\u0144 nale\u017cy natychmiast zaprzesta\u0107 jego u\u017cywania, aby zapobiec niebezpiecze\u0144stwu.<\/li>\n<li><b>Sprawd\u017a kierunek obrot\u00f3w: <\/b>Upewnij si\u0119, \u017ce kierunek obrot\u00f3w zaznaczony na ostrzu tn\u0105cym jest zgodny z rzeczywistym kierunkiem obrot\u00f3w wrzeciona maszyny. U\u017cycie go w kierunku przeciwnym wp\u0142ynie na skuteczno\u015b\u0107 ci\u0119cia i \u017cywotno\u015b\u0107 ostrza.<\/li>\n<li><b>Wybierz odpowiednie ostrze:<\/b> U\u017cywaj wy\u0142\u0105cznie ostrzy tn\u0105cych, kt\u00f3re spe\u0142niaj\u0105 wymagania obrabiarki i warunki przetwarzania, aby unikn\u0105\u0107 awarii podczas obr\u00f3bki lub uszkodzenia sprz\u0119tu z powodu niezgodno\u015bci ze specyfikacjami.<\/li>\n<li><b>Natychmiast zatrzymaj maszyn\u0119: <\/b>Je\u017celi podczas obr\u00f3bki s\u0142ycha\u0107 nietypowe d\u017awi\u0119ki, wyst\u0119puj\u0105 drgania lub ci\u0119cie nie jest p\u0142ynne, nale\u017cy natychmiast zatrzyma\u0107 maszyn\u0119 i przed kontynuacj\u0105 pracy znale\u017a\u0107 przyczyn\u0119 problemu.<\/li>\n<li><b>Regularne przycinanie: <\/b>Je\u015bli zauwa\u017cysz spadek wydajno\u015bci ci\u0119cia, ostrze nale\u017cy przyci\u0105\u0107. Ci\u0105g\u0142e u\u017cywanie t\u0119pego ostrza mo\u017ce spowodowa\u0107 przegrzanie, przeci\u0105\u017cenie, a nawet p\u0119kni\u0119cie.<\/li>\n<li><b>Nie dotyka\u0107:<\/b> Podczas obracania si\u0119 no\u017ca do krojenia w kostk\u0119, kategorycznie zabrania si\u0119 dotykania go r\u0119koma lub innymi cz\u0119\u015bciami cia\u0142a, aby unikn\u0105\u0107 obra\u017ce\u0144 cia\u0142a.<\/li>\n<\/ul>\n<p><span style=\"font-size: 16px;\">Masz pytanie? <\/span><a style=\"font-size: 16px; background-color: #ffffff;\" href=\"https:\/\/honwaygroup.com\/pl\/skontaktuj-sie-z-nami\/\" target=\"_blank\" rel=\"nofollow noopener\">Skontaktuj si\u0119 z nami!<\/a><\/p>\n","protected":false},"excerpt":{"rendered":"<p>Nadaje si\u0119 do przetwarzania wafl\u00f3w p\u00f3\u0142przewodnik\u00f3w, pod\u0142o\u017c\u00f3w opakowaniowych oraz r\u00f3\u017cnych twardych i kruchych materia\u0142\u00f3w, takich jak LTCC, PZT i TGG.<br \/>\nZapewnia dwa pod\u0142o\u017ca, takie jak <strong>\u017cywica i metal,<\/strong> aby zaspokoi\u0107 r\u00f3\u017cne potrzeby przetwarzania.<\/p>\n<ul>\n<li>Materia\u0142 bazowy na \u017cywicy: <span style=\"font-weight: 400;\">nadaje si\u0119 do obr\u00f3bki twardych materia\u0142\u00f3w.<\/span><\/li>\n<li>Pod\u0142o\u017ce metalowe: d\u0142u\u017csza \u017cywotno\u015b\u0107.<\/li>\n<\/ul>\n<h5><span style=\"color: #ff0000;\"><strong>\u25b2 Zapraszamy do kontaktu z obs\u0142ug\u0105 klienta za po\u015brednictwem wiadomo\u015bci prywatnych w celu uzyskania odpowiedzi na pytania<\/strong><\/span><\/h5>\n<h5><span style=\"color: #ff0000;\"><strong>\u25b2<\/strong><strong>Je\u015bli potrzebujesz niestandardowego rozmiaru, skontaktuj si\u0119 z obs\u0142ug\u0105 klienta<\/strong><\/span><\/h5>\n<h5><span style=\"color: #ff0000;\"><strong>\u25b2 Przy wi\u0119kszych zam\u00f3wieniach istnieje mo\u017cliwo\u015b\u0107 uzyskania rabatu, prosimy o kontakt z obs\u0142ug\u0105 klienta.<br \/>\n<\/strong><\/span><\/h5>\n<h5><span style=\"color: #ff0000;\"><strong>\u25b2Aby pozna\u0107 dat\u0119 dostawy zam\u00f3wienia, skontaktuj si\u0119 z obs\u0142ug\u0105 klienta:<span style=\"color: #3366ff;\"><a style=\"color: #3366ff;\" href=\"https:\/\/honwaygroup.com\/pl\/skontaktuj-sie-z-nami\/\">Kontakt Honway<\/a><\/span><\/strong><\/span><\/h5>\n","protected":false},"featured_media":121298,"template":"","meta":{"site-sidebar-layout":"default","site-content-layout":"","ast-site-content-layout":"default","site-content-style":"default","site-sidebar-style":"default","ast-global-header-display":"","ast-banner-title-visibility":"","ast-main-header-display":"","ast-hfb-above-header-display":"","ast-hfb-below-header-display":"","ast-hfb-mobile-header-display":"","site-post-title":"","ast-breadcrumbs-content":"","ast-featured-img":"","footer-sml-layout":"","ast-disable-related-posts":"","theme-transparent-header-meta":"default","adv-header-id-meta":"","stick-header-meta":"default","header-above-stick-meta":"","header-main-stick-meta":"","header-below-stick-meta":"","astra-migrate-meta-layouts":"default","ast-page-background-enabled":"default","ast-page-background-meta":{"desktop":{"background-color":"var(--ast-global-color-5)","background-image":"","background-repeat":"repeat","background-position":"center center","background-size":"auto","background-attachment":"scroll","background-type":"","background-media":"","overlay-type":"","overlay-color":"","overlay-opacity":"","overlay-gradient":""},"tablet":{"background-color":"","background-image":"","background-repeat":"repeat","background-position":"center center","background-size":"auto","background-attachment":"scroll","background-type":"","background-media":"","overlay-type":"","overlay-color":"","overlay-opacity":"","overlay-gradient":""},"mobile":{"background-color":"","background-image":"","background-repeat":"repeat","background-position":"center center","background-size":"auto","background-attachment":"scroll","background-type":"","background-media":"","overlay-type":"","overlay-color":"","overlay-opacity":"","overlay-gradient":""}},"ast-content-background-meta":{"desktop":{"background-color":"var(--ast-global-color-4)","background-image":"","background-repeat":"repeat","background-position":"center center","background-size":"auto","background-attachment":"scroll","background-type":"","background-media":"","overlay-type":"","overlay-color":"","overlay-opacity":"","overlay-gradient":""},"tablet":{"background-color":"var(--ast-global-color-4)","background-image":"","background-repeat":"repeat","background-position":"center center","background-size":"auto","background-attachment":"scroll","background-type":"","background-media":"","overlay-type":"","overlay-color":"","overlay-opacity":"","overlay-gradient":""},"mobile":{"background-color":"var(--ast-global-color-4)","background-image":"","background-repeat":"repeat","background-position":"center center","background-size":"auto","background-attachment":"scroll","background-type":"","background-media":"","overlay-type":"","overlay-color":"","overlay-opacity":"","overlay-gradient":""}}},"product_brand":[],"product_cat":[8526],"product_tag":[10300],"class_list":{"0":"post-121651","1":"product","2":"type-product","3":"status-publish","4":"has-post-thumbnail","6":"product_cat-polprzewodnik","7":"product_tag-----pl","8":"desktop-align-left","9":"tablet-align-left","10":"mobile-align-left","11":"ast-product-gallery-layout-horizontal-slider","12":"ast-product-tabs-layout-horizontal","14":"first","15":"instock","16":"taxable","17":"shipping-taxable","18":"product-type-simple"},"_links":{"self":[{"href":"https:\/\/honwaygroup.com\/pl\/wp-json\/wp\/v2\/product\/121651","targetHints":{"allow":["GET"]}}],"collection":[{"href":"https:\/\/honwaygroup.com\/pl\/wp-json\/wp\/v2\/product"}],"about":[{"href":"https:\/\/honwaygroup.com\/pl\/wp-json\/wp\/v2\/types\/product"}],"version-history":[{"count":0,"href":"https:\/\/honwaygroup.com\/pl\/wp-json\/wp\/v2\/product\/121651\/revisions"}],"wp:featuredmedia":[{"embeddable":true,"href":"https:\/\/honwaygroup.com\/pl\/wp-json\/wp\/v2\/media\/121298"}],"wp:attachment":[{"href":"https:\/\/honwaygroup.com\/pl\/wp-json\/wp\/v2\/media?parent=121651"}],"wp:term":[{"taxonomy":"product_brand","embeddable":true,"href":"https:\/\/honwaygroup.com\/pl\/wp-json\/wp\/v2\/product_brand?post=121651"},{"taxonomy":"product_cat","embeddable":true,"href":"https:\/\/honwaygroup.com\/pl\/wp-json\/wp\/v2\/product_cat?post=121651"},{"taxonomy":"product_tag","embeddable":true,"href":"https:\/\/honwaygroup.com\/pl\/wp-json\/wp\/v2\/product_tag?post=121651"}],"curies":[{"name":"wp","href":"https:\/\/api.w.org\/{rel}","templated":true}]}}