{"id":121604,"date":"2025-08-05T13:31:57","date_gmt":"2025-08-05T05:31:57","guid":{"rendered":"https:\/\/honwaygroup.com\/product\/hws25-%ec%9b%a8%ec%9d%b4%ed%8d%bc-%ed%8c%a8%ed%82%a4%ec%a7%95-%ec%8a%ac%eb%9d%bc%ec%9d%b4%ec%8b%b1-%eb%82%98%ec%9d%b4%ed%94%84-%ed%95%98%eb%93%9c-%eb%82%98%ec%9d%b4%ed%94%84\/"},"modified":"2025-08-12T14:56:40","modified_gmt":"2025-08-12T06:56:40","slug":"hws25-%ec%9b%a8%ec%9d%b4%ed%8d%bc-%ed%8c%a8%ed%82%a4%ec%a7%95-%ec%8a%ac%eb%9d%bc%ec%9d%b4%ec%8b%b1-%eb%82%98%ec%9d%b4%ed%94%84-%ed%95%98%eb%93%9c-%eb%82%98%ec%9d%b4%ed%94%84","status":"publish","type":"product","link":"https:\/\/honwaygroup.com\/pl\/produkt\/hws25-%ec%9b%a8%ec%9d%b4%ed%8d%bc-%ed%8c%a8%ed%82%a4%ec%a7%95-%ec%8a%ac%eb%9d%bc%ec%9d%b4%ec%8b%b1-%eb%82%98%ec%9d%b4%ed%94%84-%ed%95%98%eb%93%9c-%eb%82%98%ec%9d%b4%ed%94%84\/","title":{"rendered":"N\u00f3\u017c do krojenia opakowa\u0144 wafli HWS25 \u2013 n\u00f3\u017c twardy"},"content":{"rendered":"<h1>N\u00f3\u017c do krojenia opakowa\u0144 wafli HWS25 \u2013 n\u00f3\u017c twardy<\/h1>\n<h4><strong><span class=\"red\">Firma HonWay oferuje us\u0142ugi dostosowane do indywidualnych potrzeb,<br \/><\/span><\/strong><\/h4>\n<h4><strong><span class=\"red\">Wybierz n\u00f3\u017c do krojenia wafli, kt\u00f3ry b\u0119dzie dla Ciebie najodpowiedniejszy<\/span><\/strong><\/h4>\n<p>&nbsp;<\/p>\n<p>Nadaje si\u0119 do obr\u00f3bki p\u0142ytek p\u00f3\u0142przewodnikowych, pod\u0142o\u017cy opakowaniowych, ceramicznych pod\u0142o\u017cy LED, pod\u0142o\u017cy opakowaniowych p\u00f3\u0142przewodnik\u00f3w, PZT, TGG oraz r\u00f3\u017cnych twardych i kruchych materia\u0142\u00f3w.<\/p>\n<p>Dost\u0119pne s\u0105 dwa materia\u0142y bazowe: <strong>\u017cywica i metal<\/strong>, aby sprosta\u0107 r\u00f3\u017cnorodnym potrzebom przetw\u00f3rczym.<\/p>\n<h2>Cechy:<\/h2>\n<ul>\n<li data-start=\"82\" data-end=\"105\"><strong data-start=\"89\" data-end=\"103\">Wysoka odporno\u015b\u0107 na zu\u017cycie i stabilno\u015b\u0107 ostrza:<\/strong> Narz\u0119dzie charakteryzuje si\u0119 doskona\u0142\u0105 odporno\u015bci\u0105 na zu\u017cycie i stabilno\u015bci\u0105 strukturaln\u0105, co pozwala skutecznie kontrolowa\u0107 boczne uskoki cz\u0105stek p\u0142ytki, zapewnia sp\u00f3jny rozmiar cz\u0105stek, poprawia wydajno\u015b\u0107 ci\u0119cia i stabilno\u015b\u0107 procesu.<\/li>\n<li data-start=\"82\" data-end=\"105\">\n<p data-start=\"163\" data-end=\"184\"><strong data-start=\"170\" data-end=\"182\">\u015acis\u0142a kontrola surowc\u00f3w diamentowych:<\/strong> Zastosowanie proszku diamentowego o wysokiej czysto\u015bci i bardzo w\u0105skim rozk\u0142adzie wielko\u015bci cz\u0105stek, w po\u0142\u0105czeniu z precyzyjn\u0105 technologi\u0105 wykrywania, skutecznie eliminuje du\u017ce cz\u0105stki, d\u0142ugie pr\u0119ty oraz cz\u0105stki p\u0142atkowe i o nieregularnym kszta\u0142cie, znacznie zmniejszaj\u0105c ryzyko odpryskiwania na przedniej stronie wafla.<\/p>\n<\/li>\n<li data-start=\"82\" data-end=\"105\">\n<p data-start=\"163\" data-end=\"184\"><strong data-start=\"253\" data-end=\"265\">Konstrukcja ostrza o ultrawysokiej wytrzyma\u0142o\u015bci:<\/strong> Unikalny proces galwanizacji zapewnia wyj\u0105tkowo wysok\u0105 wytrzyma\u0142o\u015b\u0107 ostrza, zapobiegaj\u0105c przecinaniu serpentynowemu. Pozwala to zachowa\u0107 pionow\u0105 pozycj\u0119 nawet podczas ci\u0119cia grubych p\u0142ytek, zapobiegaj\u0105c ci\u0119ciom pod k\u0105tem i zapewniaj\u0105c stabiln\u0105 obr\u00f3bk\u0119 pod du\u017cym obci\u0105\u017ceniem.<\/p>\n<\/li>\n<li data-start=\"82\" data-end=\"105\">\n<p data-start=\"355\" data-end=\"380\"><strong data-start=\"362\" data-end=\"378\">Precyzyjna technologia zapobiegaj\u0105ca odpryskom i p\u0119kni\u0119ciom tylnej strony:<\/strong> Ten proces ci\u0119cia zosta\u0142 opracowany specjalnie dla ultracienkich p\u0142ytek i ma\u0142ych p\u0142ytek matrycowych. Skutecznie zapobiega odpryskom i p\u0119kni\u0119ciom tylnej strony, poprawiaj\u0105c integralno\u015b\u0107 i jako\u015b\u0107 przetwarzania gotowego produktu.<\/p>\n<\/li>\n<\/ul>\n<h2>u\u017cywa\u0107:<\/h2>\n<ul>\n<li>Materia\u0142 bazowy na \u017cywicy: <span style=\"font-weight: 400;\">nadaje si\u0119 do obr\u00f3bki twardych materia\u0142\u00f3w.<\/span><\/li>\n<li>Pod\u0142o\u017ce metalowe: d\u0142u\u017csza \u017cywotno\u015b\u0107.<\/li>\n<li>Stosowany w procesie ci\u0119cia obud\u00f3w p\u00f3\u0142przewodnik\u00f3w.<\/li>\n<li><span style=\"font-weight: 400;\">Obr\u00f3bka materia\u0142\u00f3w trudnych w obr\u00f3bce, takich jak pod\u0142o\u017ca ceramiczne z silikonem.<\/span><\/li>\n<\/ul>\n<h2>Zastosowanie:<\/h2>\n<ul>\n<li><span style=\"font-weight: 400;\">Nadaje si\u0119 do ceramicznych pod\u0142o\u017cy LED, pod\u0142o\u017cy obud\u00f3w p\u00f3\u0142przewodnik\u00f3w oraz materia\u0142\u00f3w twardych i kruchych, takich jak PZT i TGG.<\/span><\/li>\n<\/ul>\n<h4><strong>Przy sk\u0142adaniu zam\u00f3wienia na no\u017ce do krojenia prosimy o podanie nast\u0119puj\u0105cych informacji:<\/strong><\/h4>\n<ul>\n<li>Kszta\u0142t i wymiary ostrza:<\/li>\n<li><span style=\"font-weight: 400;\">\u015arednica zewn\u0119trzna (mm): Na przyk\u0142ad: 58<\/span><\/li>\n<li><span style=\"font-weight: 400;\">Ekspozycja (mm): 4,0<\/span><\/li>\n<li><span style=\"font-weight: 400;\">Grubo\u015b\u0107 (mm)<\/span>: Na przyk\u0142ad: 0,20<\/li>\n<li><span style=\"font-weight: 400;\">Tolerancja grubo\u015bci (mm)<\/span>: Na przyk\u0142ad: <span style=\"font-weight: 400;\">B \u00b10,010<\/span><\/li>\n<li>Granularno\u015b\u0107: Na przyk\u0142ad: #400<\/li>\n<li>Spoiwo: Na przyk\u0142ad: <span style=\"font-weight: 400;\">S krzy\u017cyk<\/span><\/li>\n<li>Koncentracja: Na przyk\u0142ad: 30<\/li>\n<li><span style=\"font-weight: 400;\">Ilo\u015b\u0107 slot\u00f3w (szt.): Na przyk\u0142ad: S48<\/span><\/li>\n<li>Zastosowanie: <span style=\"font-weight: 400;\">Ceramiczne pod\u0142o\u017ce LED<\/span><\/li>\n<li>Ilo\u015b\u0107 i czas dostawy:<\/li>\n<li>Pr\u0119dko\u015b\u0107 i warunki przetwarzania:<\/li>\n<li>Model urz\u0105dzenia przetw\u00f3rczego:<\/li>\n<li>Wi\u0119kszo\u015b\u0107 producent\u00f3w umieszcza na no\u017cu do krojenia nast\u0119puj\u0105ce informacje. Przyk\u0142adowe parametry: 58\u00d74,0\u00d70,2B 400S30S48<\/li>\n<\/ul>\n<table>\n<tbody>\n<tr>\n<td><span style=\"font-weight: 400;\">\u015arednica zewn\u0119trzna (mm)<\/span><\/td>\n<td><span style=\"font-weight: 400;\">Ekspozycja (mm)<\/span><\/td>\n<td><span style=\"font-weight: 400;\">Grubo\u015b\u0107 (mm)<\/span><\/td>\n<td><span style=\"font-weight: 400;\">Tolerancja grubo\u015bci (mm)<\/span><\/td>\n<td><span style=\"font-weight: 400;\">granularno\u015b\u0107<\/span><\/td>\n<td><span style=\"font-weight: 400;\">spoiwo<\/span><\/td>\n<td><span style=\"font-weight: 400;\">St\u0119\u017cenie (st\u0119\u017cenie obj\u0119to\u015bciowe)<\/span><\/td>\n<td><span style=\"font-weight: 400;\">Liczba gniazd (szt.)<\/span><\/td>\n<\/tr>\n<tr>\n<td><span style=\"font-weight: 400;\">56<\/span><\/p>\n<p><span style=\"font-weight: 400;\">58<\/span><\/td>\n<td><span style=\"font-weight: 400;\">2.0<\/span><\/p>\n<p><span style=\"font-weight: 400;\">2.2<\/span><\/p>\n<p><span style=\"font-weight: 400;\">2.4<\/span><\/p>\n<p><span style=\"font-weight: 400;\">2.6<\/span><\/p>\n<p><span style=\"font-weight: 400;\">2.8<\/span><\/p>\n<p><span style=\"font-weight: 400;\">3.0<\/span><\/p>\n<p><span style=\"font-weight: 400;\">3.2<\/span><\/p>\n<p><span style=\"font-weight: 400;\">3.4<\/span><\/p>\n<p><span style=\"font-weight: 400;\">3.6<\/span><\/p>\n<p><span style=\"font-weight: 400;\">3.8<\/span><\/p>\n<p><span style=\"font-weight: 400;\">4.0<\/span><\/p>\n<p><span style=\"font-weight: 400;\">4.2<\/span><\/p>\n<p><span style=\"font-weight: 400;\">4.4<\/span><\/p>\n<p><span style=\"font-weight: 400;\">4.6<\/span><\/td>\n<td><span style=\"font-weight: 400;\">0.06<\/span><\/p>\n<p><span style=\"font-weight: 400;\">0.08<\/span><\/p>\n<p><span style=\"font-weight: 400;\">0.10<\/span><\/p>\n<p><span style=\"font-weight: 400;\">0.12<\/span><\/p>\n<p><span style=\"font-weight: 400;\">0.14<\/span><\/p>\n<p><span style=\"font-weight: 400;\">0.16<\/span><\/p>\n<p><span style=\"font-weight: 400;\">0.18<\/span><\/p>\n<p><span style=\"font-weight: 400;\">0.20<\/span><\/p>\n<p><span style=\"font-weight: 400;\">0.22<\/span><\/p>\n<p><span style=\"font-weight: 400;\">0.24<\/span><\/p>\n<p><span style=\"font-weight: 400;\">0.26<\/span><\/p>\n<p><span style=\"font-weight: 400;\">0.28<\/span><\/p>\n<p><span style=\"font-weight: 400;\">0.30<\/span><\/p>\n<p><span style=\"font-weight: 400;\">0.32<\/span><\/td>\n<td><span style=\"font-weight: 400;\">A \u00b10.005<\/span><\/p>\n<p><span style=\"font-weight: 400;\">B \u00b10.010<\/span><\/p>\n<p><span style=\"font-weight: 400;\">C \u00b10.015<\/span><\/td>\n<td><span style=\"font-weight: 400;\">#340<\/span><\/p>\n<p><span style=\"font-weight: 400;\">#400<\/span><\/p>\n<p><span style=\"font-weight: 400;\">#500<\/span><\/p>\n<p><span style=\"font-weight: 400;\">#600<\/span><\/p>\n<p><span style=\"font-weight: 400;\">#800<\/span><\/p>\n<p><span style=\"font-weight: 400;\">#1000<\/span><\/p>\n<p><span style=\"font-weight: 400;\">#12<\/span><\/p>\n<p><span style=\"font-weight: 400;\">00<\/span><\/td>\n<td><span style=\"font-weight: 400;\">Typ S Ostry<\/span><\/p>\n<p><span style=\"font-weight: 400;\">Typ N Og\u00f3lny<\/span><\/p>\n<p><span style=\"font-weight: 400;\">Typ H Wysoka Wytrzyma\u0142o\u015b\u0107<\/span><\/td>\n<td><span style=\"font-weight: 400;\">30<\/span><\/p>\n<p><span style=\"font-weight: 400;\">50<\/span><\/p>\n<p><span style=\"font-weight: 400;\">70<\/span><\/p>\n<p><span style=\"font-weight: 400;\">90<\/span><\/p>\n<p><span style=\"font-weight: 400;\">110<\/span><\/p>\n<p><span style=\"font-weight: 400;\">130<\/span><\/p>\n<p><span style=\"font-weight: 400;\">150<\/span><\/td>\n<td><span style=\"font-weight: 400;\">S16<\/span><\/p>\n<p><span style=\"font-weight: 400;\">S32<\/span><\/p>\n<p><span style=\"font-weight: 400;\">S48<\/span><\/td>\n<\/tr>\n<\/tbody>\n<\/table>\n<h2>Przyk\u0142adowe obrazy:<\/h2>\n<p><a href=\"https:\/\/honwaygroup.com\/wp-content\/uploads\/2025\/04\/1A1.jpg\"><img fetchpriority=\"high\" decoding=\"async\" class=\"size-full wp-image-93178 aligncenter\" src=\"https:\/\/honwaygroup.com\/wp-content\/uploads\/2025\/04\/1A1.jpg\" alt=\"\" width=\"520\" height=\"198\"><\/a><\/p>\n<p>&nbsp;<\/p>\n<h2>Zalety techniczne produktu:<\/h2>\n<p>Starannie wyselekcjonowane, bardzo zwarte kryszta\u0142y diament\u00f3w i r\u00f3wnomierny rozk\u0142ad wielko\u015bci cz\u0105stek zapewniaj\u0105 czysto\u015b\u0107 powierzchni i stabilno\u015b\u0107 ci\u0119cia, co przek\u0142ada si\u0119 na lepsz\u0105 wydajno\u015b\u0107 gotowego produktu.<\/p>\n<p><a href=\"https:\/\/honwaygroup.com\/wp-content\/uploads\/2025\/08\/%E5%9C%96%E7%89%871.avif\"><img decoding=\"async\" class=\"alignnone wp-image-121156 size-full\" src=\"https:\/\/honwaygroup.com\/wp-content\/uploads\/2025\/08\/%E5%9C%96%E7%89%871.avif\" alt=\"\" width=\"495\" height=\"330\"><\/a><\/p>\n<p>Dzi\u0119ki precyzyjnej kontroli koncentracji diament\u00f3w seria HWE25 skutecznie r\u00f3wnowa\u017cy stabilno\u015b\u0107 procesu i \u017cywotno\u015b\u0107 narz\u0119dzia, zapewniaj\u0105c wyj\u0105tkow\u0105 wydajno\u015b\u0107 w ograniczaniu odpryskiwania p\u0142ytek i osi\u0105gaj\u0105c wysok\u0105 wydajno\u015b\u0107 i niezawodno\u015b\u0107 ci\u0119cia.<\/p>\n<p><a href=\"https:\/\/honwaygroup.com\/wp-content\/uploads\/2025\/08\/%E5%9C%96%E7%89%873.avif\"><img decoding=\"async\" class=\"alignnone wp-image-121165 size-full\" src=\"https:\/\/honwaygroup.com\/wp-content\/uploads\/2025\/08\/%E5%9C%96%E7%89%873.avif\" alt=\"\" width=\"467\" height=\"325\"><\/a><\/p>\n<p>Doskona\u0142a stabilno\u015b\u0107 chemiczna kraw\u0119dzi tn\u0105cej skutecznie zapobiega ryzyku korozji w \u015brodowiskach wilgotnych lub z u\u017cyciem CO\u2082, co znacznie wyd\u0142u\u017ca \u017cywotno\u015b\u0107 ostrza.<\/p>\n<p><a href=\"https:\/\/honwaygroup.com\/wp-content\/uploads\/2025\/08\/%E6%95%B8%E6%93%9A%E5%9C%96-02.avif\"><img loading=\"lazy\" decoding=\"async\" class=\"alignnone wp-image-121355\" src=\"https:\/\/honwaygroup.com\/wp-content\/uploads\/2025\/08\/%E6%95%B8%E6%93%9A%E5%9C%96-02-1024x709.jpg\" alt=\"\" width=\"467\" height=\"323\"><\/a><\/p>\n<p><strong data-start=\"465\" data-end=\"486\">Bardzo w\u0105ska szeroko\u015b\u0107 szczeliny, wynosz\u0105ca zaledwie 10 \u03bcm<\/strong>, spe\u0142nia wymagania ci\u0119cia uk\u0142ad\u00f3w o du\u017cej g\u0119sto\u015bci i wafli o w\u0105skich blokach, takich jak diody LED GaAs, poprawiaj\u0105c wykorzystanie wafli i redukuj\u0105c straty materia\u0142u.<\/p>\n<p><a href=\"https:\/\/honwaygroup.com\/wp-content\/uploads\/2025\/08\/%E5%9C%96%E7%89%876.avif\"><img loading=\"lazy\" decoding=\"async\" class=\"alignnone wp-image-121192 size-full\" src=\"https:\/\/honwaygroup.com\/wp-content\/uploads\/2025\/08\/%E5%9C%96%E7%89%876.avif\" alt=\"\" width=\"467\" height=\"338\"><\/a><\/p>\n<p>Nadaje si\u0119 do \u015brodowisk pracy o du\u017cej pr\u0119dko\u015bci, mo\u017ce skutecznie zapobiega\u0107 zjawiskom odchyle\u0144, takim jak \u201ew\u0119\u017cowe wzory\u201d podczas ci\u0119cia, zapewniaj\u0105c jednocze\u015bnie dobr\u0105 pionowo\u015b\u0107 i jednorodno\u015b\u0107 \u015bcianek bocznych ziaren.<\/p>\n<p><a href=\"https:\/\/honwaygroup.com\/wp-content\/uploads\/2025\/08\/%E5%9C%96%E7%89%877.avif\"><img loading=\"lazy\" decoding=\"async\" class=\"alignnone wp-image-121201 size-full\" src=\"https:\/\/honwaygroup.com\/wp-content\/uploads\/2025\/08\/%E5%9C%96%E7%89%877.avif\" alt=\"\" width=\"501\" height=\"332\"><\/a><\/p>\n<h2>Przyk\u0142ady zastosowa\u0144:<\/h2>\n<p><a href=\"https:\/\/honwaygroup.com\/wp-content\/uploads\/2025\/08\/%E5%9C%96%E7%89%8711.avif\"><img loading=\"lazy\" decoding=\"async\" class=\"alignnone wp-image-121443 size-full\" src=\"https:\/\/honwaygroup.com\/wp-content\/uploads\/2025\/08\/%E5%9C%96%E7%89%8711.avif\" alt=\"\" width=\"562\" height=\"526\"><\/a><\/p>\n<p><a href=\"https:\/\/honwaygroup.com\/wp-content\/uploads\/2025\/08\/%E5%9C%96%E7%89%8713.avif\"><img loading=\"lazy\" decoding=\"async\" class=\"alignnone wp-image-121452 size-full\" src=\"https:\/\/honwaygroup.com\/wp-content\/uploads\/2025\/08\/%E5%9C%96%E7%89%8713.avif\" alt=\"\" width=\"797\" height=\"298\"><\/a><\/p>\n<p>Pod\u0142o\u017ce ceramiczne obudowy lampy koralikowej LED: brak uszczelnienia z przodu, z ty\u0142u i po bokach, brak stopni po bokach<\/p>\n<h2>Uwagi:<\/h2>\n<ul>\n<li><b>Sprawd\u017a n\u00f3\u017c do krojenia w kostk\u0119: <\/b>Przed monta\u017cem dok\u0142adnie sprawd\u017a, czy n\u00f3\u017c do krojenia w kostk\u0119 nie ma p\u0119kni\u0119\u0107 ani szczelin. W przypadku stwierdzenia uszkodze\u0144 nale\u017cy natychmiast zaprzesta\u0107 jego u\u017cywania, aby zapobiec niebezpiecze\u0144stwu.<\/li>\n<li><b>Sprawd\u017a kierunek obrot\u00f3w: <\/b>Upewnij si\u0119, \u017ce kierunek obrot\u00f3w zaznaczony na ostrzu tn\u0105cym jest zgodny z rzeczywistym kierunkiem obrot\u00f3w wrzeciona maszyny. U\u017cycie go w kierunku przeciwnym wp\u0142ynie na skuteczno\u015b\u0107 ci\u0119cia i \u017cywotno\u015b\u0107 ostrza.<\/li>\n<li><b>Wybierz odpowiednie ostrze:<\/b> U\u017cywaj wy\u0142\u0105cznie ostrzy tn\u0105cych, kt\u00f3re spe\u0142niaj\u0105 wymagania obrabiarki i warunki przetwarzania, aby unikn\u0105\u0107 awarii podczas obr\u00f3bki lub uszkodzenia sprz\u0119tu z powodu niezgodno\u015bci ze specyfikacjami.<\/li>\n<li><b>Natychmiast zatrzymaj maszyn\u0119: <\/b>Je\u017celi podczas obr\u00f3bki s\u0142ycha\u0107 nietypowe d\u017awi\u0119ki, wyst\u0119puj\u0105 drgania lub ci\u0119cie nie jest p\u0142ynne, nale\u017cy natychmiast zatrzyma\u0107 maszyn\u0119 i przed kontynuacj\u0105 pracy znale\u017a\u0107 przyczyn\u0119 problemu.<\/li>\n<li><b>Regularne przycinanie: <\/b>Je\u015bli zauwa\u017cysz spadek wydajno\u015bci ci\u0119cia, ostrze nale\u017cy przyci\u0105\u0107. Ci\u0105g\u0142e u\u017cywanie t\u0119pego ostrza mo\u017ce spowodowa\u0107 przegrzanie, przeci\u0105\u017cenie, a nawet p\u0119kni\u0119cie.<\/li>\n<li><b>Nie dotyka\u0107:<\/b> Podczas obracania si\u0119 no\u017ca do krojenia w kostk\u0119, kategorycznie zabrania si\u0119 dotykania go r\u0119koma lub innymi cz\u0119\u015bciami cia\u0142a, aby unikn\u0105\u0107 obra\u017ce\u0144 cia\u0142a.<\/li>\n<\/ul>\n<p><span style=\"font-size: 16px;\">Masz pytanie? <\/span><a style=\"font-size: 16px; background-color: #ffffff;\" href=\"https:\/\/honwaygroup.com\/pl\/skontaktuj-sie-z-nami\/\" target=\"_blank\" rel=\"nofollow noopener\">Skontaktuj si\u0119 z nami!<\/a><\/p>\n","protected":false},"excerpt":{"rendered":"<p>Nadaje si\u0119 do obr\u00f3bki p\u0142ytek p\u00f3\u0142przewodnikowych, pod\u0142o\u017cy opakowaniowych, ceramicznych pod\u0142o\u017cy LED, pod\u0142o\u017cy opakowaniowych p\u00f3\u0142przewodnik\u00f3w, PZT, TGG oraz r\u00f3\u017cnych twardych i kruchych materia\u0142\u00f3w.<\/p>\n<p>Dost\u0119pne s\u0105 dwa materia\u0142y bazowe: <strong>\u017cywica i metal<\/strong>, aby sprosta\u0107 r\u00f3\u017cnorodnym potrzebom przetw\u00f3rczym.<\/p>\n<ul>\n<li>Materia\u0142 bazowy na \u017cywicy: <span style=\"font-weight: 400;\">nadaje si\u0119 do obr\u00f3bki twardych materia\u0142\u00f3w.<\/span><\/li>\n<li>Pod\u0142o\u017ce metalowe: d\u0142u\u017csza \u017cywotno\u015b\u0107.<\/li>\n<\/ul>\n<h5><span style=\"color: #ff0000;\"><strong>\u25b2 Zapraszamy do kontaktu z obs\u0142ug\u0105 klienta za po\u015brednictwem wiadomo\u015bci prywatnych w celu uzyskania odpowiedzi na pytania<\/strong><\/span><\/h5>\n<h5><span style=\"color: #ff0000;\"><strong>\u25b2<\/strong><strong>Je\u015bli potrzebujesz niestandardowego rozmiaru, skontaktuj si\u0119 z obs\u0142ug\u0105 klienta<\/strong><\/span><\/h5>\n<h5><span style=\"color: #ff0000;\"><strong>\u25b2 Przy wi\u0119kszych zam\u00f3wieniach istnieje mo\u017cliwo\u015b\u0107 uzyskania rabatu, prosimy o kontakt z obs\u0142ug\u0105 klienta.<br \/>\n<\/strong><\/span><\/h5>\n<h5><span style=\"color: #ff0000;\"><strong>\u25b2Aby pozna\u0107 dat\u0119 dostawy zam\u00f3wienia, skontaktuj si\u0119 z obs\u0142ug\u0105 klienta:<span style=\"color: #3366ff;\"><a style=\"color: #3366ff;\" href=\"https:\/\/honwaygroup.com\/pl\/skontaktuj-sie-z-nami\/\">Kontakt Honway<\/a><\/span><\/strong><\/span><\/h5>\n","protected":false},"featured_media":121468,"template":"","meta":{"site-sidebar-layout":"default","site-content-layout":"","ast-site-content-layout":"default","site-content-style":"default","site-sidebar-style":"default","ast-global-header-display":"","ast-banner-title-visibility":"","ast-main-header-display":"","ast-hfb-above-header-display":"","ast-hfb-below-header-display":"","ast-hfb-mobile-header-display":"","site-post-title":"","ast-breadcrumbs-content":"","ast-featured-img":"","footer-sml-layout":"","ast-disable-related-posts":"","theme-transparent-header-meta":"default","adv-header-id-meta":"","stick-header-meta":"default","header-above-stick-meta":"","header-main-stick-meta":"","header-below-stick-meta":"","astra-migrate-meta-layouts":"default","ast-page-background-enabled":"default","ast-page-background-meta":{"desktop":{"background-color":"var(--ast-global-color-5)","background-image":"","background-repeat":"repeat","background-position":"center center","background-size":"auto","background-attachment":"scroll","background-type":"","background-media":"","overlay-type":"","overlay-color":"","overlay-opacity":"","overlay-gradient":""},"tablet":{"background-color":"","background-image":"","background-repeat":"repeat","background-position":"center center","background-size":"auto","background-attachment":"scroll","background-type":"","background-media":"","overlay-type":"","overlay-color":"","overlay-opacity":"","overlay-gradient":""},"mobile":{"background-color":"","background-image":"","background-repeat":"repeat","background-position":"center center","background-size":"auto","background-attachment":"scroll","background-type":"","background-media":"","overlay-type":"","overlay-color":"","overlay-opacity":"","overlay-gradient":""}},"ast-content-background-meta":{"desktop":{"background-color":"var(--ast-global-color-4)","background-image":"","background-repeat":"repeat","background-position":"center center","background-size":"auto","background-attachment":"scroll","background-type":"","background-media":"","overlay-type":"","overlay-color":"","overlay-opacity":"","overlay-gradient":""},"tablet":{"background-color":"var(--ast-global-color-4)","background-image":"","background-repeat":"repeat","background-position":"center center","background-size":"auto","background-attachment":"scroll","background-type":"","background-media":"","overlay-type":"","overlay-color":"","overlay-opacity":"","overlay-gradient":""},"mobile":{"background-color":"var(--ast-global-color-4)","background-image":"","background-repeat":"repeat","background-position":"center center","background-size":"auto","background-attachment":"scroll","background-type":"","background-media":"","overlay-type":"","overlay-color":"","overlay-opacity":"","overlay-gradient":""}}},"product_brand":[],"product_cat":[8526],"product_tag":[10300],"class_list":{"0":"post-121604","1":"product","2":"type-product","3":"status-publish","4":"has-post-thumbnail","6":"product_cat-polprzewodnik","7":"product_tag-----pl","8":"desktop-align-left","9":"tablet-align-left","10":"mobile-align-left","11":"ast-product-gallery-layout-horizontal-slider","12":"ast-product-gallery-with-no-image","13":"ast-product-tabs-layout-horizontal","15":"first","16":"instock","17":"taxable","18":"shipping-taxable","19":"product-type-simple"},"_links":{"self":[{"href":"https:\/\/honwaygroup.com\/pl\/wp-json\/wp\/v2\/product\/121604","targetHints":{"allow":["GET"]}}],"collection":[{"href":"https:\/\/honwaygroup.com\/pl\/wp-json\/wp\/v2\/product"}],"about":[{"href":"https:\/\/honwaygroup.com\/pl\/wp-json\/wp\/v2\/types\/product"}],"version-history":[{"count":0,"href":"https:\/\/honwaygroup.com\/pl\/wp-json\/wp\/v2\/product\/121604\/revisions"}],"wp:featuredmedia":[{"embeddable":true,"href":"https:\/\/honwaygroup.com\/pl\/wp-json\/wp\/v2\/media\/121468"}],"wp:attachment":[{"href":"https:\/\/honwaygroup.com\/pl\/wp-json\/wp\/v2\/media?parent=121604"}],"wp:term":[{"taxonomy":"product_brand","embeddable":true,"href":"https:\/\/honwaygroup.com\/pl\/wp-json\/wp\/v2\/product_brand?post=121604"},{"taxonomy":"product_cat","embeddable":true,"href":"https:\/\/honwaygroup.com\/pl\/wp-json\/wp\/v2\/product_cat?post=121604"},{"taxonomy":"product_tag","embeddable":true,"href":"https:\/\/honwaygroup.com\/pl\/wp-json\/wp\/v2\/product_tag?post=121604"}],"curies":[{"name":"wp","href":"https:\/\/api.w.org\/{rel}","templated":true}]}}