{"id":121576,"date":"2025-05-08T13:44:23","date_gmt":"2025-05-08T05:44:23","guid":{"rendered":"https:\/\/honwaygroup.com\/product\/skora-polerska-z-tlenkiem-ceru-mozna-zamowic-w-arkuszu-lub-z-uchwytem\/"},"modified":"2025-05-08T13:44:23","modified_gmt":"2025-05-08T05:44:23","slug":"skora-polerska-z-tlenkiem-ceru-mozna-zamowic-w-arkuszu-lub-z-uchwytem","status":"publish","type":"product","link":"https:\/\/honwaygroup.com\/pl\/produkt\/skora-polerska-z-tlenkiem-ceru-mozna-zamowic-w-arkuszu-lub-z-uchwytem\/","title":{"rendered":"Sk\u00f3ra polerska z tlenkiem ceru (mo\u017cna zam\u00f3wi\u0107 w arkuszu lub z uchwytem)"},"content":{"rendered":"<h1>Polerowanie sk\u00f3ry tlenkiem ceru<\/h1>\n<p>Sk\u00f3ra polerska z tlenkiem ceru to materia\u0142 \u015bcierny z gumy, syntetyzowany z wysokiej jako\u015bci tlenku ceru i kleju kauczukowego.<\/p>\n<p>Aby uzyska\u0107 idealny efekt wyko\u0144czenia, mo\u017cna stosowa\u0107 r\u00f3\u017cne p\u0142yny polerskie dostosowane do r\u00f3\u017cnych element\u00f3w polerowanych.<\/p>\n<h2><strong>Charakterystyka polerowania sk\u00f3ry tlenkiem ceru<\/strong><\/h2>\n<ul>\n<li>Tarcze polerskie ko\u0142owe\/pr\u0119towe\/metalograficzne mo\u017cna dostosowa\u0107 do Twoich potrzeb.<\/li>\n<li>Grubo\u015b\u0107\/twardo\u015b\u0107\/ziarnisto\u015b\u0107 mo\u017cna dostosowa\u0107 do potrzeb<\/li>\n<li>Mo\u017cna porzuci\u0107<\/li>\n<\/ul>\n<h2><b>Zakres zastosowania i odpowiedni p\u0142yn poleruj\u0105cy<\/b><\/h2>\n<table>\n<tbody>\n<tr>\n<td colspan=\"4\" width=\"553\"><strong>Zakres zastosowania i odpowiedni p\u0142yn poleruj\u0105cy<\/strong><\/td>\n<\/tr>\n<tr>\n<td width=\"138\">\n<p style=\"text-align: center\">Szk\u0142o<\/p>\n<\/td>\n<td width=\"138\">\n<p style=\"text-align: center\">Cia\u0142o krystaliczne<\/p>\n<\/td>\n<td width=\"138\">\n<p style=\"text-align: center\">Ceramika<\/p>\n<\/td>\n<td width=\"138\">\n<p style=\"text-align: center\">Metal<\/p>\n<\/td>\n<\/tr>\n<tr>\n<td width=\"138\">\n<p style=\"text-align: center\">+P\u0142yn poleruj\u0105cy z tlenkiem ceru<\/p>\n<\/td>\n<td width=\"138\">\n<p style=\"text-align: center\">+P\u0142yn poleruj\u0105cy na bazie tlenku krzemu<\/p>\n<\/td>\n<td width=\"138\">\n<p style=\"text-align: center\">+P\u0142yn poleruj\u0105cy na bazie tlenku krzemu<\/p>\n<\/td>\n<td width=\"138\">\n<p style=\"text-align: center\">+P\u0142yn poleruj\u0105cy z tlenkiem glinu<\/p>\n<\/td>\n<\/tr>\n<\/tbody>\n<\/table>\n<h2><strong>Rysunek przyk\u0142adowy tarczy polerskiej z tlenku ceru<\/strong><\/h2>\n<p><span style=\"color: #ff0000\">\u203bTen model nie zawiera tajwa\u0144skiego z\u0142ota<\/span><\/p>\n<p>Wielko\u015b\u0107 cz\u0105stek: do 3um<\/p>\n<p>Twardo\u015b\u0107: 40-90 stopni<\/p>\n<p><a href=\"https:\/\/honwaygroup.com\/wp-content\/uploads\/2025\/04\/1A1.jpg\"><img fetchpriority=\"high\" decoding=\"async\" class=\"aligncenter wp-image-93178 size-full\" src=\"https:\/\/honwaygroup.com\/wp-content\/uploads\/2025\/04\/1A1.jpg\" alt=\"\" width=\"520\" height=\"198\"><\/a><\/p>\n<h2><strong>Pr\u00f3bka pr\u0119ta polerskiego z tlenku ceru<\/strong><\/h2>\n<p>Wielko\u015b\u0107 cz\u0105stek: do 3um<\/p>\n<p>Twardo\u015b\u0107: 40-90 stopni<\/p>\n<p><a href=\"https:\/\/honwaygroup.com\/wp-content\/uploads\/2025\/05\/%E6%B0%A7%E5%8C%96%E9%88%B0%E6%8B%8B%E5%85%89%E6%A3%92%E8%A8%82%E8%A3%BD%E7%AF%84%E4%BE%8B%E5%9C%96.webp\"><img decoding=\"async\" class=\"wp-image-103811 aligncenter\" src=\"https:\/\/honwaygroup.com\/wp-content\/uploads\/2025\/05\/%E6%B0%A7%E5%8C%96%E9%88%B0%E6%8B%8B%E5%85%89%E6%A3%92%E8%A8%82%E8%A3%BD%E7%AF%84%E4%BE%8B%E5%9C%96.webp\" alt=\"Przyk\u0142ad personalizacji pr\u0119ta polerskiego z tlenku ceru\" width=\"800\" height=\"487\"><\/a><\/p>\n<p>&nbsp;<\/p>\n<p>&nbsp;<\/p>\n<h3>Uwagi:<\/h3>\n<p>Elastyczno\u015b\u0107 gumy znacznie r\u00f3\u017cni si\u0119 od elastyczno\u015bci zwyk\u0142ych \u015bciernic. Jej odkszta\u0142cenie podczas polerowania jest niezwykle du\u017ce. U\u017cywanie jej jak zwyk\u0142ych materia\u0142\u00f3w \u015bciernych lub narz\u0119dzi tn\u0105cych mo\u017ce by\u0107 niebezpieczne.<\/p>\n<p>Prosimy o \u015bcis\u0142e przestrzeganie maksymalnej liczby obrot\u00f3w i prawid\u0142ow\u0105 instalacj\u0119 szlifierki lub innego urz\u0105dzenia.<\/p>\n<p>Przed rozpocz\u0119ciem pracy nale\u017cy sprawdzi\u0107 wypolerowan\u0105 sk\u00f3r\u0119 pod k\u0105tem drobnych linii, p\u0119kni\u0119\u0107 lub uszkodze\u0144. Podczas monta\u017cu w urz\u0105dzeniu w celu przeprowadzenia test\u00f3w, dla w\u0142asnego bezpiecze\u0144stwa, nale\u017cy obraca\u0107 j\u0105 na niskich obrotach, aby sprawdzi\u0107, czy nie wyst\u0119puj\u0105 drgania lub inne nieprawid\u0142owo\u015bci. <\/p>\n<p>Ze wzgl\u0119du na elastyczno\u015b\u0107 gumy nie nale\u017cy zwi\u0119ksza\u0107 obci\u0105\u017cenia gwa\u0142townie.<\/p>\n<p>W pyle mog\u0105 powstawa\u0107 iskry. Nale\u017cy stosowa\u0107 \u015brodki ochronne, takie jak p\u0142yty os\u0142onowe i urz\u0105dzenia przeciwpy\u0142owe, oraz zapewni\u0107 odpowiedni\u0105 wentylacj\u0119.<\/p>\n<p>Podczas u\u017cytkowania nale\u017cy nosi\u0107 sprz\u0119t ochronny, taki jak maska przeciwpy\u0142owa, okulary ochronne, r\u0119kawice ochronne (w przypadku korzystania z narz\u0119dzi nale\u017cy rozwa\u017cy\u0107 za\u0142o\u017cenie r\u0119kawic) i obuwie robocze.<\/p>\n<p><span style=\"color: #ff0000\">Przechowywanie produktu: Unika\u0107 bezpo\u015bredniego \u015bwiat\u0142a s\u0142onecznego, promieni ultrafioletowych, promieniowania, ozonu, wysokiej temperatury i wilgotno\u015bci. Przechowywa\u0107 w ch\u0142odnym, ciemnym miejscu z dobr\u0105 wentylacj\u0105.<\/span><\/p>\n<p>Nale\u017cy pami\u0119ta\u0107, \u017ce ze wzgl\u0119du na metod\u0119 konstrukcji, proces produkcji i wielko\u015b\u0107 cz\u0105steczek, kolor produktu mo\u017ce r\u00f3\u017cni\u0107 si\u0119 od przedstawionego na powy\u017cszych zdj\u0119ciach. Prosimy zapozna\u0107 si\u0119 z rzeczywistym dostarczonym produktem.<\/p>\n<p>&nbsp;<\/p>\n","protected":false},"excerpt":{"rendered":"<ul>\n<li>Twardo\u015b\u0107, wielko\u015b\u0107 cz\u0105stek i kszta\u0142t mo\u017cna dostosowa\u0107 do wymaga\u0144.<\/li>\n<li>Szeroko stosowane do materia\u0142\u00f3w szklanych (szafirowych\/kwarcowych\/mikrokrystalicznych\/samochodowych), polerowania kraw\u0119dzi, usuwania zarysowa\u0144, szkliwienia, kryszta\u0142\u00f3w, metalu&#8230; i innych polerowa\u0144 element\u00f3w optoelektronicznych.<\/li>\n<\/ul>\n<h5><\/h5>\n<h5><span style=\"color: #ff0000\"><b>\u25b2 Zapraszamy do kontaktu z obs\u0142ug\u0105 klienta w celu zapoznania si\u0119 z cennikiem.<\/b><\/span><\/h5>\n<h5><span style=\"color: #ff0000\"><strong>\u25b2<\/strong> <strong>W przypadku zapotrzebowania na niestandardowe rozmiary prosimy o kontakt z obs\u0142ug\u0105 klienta.<\/strong><\/span><\/h5>\n<h5><span style=\"color: #ff0000\"><strong>\u25b2 Przy wi\u0119kszych zam\u00f3wieniach istnieje mo\u017cliwo\u015b\u0107 uzyskania rabatu, prosimy o kontakt z obs\u0142ug\u0105 klienta.<br \/>\n<\/strong><\/span><\/h5>\n<h5><span style=\"color: #ff0000\"><strong>\u25b2Czas realizacji zam\u00f3wie\u0144 na terenie Tajwanu wynosi 7-14 dni roboczych.<\/strong><\/span><\/h5>\n<h5><span style=\"color: #ff0000\"><strong>\u25b2Czas realizacji wysy\u0142ki mi\u0119dzynarodowej wynosi 7-14 dni, natomiast rzeczywisty czas dostawy zale\u017cy od danej firmy kurierskiej.<\/strong><\/span><\/h5>\n","protected":false},"featured_media":103347,"template":"","meta":{"site-sidebar-layout":"default","site-content-layout":"","ast-site-content-layout":"default","site-content-style":"default","site-sidebar-style":"default","ast-global-header-display":"","ast-banner-title-visibility":"","ast-main-header-display":"","ast-hfb-above-header-display":"","ast-hfb-below-header-display":"","ast-hfb-mobile-header-display":"","site-post-title":"","ast-breadcrumbs-content":"","ast-featured-img":"","footer-sml-layout":"","ast-disable-related-posts":"","theme-transparent-header-meta":"default","adv-header-id-meta":"","stick-header-meta":"default","header-above-stick-meta":"","header-main-stick-meta":"","header-below-stick-meta":"","astra-migrate-meta-layouts":"default","ast-page-background-enabled":"default","ast-page-background-meta":{"desktop":{"background-color":"var(--ast-global-color-5)","background-image":"","background-repeat":"repeat","background-position":"center center","background-size":"auto","background-attachment":"scroll","background-type":"","background-media":"","overlay-type":"","overlay-color":"","overlay-opacity":"","overlay-gradient":""},"tablet":{"background-color":"","background-image":"","background-repeat":"repeat","background-position":"center center","background-size":"auto","background-attachment":"scroll","background-type":"","background-media":"","overlay-type":"","overlay-color":"","overlay-opacity":"","overlay-gradient":""},"mobile":{"background-color":"","background-image":"","background-repeat":"repeat","background-position":"center center","background-size":"auto","background-attachment":"scroll","background-type":"","background-media":"","overlay-type":"","overlay-color":"","overlay-opacity":"","overlay-gradient":""}},"ast-content-background-meta":{"desktop":{"background-color":"var(--ast-global-color-4)","background-image":"","background-repeat":"repeat","background-position":"center center","background-size":"auto","background-attachment":"scroll","background-type":"","background-media":"","overlay-type":"","overlay-color":"","overlay-opacity":"","overlay-gradient":""},"tablet":{"background-color":"var(--ast-global-color-4)","background-image":"","background-repeat":"repeat","background-position":"center center","background-size":"auto","background-attachment":"scroll","background-type":"","background-media":"","overlay-type":"","overlay-color":"","overlay-opacity":"","overlay-gradient":""},"mobile":{"background-color":"var(--ast-global-color-4)","background-image":"","background-repeat":"repeat","background-position":"center center","background-size":"auto","background-attachment":"scroll","background-type":"","background-media":"","overlay-type":"","overlay-color":"","overlay-opacity":"","overlay-gradient":""}}},"product_brand":[],"product_cat":[3572,8796,3569],"product_tag":[3752],"class_list":{"0":"post-121576","1":"product","2":"type-product","3":"status-publish","4":"has-post-thumbnail","6":"product_cat-elastyczne-frezy-szlifierskie","7":"product_cat-elastyczne-frezy-szlifierskie-z-tlenku-ceru","8":"product_cat-frezy","9":"product_tag-tlenek-ceru-pl","10":"desktop-align-left","11":"tablet-align-left","12":"mobile-align-left","13":"ast-product-gallery-layout-horizontal-slider","14":"ast-product-tabs-layout-horizontal","16":"first","17":"instock","18":"taxable","19":"shipping-taxable","20":"product-type-simple"},"_links":{"self":[{"href":"https:\/\/honwaygroup.com\/pl\/wp-json\/wp\/v2\/product\/121576","targetHints":{"allow":["GET"]}}],"collection":[{"href":"https:\/\/honwaygroup.com\/pl\/wp-json\/wp\/v2\/product"}],"about":[{"href":"https:\/\/honwaygroup.com\/pl\/wp-json\/wp\/v2\/types\/product"}],"version-history":[{"count":0,"href":"https:\/\/honwaygroup.com\/pl\/wp-json\/wp\/v2\/product\/121576\/revisions"}],"wp:featuredmedia":[{"embeddable":true,"href":"https:\/\/honwaygroup.com\/pl\/wp-json\/wp\/v2\/media\/103347"}],"wp:attachment":[{"href":"https:\/\/honwaygroup.com\/pl\/wp-json\/wp\/v2\/media?parent=121576"}],"wp:term":[{"taxonomy":"product_brand","embeddable":true,"href":"https:\/\/honwaygroup.com\/pl\/wp-json\/wp\/v2\/product_brand?post=121576"},{"taxonomy":"product_cat","embeddable":true,"href":"https:\/\/honwaygroup.com\/pl\/wp-json\/wp\/v2\/product_cat?post=121576"},{"taxonomy":"product_tag","embeddable":true,"href":"https:\/\/honwaygroup.com\/pl\/wp-json\/wp\/v2\/product_tag?post=121576"}],"curies":[{"name":"wp","href":"https:\/\/api.w.org\/{rel}","templated":true}]}}