{"id":120325,"date":"2025-04-25T11:24:02","date_gmt":"2025-04-25T03:24:02","guid":{"rendered":"https:\/\/honwaygroup.com\/product\/kola-szlifierskie-do-szlifowania-powierzchni-ceramicznych-kola-szlifierskie\/"},"modified":"2025-08-06T17:40:06","modified_gmt":"2025-08-06T09:40:06","slug":"kola-szlifierskie-do-szlifowania-powierzchni-ceramicznych-kola-szlifierskie","status":"publish","type":"product","link":"https:\/\/honwaygroup.com\/pl\/produkt\/kola-szlifierskie-do-szlifowania-powierzchni-ceramicznych-kola-szlifierskie\/","title":{"rendered":"Ko\u0142a szlifierskie do szlifowania powierzchni ceramicznych, Ko\u0142a szlifierskie"},"content":{"rendered":"<h1>Ko\u0142a szlifierskie do szlifowania powierzchni ceramicznych, Ko\u0142a szlifierskie<\/h1>\n<h4><strong><span class=\"red\">Firma HonWay oferuje us\u0142ugi dostosowane do indywidualnych potrzeb,<br \/><\/span><\/strong><\/h4>\n<h4><strong><span class=\"red\">Wykonujemy dla Pa\u0144stwa najbardziej odpowiednie tarcze szlifierskie do fazowania p\u0142ytek krzemowych i szafirowych<\/span><\/strong><\/h4>\n<h2><\/h2>\n<p>Wysokowydajne tarcze szlifierskie zaprojektowane specjalnie do fazowania i szlifowania pod\u0142o\u017cy z materia\u0142\u00f3w p\u00f3\u0142przewodnikowych charakteryzuj\u0105 si\u0119 r\u00f3wnomiern\u0105 i drobn\u0105 struktur\u0105 warstwy \u015bciernej i s\u0105 produkowane z wykorzystaniem technologii wyka\u0144czania o wysokiej precyzji.<\/p>\n<p>Po przyci\u0119ciu materia\u0142 ten charakteryzuje si\u0119 niskim wska\u017anikiem wad, doskona\u0142\u0105 jako\u015bci\u0105 i wyj\u0105tkow\u0105 dok\u0142adno\u015bci\u0105 obr\u00f3bki.<\/p>\n<p>Linia produkt\u00f3w obejmuje standardowe \u015bciernice przeznaczone do obr\u00f3bki obwodowej i rowkowej, a tak\u017ce trzy rodzaje \u015bciernic: <strong>jednorowkowe, wielorowkowe i mieszane do obr\u00f3bki dok\u0142adnej i zgrubnej<\/strong>, spe\u0142niaj\u0105ce r\u00f3\u017cnorodne potrzeby w zakresie obr\u00f3bki.<\/p>\n<h2>Cechy:<\/h2>\n<ul>\n<li>Materia\u0142 ten odznacza si\u0119 doskona\u0142ym zachowaniem kszta\u0142tu i spe\u0142nia rygorystyczne wymagania dotycz\u0105ce wysokiej precyzji i stabilno\u015bci fazowania p\u0142ytek krzemowych.<\/li>\n<li>Konstrukcja spoiwa metalowego skutecznie zwi\u0119ksza odporno\u015b\u0107 na zu\u017cycie, znacznie wyd\u0142u\u017ca \u017cywotno\u015b\u0107 i zmniejsza cz\u0119stotliwo\u015b\u0107 wymiany.<\/li>\n<li>Mo\u017ce utrzymywa\u0107 stabiln\u0105 wydajno\u015b\u0107 mielenia w trakcie d\u0142ugotrwa\u0142ej pracy, gwarantuj\u0105c jednolit\u0105 i stabiln\u0105 jako\u015b\u0107 przetwarzania.<\/li>\n<li>Zale\u017cnie od potrzeb klienta mo\u017cna zapewni\u0107 konstrukcj\u0119 z pojedynczym lub wieloma rowkami, a funkcje szlifowania zgrubnego i dok\u0142adnego mo\u017cna zintegrowa\u0107 w jedn\u0105, aby sprosta\u0107 r\u00f3\u017cnym warunkom procesu.<\/li>\n<li>D\u0142uga \u017cywotno\u015b\u0107, niska cz\u0119stotliwo\u015b\u0107 napraw i stabilna mo\u017cliwo\u015b\u0107 przetwarzania pozwalaj\u0105 na obni\u017cenie og\u00f3lnych koszt\u00f3w przetwarzania.<\/li>\n<\/ul>\n<h2>Zastosowania\uff1a<\/h2>\n<ul>\n<li data-start=\"164\" data-end=\"191\">Wi\u0119kszo\u015b\u0107 z nich to \u015bciernice ze spoiwem metalowym i \u015bciernice ze spoiwem galwanicznym.<\/li>\n<li data-start=\"164\" data-end=\"191\">Szlifowanie fazowe p\u0142ytek krzemowych i p\u00f3\u0142przewodnik\u00f3w z\u0142o\u017conych.<\/li>\n<li data-start=\"164\" data-end=\"191\">Kompatybilny z najnowszym sprz\u0119tem wielu producent\u00f3w maszyn do fazowania p\u0142ytek, co gwarantuje wysok\u0105 kompatybilno\u015b\u0107 i stabiln\u0105 wydajno\u015b\u0107 przetwarzania.<\/li>\n<\/ul>\n<h2>Zastosowanie:<\/h2>\n<ul>\n<li>Tarcza szlifierska do fazowania pod\u0142o\u017cy p\u00f3\u0142przewodnikowych.<\/li>\n<li>Nadaje si\u0119 do r\u00f3\u017cnych typ\u00f3w obr\u00f3bki, np. w kszta\u0142cie litery V, w kszta\u0142cie litery R, \u200b\u200bdo obr\u00f3bki rowk\u00f3w pojedynczych i ci\u0105g\u0142ych.<\/li>\n<\/ul>\n<h4><strong>Przy zamawianiu \u015bciernic prosimy o podanie nast\u0119puj\u0105cych informacji:<br \/><\/strong><\/h4>\n<ul>\n<li>Kszta\u0142t \u015bciernicy i wymiary poszczeg\u00f3lnych cz\u0119\u015bci: np. 1A1, 14A1<\/li>\n<li>Materia\u0142 \u015bcierny: Diament<\/li>\n<li>Ziarnisto\u015b\u0107: np. #150<\/li>\n<li>Koncentracja: np. C-75<\/li>\n<li>Spoiwo: Na przyk\u0142ad: spoiwo galwaniczne lub spoiwo metalowe<\/li>\n<li>Typ \u015bciernicy: typ z pojedynczym rowkiem, typ z wieloma rowkami i typ mieszany do obr\u00f3bki zgrubnej i dok\u0142adnej<\/li>\n<li>Zastosowanie: P\u0142ytka krzemowa, p\u0142ytka szafirowa<\/li>\n<li>Ilo\u015b\u0107 i czas dostawy:<\/li>\n<li>Pr\u0119dko\u015b\u0107 obrotowa i warunki obr\u00f3bki:<\/li>\n<li>Model urz\u0105dzenia przetw\u00f3rczego:<\/li>\n<li>Wi\u0119kszo\u015b\u0107 producent\u00f3w oznacza \u015bciernice nast\u0119puj\u0105cymi informacjami:<\/li>\n<\/ul>\n<table class=\"specTable\" width=\"100%\">\n<tbody>\n<tr>\n<th>Rodzaj materia\u0142u \u015bciernego<\/th>\n<th>150<br \/>Ziarnisto\u015b\u0107<\/th>\n<th>N<br \/>Twardo\u015b\u0107 spoiwa<\/th>\n<th>75<br \/>\nKoncentracja<\/th>\n<th>R<br \/>Spoiwo<\/th>\n<th>3.0<br \/>Grubo\u015b\u0107 warstwy \u015bciernej<\/th>\n<\/tr>\n<tr>\n<td>D : Naturalne diamenty<br \/>\nSD : ztuczne diamenty<\/td>\n<td>#60<br \/>\n#80<br \/>\n#100<br \/>\n#150<br \/>\n#200<br \/>\n#270<br \/>\n#325<br \/>\n#400<br \/>\n#600<\/td>\n<td>J \/ drobna<br \/>\nL<br \/>\nN<br \/>\nP<br \/>\nR \/ gruba<\/td>\n<td>25<br \/>\n50<br \/>\n75<br \/>\n100<br \/>\n125<br \/>\n150<\/td>\n<td>M: \u0141\u0105czenie metali<br \/>\nP: Galwanizacja<\/td>\n<td>1.0mm<br \/>\n1.5mm<br \/>\n2.0mm<br \/>\n3.0mm<br \/>\n5.0mm<br \/>\n10.0mm<\/td>\n<\/tr>\n<\/tbody>\n<\/table>\n<h2>Przyk\u0142ady ze zdj\u0119\u0107<\/h2>\n<p><a href=\"https:\/\/honwaygroup.com\/wp-content\/uploads\/2025\/04\/1A1.jpg\"><img fetchpriority=\"high\" decoding=\"async\" class=\"size-full wp-image-93178 aligncenter\" src=\"https:\/\/honwaygroup.com\/wp-content\/uploads\/2025\/04\/1A1.jpg\" alt=\"\" width=\"520\" height=\"198\"><\/a><\/p>\n<p><span style=\"font-size: 16px;\">Masz pytanie? <\/span><a style=\"font-size: 16px; background-color: #ffffff;\" href=\"https:\/\/honwaygroup.com\/pl\/skontaktuj-sie-z-nami\/\" target=\"_blank\" rel=\"nofollow noopener\">Skontaktuj si\u0119 z nami!<\/a><\/p>\n","protected":false},"excerpt":{"rendered":"<p>Wysokowydajne tarcze szlifierskie zaprojektowane specjalnie do fazowania i szlifowania pod\u0142o\u017cy z materia\u0142\u00f3w p\u00f3\u0142przewodnikowych charakteryzuj\u0105 si\u0119 r\u00f3wnomiern\u0105 i drobn\u0105 struktur\u0105 warstwy \u015bciernej i s\u0105 produkowane z wykorzystaniem technologii wyka\u0144czania o wysokiej precyzji.<\/p>\n<p>Po przyci\u0119ciu materia\u0142 ten charakteryzuje si\u0119 niskim wska\u017anikiem wad, doskona\u0142\u0105 jako\u015bci\u0105 i wyj\u0105tkow\u0105 dok\u0142adno\u015bci\u0105 obr\u00f3bki.<\/p>\n<p>Linia produkt\u00f3w obejmuje standardowe \u015bciernice przeznaczone do obr\u00f3bki obwodowej i rowkowej, a tak\u017ce trzy rodzaje \u015bciernic: <strong>jednorowkowe, wielorowkowe i mieszane do obr\u00f3bki dok\u0142adnej i zgrubnej<\/strong>, spe\u0142niaj\u0105ce r\u00f3\u017cnorodne potrzeby w zakresie obr\u00f3bki.<\/p>\n<h5><\/h5>\n<h5><span style=\"color: #ff0000;\"><strong>\u25b2 Zapraszamy do kontaktu z obs\u0142ug\u0105 klienta w celu zapoznania si\u0119 z cennikiem.<\/strong><\/span><\/h5>\n<h5><span style=\"color: #ff0000;\"><strong>\u25b2 <\/strong><strong>W przypadku zapotrzebowania na niestandardowe rozmiary prosimy o kontakt z obs\u0142ug\u0105 klienta. W celu uzyskania informacji o czas realizacji takiego zam\u00f3wienia r\u00f3wnie\u017c prosimy o kontakt z obs\u0142ug\u0105 klienta.<\/strong><\/span><\/h5>\n<h5><span style=\"color: #ff0000;\"><strong>\u25b2 Przy wi\u0119kszych zam\u00f3wieniach istnieje mo\u017cliwo\u015b\u0107 uzyskania rabatu, prosimy o kontakt z obs\u0142ug\u0105 klienta.<br \/>\n<\/strong><\/span><\/h5>\n<h5><span style=\"color: #ff0000;\"><strong>\u25b2 W celu uzyskania informacji o rzeczywistym czasie dostawy prosimy o kontakt z obs\u0142ug\u0105 klienta: <span style=\"color: #3366ff;\"><a style=\"color: #3366ff;\" href=\"https:\/\/honwaygroup.com\/pl\/skontaktuj-sie-z-nami\/\">Skontaktuj si\u0119 z nami!<\/a><\/span><\/strong><\/span><\/h5>\n","protected":false},"featured_media":121103,"template":"","meta":{"site-sidebar-layout":"default","site-content-layout":"","ast-site-content-layout":"default","site-content-style":"default","site-sidebar-style":"default","ast-global-header-display":"","ast-banner-title-visibility":"","ast-main-header-display":"","ast-hfb-above-header-display":"","ast-hfb-below-header-display":"","ast-hfb-mobile-header-display":"","site-post-title":"","ast-breadcrumbs-content":"","ast-featured-img":"","footer-sml-layout":"","ast-disable-related-posts":"","theme-transparent-header-meta":"default","adv-header-id-meta":"","stick-header-meta":"default","header-above-stick-meta":"","header-main-stick-meta":"","header-below-stick-meta":"","astra-migrate-meta-layouts":"default","ast-page-background-enabled":"default","ast-page-background-meta":{"desktop":{"background-color":"var(--ast-global-color-5)","background-image":"","background-repeat":"repeat","background-position":"center center","background-size":"auto","background-attachment":"scroll","background-type":"","background-media":"","overlay-type":"","overlay-color":"","overlay-opacity":"","overlay-gradient":""},"tablet":{"background-color":"","background-image":"","background-repeat":"repeat","background-position":"center center","background-size":"auto","background-attachment":"scroll","background-type":"","background-media":"","overlay-type":"","overlay-color":"","overlay-opacity":"","overlay-gradient":""},"mobile":{"background-color":"","background-image":"","background-repeat":"repeat","background-position":"center center","background-size":"auto","background-attachment":"scroll","background-type":"","background-media":"","overlay-type":"","overlay-color":"","overlay-opacity":"","overlay-gradient":""}},"ast-content-background-meta":{"desktop":{"background-color":"var(--ast-global-color-4)","background-image":"","background-repeat":"repeat","background-position":"center center","background-size":"auto","background-attachment":"scroll","background-type":"","background-media":"","overlay-type":"","overlay-color":"","overlay-opacity":"","overlay-gradient":""},"tablet":{"background-color":"var(--ast-global-color-4)","background-image":"","background-repeat":"repeat","background-position":"center center","background-size":"auto","background-attachment":"scroll","background-type":"","background-media":"","overlay-type":"","overlay-color":"","overlay-opacity":"","overlay-gradient":""},"mobile":{"background-color":"var(--ast-global-color-4)","background-image":"","background-repeat":"repeat","background-position":"center center","background-size":"auto","background-attachment":"scroll","background-type":"","background-media":"","overlay-type":"","overlay-color":"","overlay-opacity":"","overlay-gradient":""}}},"product_brand":[],"product_cat":[8526],"product_tag":[9410,4122,9409],"class_list":{"0":"post-120325","1":"product","2":"type-product","3":"status-publish","4":"has-post-thumbnail","6":"product_cat-polprzewodnik","7":"product_tag-kolo-fazujace-z-krysztalu-krzemu","8":"product_tag-polprzewodniki-pl","9":"product_tag-tarcze-scierne","10":"desktop-align-left","11":"tablet-align-left","12":"mobile-align-left","13":"ast-product-gallery-layout-horizontal-slider","14":"ast-product-gallery-with-no-image","15":"ast-product-tabs-layout-horizontal","17":"first","18":"instock","19":"taxable","20":"shipping-taxable","21":"product-type-simple"},"_links":{"self":[{"href":"https:\/\/honwaygroup.com\/pl\/wp-json\/wp\/v2\/product\/120325","targetHints":{"allow":["GET"]}}],"collection":[{"href":"https:\/\/honwaygroup.com\/pl\/wp-json\/wp\/v2\/product"}],"about":[{"href":"https:\/\/honwaygroup.com\/pl\/wp-json\/wp\/v2\/types\/product"}],"version-history":[{"count":0,"href":"https:\/\/honwaygroup.com\/pl\/wp-json\/wp\/v2\/product\/120325\/revisions"}],"wp:featuredmedia":[{"embeddable":true,"href":"https:\/\/honwaygroup.com\/pl\/wp-json\/wp\/v2\/media\/121103"}],"wp:attachment":[{"href":"https:\/\/honwaygroup.com\/pl\/wp-json\/wp\/v2\/media?parent=120325"}],"wp:term":[{"taxonomy":"product_brand","embeddable":true,"href":"https:\/\/honwaygroup.com\/pl\/wp-json\/wp\/v2\/product_brand?post=120325"},{"taxonomy":"product_cat","embeddable":true,"href":"https:\/\/honwaygroup.com\/pl\/wp-json\/wp\/v2\/product_cat?post=120325"},{"taxonomy":"product_tag","embeddable":true,"href":"https:\/\/honwaygroup.com\/pl\/wp-json\/wp\/v2\/product_tag?post=120325"}],"curies":[{"name":"wp","href":"https:\/\/api.w.org\/{rel}","templated":true}]}}