{"id":120324,"date":"2025-04-25T10:17:08","date_gmt":"2025-04-25T02:17:08","guid":{"rendered":"https:\/\/honwaygroup.com\/product\/kolo-szlifierskie-do-powierzchni-plytek\/"},"modified":"2025-08-06T17:38:27","modified_gmt":"2025-08-06T09:38:27","slug":"kolo-szlifierskie-do-powierzchni-plytek","status":"publish","type":"product","link":"https:\/\/honwaygroup.com\/pl\/produkt\/kolo-szlifierskie-do-powierzchni-plytek\/","title":{"rendered":"Ko\u0142o szlifierskie do powierzchni p\u0142ytek"},"content":{"rendered":"<h1>Ko\u0142o szlifierskie do powierzchni p\u0142ytek<\/h1>\n<h4><strong><span class=\"red\">Firma HonWay oferuje us\u0142ugi dostosowane do indywidualnych potrzeb,<br \/><\/span><\/strong><\/h4>\n<h4><strong><span class=\"red\">Wykonaj dla siebie najbardziej odpowiedni\u0105 tarcz\u0119 szlifiersk\u0105 do szlifowania powierzchni wafli<\/span><\/strong><\/h4>\n<h2><\/h2>\n<h2>Cechy:<\/h2>\n<ul>\n<li>Mo\u017cliwo\u015b\u0107 stosowania w przypadku r\u00f3\u017cnych materia\u0142\u00f3w wafli w celu spe\u0142nienia r\u00f3\u017cnych wymaga\u0144 procesowych.<\/li>\n<li>Posiada stabiln\u0105, wysok\u0105 wydajno\u015b\u0107 usuwania materia\u0142u, co skutecznie skraca czas przetwarzania i zwi\u0119ksza wydajno\u015b\u0107 produkcji.<\/li>\n<li>Doskona\u0142a konstrukcja zapobiegaj\u0105ca zu\u017cyciu wyd\u0142u\u017ca \u017cywotno\u015b\u0107 tarczy szlifierskiej.<\/li>\n<li>W trakcie procesu szlifowania wyst\u0119puje niski op\u00f3r szlifowania, co pomaga chroni\u0107 sprz\u0119t i przedmioty obrabiane oraz stabilizuje jako\u015b\u0107 obr\u00f3bki.<\/li>\n<\/ul>\n<h2>Zastosowania\uff1a<\/h2>\n<ul>\n<li>Planaryzacja p\u0142ytek krzemowych<\/li>\n<li>Szlifowanie ty\u0142ka<\/li>\n<\/ul>\n<h2>Zastosowanie:<\/h2>\n<ul>\n<li>P\u0142ytki p\u00f3\u0142przewodnikowe krzemowe, p\u0142ytki p\u00f3\u0142przewodnikowe z\u0142o\u017cone, p\u0142ytki ceramiczne (tlenek glinu, AlN).<\/li>\n<li>P\u0142ytki p\u00f3\u0142przewodnikowe szerokopasmowe (SiC, GaN), p\u0142ytki filtruj\u0105ce powierzchniow\u0105 fal\u0119 akustyczn\u0105 (LT, LN), p\u0142ytki ze szk\u0142a szafirowego.<\/li>\n<li>Opakowanie TSV na wafle (mied\u017a\/zwi\u0105zek).<\/li>\n<\/ul>\n<h4><strong>Przy zamawianiu \u015bciernic prosimy o podanie nast\u0119puj\u0105cych informacji:<br \/><\/strong><\/h4>\n<ul>\n<li>Kszta\u0142t \u015bciernicy i wymiary poszczeg\u00f3lnych cz\u0119\u015bci: np. 1A1, 14A1<\/li>\n<li>Materia\u0142 \u015bcierny: Diament<\/li>\n<li>Ziarnisto\u015b\u0107: np. #150<\/li>\n<li>Koncentracja: np. C-75<\/li>\n<li>Spoiwo: Na przyk\u0142ad spoiwo \u017cywiczne lub spoiwo szkliwione<\/li>\n<li>Metoda ch\u0142odzenia: szlifowanie na sucho lub szlifowanie na mokro<\/li>\n<li>Ilo\u015b\u0107 i czas dostawy:<\/li>\n<li>Pr\u0119dko\u015b\u0107 obrotowa i warunki obr\u00f3bki:<\/li>\n<li>Model urz\u0105dzenia przetw\u00f3rczego:<\/li>\n<li>Wi\u0119kszo\u015b\u0107 producent\u00f3w oznacza \u015bciernice nast\u0119puj\u0105cymi informacjami:<\/li>\n<\/ul>\n<table class=\"specTable\" width=\"100%\">\n<tbody>\n<tr>\n<th>Rodzaj materia\u0142u \u015bciernego<\/th>\n<th>150<br \/>Ziarnisto\u015b\u0107<\/th>\n<th>N<br \/>Twardo\u015b\u0107 spoiwa<\/th>\n<th>75<br \/>\nKoncentracja<\/th>\n<th>R<br \/>Spoiwo<\/th>\n<th>3.0<br \/>Grubo\u015b\u0107 warstwy \u015bciernej<\/th>\n<\/tr>\n<tr>\n<td>D : Naturalne diamenty<br \/>\nSD : ztuczne diamenty<\/td>\n<td>#60<br \/>\n#80<br \/>\n#100<br \/>\n#150<br \/>\n#200<br \/>\n#270<br \/>\n#325<br \/>\n#400<br \/>\n#600<\/td>\n<td>J \/ drobna<br \/>\nL<br \/>\nN<br \/>\nP<br \/>\nR \/ gruba<\/td>\n<td>25<br \/>\n50<br \/>\n75<br \/>\n100<br \/>\n125<br \/>\n150<\/td>\n<td>R: Wi\u0105zanie \u017cywiczne<br \/>\nV: Metoda ceramiczna<\/td>\n<td>1.0mm<br \/>\n1.5mm<br \/>\n2.0mm<br \/>\n3.0mm<br \/>\n5.0mm<br \/>\n10.0mm<\/td>\n<\/tr>\n<\/tbody>\n<\/table>\n<h2>Przyk\u0142ady ze zdj\u0119\u0107<\/h2>\n<p><a href=\"https:\/\/honwaygroup.com\/wp-content\/uploads\/2025\/04\/1A1.jpg\"><img fetchpriority=\"high\" decoding=\"async\" class=\"size-full wp-image-93178 aligncenter\" src=\"https:\/\/honwaygroup.com\/wp-content\/uploads\/2025\/04\/1A1.jpg\" alt=\"\" width=\"520\" height=\"198\"><\/a><\/p>\n<h2>Por\u00f3wnanie specyfikacji<\/h2>\n<h5>WH-BH7<\/h5>\n<p>Ta tarcza szlifierska ma dobry efekt samoostrzenia, nawet wytrawiona powierzchnia, kt\u00f3r\u0105 trudno szlifowa\u0107 bez obci\u0105gania, mo\u017ce by\u0107 szlifowana w spos\u00f3b ci\u0105g\u0142y bez obci\u0105gania. Ze wzgl\u0119du na zastosowanie wysokowydajnych typ\u00f3w spoiw i konstrukcji tarczy szlifierskiej, op\u00f3r szlifowania jest niewielki, \u017cywotno\u015b\u0107 jest d\u0142uga, a wysoki wsp\u00f3\u0142czynnik szlifowania mo\u017cna uzyska\u0107.<\/p>\n<p><a href=\"https:\/\/honwaygroup.com\/wp-content\/uploads\/2025\/04\/%E6%99%B6%E5%9C%93%E5%B9%B3%E9%9D%A2%E7%A3%A8%E5%89%8A%E7%94%A8%E7%A0%82%E8%BC%AA_%E5%B7%A5%E4%BD%9C%E5%8D%80%E5%9F%9F-1.avif\"><img decoding=\"async\" class=\"alignnone size-full wp-image-94841\" src=\"https:\/\/honwaygroup.com\/wp-content\/uploads\/2025\/04\/%E6%99%B6%E5%9C%93%E5%B9%B3%E9%9D%A2%E7%A3%A8%E5%89%8A%E7%94%A8%E7%A0%82%E8%BC%AA_%E5%B7%A5%E4%BD%9C%E5%8D%80%E5%9F%9F-1.avif\" alt=\"\" width=\"2480\" height=\"1525\"><\/a><\/p>\n<h5>WH-BH14<\/h5>\n<p>a tarcza szlifierska wykorzystuje wype\u0142niacze, kt\u00f3re zmniejszaj\u0105 op\u00f3r szlifowania i porowat\u0105 struktur\u0119, dzi\u0119ki czemu mo\u017ce wykonywa\u0107 operacje szlifowania przy ekstremalnie niskich obci\u0105\u017ceniach. Podczas szlifowania wafli mo\u017ce zminimalizowa\u0107 uszkodzenia i uzyska\u0107 dobr\u0105 jako\u015b\u0107 obr\u00f3bki powierzchni.<\/p>\n<p><a href=\"https:\/\/honwaygroup.com\/wp-content\/uploads\/2025\/04\/%E6%99%B6%E5%9C%93%E5%B9%B3%E9%9D%A2%E7%A3%A8%E5%89%8A%E7%94%A8%E7%A0%82%E8%BC%AA_%E5%B7%A5%E4%BD%9C%E5%8D%80%E5%9F%9F-1-%E8%A4%87%E6%9C%AC.avif\"><img decoding=\"async\" class=\"alignnone size-full wp-image-94850\" src=\"https:\/\/honwaygroup.com\/wp-content\/uploads\/2025\/04\/%E6%99%B6%E5%9C%93%E5%B9%B3%E9%9D%A2%E7%A3%A8%E5%89%8A%E7%94%A8%E7%A0%82%E8%BC%AA_%E5%B7%A5%E4%BD%9C%E5%8D%80%E5%9F%9F-1-%E8%A4%87%E6%9C%AC.avif\" alt=\"\" width=\"2480\" height=\"1525\"><\/a><\/p>\n<h5>WH-VDW<\/h5>\n<p>Ta tarcza szlifierska skutecznie r\u00f3wnomiernie rozprowadza drobne diamentowe ziarna \u015bcierne, eliminuj\u0105c problem zarysowa\u0144, na kt\u00f3ry podatne jest spoiwo szkliwione. Dzi\u0119ki silnemu utrzymywaniu ziarna \u015bciernego spoiwa szkliwionego mo\u017cna uzyska\u0107 wysoce precyzyjne wyko\u0144czenie powierzchni lustrzanej.<\/p>\n<p>Ponadto, tarcza szlifierska jest tarcz\u0105 wieloporowat\u0105, kt\u00f3ra mo\u017ce t\u0142umi\u0107 wzrost oporu szlifowania.<\/p>\n<p><a href=\"https:\/\/honwaygroup.com\/wp-content\/uploads\/2025\/04\/%E6%99%B6%E5%9C%93%E5%B9%B3%E9%9D%A2%E7%A3%A8%E5%89%8A%E7%94%A8%E7%A0%82%E8%BC%AA_%E5%B7%A5%E4%BD%9C%E5%8D%80%E5%9F%9F-1-%E8%A4%87%E6%9C%AC-2.avif\"><img loading=\"lazy\" decoding=\"async\" class=\"alignnone size-full wp-image-94859\" src=\"https:\/\/honwaygroup.com\/wp-content\/uploads\/2025\/04\/%E6%99%B6%E5%9C%93%E5%B9%B3%E9%9D%A2%E7%A3%A8%E5%89%8A%E7%94%A8%E7%A0%82%E8%BC%AA_%E5%B7%A5%E4%BD%9C%E5%8D%80%E5%9F%9F-1-%E8%A4%87%E6%9C%AC-2.avif\" alt=\"\" width=\"2480\" height=\"1525\"><\/a><\/p>\n<p><span style=\"font-size: 16px;\">Masz pytanie? <\/span><a style=\"font-size: 16px; background-color: #ffffff;\" href=\"https:\/\/honwaygroup.com\/pl\/skontaktuj-sie-z-nami\/\" target=\"_blank\" rel=\"nofollow noopener\">Skontaktuj si\u0119 z nami!<\/a><\/p>\n","protected":false},"excerpt":{"rendered":"<ul>\n<li>Mo\u017cliwo\u015b\u0107 stosowania w przypadku r\u00f3\u017cnych materia\u0142\u00f3w wafli w celu spe\u0142nienia r\u00f3\u017cnych wymaga\u0144 procesowych.<\/li>\n<li>Posiada stabiln\u0105, wysok\u0105 wydajno\u015b\u0107 usuwania materia\u0142u, co skutecznie skraca czas przetwarzania i zwi\u0119ksza wydajno\u015b\u0107 produkcji.<\/li>\n<li>Doskona\u0142a konstrukcja zapobiegaj\u0105ca zu\u017cyciu wyd\u0142u\u017ca \u017cywotno\u015b\u0107 tarczy szlifierskiej.<\/li>\n<li>W trakcie procesu szlifowania wyst\u0119puje niski op\u00f3r szlifowania, co pomaga chroni\u0107 sprz\u0119t i przedmioty obrabiane oraz stabilizuje jako\u015b\u0107 obr\u00f3bki.<\/li>\n<li>Nadaje si\u0119 do planaryzacji i pocieniania tylnej strony p\u0142ytek krzemowych.<\/li>\n<\/ul>\n<h5><span style=\"color: #ff0000;\"><strong>\u25b2 Zapraszamy do kontaktu z obs\u0142ug\u0105 klienta w celu zapoznania si\u0119 z cennikiem.<\/strong><\/span><\/h5>\n<h5><span style=\"color: #ff0000;\"><strong>\u25b2 <\/strong><strong>W przypadku zapotrzebowania na niestandardowe rozmiary prosimy o kontakt z obs\u0142ug\u0105 klienta. W celu uzyskania informacji o czas realizacji takiego zam\u00f3wienia r\u00f3wnie\u017c prosimy o kontakt z obs\u0142ug\u0105 klienta.<\/strong><\/span><\/h5>\n<h5><span style=\"color: #ff0000;\"><strong>\u25b2 Przy wi\u0119kszych zam\u00f3wieniach istnieje mo\u017cliwo\u015b\u0107 uzyskania rabatu, prosimy o kontakt z obs\u0142ug\u0105 klienta.<br \/>\n<\/strong><\/span><\/h5>\n<h5><span style=\"color: #ff0000;\"><strong>\u25b2 W celu uzyskania informacji o rzeczywistym czasie dostawy prosimy o kontakt z obs\u0142ug\u0105 klienta: <span style=\"color: #3366ff;\"><a style=\"color: #3366ff;\" href=\"https:\/\/honwaygroup.com\/pl\/skontaktuj-sie-z-nami\/\">Skontaktuj si\u0119 z nami!<\/a><\/span><\/strong><\/span><\/h5>\n","protected":false},"featured_media":120875,"template":"","meta":{"site-sidebar-layout":"default","site-content-layout":"","ast-site-content-layout":"default","site-content-style":"default","site-sidebar-style":"default","ast-global-header-display":"","ast-banner-title-visibility":"","ast-main-header-display":"","ast-hfb-above-header-display":"","ast-hfb-below-header-display":"","ast-hfb-mobile-header-display":"","site-post-title":"","ast-breadcrumbs-content":"","ast-featured-img":"","footer-sml-layout":"","ast-disable-related-posts":"","theme-transparent-header-meta":"default","adv-header-id-meta":"","stick-header-meta":"default","header-above-stick-meta":"","header-main-stick-meta":"","header-below-stick-meta":"","astra-migrate-meta-layouts":"default","ast-page-background-enabled":"default","ast-page-background-meta":{"desktop":{"background-color":"var(--ast-global-color-5)","background-image":"","background-repeat":"repeat","background-position":"center center","background-size":"auto","background-attachment":"scroll","background-type":"","background-media":"","overlay-type":"","overlay-color":"","overlay-opacity":"","overlay-gradient":""},"tablet":{"background-color":"","background-image":"","background-repeat":"repeat","background-position":"center center","background-size":"auto","background-attachment":"scroll","background-type":"","background-media":"","overlay-type":"","overlay-color":"","overlay-opacity":"","overlay-gradient":""},"mobile":{"background-color":"","background-image":"","background-repeat":"repeat","background-position":"center center","background-size":"auto","background-attachment":"scroll","background-type":"","background-media":"","overlay-type":"","overlay-color":"","overlay-opacity":"","overlay-gradient":""}},"ast-content-background-meta":{"desktop":{"background-color":"var(--ast-global-color-4)","background-image":"","background-repeat":"repeat","background-position":"center center","background-size":"auto","background-attachment":"scroll","background-type":"","background-media":"","overlay-type":"","overlay-color":"","overlay-opacity":"","overlay-gradient":""},"tablet":{"background-color":"var(--ast-global-color-4)","background-image":"","background-repeat":"repeat","background-position":"center center","background-size":"auto","background-attachment":"scroll","background-type":"","background-media":"","overlay-type":"","overlay-color":"","overlay-opacity":"","overlay-gradient":""},"mobile":{"background-color":"var(--ast-global-color-4)","background-image":"","background-repeat":"repeat","background-position":"center center","background-size":"auto","background-attachment":"scroll","background-type":"","background-media":"","overlay-type":"","overlay-color":"","overlay-opacity":"","overlay-gradient":""}}},"product_brand":[],"product_cat":[8526],"product_tag":[9408,4122,9409],"class_list":{"0":"post-120324","1":"product","2":"type-product","3":"status-publish","4":"has-post-thumbnail","6":"product_cat-polprzewodnik","7":"product_tag-kolo-szlifierskie-do-powierzchni-plytek","8":"product_tag-polprzewodniki-pl","9":"product_tag-tarcze-scierne","10":"desktop-align-left","11":"tablet-align-left","12":"mobile-align-left","13":"ast-product-gallery-layout-horizontal-slider","14":"ast-product-tabs-layout-horizontal","16":"first","17":"instock","18":"taxable","19":"shipping-taxable","20":"product-type-simple"},"_links":{"self":[{"href":"https:\/\/honwaygroup.com\/pl\/wp-json\/wp\/v2\/product\/120324","targetHints":{"allow":["GET"]}}],"collection":[{"href":"https:\/\/honwaygroup.com\/pl\/wp-json\/wp\/v2\/product"}],"about":[{"href":"https:\/\/honwaygroup.com\/pl\/wp-json\/wp\/v2\/types\/product"}],"version-history":[{"count":0,"href":"https:\/\/honwaygroup.com\/pl\/wp-json\/wp\/v2\/product\/120324\/revisions"}],"wp:featuredmedia":[{"embeddable":true,"href":"https:\/\/honwaygroup.com\/pl\/wp-json\/wp\/v2\/media\/120875"}],"wp:attachment":[{"href":"https:\/\/honwaygroup.com\/pl\/wp-json\/wp\/v2\/media?parent=120324"}],"wp:term":[{"taxonomy":"product_brand","embeddable":true,"href":"https:\/\/honwaygroup.com\/pl\/wp-json\/wp\/v2\/product_brand?post=120324"},{"taxonomy":"product_cat","embeddable":true,"href":"https:\/\/honwaygroup.com\/pl\/wp-json\/wp\/v2\/product_cat?post=120324"},{"taxonomy":"product_tag","embeddable":true,"href":"https:\/\/honwaygroup.com\/pl\/wp-json\/wp\/v2\/product_tag?post=120324"}],"curies":[{"name":"wp","href":"https:\/\/api.w.org\/{rel}","templated":true}]}}