{"id":120182,"date":"2025-03-14T09:42:01","date_gmt":"2025-03-14T01:42:01","guid":{"rendered":"https:\/\/honwaygroup.com\/product\/diamenty-laboratoryjnie-hodowane-kazdy-z-certyfikatem-igi\/"},"modified":"2025-07-07T16:00:46","modified_gmt":"2025-07-07T08:00:46","slug":"diamenty-laboratoryjnie-hodowane-kazdy-z-certyfikatem-igi","status":"publish","type":"product","link":"https:\/\/honwaygroup.com\/pl\/produkt\/diamenty-laboratoryjnie-hodowane-kazdy-z-certyfikatem-igi\/","title":{"rendered":"Diamenty laboratoryjnie hodowane (ka\u017cdy z certyfikatem IGI)"},"content":{"rendered":"\t\t<div data-elementor-type=\"product-post\" data-elementor-id=\"120182\" class=\"elementor elementor-120182 elementor-77090\" data-elementor-post-type=\"product\">\n\t\t\t\t\t\t<section class=\"elementor-section elementor-top-section elementor-element elementor-element-5006a51 elementor-section-boxed elementor-section-height-default elementor-section-height-default\" data-id=\"5006a51\" data-element_type=\"section\" data-e-type=\"section\">\n\t\t\t\t\t\t<div class=\"elementor-container elementor-column-gap-default\">\n\t\t\t\t\t<div class=\"elementor-column elementor-col-33 elementor-top-column elementor-element elementor-element-26cb82f\" data-id=\"26cb82f\" data-element_type=\"column\" data-e-type=\"column\">\n\t\t\t<div class=\"elementor-widget-wrap elementor-element-populated\">\n\t\t\t\t\t\t<div class=\"elementor-element elementor-element-89955ea elementor-widget elementor-widget-image\" data-id=\"89955ea\" data-element_type=\"widget\" data-e-type=\"widget\" data-widget_type=\"image.default\">\n\t\t\t\t<div class=\"elementor-widget-container\">\n\t\t\t\t\t\t\t\t\t\t\t\t\t\t\t<img fetchpriority=\"high\" decoding=\"async\" width=\"1024\" height=\"1024\" src=\"https:\/\/honwaygroup.com\/wp-content\/uploads\/2025\/03\/IMG_4109-01-1024x1024.webp\" class=\"attachment-large size-large wp-image-77102\" alt=\"\u57f9\u80b2\u947d\u77f3\" srcset=\"https:\/\/honwaygroup.com\/wp-content\/uploads\/2025\/03\/IMG_4109-01-1024x1024.webp 1024w, https:\/\/honwaygroup.com\/wp-content\/uploads\/2025\/03\/IMG_4109-01-300x300.webp 300w, https:\/\/honwaygroup.com\/wp-content\/uploads\/2025\/03\/IMG_4109-01-150x150.webp 150w, https:\/\/honwaygroup.com\/wp-content\/uploads\/2025\/03\/IMG_4109-01-768x768.webp 768w, https:\/\/honwaygroup.com\/wp-content\/uploads\/2025\/03\/IMG_4109-01-1536x1536.webp 1536w, https:\/\/honwaygroup.com\/wp-content\/uploads\/2025\/03\/IMG_4109-01.webp 1920w, https:\/\/honwaygroup.com\/wp-content\/uploads\/2025\/03\/IMG_4109-01-100x100.webp 100w\" sizes=\"(max-width: 1024px) 100vw, 1024px\" \/>\t\t\t\t\t\t\t\t\t\t\t\t\t\t\t<\/div>\n\t\t\t\t<\/div>\n\t\t\t\t\t<\/div>\n\t\t<\/div>\n\t\t\t\t<div class=\"elementor-column elementor-col-33 elementor-top-column elementor-element elementor-element-f8da96e\" data-id=\"f8da96e\" data-element_type=\"column\" data-e-type=\"column\">\n\t\t\t<div class=\"elementor-widget-wrap elementor-element-populated\">\n\t\t\t\t\t\t<div class=\"elementor-element elementor-element-f8c7247 elementor-widget elementor-widget-image\" data-id=\"f8c7247\" data-element_type=\"widget\" data-e-type=\"widget\" data-widget_type=\"image.default\">\n\t\t\t\t<div class=\"elementor-widget-container\">\n\t\t\t\t\t\t\t\t\t\t\t\t\t\t\t<img decoding=\"async\" width=\"1024\" height=\"1024\" src=\"https:\/\/honwaygroup.com\/wp-content\/uploads\/2025\/03\/IMG_4109-02-1024x1024.webp\" class=\"attachment-large size-large wp-image-77108\" alt=\"IGI\u8b49\u66f8\" srcset=\"https:\/\/honwaygroup.com\/wp-content\/uploads\/2025\/03\/IMG_4109-02-1024x1024.webp 1024w, https:\/\/honwaygroup.com\/wp-content\/uploads\/2025\/03\/IMG_4109-02-300x300.webp 300w, https:\/\/honwaygroup.com\/wp-content\/uploads\/2025\/03\/IMG_4109-02-150x150.webp 150w, https:\/\/honwaygroup.com\/wp-content\/uploads\/2025\/03\/IMG_4109-02-768x768.webp 768w, https:\/\/honwaygroup.com\/wp-content\/uploads\/2025\/03\/IMG_4109-02-1536x1536.webp 1536w, https:\/\/honwaygroup.com\/wp-content\/uploads\/2025\/03\/IMG_4109-02.webp 1920w, https:\/\/honwaygroup.com\/wp-content\/uploads\/2025\/03\/IMG_4109-02-100x100.webp 100w\" sizes=\"(max-width: 1024px) 100vw, 1024px\" \/>\t\t\t\t\t\t\t\t\t\t\t\t\t\t\t<\/div>\n\t\t\t\t<\/div>\n\t\t\t\t\t<\/div>\n\t\t<\/div>\n\t\t\t\t<div class=\"elementor-column elementor-col-33 elementor-top-column elementor-element elementor-element-64737a9\" data-id=\"64737a9\" data-element_type=\"column\" data-e-type=\"column\">\n\t\t\t<div class=\"elementor-widget-wrap elementor-element-populated\">\n\t\t\t\t\t\t<div class=\"elementor-element elementor-element-7950d93 elementor-widget elementor-widget-text-editor\" data-id=\"7950d93\" data-element_type=\"widget\" data-e-type=\"widget\" data-widget_type=\"text-editor.default\">\n\t\t\t\t<div class=\"elementor-widget-container\">\n\t\t\t\t\t\t\t\t\t<p> <\/p><p> <\/p><ul data-sourcepos=\"30:1-33:0\"><li data-sourcepos=\"30:1-30:12\"><span style=\"font-style: inherit; font-weight: inherit;\">Certyfikat IGI Certyfikacja<\/span><\/li><li data-sourcepos=\"31:1-31:21\">Dost\u0119pne s\u0105 r\u00f3\u017cne rodzaje karat\u00f3w, kolor\u00f3w, czysto\u015bci i szlif\u00f3w<\/li><li style=\"text-align: left;\" data-sourcepos=\"32:1-33:0\">Wykwintne wykonanie doskonale prezentuje pi\u0119kno diament\u00f3w<\/li><\/ul>\t\t\t\t\t\t\t\t<\/div>\n\t\t\t\t<\/div>\n\t\t\t\t\t<\/div>\n\t\t<\/div>\n\t\t\t\t\t<\/div>\n\t\t<\/section>\n\t\t\t\t<section class=\"elementor-section elementor-top-section elementor-element elementor-element-18d16e7 elementor-section-boxed elementor-section-height-default elementor-section-height-default\" data-id=\"18d16e7\" data-element_type=\"section\" data-e-type=\"section\">\n\t\t\t\t\t\t<div class=\"elementor-container elementor-column-gap-default\">\n\t\t\t\t\t<div class=\"elementor-column elementor-col-100 elementor-top-column elementor-element elementor-element-796156e3\" data-id=\"796156e3\" data-element_type=\"column\" data-e-type=\"column\">\n\t\t\t<div class=\"elementor-widget-wrap elementor-element-populated\">\n\t\t\t\t\t\t<div class=\"elementor-element elementor-element-78ab24e3 elementor-widget elementor-widget-text-editor\" data-id=\"78ab24e3\" data-element_type=\"widget\" data-e-type=\"widget\" data-widget_type=\"text-editor.default\">\n\t\t\t\t<div class=\"elementor-widget-container\">\n\t\t\t\t\t\t\t\t\t<h1>Diamenty hodowane w laboratorium | Certyfikacja IGI | Wieczny blask, etyczny wyb\u00f3r<\/h1>\n<h2 data-sourcepos=\"9:1-9:14\"><strong>B\u0142yszczenie w przysz\u0142o\u015bci zaczyna si\u0119 od wyboru bardziej etycznego post\u0119powania<\/strong><\/h2>\n<p data-sourcepos=\"11:1-11:53\">Chcesz mie\u0107 ol\u015bniewaj\u0105cy diament, jednocze\u015bnie przestrzegaj\u0105c warto\u015bci \u015brodowiskowych i humanitarnych? Nasze diamenty hodowane laboratoryjnie s\u0105 idealnym wyborem.<\/p>\n\n<h2 data-sourcepos=\"13:1-13:14\"><strong>Idealne po\u0142\u0105czenie technologii i etyki<\/strong><\/h2>\n<p data-sourcepos=\"15:1-15:78\">Ka\u017cdy diament wyhodowany w laboratorium jest owocem nauki i etyki. Wykorzystujemy zaawansowan\u0105 technologi\u0119, aby dok\u0142adnie symulowa\u0107 proces formowania naturalnych diament\u00f3w w laboratorium i hodowa\u0107 diamenty, kt\u00f3re s\u0105 dok\u0142adnie takie same jak naturalne diamenty pod wzgl\u0119dem w\u0142a\u015bciwo\u015bci chemicznych, fizycznych i optycznych.<\/p>\n\n<h3 data-sourcepos=\"17:1-17:13\"><strong>Gwarantowana jako\u015b\u0107, wyj\u0105tkowa warto\u015b\u0107<\/strong><\/h3>\n<p data-sourcepos=\"19:1-19:66\">Nasze diamenty laboratoryjnie hodowane s\u0105 \u015bci\u015ble identyfikowane i certyfikowane przez Mi\u0119dzynarodowy Instytut Gemmologiczny (IGI), aby zagwarantowa\u0107 ich jako\u015b\u0107 i warto\u015b\u0107. Mo\u017cesz kupowa\u0107 z ufno\u015bci\u0105 i cieszy\u0107 si\u0119 tym samym ol\u015bniewaj\u0105cym \u015bwiat\u0142em, co naturalne diamenty.<\/p>\n\n<h3 data-sourcepos=\"21:1-21:17\"><strong>Powody, dla kt\u00f3rych warto wybra\u0107 diamenty laboratoryjnie hodowane:<\/strong><\/h3>\n<ul data-sourcepos=\"23:1-27:0\">\n \t<li data-sourcepos=\"23:1-23:48\"><strong>Wyb\u00f3r etyczny<\/strong>: Unikaj szk\u00f3d \u015brodowiskowych i kontrowersji etycznych, kt\u00f3re mog\u0105 by\u0107 zwi\u0105zane z wydobyciem naturalnych diament\u00f3w, dzi\u0119ki czemu Twoje pi\u0119kno nabierze wi\u0119kszego znaczenia.<\/li>\n \t<li data-sourcepos=\"24:1-24:48\"><strong>Ochrona \u015brodowiska i zr\u00f3wnowa\u017cony rozw\u00f3j<\/strong>: Proces produkcji diament\u00f3w laboratoryjnych ma niewielki wp\u0142yw na \u015brodowisko, co jest zgodne z d\u0105\u017ceniem wsp\u00f3\u0142czesnego cz\u0142owieka do zr\u00f3wnowa\u017conego rozwoju.<\/li>\n \t<li data-sourcepos=\"25:1-25:52\"><strong>Gwarancja jako\u015bci<\/strong>: Posiada takie same w\u0142a\u015bciwo\u015bci chemiczne, fizyczne i optyczne jak naturalne diamenty, a ponadto jest certyfikowany przez IGI. Gwarantuje jako\u015b\u0107.<\/li>\n \t<li data-sourcepos=\"26:1-27:0\"><strong>Zaleta<\/strong>: W por\u00f3wnaniu z diamentami naturalnymi, diamenty laboratoryjne s\u0105 bardziej konkurencyjne cenowo, co pozwala Ci z \u0142atwo\u015bci\u0105 sta\u0107 si\u0119 w\u0142a\u015bcicielem diamentu swoich marze\u0144.<\/li>\n<\/ul>\n<p data-sourcepos=\"28:1-28:9\"><strong>Cechy produktu\uff1a<\/strong><\/p>\n\n<ul data-sourcepos=\"30:1-33:0\">\n \t<li data-sourcepos=\"30:1-30:12\">Certyfikat IGI Certyfikacja<\/li>\n \t<li data-sourcepos=\"31:1-31:21\">Dost\u0119pne s\u0105 r\u00f3\u017cne rodzaje karat\u00f3w, kolor\u00f3w, czysto\u015bci i szlif\u00f3w<\/li>\n \t<li data-sourcepos=\"32:1-33:0\">Wykwintne wykonanie doskonale prezentuje pi\u0119kno diament\u00f3w<\/li>\n<\/ul>\n<h3 data-sourcepos=\"36:1-36:28\">Porozmawiaj z nami ju\u017c dzi\u015b o diamentach laboratoryjnie hodowanych i znajd\u017a swoje wieczne \u015bwiat\u0142o.<\/h3>\n&nbsp;\t\t\t\t\t\t\t\t<\/div>\n\t\t\t\t<\/div>\n\t\t\t\t\t<\/div>\n\t\t<\/div>\n\t\t\t\t\t<\/div>\n\t\t<\/section>\n\t\t\t\t<section class=\"elementor-section elementor-top-section elementor-element elementor-element-636e393 elementor-section-boxed elementor-section-height-default elementor-section-height-default\" data-id=\"636e393\" data-element_type=\"section\" data-e-type=\"section\">\n\t\t\t\t\t\t<div class=\"elementor-container elementor-column-gap-default\">\n\t\t\t\t\t<div class=\"elementor-column elementor-col-100 elementor-top-column elementor-element elementor-element-2550d87\" data-id=\"2550d87\" data-element_type=\"column\" data-e-type=\"column\">\n\t\t\t<div class=\"elementor-widget-wrap elementor-element-populated\">\n\t\t\t\t\t\t<div class=\"elementor-element elementor-element-b2d8f7f elementor-button-align-stretch elementor-widget elementor-widget-form\" data-id=\"b2d8f7f\" data-element_type=\"widget\" data-e-type=\"widget\" data-settings=\"{&quot;step_next_label&quot;:&quot;Nast\\u0119pny&quot;,&quot;step_previous_label&quot;:&quot;Poprzedni&quot;,&quot;button_width&quot;:&quot;100&quot;,&quot;step_type&quot;:&quot;number_text&quot;,&quot;step_icon_shape&quot;:&quot;circle&quot;}\" data-widget_type=\"form.default\">\n\t\t\t\t<div class=\"elementor-widget-container\">\n\t\t\t\t\t\t\t<form class=\"elementor-form\" method=\"post\" name=\"Nowy formularz\" aria-label=\"Nowy formularz\">\n\t\t\t<input type=\"hidden\" name=\"post_id\" value=\"120182\"\/>\n\t\t\t<input type=\"hidden\" name=\"form_id\" value=\"b2d8f7f\"\/>\n\t\t\t<input type=\"hidden\" name=\"referer_title\" value=\"\" \/>\n\n\t\t\t\n\t\t\t<div class=\"elementor-form-fields-wrapper elementor-labels-above\">\n\t\t\t\t\t\t\t\t<div class=\"elementor-field-type-text elementor-field-group elementor-column elementor-field-group-name elementor-col-100 elementor-field-required\">\n\t\t\t\t\t\t\t\t\t\t\t\t<label for=\"form-field-name\" class=\"elementor-field-label\">\n\t\t\t\t\t\t\t\tZamiar\t\t\t\t\t\t\t<\/label>\n\t\t\t\t\t\t\t\t\t\t\t\t\t\t<input size=\"1\" type=\"text\" name=\"form_fields[name]\" id=\"form-field-name\" class=\"elementor-field elementor-size-sm  elementor-field-textual\" placeholder=\"Temat*\" required=\"required\">\n\t\t\t\t\t\t\t\t\t\t\t<\/div>\n\t\t\t\t\t\t\t\t<div class=\"elementor-field-type-text elementor-field-group elementor-column elementor-field-group-field_7127a5d elementor-col-100 elementor-field-required\">\n\t\t\t\t\t\t\t\t\t\t\t\t<label for=\"form-field-field_7127a5d\" class=\"elementor-field-label\">\n\t\t\t\t\t\t\t\tnazwa\t\t\t\t\t\t\t<\/label>\n\t\t\t\t\t\t\t\t\t\t\t\t\t\t<input size=\"1\" type=\"text\" name=\"form_fields[field_7127a5d]\" id=\"form-field-field_7127a5d\" class=\"elementor-field elementor-size-sm  elementor-field-textual\" placeholder=\"Twoje imi\u0119*\" required=\"required\">\n\t\t\t\t\t\t\t\t\t\t\t<\/div>\n\t\t\t\t\t\t\t\t<div class=\"elementor-field-type-text elementor-field-group elementor-column elementor-field-group-field_365bc5c elementor-col-100\">\n\t\t\t\t\t\t\t\t\t\t\t\t<label for=\"form-field-field_365bc5c\" class=\"elementor-field-label\">\n\t\t\t\t\t\t\t\tfirma\t\t\t\t\t\t\t<\/label>\n\t\t\t\t\t\t\t\t\t\t\t\t\t\t<input size=\"1\" type=\"text\" name=\"form_fields[field_365bc5c]\" id=\"form-field-field_365bc5c\" class=\"elementor-field elementor-size-sm  elementor-field-textual\" placeholder=\"Firma\">\n\t\t\t\t\t\t\t\t\t\t\t<\/div>\n\t\t\t\t\t\t\t\t<div class=\"elementor-field-type-email elementor-field-group elementor-column elementor-field-group-field_4a6b66e elementor-col-100 elementor-field-required\">\n\t\t\t\t\t\t\t\t\t\t\t\t<label for=\"form-field-field_4a6b66e\" class=\"elementor-field-label\">\n\t\t\t\t\t\t\t\tAdres e-mail\t\t\t\t\t\t\t<\/label>\n\t\t\t\t\t\t\t\t\t\t\t\t\t\t<input size=\"1\" type=\"email\" name=\"form_fields[field_4a6b66e]\" id=\"form-field-field_4a6b66e\" class=\"elementor-field elementor-size-sm  elementor-field-textual\" placeholder=\"e-mail*\" required=\"required\">\n\t\t\t\t\t\t\t\t\t\t\t<\/div>\n\t\t\t\t\t\t\t\t<div class=\"elementor-field-type-textarea elementor-field-group elementor-column elementor-field-group-message elementor-col-100 elementor-field-required\">\n\t\t\t\t\t\t\t\t\t\t\t\t<label for=\"form-field-message\" class=\"elementor-field-label\">\n\t\t\t\t\t\t\t\tWiadomo\u015b\u0107\t\t\t\t\t\t\t<\/label>\n\t\t\t\t\t\t<textarea class=\"elementor-field-textual elementor-field  elementor-size-sm\" name=\"form_fields[message]\" id=\"form-field-message\" rows=\"4\" placeholder=\"informacja*\" required=\"required\"><\/textarea>\t\t\t\t<\/div>\n\t\t\t\t\t\t\t\t<div class=\"elementor-field-group elementor-column elementor-field-type-submit elementor-col-100 e-form__buttons\">\n\t\t\t\t\t<button class=\"elementor-button elementor-size-sm\" type=\"submit\">\n\t\t\t\t\t\t<span class=\"elementor-button-content-wrapper\">\n\t\t\t\t\t\t\t\t\t\t\t\t\t\t\t\t\t\t\t\t\t\t<span class=\"elementor-button-text\">wys\u0142a\u0107<\/span>\n\t\t\t\t\t\t\t\t\t\t\t\t\t<\/span>\n\t\t\t\t\t<\/button>\n\t\t\t\t<\/div>\n\t\t\t<\/div>\n\t\t<\/form>\n\t\t\t\t\t\t<\/div>\n\t\t\t\t<\/div>\n\t\t\t\t\t<\/div>\n\t\t<\/div>\n\t\t\t\t\t<\/div>\n\t\t<\/section>\n\t\t\t\t<\/div>\n\t\t","protected":false},"excerpt":{"rendered":"<ul data-sourcepos=\"30:1-33:0\">\n<li data-sourcepos=\"30:1-30:12\">\n<h4>Certyfikat IGI Certyfikacja<\/h4>\n<\/li>\n<li data-sourcepos=\"31:1-31:21\">\n<h4>Dost\u0119pne s\u0105 r\u00f3\u017cne rodzaje karat\u00f3w, kolor\u00f3w, czysto\u015bci i szlif\u00f3w<\/h4>\n<\/li>\n<li data-sourcepos=\"31:1-31:21\">\n<h4>Zapraszamy do wype\u0142nienia formularza w celu zapytania<\/h4>\n<\/li>\n<\/ul>\n","protected":false},"featured_media":77102,"template":"","meta":{"site-sidebar-layout":"default","site-content-layout":"","ast-site-content-layout":"default","site-content-style":"default","site-sidebar-style":"default","ast-global-header-display":"","ast-banner-title-visibility":"","ast-main-header-display":"","ast-hfb-above-header-display":"","ast-hfb-below-header-display":"","ast-hfb-mobile-header-display":"","site-post-title":"","ast-breadcrumbs-content":"","ast-featured-img":"","footer-sml-layout":"","ast-disable-related-posts":"","theme-transparent-header-meta":"default","adv-header-id-meta":"","stick-header-meta":"default","header-above-stick-meta":"","header-main-stick-meta":"","header-below-stick-meta":"","astra-migrate-meta-layouts":"default","ast-page-background-enabled":"default","ast-page-background-meta":{"desktop":{"background-color":"var(--ast-global-color-5)","background-image":"","background-repeat":"repeat","background-position":"center center","background-size":"auto","background-attachment":"scroll","background-type":"","background-media":"","overlay-type":"","overlay-color":"","overlay-opacity":"","overlay-gradient":""},"tablet":{"background-color":"","background-image":"","background-repeat":"repeat","background-position":"center center","background-size":"auto","background-attachment":"scroll","background-type":"","background-media":"","overlay-type":"","overlay-color":"","overlay-opacity":"","overlay-gradient":""},"mobile":{"background-color":"","background-image":"","background-repeat":"repeat","background-position":"center center","background-size":"auto","background-attachment":"scroll","background-type":"","background-media":"","overlay-type":"","overlay-color":"","overlay-opacity":"","overlay-gradient":""}},"ast-content-background-meta":{"desktop":{"background-color":"var(--ast-global-color-4)","background-image":"","background-repeat":"repeat","background-position":"center center","background-size":"auto","background-attachment":"scroll","background-type":"","background-media":"","overlay-type":"","overlay-color":"","overlay-opacity":"","overlay-gradient":""},"tablet":{"background-color":"var(--ast-global-color-4)","background-image":"","background-repeat":"repeat","background-position":"center center","background-size":"auto","background-attachment":"scroll","background-type":"","background-media":"","overlay-type":"","overlay-color":"","overlay-opacity":"","overlay-gradient":""},"mobile":{"background-color":"var(--ast-global-color-4)","background-image":"","background-repeat":"repeat","background-position":"center center","background-size":"auto","background-attachment":"scroll","background-type":"","background-media":"","overlay-type":"","overlay-color":"","overlay-opacity":"","overlay-gradient":""}}},"product_brand":[],"product_cat":[4238],"product_tag":[9386,9384,9388,9387,9385],"class_list":{"0":"post-120182","1":"product","2":"type-product","3":"status-publish","4":"has-post-thumbnail","6":"product_cat-diamenty-hodowane-w-laboratorium","7":"product_tag-certyfikacja-igi","8":"product_tag-diamenty-hodowane-w-laboratorium","9":"product_tag-diamenty-przyjazne-dla-srodowiska","10":"product_tag-etyczne-diamenty","11":"product_tag-przyszly-diament","12":"desktop-align-left","13":"tablet-align-left","14":"mobile-align-left","15":"ast-product-gallery-layout-horizontal-slider","16":"ast-product-tabs-layout-horizontal","18":"first","19":"instock","20":"taxable","21":"shipping-taxable","22":"product-type-simple"},"_links":{"self":[{"href":"https:\/\/honwaygroup.com\/pl\/wp-json\/wp\/v2\/product\/120182","targetHints":{"allow":["GET"]}}],"collection":[{"href":"https:\/\/honwaygroup.com\/pl\/wp-json\/wp\/v2\/product"}],"about":[{"href":"https:\/\/honwaygroup.com\/pl\/wp-json\/wp\/v2\/types\/product"}],"version-history":[{"count":0,"href":"https:\/\/honwaygroup.com\/pl\/wp-json\/wp\/v2\/product\/120182\/revisions"}],"wp:featuredmedia":[{"embeddable":true,"href":"https:\/\/honwaygroup.com\/pl\/wp-json\/wp\/v2\/media\/77102"}],"wp:attachment":[{"href":"https:\/\/honwaygroup.com\/pl\/wp-json\/wp\/v2\/media?parent=120182"}],"wp:term":[{"taxonomy":"product_brand","embeddable":true,"href":"https:\/\/honwaygroup.com\/pl\/wp-json\/wp\/v2\/product_brand?post=120182"},{"taxonomy":"product_cat","embeddable":true,"href":"https:\/\/honwaygroup.com\/pl\/wp-json\/wp\/v2\/product_cat?post=120182"},{"taxonomy":"product_tag","embeddable":true,"href":"https:\/\/honwaygroup.com\/pl\/wp-json\/wp\/v2\/product_tag?post=120182"}],"curies":[{"name":"wp","href":"https:\/\/api.w.org\/{rel}","templated":true}]}}