{"id":69356,"date":"2014-03-15T14:23:55","date_gmt":"2014-03-15T06:23:55","guid":{"rendered":"https:\/\/honwaygroup.com\/dane-techniczne\/"},"modified":"2025-02-10T13:35:29","modified_gmt":"2025-02-10T05:35:29","slug":"dane-techniczne","status":"publish","type":"page","link":"https:\/\/honwaygroup.com\/pl\/dane-techniczne\/","title":{"rendered":"Dane techniczne"},"content":{"rendered":"\t\t<div data-elementor-type=\"wp-page\" data-elementor-id=\"69356\" class=\"elementor elementor-69356 elementor-636\" data-elementor-post-type=\"page\">\n\t\t\t\t\t\t<section class=\"elementor-section elementor-top-section elementor-element elementor-element-62ae6779 elementor-section-boxed elementor-section-height-default elementor-section-height-default\" data-id=\"62ae6779\" data-element_type=\"section\" data-e-type=\"section\">\n\t\t\t\t\t\t<div class=\"elementor-container elementor-column-gap-default\">\n\t\t\t\t\t<div class=\"elementor-column elementor-col-100 elementor-top-column elementor-element elementor-element-2d0df639\" data-id=\"2d0df639\" data-element_type=\"column\" data-e-type=\"column\">\n\t\t\t<div class=\"elementor-widget-wrap elementor-element-populated\">\n\t\t\t\t\t\t<div class=\"elementor-element elementor-element-5dbb0bb8 elementor-widget elementor-widget-text-editor\" data-id=\"5dbb0bb8\" data-element_type=\"widget\" data-e-type=\"widget\" data-widget_type=\"text-editor.default\">\n\t\t\t\t<div class=\"elementor-widget-container\">\n\t\t\t\t\t\t\t\t\t<p>Kliknij w link, aby zobaczy\u0107 dane techniczne<\/p>\n<p><a title=\"Tabela por\u00f3wnawcza numeru i rozmiaru diament\u00f3w\" href=\"https:\/\/honwaygroup.com\/?page_id=621\" target=\"_blank\" rel=\"noopener\">Tabela por\u00f3wnawcza numeru i rozmiaru diament\u00f3w<\/a><\/p>\n<p><a href=\"https:\/\/honwaygroup.com\/%e4%ba%ba%e9%80%a0%e9%91%bd%e7%9f%b3%e9%87%91%e5%89%9b%e7%9f%b3%e7%b4%b0%e5%be%ae%e6%80%a7%e8%88%87%e5%9c%8b%e5%a4%96%e7%b4%b0%e5%be%ae%e6%80%a7%e6%a8%99%e6%ba%96%e6%af%94%e8%bc%83\/\">Por\u00f3wnanie precyzji sztucznych diament\u00f3w z mi\u0119dzynarodowymi standardami precyzji.<\/a><\/p>\n<p><a title=\"Edytuj \u201eMateria\u0142y katalityczne z metali ziem rzadkich\u201d\" href=\"https:\/\/honwaygroup.com\/wp-admin\/post.php?post=541&amp;action=edit\">Materia\u0142y katalityczne z metali ziem rzadkich<\/a><\/p>\n<p><a title=\"Edytuj \u201eSeria proszk\u00f3w polerskich do szk\u0142a HonWay\u201d\" href=\"https:\/\/honwaygroup.com\/%e5%ae%8f%e5%b4%b4%e5%af%a6%e6%a5%ad%e7%8e%bb%e7%92%83%e7%94%a8%e6%8b%8b%e5%85%89%e7%b2%89%e6%b0%a7%e5%8c%96%e9%88%b0%e9%88%b0%e9%91%ad%e9%90%a0%e7%b3%bb%e5%88%97\/\">Seria proszk\u00f3w polerskich do szk\u0142a HonWay<\/a><\/p>\n<p><a title=\"Strona dedykowana SEO\" href=\"https:\/\/honwaygroup.com\/?page_id=481\" target=\"_blank\" rel=\"noopener\"> Strona dedykowana SEO<\/a><\/p>\n<p>S\u0142owa kluczowe: proszek diamentowy, diamenty polikrystaliczne, nanodiamenty, zawiesina diamentowa, diamenty monokrystaliczne, zawiesina z diament\u00f3w polikrystalicznych, zawiesina z nanodiament\u00f3w, zawisina z diament\u00f3w monokrystalicznych, proszek diamentowy, proszek diamentowy polikrystaliczny, diamentowa zawiesina polerska, pasta diamentowa, proszek nanodiamentowy, pasta polerska, ekspert w polerowaniu, ekspert w szlifowaniu, diamentowa pasta polerska.<\/p>\n\t\t\t\t\t\t\t\t<\/div>\n\t\t\t\t<\/div>\n\t\t\t\t\t<\/div>\n\t\t<\/div>\n\t\t\t\t\t<\/div>\n\t\t<\/section>\n\t\t\t\t<\/div>\n\t\t","protected":false},"excerpt":{"rendered":"<p>Kliknij w link, aby zobaczy\u0107 dane techniczne Tabela por\u00f3wnawcza numeru i rozmiaru diament\u00f3w Por\u00f3wnanie precyzji sztucznych diament\u00f3w z mi\u0119dzynarodowymi standardami [&hellip;]<\/p>\n","protected":false},"author":1,"featured_media":69361,"parent":0,"menu_order":5,"comment_status":"open","ping_status":"open","template":"","meta":{"site-sidebar-layout":"default","site-content-layout":"default","ast-site-content-layout":"default","site-content-style":"default","site-sidebar-style":"default","ast-global-header-display":"","ast-banner-title-visibility":"","ast-main-header-display":"","ast-hfb-above-header-display":"","ast-hfb-below-header-display":"","ast-hfb-mobile-header-display":"","site-post-title":"","ast-breadcrumbs-content":"","ast-featured-img":"","footer-sml-layout":"","ast-disable-related-posts":"","theme-transparent-header-meta":"default","adv-header-id-meta":"","stick-header-meta":"default","header-above-stick-meta":"","header-main-stick-meta":"","header-below-stick-meta":"","astra-migrate-meta-layouts":"default","ast-page-background-enabled":"default","ast-page-background-meta":{"desktop":{"background-color":"var(--ast-global-color-5)","background-image":"","background-repeat":"repeat","background-position":"center center","background-size":"auto","background-attachment":"scroll","background-type":"","background-media":"","overlay-type":"","overlay-color":"","overlay-opacity":"","overlay-gradient":""},"tablet":{"background-color":"","background-image":"","background-repeat":"repeat","background-position":"center center","background-size":"auto","background-attachment":"scroll","background-type":"","background-media":"","overlay-type":"","overlay-color":"","overlay-opacity":"","overlay-gradient":""},"mobile":{"background-color":"","background-image":"","background-repeat":"repeat","background-position":"center center","background-size":"auto","background-attachment":"scroll","background-type":"","background-media":"","overlay-type":"","overlay-color":"","overlay-opacity":"","overlay-gradient":""}},"ast-content-background-meta":{"desktop":{"background-color":"var(--ast-global-color-4)","background-image":"","background-repeat":"repeat","background-position":"center center","background-size":"auto","background-attachment":"scroll","background-type":"","background-media":"","overlay-type":"","overlay-color":"","overlay-opacity":"","overlay-gradient":""},"tablet":{"background-color":"var(--ast-global-color-4)","background-image":"","background-repeat":"repeat","background-position":"center center","background-size":"auto","background-attachment":"scroll","background-type":"","background-media":"","overlay-type":"","overlay-color":"","overlay-opacity":"","overlay-gradient":""},"mobile":{"background-color":"var(--ast-global-color-4)","background-image":"","background-repeat":"repeat","background-position":"center center","background-size":"auto","background-attachment":"scroll","background-type":"","background-media":"","overlay-type":"","overlay-color":"","overlay-opacity":"","overlay-gradient":""}},"footnotes":""},"class_list":["post-69356","page","type-page","status-publish","has-post-thumbnail","hentry"],"_links":{"self":[{"href":"https:\/\/honwaygroup.com\/pl\/wp-json\/wp\/v2\/pages\/69356","targetHints":{"allow":["GET"]}}],"collection":[{"href":"https:\/\/honwaygroup.com\/pl\/wp-json\/wp\/v2\/pages"}],"about":[{"href":"https:\/\/honwaygroup.com\/pl\/wp-json\/wp\/v2\/types\/page"}],"author":[{"embeddable":true,"href":"https:\/\/honwaygroup.com\/pl\/wp-json\/wp\/v2\/users\/1"}],"replies":[{"embeddable":true,"href":"https:\/\/honwaygroup.com\/pl\/wp-json\/wp\/v2\/comments?post=69356"}],"version-history":[{"count":0,"href":"https:\/\/honwaygroup.com\/pl\/wp-json\/wp\/v2\/pages\/69356\/revisions"}],"wp:featuredmedia":[{"embeddable":true,"href":"https:\/\/honwaygroup.com\/pl\/wp-json\/wp\/v2\/media\/69361"}],"wp:attachment":[{"href":"https:\/\/honwaygroup.com\/pl\/wp-json\/wp\/v2\/media?parent=69356"}],"curies":[{"name":"wp","href":"https:\/\/api.w.org\/{rel}","templated":true}]}}