{"id":69325,"date":"2014-11-12T03:16:56","date_gmt":"2014-11-11T19:16:56","guid":{"rendered":"https:\/\/honwaygroup.com\/aktualna-sytuacja-operacyjna-firmy-honway\/"},"modified":"2025-02-10T11:53:01","modified_gmt":"2025-02-10T03:53:01","slug":"aktualna-sytuacja-operacyjna-firmy-honway","status":"publish","type":"page","link":"https:\/\/honwaygroup.com\/pl\/aktualna-sytuacja-operacyjna-firmy-honway\/","title":{"rendered":"Aktualna sytuacja operacyjna firmy HonWay."},"content":{"rendered":"\t\t<div data-elementor-type=\"wp-page\" data-elementor-id=\"69325\" class=\"elementor elementor-69325 elementor-892\" data-elementor-post-type=\"page\">\n\t\t\t\t\t\t<section class=\"elementor-section elementor-top-section elementor-element elementor-element-8f82a1a elementor-section-boxed elementor-section-height-default elementor-section-height-default\" data-id=\"8f82a1a\" data-element_type=\"section\" data-e-type=\"section\">\n\t\t\t\t\t\t<div class=\"elementor-container elementor-column-gap-default\">\n\t\t\t\t\t<div class=\"elementor-column elementor-col-100 elementor-top-column elementor-element elementor-element-58e9127\" data-id=\"58e9127\" data-element_type=\"column\" data-e-type=\"column\">\n\t\t\t<div class=\"elementor-widget-wrap elementor-element-populated\">\n\t\t\t\t\t\t<div class=\"elementor-element elementor-element-b70c340 elementor-widget elementor-widget-text-editor\" data-id=\"b70c340\" data-element_type=\"widget\" data-e-type=\"widget\" data-widget_type=\"text-editor.default\">\n\t\t\t\t<div class=\"elementor-widget-container\">\n\t\t\t\t\t\t\t\t\t<p><strong>Aktualna sytuacja operacyjna firmy HonWay\uff1a<\/strong><\/p>\n<p>HonWay Industrial to tajwa\u0144ska firma specjalizuj\u0105ca si\u0119 w produkcji narz\u0119dzi diamentowych i narz\u0119dzi CBN, za\u0142o\u017cona w 2013 roku w mie\u015bcie Kaohsiung. Od samego pocz\u0105tku dzia\u0142alno\u015bci firma d\u0105\u017cy\u0142a do poprawy technologii obr\u00f3bki w przemy\u015ble, takich jak szlifowanie, polerowanie i ci\u0119cie. Produkowane przez firm\u0119 narz\u0119dzia do superprecyzyjnego polerowania zdoby\u0142y uznanie w przemy\u015ble optycznym. W ostatnich latach firma skoncentrowa\u0142a si\u0119 na rozwoju elastycznych diamentowych materia\u0142\u00f3w \u015bciernych i diamentowych materia\u0142\u00f3w \u015bciernych w zawiesinach, prze\u0142amuj\u0105c tradycyjne ramy i pokazuj\u0105c unikalno\u015b\u0107 swoich produkt\u00f3w w por\u00f3wnaniu do innych producent\u00f3w diament\u00f3w w Tajwanie. <br \/>W obliczu szybkiego rozwoju przemys\u0142u i produkt\u00f3w elektronicznych oraz zmieniaj\u0105cego si\u0119 otoczenia, HonWay Industrial nieustannie podnosi jako\u015b\u0107 i warto\u015b\u0107 swoich produkt\u00f3w, a tak\u017ce aktywnie inwestuje w rozw\u00f3j nowych urz\u0105dze\u0144, technologii i surowc\u00f3w. Aby utrzyma\u0107 wiod\u0105c\u0105 pozycj\u0119 w bran\u017cy, firma nieustannie inwestuje w szkolenia pracownik\u00f3w, zwi\u0119kszaj\u0105c ich profesjonalizm i kompetencje, realizuj\u0105c system przedsi\u0119biorstwa oparty na ludziach i technologii. <br \/>Obecnie firma opracowuje produkty dostosowane do r\u00f3\u017cnych bran\u017c, takich jak precyzyjna optyka, automatyka, produkcja form, medycyna, przemys\u0142 lotniczy, elektronika, p\u00f3\u0142przewodniki i renowacja budynk\u00f3w, skutecznie wprowadzaj\u0105c je do tych sektor\u00f3w.   <\/p>\n\t\t\t\t\t\t\t\t<\/div>\n\t\t\t\t<\/div>\n\t\t\t\t\t<\/div>\n\t\t<\/div>\n\t\t\t\t\t<\/div>\n\t\t<\/section>\n\t\t\t\t<section class=\"elementor-section elementor-top-section elementor-element elementor-element-244b97fc elementor-section-boxed elementor-section-height-default elementor-section-height-default\" data-id=\"244b97fc\" data-element_type=\"section\" data-e-type=\"section\">\n\t\t\t\t\t\t<div class=\"elementor-container elementor-column-gap-default\">\n\t\t\t\t\t<div class=\"elementor-column elementor-col-100 elementor-top-column elementor-element elementor-element-6cff7174\" data-id=\"6cff7174\" data-element_type=\"column\" data-e-type=\"column\">\n\t\t\t<div class=\"elementor-widget-wrap elementor-element-populated\">\n\t\t\t\t\t\t<div class=\"elementor-element elementor-element-57583836 elementor-widget elementor-widget-text-editor\" data-id=\"57583836\" data-element_type=\"widget\" data-e-type=\"widget\" data-widget_type=\"text-editor.default\">\n\t\t\t\t<div class=\"elementor-widget-container\">\n\t\t\t\t\t\t\t\t\t<p><strong>Zakres dzia\u0142alno\u015bci:<\/strong><\/p><pre class=\"pre-rule\" data-v-08b561cd=\"\">\u947d\u77f3\u53ca<a href=\"https:\/\/zh.wikipedia.org\/wiki\/%E6%B0%AE%E5%8C%96%E7%A1%BC\" rel=\"nofollow noopener\" target=\"_blank\">\u6c2e\u5316\u787c<\/a>\u76f8\u95dc\u7522\u54c1\uff0c\u4e3b\u71df\u96fb\u9444\u3001\u6a39\u916f\u3001\u91d1\u5c6c\u3001\u9676\u74f7\u7d50\u5408\u6cd5\u53ca\u7814\u78e8\u8edf\u6027\u78e8\u6599\n(1) . \u534a\u5c0e\u9ad4\u52a0\u5de5\u7528\u947d\u77f3\/cBN\u78e8\u68d2\u3001\u632b\u5200 \n(2) . \u5404\u7a2e\u7cbe\u5bc6\u947d\u77f3\/ cBN\u7802\u8f2a \n(3) . \u6db2\u6676\u73bb\u7483\u7814\u78e8\u7528\u947d\u77f3\u7802\u8f2a \n(4) . \u947d\u77f3\/ cBN\u96fb\u9444\u88fd\u54c1\n(5) . \u85cd\u5bf6\u77f3\/\u73bb\u7483\u7528\u947d\u77f3\u5283\u7dda\u5200\n(6) . \u947d\u77f3\u947d\u982d \n(7) . \u6d41\u9ad4\u947d\u77f3\u78e8\u6599\u3001\u947d\u77f3\u6bdb\u5237\u3001\u947d\u77f3\u6db2\u3001\u947d\u77f3\u818f\n(8) . \u947d\u77f3\u92f8\u7247 \n(9) . \u77f3\u82f1\u78da\u7528\u947d\u77f3\u5de5\u5177 \n(10) . \u947d\u77f3\u4fee\u5200\u3001\u8eca\u5200\u3001\u8010\u78e8\u8017\u5de5\u5177 \n(11) . \u947d\u77f3\/\u805a\u6676\u947d\u77f3\u4f38\u7dda\u773c\u6a21 \n(12) . \u947d\u77f3PCD\/cBN\u591a\u5203\u5200\u5177<\/pre><p><a href=\"https:\/\/honwaygroup.com\/wp-content\/uploads\/2014\/11\/%E5%AE%8F%E5%B4%B4%E5%AF%A6%E8%91%89%E9%91%BD%E7%9F%B3%E7%94%A2%E5%93%81%E7%B7%9A.jpg\"><img fetchpriority=\"high\" decoding=\"async\" class=\"alignleft wp-image-910\" src=\"https:\/\/honwaygroup.com\/wp-content\/uploads\/2014\/11\/%E5%AE%8F%E5%B4%B4%E5%AF%A6%E8%91%89%E9%91%BD%E7%9F%B3%E7%94%A2%E5%93%81%E7%B7%9A.jpg\" alt=\"Aktualna sytuacja operacyjna firmy HonWay.\" width=\"472\" height=\"270\"><\/a><\/p><p><strong><a href=\"https:\/\/honwaygroup.com\/wp-content\/uploads\/2014\/09\/10649524_391884140965184_8404745917666318234_n.jpg\"><img decoding=\"async\" class=\"alignnone wp-image-883\" src=\"https:\/\/honwaygroup.com\/wp-content\/uploads\/2014\/09\/10649524_391884140965184_8404745917666318234_n.jpg\" alt=\"HonWay wzi\u0119\u0142o udzia\u0142 w wystawie narz\u0119dzi do form w Taipei Nangang World Trade Center 2014 roku, aktualna sytuacja firmy\" width=\"339\" height=\"254\" srcset=\"https:\/\/honwaygroup.com\/wp-content\/uploads\/2014\/09\/10649524_391884140965184_8404745917666318234_n.jpg 960w, https:\/\/honwaygroup.com\/wp-content\/uploads\/2014\/09\/10649524_391884140965184_8404745917666318234_n-300x225.jpg 300w, https:\/\/honwaygroup.com\/wp-content\/uploads\/2014\/09\/10649524_391884140965184_8404745917666318234_n-600x450.avif 600w\" sizes=\"(max-width: 339px) 100vw, 339px\" \/><\/a><\/strong><\/p><p><a href=\"https:\/\/honwaygroup.com\/wp-content\/uploads\/2014\/06\/%E9%91%BD%E7%9F%B3%E7%A3%A8%E6%A3%92%E5%8C%96%E5%B7%A5%E5%8E%9F%E6%96%99%E7%89%B9%E6%AE%8A%E6%9D%90%E6%96%99%E7%89%B9%E6%AE%8A%E5%8E%9F%E6%96%99%E7%A8%80%E6%9C%89%E5%8E%9F%E6%96%99%E7%89%B9%E6%AE%8A%E9%87%91%E5%B1%AC%E6%9D%90%E6%96%99%E6%AC%8A%E5%B4%B4%E7%A4%A6%E7%89%A9%E5%B0%88%E5%AE%B6.jpg\"><img decoding=\"async\" class=\" wp-image-821\" src=\"https:\/\/honwaygroup.com\/wp-content\/uploads\/2014\/06\/%E9%91%BD%E7%9F%B3%E7%A3%A8%E6%A3%92%E5%8C%96%E5%B7%A5%E5%8E%9F%E6%96%99%E7%89%B9%E6%AE%8A%E6%9D%90%E6%96%99%E7%89%B9%E6%AE%8A%E5%8E%9F%E6%96%99%E7%A8%80%E6%9C%89%E5%8E%9F%E6%96%99%E7%89%B9%E6%AE%8A%E9%87%91%E5%B1%AC%E6%9D%90%E6%96%99%E6%AC%8A%E5%B4%B4%E7%A4%A6%E7%89%A9%E5%B0%88%E5%AE%B6.jpg\" alt=\"Proszek diamentowy, pasta diamentowa, akcesoria diamentowe, prezenty diamentowe, diamentowa \u015bwinka, diamentowa klepsydra\" width=\"869\" height=\"193\"><\/a><\/p>\t\t\t\t\t\t\t\t<\/div>\n\t\t\t\t<\/div>\n\t\t\t\t\t<\/div>\n\t\t<\/div>\n\t\t\t\t\t<\/div>\n\t\t<\/section>\n\t\t\t\t<section class=\"elementor-section elementor-top-section elementor-element elementor-element-94fe719 elementor-section-boxed elementor-section-height-default elementor-section-height-default\" data-id=\"94fe719\" data-element_type=\"section\" data-e-type=\"section\">\n\t\t\t\t\t\t<div class=\"elementor-container elementor-column-gap-default\">\n\t\t\t\t\t<div class=\"elementor-column elementor-col-100 elementor-top-column elementor-element elementor-element-de2e0b4\" data-id=\"de2e0b4\" data-element_type=\"column\" data-e-type=\"column\">\n\t\t\t<div class=\"elementor-widget-wrap elementor-element-populated\">\n\t\t\t\t\t\t<div class=\"elementor-element elementor-element-7df06e6 elementor-widget elementor-widget-text-editor\" data-id=\"7df06e6\" data-element_type=\"widget\" data-e-type=\"widget\" data-widget_type=\"text-editor.default\">\n\t\t\t\t<div class=\"elementor-widget-container\">\n\t\t\t\t\t\t\t\t\t<p><strong>Analiza rynkowa:<\/strong><strong><br \/><\/strong><\/p>\n<p>Nasza firma obs\u0142uguje szeroki zakres bran\u017c, takich jak przemys\u0142 elektroniczny, przemys\u0142 panelowy, przemys\u0142 p\u00f3\u0142przewodnikowy, przemys\u0142 narz\u0119dziowy, przemys\u0142 motoryzacyjny, przemys\u0142 narz\u0119dzi skrawaj\u0105cych oraz handlowc\u00f3w, kt\u00f3rzy s\u0105 naszymi sta\u0142ymi klientami. W ci\u0105gu ostatniego roku przeprowadzili\u015bmy transakcje z niemal setk\u0105 klient\u00f3w, z czego 70% pochodzi z po\u0142udnia kraju, 15% z centralnej cz\u0119\u015bci, a 10% z sektora edukacyjnego. Ponadto mamy r\u00f3wnie\u017c kilkudziesi\u0119ciu ko\u0144cowych u\u017cytkownik\u00f3w z aukcji internetowych, a w p\u00f3\u0142nocnej cz\u0119\u015bci kraju, gdzie jeszcze intensywnie rozwijamy nasz\u0105 dzia\u0142alno\u015b\u0107, jest mniej klient\u00f3w. Nasza firma nie szcz\u0119dzi wysi\u0142k\u00f3w na rozw\u00f3j ekspozycji internetowej, aktywnie uczestniczy w wystawach, co pozwala na zwi\u0119kszenie liczby nowych klient\u00f3w (oko\u0142o 10% naszych klient\u00f3w pochodzi z wyszukiwania w internecie), co odci\u0105\u017ca prac\u0119 naszych handlowc\u00f3w.<\/p>\n\t\t\t\t\t\t\t\t<\/div>\n\t\t\t\t<\/div>\n\t\t\t\t\t<\/div>\n\t\t<\/div>\n\t\t\t\t\t<\/div>\n\t\t<\/section>\n\t\t\t\t<section class=\"elementor-section elementor-top-section elementor-element elementor-element-fc878a9 elementor-section-boxed elementor-section-height-default elementor-section-height-default\" data-id=\"fc878a9\" data-element_type=\"section\" data-e-type=\"section\">\n\t\t\t\t\t\t<div class=\"elementor-container elementor-column-gap-default\">\n\t\t\t\t\t<div class=\"elementor-column elementor-col-50 elementor-top-column elementor-element elementor-element-46f1add\" data-id=\"46f1add\" data-element_type=\"column\" data-e-type=\"column\">\n\t\t\t<div class=\"elementor-widget-wrap elementor-element-populated\">\n\t\t\t\t\t\t<div class=\"elementor-element elementor-element-530bcc8 elementor-widget elementor-widget-image\" data-id=\"530bcc8\" data-element_type=\"widget\" data-e-type=\"widget\" data-widget_type=\"image.default\">\n\t\t\t\t<div class=\"elementor-widget-container\">\n\t\t\t\t\t\t\t\t\t\t\t\t\t\t\t<img loading=\"lazy\" decoding=\"async\" width=\"1024\" height=\"585\" src=\"https:\/\/honwaygroup.com\/wp-content\/uploads\/2023\/06\/1518629_373407996146132_2506920978292442190_o-1024x585.webp\" class=\"attachment-large size-large wp-image-15859\" alt=\"\" srcset=\"https:\/\/honwaygroup.com\/wp-content\/uploads\/2023\/06\/1518629_373407996146132_2506920978292442190_o-1024x585.webp 1024w, https:\/\/honwaygroup.com\/wp-content\/uploads\/2023\/06\/1518629_373407996146132_2506920978292442190_o-300x171.webp 300w, https:\/\/honwaygroup.com\/wp-content\/uploads\/2023\/06\/1518629_373407996146132_2506920978292442190_o-768x439.webp 768w, https:\/\/honwaygroup.com\/wp-content\/uploads\/2023\/06\/1518629_373407996146132_2506920978292442190_o-1536x878.webp 1536w, https:\/\/honwaygroup.com\/wp-content\/uploads\/2023\/06\/1518629_373407996146132_2506920978292442190_o.webp 1920w\" sizes=\"(max-width: 1024px) 100vw, 1024px\" \/>\t\t\t\t\t\t\t\t\t\t\t\t\t\t\t<\/div>\n\t\t\t\t<\/div>\n\t\t\t\t\t<\/div>\n\t\t<\/div>\n\t\t\t\t<div class=\"elementor-column elementor-col-50 elementor-top-column elementor-element elementor-element-7a3388f\" data-id=\"7a3388f\" data-element_type=\"column\" data-e-type=\"column\">\n\t\t\t<div class=\"elementor-widget-wrap elementor-element-populated\">\n\t\t\t\t\t\t<div class=\"elementor-element elementor-element-5892068 elementor-widget elementor-widget-image\" data-id=\"5892068\" data-element_type=\"widget\" data-e-type=\"widget\" data-widget_type=\"image.default\">\n\t\t\t\t<div class=\"elementor-widget-container\">\n\t\t\t\t\t\t\t\t\t\t\t\t\t\t\t<img loading=\"lazy\" decoding=\"async\" width=\"960\" height=\"720\" src=\"https:\/\/honwaygroup.com\/wp-content\/uploads\/2023\/06\/10649524_391884140965184_8404745917666318234_n.webp\" class=\"attachment-large size-large wp-image-15860\" alt=\"\" srcset=\"https:\/\/honwaygroup.com\/wp-content\/uploads\/2023\/06\/10649524_391884140965184_8404745917666318234_n.webp 960w, https:\/\/honwaygroup.com\/wp-content\/uploads\/2023\/06\/10649524_391884140965184_8404745917666318234_n-300x225.webp 300w, https:\/\/honwaygroup.com\/wp-content\/uploads\/2023\/06\/10649524_391884140965184_8404745917666318234_n-768x576.webp 768w\" sizes=\"(max-width: 960px) 100vw, 960px\" \/>\t\t\t\t\t\t\t\t\t\t\t\t\t\t\t<\/div>\n\t\t\t\t<\/div>\n\t\t\t\t\t<\/div>\n\t\t<\/div>\n\t\t\t\t\t<\/div>\n\t\t<\/section>\n\t\t\t\t<section class=\"elementor-section elementor-top-section elementor-element elementor-element-cfe3848 elementor-section-boxed elementor-section-height-default elementor-section-height-default\" data-id=\"cfe3848\" data-element_type=\"section\" data-e-type=\"section\">\n\t\t\t\t\t\t<div class=\"elementor-container elementor-column-gap-default\">\n\t\t\t\t\t<div class=\"elementor-column elementor-col-100 elementor-top-column elementor-element elementor-element-821c1ea\" data-id=\"821c1ea\" data-element_type=\"column\" data-e-type=\"column\">\n\t\t\t<div class=\"elementor-widget-wrap elementor-element-populated\">\n\t\t\t\t\t\t<div class=\"elementor-element elementor-element-6bebb30 elementor-widget elementor-widget-text-editor\" data-id=\"6bebb30\" data-element_type=\"widget\" data-e-type=\"widget\" data-widget_type=\"text-editor.default\">\n\t\t\t\t<div class=\"elementor-widget-container\">\n\t\t\t\t\t\t\t\t\t<p><strong>Potencja\u0142 rynkowy : <\/strong><\/p>\n<p>Era informacji elektronicznych rozwija si\u0119 w zawrotnym tempie, a elementy produkt\u00f3w elektronicznych staj\u0105 si\u0119 coraz bardziej precyzyjne. Jeste\u015bmy r\u00f3wnie\u017c bardzo optymistycznie nastawieni do przysz\u0142o\u015bci paneli szafirowych, a opracowana przez nas szczotka diamentowa jest w stanie rozwi\u0105za\u0107 problem zaokr\u0105glania kraw\u0119dzi szafiru, poprawiaj\u0105c wydajno\u015b\u0107 produkcji. Na obecnym etapie nadal wsp\u00f3\u0142pracujemy z urz\u0105dzeniami maszynowymi. Je\u015bli chodzi o obudowy telefon\u00f3w, tendencja sk\u0142ania si\u0119 ku supertwardym materia\u0142om, takim jak tytanowe stopy, kt\u00f3re s\u0105 trudne do polerowania. W zwi\u0105zku z tym ro\u015bnie zapotrzebowanie na polerowanie z u\u017cyciem ultra-twardych materia\u0142\u00f3w, takich jak diamenty czy cBN (borek azotu). Ponadto, w zwi\u0105zku z rosn\u0105c\u0105 \u015bwiadomo\u015bci\u0105 ekologiczn\u0105 i zdrowotn\u0105, wielu producent\u00f3w aktywnie poszukuje bardziej ekologicznych i nietoksycznych materia\u0142\u00f3w. W przysz\u0142o\u015bci spodziewamy si\u0119 znacznego wzrostu zapotrzebowania na tego typu produkty.<\/p>\n\t\t\t\t\t\t\t\t<\/div>\n\t\t\t\t<\/div>\n\t\t\t\t\t<\/div>\n\t\t<\/div>\n\t\t\t\t\t<\/div>\n\t\t<\/section>\n\t\t\t\t<\/div>\n\t\t","protected":false},"excerpt":{"rendered":"<p>Aktualna sytuacja operacyjna firmy HonWay\uff1a HonWay Industrial to tajwa\u0144ska firma specjalizuj\u0105ca si\u0119 w produkcji narz\u0119dzi diamentowych i narz\u0119dzi CBN, za\u0142o\u017cona [&hellip;]<\/p>\n","protected":false},"author":1,"featured_media":69330,"parent":0,"menu_order":1,"comment_status":"open","ping_status":"closed","template":"","meta":{"site-sidebar-layout":"default","site-content-layout":"default","ast-site-content-layout":"default","site-content-style":"default","site-sidebar-style":"default","ast-global-header-display":"","ast-banner-title-visibility":"","ast-main-header-display":"","ast-hfb-above-header-display":"","ast-hfb-below-header-display":"","ast-hfb-mobile-header-display":"","site-post-title":"","ast-breadcrumbs-content":"","ast-featured-img":"","footer-sml-layout":"","ast-disable-related-posts":"","theme-transparent-header-meta":"default","adv-header-id-meta":"","stick-header-meta":"default","header-above-stick-meta":"","header-main-stick-meta":"","header-below-stick-meta":"","astra-migrate-meta-layouts":"default","ast-page-background-enabled":"default","ast-page-background-meta":{"desktop":{"background-color":"var(--ast-global-color-5)","background-image":"","background-repeat":"repeat","background-position":"center center","background-size":"auto","background-attachment":"scroll","background-type":"","background-media":"","overlay-type":"","overlay-color":"","overlay-opacity":"","overlay-gradient":""},"tablet":{"background-color":"","background-image":"","background-repeat":"repeat","background-position":"center center","background-size":"auto","background-attachment":"scroll","background-type":"","background-media":"","overlay-type":"","overlay-color":"","overlay-opacity":"","overlay-gradient":""},"mobile":{"background-color":"","background-image":"","background-repeat":"repeat","background-position":"center center","background-size":"auto","background-attachment":"scroll","background-type":"","background-media":"","overlay-type":"","overlay-color":"","overlay-opacity":"","overlay-gradient":""}},"ast-content-background-meta":{"desktop":{"background-color":"var(--ast-global-color-4)","background-image":"","background-repeat":"repeat","background-position":"center center","background-size":"auto","background-attachment":"scroll","background-type":"","background-media":"","overlay-type":"","overlay-color":"","overlay-opacity":"","overlay-gradient":""},"tablet":{"background-color":"var(--ast-global-color-4)","background-image":"","background-repeat":"repeat","background-position":"center center","background-size":"auto","background-attachment":"scroll","background-type":"","background-media":"","overlay-type":"","overlay-color":"","overlay-opacity":"","overlay-gradient":""},"mobile":{"background-color":"var(--ast-global-color-4)","background-image":"","background-repeat":"repeat","background-position":"center center","background-size":"auto","background-attachment":"scroll","background-type":"","background-media":"","overlay-type":"","overlay-color":"","overlay-opacity":"","overlay-gradient":""}},"footnotes":""},"class_list":["post-69325","page","type-page","status-publish","has-post-thumbnail","hentry"],"_links":{"self":[{"href":"https:\/\/honwaygroup.com\/pl\/wp-json\/wp\/v2\/pages\/69325","targetHints":{"allow":["GET"]}}],"collection":[{"href":"https:\/\/honwaygroup.com\/pl\/wp-json\/wp\/v2\/pages"}],"about":[{"href":"https:\/\/honwaygroup.com\/pl\/wp-json\/wp\/v2\/types\/page"}],"author":[{"embeddable":true,"href":"https:\/\/honwaygroup.com\/pl\/wp-json\/wp\/v2\/users\/1"}],"replies":[{"embeddable":true,"href":"https:\/\/honwaygroup.com\/pl\/wp-json\/wp\/v2\/comments?post=69325"}],"version-history":[{"count":0,"href":"https:\/\/honwaygroup.com\/pl\/wp-json\/wp\/v2\/pages\/69325\/revisions"}],"wp:featuredmedia":[{"embeddable":true,"href":"https:\/\/honwaygroup.com\/pl\/wp-json\/wp\/v2\/media\/69330"}],"wp:attachment":[{"href":"https:\/\/honwaygroup.com\/pl\/wp-json\/wp\/v2\/media?parent=69325"}],"curies":[{"name":"wp","href":"https:\/\/api.w.org\/{rel}","templated":true}]}}