{"id":69293,"date":"2023-06-20T16:27:53","date_gmt":"2023-06-20T08:27:53","guid":{"rendered":"https:\/\/honwaygroup.com\/polityka-zwrotow\/"},"modified":"2025-05-05T17:42:14","modified_gmt":"2025-05-05T09:42:14","slug":"polityka-zwrotow","status":"publish","type":"page","link":"https:\/\/honwaygroup.com\/pl\/polityka-zwrotow\/","title":{"rendered":"Polityka zwr\u00f3t\u00f3w"},"content":{"rendered":"\n<p><b>To jest przyk\u0142adowa strona.<\/b><\/p>\n\n<h3>Overview<\/h3>\n\n<p>Nasza polityka zwrot\u00f3w jest wa\u017cna przez 30 dni. Je\u015bli min\u0119\u0142o 30 dni od zakupu, nie mo\u017cemy zaoferowa\u0107 pe\u0142nego zwrotu pieni\u0119dzy ani wymiany. <\/p>\n\n<p>Aby kwalifikowa\u0107 si\u0119 do zwrotu, przedmiot musi by\u0107 nieu\u017cywany i w takim samym stanie, w jakim go otrzyma\u0142e\u015b. Musi r\u00f3wnie\u017c znajdowa\u0107 si\u0119 w oryginalnym opakowaniu. <\/p>\n\n<p>Kilka rodzaj\u00f3w towar\u00f3w jest wy\u0142\u0105czonych z mo\u017cliwo\u015bci zwrotu. Towary \u0142atwo psuj\u0105ce si\u0119, takie jak \u017cywno\u015b\u0107, kwiaty, gazety lub czasopisma, nie podlegaj\u0105 zwrotowi. Nie przyjmujemy r\u00f3wnie\u017c produkt\u00f3w, kt\u00f3re s\u0105 intymne lub higieniczne, materia\u0142\u00f3w niebezpiecznych ani \u0142atwopalnych cieczy lub gaz\u00f3w.  <\/p>\n\n<p>Dodatkowe przedmioty niepodlegaj\u0105ce zwrotowi:<\/p>\n\n<ul class=\"wp-block-list\">\n<li>Karty podarunkowe<\/li>\n<li>Produkty oprogramowania do pobrania.<\/li>\n<li>Niekt\u00f3re artyku\u0142y zdrowotne i higieniczne.<\/li>\n<\/ul>\n\n<p>W celu dokonania zwrotu, niezb\u0119dny jest paragonu lub dowodu zakupu.<\/p>\n\n<p>Prosz\u0119 nie odsy\u0142a\u0107 swojego zakupu do producenta.<\/p>\n\n<p>Istniej\u0105 okre\u015blone sytuacje, w kt\u00f3rych przyznawane s\u0105 tylko cz\u0119\u015bciowe zwroty:<\/p>\n\n<ul class=\"wp-block-list\">\n<li>Ksi\u0105\u017cka z wyra\u017anymi \u015bladami u\u017cytkowania.<\/li>\n<li>CD, DVD, kaseta VHS, oprogramowanie, gra wideo, ta\u015bma magnetofonowa lub p\u0142yta winylowa, kt\u00f3ra zosta\u0142a otwarta.<\/li>\n<li>Ka\u017cdy przedmiot, kt\u00f3ry nie znajduje si\u0119 w oryginalnym stanie, jest uszkodzony lub brakuje w nim cz\u0119\u015bci z powod\u00f3w niezwi\u0105zanych z nasz\u0105 pomy\u0142k\u0105.<\/li>\n<li>Ka\u017cdy przedmiot, kt\u00f3ry zostanie zwr\u00f3cony po up\u0142ywie 30 dni od dostawy.<\/li>\n<\/ul>\n\n<h2>Zwrot \u015brodk\u00f3w<\/h2>\n\n<p>Po otrzymaniu i sprawdzeniu zwrotu, wy\u015blemy Ci e-maila z powiadomieniem, \u017ce otrzymali\u015bmy zwr\u00f3cony przedmiot. Powiadomimy Ci\u0119 r\u00f3wnie\u017c o zatwierdzeniu lub odrzuceniu Twojego zwrotu pieni\u0119dzy. <\/p>\n\n<p>Je\u015bli zwrot zostanie zatwierdzony, Twoje \u015brodki zostan\u0105 przetworzone, a kredyt zostanie automatycznie zastosowany do Twojej karty kredytowej lub pierwotnej metody p\u0142atno\u015bci w ci\u0105gu okre\u015blonej liczby dni.<\/p>\n\n<b>Late or missing refunds<\/b>\n\n<p>Je\u015bli jeszcze nie otrzyma\u0142e\u015b zwrotu, najpierw sprawd\u017a ponownie swoje konto bankowe.<\/p>\n\n<p>Nast\u0119pnie skontaktuj si\u0119 ze swoj\u0105 firm\u0105 obs\u0142uguj\u0105c\u0105 kart\u0119 kredytow\u0105, poniewa\u017c mo\u017ce min\u0105\u0107 troch\u0119 czasu, zanim zwrot zostanie oficjalnie zaksi\u0119gowany.<\/p>\n\n<p>Nast\u0119pnie skontaktuj si\u0119 ze swoim bankiem. Cz\u0119sto wyst\u0119puje pewien czas przetwarzania, zanim zwrot zostanie zaksi\u0119gowany. <\/p>\n\n<p>Je\u015bli wykona\u0142e\u015b wszystkie te kroki i nadal nie otrzyma\u0142e\u015b zwrotu, prosimy o kontakt pod adresem e-mail: {email address}.<\/p>\n\n<b>Sale items<\/b>\n\n<p>Tylko przedmioty w regularnej cenie mog\u0105 by\u0107 zwr\u00f3cone. Przedmioty w promocji nie podlegaj\u0105 zwrotowi. <\/p>\n\n<h2>Wymiany<\/h2>\n\n<p>Wymieniamy przedmioty tylko w przypadku, gdy s\u0105 one wadliwe lub uszkodzone. Je\u015bli chcesz wymieni\u0107 produkt na ten sam, wy\u015blij do nas e-mail na adres {email address} i prze\u015blij sw\u00f3j przedmiot na adres: {physical address}. <\/p>\n\n<h2>Prezenty<\/h2>\n\n<p>Je\u015bli przedmiot zosta\u0142 oznaczony jako prezent przy zakupie i wys\u0142any bezpo\u015brednio do Ciebie, otrzymasz kredyt na prezent r\u00f3wny warto\u015bci zwr\u00f3conego przedmiotu. Po otrzymaniu zwr\u00f3conego przedmiotu, zostanie do Ciebie wys\u0142any bon podarunkowy. <\/p>\n\n<p>Je\u015bli przedmiot nie zosta\u0142 oznaczony jako prezent przy zakupie, lub osoba daj\u0105ca prezent zam\u00f3wi\u0142a go na swoje nazwisko, aby p\u00f3\u017aniej wr\u0119czy\u0107 Ci go osobi\u015bcie, zwrot pieni\u0119dzy zostanie wys\u0142any do osoby daj\u0105cej prezent, kt\u00f3ra dowie si\u0119 o Twoim zwrocie.<\/p>\n\n<h2>Zwroty wysy\u0142kowe.<\/h2>\n\n<p>Aby zwr\u00f3ci\u0107 produkt, nale\u017cy wys\u0142a\u0107 go na adres: {physical address}.<\/p>\n\n<p>B\u0119dziesz odpowiedzialny za op\u0142acenie koszt\u00f3w wysy\u0142ki zwr\u00f3conego przedmiotu. Koszty wysy\u0142ki nie podlegaj\u0105 zwrotowi. Je\u015bli otrzymasz zwrot pieni\u0119dzy, koszt wysy\u0142ki zwrotnej zostanie odj\u0119ty od kwoty zwrotu.  <\/p>\n\n<p>W zale\u017cno\u015bci od miejsca zamieszkania, czas, w jakim wymieniony produkt dotrze do Ciebie, mo\u017ce si\u0119 r\u00f3\u017cni\u0107.<\/p>\n\n<p>Je\u015bli zwracasz dro\u017csze przedmioty, warto rozwa\u017cy\u0107 skorzystanie z us\u0142ugi wysy\u0142ki z mo\u017cliwo\u015bci\u0105 \u015bledzenia lub zakupienie ubezpieczenia przesy\u0142ki. Nie gwarantujemy, \u017ce otrzymamy zwr\u00f3cony przedmiot. <\/p>\n\n<h2>Potrzebujesz pomocy?<\/h2>\n\n<p>Skontaktuj si\u0119 z nami {email}w kwestiach zwr\u00f3t\u00f3w.<\/p>\n","protected":false},"excerpt":{"rendered":"<p>To jest przyk\u0142adowa strona. Overview Nasza polityka zwrot\u00f3w jest wa\u017cna przez 30 dni. Je\u015bli min\u0119\u0142o 30 dni od zakupu, nie [&hellip;]<\/p>\n","protected":false},"author":1,"featured_media":0,"parent":0,"menu_order":0,"comment_status":"closed","ping_status":"closed","template":"","meta":{"site-sidebar-layout":"default","site-content-layout":"","ast-site-content-layout":"default","site-content-style":"default","site-sidebar-style":"default","ast-global-header-display":"","ast-banner-title-visibility":"","ast-main-header-display":"","ast-hfb-above-header-display":"","ast-hfb-below-header-display":"","ast-hfb-mobile-header-display":"","site-post-title":"","ast-breadcrumbs-content":"","ast-featured-img":"","footer-sml-layout":"","ast-disable-related-posts":"","theme-transparent-header-meta":"","adv-header-id-meta":"","stick-header-meta":"","header-above-stick-meta":"","header-main-stick-meta":"","header-below-stick-meta":"","astra-migrate-meta-layouts":"default","ast-page-background-enabled":"default","ast-page-background-meta":{"desktop":{"background-color":"var(--ast-global-color-5)","background-image":"","background-repeat":"repeat","background-position":"center center","background-size":"auto","background-attachment":"scroll","background-type":"","background-media":"","overlay-type":"","overlay-color":"","overlay-opacity":"","overlay-gradient":""},"tablet":{"background-color":"","background-image":"","background-repeat":"repeat","background-position":"center center","background-size":"auto","background-attachment":"scroll","background-type":"","background-media":"","overlay-type":"","overlay-color":"","overlay-opacity":"","overlay-gradient":""},"mobile":{"background-color":"","background-image":"","background-repeat":"repeat","background-position":"center center","background-size":"auto","background-attachment":"scroll","background-type":"","background-media":"","overlay-type":"","overlay-color":"","overlay-opacity":"","overlay-gradient":""}},"ast-content-background-meta":{"desktop":{"background-color":"var(--ast-global-color-4)","background-image":"","background-repeat":"repeat","background-position":"center center","background-size":"auto","background-attachment":"scroll","background-type":"","background-media":"","overlay-type":"","overlay-color":"","overlay-opacity":"","overlay-gradient":""},"tablet":{"background-color":"var(--ast-global-color-4)","background-image":"","background-repeat":"repeat","background-position":"center center","background-size":"auto","background-attachment":"scroll","background-type":"","background-media":"","overlay-type":"","overlay-color":"","overlay-opacity":"","overlay-gradient":""},"mobile":{"background-color":"var(--ast-global-color-4)","background-image":"","background-repeat":"repeat","background-position":"center center","background-size":"auto","background-attachment":"scroll","background-type":"","background-media":"","overlay-type":"","overlay-color":"","overlay-opacity":"","overlay-gradient":""}},"footnotes":""},"class_list":["post-69293","page","type-page","status-publish","hentry"],"_links":{"self":[{"href":"https:\/\/honwaygroup.com\/pl\/wp-json\/wp\/v2\/pages\/69293","targetHints":{"allow":["GET"]}}],"collection":[{"href":"https:\/\/honwaygroup.com\/pl\/wp-json\/wp\/v2\/pages"}],"about":[{"href":"https:\/\/honwaygroup.com\/pl\/wp-json\/wp\/v2\/types\/page"}],"author":[{"embeddable":true,"href":"https:\/\/honwaygroup.com\/pl\/wp-json\/wp\/v2\/users\/1"}],"replies":[{"embeddable":true,"href":"https:\/\/honwaygroup.com\/pl\/wp-json\/wp\/v2\/comments?post=69293"}],"version-history":[{"count":0,"href":"https:\/\/honwaygroup.com\/pl\/wp-json\/wp\/v2\/pages\/69293\/revisions"}],"wp:attachment":[{"href":"https:\/\/honwaygroup.com\/pl\/wp-json\/wp\/v2\/media?parent=69293"}],"curies":[{"name":"wp","href":"https:\/\/api.w.org\/{rel}","templated":true}]}}