{"id":69256,"date":"2013-11-10T21:18:18","date_gmt":"2013-11-10T13:18:18","guid":{"rendered":"https:\/\/honwaygroup.com\/system-badan-i-rozwoju-technologii\/"},"modified":"2025-02-07T17:45:00","modified_gmt":"2025-02-07T09:45:00","slug":"system-badan-i-rozwoju-technologii","status":"publish","type":"page","link":"https:\/\/honwaygroup.com\/pl\/system-badan-i-rozwoju-technologii\/","title":{"rendered":"System bada\u0144 i rozwoju technologii"},"content":{"rendered":"\t\t<div data-elementor-type=\"wp-page\" data-elementor-id=\"69256\" class=\"elementor elementor-69256 elementor-192\" data-elementor-post-type=\"page\">\n\t\t\t\t\t\t<section class=\"elementor-section elementor-top-section elementor-element elementor-element-4308c303 elementor-section-boxed elementor-section-height-default elementor-section-height-default\" data-id=\"4308c303\" data-element_type=\"section\" data-e-type=\"section\">\n\t\t\t\t\t\t<div class=\"elementor-container elementor-column-gap-default\">\n\t\t\t\t\t<div class=\"elementor-column elementor-col-100 elementor-top-column elementor-element elementor-element-452508d8\" data-id=\"452508d8\" data-element_type=\"column\" data-e-type=\"column\">\n\t\t\t<div class=\"elementor-widget-wrap elementor-element-populated\">\n\t\t\t\t\t\t<div class=\"elementor-element elementor-element-70e5ee6 elementor-widget elementor-widget-text-editor\" data-id=\"70e5ee6\" data-element_type=\"widget\" data-e-type=\"widget\" data-widget_type=\"text-editor.default\">\n\t\t\t\t<div class=\"elementor-widget-container\">\n\t\t\t\t\t\t\t\t\t<p>&#8222;Firma HonWay, dzi\u0119ki bieg\u0142ej i profesjonalnej technologii produkcji oraz szybkiemu reagowaniu na zmiany na rynku, przyj\u0119\u0142a strategi\u0119 opart\u0105 na silnej obecno\u015bci w Tajwanie i ekspansji na rynki globalne. Rozwija zr\u00f3\u017cnicowan\u0105 ofert\u0119 produkt\u00f3w, zapewniaj\u0105c wysok\u0105 jako\u015b\u0107 oraz \u015bwiatowej klasy, wiod\u0105c\u0105 technologi\u0119. W odpowiedzi na potrzeby klient\u00f3w na rynku, firma utworzy\u0142a zespo\u0142y badawczo-rozwojowe, kt\u00f3re koncentruj\u0105 si\u0119 na doskonaleniu technologii proces\u00f3w oraz rozwoju produkt\u00f3w. Posiada r\u00f3wnie\u017c zesp\u00f3\u0142 badawczo-rozwojowy odpowiedzialny za popraw\u0119 i doskonalenie technologii produkcji, aby sprosta\u0107 przysz\u0142ym wymaganiom klient\u00f3w i utrzyma\u0107 wysok\u0105 konkurencyjno\u015b\u0107. Firma HonWay \u015bci\u015ble wsp\u00f3\u0142pracuje z klientami, wsp\u00f3lnie opracowuj\u0105c produkty dostosowane do potrzeb rynku.&#8221;<\/p>\n<table border=\"0\" cellspacing=\"0\" cellpadding=\"5\">\n<tbody>\n<tr>\n<td><strong>Us\u0142ugi<\/strong><\/td>\n<\/tr>\n<\/tbody>\n<\/table>\n<ul>\n<li>Obejmuj\u0105 innowacyjne badania i rozw\u00f3j, szkolenia, zakupy, produkcj\u0119, przetwarzanie, doskonalenie proces\u00f3w, transfer, transport, serwis, recykling i inne profesjonalne umiej\u0119tno\u015bci i technologie.<\/li>\n<li>Obr\u00f3bka szlifierk\u0105\/frezark\u0105<\/li>\n<li>Transfer wszelkiego rodzaju powi\u0105zanych technologii<\/li>\n<li>Urz\u0105dzenia CVD i PVECVD<\/li>\n<li>Sprz\u0119t PVT, krystalizacja, transfer technologii w\u0119glikowych<\/li>\n<li>Ocena koszt\u00f3w<\/li>\n<li>Konsultacje w zakresie technologii proces\u00f3w<\/li>\n<li>Rozw\u00f3j technologii produkcji ca\u0142ego zak\u0142adu, transfer technologii<\/li>\n<li>Poprawa produkt\u00f3w po obr\u00f3bce: spadek wska\u017anika wadliwo\u015bci, wzrost wska\u017anika jako\u015bci.<\/li>\n<\/ul>\n\t\t\t\t\t\t\t\t<\/div>\n\t\t\t\t<\/div>\n\t\t\t\t\t<\/div>\n\t\t<\/div>\n\t\t\t\t\t<\/div>\n\t\t<\/section>\n\t\t\t\t<\/div>\n\t\t","protected":false},"excerpt":{"rendered":"<p>&#8222;Firma HonWay, dzi\u0119ki bieg\u0142ej i profesjonalnej technologii produkcji oraz szybkiemu reagowaniu na zmiany na rynku, przyj\u0119\u0142a strategi\u0119 opart\u0105 na silnej [&hellip;]<\/p>\n","protected":false},"author":1,"featured_media":0,"parent":0,"menu_order":0,"comment_status":"open","ping_status":"closed","template":"","meta":{"site-sidebar-layout":"default","site-content-layout":"default","ast-site-content-layout":"default","site-content-style":"default","site-sidebar-style":"default","ast-global-header-display":"","ast-banner-title-visibility":"","ast-main-header-display":"","ast-hfb-above-header-display":"","ast-hfb-below-header-display":"","ast-hfb-mobile-header-display":"","site-post-title":"","ast-breadcrumbs-content":"","ast-featured-img":"","footer-sml-layout":"","ast-disable-related-posts":"","theme-transparent-header-meta":"default","adv-header-id-meta":"","stick-header-meta":"default","header-above-stick-meta":"","header-main-stick-meta":"","header-below-stick-meta":"","astra-migrate-meta-layouts":"default","ast-page-background-enabled":"default","ast-page-background-meta":{"desktop":{"background-color":"var(--ast-global-color-5)","background-image":"","background-repeat":"repeat","background-position":"center center","background-size":"auto","background-attachment":"scroll","background-type":"","background-media":"","overlay-type":"","overlay-color":"","overlay-opacity":"","overlay-gradient":""},"tablet":{"background-color":"","background-image":"","background-repeat":"repeat","background-position":"center center","background-size":"auto","background-attachment":"scroll","background-type":"","background-media":"","overlay-type":"","overlay-color":"","overlay-opacity":"","overlay-gradient":""},"mobile":{"background-color":"","background-image":"","background-repeat":"repeat","background-position":"center center","background-size":"auto","background-attachment":"scroll","background-type":"","background-media":"","overlay-type":"","overlay-color":"","overlay-opacity":"","overlay-gradient":""}},"ast-content-background-meta":{"desktop":{"background-color":"var(--ast-global-color-4)","background-image":"","background-repeat":"repeat","background-position":"center center","background-size":"auto","background-attachment":"scroll","background-type":"","background-media":"","overlay-type":"","overlay-color":"","overlay-opacity":"","overlay-gradient":""},"tablet":{"background-color":"var(--ast-global-color-4)","background-image":"","background-repeat":"repeat","background-position":"center center","background-size":"auto","background-attachment":"scroll","background-type":"","background-media":"","overlay-type":"","overlay-color":"","overlay-opacity":"","overlay-gradient":""},"mobile":{"background-color":"var(--ast-global-color-4)","background-image":"","background-repeat":"repeat","background-position":"center center","background-size":"auto","background-attachment":"scroll","background-type":"","background-media":"","overlay-type":"","overlay-color":"","overlay-opacity":"","overlay-gradient":""}},"footnotes":""},"class_list":["post-69256","page","type-page","status-publish","hentry"],"_links":{"self":[{"href":"https:\/\/honwaygroup.com\/pl\/wp-json\/wp\/v2\/pages\/69256","targetHints":{"allow":["GET"]}}],"collection":[{"href":"https:\/\/honwaygroup.com\/pl\/wp-json\/wp\/v2\/pages"}],"about":[{"href":"https:\/\/honwaygroup.com\/pl\/wp-json\/wp\/v2\/types\/page"}],"author":[{"embeddable":true,"href":"https:\/\/honwaygroup.com\/pl\/wp-json\/wp\/v2\/users\/1"}],"replies":[{"embeddable":true,"href":"https:\/\/honwaygroup.com\/pl\/wp-json\/wp\/v2\/comments?post=69256"}],"version-history":[{"count":0,"href":"https:\/\/honwaygroup.com\/pl\/wp-json\/wp\/v2\/pages\/69256\/revisions"}],"wp:attachment":[{"href":"https:\/\/honwaygroup.com\/pl\/wp-json\/wp\/v2\/media?parent=69256"}],"curies":[{"name":"wp","href":"https:\/\/api.w.org\/{rel}","templated":true}]}}