{"id":69235,"date":"2016-10-27T15:03:15","date_gmt":"2016-10-27T07:03:15","guid":{"rendered":"https:\/\/honwaygroup.com\/popularne-produkty\/"},"modified":"2016-10-27T15:03:15","modified_gmt":"2016-10-27T07:03:15","slug":"popularne-produkty","status":"publish","type":"page","link":"https:\/\/honwaygroup.com\/pl\/popularne-produkty\/","title":{"rendered":"Popularne produkty"},"content":{"rendered":"<h2>Najnowsze popularne produkty<\/h2>\n<div class=\"woocommerce columns-4 \"><ul class=\"products columns-4\">\n<li class=\"desktop-align-left tablet-align-left mobile-align-left ast-product-gallery-layout-horizontal-slider ast-product-single-variable ast-product-tabs-layout-horizontal product type-product post-76558 status-publish first instock product_cat-do-tworzyw-sztucznych-i-materialow-niemetalowych product_cat-materialy-do-obrobki product_cat-materialy-polerskie product_cat-materialy-supertwarde product_cat-monokrystaliczne-pl product_cat-pasty product_cat-pasta-szlifierska product_cat-postac-surowca product_cat-proszki-pasty-zawiesiny-szlifierskie product_cat-typ-zastosowania product_cat-zelazonikiel product_tag-pasta-nanodiamentowa has-post-thumbnail taxable shipping-taxable purchasable product-type-variable\">\n\t<a href=\"https:\/\/honwaygroup.com\/pl\/produkt\/pasta-z-nanodiamentow-monokrystalicznych\/\" class=\"woocommerce-LoopProduct-link woocommerce-loop-product__link\"><img decoding=\"async\" width=\"150\" height=\"150\" src=\"https:\/\/honwaygroup.com\/wp-content\/uploads\/2015\/11\/wpid-wp-1448208359930-150x150.jpg\" class=\"attachment-woocommerce_thumbnail size-woocommerce_thumbnail\" alt=\"Pasta z nanodiament\u00f3w monokrystalicznych\" srcset=\"https:\/\/honwaygroup.com\/wp-content\/uploads\/2015\/11\/wpid-wp-1448208359930-150x150.jpg 150w, https:\/\/honwaygroup.com\/wp-content\/uploads\/2015\/11\/wpid-wp-1448208359930-100x100.jpg 100w\" sizes=\"(max-width: 150px) 100vw, 150px\" \/><h2 class=\"woocommerce-loop-product__title\">Pasta z nanodiament\u00f3w monokrystalicznych<\/h2>\n\t<span class=\"price\"><span class=\"woocommerce-Price-amount amount\"><bdi>378,36&nbsp;<span class=\"woocommerce-Price-currencySymbol\">&#122;&#322;<\/span><\/bdi><\/span><\/span>\n<\/a><a href=\"https:\/\/honwaygroup.com\/pl\/produkt\/pasta-z-nanodiamentow-monokrystalicznych\/\" aria-describedby=\"woocommerce_loop_add_to_cart_link_describedby_76558\" data-quantity=\"1\" class=\"button product_type_variable add_to_cart_button \" data-product_id=\"76558\" data-product_sku=\"\" aria-label=\"Wybierz opcje dla &bdquo;Pasta z nanodiament\u00f3w monokrystalicznych&rdquo;\" rel=\"nofollow\">Wybierz opcje<\/a>\t<span id=\"woocommerce_loop_add_to_cart_link_describedby_76558\" class=\"screen-reader-text\">\n\t\tTen produkt ma wiele wariant\u00f3w. Opcje mo\u017cna wybra\u0107 na stronie produktu\t<\/span>\n<\/li>\n<li class=\"desktop-align-left tablet-align-left mobile-align-left ast-product-gallery-layout-horizontal-slider ast-product-gallery-with-no-image ast-product-single-variable ast-product-tabs-layout-horizontal product type-product post-76575 status-publish instock product_cat-do-tworzyw-sztucznych-i-materialow-niemetalowych product_cat-materialy-do-obrobki product_cat-materialy-polerskie product_cat-materialy-supertwarde product_cat-monokrystaliczne product_cat-polikrystaliczne-pl product_cat-postac-surowca product_cat-proszki product_cat-proszek product_cat-proszki-pasty-zawiesiny-szlifierskie product_cat-typ-zastosowania has-post-thumbnail taxable shipping-taxable purchasable product-type-variable\">\n\t<a href=\"https:\/\/honwaygroup.com\/pl\/produkt\/czarny-proszek-nanodiamentowy\/\" class=\"woocommerce-LoopProduct-link woocommerce-loop-product__link\"><img decoding=\"async\" width=\"150\" height=\"150\" src=\"https:\/\/honwaygroup.com\/wp-content\/uploads\/2013\/11\/IMG_3344-150x150.jpg\" class=\"attachment-woocommerce_thumbnail size-woocommerce_thumbnail\" alt=\"Czarny proszek nanodiamentowy (mieszanka monokrystaliczna i polikrystaliczna)\" srcset=\"https:\/\/honwaygroup.com\/wp-content\/uploads\/2013\/11\/IMG_3344-150x150.jpg 150w, https:\/\/honwaygroup.com\/wp-content\/uploads\/2013\/11\/IMG_3344-scaled-100x100.jpg 100w\" sizes=\"(max-width: 150px) 100vw, 150px\" \/><h2 class=\"woocommerce-loop-product__title\">Czarny proszek nanodiamentowy (mieszanka monokrystaliczna i polikrystaliczna)<\/h2>\n\t<span class=\"price\"><span class=\"woocommerce-Price-amount amount\"><bdi>819,78&nbsp;<span class=\"woocommerce-Price-currencySymbol\">&#122;&#322;<\/span><\/bdi><\/span><\/span>\n<\/a><a href=\"https:\/\/honwaygroup.com\/pl\/produkt\/czarny-proszek-nanodiamentowy\/\" aria-describedby=\"woocommerce_loop_add_to_cart_link_describedby_76575\" data-quantity=\"1\" class=\"button product_type_variable add_to_cart_button \" data-product_id=\"76575\" data-product_sku=\"\" aria-label=\"Wybierz opcje dla &bdquo;Czarny proszek nanodiamentowy (mieszanka monokrystaliczna i polikrystaliczna)&rdquo;\" rel=\"nofollow\">Wybierz opcje<\/a>\t<span id=\"woocommerce_loop_add_to_cart_link_describedby_76575\" class=\"screen-reader-text\">\n\t\tTen produkt ma wiele wariant\u00f3w. Opcje mo\u017cna wybra\u0107 na stronie produktu\t<\/span>\n<\/li>\n<li class=\"desktop-align-left tablet-align-left mobile-align-left ast-product-gallery-layout-horizontal-slider ast-product-gallery-with-no-image ast-product-single-variable ast-product-tabs-layout-horizontal product type-product post-76577 status-publish instock product_cat-surowce-chemiczne product_cat-materialy-polerskie product_cat-monokrystaliczne product_cat-postac-surowca product_cat-proszki product_cat-proszek product_cat-proszki-pasty-zawiesiny-szlifierskie product_cat-tlenki product_cat-typ-zastosowania product_tag-tlenek-glinu has-post-thumbnail taxable shipping-taxable purchasable product-type-variable\">\n\t<a href=\"https:\/\/honwaygroup.com\/pl\/produkt\/proszek-tlenku-glinu-do-szlifowania\/\" class=\"woocommerce-LoopProduct-link woocommerce-loop-product__link\"><img decoding=\"async\" width=\"150\" height=\"150\" src=\"https:\/\/honwaygroup.com\/wp-content\/uploads\/2013\/12\/\u6c27\u5316\u92aa-150x150.jpg\" class=\"attachment-woocommerce_thumbnail size-woocommerce_thumbnail\" alt=\"Europ, iterb, proszek tlenku glinu do mielenia, itr\" srcset=\"https:\/\/honwaygroup.com\/wp-content\/uploads\/2013\/12\/\u6c27\u5316\u92aa-150x150.jpg 150w, https:\/\/honwaygroup.com\/wp-content\/uploads\/2013\/12\/\u6c27\u5316\u92aa-100x100.jpg 100w\" sizes=\"(max-width: 150px) 100vw, 150px\" \/><h2 class=\"woocommerce-loop-product__title\">Proszek tlenku glinu do szlifowania<\/h2>\n\t<span class=\"price\"><span class=\"woocommerce-Price-amount amount\" aria-hidden=\"true\"><bdi>176,57&nbsp;<span class=\"woocommerce-Price-currencySymbol\">&#122;&#322;<\/span><\/bdi><\/span> <span aria-hidden=\"true\">&ndash;<\/span> <span class=\"woocommerce-Price-amount amount\" aria-hidden=\"true\"><bdi>208,10&nbsp;<span class=\"woocommerce-Price-currencySymbol\">&#122;&#322;<\/span><\/bdi><\/span><span class=\"screen-reader-text\">Zakres cen: od 176,57&nbsp;&#122;&#322; do 208,10&nbsp;&#122;&#322;<\/span><\/span>\n<\/a><a href=\"https:\/\/honwaygroup.com\/pl\/produkt\/proszek-tlenku-glinu-do-szlifowania\/\" aria-describedby=\"woocommerce_loop_add_to_cart_link_describedby_76577\" data-quantity=\"1\" class=\"button product_type_variable add_to_cart_button \" data-product_id=\"76577\" data-product_sku=\"\" aria-label=\"Wybierz opcje dla &bdquo;Proszek tlenku glinu do szlifowania&rdquo;\" rel=\"nofollow\">Wybierz opcje<\/a>\t<span id=\"woocommerce_loop_add_to_cart_link_describedby_76577\" class=\"screen-reader-text\">\n\t\tTen produkt ma wiele wariant\u00f3w. Opcje mo\u017cna wybra\u0107 na stronie produktu\t<\/span>\n<\/li>\n<li class=\"desktop-align-left tablet-align-left mobile-align-left ast-product-gallery-layout-horizontal-slider ast-product-gallery-with-no-image ast-product-single-variable ast-product-tabs-layout-horizontal product type-product post-76573 status-publish last instock product_cat-surowce-ziem-rzadkich product_cat-materialy-kompozytowe product_cat-materialy-polerskie product_cat-monokrystaliczne product_cat-proszki product_cat-proszek product_cat-surowce-chemiczne product_cat-tlenki product_tag-polerowanie-szkla product_tag-proszek-polerski-z-tlenkiem-ceru product_tag-proszki-polerskie product_tag-tlenek-ceru-pl has-post-thumbnail taxable shipping-taxable purchasable product-type-variable\">\n\t<a href=\"https:\/\/honwaygroup.com\/pl\/produkt\/proszek-polerski-z-tlenku-ceru\/\" class=\"woocommerce-LoopProduct-link woocommerce-loop-product__link\"><img loading=\"lazy\" decoding=\"async\" width=\"150\" height=\"150\" src=\"https:\/\/honwaygroup.com\/wp-content\/uploads\/2013\/11\/\u6c27\u5316\u9230-150x150.jpg\" class=\"attachment-woocommerce_thumbnail size-woocommerce_thumbnail\" alt=\"Proszek polerski z tlenku ceru\" srcset=\"https:\/\/honwaygroup.com\/wp-content\/uploads\/2013\/11\/\u6c27\u5316\u9230-150x150.jpg 150w, https:\/\/honwaygroup.com\/wp-content\/uploads\/2013\/11\/\u6c27\u5316\u9230-100x100.jpg 100w\" sizes=\"(max-width: 150px) 100vw, 150px\" \/><h2 class=\"woocommerce-loop-product__title\">Proszek polerski z tlenku ceru<\/h2>\n\t<span class=\"price\"><span class=\"woocommerce-Price-amount amount\"><bdi>198,64&nbsp;<span class=\"woocommerce-Price-currencySymbol\">&#122;&#322;<\/span><\/bdi><\/span><\/span>\n<\/a><a href=\"https:\/\/honwaygroup.com\/pl\/produkt\/proszek-polerski-z-tlenku-ceru\/\" aria-describedby=\"woocommerce_loop_add_to_cart_link_describedby_76573\" data-quantity=\"1\" class=\"button product_type_variable add_to_cart_button \" data-product_id=\"76573\" data-product_sku=\"\" aria-label=\"Wybierz opcje dla &bdquo;Proszek polerski z tlenku ceru&rdquo;\" rel=\"nofollow\">Wybierz opcje<\/a>\t<span id=\"woocommerce_loop_add_to_cart_link_describedby_76573\" class=\"screen-reader-text\">\n\t\tTen produkt ma wiele wariant\u00f3w. Opcje mo\u017cna wybra\u0107 na stronie produktu\t<\/span>\n<\/li>\n<\/ul>\n<\/div>\n<p>&nbsp;<\/p>\n<hr>\n<h2>Kategorie produkt\u00f3w<\/h2>\n<div class=\"woocommerce columns-4\"><ul class=\"products columns-4\">\n<li class=\"product-category product first\">\n\t<a aria-label=\"Przejd\u017a do kategorii produktu Azotany\" href=\"https:\/\/honwaygroup.com\/pl\/kategoria-produktu\/surowce-chemiczne\/azotany\/\"><img loading=\"lazy\" decoding=\"async\" src=\"https:\/\/honwaygroup.com\/wp-content\/uploads\/woocommerce-placeholder-150x150.avif\" alt=\"Azotany\" width=\"150\" height=\"150\" \/>\t\t<h2 class=\"woocommerce-loop-category__title\">\n\t\t\tAzotany<mark class=\"count\">16 produkt<\/mark>\t\t<\/h2>\n\t\t<\/a><\/li>\n<li class=\"product-category product\">\n\t<a aria-label=\"Przejd\u017a do kategorii produktu Bez kategorii\" href=\"https:\/\/honwaygroup.com\/pl\/kategoria-produktu\/bez-kategorii\/\"><img loading=\"lazy\" decoding=\"async\" src=\"https:\/\/honwaygroup.com\/wp-content\/uploads\/woocommerce-placeholder-150x150.avif\" alt=\"Bez kategorii\" width=\"150\" height=\"150\" \/>\t\t<h2 class=\"woocommerce-loop-category__title\">\n\t\t\tBez kategorii<mark class=\"count\">1 produkt<\/mark>\t\t<\/h2>\n\t\t<\/a><\/li>\n<li class=\"product-category product\">\n\t<a aria-label=\"Przejd\u017a do kategorii produktu Cer\" href=\"https:\/\/honwaygroup.com\/pl\/kategoria-produktu\/surowce-ziem-rzadkich\/cer\/\"><img loading=\"lazy\" decoding=\"async\" src=\"https:\/\/honwaygroup.com\/wp-content\/uploads\/woocommerce-placeholder-150x150.avif\" alt=\"Cer\" width=\"150\" height=\"150\" \/>\t\t<h2 class=\"woocommerce-loop-category__title\">\n\t\t\tCer<mark class=\"count\">13 produkt<\/mark>\t\t<\/h2>\n\t\t<\/a><\/li>\n<li class=\"product-category product last\">\n\t<a aria-label=\"Przejd\u017a do kategorii produktu Ceramiczny kamie\u0144 z w\u0142\u00f3kna szklanego\" href=\"https:\/\/honwaygroup.com\/pl\/kategoria-produktu\/materialy-eksploatacyjne-do-szlifowania-i-polerowania\/ceramiczny-kamien-szlifierski-na-wloknie\/\"><img loading=\"lazy\" decoding=\"async\" src=\"https:\/\/honwaygroup.com\/wp-content\/uploads\/woocommerce-placeholder-150x150.avif\" alt=\"Ceramiczny kamie\u0144 z w\u0142\u00f3kna szklanego\" width=\"150\" height=\"150\" \/>\t\t<h2 class=\"woocommerce-loop-category__title\">\n\t\t\tCeramiczny kamie\u0144 z w\u0142\u00f3kna szklanego<mark class=\"count\">3 produkt<\/mark>\t\t<\/h2>\n\t\t<\/a><\/li>\n<\/ul>\n<\/div>\n","protected":false},"excerpt":{"rendered":"<p>Najnowsze popularne produkty &nbsp; Kategorie produkt\u00f3w<\/p>\n","protected":false},"author":1,"featured_media":0,"parent":0,"menu_order":0,"comment_status":"closed","ping_status":"closed","template":"","meta":{"site-sidebar-layout":"default","site-content-layout":"default","ast-site-content-layout":"default","site-content-style":"default","site-sidebar-style":"default","ast-global-header-display":"","ast-banner-title-visibility":"","ast-main-header-display":"","ast-hfb-above-header-display":"","ast-hfb-below-header-display":"","ast-hfb-mobile-header-display":"","site-post-title":"","ast-breadcrumbs-content":"","ast-featured-img":"","footer-sml-layout":"","ast-disable-related-posts":"","theme-transparent-header-meta":"default","adv-header-id-meta":"","stick-header-meta":"default","header-above-stick-meta":"","header-main-stick-meta":"","header-below-stick-meta":"","astra-migrate-meta-layouts":"default","ast-page-background-enabled":"default","ast-page-background-meta":{"desktop":{"background-color":"var(--ast-global-color-5)","background-image":"","background-repeat":"repeat","background-position":"center center","background-size":"auto","background-attachment":"scroll","background-type":"","background-media":"","overlay-type":"","overlay-color":"","overlay-opacity":"","overlay-gradient":""},"tablet":{"background-color":"","background-image":"","background-repeat":"repeat","background-position":"center center","background-size":"auto","background-attachment":"scroll","background-type":"","background-media":"","overlay-type":"","overlay-color":"","overlay-opacity":"","overlay-gradient":""},"mobile":{"background-color":"","background-image":"","background-repeat":"repeat","background-position":"center center","background-size":"auto","background-attachment":"scroll","background-type":"","background-media":"","overlay-type":"","overlay-color":"","overlay-opacity":"","overlay-gradient":""}},"ast-content-background-meta":{"desktop":{"background-color":"var(--ast-global-color-4)","background-image":"","background-repeat":"repeat","background-position":"center center","background-size":"auto","background-attachment":"scroll","background-type":"","background-media":"","overlay-type":"","overlay-color":"","overlay-opacity":"","overlay-gradient":""},"tablet":{"background-color":"var(--ast-global-color-4)","background-image":"","background-repeat":"repeat","background-position":"center center","background-size":"auto","background-attachment":"scroll","background-type":"","background-media":"","overlay-type":"","overlay-color":"","overlay-opacity":"","overlay-gradient":""},"mobile":{"background-color":"var(--ast-global-color-4)","background-image":"","background-repeat":"repeat","background-position":"center center","background-size":"auto","background-attachment":"scroll","background-type":"","background-media":"","overlay-type":"","overlay-color":"","overlay-opacity":"","overlay-gradient":""}},"footnotes":""},"class_list":["post-69235","page","type-page","status-publish","hentry"],"_links":{"self":[{"href":"https:\/\/honwaygroup.com\/pl\/wp-json\/wp\/v2\/pages\/69235","targetHints":{"allow":["GET"]}}],"collection":[{"href":"https:\/\/honwaygroup.com\/pl\/wp-json\/wp\/v2\/pages"}],"about":[{"href":"https:\/\/honwaygroup.com\/pl\/wp-json\/wp\/v2\/types\/page"}],"author":[{"embeddable":true,"href":"https:\/\/honwaygroup.com\/pl\/wp-json\/wp\/v2\/users\/1"}],"replies":[{"embeddable":true,"href":"https:\/\/honwaygroup.com\/pl\/wp-json\/wp\/v2\/comments?post=69235"}],"version-history":[{"count":0,"href":"https:\/\/honwaygroup.com\/pl\/wp-json\/wp\/v2\/pages\/69235\/revisions"}],"wp:attachment":[{"href":"https:\/\/honwaygroup.com\/pl\/wp-json\/wp\/v2\/media?parent=69235"}],"curies":[{"name":"wp","href":"https:\/\/api.w.org\/{rel}","templated":true}]}}