{"id":69202,"date":"2015-11-26T01:02:46","date_gmt":"2015-11-25T17:02:46","guid":{"rendered":"https:\/\/honwaygroup.com\/rejestracja-czlonkostwa\/"},"modified":"2015-11-26T01:02:46","modified_gmt":"2015-11-25T17:02:46","slug":"rejestracja-czlonkostwa","status":"publish","type":"page","link":"https:\/\/honwaygroup.com\/pl\/rejestracja-czlonkostwa\/","title":{"rendered":"Rejestracja Cz\u0142onkostwa"},"content":{"rendered":"<p>Zasady Cz\u0142onkostwa<\/p>\n<p>Witamy na stronie internetowej firmy HonWay. Aby chroni\u0107 swoje prawa i m\u00f3c wygodnie korzysta\u0107 z us\u0142ug i najnowszych informacji o cenach na stronie internetowej, prosimy o dok\u0142adne zapoznanie si\u0119 z tre\u015bci\u0105 niniejszych Warunk\u00f3w Korzystania z Us\u0142ug dla Sta\u0142ych Klient\u00f3w przed zarejestrowaniem si\u0119 jako cz\u0142onek i korzystaniem z powi\u0105zanych us\u0142ug online oferowanych przez nasz\u0105 firm\u0119. Po klikni\u0119ciu przycisku \u201eZgadzam si\u0119\u201d, oznacza to, \u017ce wyra\u017casz zgod\u0119 na korzystanie z us\u0142ug \u015bwiadczonych przez HonWay i uznaje si\u0119, \u017ce w pe\u0142ni zapozna\u0142e\u015b si\u0119 z tre\u015bci\u0105 Warunk\u00f3w Korzystania z Us\u0142ug dla Sta\u0142ych Klient\u00f3w, oraz \u017ce zgadzasz si\u0119 na nast\u0119puj\u0105ce warunki:<\/p>\n<p><strong>=<\/strong> <strong>Zasady cz\u0142onkostwa<\/strong> <strong>=<\/strong><\/p>\n<p>Aby m\u00f3c ubiega\u0107 si\u0119 o cz\u0142onkostwo online na stronie internetowej firmy HonWay lub ubiega\u0107 si\u0119 o cz\u0142onkostwo w inny spos\u00f3b w punktach obs\u0142ugi klienta firmy HonWay , firma HonWay zastrzega sobie prawo do weryfikacji informacji o sta\u0142ych klientach i zatwierdzania wniosk\u00f3w o cz\u0142onkostwo.<\/p>\n<p><strong>= <\/strong><strong>Prawa i obowi\u0105zki cz\u0142onk\u00f3w<\/strong> <strong>=<\/strong><\/p>\n<p>Po pomy\u015blnym zarejestrowaniu si\u0119 jako sta\u0142y klient, mo\u017cesz korzysta\u0107 z powi\u0105zanych us\u0142ug dla cz\u0142onk\u00f3w na stronie internetowej firmy HonWay, w tym wyszukiwania najnowszych cen us\u0142ug dla cz\u0142onk\u00f3w, zakup\u00f3w online i innych us\u0142ug dla cz\u0142onk\u00f3w og\u00f3lnych. Korzystanie z us\u0142ug na stronie internetowej firmy Hongwei Industrial przez cz\u0142onk\u00f3w oznacza, \u017ce cz\u0142onkowie zgadzaj\u0105 si\u0119 na przestrzeganie niniejszych Warunk\u00f3w Korzystania z Us\u0142ug dla Sta\u0142ych Klient\u00f3w oraz wszystkich powi\u0105zanych uwag i zgadzaj\u0105 si\u0119 przestrzega\u0107 praw Republiki Chi\u0144skiej lub lokalnych przepis\u00f3w.<\/p>\n<p><strong>= <\/strong><strong>Zako\u0144czenie \u015bwiadczenia us\u0142ug<\/strong><strong> =<\/strong><\/p>\n<p>Firma HonWay mo\u017ce, w zale\u017cno\u015bci od potrzeb operacyjnych, zmodyfikowa\u0107 lub tymczasowo zawiesi\u0107 niekt\u00f3re lub wszystkie us\u0142ugi \u015bwiadczone dla sta\u0142ych klient\u00f3w na stronie internetowej, i og\u0142osi\u0107 wszelkie istotne zmiany tre\u015bci lub tymczasowe zawieszenie us\u0142ug na stronie internetowej.<\/p>\n<p><strong>= <\/strong><strong>Us\u0142ugi dla cz\u0142onk\u00f3w<\/strong> <strong>=<\/strong><\/p>\n<p>Aby korzysta\u0107 z us\u0142ug oferowanych przez HonWay, musisz zarejestrowa\u0107 si\u0119 i poda\u0107 prawdziwe dane osobowe. Po zarejestrowaniu si\u0119 ponosisz pe\u0142n\u0105 odpowiedzialno\u015b\u0107 za aktualizacj\u0119 swoich danych osobowych online. Je\u015bli Twoje prawa jako cz\u0142onka zostan\u0105 naruszone z powodu braku aktualizacji danych, HonWay nie ponosi za to \u017cadnej odpowiedzialno\u015bci. W przypadku jakichkolwiek fa\u0142szywych informacji lub rejestracji na cudze nazwisko ponosisz pe\u0142n\u0105 odpowiedzialno\u015b\u0107 prawn\u0105.<\/p>\n<p>Je\u015bli dane osobowe osoby trzeciej zosta\u0142y ujawnione bez jej zgody lub gdy dane te nie s\u0105 ju\u017c potrzebne lub nie s\u0105 ju\u017c wykorzystywane do \u017cadnego z wy\u017cej wymienionych cel\u00f3w, HonWay zastrzega sobie prawo do natychmiastowego zablokowania Twojego konta cz\u0142onkowskiego i prawa do korzystania z powi\u0105zanych us\u0142ug.<\/p>\n<p>Je\u015bli podane dane osobowe osoby trzeciej s\u0105 nieprawdziwe lub naruszaj\u0105 prawo, HonWay zastrzega sobie prawo do natychmiastowego zablokowania Twojego konta cz\u0142onkowskiego i prawa do korzystania z powi\u0105zanych us\u0142ug.<\/p>\n<p><strong>= <\/strong><strong>Zmiana Warunk\u00f3w Cz\u0142onkostwa<\/strong><strong> =<\/strong><\/p>\n<p>Hongwei Industrial powa\u017cnie traktuje Twoj\u0105 prywatno\u015b\u0107 i bezpiecze\u0144stwo informacji. Niniejsza Polityka Prywatno\u015bci informuje Ci\u0119, w jaki spos\u00f3b Hongwei Industrial gromadzi, przetwarza i wykorzystuje Twoje dane osobowe, zgodnie z Ustaw\u0105 o Ochronie Danych Osobowych. Je\u015bli jeste\u015b niepe\u0142noletni, powiniene\u015b zapozna\u0107 si\u0119 z tre\u015bci\u0105 niniejszej Polityki Prywatno\u015bci w towarzystwie swoich rodzic\u00f3w lub opiekun\u00f3w prawnych, a tak\u017ce uzyska\u0107 ich zgod\u0119 przed korzystaniem z us\u0142ug lub podaniem jakichkolwiek danych osobowych w Hongwei Industrial. Je\u015bli nie zgadzasz si\u0119 z tre\u015bci\u0105 niniejszej Polityki Prywatno\u015bci, prosimy o natychmiastowe zaprzestanie korzystania z us\u0142ug lub podawania danych osobowych w Hongwei Industrial.<\/p>\n<p><strong>= <strong>Zaprzestanie i zmiana us\u0142ug<\/strong><\/strong><strong> =<\/strong><\/p>\n<p>Hongwei Industrial mo\u017ce gromadzi\u0107, przetwarza\u0107 i wykorzystywa\u0107 Twoje dane osobowe, w tym imi\u0119 i nazwisko, numer telefonu, adres e-mail itp., w celu \u015bwiadczenia us\u0142ug, ulepszania produkt\u00f3w i us\u0142ug, odpowiadania na pytania, wysy\u0142ania informacji o promocjach i nowo\u015bciach. Hongwei Industrial nie ponosi odpowiedzialno\u015bci za prawdziwo\u015b\u0107 i aktualno\u015b\u0107 danych osobowych podanych przez u\u017cytkownik\u00f3w. Je\u015bli Twoje dane osobowe zostan\u0105 ujawnione osobom trzecim, ponosisz za to pe\u0142n\u0105 odpowiedzialno\u015b\u0107.<\/p>\n<p><strong>= <\/strong><strong>Zatrzymanie lub przerwanie \u015bwiadczenia us\u0142ug<\/strong><strong>=<\/strong><\/p>\n<p>Je\u015bli zajdzie jedna z poni\u017cszych okoliczno\u015bci, witryna internetowa Hongwei Industrial ma prawo do zako\u0144czenia lub wstrzymania \u015bwiadczenia us\u0142ug. W przypadku jakichkolwiek niedogodno\u015bci, strat lub szk\u00f3d spowodowanych tym, witryna internetowa Hongwei Industrial nie ponosi \u017cadnej odpowiedzialno\u015bci wobec Ciebie ani os\u00f3b trzecich:<\/p>\n<p>W przypadku nag\u0142ej awarii sprz\u0119tu do komunikacji elektronicznej;<br \/>W przypadku gdy sprz\u0119t do komunikacji elektronicznej wymaga konserwacji lub naprawy;<br \/>W przypadku gdy us\u0142ugi komunikacji elektronicznej, o kt\u00f3re si\u0119 ubiegasz, zostan\u0105 z jakiegokolwiek powodu wstrzymane lub przerwane;<br \/>W przypadku gdy us\u0142ugi nie mog\u0105 by\u0107 \u015bwiadczone z powodu si\u0142y wy\u017cszej, takiej jak kl\u0119ski \u017cywio\u0142owe;<br \/>W sytuacjach awaryjnych, w celu ochrony bezpiecze\u0144stwa osobistego innych cz\u0142onk\u00f3w lub os\u00f3b trzecich.<\/p>\n<p><strong>= <strong>Ograniczenie odpowiedzialno\u015bci<\/strong><\/strong><strong> =<\/strong><\/p>\n<p>Musisz zrozumie\u0107 i zgodzi\u0107 si\u0119, \u017ce witryna internetowa firmy Hongwei Industrial mo\u017ce zosta\u0107 ca\u0142kowicie lub cz\u0119\u015bciowo wstrzymana, tymczasowo niedost\u0119pna, op\u00f3\u017aniona lub spowodowa\u0107 b\u0142\u0119dy w transmisji lub przechowywaniu danych z powodu awarii lub nieprawid\u0142owego dzia\u0142ania firmy, innego dostawcy lub powi\u0105zanego operatora telekomunikacyjnego, awarii systemu sieciowego, sprz\u0119tu lub oprogramowania, lub b\u0142\u0119du ludzkiego w dzia\u0142aniu, lub zmiany, fa\u0142szerstwa lub fa\u0142szowania danych przez osoby trzecie, kt\u00f3re w\u0142ama\u0142y si\u0119 do systemu, i nie mo\u017cesz \u017c\u0105da\u0107 \u017cadnego zado\u015b\u0107uczynienia ani odszkodowania.<\/p>\n<p><strong>= <strong>Obowi\u0105zek zachowania poufno\u015bci<\/strong><\/strong><strong> =<\/strong><\/p>\n<p>Masz obowi\u0105zek odpowiedniego zabezpieczenia swojego konta i has\u0142a na stronie Hongwei Industrial i ponosisz odpowiedzialno\u015b\u0107 za wszelkie dzia\u0142ania podejmowane po zalogowaniu si\u0119 na stron\u0119 Hongwei Industrial za pomoc\u0105 tego konta i has\u0142a. Aby chroni\u0107 swoje prawa, nie ujawniaj ani nie udost\u0119pniaj swojego konta i has\u0142a osobom trzecim, ani nie wypo\u017cyczaj ani nie przeno\u015b go do u\u017cytku przez inne osoby. Je\u015bli Twoje konto lub has\u0142o zostanie wykorzystane nielegalnie lub wyst\u0105pi\u0105 jakiekolwiek nietypowe dzia\u0142ania naruszaj\u0105ce bezpiecze\u0144stwo u\u017cytkowania, powiniene\u015b natychmiast powiadomi\u0107 witryn\u0119 Hongwei Industrial. Je\u015bli nie powiadomisz witryny Hongwei Industrial na czas, co uniemo\u017cliwi skuteczne zapobieganie lub napraw\u0119, ponosisz pe\u0142n\u0105 odpowiedzialno\u015b\u0107. Je\u015bli jednak Twoje konto lub has\u0142o zostanie wykorzystane nielegalnie przez inne osoby z powodu zaniedbania w ich przechowywaniu, witryna Hongwei Industrial nie ponosi za to odpowiedzialno\u015bci.<\/p>\n<p><strong>= <\/strong><strong>Ponoszenie ryzyka<\/strong><strong> =<\/strong><\/p>\n<p>Zgadzasz si\u0119, \u017ce korzystasz z us\u0142ug witryny Hongwei Industrial na w\u0142asne ryzyko i zgadzasz si\u0119 ponosi\u0107 wszelkie ryzyko, w tym uszkodzenie systemu komputerowego lub utrat\u0119 danych w wyniku pobierania danych lub obraz\u00f3w z witryny Hongwei Industrial lub uzyskiwania danych z us\u0142ug witryny Hongwei Industrial.<\/p>\n<p><strong>= <strong> Szczeg\u00f3lne warunki umowy<\/strong><\/strong><strong> =<\/strong><\/p>\n<p>Zgadzasz si\u0119 nie wykorzystywa\u0107 \u017cadnej z us\u0142ug witryny Hongwei Industrial do krzywdzenia, naruszania lub atakowania pracownik\u00f3w, konsultant\u00f3w, podmiot\u00f3w stowarzyszonych, reklamodawc\u00f3w i partner\u00f3w Hongwei Industrial.<\/p>\n<p><strong>= <\/strong><strong>Dane osobowe<\/strong><strong> =<\/strong><\/p>\n<p>W przypadku danych osobowych, kt\u00f3re zarejestrowa\u0142e\u015b lub zachowa\u0142e\u015b, z wyj\u0105tkiem nast\u0119puj\u0105cych okoliczno\u015bci, witryna internetowa Hongwei Industrial zgadza si\u0119, \u017ce nie ujawni twojego nazwiska, adresu, adresu e-mail ani innych danych osobowych chronionych prawem bez Twojej zgody:<\/p>\n<p>Przepisy prawa;<br \/>\u017b\u0105danie organ\u00f3w s\u0105dowych lub innych w\u0142a\u015bciwych organ\u00f3w na podstawie procedury prawnej;<br \/>Ochrona praw i interes\u00f3w firmy Hongwei Industrial;<br \/>W nag\u0142ych wypadkach, aby chroni\u0107 bezpiecze\u0144stwo osobiste innych cz\u0142onk\u00f3w lub os\u00f3b trzecich;<br \/>Utrzymanie prawid\u0142owego dzia\u0142ania i bezpiecze\u0144stwa systemu witryny internetowej firmy Hongwei Industrial;<br \/>W zwi\u0105zku z us\u0142ugami i technologi\u0105 witryny internetowej firmy Hongwei Industrial.<\/p>\n<p>W przypadku naruszenia przez cz\u0142onka niniejszych Warunk\u00f3w Cz\u0142onkostwa lub gdy firma Hongwei Industrial zasadnie podejrzewa, \u017ce dosz\u0142o do przest\u0119pstwa, firma Hongwei Industrial mo\u017ce przekaza\u0107 twoje dane odpowiednim organom \u015bcigania w celu zbadania i obs\u0142u\u017cenia sprawy.<\/p>\n<p><strong>= <strong>Zrzeczenie si\u0119 odpowiedzialno\u015bci<\/strong><\/strong><strong> =<\/strong><\/p>\n<p>Witryna internetowa Hongwei Industrial nie ponosi \u017cadnej wyra\u017anej ani dorozumianej odpowiedzialno\u015bci za \u017cadn\u0105 z us\u0142ug. Witryna internetowa Hongwei Industrial nie gwarantuje stabilno\u015bci, bezpiecze\u0144stwa, dok\u0142adno\u015bci i ci\u0105g\u0142o\u015bci \u017cadnej z us\u0142ug. Ponosisz wszelkie ryzyko i mo\u017cliwe szkody wynikaj\u0105ce z korzystania z us\u0142ug witryny Hongwei Industrial.<\/p>\n<p>Rozumiesz, \u017ce na stronie internetowej firmy Hongwei Industrial znajduj\u0105 si\u0119 reklamy komercyjne i informacje promocyjne o r\u00f3\u017cnych produktach i us\u0142ugach. Tre\u015bci te s\u0105 tworzone przez reklamodawc\u00f3w lub dostawc\u00f3w produkt\u00f3w\/us\u0142ug, a strona internetowa firmy Hongwei Industrial s\u0142u\u017cy jedynie jako platforma do ich publikacji. W przypadku produkt\u00f3w sprzedawanych za po\u015brednictwem strony internetowej firmy Hongwei Industrial, strona internetowa firmy Hongwei Industrial nie ponosi \u017cadnej odpowiedzialno\u015bci za proces transakcji ani za sam produkt. Rozumiesz, \u017ce jako\u015b\u0107, gwarancja i obs\u0142uga posprzeda\u017cna produkt\u00f3w lub us\u0142ug zakupionych za po\u015brednictwem strony internetowej firmy Hongwei Industrial s\u0105 w pe\u0142ni zale\u017cne od dostawcy produktu lub us\u0142ugi. Wszelkie wady lub zobowi\u0105zania gwarancyjne nie maj\u0105 zwi\u0105zku ze stron\u0105 internetow\u0105 firmy Hongwei Industrial.<\/p>\n<p><strong>= <strong>Ograniczenie odpowiedzialno\u015bci odszkodowawczej<\/strong><\/strong><strong> =<\/strong><\/p>\n<p>Hongwei Industrial nie ponosi \u017cadnej odpowiedzialno\u015bci za jakiekolwiek bezpo\u015brednie, po\u015brednie, wt\u00f3rne lub specjalne szkody, straty lub wydatki poniesione w wyniku korzystania z us\u0142ug witryny Hongwei Industrial lub niemo\u017cno\u015bci korzystania z us\u0142ug witryny Hongwei Industrial. Je\u015bli us\u0142uga witryny Hongwei Industrial, z kt\u00f3rej korzystasz, ma r\u00f3wnowarto\u015b\u0107 ceny w got\u00f3wce, Hongwei Industrial ponosi odpowiedzialno\u015b\u0107 tylko w zakresie kwoty ceny w got\u00f3wce, kt\u00f3r\u0105 zap\u0142aci\u0142e\u015b.<\/p>\n<p>Powy\u017csze ograniczenie odpowiedzialno\u015bci nie ma zastosowania, je\u015bli jest ono prawnie niedozwolone.<\/p>\n<p><strong>= <\/strong><strong>W\u0142asno\u015b\u0107 intelektualna <\/strong><strong>=<\/strong><\/p>\n<p>Wszystkie prawa autorskie i inne prawa w\u0142asno\u015bci intelektualnej do materia\u0142\u00f3w i tre\u015bci na stronie internetowej Hongwei Industrial, w tym prawa autorskie, patenty, znaki towarowe, tajemnice handlowe i inne prawa w\u0142asno\u015bci intelektualnej, nale\u017c\u0105 do strony internetowej Hongwei Industrial lub jej prawnych w\u0142a\u015bcicieli. Z wyj\u0105tkiem przypadk\u00f3w, w kt\u00f3rych strona internetowa Hongwei Industrial lub jej prawni w\u0142a\u015bciciele udzielili uprzedniej wyra\u017anej zgody, nie wolno kopiowa\u0107, rozpowszechnia\u0107, przesy\u0142a\u0107, modyfikowa\u0107, edytowa\u0107, wynajmowa\u0107, sprzedawa\u0107 ani w \u017caden inny spos\u00f3b wykorzystywa\u0107 tych materia\u0142\u00f3w i tre\u015bci do jakichkolwiek cel\u00f3w, w przeciwnym razie ponosisz pe\u0142n\u0105 odpowiedzialno\u015b\u0107 prawn\u0105.<\/p>\n<p>Tre\u015b\u0107 i programy na stronie internetowej Hongwei Industrial s\u0105 w\u0142asno\u015bci\u0105 intelektualn\u0105 strony internetowej Hongwei Industrial. Bez zgody Hongwei Industrial nie wolno kopiowa\u0107, odtwarza\u0107 (reverse engineering), dekompilowa\u0107 (de-compile) ani dezasemblowa\u0107 (disassemble) \u017cadnych funkcji ani program\u00f3w. Strona internetowa Hongwei Industrial zapewnia tylko dost\u0119p do us\u0142ug wymagaj\u0105cych cz\u0142onkostwa poprzez logowanie. Je\u015bli uzyskasz dost\u0119p do systemu strony internetowej Hongwei Industrial w jakikolwiek inny spos\u00f3b, Hongwei Industrial b\u0119dzie \u015bciga\u0107 odpowiedni\u0105 osob\u0119 zgodnie z prawem. Hongwei Industrial nie ponosi \u017cadnej odpowiedzialno\u015bci za jakiekolwiek spory mi\u0119dzy Tob\u0105 a osobami trzecimi.<\/p>\n<p><strong>= <\/strong><strong>Linki<\/strong><strong> =<\/strong><\/p>\n<p>Witryna internetowa Hongwei Industrial mo\u017ce zawiera\u0107 linki do innych stron internetowych os\u00f3b fizycznych, firm lub organizacji. Te linki s\u0105 dostarczane wy\u0142\u0105cznie dla Twojej wygody, aby umo\u017cliwi\u0107 Ci samodzielne gromadzenie lub uzyskiwanie informacji. Witryna internetowa Hongwei Industrial nie ponosi \u017cadnej odpowiedzialno\u015bci za produkty, us\u0142ugi lub informacje dostarczane na tych stronach, ani nie gwarantuje ich autentyczno\u015bci, kompletno\u015bci, aktualno\u015bci lub wiarygodno\u015bci. Witryna internetowa Hongwei Industrial nie jest w \u017caden spos\u00f3b powi\u0105zana z tymi osobami, firmami lub organizacjami, ani nie popiera ich produkt\u00f3w, us\u0142ug lub informacji. Witryna internetowa Hongwei Industrial nie ponosi \u017cadnej odpowiedzialno\u015bci za jakiekolwiek straty lub szkody spowodowane korzystaniem z tych link\u00f3w.<\/p>\n<p><strong>= <\/strong><strong>Obowi\u0105zki i odpowiedzialno\u015b\u0107 cz\u0142onka<\/strong><strong>=<\/strong><\/p>\n<p>Ponosisz pe\u0142n\u0105 odpowiedzialno\u015b\u0107 za wszystkie tre\u015bci przesy\u0142ane na stron\u0119 internetow\u0105 Hongwei Industrial.<\/p>\n<p>Zgadzasz si\u0119 przestrzega\u0107 wszystkich odpowiednich przepis\u00f3w i regulacji Republiki Chi\u0144skiej oraz wszystkich mi\u0119dzynarodowych przepis\u00f3w i praktyk internetowych. Je\u015bli korzystasz z witryny Hongwei Industrial spoza Tajwanu, zgadzasz si\u0119 przestrzega\u0107 lokalnych przepis\u00f3w i praktyk internetowych. <\/p>\n<p>Zgadzasz si\u0119 nie podejmowa\u0107 pr\u00f3b uszkodzenia lub zak\u0142\u00f3cenia dzia\u0142ania strony internetowej Hongwei Industrial oraz nie podejmowa\u0107 pr\u00f3b w\u0142amania si\u0119 do \u017cadnego systemu w sieci. W przeciwnym razie zostaniesz poci\u0105gni\u0119ty do odpowiedzialno\u015bci zgodnie z prawem.<\/p>\n<p>Zgadzasz si\u0119 nie publikowa\u0107 ani nie przesy\u0142a\u0107 \u017cadnych znies\u0142awiaj\u0105cych, fa\u0142szywych, gro\u017c\u0105cych, obscenicznych, nieprzyzwoitych, nielegalnych, obra\u017aliwych, znies\u0142awiaj\u0105cych lub naruszaj\u0105cych w\u0142asno\u015b\u0107 intelektualn\u0105 innych os\u00f3b tekst\u00f3w, zdj\u0119\u0107 lub plik\u00f3w w jakiejkolwiek formie na stronach internetowych firmy Hongwei Industrial.<\/p>\n<p>Zgadzasz si\u0119 nie anga\u017cowa\u0107 w \u017cadne dzia\u0142ania reklamowe ani sprzeda\u017cowe na stronach internetowych firmy Hongwei Industrial.<\/p>\n<p>Zgadzasz si\u0119 unika\u0107 omawiania spraw prywatnych na forach publicznych i szanowa\u0107 prawa i prywatno\u015b\u0107 innych os\u00f3b podczas publikowania artyku\u0142\u00f3w.<\/p>\n<p>Zgadzasz si\u0119 w pe\u0142ni szanowa\u0107 prawa autorskie i nie publikowa\u0107 \u017cadnych tekst\u00f3w, zdj\u0119\u0107 ani plik\u00f3w w jakiejkolwiek formie, kt\u00f3re naruszaj\u0105 prawa w\u0142asno\u015bci intelektualnej innych os\u00f3b.<\/p>\n<p><strong>= <strong>Zakaz dzia\u0142a\u0144 niezgodnych z prawem<\/strong><\/strong><strong> =<\/strong><\/p>\n<p>Hongwei Industrial ma prawo do podj\u0119cia decyzji o tym, czy Twoje zachowanie jest zgodne z niniejszymi Warunkami Cz\u0142onkostwa. Je\u015bli Hongwei Industrial stwierdzi, \u017ce Twoje zachowanie narusza niniejsze Warunki Cz\u0142onkostwa lub jakiekolwiek prawo, zgadzasz si\u0119, \u017ce Hongwei Industrial mo\u017ce w dowolnym momencie zawiesi\u0107 lub usun\u0105\u0107 Twoje konto oraz uniemo\u017cliwi\u0107 Ci korzystanie z us\u0142ug strony Hongwei Industrial. Je\u015bli naruszysz prawo, ponosisz pe\u0142n\u0105 odpowiedzialno\u015b\u0107.<\/p>\n<p><strong>= <\/strong><strong>Odszkodowanie<\/strong><strong> =<\/strong><\/p>\n<p>Je\u015bli z powodu naruszenia przez Ciebie dowolnego postanowienia niniejszych Warunk\u00f3w Cz\u0142onkostwa, Hongwei Industrial lub jej sp\u00f3\u0142ki zale\u017cne, pracownicy, przedstawiciele, agenci lub inne osoby uczestnicz\u0105ce w \u015bwiadczeniu us\u0142ug ponios\u0105 jakiekolwiek straty lub wydatki (w tym, ale nie wy\u0142\u0105cznie, koszty spor\u00f3w s\u0105dowych, op\u0142aty adwokackie i wszelkie wydatki poniesione w zwi\u0105zku z post\u0119powaniem cywilnym, karnym lub administracyjnym), zgadzasz si\u0119 zrekompensowa\u0107 Hongwei Industrial za te straty lub wydatki.<\/p>\n<p><strong>= <strong>Moc prawna postanowie\u0144<\/strong><\/strong><strong> =<\/strong><\/p>\n<p>Je\u015bli kt\u00f3rekolwiek z postanowie\u0144 niniejszych Warunk\u00f3w Cz\u0142onkostwa zostanie uznane za niewa\u017cne, nie wp\u0142ynie to na wa\u017cno\u015b\u0107 pozosta\u0142ych postanowie\u0144.<\/p>\n<p><strong>= <strong>Prawo w\u0142a\u015bciwe i jurysdykcja<\/strong><\/strong><strong> =<\/strong><\/p>\n<p>Interpretacja i stosowanie niniejszych Warunk\u00f3w Cz\u0142onkostwa, a tak\u017ce wszelkie prawa i obowi\u0105zki wynikaj\u0105ce z korzystania przez Ciebie z us\u0142ug witryny Hongwei Industrial, podlegaj\u0105 prawu Republiki Chi\u0144skiej. W przypadku sporu s\u0105dowego, zgadzasz si\u0119 podda\u0107 jurysdykcji S\u0105du Okr\u0119gowego w Kaohsiung jako s\u0105du pierwszej instancji.<\/p>\n<p style=\"text-align: center;\"><strong><a href=\"https:\/\/honwaygroup.com\/pl\/moje-konto-3\/\">Zgadzam si\u0119, chc\u0119 zarejestrowa\u0107 cz\u0142onkostwo.<\/a><\/strong><\/p>\n","protected":false},"excerpt":{"rendered":"<p>Zasady Cz\u0142onkostwa Witamy na stronie internetowej firmy HonWay. Aby chroni\u0107 swoje prawa i m\u00f3c wygodnie korzysta\u0107 z us\u0142ug i najnowszych [&hellip;]<\/p>\n","protected":false},"author":1,"featured_media":0,"parent":0,"menu_order":0,"comment_status":"closed","ping_status":"closed","template":"","meta":{"site-sidebar-layout":"default","site-content-layout":"default","ast-site-content-layout":"default","site-content-style":"default","site-sidebar-style":"default","ast-global-header-display":"","ast-banner-title-visibility":"","ast-main-header-display":"","ast-hfb-above-header-display":"","ast-hfb-below-header-display":"","ast-hfb-mobile-header-display":"","site-post-title":"","ast-breadcrumbs-content":"","ast-featured-img":"","footer-sml-layout":"","ast-disable-related-posts":"","theme-transparent-header-meta":"default","adv-header-id-meta":"","stick-header-meta":"default","header-above-stick-meta":"","header-main-stick-meta":"","header-below-stick-meta":"","astra-migrate-meta-layouts":"default","ast-page-background-enabled":"default","ast-page-background-meta":{"desktop":{"background-color":"var(--ast-global-color-5)","background-image":"","background-repeat":"repeat","background-position":"center center","background-size":"auto","background-attachment":"scroll","background-type":"","background-media":"","overlay-type":"","overlay-color":"","overlay-opacity":"","overlay-gradient":""},"tablet":{"background-color":"","background-image":"","background-repeat":"repeat","background-position":"center center","background-size":"auto","background-attachment":"scroll","background-type":"","background-media":"","overlay-type":"","overlay-color":"","overlay-opacity":"","overlay-gradient":""},"mobile":{"background-color":"","background-image":"","background-repeat":"repeat","background-position":"center center","background-size":"auto","background-attachment":"scroll","background-type":"","background-media":"","overlay-type":"","overlay-color":"","overlay-opacity":"","overlay-gradient":""}},"ast-content-background-meta":{"desktop":{"background-color":"var(--ast-global-color-4)","background-image":"","background-repeat":"repeat","background-position":"center center","background-size":"auto","background-attachment":"scroll","background-type":"","background-media":"","overlay-type":"","overlay-color":"","overlay-opacity":"","overlay-gradient":""},"tablet":{"background-color":"var(--ast-global-color-4)","background-image":"","background-repeat":"repeat","background-position":"center center","background-size":"auto","background-attachment":"scroll","background-type":"","background-media":"","overlay-type":"","overlay-color":"","overlay-opacity":"","overlay-gradient":""},"mobile":{"background-color":"var(--ast-global-color-4)","background-image":"","background-repeat":"repeat","background-position":"center center","background-size":"auto","background-attachment":"scroll","background-type":"","background-media":"","overlay-type":"","overlay-color":"","overlay-opacity":"","overlay-gradient":""}},"footnotes":""},"class_list":["post-69202","page","type-page","status-publish","hentry"],"_links":{"self":[{"href":"https:\/\/honwaygroup.com\/pl\/wp-json\/wp\/v2\/pages\/69202","targetHints":{"allow":["GET"]}}],"collection":[{"href":"https:\/\/honwaygroup.com\/pl\/wp-json\/wp\/v2\/pages"}],"about":[{"href":"https:\/\/honwaygroup.com\/pl\/wp-json\/wp\/v2\/types\/page"}],"author":[{"embeddable":true,"href":"https:\/\/honwaygroup.com\/pl\/wp-json\/wp\/v2\/users\/1"}],"replies":[{"embeddable":true,"href":"https:\/\/honwaygroup.com\/pl\/wp-json\/wp\/v2\/comments?post=69202"}],"version-history":[{"count":0,"href":"https:\/\/honwaygroup.com\/pl\/wp-json\/wp\/v2\/pages\/69202\/revisions"}],"wp:attachment":[{"href":"https:\/\/honwaygroup.com\/pl\/wp-json\/wp\/v2\/media?parent=69202"}],"curies":[{"name":"wp","href":"https:\/\/api.w.org\/{rel}","templated":true}]}}