{"id":69175,"date":"2015-12-11T08:13:18","date_gmt":"2015-12-11T00:13:18","guid":{"rendered":"https:\/\/honwaygroup.com\/badania-i-rozwoj-technologii-oraz-przetwarzanie-na-zlecenie\/"},"modified":"2015-12-11T08:13:18","modified_gmt":"2015-12-11T00:13:18","slug":"badania-i-rozwoj-technologii-oraz-przetwarzanie-na-zlecenie","status":"publish","type":"page","link":"https:\/\/honwaygroup.com\/pl\/badania-i-rozwoj-technologii-oraz-przetwarzanie-na-zlecenie\/","title":{"rendered":"Badania i rozw\u00f3j technologii oraz przetwarzanie na zlecenie."},"content":{"rendered":"<p>Dzi\u0119ki dojrza\u0142ym i profesjonalnym technikom produkcji oraz przewadze szybkiego reagowania na trendy rynkowe, a tak\u017ce strategii opartej na Tajwanie i globalnym zasi\u0119gu. Rozwijamy zr\u00f3\u017cnicowane produkty, wysok\u0105 jako\u015b\u0107 i wiod\u0105ce technologie na \u015bwiecie oraz, zgodnie z potrzebami klient\u00f3w na poszczeg\u00f3lnych rynkach, tworzymy zespo\u0142y badawczo-rozwojowe, d\u0105\u017c\u0105c do podnoszenia poziomu technologii proces\u00f3w i rozwoju produkt\u00f3w, a tak\u017ce tworz\u0105c zespo\u0142y badawczo-rozwojowe proces\u00f3w, d\u0105\u017c\u0105c do poprawy i podnoszenia poziomu technologii proces\u00f3w, aby sprosta\u0107 przysz\u0142ym potrzebom klient\u00f3w, aby utrzyma\u0107 wysok\u0105 konkurencyjno\u015b\u0107, HonWay r\u00f3wnie\u017c \u015bci\u015ble wsp\u00f3\u0142pracuje z klientami, aby wsp\u00f3lnie opracowywa\u0107 produkty spe\u0142niaj\u0105ce potrzeby rynku.<\/p>\n<table border=\"0\" cellspacing=\"0\" cellpadding=\"5\">\n<tbody>\n<tr>\n<td><strong>Us\u0142ugi<\/strong><\/td>\n<\/tr>\n<\/tbody>\n<\/table>\n<ul>\n<li>Obejmuj\u0105 innowacyjne badania i rozw\u00f3j, szkolenia, zakupy, produkcj\u0119, przetwarzanie, doskonalenie proces\u00f3w, transfer, transport, serwis, recykling i inne profesjonalne umiej\u0119tno\u015bci i technologie.<\/li>\n<li>Obr\u00f3bka szlifierk\u0105\/frezark\u0105<\/li>\n<li>Transfer wszelkiego rodzaju powi\u0105zanych technologii<\/li>\n<li>Urz\u0105dzenia CVD i PVECVD<\/li>\n<li>Sprz\u0119t PVT, krystalizacja, transfer technologii w\u0119glikowych<\/li>\n<li>Ocena koszt\u00f3w<\/li>\n<li>Konsultacje w zakresie technologii proces\u00f3w<\/li>\n<li>Rozw\u00f3j technologii produkcji ca\u0142ego zak\u0142adu, transfer technologii<\/li>\n<li>Usprawnienie przetwarzanych produkt\u00f3w: spadek wadliwo\u015bci, wzrost wydajno\u015bci<\/li>\n<\/ul>\n","protected":false},"excerpt":{"rendered":"<p>Dzi\u0119ki dojrza\u0142ym i profesjonalnym technikom produkcji oraz przewadze szybkiego reagowania na trendy rynkowe, a tak\u017ce strategii opartej na Tajwanie i [&hellip;]<\/p>\n","protected":false},"author":1,"featured_media":69180,"parent":0,"menu_order":0,"comment_status":"closed","ping_status":"closed","template":"","meta":{"site-sidebar-layout":"default","site-content-layout":"default","ast-site-content-layout":"default","site-content-style":"default","site-sidebar-style":"default","ast-global-header-display":"","ast-banner-title-visibility":"","ast-main-header-display":"","ast-hfb-above-header-display":"","ast-hfb-below-header-display":"","ast-hfb-mobile-header-display":"","site-post-title":"","ast-breadcrumbs-content":"","ast-featured-img":"","footer-sml-layout":"","ast-disable-related-posts":"","theme-transparent-header-meta":"default","adv-header-id-meta":"","stick-header-meta":"default","header-above-stick-meta":"","header-main-stick-meta":"","header-below-stick-meta":"","astra-migrate-meta-layouts":"default","ast-page-background-enabled":"default","ast-page-background-meta":{"desktop":{"background-color":"var(--ast-global-color-5)","background-image":"","background-repeat":"repeat","background-position":"center center","background-size":"auto","background-attachment":"scroll","background-type":"","background-media":"","overlay-type":"","overlay-color":"","overlay-opacity":"","overlay-gradient":""},"tablet":{"background-color":"","background-image":"","background-repeat":"repeat","background-position":"center center","background-size":"auto","background-attachment":"scroll","background-type":"","background-media":"","overlay-type":"","overlay-color":"","overlay-opacity":"","overlay-gradient":""},"mobile":{"background-color":"","background-image":"","background-repeat":"repeat","background-position":"center center","background-size":"auto","background-attachment":"scroll","background-type":"","background-media":"","overlay-type":"","overlay-color":"","overlay-opacity":"","overlay-gradient":""}},"ast-content-background-meta":{"desktop":{"background-color":"var(--ast-global-color-4)","background-image":"","background-repeat":"repeat","background-position":"center center","background-size":"auto","background-attachment":"scroll","background-type":"","background-media":"","overlay-type":"","overlay-color":"","overlay-opacity":"","overlay-gradient":""},"tablet":{"background-color":"var(--ast-global-color-4)","background-image":"","background-repeat":"repeat","background-position":"center center","background-size":"auto","background-attachment":"scroll","background-type":"","background-media":"","overlay-type":"","overlay-color":"","overlay-opacity":"","overlay-gradient":""},"mobile":{"background-color":"var(--ast-global-color-4)","background-image":"","background-repeat":"repeat","background-position":"center center","background-size":"auto","background-attachment":"scroll","background-type":"","background-media":"","overlay-type":"","overlay-color":"","overlay-opacity":"","overlay-gradient":""}},"footnotes":""},"class_list":["post-69175","page","type-page","status-publish","has-post-thumbnail","hentry"],"_links":{"self":[{"href":"https:\/\/honwaygroup.com\/pl\/wp-json\/wp\/v2\/pages\/69175","targetHints":{"allow":["GET"]}}],"collection":[{"href":"https:\/\/honwaygroup.com\/pl\/wp-json\/wp\/v2\/pages"}],"about":[{"href":"https:\/\/honwaygroup.com\/pl\/wp-json\/wp\/v2\/types\/page"}],"author":[{"embeddable":true,"href":"https:\/\/honwaygroup.com\/pl\/wp-json\/wp\/v2\/users\/1"}],"replies":[{"embeddable":true,"href":"https:\/\/honwaygroup.com\/pl\/wp-json\/wp\/v2\/comments?post=69175"}],"version-history":[{"count":0,"href":"https:\/\/honwaygroup.com\/pl\/wp-json\/wp\/v2\/pages\/69175\/revisions"}],"wp:featuredmedia":[{"embeddable":true,"href":"https:\/\/honwaygroup.com\/pl\/wp-json\/wp\/v2\/media\/69180"}],"wp:attachment":[{"href":"https:\/\/honwaygroup.com\/pl\/wp-json\/wp\/v2\/media?parent=69175"}],"curies":[{"name":"wp","href":"https:\/\/api.w.org\/{rel}","templated":true}]}}