{"id":69154,"date":"2015-12-01T18:21:33","date_gmt":"2015-12-01T10:21:33","guid":{"rendered":"https:\/\/honwaygroup.com\/honway\/kluczowe-momenty-w-historii-honway\/"},"modified":"2025-12-08T17:54:18","modified_gmt":"2025-12-08T09:54:18","slug":"kluczowe-momenty-w-historii-honway","status":"publish","type":"page","link":"https:\/\/honwaygroup.com\/pl\/honway\/kluczowe-momenty-w-historii-honway\/","title":{"rendered":"Kluczowe momenty w historii HonWay"},"content":{"rendered":"\t\t<div data-elementor-type=\"wp-page\" data-elementor-id=\"69154\" class=\"elementor elementor-69154 elementor-1264\" data-elementor-post-type=\"page\">\n\t\t\t\t\t\t<section class=\"elementor-section elementor-top-section elementor-element elementor-element-f3edaef elementor-section-height-min-height elementor-section-content-middle elementor-section-stretched elementor-section-boxed elementor-section-height-default elementor-section-items-middle\" data-id=\"f3edaef\" data-element_type=\"section\" data-e-type=\"section\" data-settings=\"{&quot;background_background&quot;:&quot;classic&quot;,&quot;stretch_section&quot;:&quot;section-stretched&quot;}\">\n\t\t\t\t\t\t<div class=\"elementor-container elementor-column-gap-no\">\n\t\t\t\t\t<div class=\"elementor-column elementor-col-100 elementor-top-column elementor-element elementor-element-0ef6366\" data-id=\"0ef6366\" data-element_type=\"column\" data-e-type=\"column\">\n\t\t\t<div class=\"elementor-widget-wrap elementor-element-populated\">\n\t\t\t\t\t\t\t<\/div>\n\t\t<\/div>\n\t\t\t\t\t<\/div>\n\t\t<\/section>\n\t\t\t\t<section class=\"elementor-section elementor-top-section elementor-element elementor-element-4b647f2 elementor-section-boxed elementor-section-height-default elementor-section-height-default\" data-id=\"4b647f2\" data-element_type=\"section\" data-e-type=\"section\">\n\t\t\t\t\t\t<div class=\"elementor-container elementor-column-gap-default\">\n\t\t\t\t\t<div class=\"elementor-column elementor-col-100 elementor-top-column elementor-element elementor-element-a1fc56f\" data-id=\"a1fc56f\" data-element_type=\"column\" data-e-type=\"column\">\n\t\t\t<div class=\"elementor-widget-wrap elementor-element-populated\">\n\t\t\t\t\t\t<div class=\"elementor-element elementor-element-3546e9b elementor-widget elementor-widget-image\" data-id=\"3546e9b\" data-element_type=\"widget\" data-e-type=\"widget\" data-widget_type=\"image.default\">\n\t\t\t\t<div class=\"elementor-widget-container\">\n\t\t\t\t\t\t\t\t\t\t\t\t\t\t\t\t<a href=\"https:\/\/www.semicontaiwan.org\/zh\" target=\"_blank\" rel=\"nofollow noopener\">\n\t\t\t\t\t\t\t<img fetchpriority=\"high\" decoding=\"async\" width=\"1501\" height=\"565\" src=\"https:\/\/honwaygroup.com\/wp-content\/uploads\/2025\/11\/\u5de5\u4f5c\u5340\u57df-7-3.webp\" class=\"attachment-full size-full wp-image-129544\" alt=\"2025-\u53f0\u7063\u91ab\u7642\u79d1\u6280\u5c55\" srcset=\"https:\/\/honwaygroup.com\/wp-content\/uploads\/2025\/11\/\u5de5\u4f5c\u5340\u57df-7-3.webp 1501w, https:\/\/honwaygroup.com\/wp-content\/uploads\/2025\/11\/\u5de5\u4f5c\u5340\u57df-7-3-300x113.webp 300w, https:\/\/honwaygroup.com\/wp-content\/uploads\/2025\/11\/\u5de5\u4f5c\u5340\u57df-7-3-1024x385.webp 1024w, https:\/\/honwaygroup.com\/wp-content\/uploads\/2025\/11\/\u5de5\u4f5c\u5340\u57df-7-3-768x289.webp 768w\" sizes=\"(max-width: 1501px) 100vw, 1501px\" \/>\t\t\t\t\t\t\t\t<\/a>\n\t\t\t\t\t\t\t\t\t\t\t\t\t\t\t<\/div>\n\t\t\t\t<\/div>\n\t\t\t\t\t<\/div>\n\t\t<\/div>\n\t\t\t\t\t<\/div>\n\t\t<\/section>\n\t\t\t\t<section class=\"elementor-section elementor-top-section elementor-element elementor-element-dc37308 elementor-section-boxed elementor-section-height-default elementor-section-height-default\" data-id=\"dc37308\" data-element_type=\"section\" data-e-type=\"section\">\n\t\t\t\t\t\t<div class=\"elementor-container elementor-column-gap-default\">\n\t\t\t\t\t<div class=\"elementor-column elementor-col-100 elementor-top-column elementor-element elementor-element-0aef44e\" data-id=\"0aef44e\" data-element_type=\"column\" data-e-type=\"column\">\n\t\t\t<div class=\"elementor-widget-wrap\">\n\t\t\t\t\t\t\t<\/div>\n\t\t<\/div>\n\t\t\t\t\t<\/div>\n\t\t<\/section>\n\t\t\t\t<section class=\"elementor-section elementor-top-section elementor-element elementor-element-746f8dd elementor-section-boxed elementor-section-height-default elementor-section-height-default\" data-id=\"746f8dd\" data-element_type=\"section\" data-e-type=\"section\">\n\t\t\t\t\t\t<div class=\"elementor-container elementor-column-gap-default\">\n\t\t\t\t\t<div class=\"elementor-column elementor-col-100 elementor-top-column elementor-element elementor-element-24922bf\" data-id=\"24922bf\" data-element_type=\"column\" data-e-type=\"column\">\n\t\t\t<div class=\"elementor-widget-wrap\">\n\t\t\t\t\t\t\t<\/div>\n\t\t<\/div>\n\t\t\t\t\t<\/div>\n\t\t<\/section>\n\t\t\t\t<section class=\"elementor-section elementor-top-section elementor-element elementor-element-234c1b2 elementor-section-boxed elementor-section-height-default elementor-section-height-default\" data-id=\"234c1b2\" data-element_type=\"section\" data-e-type=\"section\">\n\t\t\t\t\t\t<div class=\"elementor-container elementor-column-gap-default\">\n\t\t\t\t\t<div class=\"elementor-column elementor-col-100 elementor-top-column elementor-element elementor-element-701f750\" data-id=\"701f750\" data-element_type=\"column\" data-e-type=\"column\">\n\t\t\t<div class=\"elementor-widget-wrap elementor-element-populated\">\n\t\t\t\t\t\t<div class=\"elementor-element elementor-element-70ec22b elementor-widget elementor-widget-spacer\" data-id=\"70ec22b\" data-element_type=\"widget\" data-e-type=\"widget\" data-widget_type=\"spacer.default\">\n\t\t\t\t<div class=\"elementor-widget-container\">\n\t\t\t\t\t\t\t<div class=\"elementor-spacer\">\n\t\t\t<div class=\"elementor-spacer-inner\"><\/div>\n\t\t<\/div>\n\t\t\t\t\t\t<\/div>\n\t\t\t\t<\/div>\n\t\t\t\t\t<\/div>\n\t\t<\/div>\n\t\t\t\t\t<\/div>\n\t\t<\/section>\n\t\t\t\t<section class=\"elementor-section elementor-top-section elementor-element elementor-element-6391373 elementor-section-boxed elementor-section-height-default elementor-section-height-default\" data-id=\"6391373\" data-element_type=\"section\" data-e-type=\"section\">\n\t\t\t\t\t\t<div class=\"elementor-container elementor-column-gap-default\">\n\t\t\t\t\t<div class=\"elementor-column elementor-col-100 elementor-top-column elementor-element elementor-element-660c6ae\" data-id=\"660c6ae\" data-element_type=\"column\" data-e-type=\"column\">\n\t\t\t<div class=\"elementor-widget-wrap elementor-element-populated\">\n\t\t\t\t\t\t<div class=\"elementor-element elementor-element-518494f elementor-tabs-view-horizontal elementor-widget elementor-widget-tabs\" data-id=\"518494f\" data-element_type=\"widget\" data-e-type=\"widget\" data-widget_type=\"tabs.default\">\n\t\t\t\t<div class=\"elementor-widget-container\">\n\t\t\t\t\t\t\t<div class=\"elementor-tabs\">\n\t\t\t<div class=\"elementor-tabs-wrapper\" role=\"tablist\" >\n\t\t\t\t\t\t\t\t\t<div id=\"elementor-tab-title-8541\" class=\"elementor-tab-title elementor-tab-desktop-title\" aria-selected=\"true\" data-tab=\"1\" role=\"tab\" tabindex=\"0\" aria-controls=\"elementor-tab-content-8541\" aria-expanded=\"false\">2024-2025<\/div>\n\t\t\t\t\t\t\t\t\t<div id=\"elementor-tab-title-8542\" class=\"elementor-tab-title elementor-tab-desktop-title\" aria-selected=\"false\" data-tab=\"2\" role=\"tab\" tabindex=\"-1\" aria-controls=\"elementor-tab-content-8542\" aria-expanded=\"false\">2022-2016  <\/div>\n\t\t\t\t\t\t\t\t\t<div id=\"elementor-tab-title-8543\" class=\"elementor-tab-title elementor-tab-desktop-title\" aria-selected=\"false\" data-tab=\"3\" role=\"tab\" tabindex=\"-1\" aria-controls=\"elementor-tab-content-8543\" aria-expanded=\"false\">2015<\/div>\n\t\t\t\t\t\t\t\t\t<div id=\"elementor-tab-title-8544\" class=\"elementor-tab-title elementor-tab-desktop-title\" aria-selected=\"false\" data-tab=\"4\" role=\"tab\" tabindex=\"-1\" aria-controls=\"elementor-tab-content-8544\" aria-expanded=\"false\">2014<\/div>\n\t\t\t\t\t\t\t\t\t<div id=\"elementor-tab-title-8545\" class=\"elementor-tab-title elementor-tab-desktop-title\" aria-selected=\"false\" data-tab=\"5\" role=\"tab\" tabindex=\"-1\" aria-controls=\"elementor-tab-content-8545\" aria-expanded=\"false\">2013-2009<\/div>\n\t\t\t\t\t\t\t<\/div>\n\t\t\t<div class=\"elementor-tabs-content-wrapper\" role=\"tablist\" aria-orientation=\"vertical\">\n\t\t\t\t\t\t\t\t\t<div class=\"elementor-tab-title elementor-tab-mobile-title\" aria-selected=\"true\" data-tab=\"1\" role=\"tab\" tabindex=\"0\" aria-controls=\"elementor-tab-content-8541\" aria-expanded=\"false\">2024-2025<\/div>\n\t\t\t\t\t<div id=\"elementor-tab-content-8541\" class=\"elementor-tab-content elementor-clearfix\" data-tab=\"1\" role=\"tabpanel\" aria-labelledby=\"elementor-tab-title-8541\" tabindex=\"0\" hidden=\"false\"><p>2025.10.21-23 \ud64d\uc6e8\uc774\ub294 \ub300\ub9cc \uad6d\uc81c \ud558\ub4dc\uc6e8\uc5b4 \ub3c4\uad6c \uc5d1\uc2a4\ud3ec x \ud558\ub4dc\uc6e8\uc5b4 \uc0b0\uc5c5 \uc1fc(TiTE x IHT)\uc5d0 \ucc38\uac00\ud588\uc2b5\ub2c8\ub2e4.<\/p>\n<p>2025.09.10-12 \uc5d0\uc774\uc11c, SEMICON \ub300\ub9cc \uad6d\uc81c \ubc18\ub3c4\uccb4 \uc804\uc2dc\ud68c \ucc38\uac00<\/p>\n<p>2025.04.23-26 \ud64d\uc6e8\uc774, \ud0c0\uc774\ubca0\uc774 AMPA \ud0c0\uc774\ubca0\uc774 \uad6d\uc81c \uc790\ub3d9\ucc28 \ubd80\ud488 \ubc15\ub78c\ud68c \ucc38\uac00<\/p>\n<p>2025.03.03-08 Hongwei\ub294 TIMTOS \ud0c0\uc774\ubca0\uc774 \uad6d\uc81c \uacf5\uc791 \uae30\uacc4 \uc1fc\uc5d0 \ucc38\uac00\ud588\uc2b5\ub2c8\ub2e4.<\/p>\n<p>2024.10.23-25 \u200b\u200b\u200b\u200b\ud64d\uc6e8\uc774, TPCA SHOW \ub300\ub9cc PCB \uc0b0\uc5c5 \uad6d\uc81c \uc804\uc2dc\ud68c \ucc38\uac00<\/p>\n<p>2024.07.04-08 Hongwei\uac00 \ud0c0\uc774\uc911 \uc790\ub3d9\ud654 \uc0b0\uc5c5 \uc804\uc2dc\ud68c\uc5d0 \ucc38\uac00\ud588\uc2b5\ub2c8\ub2e4.<\/p>\n<p>2024.06.05-07 Hongwei\uac00 \ub300\ub9cc \uad6d\uc81c \ud328\uc2a4\ub108 \uc1fc\uc5d0 \ucc38\uac00\ud588\uc2b5\ub2c8\ub2e4.<\/p>\n<p>2024.03.27-31 \ud64d\uc6e8\uc774, TMTS \uad6d\uc81c\uacf5\uc791\uae30\uacc4\ubc15\ub78c\ud68c \ucc38\uac00<\/p>\n<\/div>\n\t\t\t\t\t\t\t\t\t<div class=\"elementor-tab-title elementor-tab-mobile-title\" aria-selected=\"false\" data-tab=\"2\" role=\"tab\" tabindex=\"-1\" aria-controls=\"elementor-tab-content-8542\" aria-expanded=\"false\">2022-2016  <\/div>\n\t\t\t\t\t<div id=\"elementor-tab-content-8542\" class=\"elementor-tab-content elementor-clearfix\" data-tab=\"2\" role=\"tabpanel\" aria-labelledby=\"elementor-tab-title-8542\" tabindex=\"0\" hidden=\"hidden\"><p>2022.10.19-21 \ud64d\uc6e8\uc774\ub294 2022 \ub300\ub9cc \uae08\uc18d\uc18c\uc7ac \ubc0f \uc815\ubc00\uac00\uacf5\uc7a5\ube44 \uc804\uc2dc\ud68c\uc5d0 \ucc38\uac00\ud588\uc2b5\ub2c8\ub2e4.<\/p>\n<p>Od 3 lutego 2022 roku firma HonWay umo\u017cliwia rezerwacje za po\u015brednictwem swojego fanpage&#8217;a na Facebooku. Kliknij <a href=\"https:\/\/www.facebook.com\/honwaygroup\/\" rel=\"nofollow noopener\" target=\"_blank\">[tutaj]<\/a>, aby dokona\u0107 rezerwacji.<\/p>\n<p>15-17.08.2019 HonWay uczestniczy\u0142o w 2019 Taipei Aerospace and Defense Industry Exhibition<\/p>\n<p>10-12.04.2018 HonWay uczestniczy\u0142o w 5th Taiwan International Fastener Show<\/p>\n<p>17-19.08.2017 HonWay uczestniczy\u0142o w 2017 Taipei Aerospace and Defense Industry Exhibition<\/p>\n<p>21-24.06.2017 HonWay uczestniczy\u0142o w 2017 Thailand International Automotive Manufacturing Exhibition<\/p>\n<p>2016.07 Adres siedziby HonWay zosta\u0142 przenioesiony na\uff1a<a href=\"https:\/\/www.google.com\/maps\/place\/%E5%AE%8F%E5%B4%B4%E5%AF%A6%E6%A5%AD%E6%9C%89%E9%99%90%E5%85%AC%E5%8F%B8+HonWay+Materials+Co.,+Ltd.\/@22.628953,120.313857,17z\/data=!3m2!4b1!5s0x346e04915a270cfd:0xbf03da77f990b3!4m5!3m4!1s0x346e04c4af24f5af:0xf5793b79152f4cb4!8m2!3d22.628953!4d120.313857\" rel=\"nofollow noopener\" target=\"_blank\">8F-8, No. 206, Guanghua 1st Rd., Lingya Dist., Kaohsiung City 802466, Taiwan (R.O.C.)<\/a><\/p>\n<p>11-13.04.2016 Hongwei uczestniczy\u0142 w 4. Tajwa\u0144skich Mi\u0119dzynarodowych Targach \u0141\u0105cznik\u00f3w.<\/p>\n<\/div>\n\t\t\t\t\t\t\t\t\t<div class=\"elementor-tab-title elementor-tab-mobile-title\" aria-selected=\"false\" data-tab=\"3\" role=\"tab\" tabindex=\"-1\" aria-controls=\"elementor-tab-content-8543\" aria-expanded=\"false\">2015<\/div>\n\t\t\t\t\t<div id=\"elementor-tab-content-8543\" class=\"elementor-tab-content elementor-clearfix\" data-tab=\"3\" role=\"tabpanel\" aria-labelledby=\"elementor-tab-title-8543\" tabindex=\"0\" hidden=\"hidden\"><p>30.11 polikrystaliczna pasta diamentowa HonWay z powodzeniem wesz\u0142a na rynek szlifowania i polerowania obud\u00f3w telefon\u00f3w kom\u00f3rkowych 3C.<\/p>\n<p>18.11 polikrystaliczna pasta diamentowa HonWay z powodzeniem trafi\u0142a do zak\u0142ad\u00f3w optycznych.<\/p>\n<p>11.11 Specjalna oferta na stronie aukcyjnej z okazji Dnia Singla &#8211; kupujesz past\u0119 diamentow\u0105, dostajesz drug\u0105 gratis.<\/p>\n<p>22.10 Wyprzeda\u017c starej formu\u0142y monokrystalicznej pasty diamentowej, nowa generacja pasty diamentowej ma wi\u0119ksz\u0105 si\u0142\u0119 ci\u0119cia i lepsz\u0105 chropowato\u015b\u0107 powierzchni!<\/p>\n<p>17.09 Diamentowa szczotka jubilerska z trzpieniem 3 mm oficjalnie debiutuje! W okresie promocyjnym kupujesz dziesi\u0119\u0107, a dostajesz jedn\u0105 gratis. <\/p>\n<p>11.09 HonWay oficjalnie rejestruje si\u0119 na mobilnej stronie LINE, oferuj\u0105c natychmiastow\u0105 obs\u0142ug\u0119 klienta. Dodaj ID : <a href=\"https:\/\/page.line.me\/kob3665o\" rel=\"nofollow noopener\" target=\"_blank\">@honway<\/a><\/p>\n<p>27.08 Artyku\u0142 o polikrystalicznej pa\u015bcie diamentowej HonWay, jako skutecznym narz\u0119dziu do polerowania form, ukaza\u0142 si\u0119 w elektronicznym wydaniu gazety &#8222;United Financial Network&#8221; w sekcji &#8222;Optoelektronika i P\u00f3\u0142przewodniki&#8221;. Kliknij <a href=\"http:\/\/money.udn.com\/money\/story\/5735\/1150039?fb_action_ids=557801577706772&amp;fb_action_types=og.comments\" rel=\"nofollow noopener\" target=\"_blank\">tutaj<\/a>, aby przeczyta\u0107 pe\u0142ny raport.<\/p>\n<p>26-28.08 HonWay uczestniczy\u0142o w Wystawie Paneli Dotykowych i Film\u00f3w Optycznych Touch Taiwan 2015 (Taipei Nangang Exhibition Hall 1F), stoisko I428.<\/p>\n<p>13-16.08 HonWay uczestniczy\u0142o w 2015 Taipei Aerospace &amp; Defense Industry Exhibition. Informacje o powi\u0105zanych firmach: <a href=\"https:\/\/www.tadte.com.tw\/zh_TW\/exh\/info.html?id=2BEF6354F67FE1E9D0636733C6861689\" rel=\"nofollow noopener\" target=\"_blank\">Kliknij tutaj.<\/a><\/p>\n<p>12.08 Opublikowano w biuletynie elektronicznym &#8222;United Financial Network&#8221; w kategorii &#8222;Przemys\u0142 Automatyczny&#8221;. Zobacz pe\u0142ny raport: Diamentowa szczotka HonWay &#8211; prze\u0142om w szlifowaniu i polerowaniu. <a href=\"http:\/\/money.udn.com\/money\/story\/5639\/1117568?f=lineshare\" rel=\"nofollow noopener\" target=\"_blank\">Kliknij tutaj<\/a>: http:\/\/money.udn.com\/money\/story\/5639\/1117568?f=lineshare<\/p>\n<p>04.08 Wsp\u00f3lnie z producentami badamy i rozwijamy stop litu z krzemem jako materia\u0142 na elektrod\u0119 ujemn\u0105 baterii.<\/p>\n<p>20.07 HonWay wprowadza na rynek wyj\u0105tkowy prezent walentynkowy &#8211; klepsydr\u0119 z diamentowym py\u0142em.<\/p>\n<p>03.06 Opublikowano w biuletynie elektronicznym &#8222;United Financial Network&#8221; w kategorii &#8222;Instrumenty i Chemikalia&#8221;. <a href=\"http:\/\/money.udn.com\/money\/story\/7369\/933746-%E5%AE%8F%E5%B4%B4-%E9%AB%98%E5%93%81%E8%B3%AA%E7%89%B9%E6%AE%8A%E5%8E%9F%E7%89%A9%E6%96%99%E5%B0%88%E5%AE%B6\" rel=\"nofollow noopener\" target=\"_blank\">Zobacz pe\u0142ny raport:<\/a> http:\/\/money.udn.com\/money\/story\/7369\/933746-%E5%AE%8F%E5%B4%B4-%E9%AB%98%E5%93%81%E8%B3%AA%E7%89%B9%E6%AE%8A%E5%8E%9F%E7%89%A9%E6%96%99%E5%B0%88%E5%AE%B6<\/p>\n<p>27-29.05 HonWay uczestniczy\u0142o w 2015 Kaohsiung International Chemical Exhibition (Kaohsiung Exhibition Center), stoisko S405 (hala po\u0142udniowa).<\/p>\n<p>17-21.04 HonWay uczestniczy\u0142o w 2015 Kaohsiung Automation Industry Exhibition (Kaohsiung Exhibition Center), stoisko N5014 (hala p\u00f3\u0142nocna).<\/p>\n<p>11.02 Dziennik Gospodarczy &#8222;Economic Daily News&#8221; opublikowa\u0142 11 lutego 2015 roku w specjalnym dodatku po\u015bwi\u0119conym automatyzacji artyku\u0142 o supertwardych materia\u0142ach firmy HonWay.<\/p>\n<p>15.01 Narodzi\u0142a si\u0119 maskotka HonWay &#8222;Diamencik&#8221; (Zuan Baobao)<\/p>\n<\/div>\n\t\t\t\t\t\t\t\t\t<div class=\"elementor-tab-title elementor-tab-mobile-title\" aria-selected=\"false\" data-tab=\"4\" role=\"tab\" tabindex=\"-1\" aria-controls=\"elementor-tab-content-8544\" aria-expanded=\"false\">2014<\/div>\n\t\t\t\t\t<div id=\"elementor-tab-content-8544\" class=\"elementor-tab-content elementor-clearfix\" data-tab=\"4\" role=\"tabpanel\" aria-labelledby=\"elementor-tab-title-8544\" tabindex=\"0\" hidden=\"hidden\"><p>15.11 Z powodzeniem wprowadzono past\u0119 diamentow\u0105 polikrystaliczn\u0105 na rynek tradycyjnych form w rozs\u0105dnej cenie.<\/p>\n<p>12.11 Firma HonWay oficjalnie obchodzi 1 rok istnienia.<\/p>\n<p>05.11 HonWay wsp\u00f3\u0142pracuje z prezesem zarz\u0105du firmy First Nano Technology, panem Linem, w zakresie bada\u0144 i rozwoju, dodaj\u0105c nanodiamenty do oleju silnikowego, z powodzeniem obni\u017caj\u0105c emisj\u0119 nagaru, zu\u017cycie paliwa oraz zwi\u0119kszaj\u0105c moc i moment obrotowy.<\/p>\n<p>16.09 Prezentacja nowego produktu: diamentowa szczotka nylonowa, przeznaczona do szlifowania i polerowania supertwardych materia\u0142\u00f3w o nieregularnych kszta\u0142tach.<\/p>\n<p>27-30.08 HonWay uczestniczy\u0142o w 20. edycji Mi\u0119dzynarodowej Wystawy Form i Urz\u0105dze\u0144 do Produkcji Form w Taipei w 2014 roku, stoisko L 1003-1.<\/p>\n<p>17.07 Oficjalny adres firmy HonWay zosta\u0142 przeniesiony na: 802 9F-5, No. 110, Sanduo 4th Road, Lingya District, Kaohsiung City.<\/p>\n<p>30.06 Zako\u0144czono umow\u0119 agencyjn\u0105 z Hongyu Precision.<\/p>\n<\/div>\n\t\t\t\t\t\t\t\t\t<div class=\"elementor-tab-title elementor-tab-mobile-title\" aria-selected=\"false\" data-tab=\"5\" role=\"tab\" tabindex=\"-1\" aria-controls=\"elementor-tab-content-8545\" aria-expanded=\"false\">2013-2009<\/div>\n\t\t\t\t\t<div id=\"elementor-tab-content-8545\" class=\"elementor-tab-content elementor-clearfix\" data-tab=\"5\" role=\"tabpanel\" aria-labelledby=\"elementor-tab-title-8545\" tabindex=\"0\" hidden=\"hidden\"><p>12.11.2013 Zhu Hongyou oficjalnie zarejestrowa\u0142 firm\u0119 HonWay.<\/p>\n<p>06.2012 By\u0142y dyrektor generalny United Abrasives oficjalnie opu\u015bci\u0142 United Abrasives. Od tego czasu United Abrasives nie posiada w\u0142asnych technologii badawczo-rozwojowych ani zak\u0142ad\u00f3w produkcyjnych i sta\u0142o si\u0119 zwyk\u0142\u0105 firm\u0105 handlow\u0105.<\/p>\n<p>2011 Wsp\u00f3\u0142praca z firm\u0105 Jingmei w zakresie bada\u0144 i rozwoju technologicznych materia\u0142\u00f3w do serii kosmetyk\u00f3w.<\/p>\n<p>2011 Z powodzeniem opracowano nowy typ pasty diamentowej, kt\u00f3ra poprawia wydajno\u015b\u0107 ci\u0119cia i zmniejsza zu\u017cycie, a jej zastosowanie w \u017cyciu codziennym wywo\u0142a\u0142o dyskusj\u0119 na rynku.<\/p>\n<p>2010 Uhonorowanie wywiadami przez media, takie jak &#8222;\u5de5\u5546\u6642\u5831&#8221; (Commercial Times) i &#8222;\u4e2d\u6642&#8221; (China Times).<\/p>\n<p>2010 Zaproszenie na bankiet dla czo\u0142owych lider\u00f3w technologicznych<strong>.<\/strong><\/p>\n<p>2009 Zaproszenie do udzia\u0142u w mi\u0119dzynarodowej wystawie p\u00f3\u0142przewodnik\u00f3w SEMICON Taiwan 2010.<\/p>\n<\/div>\n\t\t\t\t\t\t\t<\/div>\n\t\t<\/div>\n\t\t\t\t\t\t<\/div>\n\t\t\t\t<\/div>\n\t\t\t\t\t<\/div>\n\t\t<\/div>\n\t\t\t\t\t<\/div>\n\t\t<\/section>\n\t\t\t\t<\/div>\n\t\t","protected":false},"excerpt":{"rendered":"<p>2024-2025 2022-2016 2015 2014 2013-2009 2024-2025 2025.10.21-23 \ud64d\uc6e8\uc774\ub294 \ub300\ub9cc \uad6d\uc81c \ud558\ub4dc\uc6e8\uc5b4 \ub3c4\uad6c \uc5d1\uc2a4\ud3ec x \ud558\ub4dc\uc6e8\uc5b4 \uc0b0\uc5c5 \uc1fc(TiTE x IHT)\uc5d0 \ucc38\uac00\ud588\uc2b5\ub2c8\ub2e4. [&hellip;]<\/p>\n","protected":false},"author":1,"featured_media":0,"parent":69146,"menu_order":0,"comment_status":"closed","ping_status":"closed","template":"","meta":{"site-sidebar-layout":"default","site-content-layout":"default","ast-site-content-layout":"default","site-content-style":"default","site-sidebar-style":"default","ast-global-header-display":"","ast-banner-title-visibility":"","ast-main-header-display":"","ast-hfb-above-header-display":"","ast-hfb-below-header-display":"","ast-hfb-mobile-header-display":"","site-post-title":"","ast-breadcrumbs-content":"","ast-featured-img":"","footer-sml-layout":"","ast-disable-related-posts":"","theme-transparent-header-meta":"default","adv-header-id-meta":"","stick-header-meta":"default","header-above-stick-meta":"","header-main-stick-meta":"","header-below-stick-meta":"","astra-migrate-meta-layouts":"default","ast-page-background-enabled":"default","ast-page-background-meta":{"desktop":{"background-color":"var(--ast-global-color-5)","background-image":"","background-repeat":"repeat","background-position":"center center","background-size":"auto","background-attachment":"scroll","background-type":"","background-media":"","overlay-type":"","overlay-color":"","overlay-opacity":"","overlay-gradient":""},"tablet":{"background-color":"","background-image":"","background-repeat":"repeat","background-position":"center center","background-size":"auto","background-attachment":"scroll","background-type":"","background-media":"","overlay-type":"","overlay-color":"","overlay-opacity":"","overlay-gradient":""},"mobile":{"background-color":"","background-image":"","background-repeat":"repeat","background-position":"center center","background-size":"auto","background-attachment":"scroll","background-type":"","background-media":"","overlay-type":"","overlay-color":"","overlay-opacity":"","overlay-gradient":""}},"ast-content-background-meta":{"desktop":{"background-color":"var(--ast-global-color-4)","background-image":"","background-repeat":"repeat","background-position":"center center","background-size":"auto","background-attachment":"scroll","background-type":"","background-media":"","overlay-type":"","overlay-color":"","overlay-opacity":"","overlay-gradient":""},"tablet":{"background-color":"var(--ast-global-color-4)","background-image":"","background-repeat":"repeat","background-position":"center center","background-size":"auto","background-attachment":"scroll","background-type":"","background-media":"","overlay-type":"","overlay-color":"","overlay-opacity":"","overlay-gradient":""},"mobile":{"background-color":"var(--ast-global-color-4)","background-image":"","background-repeat":"repeat","background-position":"center center","background-size":"auto","background-attachment":"scroll","background-type":"","background-media":"","overlay-type":"","overlay-color":"","overlay-opacity":"","overlay-gradient":""}},"footnotes":""},"class_list":["post-69154","page","type-page","status-publish","hentry"],"_links":{"self":[{"href":"https:\/\/honwaygroup.com\/pl\/wp-json\/wp\/v2\/pages\/69154","targetHints":{"allow":["GET"]}}],"collection":[{"href":"https:\/\/honwaygroup.com\/pl\/wp-json\/wp\/v2\/pages"}],"about":[{"href":"https:\/\/honwaygroup.com\/pl\/wp-json\/wp\/v2\/types\/page"}],"author":[{"embeddable":true,"href":"https:\/\/honwaygroup.com\/pl\/wp-json\/wp\/v2\/users\/1"}],"replies":[{"embeddable":true,"href":"https:\/\/honwaygroup.com\/pl\/wp-json\/wp\/v2\/comments?post=69154"}],"version-history":[{"count":0,"href":"https:\/\/honwaygroup.com\/pl\/wp-json\/wp\/v2\/pages\/69154\/revisions"}],"up":[{"embeddable":true,"href":"https:\/\/honwaygroup.com\/pl\/wp-json\/wp\/v2\/pages\/69146"}],"wp:attachment":[{"href":"https:\/\/honwaygroup.com\/pl\/wp-json\/wp\/v2\/media?parent=69154"}],"curies":[{"name":"wp","href":"https:\/\/api.w.org\/{rel}","templated":true}]}}