{"id":69099,"date":"2021-02-04T11:23:43","date_gmt":"2021-02-04T03:23:43","guid":{"rendered":"https:\/\/honwaygroup.com\/ochrona-danych-osobowych\/"},"modified":"2025-02-07T10:53:48","modified_gmt":"2025-02-07T02:53:48","slug":"ochrona-danych-osobowych","status":"publish","type":"page","link":"https:\/\/honwaygroup.com\/pl\/ochrona-danych-osobowych\/","title":{"rendered":"Ochrona danych osobowych"},"content":{"rendered":"\t\t<div data-elementor-type=\"wp-page\" data-elementor-id=\"69099\" class=\"elementor elementor-69099 elementor-8657\" data-elementor-post-type=\"page\">\n\t\t\t\t\t\t<section class=\"elementor-section elementor-top-section elementor-element elementor-element-2812e527 elementor-section-boxed elementor-section-height-default elementor-section-height-default\" data-id=\"2812e527\" data-element_type=\"section\" data-e-type=\"section\">\n\t\t\t\t\t\t<div class=\"elementor-container elementor-column-gap-default\">\n\t\t\t\t\t<div class=\"elementor-column elementor-col-100 elementor-top-column elementor-element elementor-element-68d52251\" data-id=\"68d52251\" data-element_type=\"column\" data-e-type=\"column\">\n\t\t\t<div class=\"elementor-widget-wrap elementor-element-populated\">\n\t\t\t\t\t\t<div class=\"elementor-element elementor-element-46cc4a56 elementor-widget elementor-widget-text-editor\" data-id=\"46cc4a56\" data-element_type=\"widget\" data-e-type=\"widget\" data-widget_type=\"text-editor.default\">\n\t\t\t\t<div class=\"elementor-widget-container\">\n\t\t\t\t\t\t\t\t\t\n<div class=\"wp-block-jetpack-markdown\">\n<p>Nasza firma bardzo powa\u017cnie traktuje Twoj\u0105 prywatno\u015b\u0107. Aby chroni\u0107 bezpiecze\u0144stwo Twoich danych osobowych, przestrzegamy przepis\u00f3w &#8222;Ustawy o ochronie danych osobowych&#8221; (zwanej dalej &#8222;Ustaw\u0105&#8221;) i informujemy Ci\u0119 o Twoich prawach, w celu uzyskania Twojej zgody na gromadzenie, przetwarzanie i wykorzystywanie przez nasz\u0105 firm\u0119 podanych przez Ciebie danych osobowych.<\/p>\n<p>I. Cel gromadzenia danych:<br>Nasza firma, w oparciu o us\u0142ugi edukacyjne, konsultingowe i doradcze, oraz inn\u0105 dzia\u0142alno\u015b\u0107 zgodn\u0105 z zakresem dzia\u0142alno\u015bci gospodarczej lub postanowieniami statutu, a tak\u017ce w celach marketingowych, zarz\u0105dzania klientami, bada\u0144 i analiz statystycznych, zarz\u0105dzania informacjami i bazami danych, gromadzi, przetwarza i wykorzystuje podane przez Ciebie dane osobowe zgodnie z przepisami Ustawy o ochronie danych osobowych.<\/p>\n<p>II. Kategorie danych osobowych:<\/p>\n<ol>\n<li>Dane podstawowe (w tym, ale nie wy\u0142\u0105cznie: imi\u0119 i nazwisko, numer identyfikacyjny, adres, dane kontaktowe itp.).<\/li>\n<li>Cechy osobowe (w tym, ale nie wy\u0142\u0105cznie: wiek, p\u0142e\u0107, data urodzenia itp.).<\/li>\n<li>Informacje zwi\u0105zane z edukacj\u0105 (w tym, ale nie wy\u0142\u0105cznie: szko\u0142a, przebieg nauki lub historia egzamin\u00f3w itp.).<\/li>\n<li>Informacje finansowe (w tym, ale nie wy\u0142\u0105cznie: informacje o karcie kredytowej lub koncie bankowym itp.).<\/li>\n<\/ol>\n<p>III. Okres, obszar, odbiorcy i spos\u00f3b wykorzystania danych osobowych:<\/p>\n<ol>\n<li>Podczas korzystania z tej us\u0142ugi, nasza firma b\u0119dzie przekazywa\u0107 Ci odpowiednie informacje za po\u015brednictwem biuletynu elektronicznego, poczty elektronicznej, poczty tradycyjnej, telefonu itp.<\/li>\n<li>Przegl\u0105dane przez Ciebie tre\u015bci b\u0119d\u0105, na podstawie Twoich danych osobowych, historii zakup\u00f3w lub historii przegl\u0105dania strony internetowej itp., personalizowane lub wykorzystywane do analizy us\u0142ug, marketingu nowych us\u0142ug, aktualizacji i ulepsze\u0144 systemu, rozwoju produkt\u00f3w (us\u0142ug), bada\u0144 akademickich, spersonalizowanych reklam, oceny skuteczno\u015bci reklam i analizy bada\u0144 rynku lub ulepszania istniej\u0105cych us\u0142ug itp., a tak\u017ce b\u0119dziemy si\u0119 z Tob\u0105 kontaktowa\u0107 w zwi\u0105zku z opiniami pozostawionymi w ankietach, dzia\u0142aniach, na forach itp. oraz innymi kwestiami zwi\u0105zanymi z us\u0142ugami.<\/li>\n<li>Podczas korzystania z tej us\u0142ugi, na stronie internetowej automatycznie wy\u015bwietli si\u0119 nazwa u\u017cytkownika i b\u0119d\u0105 dost\u0119pne anonimowe badania wewn\u0119trzne i zewn\u0119trzne lub raporty z danymi, w celu ulepszenia naszych us\u0142ug i spe\u0142nienia Pa\u0144stwa wymaga\u0144 dotycz\u0105cych produkt\u00f3w i us\u0142ug.<\/li>\n<li>Ze wzgl\u0119du na dane osobowe, kt\u00f3re Pa\u0144stwo podali podczas korzystania z tej us\u0142ugi, nasza firma b\u0119dzie je gromadzi\u0107, przechowywa\u0107, przetwarza\u0107, przesy\u0142a\u0107 i wykorzystywa\u0107 w wy\u017cej wymienionych celach, sposobach i zakresie, i udost\u0119pnia\u0107 je naszej firmie do zgodnego z prawem wykorzystania Pa\u0144stwa danych osobowych w okresie jej dzia\u0142alno\u015bci na terenie Republiki Chi\u0144skiej (Tajwanu).<\/li>\n<\/ol>\n<p>IV. Poufno\u015b\u0107 i bezpiecze\u0144stwo danych: Nasza firma ma surowe przepisy dotycz\u0105ce dost\u0119pu naszego personelu do Pa\u0144stwa danych osobowych i przestrzega wymog\u00f3w prawnych w celu ochrony bezpiecze\u0144stwa Pa\u0144stwa danych osobowych.<\/p>\n<p>V. Prawa i sposoby, w jakie mo\u017cna z nich skorzysta\u0107 zgodnie z art. 3 Ustawy o ochronie danych osobowych:<\/p>\n<ol>\n<li>Po skorzystaniu z us\u0142ug naszej firmy, mog\u0105 Pa\u0144stwo za\u017c\u0105da\u0107 od naszej firmy wgl\u0105du, przegl\u0105dania, sprostowania i usuni\u0119cia przechowywanych danych. Je\u015bli Pa\u0144stwa wy\u017cej wymienione \u017c\u0105dania wp\u0142yn\u0105 na realizacj\u0119 wy\u017cej wymienionych cel\u00f3w, nasza firma mo\u017ce ograniczy\u0107 lub zako\u0144czy\u0107 Pa\u0144stwa cz\u0142onkostwo, a nasza firma mo\u017ce za\u017c\u0105da\u0107 zap\u0142aty niezb\u0119dnych koszt\u00f3w za Pa\u0144stwa wgl\u0105d, przegl\u0105danie lub kopiowanie.<\/li>\n<li>Je\u015bli odm\u00f3wi\u0105 Pa\u0144stwo podania danych niezb\u0119dnych do korzystania z tej us\u0142ugi, mo\u017ce to uniemo\u017cliwi\u0107 korzystanie z tej us\u0142ugi.<\/li>\n<\/ol>\n<p>\u203b Specjalne klauzule umowne:<\/p>\n<p style=\"padding-left: 40px;\">(I) W celu wsparcia naszej firmy w osi\u0105gni\u0119ciu cel\u00f3w okre\u015blonych w punkcie (I) powy\u017cej, nasza firma mo\u017ce udost\u0119pnia\u0107, ujawnia\u0107 lub przekazywa\u0107 Twoje dane osobowe, podane w zwi\u0105zku z niniejsz\u0105 us\u0142ug\u0105, naszym powi\u0105zanym podmiotom lub wsp\u00f3\u0142pracuj\u0105cym osobom trzecim (w tym, ale nie wy\u0142\u0105cznie, dystrybutorom) w celu gromadzenia, przetwarzania i wykorzystywania.<\/p>\n<p style=\"padding-left: 40px;\">(II) W celach marketingowych, promowania innych rodzaj\u00f3w dzia\u0142alno\u015bci, produkt\u00f3w (us\u0142ug) itp. Twoje dane osobowe mog\u0105 by\u0107 udost\u0119pniane, ujawniane lub przekazywane powi\u0105zanym podmiotom naszej firmy lub wsp\u00f3\u0142pracuj\u0105cym osobom trzecim w celu gromadzenia, przetwarzania i wykorzystywania. Uwaga: Je\u015bli wyrazi\u0142e\u015b\/a\u015b zgod\u0119 na dwa powy\u017csze punkty, nadal mo\u017cesz w dowolnym momencie pisemnie powiadomi\u0107 nasz\u0105 firm\u0119 o zaprzestaniu udost\u0119pniania, ujawniania lub przekazywania Twoich danych osobowych. (Zadzwo\u0144 pod numer <a href=\"tel:+886-7-2231058\">+886-7-2231058<\/a> lub wy\u015blij e-mail ze swoimi potrzebami na adres <a href=\"mailto:service@honwaygroup.com\">service@honwaygroup.com<\/a>)<\/p>\n<p style=\"padding-left: 40px;\">(III) Je\u015bli nie zgadzasz si\u0119 z powy\u017cszymi warunkami, wp\u0142ynie to na Twoj\u0105 mo\u017cliwo\u015b\u0107 niezw\u0142ocznego uzyskania informacji zwi\u0105zanych z niniejsz\u0105 us\u0142ug\u0105, kt\u00f3re s\u0105 niezb\u0119dne do wsparcia naszej firmy w osi\u0105gni\u0119ciu cel\u00f3w okre\u015blonych w punkcie (I) powy\u017cej, od powi\u0105zanych podmiot\u00f3w lub wsp\u00f3\u0142pracuj\u0105cych os\u00f3b trzecich; lub wp\u0142ynie to na Twoj\u0105 mo\u017cliwo\u015b\u0107 uzyskania informacji marketingowych i promocyjnych na temat innych rodzaj\u00f3w dzia\u0142alno\u015bci, produkt\u00f3w (us\u0142ug) od powi\u0105zanych podmiot\u00f3w naszej firmy lub wsp\u00f3\u0142pracuj\u0105cych os\u00f3b trzecich.<\/p>\n<\/div>\n\n<p> <\/p>\n\t\t\t\t\t\t\t\t<\/div>\n\t\t\t\t<\/div>\n\t\t\t\t\t<\/div>\n\t\t<\/div>\n\t\t\t\t\t<\/div>\n\t\t<\/section>\n\t\t\t\t<\/div>\n\t\t","protected":false},"excerpt":{"rendered":"<p>Nasza firma bardzo powa\u017cnie traktuje Twoj\u0105 prywatno\u015b\u0107. Aby chroni\u0107 bezpiecze\u0144stwo Twoich danych osobowych, przestrzegamy przepis\u00f3w &#8222;Ustawy o ochronie danych osobowych&#8221; [&hellip;]<\/p>\n","protected":false},"author":1,"featured_media":0,"parent":0,"menu_order":0,"comment_status":"closed","ping_status":"closed","template":"","meta":{"site-sidebar-layout":"default","site-content-layout":"default","ast-site-content-layout":"default","site-content-style":"default","site-sidebar-style":"default","ast-global-header-display":"","ast-banner-title-visibility":"","ast-main-header-display":"","ast-hfb-above-header-display":"","ast-hfb-below-header-display":"","ast-hfb-mobile-header-display":"","site-post-title":"","ast-breadcrumbs-content":"","ast-featured-img":"","footer-sml-layout":"","ast-disable-related-posts":"","theme-transparent-header-meta":"default","adv-header-id-meta":"","stick-header-meta":"default","header-above-stick-meta":"","header-main-stick-meta":"","header-below-stick-meta":"","astra-migrate-meta-layouts":"default","ast-page-background-enabled":"default","ast-page-background-meta":{"desktop":{"background-color":"var(--ast-global-color-5)","background-image":"","background-repeat":"repeat","background-position":"center center","background-size":"auto","background-attachment":"scroll","background-type":"","background-media":"","overlay-type":"","overlay-color":"","overlay-opacity":"","overlay-gradient":""},"tablet":{"background-color":"","background-image":"","background-repeat":"repeat","background-position":"center center","background-size":"auto","background-attachment":"scroll","background-type":"","background-media":"","overlay-type":"","overlay-color":"","overlay-opacity":"","overlay-gradient":""},"mobile":{"background-color":"","background-image":"","background-repeat":"repeat","background-position":"center center","background-size":"auto","background-attachment":"scroll","background-type":"","background-media":"","overlay-type":"","overlay-color":"","overlay-opacity":"","overlay-gradient":""}},"ast-content-background-meta":{"desktop":{"background-color":"var(--ast-global-color-4)","background-image":"","background-repeat":"repeat","background-position":"center center","background-size":"auto","background-attachment":"scroll","background-type":"","background-media":"","overlay-type":"","overlay-color":"","overlay-opacity":"","overlay-gradient":""},"tablet":{"background-color":"var(--ast-global-color-4)","background-image":"","background-repeat":"repeat","background-position":"center center","background-size":"auto","background-attachment":"scroll","background-type":"","background-media":"","overlay-type":"","overlay-color":"","overlay-opacity":"","overlay-gradient":""},"mobile":{"background-color":"var(--ast-global-color-4)","background-image":"","background-repeat":"repeat","background-position":"center center","background-size":"auto","background-attachment":"scroll","background-type":"","background-media":"","overlay-type":"","overlay-color":"","overlay-opacity":"","overlay-gradient":""}},"footnotes":""},"class_list":["post-69099","page","type-page","status-publish","hentry"],"_links":{"self":[{"href":"https:\/\/honwaygroup.com\/pl\/wp-json\/wp\/v2\/pages\/69099","targetHints":{"allow":["GET"]}}],"collection":[{"href":"https:\/\/honwaygroup.com\/pl\/wp-json\/wp\/v2\/pages"}],"about":[{"href":"https:\/\/honwaygroup.com\/pl\/wp-json\/wp\/v2\/types\/page"}],"author":[{"embeddable":true,"href":"https:\/\/honwaygroup.com\/pl\/wp-json\/wp\/v2\/users\/1"}],"replies":[{"embeddable":true,"href":"https:\/\/honwaygroup.com\/pl\/wp-json\/wp\/v2\/comments?post=69099"}],"version-history":[{"count":0,"href":"https:\/\/honwaygroup.com\/pl\/wp-json\/wp\/v2\/pages\/69099\/revisions"}],"wp:attachment":[{"href":"https:\/\/honwaygroup.com\/pl\/wp-json\/wp\/v2\/media?parent=69099"}],"curies":[{"name":"wp","href":"https:\/\/api.w.org\/{rel}","templated":true}]}}