{"id":80528,"date":"2024-12-30T11:47:53","date_gmt":"2024-12-30T03:47:53","guid":{"rendered":"https:\/\/honwaygroup.com\/?post_type=product&#038;p=80528"},"modified":"2025-04-22T22:28:00","modified_gmt":"2025-04-22T14:28:00","slug":"dung-dich-danh-bong-kim-cuong-nano-%e3%80%8athanh-ly-hang-le%e3%80%8b","status":"publish","type":"product","link":"https:\/\/honwaygroup.com\/ko\/product\/dung-dich-danh-bong-kim-cuong-nano-%e3%80%8athanh-ly-hang-le%e3%80%8b\/","title":{"rendered":"Dung d\u1ecbch \u0111\u00e1nh b\u00f3ng kim c\u01b0\u01a1ng nano \u300aThanh l\u00fd h\u00e0ng l\u1ebb\u300b"},"content":{"rendered":"<p><strong>Dung d\u1ecbch \u0111\u00e1nh b\u00f3ng kim t\u01b0\u01a1ng b\u1eb1ng kim c\u01b0\u01a1ng nano<\/strong><\/p>\n<p>B\u1ed9t kim c\u01b0\u01a1ng nano h\u00ecnh c\u1ea7u \u0111\u01b0\u1ee3c t\u1ed5ng h\u1ee3p d\u01b0\u1edbi \u0111i\u1ec1u ki\u1ec7n \u00e1p su\u1ea5t si\u00eau cao, nhi\u1ec7t \u0111\u1ed9 cao v\u00e0 t\u1ee9c th\u1eddi. K\u00edch th\u01b0\u1edbc vi tinh th\u1ec3 ch\u1ec9 t\u1eeb 3-10 nanomet, \u0111\u01b0\u1ee3c t\u1ea1o th\u00e0nh c\u00e1c h\u1ea1t \u0111a tinh th\u1ec3 th\u00f4ng qua li\u00ean k\u1ebft kh\u00f4ng b\u00e3o h\u00f2a, do \u0111\u00f3 c\u00f3 \u0111\u1ed9 b\u1ec1n tuy\u1ec7t v\u1eddi. B\u1ed9t kim c\u01b0\u01a1ng nano h\u00ecnh c\u1ea7u n\u00e0y kh\u00e1c bi\u1ec7t v\u1edbi b\u1ed9t kim c\u01b0\u01a1ng \u0111\u01a1n tinh th\u1ec3 th\u00f4ng th\u01b0\u1eddng \u0111\u01b0\u1ee3c n\u00e9n t\u0129nh. C\u1ea5u tr\u00fac c\u1ee7a n\u00f3 r\u1ea5t gi\u1ed1ng v\u1edbi Carbonado t\u1ef1 nhi\u00ean, c\u00f3 hi\u1ec7u su\u1ea5t m\u00e0i m\u00f2n v\u00e0 \u0111\u00e1nh b\u00f3ng c\u1ef1c k\u1ef3 xu\u1ea5t s\u1eafc.<\/p>\n<p><strong>\u0110\u1eb7c \u0111i\u1ec3m s\u1ea3n ph\u1ea9m:<\/strong><\/p>\n<ul>\n<li>Kim c\u01b0\u01a1ng nano h\u00ecnh c\u1ea7u c\u00f3 t\u00ednh n\u0103ng \u0111\u1ed9c \u0111\u00e1o.<\/li>\n<li>Trong qu\u00e1 tr\u00ecnh m\u00e0i v\u00e0 \u0111\u00e1nh b\u00f3ng, kh\u00f4ng x\u1ea3y ra g\u00e3y v\u1ee1 gi\u00f2n, c\u0169ng kh\u00f3 l\u00e0m tr\u1ea7y x\u01b0\u1edbc b\u1ec1 m\u1eb7t ph\u00f4i gia c\u00f4ng.<\/li>\n<li>Tu\u1ed5i th\u1ecd s\u1eed d\u1ee5ng t\u01b0\u01a1ng \u0111\u1ed1i d\u00e0i.<\/li>\n<li>Trong qu\u00e1 tr\u00ecnh m\u00e0i, c\u00e1c h\u1ea1t tinh th\u1ec3 nano b\u1ecb bong ra.<\/li>\n<li>H\u1ea1t m\u00e0i c\u00f3 t\u00ednh n\u0103ng t\u1ef1 l\u00e0m s\u1eafc.<\/li>\n<\/ul>\n<p><strong>Ph\u1ea1m vi \u1ee9ng d\u1ee5ng:<\/strong><\/p>\n<ul>\n<li>S\u1eed d\u1ee5ng k\u00e8m theo mi\u1ebfng \u0111\u00e1nh b\u00f3ng kim t\u01b0\u01a1ng.<\/li>\n<li>\u0110\u00e1nh b\u00f3ng b\u1ec1 m\u1eb7t c\u1ea5p nano v\u00e0 angstrom (d\u01b0\u1edbi c\u1ea5p nano) cho wafer, khu\u00f4n si\u00eau ch\u00ednh x\u00e1c, \u0111\u00e1 qu\u00fd, g\u1ed1m s\u1ee9 v\u00e0 h\u1ee3p kim.<\/li>\n<\/ul>\n<p>C\u00f3 b\u1ea5t k\u1ef3 th\u1eafc m\u1eafc n\u00e0o? <a href=\"https:\/\/honwaygroup.com\/ko\/honway-%eb%ac%b8%ec%9d%98%ed%95%98%ea%b8%b0\/\">Li\u00ean h\u1ec7 v\u1edbi HonWay<\/a><\/p>\n<p>&nbsp;<\/p>\n","protected":false},"excerpt":{"rendered":"<p>\u2022 S\u1eed d\u1ee5ng k\u00e8m theo mi\u1ebfng \u0111\u00e1nh b\u00f3ng kim t\u01b0\u01a1ng. \u2022 Kim c\u01b0\u01a1ng nano h\u00ecnh c\u1ea7u c\u00f3 t\u00ednh n\u0103ng \u0111\u1ed9c \u0111\u00e1o. \u2022 Trong qu\u00e1 tr\u00ecnh m\u00e0i v\u00e0 \u0111\u00e1nh b\u00f3ng, kh\u00f4ng x\u1ea3y ra g\u00e3y v\u1ee1 gi\u00f2n, c\u0169ng kh\u00f3 l\u00e0m tr\u1ea7y x\u01b0\u1edbc b\u1ec1 m\u1eb7t ph\u00f4i gia c\u00f4ng. \u2022 Tu\u1ed5i th\u1ecd s\u1eed d\u1ee5ng t\u01b0\u01a1ng \u0111\u1ed1i d\u00e0i. \u2022 Trong qu\u00e1 tr\u00ecnh m\u00e0i, c\u00e1c h\u1ea1t tinh th\u1ec3 nano b\u1ecb bong ra. \u2022 H\u1ea1t m\u00e0i c\u00f3 t\u00ednh n\u0103ng t\u1ef1 l\u00e0m s\u1eafc.<\/p>\n<p>\u25b2 S\u1ea3n ph\u1ea9m \u0111\u01b0\u1ee3c t\u00ednh gi\u00e1 bao g\u1ed3m thu\u1ebf (ch\u1ec9 \u00e1p d\u1ee5ng t\u1ea1i \u0110\u00e0i Loan), thu\u1ebf nh\u1eadp kh\u1ea9u s\u1ebd \u0111\u01b0\u1ee3c t\u00ednh ri\u00eang.<\/p>\n<p>\u25b2 N\u1ebfu c\u1ea7n k\u00edch th\u01b0\u1edbc t\u00f9y ch\u1ec9nh, vui l\u00f2ng li\u00ean h\u1ec7 nh\u00e2n vi\u00ean ch\u0103m s\u00f3c kh\u00e1ch h\u00e0ng, ng\u00e0y giao h\u00e0ng s\u1ebd d\u1ef1a theo th\u1eddi gian th\u00f4ng b\u00e1o c\u1ee7a nh\u00e2n vi\u00ean.<\/p>\n<p>\u25b2 S\u1ea3n ph\u1ea9m \u0111\u1ec1u thu\u1ed9c lo\u1ea1i k\u00edch th\u01b0\u1edbc l\u1ebb, s\u1ed1 l\u01b0\u1ee3ng gi\u1edbi h\u1ea1n, b\u00e1n h\u1ebft s\u1ebd ng\u1eebng cung c\u1ea5p.\u201d<\/p>\n","protected":false},"featured_media":80529,"template":"","meta":{"site-sidebar-layout":"default","site-content-layout":"default","ast-site-content-layout":"default","site-content-style":"default","site-sidebar-style":"default","ast-global-header-display":"","ast-banner-title-visibility":"","ast-main-header-display":"","ast-hfb-above-header-display":"","ast-hfb-below-header-display":"","ast-hfb-mobile-header-display":"","site-post-title":"","ast-breadcrumbs-content":"","ast-featured-img":"","footer-sml-layout":"","ast-disable-related-posts":"","theme-transparent-header-meta":"default","adv-header-id-meta":"","stick-header-meta":"default","header-above-stick-meta":"","header-main-stick-meta":"","header-below-stick-meta":"","astra-migrate-meta-layouts":"set","ast-page-background-enabled":"default","ast-page-background-meta":{"desktop":{"background-color":"var(--ast-global-color-5)","background-image":"","background-repeat":"repeat","background-position":"center center","background-size":"auto","background-attachment":"scroll","background-type":"","background-media":"","overlay-type":"","overlay-color":"","overlay-opacity":"","overlay-gradient":""},"tablet":{"background-color":"","background-image":"","background-repeat":"repeat","background-position":"center center","background-size":"auto","background-attachment":"scroll","background-type":"","background-media":"","overlay-type":"","overlay-color":"","overlay-opacity":"","overlay-gradient":""},"mobile":{"background-color":"","background-image":"","background-repeat":"repeat","background-position":"center center","background-size":"auto","background-attachment":"scroll","background-type":"","background-media":"","overlay-type":"","overlay-color":"","overlay-opacity":"","overlay-gradient":""}},"ast-content-background-meta":{"desktop":{"background-color":"var(--ast-global-color-4)","background-image":"","background-repeat":"repeat","background-position":"center center","background-size":"auto","background-attachment":"scroll","background-type":"","background-media":"","overlay-type":"","overlay-color":"","overlay-opacity":"","overlay-gradient":""},"tablet":{"background-color":"var(--ast-global-color-4)","background-image":"","background-repeat":"repeat","background-position":"center center","background-size":"auto","background-attachment":"scroll","background-type":"","background-media":"","overlay-type":"","overlay-color":"","overlay-opacity":"","overlay-gradient":""},"mobile":{"background-color":"var(--ast-global-color-4)","background-image":"","background-repeat":"repeat","background-position":"center center","background-size":"auto","background-attachment":"scroll","background-type":"","background-media":"","overlay-type":"","overlay-color":"","overlay-opacity":"","overlay-gradient":""}}},"product_brand":[],"product_cat":[5407,5396,5769,5478,7733,7696,7649,5477,7704,5402,5476,5435],"product_tag":[8050,8047,8052,8049],"class_list":{"0":"post-80528","1":"product","2":"type-product","3":"status-publish","4":"has-post-thumbnail","6":"product_cat-5407","7":"product_cat-5396","8":"product_cat-5769","9":"product_cat-5478","10":"product_cat-7733","11":"product_cat-7696","12":"product_cat-7649","13":"product_cat-5477","14":"product_cat-7704","15":"product_cat-5402","16":"product_cat-5476","17":"product_cat-5435","18":"product_tag-8050","19":"product_tag-8047","20":"product_tag-8052","21":"product_tag-8049","22":"desktop-align-left","23":"tablet-align-left","24":"mobile-align-left","25":"ast-product-gallery-layout-horizontal-slider","26":"ast-product-gallery-with-no-image","27":"ast-product-single-variable","28":"ast-product-tabs-layout-horizontal","30":"first","31":"instock","32":"taxable","33":"shipping-taxable","34":"purchasable","35":"product-type-variable"},"_links":{"self":[{"href":"https:\/\/honwaygroup.com\/ko\/wp-json\/wp\/v2\/product\/80528","targetHints":{"allow":["GET"]}}],"collection":[{"href":"https:\/\/honwaygroup.com\/ko\/wp-json\/wp\/v2\/product"}],"about":[{"href":"https:\/\/honwaygroup.com\/ko\/wp-json\/wp\/v2\/types\/product"}],"version-history":[{"count":0,"href":"https:\/\/honwaygroup.com\/ko\/wp-json\/wp\/v2\/product\/80528\/revisions"}],"wp:featuredmedia":[{"embeddable":true,"href":"https:\/\/honwaygroup.com\/ko\/wp-json\/wp\/v2\/media\/80529"}],"wp:attachment":[{"href":"https:\/\/honwaygroup.com\/ko\/wp-json\/wp\/v2\/media?parent=80528"}],"wp:term":[{"taxonomy":"product_brand","embeddable":true,"href":"https:\/\/honwaygroup.com\/ko\/wp-json\/wp\/v2\/product_brand?post=80528"},{"taxonomy":"product_cat","embeddable":true,"href":"https:\/\/honwaygroup.com\/ko\/wp-json\/wp\/v2\/product_cat?post=80528"},{"taxonomy":"product_tag","embeddable":true,"href":"https:\/\/honwaygroup.com\/ko\/wp-json\/wp\/v2\/product_tag?post=80528"}],"curies":[{"name":"wp","href":"https:\/\/api.w.org\/{rel}","templated":true}]}}