{"id":139175,"date":"2014-07-24T03:03:50","date_gmt":"2014-07-23T19:03:50","guid":{"rendered":"https:\/\/honwaygroup.com\/product\/cepillo-de-diamante-3\/"},"modified":"2014-07-24T03:03:50","modified_gmt":"2014-07-23T19:03:50","slug":"cepillo-de-diamante-3","status":"publish","type":"product","link":"https:\/\/honwaygroup.com\/es\/producto\/cepillo-de-diamante-3\/","title":{"rendered":"Cepillo de diamante"},"content":{"rendered":"<h3>Cepillo de diamante<\/h3>\n<p>Cepillo de cerdas de diamante. Aplicaciones:<\/p>\n<ol>\n<li>Pulido y biselado de materiales dif\u00edciles de <a href=\"https:\/\/zh.wikipedia.org\/zh-tw\/%E7%A2%B3%E5%8C%96%E9%92%9B\" rel=\"nofollow noopener\" target=\"_blank\">mecanizar como carburo<\/a> de <a href=\"https:\/\/zh.wikipedia.org\/zh-hk\/%E7%A2%B3%E5%8C%96%E9%8E%A2\" rel=\"nofollow noopener\" target=\"_blank\">titanio y carburo <\/a>de tungsteno.<\/li>\n<li>Esmerilado y pulido de cristal de zafiro y piedras preciosas<\/li>\n<li>Pulido de cantos rugosos en vidrio azul para aplicaciones \u00f3pticas<\/li>\n<li>Rectificado y pulido de lingotes de silicio solar<\/li>\n<li>Pulido y rectificado de piezas de formas irregulares, como estatuas de jade y grandes tallas de piedra, que son dif\u00edciles de pulir.<\/li>\n<\/ol>\n<p>Rendimiento superior de los cepillos de cerdas de diamante:<\/p>\n<ol>\n<li>Se utiliza en ingenier\u00eda de mecanizado de ultraprecisi\u00f3n.<\/li>\n<li>Tiene un excelente efecto de molienda.<\/li>\n<li>Tiene una vida \u00fatil media relativamente larga.<\/li>\n<li>Se puede utilizar en entornos \u00e1cidos y alcalinos agresivos, puede soportar altas temperaturas de hasta 270 \u2103 y tiene propiedades antiest\u00e1ticas.<\/li>\n<\/ol>\n<ol start=\"5\">\n<li>A diferencia de las muelas abrasivas tradicionales, puede procesar piezas con formas irregulares.<\/li>\n<li>A diferencia de las muelas abrasivas tradicionales, es menos probable que se produzcan astillas o microfisuras al mecanizar materiales duros y quebradizos.<\/li>\n<li>Al mecanizar una pieza de trabajo, la tensi\u00f3n interna residual en la propia pieza de trabajo es <a href=\"https:\/\/www.easyatm.com.tw\/wiki\/%E5%85%A7%E6%87%89%E5%8A%9B\" rel=\"nofollow noopener\" target=\"_blank\">relativamente<\/a> peque\u00f1a.<\/li>\n<\/ol>\n<p>&nbsp;<\/p>\n<p>Los cepillos de cerdas de diamante est\u00e1n disponibles en varios tama\u00f1os de grano y di\u00e1metros de alambre.<\/p>\n<p>Tabla de referencia de tama\u00f1os de grano para cepillos de cerdas de diamante disponible. Unidad: #<\/p>\n<table style=\"height: 29px\" border=\"1\" width=\"1361\">\n<tbody>\n<tr>\n<td width=\"56\">120<\/td>\n<td width=\"56\">200<\/td>\n<td width=\"56\">400<\/td>\n<td width=\"56\">600<\/td>\n<td width=\"56\">1000<\/td>\n<td width=\"56\">1500<\/td>\n<td width=\"56\">2000<\/td>\n<td width=\"56\">3000<\/td>\n<td width=\"56\">5000<\/td>\n<td width=\"56\">8000<\/td>\n<\/tr>\n<\/tbody>\n<\/table>\n<p>Los tama\u00f1os de part\u00edcula de producci\u00f3n indicados arriba son est\u00e1ndar. Si necesita tama\u00f1os personalizados, inf\u00f3rmenos.<\/p>\n<p>&nbsp;<\/p>\n<p>Tabla de referencia de di\u00e1metros de alambre de cepillo disponibles (Unidad: mm)<\/p>\n<p>Los di\u00e1metros indicados arriba son los di\u00e1metros est\u00e1ndar de la l\u00ednea de producci\u00f3n. Tambi\u00e9n aceptamos pedidos personalizados.<\/p>\n<table style=\"height: 29px\" border=\"1\" width=\"1361\">\n<tbody>\n<tr>\n<td width=\"56\">0.20<\/td>\n<td width=\"56\">0.30<\/td>\n<td width=\"56\">0.40<\/td>\n<td width=\"56\">0.50<\/td>\n<td width=\"56\">0.60<\/td>\n<td width=\"56\">0.80<\/td>\n<td width=\"56\">0.90<\/td>\n<td width=\"56\">1.00<\/td>\n<td width=\"56\">1.20<\/td>\n<td width=\"56\">1.50<\/td>\n<\/tr>\n<\/tbody>\n<\/table>\n<figure id=\"attachment_139171\" aria-describedby=\"caption-attachment-139171\" style=\"width: 541px\" class=\"wp-caption alignnone\"><a href=\"https:\/\/honwaygroup.com\/wp-content\/uploads\/2014\/07\/%E5%A4%AA%E9%99%BD%E8%83%BD%E6%99%B6%E5%A1%8A%E6%8B%8B%E5%85%89%E7%94%A8%E9%91%BD%E7%9F%B3%E5%B0%BC%E9%BE%8D%E5%88%B7.avif\"><img fetchpriority=\"high\" decoding=\"async\" class=\"wp-image-842 size-full\" src=\"https:\/\/honwaygroup.com\/wp-content\/uploads\/2014\/07\/%E5%A4%AA%E9%99%BD%E8%83%BD%E6%99%B6%E5%A1%8A%E6%8B%8B%E5%85%89%E7%94%A8%E9%91%BD%E7%9F%B3%E5%B0%BC%E9%BE%8D%E5%88%B7.avif\" alt=\"diamond brush\" width=\"541\" height=\"960\"><\/a><figcaption id=\"caption-attachment-139171\" class=\"wp-caption-text\">Cepillo de diamante para pulir c\u00e9lulas solares<\/figcaption><\/figure>\n<figure id=\"attachment_139172\" aria-describedby=\"caption-attachment-139172\" style=\"width: 541px\" class=\"wp-caption alignnone\"><a href=\"https:\/\/honwaygroup.com\/wp-content\/uploads\/2014\/07\/%E5%AE%8F%E5%B4%B4%E5%AF%A6%E6%A5%AD%E9%91%BD%E7%9F%B3%E6%AF%9B%E5%88%B7.jpeg\"><img decoding=\"async\" class=\"wp-image-843 size-full\" src=\"https:\/\/honwaygroup.com\/wp-content\/uploads\/2014\/07\/%E5%AE%8F%E5%B4%B4%E5%AF%A6%E6%A5%AD%E9%91%BD%E7%9F%B3%E6%AF%9B%E5%88%B7.jpeg\" alt=\"Cepillos de nailon de diamante, Hongwei Industrial Co., Ltd., aplicaciones especiales, muelas abrasivas especiales, zafiro, energ\u00eda solar, obleas, carburo cementado, rectificado y pulido, muelas abrasivas de diamante.\" width=\"541\" height=\"960\"><\/a><figcaption id=\"caption-attachment-139172\" class=\"wp-caption-text\">Cepillo de diamante industrial Honway<\/figcaption><\/figure>\n<figure id=\"attachment_139173\" aria-describedby=\"caption-attachment-139173\" style=\"width: 960px\" class=\"wp-caption alignnone\"><a href=\"https:\/\/honwaygroup.com\/wp-content\/uploads\/2014\/07\/%E7%A1%AC%E8%B3%AA%E5%90%88%E9%87%91%E4%BF%AE%E8%A7%92%E7%94%A8%E9%91%BD%E7%9F%B3%E6%AF%9B%E5%88%B7%E7%9B%A4.jpeg\"><img decoding=\"async\" class=\"size-full wp-image-844\" src=\"https:\/\/honwaygroup.com\/wp-content\/uploads\/2014\/07\/%E7%A1%AC%E8%B3%AA%E5%90%88%E9%87%91%E4%BF%AE%E8%A7%92%E7%94%A8%E9%91%BD%E7%9F%B3%E6%AF%9B%E5%88%B7%E7%9B%A4.jpeg\" alt=\"Cepillos de cerdas de diamante, cepillos de nailon de diamante, Hongwei Industrial, aplicaciones especiales, muelas abrasivas especiales, zafiro, energ\u00eda solar, obleas, carburo cementado, rectificado y pulido, muelas abrasivas de diamante\" width=\"960\" height=\"541\"><\/a><figcaption id=\"caption-attachment-139173\" class=\"wp-caption-text\">Disco de cepillo de diamante para herramientas de corte desechables de carburo de tungsteno<\/figcaption><\/figure>\n<p>&nbsp;<\/p>\n<figure id=\"attachment_132516\" aria-describedby=\"caption-attachment-132516\" style=\"width: 541px\" class=\"wp-caption alignnone\"><a href=\"https:\/\/honwaygroup.com\/wp-content\/uploads\/2014\/07\/%E8%97%8D%E7%8E%BB%E7%92%83%E4%BF%AE%E9%82%8A%E7%94%A8%E9%91%BD%E7%9F%B3%E6%AF%9B%E5%88%B7.jpeg\"><img loading=\"lazy\" decoding=\"async\" class=\"wp-image-846 size-full\" src=\"https:\/\/honwaygroup.com\/wp-content\/uploads\/2014\/07\/%E8%97%8D%E7%8E%BB%E7%92%83%E4%BF%AE%E9%82%8A%E7%94%A8%E9%91%BD%E7%9F%B3%E6%AF%9B%E5%88%B7.jpeg\" alt=\"Cepillos de nailon de diamante, Hongwei Industrial Co., Ltd., aplicaciones especiales, muelas abrasivas especiales, zafiro, energ\u00eda solar, obleas, carburo cementado, rectificado y pulido, muelas abrasivas de diamante.\" width=\"541\" height=\"960\"><\/a><figcaption id=\"caption-attachment-132516\" class=\"wp-caption-text\">Cepillo de cerdas de diamante para recortar zafiro y cristal, cepillo de nailon de diamante<\/figcaption><\/figure>\n<figure id=\"attachment_132517\" aria-describedby=\"caption-attachment-132517\" style=\"width: 541px\" class=\"wp-caption alignnone\"><a href=\"https:\/\/honwaygroup.com\/wp-content\/uploads\/2014\/07\/%E9%91%BD%E7%9F%B3%E6%AF%9B%E5%88%B7.jpeg\"><img loading=\"lazy\" decoding=\"async\" class=\"wp-image-847 size-full\" src=\"https:\/\/honwaygroup.com\/wp-content\/uploads\/2014\/07\/%E9%91%BD%E7%9F%B3%E6%AF%9B%E5%88%B7.jpeg\" alt=\"diamond brush\" width=\"541\" height=\"960\"><\/a><figcaption id=\"caption-attachment-132517\" class=\"wp-caption-text\">Energ\u00eda solar, lingotes de silicio monocristalino, lingotes de silicio policristalino, cepillos de diamante, cepillos de nailon de diamante<\/figcaption><\/figure>\n<figure id=\"attachment_132518\" aria-describedby=\"caption-attachment-132518\" style=\"width: 541px\" class=\"wp-caption alignnone\"><a href=\"https:\/\/honwaygroup.com\/wp-content\/uploads\/2014\/07\/%E9%91%BD%E7%9F%B3%E5%B0%BC%E9%BE%8D%E5%88%B7.jpeg\"><img loading=\"lazy\" decoding=\"async\" class=\"wp-image-848 size-full\" src=\"https:\/\/honwaygroup.com\/wp-content\/uploads\/2014\/07\/%E9%91%BD%E7%9F%B3%E5%B0%BC%E9%BE%8D%E5%88%B7.jpeg\" alt=\"diamond brush\" width=\"541\" height=\"960\"><\/a><figcaption id=\"caption-attachment-132518\" class=\"wp-caption-text\">Honway Industrial, Cepillos de cerdas de diamante, Cepillos de nailon de diamante<\/figcaption><\/figure>\n<p>\u00bfTienes preguntas? <a href=\"https:\/\/honwaygroup.com\/es\/contactar-con-honway\/\">Contactar a Honway<\/a><\/p>\n","protected":false},"excerpt":{"rendered":"<p>Cepillo de diamante Diamond brush<\/p>\n<p>&nbsp;<\/p>\n<p>\u00c1mbito de aplicaci\u00f3n del producto:<\/p>\n<ol>\n<li>Pulido y biselado de materiales dif\u00edciles de mecanizar como carburo de titanio y carburo de tungsteno.<\/li>\n<li>Esmerilado y pulido de cristal de zafiro y piedras preciosas<\/li>\n<li>Pulido de cantos rugosos en vidrio azul para aplicaciones \u00f3pticas<\/li>\n<li>Rectificado y pulido de lingotes de silicio solar<\/li>\n<li>Pulido y rectificado de piezas de formas irregulares, como estatuas de jade y grandes esculturas de piedra, que son dif\u00edciles de pulir.<\/li>\n<\/ol>\n<p>Rendimiento superior del producto:<\/p>\n<ol>\n<li>Se utiliza en ingenier\u00eda de mecanizado de ultraprecisi\u00f3n.<\/li>\n<li>Tiene un excelente efecto de molienda.<\/li>\n<li>\u5177\u8f03\u9577\u4e4b\u5e73\u5747\u4f7f\u7528\u671f\u9650<\/li>\n<li>Se puede utilizar en entornos \u00e1cidos y alcalinos agresivos, puede soportar altas temperaturas de hasta 270 \u2103 y tiene propiedades antiest\u00e1ticas.<\/li>\n<\/ol>\n<ol start=\"5\">\n<li>A diferencia de las muelas abrasivas tradicionales, puede procesar piezas con formas irregulares.<\/li>\n<li>A diferencia de las muelas abrasivas tradicionales, es menos probable que se produzcan astillas o microfisuras al mecanizar materiales duros y quebradizos.<\/li>\n<li>Al mecanizar una pieza de trabajo, la tensi\u00f3n interna residual en la propia pieza de trabajo es relativamente peque\u00f1a.<\/li>\n<\/ol>\n","protected":false},"featured_media":139173,"template":"","meta":{"site-sidebar-layout":"default","site-content-layout":"default","ast-site-content-layout":"default","site-content-style":"default","site-sidebar-style":"default","ast-global-header-display":"","ast-banner-title-visibility":"","ast-main-header-display":"","ast-hfb-above-header-display":"","ast-hfb-below-header-display":"","ast-hfb-mobile-header-display":"","site-post-title":"","ast-breadcrumbs-content":"","ast-featured-img":"","footer-sml-layout":"","ast-disable-related-posts":"","theme-transparent-header-meta":"default","adv-header-id-meta":"","stick-header-meta":"default","header-above-stick-meta":"","header-main-stick-meta":"","header-below-stick-meta":"","astra-migrate-meta-layouts":"default","ast-page-background-enabled":"default","ast-page-background-meta":{"desktop":{"background-color":"var(--ast-global-color-5)","background-image":"","background-repeat":"repeat","background-position":"center center","background-size":"auto","background-attachment":"scroll","background-type":"","background-media":"","overlay-type":"","overlay-color":"","overlay-opacity":"","overlay-gradient":""},"tablet":{"background-color":"","background-image":"","background-repeat":"repeat","background-position":"center center","background-size":"auto","background-attachment":"scroll","background-type":"","background-media":"","overlay-type":"","overlay-color":"","overlay-opacity":"","overlay-gradient":""},"mobile":{"background-color":"","background-image":"","background-repeat":"repeat","background-position":"center center","background-size":"auto","background-attachment":"scroll","background-type":"","background-media":"","overlay-type":"","overlay-color":"","overlay-opacity":"","overlay-gradient":""}},"ast-content-background-meta":{"desktop":{"background-color":"var(--ast-global-color-4)","background-image":"","background-repeat":"repeat","background-position":"center center","background-size":"auto","background-attachment":"scroll","background-type":"","background-media":"","overlay-type":"","overlay-color":"","overlay-opacity":"","overlay-gradient":""},"tablet":{"background-color":"var(--ast-global-color-4)","background-image":"","background-repeat":"repeat","background-position":"center center","background-size":"auto","background-attachment":"scroll","background-type":"","background-media":"","overlay-type":"","overlay-color":"","overlay-opacity":"","overlay-gradient":""},"mobile":{"background-color":"var(--ast-global-color-4)","background-image":"","background-repeat":"repeat","background-position":"center center","background-size":"auto","background-attachment":"scroll","background-type":"","background-media":"","overlay-type":"","overlay-color":"","overlay-opacity":"","overlay-gradient":""}}},"product_brand":[],"product_cat":[10518],"product_tag":[10697,12376,12318,12209,12208,12317],"class_list":{"0":"post-139175","1":"product","2":"type-product","3":"status-publish","4":"has-post-thumbnail","6":"product_cat-herramientas-de-diamante","7":"product_tag-cepillo-de-diamante","8":"product_tag-cepillo-de-nailon-de-diamante","9":"product_tag-fuerte-resistencia-al-acido","10":"product_tag-pasta-de-diamante","11":"product_tag-polvo-de-diamante","12":"product_tag-resistencia-al-desgaste","13":"desktop-align-left","14":"tablet-align-left","15":"mobile-align-left","16":"ast-product-gallery-layout-horizontal-slider","17":"ast-product-tabs-layout-horizontal","19":"first","20":"instock","21":"taxable","22":"shipping-taxable","23":"purchasable","24":"product-type-simple"},"_links":{"self":[{"href":"https:\/\/honwaygroup.com\/es\/wp-json\/wp\/v2\/product\/139175","targetHints":{"allow":["GET"]}}],"collection":[{"href":"https:\/\/honwaygroup.com\/es\/wp-json\/wp\/v2\/product"}],"about":[{"href":"https:\/\/honwaygroup.com\/es\/wp-json\/wp\/v2\/types\/product"}],"version-history":[{"count":0,"href":"https:\/\/honwaygroup.com\/es\/wp-json\/wp\/v2\/product\/139175\/revisions"}],"wp:featuredmedia":[{"embeddable":true,"href":"https:\/\/honwaygroup.com\/es\/wp-json\/wp\/v2\/media\/139173"}],"wp:attachment":[{"href":"https:\/\/honwaygroup.com\/es\/wp-json\/wp\/v2\/media?parent=139175"}],"wp:term":[{"taxonomy":"product_brand","embeddable":true,"href":"https:\/\/honwaygroup.com\/es\/wp-json\/wp\/v2\/product_brand?post=139175"},{"taxonomy":"product_cat","embeddable":true,"href":"https:\/\/honwaygroup.com\/es\/wp-json\/wp\/v2\/product_cat?post=139175"},{"taxonomy":"product_tag","embeddable":true,"href":"https:\/\/honwaygroup.com\/es\/wp-json\/wp\/v2\/product_tag?post=139175"}],"curies":[{"name":"wp","href":"https:\/\/api.w.org\/{rel}","templated":true}]}}