{"id":139174,"date":"2014-04-07T03:10:47","date_gmt":"2014-04-06T19:10:47","guid":{"rendered":"https:\/\/honwaygroup.com\/product\/division-de-materiales-de-paladio-de-honway\/"},"modified":"2014-04-07T03:10:47","modified_gmt":"2014-04-06T19:10:47","slug":"division-de-materiales-de-paladio-de-honway","status":"publish","type":"product","link":"https:\/\/honwaygroup.com\/es\/producto\/division-de-materiales-de-paladio-de-honway\/","title":{"rendered":"Divisi\u00f3n de materiales de paladio de Honway"},"content":{"rendered":"<h3>Divisi\u00f3n de materiales de paladio de Honway<\/h3>\n<p>Material de paladio de aleaci\u00f3n Honway<\/p>\n<p>Los principales productos de Hongwei Company incluyen objetivos de pulverizaci\u00f3n cat\u00f3dica de metales: oro, plata, platino, iridio, rutenio, magnesio, titanio de alta pureza, molibdeno, tungsteno, lantano, cerio, calcio, estroncio y litio.<\/p>\n<p>Blancos de<a href=\"https:\/\/baike.baidu.hk\/item\/%E6%BF%BA%E5%B0%84%E9%9D%B6%E6%9D%90\/4941286\" rel=\"nofollow noopener\" target=\"_blank\"> pulverizaci\u00f3n cat\u00f3dica<\/a> de cer\u00e1mica: blancos de \u00f3xido de cinc, blancos de ITO, blancos de \u00f3xido de aluminio, blancos de \u00f3xido de galio, blancos de \u00f3xido de hafnio, blancos de \u00f3xido de lantano, blancos de \u00f3xido de cerio, blancos de \u00f3xido cuproso, blancos de \u00f3xido de cobre, blancos de \u00f3xido de esta\u00f1o, blancos de \u00f3xido de magnesio, blancos de \u00f3xido de titanio, blancos de \u00f3xido de niobio, blancos de \u00f3xido de t\u00e1ntalo, blancos de \u00f3xido de n\u00edquel, blancos de \u00f3xido de vanadio, blancos de \u00f3xido de itrio, blancos de \u00f3xido de europio, blancos de \u00f3xido de erbio, blancos de \u00f3xido de silicio, blancos de seleniuro de indio, blancos de nitruro de boro, blancos de nitruro de silicio, blancos de nitruro de aluminio, blancos de nitruro de titanio, blancos de nitruro de t\u00e1ntalo, blancos de nitruro de niobio, blancos de carburo de silicio, blancos de nitruro de silicio, blancos de carburo de titanio, blancos de carburo de boro, blancos de carburo de titanio, blancos de diboruro de titanio, blancos de diboruro de circonio. Blancos de diboruro de hafnio, blancos de boruro de aluminio, blancos de boruro de magnesio, blancos de hexaboruro de calcio, blancos de silicato de molibdeno, blancos de silicato de titanio, blancos de silicato de tungsteno, blancos de carburo de tungsteno, blancos de silicato de hafnio, blancos de sulfuro de cinc, blancos de fluoruro de magnesio, blancos de sulfuro de cadmio, blancos de sulfuro de tungsteno, blancos de sulfuro de molibdeno, blancos de sulfuro de tungsteno, blancos de seleniuro de bismuto, blancos de telururo de cadmio, blancos de cer\u00e1mica de telururo de cinc (ZnTe), blancos de seleniuro de cobre, indio y galio, blancos de cobre y galio, blancos de titanio y aluminio, blancos de n\u00edquel y cromo, blancos de n\u00edquel y vanadio, blancos de titanio y silicio, blancos de aluminio y cromo, blancos de tungsteno y titanio, blancos de estroncio y rutenio, blancos de aluminato de lantano, blancos de titanato de estroncio, blancos de titanato de bario, blancos de zirconato de estroncio. Blancos de niobato de litio, blancos de \u00f3xido de itrio, bario y cobre, blancos de ferrita de rutenio, blancos de titanato de rodio, blancos de titanato de plomo, blancos de zirconato de plomo, blancos de zirconato de estroncio, GdBaCuOx, blancos de \u00f3xido de torio, bario y cobre, blanco de YBaCuOx, blanco de Y3Fe5O12, blancos de ferrita de granate de itrio, blancos de \u00f3xido de lantano, blancos de \u00f3xido de cerio, blancos de \u00f3xido de rodio, blancos de \u00f3xido de neodimio, blancos de \u00f3xido de samario, blancos de \u00f3xido de tungsteno, blancos de \u00f3xido de holmio, blancos de \u00f3xido de itrio, blancos de \u00f3xido de iterbio, blancos de \u00f3xido de europio, blancos de \u00f3xido de torio, blancos de \u00f3xido de disprosio, blancos de \u00f3xido de erbio, blancos de \u00f3xido de tio, blancos de hidroxiapatita (blanco de HA), blancos de ferrita de bismuto, \u00f3xido de lantano, estroncio y cobre, \u00f3xido de lantano, bario y cobre. \u00d3xido de lantano-estroncio-cobalto, lantano-estroncio-manganato, lantano-estroncio-cobalto-hierro, \u00f3xido de estroncio-rutenio, etc. <\/p>\n<p>Adem\u00e1s, hay objetivos de aleaci\u00f3n, objetivos de tierras raras y objetivos hechos a medida para diversos compuestos.<\/p>\n<p>\u00bfTienes preguntas? <a href=\"https:\/\/honwaygroup.com\/es\/contactar-con-honway\/\">Contactar a Honway<\/a><\/p>\n","protected":false},"excerpt":{"rendered":"<p>Los productos principales de Honway Company incluyen: objetivos de pulverizaci\u00f3n cat\u00f3dica de metal: oro, plata, platino, iridio, rutenio, magnesio, titanio de alta pureza, molibdeno, tungsteno, lantano, cerio, calcio, estroncio y litio; y objetivos de pulverizaci\u00f3n cat\u00f3dica de cer\u00e1mica: \u00f3xido de zinc, ITO, al\u00famina, \u00f3xido de galio, \u00f3xido de hafnio, \u00f3xido de lantano, \u00f3xido de cerio, \u00f3xido cuproso, \u00f3xido de cobre, \u00f3xido de esta\u00f1o, \u00f3xido de magnesio, \u00f3xido de titanio, \u00f3xido de niobio, \u00f3xido de tantalio, \u00f3xido de n\u00edquel, \u00f3xido de vanadio, \u00f3xido de itrio, \u00f3xido de europio, \u00f3xido de erbio, \u00f3xido de silicio, seleniuro de indio, nitruro de boro, nitruro de silicio, nitruro de aluminio, nitruro de titanio, nitruro de tantalio, nitruro de niobio y carburo de silicio. Materiales objetivo, incluidos objetivos de nitruro de silicio, objetivos de carburo de titanio, objetivos de carburo de boro, objetivos de diboruro de titanio, objetivos de diboruro de circonio, objetivos de diboruro de hafnio, objetivos de boruro de aluminio, objetivos de boruro de magnesio, objetivos de hexaboruro de calcio, objetivos de molibdeno silicio, objetivos de titanio silicio, objetivos de tungsteno silicio, objetivos de carburo de tungsteno, objetivos de hafnio silicio, objetivos de sulfuro de zinc, objetivos de fluoruro de magnesio, objetivos de sulfuro de cadmio, objetivos de sulfuro de tungsteno, objetivos de sulfuro de molibdeno, objetivos de sulfuro de tungsteno, objetivos de seleniuro de bismuto, objetivos de telururo de cadmio, objetivos de cer\u00e1mica de telururo de zinc (ZnTe), objetivos de seleniuro de cobre, indio, galio, objetivos de cobre y galio y objetivos de titanio y aluminio. Blancos de n\u00edquel-cromo, blancos de n\u00edquel-vanadio, blancos de titanio-silicio, blancos de aluminio-cromo, blancos de tungsteno-titanio, blancos de estroncio-rutenio, blancos de aluminato de lantano, blancos de titanato de estroncio, blancos de titanato de bario, blancos de zirconato de estroncio, blancos de niobato de litio, blancos de \u00f3xido de itrio-bario-cobre, blancos de ferrita de rutenio, blancos de titanato de ramio, blancos de titanato de plomo, blancos de zirconato de plomo, blancos de zirconato de estroncio, GdBaCuOx, blancos de \u00f3xido de itrio-bario-cobre, blancos de YBaCuOx, blancos de Y3Fe5O12, blancos de ferrita de granate de itrio, blancos de \u00f3xido de lantano, blancos de \u00f3xido de cerio, blancos de \u00f3xido de ramio, blancos de \u00f3xido de neodimio, blancos de \u00f3xido de samario, blancos de \u00f3xido de tungsteno, blancos de \u00f3xido de holmio, blancos de \u00f3xido de itrio, blancos de \u00f3xido de iterbio, blancos de \u00f3xido de europio. Ofrecemos una amplia gama de dianas, incluyendo \u00f3xido de torio, \u00f3xido de disprosio, \u00f3xido de erbio, \u00f3xido de tio, dianas de hidroxiapatita (HA), dianas de ferrita de bismuto, \u00f3xido de cobre de lantano-estroncio, \u00f3xido de cobre de lantano-bario, \u00f3xido de lantano-estroncio-cobalto, \u00f3xido de lantano-estroncio-manganato, \u00f3xido de hierro de lantano-estroncio-cobalto, \u00f3xido de estroncio-rutenio, y m\u00e1s. Tambi\u00e9n proporcionamos dianas de aleaci\u00f3n, dianas de tierras raras y dianas personalizadas para diversos compuestos.<\/p>\n","protected":false},"featured_media":132583,"template":"","meta":{"site-sidebar-layout":"default","site-content-layout":"default","ast-site-content-layout":"default","site-content-style":"default","site-sidebar-style":"default","ast-global-header-display":"","ast-banner-title-visibility":"","ast-main-header-display":"","ast-hfb-above-header-display":"","ast-hfb-below-header-display":"","ast-hfb-mobile-header-display":"","site-post-title":"","ast-breadcrumbs-content":"","ast-featured-img":"","footer-sml-layout":"","ast-disable-related-posts":"","theme-transparent-header-meta":"default","adv-header-id-meta":"","stick-header-meta":"default","header-above-stick-meta":"","header-main-stick-meta":"","header-below-stick-meta":"","astra-migrate-meta-layouts":"default","ast-page-background-enabled":"default","ast-page-background-meta":{"desktop":{"background-color":"var(--ast-global-color-5)","background-image":"","background-repeat":"repeat","background-position":"center center","background-size":"auto","background-attachment":"scroll","background-type":"","background-media":"","overlay-type":"","overlay-color":"","overlay-opacity":"","overlay-gradient":""},"tablet":{"background-color":"","background-image":"","background-repeat":"repeat","background-position":"center center","background-size":"auto","background-attachment":"scroll","background-type":"","background-media":"","overlay-type":"","overlay-color":"","overlay-opacity":"","overlay-gradient":""},"mobile":{"background-color":"","background-image":"","background-repeat":"repeat","background-position":"center center","background-size":"auto","background-attachment":"scroll","background-type":"","background-media":"","overlay-type":"","overlay-color":"","overlay-opacity":"","overlay-gradient":""}},"ast-content-background-meta":{"desktop":{"background-color":"var(--ast-global-color-4)","background-image":"","background-repeat":"repeat","background-position":"center center","background-size":"auto","background-attachment":"scroll","background-type":"","background-media":"","overlay-type":"","overlay-color":"","overlay-opacity":"","overlay-gradient":""},"tablet":{"background-color":"var(--ast-global-color-4)","background-image":"","background-repeat":"repeat","background-position":"center center","background-size":"auto","background-attachment":"scroll","background-type":"","background-media":"","overlay-type":"","overlay-color":"","overlay-opacity":"","overlay-gradient":""},"mobile":{"background-color":"var(--ast-global-color-4)","background-image":"","background-repeat":"repeat","background-position":"center center","background-size":"auto","background-attachment":"scroll","background-type":"","background-media":"","overlay-type":"","overlay-color":"","overlay-opacity":"","overlay-gradient":""}}},"product_brand":[],"product_cat":[10461],"product_tag":[12319,12318,12209,12208],"class_list":{"0":"post-139174","1":"product","2":"type-product","3":"status-publish","4":"has-post-thumbnail","6":"product_cat-materiales-de-recubrimiento","7":"product_tag-fuerte-resistencia-a-los-alcalis","8":"product_tag-fuerte-resistencia-al-acido","9":"product_tag-pasta-de-diamante","10":"product_tag-polvo-de-diamante","11":"desktop-align-left","12":"tablet-align-left","13":"mobile-align-left","14":"ast-product-gallery-layout-horizontal-slider","15":"ast-product-tabs-layout-horizontal","17":"first","18":"instock","19":"taxable","20":"shipping-taxable","21":"product-type-simple"},"_links":{"self":[{"href":"https:\/\/honwaygroup.com\/es\/wp-json\/wp\/v2\/product\/139174","targetHints":{"allow":["GET"]}}],"collection":[{"href":"https:\/\/honwaygroup.com\/es\/wp-json\/wp\/v2\/product"}],"about":[{"href":"https:\/\/honwaygroup.com\/es\/wp-json\/wp\/v2\/types\/product"}],"version-history":[{"count":0,"href":"https:\/\/honwaygroup.com\/es\/wp-json\/wp\/v2\/product\/139174\/revisions"}],"wp:featuredmedia":[{"embeddable":true,"href":"https:\/\/honwaygroup.com\/es\/wp-json\/wp\/v2\/media\/132583"}],"wp:attachment":[{"href":"https:\/\/honwaygroup.com\/es\/wp-json\/wp\/v2\/media?parent=139174"}],"wp:term":[{"taxonomy":"product_brand","embeddable":true,"href":"https:\/\/honwaygroup.com\/es\/wp-json\/wp\/v2\/product_brand?post=139174"},{"taxonomy":"product_cat","embeddable":true,"href":"https:\/\/honwaygroup.com\/es\/wp-json\/wp\/v2\/product_cat?post=139174"},{"taxonomy":"product_tag","embeddable":true,"href":"https:\/\/honwaygroup.com\/es\/wp-json\/wp\/v2\/product_tag?post=139174"}],"curies":[{"name":"wp","href":"https:\/\/api.w.org\/{rel}","templated":true}]}}