{"id":139151,"date":"2015-06-18T03:56:46","date_gmt":"2015-06-17T19:56:46","guid":{"rendered":"https:\/\/honwaygroup.com\/product\/polvo-micrometrico-de-diamante-monocristalino-alta-temperatura-y-alta-presion\/"},"modified":"2026-01-28T11:46:01","modified_gmt":"2026-01-28T03:46:01","slug":"polvo-micrometrico-de-diamante-monocristalino-alta-temperatura-y-alta-presion","status":"publish","type":"product","link":"https:\/\/honwaygroup.com\/es\/producto\/polvo-micrometrico-de-diamante-monocristalino-alta-temperatura-y-alta-presion\/","title":{"rendered":"Polvo microm\u00e9trico de diamante monocristalino (alta temperatura y alta presi\u00f3n)"},"content":{"rendered":"<h3><strong>Polvo microm\u00e9trico de diamante monocristalino (alta temperatura y alta presi\u00f3n)<\/strong><\/h3>\n<blockquote>\n<h5><strong>Polvo microm\u00e9trico de diamante monocristalino (alta temperatura y alta presi\u00f3n)<\/strong><\/h5>\n<\/blockquote>\n<ul>\n<li>\n<h4><strong><b>Micropolvo de diamante monocristalino<\/b><br \/>\n<\/strong><\/h4>\n<p>El polvo de micrones de diamante es un material abrasivo y de pulido superduro producido a partir de diamantes sint\u00e9ticos monocristalinos de alta calidad a trav\u00e9s de procesos como trituraci\u00f3n, modelado, purificaci\u00f3n, clasificaci\u00f3n y posprocesamiento.<\/p>\n<p><figure id=\"attachment_126823\" aria-describedby=\"caption-attachment-126823\" style=\"width: 502px\" class=\"wp-caption alignnone\"><a href=\"https:\/\/honwaygroup.com\/wp-content\/uploads\/2014\/11\/%E5%AE%8F%E5%B4%B4%E5%AF%A6%E6%A5%AD%E5%A5%88%E7%B1%B3%E9%91%BD%E7%9F%B3%E7%B2%89.avif\"><img fetchpriority=\"high\" decoding=\"async\" class=\"size-full wp-image-912\" src=\"https:\/\/honwaygroup.com\/wp-content\/uploads\/2014\/11\/%E5%AE%8F%E5%B4%B4%E5%AF%A6%E6%A5%AD%E5%A5%88%E7%B1%B3%E9%91%BD%E7%9F%B3%E7%B2%89.avif\" alt=\"Micropolvo de diamante monocristalino\" width=\"502\" height=\"388\"><\/a><figcaption id=\"caption-attachment-126823\" class=\"wp-caption-text\">Micropolvo de diamante monocristalino<\/figcaption><\/figure><\/li>\n<\/ul>\n<h4><strong>Aplicaciones del micropolvo de diamante monocristalino<\/strong><\/h4>\n<ul>\n<li style=\"list-style-type: none;\">\n<ul>\n<li>Rectificado y pulido gratuito de piedras preciosas, metales, etc.<\/li>\n<li>Fabricaci\u00f3n de muelas de precisi\u00f3n y hojas de sierra<\/li>\n<li>Fabricaci\u00f3n de PCD para miner\u00eda, petr\u00f3leo, geolog\u00eda y herramientas de corte<\/li>\n<li>Fabricaci\u00f3n de matrices para trefilado de alambre, discos de rectificado de precisi\u00f3n, etc.<\/li>\n<li>Fabricaci\u00f3n de muelas abrasivas diamantadas galvanizadas, etc.<\/li>\n<\/ul>\n<\/li>\n<\/ul>\n<ul>\n<li>\n<h4><strong>Micropolvo de diamante monocristalino:<\/strong><\/h4>\n<p>El micropolvo de diamante es un material abrasivo y de pulido superduro, producido mediante el uso de diamantes sint\u00e9ticos monocristalinos de alta calidad como materia prima y mediante procesos como trituraci\u00f3n, conformado, purificaci\u00f3n, clasificaci\u00f3n y posprocesamiento. Presenta alta dureza, resistencia, tenacidad, conductividad t\u00e9rmica, buena estabilidad t\u00e9rmica y resistencia al impacto.<\/p>\n<p><figure id=\"attachment_498\" aria-describedby=\"caption-attachment-498\" style=\"width: 495px\" class=\"wp-caption alignnone\"><a href=\"https:\/\/honwaygroup.com\/wp-content\/uploads\/2014\/01\/IMG_33211.jpg\"><img decoding=\"async\" class=\"wp-image-498 \" src=\"https:\/\/honwaygroup.com\/wp-content\/uploads\/2014\/01\/IMG_33211-1024x768.jpg\" alt=\"Micropolvo de diamante monocristalino, micropolvo de diamante monocristalino, micropolvo de diamante policristalino, micropolvo de diamante policristalino\" width=\"495\" height=\"371\" srcset=\"https:\/\/honwaygroup.com\/wp-content\/uploads\/2014\/01\/IMG_33211-1024x768.jpg 1024w, https:\/\/honwaygroup.com\/wp-content\/uploads\/2014\/01\/IMG_33211-300x225.jpg 300w, https:\/\/honwaygroup.com\/wp-content\/uploads\/2014\/01\/IMG_33211-600x450.avif 600w, https:\/\/honwaygroup.com\/wp-content\/uploads\/2014\/01\/IMG_33211-scaled.jpg 1920w\" sizes=\"(max-width: 495px) 100vw, 495px\" \/><\/a><figcaption id=\"caption-attachment-498\" class=\"wp-caption-text\">Micropolvo de diamante monocristalino, micropolvo de diamante monocristalino, micropolvo de diamante policristalino, micropolvo de diamante policristalino<\/figcaption><\/figure><\/li>\n<li>\n<h4><strong>Especificaciones del polvo microm\u00e9trico de diamante monocristalino:<\/strong><\/h4>\n<p>Especificaciones comunes (Unidad: Micr\u00f3metro)<br \/>\n0-0.5 (0.25um) 0-1 (0.5um) 0-2 (1um) 1-3 (2um) 2-4 (3um) 4-6 (5um)<br \/>\n6-12 (8um) 8-16 (10um) 10-20 (15um) 15-25 (20um) 20-30 (25um) 20-40 (30um)<br \/>\n35-45 (40um) 55-65 (50um) 50-60 (55um)<\/li>\n<\/ul>\n<p><strong>\u203bTodos los elementos mencionados son est\u00e1ndar y se pueden ajustar seg\u00fan las necesidades del cliente. Se aceptan personalizaciones.<\/strong><\/p>\n<div class=\"mceTemp\"><\/div>\n<p>&nbsp;<\/p>\n<div class=\"mceTemp\"><\/div>\n<p>\u00bfTienes preguntas? <a href=\"https:\/\/honwaygroup.com\/es\/contactar-con-honway\/\">Contactar a Honway<\/a><\/p>\n","protected":false},"excerpt":{"rendered":"<p>Polvo microm\u00e9trico de diamante monocristalino (alta temperatura y alta presi\u00f3n) Polvo microm\u00e9trico de diamante monocristalino (alta temperatura y alta presi\u00f3n) [&hellip;]<\/p>\n","protected":false},"featured_media":132369,"template":"","meta":{"site-sidebar-layout":"default","site-content-layout":"default","ast-site-content-layout":"default","site-content-style":"default","site-sidebar-style":"default","ast-global-header-display":"","ast-banner-title-visibility":"","ast-main-header-display":"","ast-hfb-above-header-display":"","ast-hfb-below-header-display":"","ast-hfb-mobile-header-display":"","site-post-title":"","ast-breadcrumbs-content":"","ast-featured-img":"","footer-sml-layout":"","ast-disable-related-posts":"","theme-transparent-header-meta":"default","adv-header-id-meta":"","stick-header-meta":"default","header-above-stick-meta":"","header-main-stick-meta":"","header-below-stick-meta":"","astra-migrate-meta-layouts":"default","ast-page-background-enabled":"default","ast-page-background-meta":{"desktop":{"background-color":"var(--ast-global-color-5)","background-image":"","background-repeat":"repeat","background-position":"center center","background-size":"auto","background-attachment":"scroll","background-type":"","background-media":"","overlay-type":"","overlay-color":"","overlay-opacity":"","overlay-gradient":""},"tablet":{"background-color":"","background-image":"","background-repeat":"repeat","background-position":"center center","background-size":"auto","background-attachment":"scroll","background-type":"","background-media":"","overlay-type":"","overlay-color":"","overlay-opacity":"","overlay-gradient":""},"mobile":{"background-color":"","background-image":"","background-repeat":"repeat","background-position":"center center","background-size":"auto","background-attachment":"scroll","background-type":"","background-media":"","overlay-type":"","overlay-color":"","overlay-opacity":"","overlay-gradient":""}},"ast-content-background-meta":{"desktop":{"background-color":"var(--ast-global-color-4)","background-image":"","background-repeat":"repeat","background-position":"center center","background-size":"auto","background-attachment":"scroll","background-type":"","background-media":"","overlay-type":"","overlay-color":"","overlay-opacity":"","overlay-gradient":""},"tablet":{"background-color":"var(--ast-global-color-4)","background-image":"","background-repeat":"repeat","background-position":"center center","background-size":"auto","background-attachment":"scroll","background-type":"","background-media":"","overlay-type":"","overlay-color":"","overlay-opacity":"","overlay-gradient":""},"mobile":{"background-color":"var(--ast-global-color-4)","background-image":"","background-repeat":"repeat","background-position":"center center","background-size":"auto","background-attachment":"scroll","background-type":"","background-media":"","overlay-type":"","overlay-color":"","overlay-opacity":"","overlay-gradient":""}}},"product_brand":[],"product_cat":[10439,10497,10423,10425,10421,10460,10424,10492,10442,10491,10457],"product_tag":[10697,12376,12318,12377,12380,12378,12209,12208,12379,12317],"class_list":{"0":"post-139151","1":"product","2":"type-product","3":"status-publish","4":"has-post-thumbnail","6":"product_cat-tipo-de-materia-prima","7":"product_cat-superhard-materials-es","8":"product_cat-acero-de-tungsteno","9":"product_cat-ceramica","10":"product_cat-materiales-de-procesamiento","11":"product_cat-materiales-de-pulido","12":"product_cat-metales-a-base-de-hierro-y-niquel","13":"product_cat-monocristal","14":"product_cat-polvo","15":"product_cat-polvo-de-molienda","16":"product_cat-tipo-de-aplicacion","17":"product_tag-cepillo-de-diamante","18":"product_tag-cepillo-de-nailon-de-diamante","19":"product_tag-fuerte-resistencia-al-acido","20":"product_tag-micropolvo-de-diamante-monocristalino","21":"product_tag-micropolvo-de-diamante-monocristalino-2","22":"product_tag-micropolvo-de-diamante-policristalino","23":"product_tag-pasta-de-diamante","24":"product_tag-polvo-de-diamante","25":"product_tag-polvo-de-diamante-policristalino-2","26":"product_tag-resistencia-al-desgaste","27":"desktop-align-left","28":"tablet-align-left","29":"mobile-align-left","30":"ast-product-gallery-layout-horizontal-slider","31":"ast-product-gallery-with-no-image","32":"ast-product-single-variable","33":"ast-product-tabs-layout-horizontal","35":"first","36":"instock","37":"featured","38":"taxable","39":"shipping-taxable","40":"purchasable","41":"product-type-variable"},"_links":{"self":[{"href":"https:\/\/honwaygroup.com\/es\/wp-json\/wp\/v2\/product\/139151","targetHints":{"allow":["GET"]}}],"collection":[{"href":"https:\/\/honwaygroup.com\/es\/wp-json\/wp\/v2\/product"}],"about":[{"href":"https:\/\/honwaygroup.com\/es\/wp-json\/wp\/v2\/types\/product"}],"version-history":[{"count":0,"href":"https:\/\/honwaygroup.com\/es\/wp-json\/wp\/v2\/product\/139151\/revisions"}],"wp:featuredmedia":[{"embeddable":true,"href":"https:\/\/honwaygroup.com\/es\/wp-json\/wp\/v2\/media\/132369"}],"wp:attachment":[{"href":"https:\/\/honwaygroup.com\/es\/wp-json\/wp\/v2\/media?parent=139151"}],"wp:term":[{"taxonomy":"product_brand","embeddable":true,"href":"https:\/\/honwaygroup.com\/es\/wp-json\/wp\/v2\/product_brand?post=139151"},{"taxonomy":"product_cat","embeddable":true,"href":"https:\/\/honwaygroup.com\/es\/wp-json\/wp\/v2\/product_cat?post=139151"},{"taxonomy":"product_tag","embeddable":true,"href":"https:\/\/honwaygroup.com\/es\/wp-json\/wp\/v2\/product_tag?post=139151"}],"curies":[{"name":"wp","href":"https:\/\/api.w.org\/{rel}","templated":true}]}}