{"id":139134,"date":"2015-06-18T04:08:55","date_gmt":"2015-06-17T20:08:55","guid":{"rendered":"https:\/\/honwaygroup.com\/product\/polvo-de-diamante-policristalino-metodo-de-alta-temperatura-y-alta-presion\/"},"modified":"2015-06-18T04:08:55","modified_gmt":"2015-06-17T20:08:55","slug":"polvo-de-diamante-policristalino-metodo-de-alta-temperatura-y-alta-presion","status":"publish","type":"product","link":"https:\/\/honwaygroup.com\/es\/producto\/polvo-de-diamante-policristalino-metodo-de-alta-temperatura-y-alta-presion\/","title":{"rendered":"Polvo de diamante policristalino (m\u00e9todo de alta temperatura y alta presi\u00f3n)"},"content":{"rendered":"<h3><strong>Polvo de diamante policristalino (m\u00e9todo de alta temperatura y alta presi\u00f3n)<\/strong><\/h3>\n<blockquote>\n<h4><strong>Polvo microm\u00e9trico de diamante monocristalino, polvo microm\u00e9trico de diamante monocristalino, polvo microm\u00e9trico de diamante policristalino, polvo microm\u00e9trico de diamante policristalino<\/strong><\/h4>\n<\/blockquote>\n<ul>\n<li>El material de diamante policristalino (polvo de diamante policristalino) es un cristal de diamante c\u00fabico que se sintetiza artificialmente bajo la acci\u00f3n de fuertes ondas de choque.<\/li>\n<li>Es diferente del diamante nano-monocristal producido por detonaci\u00f3n.<\/li>\n<li>Estos microcristales est\u00e1n conectados por enlaces insaturados para formar \u00abpart\u00edculas policristalinas de pol\u00edmero\u00bb de tama\u00f1o nanom\u00e9trico, submicr\u00f3nico y m\u00e9trico, que son is\u00f3tropas y<a href=\"https:\/\/zh.wikipedia.org\/zh-tw\/%E8%A7%A3%E7%90%86\" rel=\"nofollow noopener\" target=\"_blank\"> no tienen planos de escisi\u00f3n<\/a>.<\/li>\n<li>No solo posee una dureza y resistencia incomparables, sino que tambi\u00e9n exhibe una alta tenacidad, superando as\u00ed las desventajas de los materiales de diamante monocristalino sintetizados mediante prensado hidrost\u00e1tico (prensado mec\u00e1nico), como la fractura fr\u00e1gil en los planos de clivaje y la aglomeraci\u00f3n blanda en el diamante de detonaci\u00f3n. Por lo tanto, cada diamante policristalino cuenta con numerosas superficies de pulido, lo que permite ajustar oportunamente los par\u00e1metros de pulido durante el proceso para lograr un pulido fino y ultrafino. Adem\u00e1s, durante el pulido, se desprende autom\u00e1ticamente, revelando nuevos filos de corte microsc\u00f3picos. Esta propiedad de autoafilado garantiza alta precisi\u00f3n y eficiencia, y evita da\u00f1os en las capas superficiales superficiales durante el procesamiento.<\/li>\n<\/ul>\n<p><a href=\"https:\/\/honwaygroup.com\/wp-content\/uploads\/2013\/11\/IMG_3344.jpg\"><img fetchpriority=\"high\" decoding=\"async\" class=\"wp-image-282 \" src=\"https:\/\/honwaygroup.com\/wp-content\/uploads\/2013\/11\/IMG_3344-1024x768.avif\" alt=\"Polvo de diamante policristalino\" width=\"549\" height=\"412\" srcset=\"https:\/\/honwaygroup.com\/wp-content\/uploads\/2013\/11\/IMG_3344-1024x768.avif 1024w, https:\/\/honwaygroup.com\/wp-content\/uploads\/2013\/11\/IMG_3344-300x225.avif 300w, https:\/\/honwaygroup.com\/wp-content\/uploads\/2013\/11\/IMG_3344-scaled.avif 1920w\" sizes=\"(max-width: 549px) 100vw, 549px\" \/><\/a><\/p>\n<p>\u00bfTienes preguntas? <a href=\"https:\/\/honwaygroup.com\/es\/contactar-con-honway\/\">Contactar a Honway<\/a><\/p>\n","protected":false},"excerpt":{"rendered":"<p>Polvo de diamante policristalino (m\u00e9todo de alta temperatura y alta presi\u00f3n) Polvo microm\u00e9trico de diamante monocristalino, polvo microm\u00e9trico de diamante [&hellip;]<\/p>\n","protected":false},"featured_media":126823,"template":"","meta":{"site-sidebar-layout":"default","site-content-layout":"default","ast-site-content-layout":"default","site-content-style":"default","site-sidebar-style":"default","ast-global-header-display":"","ast-banner-title-visibility":"","ast-main-header-display":"","ast-hfb-above-header-display":"","ast-hfb-below-header-display":"","ast-hfb-mobile-header-display":"","site-post-title":"","ast-breadcrumbs-content":"","ast-featured-img":"","footer-sml-layout":"","ast-disable-related-posts":"","theme-transparent-header-meta":"default","adv-header-id-meta":"","stick-header-meta":"default","header-above-stick-meta":"","header-main-stick-meta":"","header-below-stick-meta":"","astra-migrate-meta-layouts":"default","ast-page-background-enabled":"default","ast-page-background-meta":{"desktop":{"background-color":"var(--ast-global-color-5)","background-image":"","background-repeat":"repeat","background-position":"center center","background-size":"auto","background-attachment":"scroll","background-type":"","background-media":"","overlay-type":"","overlay-color":"","overlay-opacity":"","overlay-gradient":""},"tablet":{"background-color":"","background-image":"","background-repeat":"repeat","background-position":"center center","background-size":"auto","background-attachment":"scroll","background-type":"","background-media":"","overlay-type":"","overlay-color":"","overlay-opacity":"","overlay-gradient":""},"mobile":{"background-color":"","background-image":"","background-repeat":"repeat","background-position":"center center","background-size":"auto","background-attachment":"scroll","background-type":"","background-media":"","overlay-type":"","overlay-color":"","overlay-opacity":"","overlay-gradient":""}},"ast-content-background-meta":{"desktop":{"background-color":"var(--ast-global-color-4)","background-image":"","background-repeat":"repeat","background-position":"center center","background-size":"auto","background-attachment":"scroll","background-type":"","background-media":"","overlay-type":"","overlay-color":"","overlay-opacity":"","overlay-gradient":""},"tablet":{"background-color":"var(--ast-global-color-4)","background-image":"","background-repeat":"repeat","background-position":"center center","background-size":"auto","background-attachment":"scroll","background-type":"","background-media":"","overlay-type":"","overlay-color":"","overlay-opacity":"","overlay-gradient":""},"mobile":{"background-color":"var(--ast-global-color-4)","background-image":"","background-repeat":"repeat","background-position":"center center","background-size":"auto","background-attachment":"scroll","background-type":"","background-media":"","overlay-type":"","overlay-color":"","overlay-opacity":"","overlay-gradient":""}}},"product_brand":[],"product_cat":[10491,10490,10497,10423,10425,10421,10460,10493,10442,10457,10439],"product_tag":[10789],"class_list":{"0":"post-139134","1":"product","2":"type-product","3":"status-publish","4":"has-post-thumbnail","6":"product_cat-polvo-de-molienda","7":"product_cat-abrasivos-suaves","8":"product_cat-superhard-materials-es","9":"product_cat-acero-de-tungsteno","10":"product_cat-ceramica","11":"product_cat-materiales-de-procesamiento","12":"product_cat-materiales-de-pulido","13":"product_cat-policristalino","14":"product_cat-polvo","15":"product_cat-tipo-de-aplicacion","16":"product_cat-tipo-de-materia-prima","17":"product_tag-polvo-de-diamante-policristalino","18":"desktop-align-left","19":"tablet-align-left","20":"mobile-align-left","21":"ast-product-gallery-layout-horizontal-slider","22":"ast-product-single-variable","23":"ast-product-tabs-layout-horizontal","25":"first","26":"instock","27":"taxable","28":"shipping-taxable","29":"purchasable","30":"product-type-variable"},"_links":{"self":[{"href":"https:\/\/honwaygroup.com\/es\/wp-json\/wp\/v2\/product\/139134","targetHints":{"allow":["GET"]}}],"collection":[{"href":"https:\/\/honwaygroup.com\/es\/wp-json\/wp\/v2\/product"}],"about":[{"href":"https:\/\/honwaygroup.com\/es\/wp-json\/wp\/v2\/types\/product"}],"version-history":[{"count":0,"href":"https:\/\/honwaygroup.com\/es\/wp-json\/wp\/v2\/product\/139134\/revisions"}],"wp:featuredmedia":[{"embeddable":true,"href":"https:\/\/honwaygroup.com\/es\/wp-json\/wp\/v2\/media\/126823"}],"wp:attachment":[{"href":"https:\/\/honwaygroup.com\/es\/wp-json\/wp\/v2\/media?parent=139134"}],"wp:term":[{"taxonomy":"product_brand","embeddable":true,"href":"https:\/\/honwaygroup.com\/es\/wp-json\/wp\/v2\/product_brand?post=139134"},{"taxonomy":"product_cat","embeddable":true,"href":"https:\/\/honwaygroup.com\/es\/wp-json\/wp\/v2\/product_cat?post=139134"},{"taxonomy":"product_tag","embeddable":true,"href":"https:\/\/honwaygroup.com\/es\/wp-json\/wp\/v2\/product_tag?post=139134"}],"curies":[{"name":"wp","href":"https:\/\/api.w.org\/{rel}","templated":true}]}}