{"id":132527,"date":"2015-10-19T08:32:23","date_gmt":"2015-10-19T00:32:23","guid":{"rendered":"https:\/\/honwaygroup.com\/product\/pelicula-de-diamante-pelicula-de-pe-de-diamante\/"},"modified":"2015-10-19T08:32:23","modified_gmt":"2015-10-19T00:32:23","slug":"pelicula-de-diamante-pelicula-de-pe-de-diamante","status":"publish","type":"product","link":"https:\/\/honwaygroup.com\/es\/producto\/pelicula-de-diamante-pelicula-de-pe-de-diamante\/","title":{"rendered":"Pel\u00edcula de diamante, pel\u00edcula de PE de diamante"},"content":{"rendered":"<h3>Pel\u00edcula de diamante, pel\u00edcula de PE de diamante<\/h3>\n<figure id=\"attachment_132463\" aria-describedby=\"caption-attachment-132463\" style=\"width: 800px\" class=\"wp-caption alignnone\"><a href=\"https:\/\/honwaygroup.com\/wp-content\/uploads\/2015\/10\/%E9%AB%98%E5%93%81%E8%B3%AA%E9%91%BD%E7%9F%B3%E8%86%9C%E7%89%87.avif\"><img fetchpriority=\"high\" decoding=\"async\" class=\"wp-image-1097 size-full\" src=\"https:\/\/honwaygroup.com\/wp-content\/uploads\/2015\/10\/%E9%AB%98%E5%93%81%E8%B3%AA%E9%91%BD%E7%9F%B3%E8%86%9C%E7%89%87.avif\" alt=\"Discos de amolado de diamante, pel\u00edcula de PE de diamante, papel de lija de diamante\" width=\"800\" height=\"600\"><\/a><figcaption id=\"caption-attachment-132463\" class=\"wp-caption-text\">Biselado, pasivado, biselado y pasivado, rectificado y pulido, desbarbado, rectificado de fibra \u00f3ptica<\/figcaption><\/figure>\n<p><img decoding=\"async\" id=\"exifviewer-img-1\" class=\"alignnone\" src=\"https:\/\/admin-official.line.me\/static\/home\/img\/emoticon\/keyimage_45.png\" alt=\"Pel\u00edcula de diamante, pel\u00edcula de PE de diamante\" width=\"25\" height=\"25\">Las pel\u00edculas de diamante se producen mediante tecnolog\u00eda avanzada de recubrimiento de ultraprecisi\u00f3n. El polvo de diamante microm\u00e9trico se dispersa con materiales polim\u00e9ricos y se recubre sobre una fina pel\u00edcula de alta resistencia. Se caracterizan por su calidad estable, excelente resistencia y flexibilidad, y permiten obtener buenos resultados de pulido en superficies curvas. Aptas para el pulido en seco, tambi\u00e9n pueden utilizarse con agua o aceite como medios de pulido. Sus aplicaciones incluyen: rectificado y pulido de LED, LCD, cristales \u00f3pticos, lentes \u00f3pticas, cabezales magn\u00e9ticos, discos duros, ejes de micromotores, conectores de fibra \u00f3ptica, <a href=\"https:\/\/www.easyatm.com.tw\/wiki\/%E5%85%89%E7%BA%96%E9%99%B6%E7%93%B7%E6%8F%92%E8%8A%AF\" rel=\"nofollow noopener\" target=\"_blank\">casquillos cer\u00e1micos<\/a>, etc.<img decoding=\"async\" id=\"exifviewer-img-1\" src=\"https:\/\/admin-official.line.me\/static\/home\/img\/emoticon\/keyimage_51.png\" alt=\"\" width=\"25\" height=\"25\"><img loading=\"lazy\" decoding=\"async\" id=\"exifviewer-img-1\" src=\"https:\/\/admin-official.line.me\/static\/home\/img\/emoticon\/keyimage_119.png\" alt=\"\" width=\"25\" height=\"25\"><\/p>\n<p>\u00bfTienes preguntas? <a href=\"https:\/\/honwaygroup.com\/es\/contactar-con-honway\/\">Contactar a Honway<\/a><\/p>\n","protected":false},"excerpt":{"rendered":"<p><img loading=\"lazy\" decoding=\"async\" id=\"exifviewer-img-1\" src=\"https:\/\/admin-official.line.me\/static\/home\/img\/emoticon\/keyimage_45.png\" alt=\"\" width=\"25\" height=\"25\">Las pel\u00edculas de diamante se producen mediante tecnolog\u00eda avanzada de recubrimiento de ultraprecisi\u00f3n. El polvo de diamante microm\u00e9trico se dispersa con materiales polim\u00e9ricos y se recubre sobre una fina pel\u00edcula de alta resistencia. Se caracterizan por su calidad estable, excelente resistencia y flexibilidad, y permiten obtener buenos resultados de pulido en superficies curvas. Aptas para el pulido en seco, tambi\u00e9n pueden utilizarse con agua o aceite como medios de pulido. Sus aplicaciones incluyen: rectificado y pulido de LED, LCD, cristales \u00f3pticos, lentes \u00f3pticas, cabezales magn\u00e9ticos, discos duros, ejes de micromotores, conectores de fibra \u00f3ptica, casquillos cer\u00e1micos, etc.<img decoding=\"async\" id=\"exifviewer-img-1\" src=\"https:\/\/admin-official.line.me\/static\/home\/img\/emoticon\/keyimage_51.png\" alt=\"\" width=\"25\" height=\"25\"><img loading=\"lazy\" decoding=\"async\" id=\"exifviewer-img-1\" src=\"https:\/\/admin-official.line.me\/static\/home\/img\/emoticon\/keyimage_119.png\" alt=\"\" width=\"25\" height=\"25\"><\/p>\n","protected":false},"featured_media":132463,"template":"","meta":{"site-sidebar-layout":"default","site-content-layout":"default","ast-site-content-layout":"default","site-content-style":"default","site-sidebar-style":"default","ast-global-header-display":"","ast-banner-title-visibility":"","ast-main-header-display":"","ast-hfb-above-header-display":"","ast-hfb-below-header-display":"","ast-hfb-mobile-header-display":"","site-post-title":"","ast-breadcrumbs-content":"","ast-featured-img":"","footer-sml-layout":"","ast-disable-related-posts":"","theme-transparent-header-meta":"default","adv-header-id-meta":"","stick-header-meta":"default","header-above-stick-meta":"","header-main-stick-meta":"","header-below-stick-meta":"","astra-migrate-meta-layouts":"default","ast-page-background-enabled":"default","ast-page-background-meta":{"desktop":{"background-color":"var(--ast-global-color-5)","background-image":"","background-repeat":"repeat","background-position":"center center","background-size":"auto","background-attachment":"scroll","background-type":"","background-media":"","overlay-type":"","overlay-color":"","overlay-opacity":"","overlay-gradient":""},"tablet":{"background-color":"","background-image":"","background-repeat":"repeat","background-position":"center center","background-size":"auto","background-attachment":"scroll","background-type":"","background-media":"","overlay-type":"","overlay-color":"","overlay-opacity":"","overlay-gradient":""},"mobile":{"background-color":"","background-image":"","background-repeat":"repeat","background-position":"center center","background-size":"auto","background-attachment":"scroll","background-type":"","background-media":"","overlay-type":"","overlay-color":"","overlay-opacity":"","overlay-gradient":""}},"ast-content-background-meta":{"desktop":{"background-color":"var(--ast-global-color-4)","background-image":"","background-repeat":"repeat","background-position":"center center","background-size":"auto","background-attachment":"scroll","background-type":"","background-media":"","overlay-type":"","overlay-color":"","overlay-opacity":"","overlay-gradient":""},"tablet":{"background-color":"var(--ast-global-color-4)","background-image":"","background-repeat":"repeat","background-position":"center center","background-size":"auto","background-attachment":"scroll","background-type":"","background-media":"","overlay-type":"","overlay-color":"","overlay-opacity":"","overlay-gradient":""},"mobile":{"background-color":"var(--ast-global-color-4)","background-image":"","background-repeat":"repeat","background-position":"center center","background-size":"auto","background-attachment":"scroll","background-type":"","background-media":"","overlay-type":"","overlay-color":"","overlay-opacity":"","overlay-gradient":""}}},"product_brand":[],"product_cat":[10504,10460,10440],"product_tag":[12326,12209,12325,12327,12208],"class_list":{"0":"post-132527","1":"product","2":"type-product","3":"status-publish","4":"has-post-thumbnail","6":"product_cat-dianond-tools-es","7":"product_cat-materiales-de-pulido","8":"product_cat-solido","9":"product_tag-papel-de-lija-de-diamante-2","10":"product_tag-pasta-de-diamante","11":"product_tag-pelicula-de-diamante","12":"product_tag-pelicula-de-pe-de-diamante","13":"product_tag-polvo-de-diamante","14":"desktop-align-left","15":"tablet-align-left","16":"mobile-align-left","17":"ast-product-gallery-layout-horizontal-slider","18":"ast-product-single-variable","19":"ast-product-tabs-layout-horizontal","21":"first","22":"instock","23":"featured","24":"taxable","25":"shipping-taxable","26":"purchasable","27":"product-type-variable"},"_links":{"self":[{"href":"https:\/\/honwaygroup.com\/es\/wp-json\/wp\/v2\/product\/132527","targetHints":{"allow":["GET"]}}],"collection":[{"href":"https:\/\/honwaygroup.com\/es\/wp-json\/wp\/v2\/product"}],"about":[{"href":"https:\/\/honwaygroup.com\/es\/wp-json\/wp\/v2\/types\/product"}],"version-history":[{"count":0,"href":"https:\/\/honwaygroup.com\/es\/wp-json\/wp\/v2\/product\/132527\/revisions"}],"wp:featuredmedia":[{"embeddable":true,"href":"https:\/\/honwaygroup.com\/es\/wp-json\/wp\/v2\/media\/132463"}],"wp:attachment":[{"href":"https:\/\/honwaygroup.com\/es\/wp-json\/wp\/v2\/media?parent=132527"}],"wp:term":[{"taxonomy":"product_brand","embeddable":true,"href":"https:\/\/honwaygroup.com\/es\/wp-json\/wp\/v2\/product_brand?post=132527"},{"taxonomy":"product_cat","embeddable":true,"href":"https:\/\/honwaygroup.com\/es\/wp-json\/wp\/v2\/product_cat?post=132527"},{"taxonomy":"product_tag","embeddable":true,"href":"https:\/\/honwaygroup.com\/es\/wp-json\/wp\/v2\/product_tag?post=132527"}],"curies":[{"name":"wp","href":"https:\/\/api.w.org\/{rel}","templated":true}]}}