{"id":132526,"date":"2015-10-15T02:22:18","date_gmt":"2015-10-14T18:22:18","guid":{"rendered":"https:\/\/honwaygroup.com\/product\/tres-cepillos-de-joyeria-de-diamante-cerdas-de-diamante\/"},"modified":"2015-10-15T02:22:18","modified_gmt":"2015-10-14T18:22:18","slug":"tres-cepillos-de-joyeria-de-diamante-cerdas-de-diamante","status":"publish","type":"product","link":"https:\/\/honwaygroup.com\/es\/producto\/tres-cepillos-de-joyeria-de-diamante-cerdas-de-diamante\/","title":{"rendered":"Tres cepillos de joyer\u00eda de diamante (cerdas de diamante)"},"content":{"rendered":"<h3>Tres cepillos de joyer\u00eda de diamante (cerdas de diamante)<\/h3>\n<p><a href=\"https:\/\/honwaygroup.com\/wp-content\/uploads\/2015\/10\/1442543965553.avif\"><img fetchpriority=\"high\" decoding=\"async\" class=\"wp-image-1090 size-full\" src=\"https:\/\/honwaygroup.com\/wp-content\/uploads\/2015\/10\/1442543965553.avif\" alt=\"Tres cepillos de joyer\u00eda de diamante (cerdas de diamante)\" width=\"905\" height=\"1280\" srcset=\"https:\/\/honwaygroup.com\/wp-content\/uploads\/2015\/10\/1442543965553.avif 905w, https:\/\/honwaygroup.com\/wp-content\/uploads\/2015\/10\/1442543965553-300x424.jpg 300w, https:\/\/honwaygroup.com\/wp-content\/uploads\/2015\/10\/1442543965553-212x300.jpg 212w, https:\/\/honwaygroup.com\/wp-content\/uploads\/2015\/10\/1442543965553-724x1024.avif 724w, https:\/\/honwaygroup.com\/wp-content\/uploads\/2015\/10\/1442543965553-600x849.avif 600w\" sizes=\"(max-width: 905px) 100vw, 905px\" \/><\/a><\/p>\n<p><span style=\"font-size: 14px\">Cepillo de diamante, cerdas de diamante, cepillo para joyer\u00eda, cepillo peque\u00f1o, pulido, esmerilado <\/span><\/p>\n<p>\u00bfTienes preguntas? <a href=\"https:\/\/honwaygroup.com\/es\/contactar-con-honway\/\">Contactar a Honway<\/a><\/p>\n<p>&nbsp;<\/p>\n<p>&nbsp;<\/p>\n<p>&nbsp;<\/p>\n<p>&nbsp;<\/p>\n<p>&nbsp;<\/p>\n<p>&nbsp;<\/p>\n<p>&nbsp;<\/p>\n<p>&nbsp;<\/p>\n<p>&nbsp;<\/p>\n<p>&nbsp;<\/p>\n<p>&nbsp;<\/p>\n<p>&nbsp;<\/p>\n<p>&nbsp;<\/p>\n","protected":false},"excerpt":{"rendered":"<p>Tres cepillos de joyer\u00eda de diamante (cerdas de diamante) Cepillo de diamante, cerdas de diamante, cepillo para joyer\u00eda, cepillo peque\u00f1o, [&hellip;]<\/p>\n","protected":false},"featured_media":132515,"template":"","meta":{"site-sidebar-layout":"default","site-content-layout":"default","ast-site-content-layout":"default","site-content-style":"default","site-sidebar-style":"default","ast-global-header-display":"","ast-banner-title-visibility":"","ast-main-header-display":"","ast-hfb-above-header-display":"","ast-hfb-below-header-display":"","ast-hfb-mobile-header-display":"","site-post-title":"","ast-breadcrumbs-content":"","ast-featured-img":"","footer-sml-layout":"","ast-disable-related-posts":"","theme-transparent-header-meta":"default","adv-header-id-meta":"","stick-header-meta":"default","header-above-stick-meta":"","header-main-stick-meta":"","header-below-stick-meta":"","astra-migrate-meta-layouts":"default","ast-page-background-enabled":"default","ast-page-background-meta":{"desktop":{"background-color":"var(--ast-global-color-5)","background-image":"","background-repeat":"repeat","background-position":"center center","background-size":"auto","background-attachment":"scroll","background-type":"","background-media":"","overlay-type":"","overlay-color":"","overlay-opacity":"","overlay-gradient":""},"tablet":{"background-color":"","background-image":"","background-repeat":"repeat","background-position":"center center","background-size":"auto","background-attachment":"scroll","background-type":"","background-media":"","overlay-type":"","overlay-color":"","overlay-opacity":"","overlay-gradient":""},"mobile":{"background-color":"","background-image":"","background-repeat":"repeat","background-position":"center center","background-size":"auto","background-attachment":"scroll","background-type":"","background-media":"","overlay-type":"","overlay-color":"","overlay-opacity":"","overlay-gradient":""}},"ast-content-background-meta":{"desktop":{"background-color":"var(--ast-global-color-4)","background-image":"","background-repeat":"repeat","background-position":"center center","background-size":"auto","background-attachment":"scroll","background-type":"","background-media":"","overlay-type":"","overlay-color":"","overlay-opacity":"","overlay-gradient":""},"tablet":{"background-color":"var(--ast-global-color-4)","background-image":"","background-repeat":"repeat","background-position":"center center","background-size":"auto","background-attachment":"scroll","background-type":"","background-media":"","overlay-type":"","overlay-color":"","overlay-opacity":"","overlay-gradient":""},"mobile":{"background-color":"var(--ast-global-color-4)","background-image":"","background-repeat":"repeat","background-position":"center center","background-size":"auto","background-attachment":"scroll","background-type":"","background-media":"","overlay-type":"","overlay-color":"","overlay-opacity":"","overlay-gradient":""}}},"product_brand":[],"product_cat":[10460,10440],"product_tag":[12320],"class_list":{"0":"post-132526","1":"product","2":"type-product","3":"status-publish","4":"has-post-thumbnail","6":"product_cat-materiales-de-pulido","7":"product_cat-solido","8":"product_tag-cepillo-de-cerdas-de-diamante-cerdas-de-cepillo-de-diamante-cepillo-para-joyeria-cepillo-pequeno-pulido-esmerilado","9":"desktop-align-left","10":"tablet-align-left","11":"mobile-align-left","12":"ast-product-gallery-layout-horizontal-slider","13":"ast-product-tabs-layout-horizontal","15":"first","16":"instock","17":"downloadable","18":"taxable","19":"shipping-taxable","20":"purchasable","21":"product-type-simple"},"_links":{"self":[{"href":"https:\/\/honwaygroup.com\/es\/wp-json\/wp\/v2\/product\/132526","targetHints":{"allow":["GET"]}}],"collection":[{"href":"https:\/\/honwaygroup.com\/es\/wp-json\/wp\/v2\/product"}],"about":[{"href":"https:\/\/honwaygroup.com\/es\/wp-json\/wp\/v2\/types\/product"}],"version-history":[{"count":0,"href":"https:\/\/honwaygroup.com\/es\/wp-json\/wp\/v2\/product\/132526\/revisions"}],"wp:featuredmedia":[{"embeddable":true,"href":"https:\/\/honwaygroup.com\/es\/wp-json\/wp\/v2\/media\/132515"}],"wp:attachment":[{"href":"https:\/\/honwaygroup.com\/es\/wp-json\/wp\/v2\/media?parent=132526"}],"wp:term":[{"taxonomy":"product_brand","embeddable":true,"href":"https:\/\/honwaygroup.com\/es\/wp-json\/wp\/v2\/product_brand?post=132526"},{"taxonomy":"product_cat","embeddable":true,"href":"https:\/\/honwaygroup.com\/es\/wp-json\/wp\/v2\/product_cat?post=132526"},{"taxonomy":"product_tag","embeddable":true,"href":"https:\/\/honwaygroup.com\/es\/wp-json\/wp\/v2\/product_tag?post=132526"}],"curies":[{"name":"wp","href":"https:\/\/api.w.org\/{rel}","templated":true}]}}