{"id":132464,"date":"2015-12-16T07:47:25","date_gmt":"2015-12-15T23:47:25","guid":{"rendered":"https:\/\/honwaygroup.com\/product\/varillas-de-pulido-de-diamante-y-varillas-de-pulido-para-agujeros-profundos\/"},"modified":"2015-12-16T07:47:25","modified_gmt":"2015-12-15T23:47:25","slug":"varillas-de-pulido-de-diamante-y-varillas-de-pulido-para-agujeros-profundos","status":"publish","type":"product","link":"https:\/\/honwaygroup.com\/es\/producto\/varillas-de-pulido-de-diamante-y-varillas-de-pulido-para-agujeros-profundos\/","title":{"rendered":"Varillas de pulido de diamante y varillas de pulido para agujeros profundos"},"content":{"rendered":"<h3>Varillas de pulido de diamante y varillas de pulido para agujeros profundos<\/h3>\n<figure id=\"attachment_131454\" aria-describedby=\"caption-attachment-131454\" style=\"width: 1810px\" class=\"wp-caption alignnone\"><a href=\"https:\/\/honwaygroup.com\/wp-content\/uploads\/2016\/02\/%E5%AE%8F%E5%B4%B4%E9%91%BD%E7%9F%B3%E7%A3%A8%E6%A3%92DM2-01.jpg\" rel=\"attachment wp-att-1536\"><img fetchpriority=\"high\" decoding=\"async\" class=\"wp-image-1536 size-full\" src=\"https:\/\/honwaygroup.com\/wp-content\/uploads\/2016\/02\/%E5%AE%8F%E5%B4%B4%E9%91%BD%E7%9F%B3%E7%A3%A8%E6%A3%92DM2-01-scaled.avif\" alt=\"Barras de rectificado de diamante, barras de rectificado de nitruro de boro, electroformado, galvanoplastia, barras de rectificado de agujeros profundos\" width=\"1810\" height=\"2560\"><\/a><figcaption id=\"caption-attachment-131454\" class=\"wp-caption-text\">Barras de rectificado de diamante, barras de rectificado de nitruro de boro, electroformado, galvanoplastia, barras de rectificado de agujeros profundos<\/figcaption><\/figure>\n<p>\u00bfTienes preguntas? <a href=\"https:\/\/honwaygroup.com\/es\/contactar-con-honway\/\">Contactar a Honway<\/a><\/p>\n","protected":false},"excerpt":{"rendered":"<p>Limas de diamante, agujas de grabado de diamante, m\u00e9todo cer\u00e1mico, m\u00e9todo de resina, varillas de rectificado para perforaci\u00f3n, varillas de rectificado de diamante, varillas de rectificado de nitruro de boro, m\u00e9todo de electroformado, m\u00e9todo de galvanoplastia, varillas de rectificado para agujeros profundos, varillas de rectificado para agujeros internos, varillas de rectificado angulares<\/p>\n","protected":false},"featured_media":131454,"template":"","meta":{"site-sidebar-layout":"default","site-content-layout":"default","ast-site-content-layout":"default","site-content-style":"default","site-sidebar-style":"default","ast-global-header-display":"","ast-banner-title-visibility":"","ast-main-header-display":"","ast-hfb-above-header-display":"","ast-hfb-below-header-display":"","ast-hfb-mobile-header-display":"","site-post-title":"","ast-breadcrumbs-content":"","ast-featured-img":"","footer-sml-layout":"","ast-disable-related-posts":"","theme-transparent-header-meta":"default","adv-header-id-meta":"","stick-header-meta":"default","header-above-stick-meta":"","header-main-stick-meta":"","header-below-stick-meta":"","astra-migrate-meta-layouts":"default","ast-page-background-enabled":"default","ast-page-background-meta":{"desktop":{"background-color":"var(--ast-global-color-5)","background-image":"","background-repeat":"repeat","background-position":"center center","background-size":"auto","background-attachment":"scroll","background-type":"","background-media":"","overlay-type":"","overlay-color":"","overlay-opacity":"","overlay-gradient":""},"tablet":{"background-color":"","background-image":"","background-repeat":"repeat","background-position":"center center","background-size":"auto","background-attachment":"scroll","background-type":"","background-media":"","overlay-type":"","overlay-color":"","overlay-opacity":"","overlay-gradient":""},"mobile":{"background-color":"","background-image":"","background-repeat":"repeat","background-position":"center center","background-size":"auto","background-attachment":"scroll","background-type":"","background-media":"","overlay-type":"","overlay-color":"","overlay-opacity":"","overlay-gradient":""}},"ast-content-background-meta":{"desktop":{"background-color":"var(--ast-global-color-4)","background-image":"","background-repeat":"repeat","background-position":"center center","background-size":"auto","background-attachment":"scroll","background-type":"","background-media":"","overlay-type":"","overlay-color":"","overlay-opacity":"","overlay-gradient":""},"tablet":{"background-color":"var(--ast-global-color-4)","background-image":"","background-repeat":"repeat","background-position":"center center","background-size":"auto","background-attachment":"scroll","background-type":"","background-media":"","overlay-type":"","overlay-color":"","overlay-opacity":"","overlay-gradient":""},"mobile":{"background-color":"var(--ast-global-color-4)","background-image":"","background-repeat":"repeat","background-position":"center center","background-size":"auto","background-attachment":"scroll","background-type":"","background-media":"","overlay-type":"","overlay-color":"","overlay-opacity":"","overlay-gradient":""}}},"product_brand":[],"product_cat":[10518],"product_tag":[10979,12312,12310,12212,12307,12209,12208,12311,12309,12210,12308,12306,12191],"class_list":{"0":"post-132464","1":"product","2":"type-product","3":"status-publish","4":"has-post-thumbnail","6":"product_cat-herramientas-de-diamante","7":"product_tag-barra-de-esmerilado-de-diamante","8":"product_tag-herramientas-de-diamante","9":"product_tag-lentes-opticas","10":"product_tag-materiales-especiales","11":"product_tag-nucleo-de-molde-de-espejo-optico","12":"product_tag-pasta-de-diamante","13":"product_tag-polvo-de-diamante","14":"product_tag-pulido","15":"product_tag-pulido-de-lentes-opticas","16":"product_tag-pulido-de-moldes","17":"product_tag-pulido-de-vidrio","18":"product_tag-pulido-del-nucleo-del-molde","19":"product_tag-varilla-de-esmerilado-de-agujero-profundo","20":"desktop-align-left","21":"tablet-align-left","22":"mobile-align-left","23":"ast-product-gallery-layout-horizontal-slider","24":"ast-product-tabs-layout-horizontal","26":"first","27":"instock","28":"taxable","29":"shipping-taxable","30":"product-type-simple"},"_links":{"self":[{"href":"https:\/\/honwaygroup.com\/es\/wp-json\/wp\/v2\/product\/132464","targetHints":{"allow":["GET"]}}],"collection":[{"href":"https:\/\/honwaygroup.com\/es\/wp-json\/wp\/v2\/product"}],"about":[{"href":"https:\/\/honwaygroup.com\/es\/wp-json\/wp\/v2\/types\/product"}],"version-history":[{"count":0,"href":"https:\/\/honwaygroup.com\/es\/wp-json\/wp\/v2\/product\/132464\/revisions"}],"wp:featuredmedia":[{"embeddable":true,"href":"https:\/\/honwaygroup.com\/es\/wp-json\/wp\/v2\/media\/131454"}],"wp:attachment":[{"href":"https:\/\/honwaygroup.com\/es\/wp-json\/wp\/v2\/media?parent=132464"}],"wp:term":[{"taxonomy":"product_brand","embeddable":true,"href":"https:\/\/honwaygroup.com\/es\/wp-json\/wp\/v2\/product_brand?post=132464"},{"taxonomy":"product_cat","embeddable":true,"href":"https:\/\/honwaygroup.com\/es\/wp-json\/wp\/v2\/product_cat?post=132464"},{"taxonomy":"product_tag","embeddable":true,"href":"https:\/\/honwaygroup.com\/es\/wp-json\/wp\/v2\/product_tag?post=132464"}],"curies":[{"name":"wp","href":"https:\/\/api.w.org\/{rel}","templated":true}]}}