{"id":132392,"date":"2016-01-11T00:30:00","date_gmt":"2016-01-10T16:30:00","guid":{"rendered":"https:\/\/honwaygroup.com\/product\/pasta-de-diamante-policristalino-estandar-para-carburo-de-tungsteno\/"},"modified":"2025-12-16T09:20:24","modified_gmt":"2025-12-16T01:20:24","slug":"pasta-de-diamante-policristalino-estandar-para-carburo-de-tungsteno","status":"publish","type":"product","link":"https:\/\/honwaygroup.com\/es\/producto\/pasta-de-diamante-policristalino-estandar-para-carburo-de-tungsteno\/","title":{"rendered":"Pasta de diamante policristalino est\u00e1ndar (para carburo de tungsteno)"},"content":{"rendered":"<h3><strong>Pasta de diamante policristalino est\u00e1ndar (para carburo de tungsteno)<\/strong><\/h3>\n<p>La pasta de diamante es un agente de pulido de uso com\u00fan y puede lograr los mejores resultados cuando se usa correctamente.<\/p>\n<p>Las herramientas de pulido est\u00e1n disponibles en una variedad de materiales, desde diferentes tipos de<a href=\"https:\/\/zh.m.wikipedia.org\/zh-tw\/%E7%BA%A4%E7%BB%B4\" rel=\"nofollow noopener\" target=\"_blank\"> fibras<\/a> hasta almohadillas adhesivas, y en distintos grados de dureza, como nailon, papel, terciopelo, algod\u00f3n y m\u00e1s.<\/p>\n<h4><strong><br \/>\nNota al pulir:<\/strong><\/h4>\n<ol>\n<li>El pulido debe realizarse en un lugar ventilado y libre de polvo, ya que las part\u00edculas de polvo duro pueden adherirse f\u00e1cilmente a la pasta de diamante y da\u00f1ar la superficie que se va a pulir.<\/li>\n<li>Cada herramienta de pulido debe utilizarse con un solo tipo de pasta de diamante y se debe tener cuidado de evitar la acumulaci\u00f3n de polvo.<\/li>\n<li>L\u00e1vese las manos y la pieza de trabajo cada vez que cambie la pasta de diamante.<\/li>\n<li>Ajuste la presi\u00f3n de pulido seg\u00fan la dureza de la herramienta y el tama\u00f1o del grano de la pasta de diamante. Para obtener la pasta de diamante m\u00e1s fina, la presi\u00f3n debe ser igual al peso de la herramienta.<\/li>\n<li>El pulido debe comenzar desde las esquinas, bordes, piezas u otras partes del molde.<\/li>\n<\/ol>\n<p>\u00bfTienes preguntas? <a href=\"https:\/\/honwaygroup.com\/es\/contactar-con-honway\/\">Contactar a Honway<\/a><\/p>\n","protected":false},"excerpt":{"rendered":"<ul>\n<li>Apto para todos los metales.<\/li>\n<li>Eliminaci\u00f3n de \u00f3xido, prevenci\u00f3n de \u00f3xido y pulido, todo hecho en una sola pasada.<\/li>\n<li>Natural, no t\u00f3xico, no irritante y sin olor.<\/li>\n<\/ul>\n","protected":false},"featured_media":131379,"template":"","meta":{"site-sidebar-layout":"default","site-content-layout":"default","ast-site-content-layout":"default","site-content-style":"default","site-sidebar-style":"default","ast-global-header-display":"","ast-banner-title-visibility":"","ast-main-header-display":"","ast-hfb-above-header-display":"","ast-hfb-below-header-display":"","ast-hfb-mobile-header-display":"","site-post-title":"","ast-breadcrumbs-content":"","ast-featured-img":"","footer-sml-layout":"","ast-disable-related-posts":"","theme-transparent-header-meta":"default","adv-header-id-meta":"","stick-header-meta":"default","header-above-stick-meta":"","header-main-stick-meta":"","header-below-stick-meta":"","astra-migrate-meta-layouts":"default","ast-page-background-enabled":"default","ast-page-background-meta":{"desktop":{"background-color":"var(--ast-global-color-5)","background-image":"","background-repeat":"repeat","background-position":"center center","background-size":"auto","background-attachment":"scroll","background-type":"","background-media":"","overlay-type":"","overlay-color":"","overlay-opacity":"","overlay-gradient":""},"tablet":{"background-color":"","background-image":"","background-repeat":"repeat","background-position":"center center","background-size":"auto","background-attachment":"scroll","background-type":"","background-media":"","overlay-type":"","overlay-color":"","overlay-opacity":"","overlay-gradient":""},"mobile":{"background-color":"","background-image":"","background-repeat":"repeat","background-position":"center center","background-size":"auto","background-attachment":"scroll","background-type":"","background-media":"","overlay-type":"","overlay-color":"","overlay-opacity":"","overlay-gradient":""}},"ast-content-background-meta":{"desktop":{"background-color":"var(--ast-global-color-4)","background-image":"","background-repeat":"repeat","background-position":"center center","background-size":"auto","background-attachment":"scroll","background-type":"","background-media":"","overlay-type":"","overlay-color":"","overlay-opacity":"","overlay-gradient":""},"tablet":{"background-color":"var(--ast-global-color-4)","background-image":"","background-repeat":"repeat","background-position":"center center","background-size":"auto","background-attachment":"scroll","background-type":"","background-media":"","overlay-type":"","overlay-color":"","overlay-opacity":"","overlay-gradient":""},"mobile":{"background-color":"var(--ast-global-color-4)","background-image":"","background-repeat":"repeat","background-position":"center center","background-size":"auto","background-attachment":"scroll","background-type":"","background-media":"","overlay-type":"","overlay-color":"","overlay-opacity":"","overlay-gradient":""}}},"product_brand":[],"product_cat":[10494,10490,10497,10423,10425,10421,10460,10443,10496,10439],"product_tag":[10803],"class_list":{"0":"post-132392","1":"product","2":"type-product","3":"status-publish","4":"has-post-thumbnail","6":"product_cat-pasta-abrasiva","7":"product_cat-abrasivos-suaves","8":"product_cat-superhard-materials-es","9":"product_cat-acero-de-tungsteno","10":"product_cat-ceramica","11":"product_cat-materiales-de-procesamiento","12":"product_cat-materiales-de-pulido","13":"product_cat-pasta","14":"product_cat-pasta-de-molienda-policristalina","15":"product_cat-tipo-de-materia-prima","16":"product_tag-pasta-de-diamante-policristalino","17":"desktop-align-left","18":"tablet-align-left","19":"mobile-align-left","20":"ast-product-gallery-layout-horizontal-slider","21":"ast-product-single-variable","22":"ast-product-tabs-layout-horizontal","24":"first","25":"instock","26":"taxable","27":"shipping-taxable","28":"purchasable","29":"product-type-variable"},"_links":{"self":[{"href":"https:\/\/honwaygroup.com\/es\/wp-json\/wp\/v2\/product\/132392","targetHints":{"allow":["GET"]}}],"collection":[{"href":"https:\/\/honwaygroup.com\/es\/wp-json\/wp\/v2\/product"}],"about":[{"href":"https:\/\/honwaygroup.com\/es\/wp-json\/wp\/v2\/types\/product"}],"version-history":[{"count":0,"href":"https:\/\/honwaygroup.com\/es\/wp-json\/wp\/v2\/product\/132392\/revisions"}],"wp:featuredmedia":[{"embeddable":true,"href":"https:\/\/honwaygroup.com\/es\/wp-json\/wp\/v2\/media\/131379"}],"wp:attachment":[{"href":"https:\/\/honwaygroup.com\/es\/wp-json\/wp\/v2\/media?parent=132392"}],"wp:term":[{"taxonomy":"product_brand","embeddable":true,"href":"https:\/\/honwaygroup.com\/es\/wp-json\/wp\/v2\/product_brand?post=132392"},{"taxonomy":"product_cat","embeddable":true,"href":"https:\/\/honwaygroup.com\/es\/wp-json\/wp\/v2\/product_cat?post=132392"},{"taxonomy":"product_tag","embeddable":true,"href":"https:\/\/honwaygroup.com\/es\/wp-json\/wp\/v2\/product_tag?post=132392"}],"curies":[{"name":"wp","href":"https:\/\/api.w.org\/{rel}","templated":true}]}}