{"id":131458,"date":"2016-02-28T16:10:38","date_gmt":"2016-02-28T08:10:38","guid":{"rendered":"https:\/\/honwaygroup.com\/product\/varilla-de-diamante-angular-para-rectificado\/"},"modified":"2016-02-28T16:10:38","modified_gmt":"2016-02-28T08:10:38","slug":"varilla-de-diamante-angular-para-rectificado","status":"publish","type":"product","link":"https:\/\/honwaygroup.com\/es\/producto\/varilla-de-diamante-angular-para-rectificado\/","title":{"rendered":"Varilla de diamante angular para rectificado"},"content":{"rendered":"<h3>Varilla de diamante angular para rectificado<\/h3>\n<figure id=\"attachment_131455\" aria-describedby=\"caption-attachment-131455\" style=\"width: 1810px\" class=\"wp-caption alignnone\"><a href=\"https:\/\/honwaygroup.com\/wp-content\/uploads\/2016\/02\/%E5%AE%8F%E5%B4%B4%E9%91%BD%E7%9F%B3%E7%A3%A8%E6%A3%92DM3-01.jpg\" rel=\"attachment wp-att-1600\"><img fetchpriority=\"high\" decoding=\"async\" class=\"wp-image-1600 size-full\" src=\"https:\/\/honwaygroup.com\/wp-content\/uploads\/2016\/02\/%E5%AE%8F%E5%B4%B4%E9%91%BD%E7%9F%B3%E7%A3%A8%E6%A3%92DM3-01-scaled.avif\" alt=\"Varilla de diamante angular para rectificado\" width=\"1810\" height=\"2560\"><\/a><figcaption id=\"caption-attachment-131455\" class=\"wp-caption-text\">Barras de rectificado de diamante, barras de rectificado de nitruro de boro, electroformado, galvanoplastia, barras de rectificado para agujeros profundos, barras de rectificado para agujeros internos, barras de rectificado angulares<\/figcaption><\/figure>\n<p>\u00bfTienes preguntas? <a href=\"https:\/\/honwaygroup.com\/es\/contactar-con-honway\/\">Contactar a Honway<\/a><\/p>\n","protected":false},"excerpt":{"rendered":"<p>Barras de rectificado de diamante, barras de rectificado de nitruro de boro, electroformado, galvanoplastia, barras de rectificado para agujeros profundos, barras de rectificado para agujeros internos, barras de rectificado angulares<\/p>\n<h5><span style=\"color: #ff0000;\"><b>\u25b2Bienvenido al servicio de atenci\u00f3n al cliente por mensaje privado para consultas:<\/b><\/span><a href=\"https:\/\/honwaygroup.com\/es\/contactar-con-honway\/\"><b>Contactar con Honway<\/b><\/a><\/h5>\n<h5><span style=\"color: #ff0000;\"><b>\u25b2Si necesita tama\u00f1os personalizados, p\u00f3ngase en contacto con el servicio de atenci\u00f3n al cliente. La fecha de entrega se basa en la hora que nos indique el servicio de atenci\u00f3n al cliente.<\/b><\/span><\/h5>\n<h5><span style=\"color: #ff0000;\"><b>\u25b2 Los pedidos grandes pueden disfrutar de descuentos, comun\u00edquese con el servicio de atenci\u00f3n al cliente para realizar consultas.<\/b><\/span><\/h5>\n<h5><span style=\"color: #ff0000;\"><b>\u25b2El tiempo de entrega para pedidos de Taiw\u00e1n es de aproximadamente 7 a 14 d\u00edas h\u00e1biles.<\/b><\/span><\/h5>\n<h5><span style=\"color: #ff0000;\"><b>\u25b2Los pedidos internacionales tardan aproximadamente de 7 a 14 d\u00edas en enviarse. El tiempo de entrega real depende del estado de entrega de la empresa de mensajer\u00eda.<\/b><\/span><\/h5>\n","protected":false},"featured_media":131455,"template":"","meta":{"site-sidebar-layout":"default","site-content-layout":"default","ast-site-content-layout":"default","site-content-style":"default","site-sidebar-style":"default","ast-global-header-display":"","ast-banner-title-visibility":"","ast-main-header-display":"","ast-hfb-above-header-display":"","ast-hfb-below-header-display":"","ast-hfb-mobile-header-display":"","site-post-title":"","ast-breadcrumbs-content":"","ast-featured-img":"","footer-sml-layout":"","ast-disable-related-posts":"","theme-transparent-header-meta":"default","adv-header-id-meta":"","stick-header-meta":"default","header-above-stick-meta":"","header-main-stick-meta":"","header-below-stick-meta":"","astra-migrate-meta-layouts":"default","ast-page-background-enabled":"default","ast-page-background-meta":{"desktop":{"background-color":"var(--ast-global-color-5)","background-image":"","background-repeat":"repeat","background-position":"center center","background-size":"auto","background-attachment":"scroll","background-type":"","background-media":"","overlay-type":"","overlay-color":"","overlay-opacity":"","overlay-gradient":""},"tablet":{"background-color":"","background-image":"","background-repeat":"repeat","background-position":"center center","background-size":"auto","background-attachment":"scroll","background-type":"","background-media":"","overlay-type":"","overlay-color":"","overlay-opacity":"","overlay-gradient":""},"mobile":{"background-color":"","background-image":"","background-repeat":"repeat","background-position":"center center","background-size":"auto","background-attachment":"scroll","background-type":"","background-media":"","overlay-type":"","overlay-color":"","overlay-opacity":"","overlay-gradient":""}},"ast-content-background-meta":{"desktop":{"background-color":"var(--ast-global-color-4)","background-image":"","background-repeat":"repeat","background-position":"center center","background-size":"auto","background-attachment":"scroll","background-type":"","background-media":"","overlay-type":"","overlay-color":"","overlay-opacity":"","overlay-gradient":""},"tablet":{"background-color":"var(--ast-global-color-4)","background-image":"","background-repeat":"repeat","background-position":"center center","background-size":"auto","background-attachment":"scroll","background-type":"","background-media":"","overlay-type":"","overlay-color":"","overlay-opacity":"","overlay-gradient":""},"mobile":{"background-color":"var(--ast-global-color-4)","background-image":"","background-repeat":"repeat","background-position":"center center","background-size":"auto","background-attachment":"scroll","background-type":"","background-media":"","overlay-type":"","overlay-color":"","overlay-opacity":"","overlay-gradient":""}}},"product_brand":[],"product_cat":[10518],"product_tag":[10979,12179,12180,12191,12193,12178,12192],"class_list":{"0":"post-131458","1":"product","2":"type-product","3":"status-publish","4":"has-post-thumbnail","6":"product_cat-herramientas-de-diamante","7":"product_tag-barra-de-esmerilado-de-diamante","8":"product_tag-electroformado-2","9":"product_tag-galvanoplastia","10":"product_tag-varilla-de-esmerilado-de-agujero-profundo","11":"product_tag-varilla-de-esmerilado-en-angulo","12":"product_tag-varilla-de-molienda-de-nitruro-de-boro","13":"product_tag-varilla-de-molienda-interna","14":"desktop-align-left","15":"tablet-align-left","16":"mobile-align-left","17":"ast-product-gallery-layout-horizontal-slider","18":"ast-product-tabs-layout-horizontal","20":"first","21":"instock","22":"taxable","23":"shipping-taxable","24":"product-type-simple"},"_links":{"self":[{"href":"https:\/\/honwaygroup.com\/es\/wp-json\/wp\/v2\/product\/131458","targetHints":{"allow":["GET"]}}],"collection":[{"href":"https:\/\/honwaygroup.com\/es\/wp-json\/wp\/v2\/product"}],"about":[{"href":"https:\/\/honwaygroup.com\/es\/wp-json\/wp\/v2\/types\/product"}],"version-history":[{"count":0,"href":"https:\/\/honwaygroup.com\/es\/wp-json\/wp\/v2\/product\/131458\/revisions"}],"wp:featuredmedia":[{"embeddable":true,"href":"https:\/\/honwaygroup.com\/es\/wp-json\/wp\/v2\/media\/131455"}],"wp:attachment":[{"href":"https:\/\/honwaygroup.com\/es\/wp-json\/wp\/v2\/media?parent=131458"}],"wp:term":[{"taxonomy":"product_brand","embeddable":true,"href":"https:\/\/honwaygroup.com\/es\/wp-json\/wp\/v2\/product_brand?post=131458"},{"taxonomy":"product_cat","embeddable":true,"href":"https:\/\/honwaygroup.com\/es\/wp-json\/wp\/v2\/product_cat?post=131458"},{"taxonomy":"product_tag","embeddable":true,"href":"https:\/\/honwaygroup.com\/es\/wp-json\/wp\/v2\/product_tag?post=131458"}],"curies":[{"name":"wp","href":"https:\/\/api.w.org\/{rel}","templated":true}]}}