{"id":131435,"date":"2016-02-28T17:39:01","date_gmt":"2016-02-28T09:39:01","guid":{"rendered":"https:\/\/honwaygroup.com\/product\/piedra-de-aceite-de-fibra-de-diamante\/"},"modified":"2016-02-28T17:39:01","modified_gmt":"2016-02-28T09:39:01","slug":"piedra-de-aceite-de-fibra-de-diamante","status":"publish","type":"product","link":"https:\/\/honwaygroup.com\/es\/producto\/piedra-de-aceite-de-fibra-de-diamante\/","title":{"rendered":"piedra de aceite de fibra de diamante"},"content":{"rendered":"<h3><strong>piedra de aceite de fibra de diamante<\/strong><\/h3>\n<p>unidad : mm<\/p>\n<table class=\"specTable\" width=\"100%\">\n<tbody>\n<tr>\n<th><\/th>\n<th>#200<\/th>\n<th>#400<\/th>\n<th>#600<\/th>\n<th>#800<\/th>\n<\/tr>\n<tr>\n<td>1 x 4 x 100<\/td>\n<td>SDS-1042<\/td>\n<td>SDS-1044<\/td>\n<td>SDS-1046<\/td>\n<td>SDS-1048<\/td>\n<\/tr>\n<tr>\n<td>1 x 6 x 100<\/td>\n<td>SDS-1062<\/td>\n<td>SDS-1064<\/td>\n<td>SDS-1066<\/td>\n<td>SDS-1068<\/td>\n<\/tr>\n<tr>\n<td>1 x 10 x 100<\/td>\n<td>SDS-1102<\/td>\n<td>SDS-1104<\/td>\n<td>SDS-1106<\/td>\n<td>SDS-1108<\/td>\n<\/tr>\n<tr>\n<td>\u00d83 x 100<\/td>\n<td>SDG-302<\/td>\n<td>SDG-304<\/td>\n<td>SDG-306<\/td>\n<td>SDG-308<\/td>\n<\/tr>\n<\/tbody>\n<\/table>\n<ul>\n<li><strong>Tambi\u00e9n se pueden personalizar otros tama\u00f1os y dimensiones de part\u00edculas. Para ciertas aplicaciones especiales, las piedras de aceite de fibra de nitruro de boro tambi\u00e9n se pueden personalizar; por favor, especifique sus requisitos al realizar el pedido.<\/strong><\/li>\n<\/ul>\n<p>\u00bfTienes preguntas? <a href=\"https:\/\/honwaygroup.com\/es\/contactar-con-honway\/\">Contactar a Honway<\/a><\/p>\n","protected":false},"excerpt":{"rendered":"<div id=\"desWrap\">\n<ul>\n<li>Las piedras de pulido de fibra de diamante se fabrican uniendo abrasivo de diamante con fibras cer\u00e1micas mediante una resina termoendurecible. El excelente rendimiento de corte del diamante, combinado con la alta resistencia a la flexi\u00f3n de las fibras cer\u00e1micas, crea una herramienta de pulido perfecta.<\/li>\n<li>El abrasivo de diamante se distribuye uniformemente sobre la fibra cer\u00e1mica, lo que permite que la piedra de afilar Super Diamond Oilstone pula cualquier lado con una superficie muy uniforme, reduciendo as\u00ed el tiempo necesario para el procesamiento posterior.<\/li>\n<\/ul>\n<h4><strong>Caracter\u00edsticas:<\/strong><\/h4>\n<ul>\n<li>Las piedras de afilar de fibra ordinarias solo pueden utilizarse para el desbaste de caras, mientras que las piedras de afilar de fibra de diamante pueden utilizarse para el desbaste de cualquier cara.<\/li>\n<li>En comparaci\u00f3n con las piedras de diamante con base de resina, las piedras de diamante con fibra ofrecen ventajas como una capacidad de corte superior, menor obstrucci\u00f3n y menor rotura.<\/li>\n<li>Los materiales que resultan dif\u00edciles de procesar con piedras de aceite de fibra convencionales ahora pueden cortarse eficazmente utilizando piedras de aceite de fibra de diamante.<\/li>\n<li>Las piedras de aceite de fibra de diamante son adecuadas para procesar todo tipo de acero tratado t\u00e9rmicamente, carburo de tungsteno, cer\u00e1mica y vidrio.<\/li>\n<\/ul>\n<h5><strong><span style=\"color: #ff0000; font-size: 19.2px;\">\u25b2<\/span><\/strong> <strong><span style=\"color: #ff0000; font-size: 19.2px;\">Los pedidos grandes pueden disfrutar de descuentos, comun\u00edquese con el servicio de atenci\u00f3n al cliente para realizar consultas.<\/span><\/strong><\/h5>\n<h5><strong><span style=\"color: #ff0000; font-size: 19.2px;\">\u25b2<\/span><span style=\"color: #ff0000; font-size: 19.2px;\">El tiempo de<\/span><span style=\"color: #ff0000;\"> entrega para pedidos de<\/span><span style=\"color: #ff0000; font-size: 19.2px;\"> Taiw\u00e1n es de aproximadamente 7 a 14 d\u00edas h\u00e1biles.<\/span><\/strong><\/h5>\n<h5><strong><span style=\"color: #ff0000; font-size: 19.2px;\">\u25b2<\/span><span style=\"color: #ff0000;\">Los pedidos internacionales tardan aproximadamente de 7 a 14 d\u00edas en enviarse. El tiempo de entrega real depende del estado de entrega de la empresa de mensajer\u00eda.<\/span><\/strong><\/h5>\n<\/div>\n","protected":false},"featured_media":131433,"template":"","meta":{"site-sidebar-layout":"default","site-content-layout":"default","ast-site-content-layout":"default","site-content-style":"default","site-sidebar-style":"default","ast-global-header-display":"","ast-banner-title-visibility":"","ast-main-header-display":"","ast-hfb-above-header-display":"","ast-hfb-below-header-display":"","ast-hfb-mobile-header-display":"","site-post-title":"","ast-breadcrumbs-content":"","ast-featured-img":"","footer-sml-layout":"","ast-disable-related-posts":"","theme-transparent-header-meta":"default","adv-header-id-meta":"","stick-header-meta":"default","header-above-stick-meta":"","header-main-stick-meta":"","header-below-stick-meta":"","astra-migrate-meta-layouts":"default","ast-page-background-enabled":"default","ast-page-background-meta":{"desktop":{"background-color":"var(--ast-global-color-5)","background-image":"","background-repeat":"repeat","background-position":"center center","background-size":"auto","background-attachment":"scroll","background-type":"","background-media":"","overlay-type":"","overlay-color":"","overlay-opacity":"","overlay-gradient":""},"tablet":{"background-color":"","background-image":"","background-repeat":"repeat","background-position":"center center","background-size":"auto","background-attachment":"scroll","background-type":"","background-media":"","overlay-type":"","overlay-color":"","overlay-opacity":"","overlay-gradient":""},"mobile":{"background-color":"","background-image":"","background-repeat":"repeat","background-position":"center center","background-size":"auto","background-attachment":"scroll","background-type":"","background-media":"","overlay-type":"","overlay-color":"","overlay-opacity":"","overlay-gradient":""}},"ast-content-background-meta":{"desktop":{"background-color":"var(--ast-global-color-4)","background-image":"","background-repeat":"repeat","background-position":"center center","background-size":"auto","background-attachment":"scroll","background-type":"","background-media":"","overlay-type":"","overlay-color":"","overlay-opacity":"","overlay-gradient":""},"tablet":{"background-color":"var(--ast-global-color-4)","background-image":"","background-repeat":"repeat","background-position":"center center","background-size":"auto","background-attachment":"scroll","background-type":"","background-media":"","overlay-type":"","overlay-color":"","overlay-opacity":"","overlay-gradient":""},"mobile":{"background-color":"var(--ast-global-color-4)","background-image":"","background-repeat":"repeat","background-position":"center center","background-size":"auto","background-attachment":"scroll","background-type":"","background-media":"","overlay-type":"","overlay-color":"","overlay-opacity":"","overlay-gradient":""}}},"product_brand":[],"product_cat":[10464,10469],"product_tag":[10931,12188],"class_list":{"0":"post-131435","1":"product","2":"type-product","3":"status-publish","4":"has-post-thumbnail","6":"product_cat-consumibles-perifericos-para-rectificado-y-pulido","7":"product_cat-piedra-de-aceite-de-fibra-ceramica","8":"product_tag-piedra-de-aceite-de-diamante","9":"product_tag-piedra-de-aceite-de-fibra-de-diamante","10":"desktop-align-left","11":"tablet-align-left","12":"mobile-align-left","13":"ast-product-gallery-layout-horizontal-slider","14":"ast-product-single-variable","15":"ast-product-tabs-layout-horizontal","17":"first","18":"instock","19":"taxable","20":"shipping-taxable","21":"purchasable","22":"product-type-variable"},"_links":{"self":[{"href":"https:\/\/honwaygroup.com\/es\/wp-json\/wp\/v2\/product\/131435","targetHints":{"allow":["GET"]}}],"collection":[{"href":"https:\/\/honwaygroup.com\/es\/wp-json\/wp\/v2\/product"}],"about":[{"href":"https:\/\/honwaygroup.com\/es\/wp-json\/wp\/v2\/types\/product"}],"version-history":[{"count":0,"href":"https:\/\/honwaygroup.com\/es\/wp-json\/wp\/v2\/product\/131435\/revisions"}],"wp:featuredmedia":[{"embeddable":true,"href":"https:\/\/honwaygroup.com\/es\/wp-json\/wp\/v2\/media\/131433"}],"wp:attachment":[{"href":"https:\/\/honwaygroup.com\/es\/wp-json\/wp\/v2\/media?parent=131435"}],"wp:term":[{"taxonomy":"product_brand","embeddable":true,"href":"https:\/\/honwaygroup.com\/es\/wp-json\/wp\/v2\/product_brand?post=131435"},{"taxonomy":"product_cat","embeddable":true,"href":"https:\/\/honwaygroup.com\/es\/wp-json\/wp\/v2\/product_cat?post=131435"},{"taxonomy":"product_tag","embeddable":true,"href":"https:\/\/honwaygroup.com\/es\/wp-json\/wp\/v2\/product_tag?post=131435"}],"curies":[{"name":"wp","href":"https:\/\/api.w.org\/{rel}","templated":true}]}}