{"id":131429,"date":"2016-02-28T17:50:34","date_gmt":"2016-02-28T09:50:34","guid":{"rendered":"https:\/\/honwaygroup.com\/product\/micropulver-de-cobalto-policristalino-y-monocristalino-2\/"},"modified":"2025-11-20T10:56:43","modified_gmt":"2025-11-20T02:56:43","slug":"micropulver-de-cobalto-policristalino-y-monocristalino-2","status":"publish","type":"product","link":"https:\/\/honwaygroup.com\/es\/producto\/micropulver-de-cobalto-policristalino-y-monocristalino-2\/","title":{"rendered":"Micropulver de cobalto policristalino y monocristalino"},"content":{"rendered":"<h3>Micropulver de cobalto policristalino y monocristalino<\/h3>\n<figure id=\"attachment_131365\" aria-describedby=\"caption-attachment-131365\" style=\"width: 1810px\" class=\"wp-caption alignnone\"><a href=\"https:\/\/honwaygroup.com\/wp-content\/uploads\/2016\/02\/%E5%AE%8F%E5%B4%B4%E9%91%BD%E7%9F%B3%E7%A3%A8%E6%A3%92DM29-01.jpg\" rel=\"attachment wp-att-1563\"><img fetchpriority=\"high\" decoding=\"async\" class=\"wp-image-1563 size-full\" src=\"https:\/\/honwaygroup.com\/wp-content\/uploads\/2016\/02\/%E5%AE%8F%E5%B4%B4%E9%91%BD%E7%9F%B3%E7%A3%A8%E6%A3%92DM29-01-scaled.avif\" alt=\"Micropulver de cobalto policristalino y monocristalino\" width=\"1810\" height=\"2560\"><\/a><figcaption id=\"caption-attachment-131365\" class=\"wp-caption-text\">Piedra de aceite de fibra de diamante, l\u00e1minas de diamante, agujas de grabado de diamante, m\u00e9todo cer\u00e1mico, m\u00e9todo de resina, varilla de desbaste, varilla de perforaci\u00f3n, lima, piedra de aceite de diamante, varilla de desbaste de nitruro de boro, m\u00e9todo de electroformado, m\u00e9todo de electrodeposici\u00f3n, varilla de desbaste de agujeros profundos, varilla de desbaste de agujeros internos, varilla de desbaste angular<\/figcaption><\/figure>\n<p>\u00bfTienes preguntas? <a href=\"https:\/\/honwaygroup.com\/es\/contactar-con-honway\/\">Contactar a Honway<\/a><\/p>\n","protected":false},"excerpt":{"rendered":"<h5><span style=\"color: #ff0000\"><b>\u25b2Bienvenido al servicio de atenci\u00f3n al cliente por mensaje privado para consultas:<\/b><\/span><a href=\"https:\/\/honwaygroup.com\/es\/contactar-con-honway\/\"><b>Contactar con Honway<\/b><\/a><\/h5>\n<h5><strong><span style=\"color: #ff0000;font-size: 19.2px\">\u25b2 Los pedidos grandes pueden disfrutar de descuentos, comun\u00edquese con el servicio de atenci\u00f3n al cliente para realizar consultas.<br \/>\n<\/span><\/strong><\/h5>\n<h5><strong><span style=\"color: #ff0000;font-size: 19.2px\">\u25b2<\/span><span style=\"color: #ff0000;font-size: 19.2px\">El tiempo de<\/span><span style=\"color: #ff0000\"> entrega para pedidos de<\/span><span style=\"color: #ff0000;font-size: 19.2px\"> Taiw\u00e1n es de aproximadamente 7 a 14 d\u00edas h\u00e1biles.<\/span><\/strong><\/h5>\n<h5><strong><span style=\"color: #ff0000;font-size: 19.2px\">\u25b2<\/span><span style=\"color: #ff0000\">Los pedidos internacionales tardan aproximadamente de 7 a 14 d\u00edas en enviarse. El tiempo de entrega real depende del estado de entrega de la empresa de mensajer\u00eda.<\/span><\/strong><\/h5>\n","protected":false},"featured_media":131365,"template":"","meta":{"site-sidebar-layout":"default","site-content-layout":"default","ast-site-content-layout":"default","site-content-style":"default","site-sidebar-style":"default","ast-global-header-display":"","ast-banner-title-visibility":"","ast-main-header-display":"","ast-hfb-above-header-display":"","ast-hfb-below-header-display":"","ast-hfb-mobile-header-display":"","site-post-title":"","ast-breadcrumbs-content":"","ast-featured-img":"","footer-sml-layout":"","ast-disable-related-posts":"","theme-transparent-header-meta":"default","adv-header-id-meta":"","stick-header-meta":"default","header-above-stick-meta":"","header-main-stick-meta":"","header-below-stick-meta":"","astra-migrate-meta-layouts":"default","ast-page-background-enabled":"default","ast-page-background-meta":{"desktop":{"background-color":"var(--ast-global-color-5)","background-image":"","background-repeat":"repeat","background-position":"center center","background-size":"auto","background-attachment":"scroll","background-type":"","background-media":"","overlay-type":"","overlay-color":"","overlay-opacity":"","overlay-gradient":""},"tablet":{"background-color":"","background-image":"","background-repeat":"repeat","background-position":"center center","background-size":"auto","background-attachment":"scroll","background-type":"","background-media":"","overlay-type":"","overlay-color":"","overlay-opacity":"","overlay-gradient":""},"mobile":{"background-color":"","background-image":"","background-repeat":"repeat","background-position":"center center","background-size":"auto","background-attachment":"scroll","background-type":"","background-media":"","overlay-type":"","overlay-color":"","overlay-opacity":"","overlay-gradient":""}},"ast-content-background-meta":{"desktop":{"background-color":"var(--ast-global-color-4)","background-image":"","background-repeat":"repeat","background-position":"center center","background-size":"auto","background-attachment":"scroll","background-type":"","background-media":"","overlay-type":"","overlay-color":"","overlay-opacity":"","overlay-gradient":""},"tablet":{"background-color":"var(--ast-global-color-4)","background-image":"","background-repeat":"repeat","background-position":"center center","background-size":"auto","background-attachment":"scroll","background-type":"","background-media":"","overlay-type":"","overlay-color":"","overlay-opacity":"","overlay-gradient":""},"mobile":{"background-color":"var(--ast-global-color-4)","background-image":"","background-repeat":"repeat","background-position":"center center","background-size":"auto","background-attachment":"scroll","background-type":"","background-media":"","overlay-type":"","overlay-color":"","overlay-opacity":"","overlay-gradient":""}}},"product_brand":[],"product_cat":[10518],"product_tag":[12186,12181,12179,12180,12184,12185,10931,12188,12187,12191,12193,12178,12183,12192,12182],"class_list":{"0":"post-131429","1":"product","2":"type-product","3":"status-publish","4":"has-post-thumbnail","6":"product_cat-herramientas-de-diamante","7":"product_tag-aguja-de-grabado-de-diamante","8":"product_tag-archivo","9":"product_tag-electroformado-2","10":"product_tag-galvanoplastia","11":"product_tag-metodo-ceramico","12":"product_tag-metodo-de-resina","13":"product_tag-piedra-de-aceite-de-diamante","14":"product_tag-piedra-de-aceite-de-fibra-de-diamante","15":"product_tag-rodajas-de-diamante","16":"product_tag-varilla-de-esmerilado-de-agujero-profundo","17":"product_tag-varilla-de-esmerilado-en-angulo","18":"product_tag-varilla-de-molienda-de-nitruro-de-boro","19":"product_tag-varilla-de-molienda-de-poros","20":"product_tag-varilla-de-molienda-interna","21":"product_tag-varilla-perforadora","22":"desktop-align-left","23":"tablet-align-left","24":"mobile-align-left","25":"ast-product-gallery-layout-horizontal-slider","26":"ast-product-tabs-layout-horizontal","28":"first","29":"instock","30":"taxable","31":"shipping-taxable","32":"product-type-simple"},"_links":{"self":[{"href":"https:\/\/honwaygroup.com\/es\/wp-json\/wp\/v2\/product\/131429","targetHints":{"allow":["GET"]}}],"collection":[{"href":"https:\/\/honwaygroup.com\/es\/wp-json\/wp\/v2\/product"}],"about":[{"href":"https:\/\/honwaygroup.com\/es\/wp-json\/wp\/v2\/types\/product"}],"version-history":[{"count":0,"href":"https:\/\/honwaygroup.com\/es\/wp-json\/wp\/v2\/product\/131429\/revisions"}],"wp:featuredmedia":[{"embeddable":true,"href":"https:\/\/honwaygroup.com\/es\/wp-json\/wp\/v2\/media\/131365"}],"wp:attachment":[{"href":"https:\/\/honwaygroup.com\/es\/wp-json\/wp\/v2\/media?parent=131429"}],"wp:term":[{"taxonomy":"product_brand","embeddable":true,"href":"https:\/\/honwaygroup.com\/es\/wp-json\/wp\/v2\/product_brand?post=131429"},{"taxonomy":"product_cat","embeddable":true,"href":"https:\/\/honwaygroup.com\/es\/wp-json\/wp\/v2\/product_cat?post=131429"},{"taxonomy":"product_tag","embeddable":true,"href":"https:\/\/honwaygroup.com\/es\/wp-json\/wp\/v2\/product_tag?post=131429"}],"curies":[{"name":"wp","href":"https:\/\/api.w.org\/{rel}","templated":true}]}}