{"id":131346,"date":"2016-02-28T18:01:44","date_gmt":"2016-02-28T10:01:44","guid":{"rendered":"https:\/\/honwaygroup.com\/product\/cepillo-de-cerdas-de-diamante-y-rueda-de-cerdas-de-diamante\/"},"modified":"2016-02-28T18:01:44","modified_gmt":"2016-02-28T10:01:44","slug":"cepillo-de-cerdas-de-diamante-y-rueda-de-cerdas-de-diamante","status":"publish","type":"product","link":"https:\/\/honwaygroup.com\/es\/producto\/cepillo-de-cerdas-de-diamante-y-rueda-de-cerdas-de-diamante\/","title":{"rendered":"Cepillo de cerdas de diamante y rueda de cerdas de diamante"},"content":{"rendered":"<h3>Cepillo de cerdas de diamante y rueda de cerdas de diamante<\/h3>\n<p>Los cepillos y ruedas de cepillo de diamante son adecuados para esmerilar y pulir vidrio de zafiro y piedras preciosas, y para pulir bordes \u00e1speros en<a href=\"https:\/\/zh.m.wikipedia.org\/zh-tw\/%E5%85%89%E5%AD%A6%E7%8E%BB%E7%92%83\" rel=\"nofollow noopener\" target=\"_blank\"> vidrio azul \u00f3ptico<\/a>.<\/p>\n<figure id=\"attachment_131303\" aria-describedby=\"caption-attachment-131303\" style=\"width: 2480px\" class=\"wp-caption alignnone\"><a href=\"https:\/\/honwaygroup.com\/wp-content\/uploads\/2016\/02\/%E5%AE%8F%E5%B4%B4%E9%91%BD%E7%9F%B3%E7%A3%A8%E6%A3%92DM33-01.jpg\" rel=\"attachment wp-att-1567\"><img fetchpriority=\"high\" decoding=\"async\" class=\"wp-image-1567 size-full\" src=\"https:\/\/honwaygroup.com\/wp-content\/uploads\/2016\/02\/%E5%AE%8F%E5%B4%B4%E9%91%BD%E7%9F%B3%E7%A3%A8%E6%A3%92DM33-01.jpg\" alt=\"Cepillo de cerdas de diamante y rueda de cerdas de diamante\" width=\"2480\" height=\"3508\"><\/a><figcaption id=\"caption-attachment-131303\" class=\"wp-caption-text\">Cepillos de palma, tiras de madera, piedras de afilar de fibra de diamante, l\u00e1minas de diamante, agujas de grabado de diamante, m\u00e9todo cer\u00e1mico, m\u00e9todo de resina, varillas de esmerilado para picaduras, varillas de esmerilado perforantes, limas, piedras de afilar de diamante, varillas de esmerilado de nitruro de boro, m\u00e9todo de electroformado, m\u00e9todo de electrodeposici\u00f3n<\/figcaption><\/figure>\n<p>\u00bfTienes preguntas? <a href=\"https:\/\/honwaygroup.com\/es\/contactar-con-honway\/\">Contactar a Honway<\/a><\/p>\n","protected":false},"excerpt":{"rendered":"<p>Cepillos de palma, tiras de madera, piedras de afilar de fibra de diamante, l\u00e1minas de diamante, agujas de grabado de diamante, m\u00e9todo cer\u00e1mico, m\u00e9todo de resina, varillas de esmerilado para picaduras, varillas de esmerilado perforantes, limas, piedras de afilar de diamante, varillas de esmerilado de nitruro de boro, m\u00e9todo de electroformado, m\u00e9todo de electrodeposici\u00f3n<\/p>\n<h5><span style=\"color: #ff0000;\"><b>\u25b2Para tama\u00f1os personalizados, p\u00f3ngase en contacto con el servicio de atenci\u00f3n al cliente.<\/b><\/span><\/h5>\n<h5><span style=\"color: #ff0000;\"><b>\u25b2Bienvenido al servicio de atenci\u00f3n al cliente por mensaje privado para consultas.<\/b><\/span><\/h5>\n<h5><span style=\"color: #ff0000;\"><b>\u25b2 Los pedidos grandes pueden disfrutar de descuentos, comun\u00edquese con el servicio de atenci\u00f3n al cliente para realizar consultas.<\/b><\/span><\/h5>\n<h5>\u25b2Para consultar el plazo de entrega de pedidos, por favor contacte al servicio de atenci\u00f3n al cliente:<b><a href=\"https:\/\/honwaygroup.com\/es\/contactar-con-honway\/\">Contactar a Honway<\/a><\/b><\/h5>\n","protected":false},"featured_media":131303,"template":"","meta":{"site-sidebar-layout":"default","site-content-layout":"default","ast-site-content-layout":"default","site-content-style":"default","site-sidebar-style":"default","ast-global-header-display":"","ast-banner-title-visibility":"","ast-main-header-display":"","ast-hfb-above-header-display":"","ast-hfb-below-header-display":"","ast-hfb-mobile-header-display":"","site-post-title":"","ast-breadcrumbs-content":"","ast-featured-img":"","footer-sml-layout":"","ast-disable-related-posts":"","theme-transparent-header-meta":"default","adv-header-id-meta":"","stick-header-meta":"default","header-above-stick-meta":"","header-main-stick-meta":"","header-below-stick-meta":"","astra-migrate-meta-layouts":"default","ast-page-background-enabled":"default","ast-page-background-meta":{"desktop":{"background-color":"var(--ast-global-color-5)","background-image":"","background-repeat":"repeat","background-position":"center center","background-size":"auto","background-attachment":"scroll","background-type":"","background-media":"","overlay-type":"","overlay-color":"","overlay-opacity":"","overlay-gradient":""},"tablet":{"background-color":"","background-image":"","background-repeat":"repeat","background-position":"center center","background-size":"auto","background-attachment":"scroll","background-type":"","background-media":"","overlay-type":"","overlay-color":"","overlay-opacity":"","overlay-gradient":""},"mobile":{"background-color":"","background-image":"","background-repeat":"repeat","background-position":"center center","background-size":"auto","background-attachment":"scroll","background-type":"","background-media":"","overlay-type":"","overlay-color":"","overlay-opacity":"","overlay-gradient":""}},"ast-content-background-meta":{"desktop":{"background-color":"var(--ast-global-color-4)","background-image":"","background-repeat":"repeat","background-position":"center center","background-size":"auto","background-attachment":"scroll","background-type":"","background-media":"","overlay-type":"","overlay-color":"","overlay-opacity":"","overlay-gradient":""},"tablet":{"background-color":"var(--ast-global-color-4)","background-image":"","background-repeat":"repeat","background-position":"center center","background-size":"auto","background-attachment":"scroll","background-type":"","background-media":"","overlay-type":"","overlay-color":"","overlay-opacity":"","overlay-gradient":""},"mobile":{"background-color":"var(--ast-global-color-4)","background-image":"","background-repeat":"repeat","background-position":"center center","background-size":"auto","background-attachment":"scroll","background-type":"","background-media":"","overlay-type":"","overlay-color":"","overlay-opacity":"","overlay-gradient":""}}},"product_brand":[],"product_cat":[10518],"product_tag":[12186,12181,12179,12180,12190,12184,12185,10931,12188,12189,12187,12178,12183,12182],"class_list":{"0":"post-131346","1":"product","2":"type-product","3":"status-publish","4":"has-post-thumbnail","6":"product_cat-herramientas-de-diamante","7":"product_tag-aguja-de-grabado-de-diamante","8":"product_tag-archivo","9":"product_tag-electroformado-2","10":"product_tag-galvanoplastia","11":"product_tag-listones-de-madera","12":"product_tag-metodo-ceramico","13":"product_tag-metodo-de-resina","14":"product_tag-piedra-de-aceite-de-diamante","15":"product_tag-piedra-de-aceite-de-fibra-de-diamante","16":"product_tag-pincel-de-palma","17":"product_tag-rodajas-de-diamante","18":"product_tag-varilla-de-molienda-de-nitruro-de-boro","19":"product_tag-varilla-de-molienda-de-poros","20":"product_tag-varilla-perforadora","21":"desktop-align-left","22":"tablet-align-left","23":"mobile-align-left","24":"ast-product-gallery-layout-horizontal-slider","25":"ast-product-tabs-layout-horizontal","27":"first","28":"instock","29":"taxable","30":"shipping-taxable","31":"product-type-simple"},"_links":{"self":[{"href":"https:\/\/honwaygroup.com\/es\/wp-json\/wp\/v2\/product\/131346","targetHints":{"allow":["GET"]}}],"collection":[{"href":"https:\/\/honwaygroup.com\/es\/wp-json\/wp\/v2\/product"}],"about":[{"href":"https:\/\/honwaygroup.com\/es\/wp-json\/wp\/v2\/types\/product"}],"version-history":[{"count":0,"href":"https:\/\/honwaygroup.com\/es\/wp-json\/wp\/v2\/product\/131346\/revisions"}],"wp:featuredmedia":[{"embeddable":true,"href":"https:\/\/honwaygroup.com\/es\/wp-json\/wp\/v2\/media\/131303"}],"wp:attachment":[{"href":"https:\/\/honwaygroup.com\/es\/wp-json\/wp\/v2\/media?parent=131346"}],"wp:term":[{"taxonomy":"product_brand","embeddable":true,"href":"https:\/\/honwaygroup.com\/es\/wp-json\/wp\/v2\/product_brand?post=131346"},{"taxonomy":"product_cat","embeddable":true,"href":"https:\/\/honwaygroup.com\/es\/wp-json\/wp\/v2\/product_cat?post=131346"},{"taxonomy":"product_tag","embeddable":true,"href":"https:\/\/honwaygroup.com\/es\/wp-json\/wp\/v2\/product_tag?post=131346"}],"curies":[{"name":"wp","href":"https:\/\/api.w.org\/{rel}","templated":true}]}}