{"id":131304,"date":"2016-02-28T18:57:22","date_gmt":"2016-02-28T10:57:22","guid":{"rendered":"https:\/\/honwaygroup.com\/product\/piedra-de-aceite-de-superfibra\/"},"modified":"2025-11-19T10:17:37","modified_gmt":"2025-11-19T02:17:37","slug":"piedra-de-aceite-de-superfibra","status":"publish","type":"product","link":"https:\/\/honwaygroup.com\/es\/producto\/piedra-de-aceite-de-superfibra\/","title":{"rendered":"Piedra de aceite de superfibra"},"content":{"rendered":"<div class=\"resCol6\" align=\"center\">\n<h3 style=\"text-align: left;\"><strong>Piedra de aceite de superfibra<\/strong><\/h3>\n<p style=\"text-align: left;\">Las piedras de aceite Superfiber est\u00e1n fabricadas con <a href=\"https:\/\/baike.baidu.hk\/item\/%E9%99%B6%E7%93%B7%E7%BA%96%E7%B6%AD\/6144010\" rel=\"nofollow noopener\" target=\"_blank\">fibras cer\u00e1micas<\/a> cuidadosamente seleccionadas utilizando materiales de uni\u00f3n y m\u00e9todos de fabricaci\u00f3n \u00fanicos, lo que da como resultado una mayor resistencia a la flexi\u00f3n y hace que las piedras de aceite sean menos propensas a romperse.<\/p>\n<p><a href=\"https:\/\/honwaygroup.com\/wp-content\/uploads\/2023\/07\/%E8%B6%85%E7%B4%9A%E7%BA%96%E7%B6%AD%E6%B2%B9%E7%9F%B3_%E5%B7%A5%E4%BD%9C%E5%8D%80%E5%9F%9F-1-%E8%A4%87%E6%9C%AC-11-e1689127157574.webp\"><img decoding=\"async\" class=\"alignnone wp-image-25678 size-medium\" src=\"https:\/\/honwaygroup.com\/wp-content\/uploads\/2023\/07\/%E8%B6%85%E7%B4%9A%E7%BA%96%E7%B6%AD%E6%B2%B9%E7%9F%B3_%E5%B7%A5%E4%BD%9C%E5%8D%80%E5%9F%9F-1-%E8%A4%87%E6%9C%AC-11-e1689127157574-300x102.webp\" alt=\"Piedra de aceite superfibra - cil\u00edndrica\" width=\"300\" height=\"102\"><\/a><\/p>\n<h5><strong>Cil\u00edndrico<\/strong><\/h5>\n<\/div>\n<div class=\"resCol6\" align=\"center\">\n<p><a href=\"https:\/\/honwaygroup.com\/wp-content\/uploads\/2023\/07\/%E8%B6%85%E7%B4%9A%E7%BA%96%E7%B6%AD%E6%B2%B9%E7%9F%B3_%E5%B7%A5%E4%BD%9C%E5%8D%80%E5%9F%9F-1-%E8%A4%87%E6%9C%AC-12-e1689127298935.webp\"><img decoding=\"async\" class=\"alignnone size-medium wp-image-25682\" src=\"https:\/\/honwaygroup.com\/wp-content\/uploads\/2023\/07\/%E8%B6%85%E7%B4%9A%E7%BA%96%E7%B6%AD%E6%B2%B9%E7%9F%B3_%E5%B7%A5%E4%BD%9C%E5%8D%80%E5%9F%9F-1-%E8%A4%87%E6%9C%AC-12-e1689127298935-300x105.webp\" alt=\"Piedra de aceite Superfibra - tipo plano\" width=\"300\" height=\"105\"><\/a><\/p>\n<h5><strong>departamento<\/strong><\/h5>\n<\/div>\n<h3><strong><br \/>\nTama\u00f1o y color de las part\u00edculas<\/strong><\/h3>\n<table>\n<tbody>\n<tr>\n<td style=\"text-align: center;\"><strong>granularidad<\/strong><\/td>\n<td>\n<p style=\"text-align: center;\"><strong>#150<\/strong><\/p>\n<\/td>\n<td>\n<p style=\"text-align: center;\"><strong>#180<\/strong><\/p>\n<\/td>\n<td>\n<p style=\"text-align: center;\"><strong>#250<\/strong><\/p>\n<\/td>\n<td>\n<p style=\"text-align: center;\"><strong>#320<\/strong><\/p>\n<\/td>\n<td>\n<p style=\"text-align: center;\"><strong>#400<\/strong><\/p>\n<\/td>\n<td>\n<p style=\"text-align: center;\"><strong>#700<\/strong><\/p>\n<\/td>\n<td>\n<p style=\"text-align: center;\"><strong>#1000<\/strong><\/p>\n<\/td>\n<td>\n<p style=\"text-align: center;\"><strong>#1200<\/strong><\/p>\n<\/td>\n<\/tr>\n<tr>\n<td><strong>Indica<\/strong> <strong>el color<\/strong><\/td>\n<td>\n<p style=\"text-align: center;\"><strong><a href=\"https:\/\/honwaygroup.com\/wp-content\/uploads\/2016\/02\/%E8%B6%85%E7%B4%9A%E7%BA%96%E7%B6%AD%E6%B2%B9%E7%9F%B3_%E7%B4%AB_%E5%B7%A5%E4%BD%9C%E5%8D%80%E5%9F%9F-1.avif\"><img decoding=\"async\" class=\"alignnone wp-image-107217\" src=\"https:\/\/honwaygroup.com\/wp-content\/uploads\/2016\/02\/%E8%B6%85%E7%B4%9A%E7%BA%96%E7%B6%AD%E6%B2%B9%E7%9F%B3_%E7%B4%AB_%E5%B7%A5%E4%BD%9C%E5%8D%80%E5%9F%9F-1.avif\" alt=\"\" width=\"100\" height=\"86\"><\/a><\/strong><\/p>\n<p style=\"text-align: center;\"><strong>P\u00farpura<\/strong><\/p>\n<\/td>\n<td>\n<p style=\"text-align: center;\"><strong><a href=\"https:\/\/honwaygroup.com\/wp-content\/uploads\/2016\/02\/%E8%B6%85%E7%B4%9A%E7%BA%96%E7%B6%AD%E6%B2%B9%E7%9F%B3_%E5%B7%A5%E4%BD%9C%E5%8D%80%E5%9F%9F-1-%E8%A4%87%E6%9C%AC-5.avif\"><img loading=\"lazy\" decoding=\"async\" class=\"alignnone wp-image-107168\" src=\"https:\/\/honwaygroup.com\/wp-content\/uploads\/2016\/02\/%E8%B6%85%E7%B4%9A%E7%BA%96%E7%B6%AD%E6%B2%B9%E7%9F%B3_%E5%B7%A5%E4%BD%9C%E5%8D%80%E5%9F%9F-1-%E8%A4%87%E6%9C%AC-5.avif\" alt=\"\" width=\"100\" height=\"86\"><\/a><\/strong><\/p>\n<p style=\"text-align: center;\"><strong>marr\u00f3n caf\u00e9<\/strong><\/p>\n<\/td>\n<td>\n<p style=\"text-align: center;\"><strong><a href=\"https:\/\/honwaygroup.com\/wp-content\/uploads\/2016\/02\/%E8%B6%85%E7%B4%9A%E7%BA%96%E7%B6%AD%E6%B2%B9%E7%9F%B3_%E5%B7%A5%E4%BD%9C%E5%8D%80%E5%9F%9F-1-%E8%A4%87%E6%9C%AC-6.avif\"><img loading=\"lazy\" decoding=\"async\" class=\"alignnone wp-image-107177\" src=\"https:\/\/honwaygroup.com\/wp-content\/uploads\/2016\/02\/%E8%B6%85%E7%B4%9A%E7%BA%96%E7%B6%AD%E6%B2%B9%E7%9F%B3_%E5%B7%A5%E4%BD%9C%E5%8D%80%E5%9F%9F-1-%E8%A4%87%E6%9C%AC-6.avif\" alt=\"\" width=\"100\" height=\"86\"><\/a><\/strong><\/p>\n<p style=\"text-align: center;\"><strong>color naranja<\/strong><\/p>\n<\/td>\n<td>\n<p style=\"text-align: center;\"><strong><a href=\"https:\/\/honwaygroup.com\/wp-content\/uploads\/2016\/02\/%E8%B6%85%E7%B4%9A%E7%BA%96%E7%B6%AD%E6%B2%B9%E7%9F%B3_%E5%B7%A5%E4%BD%9C%E5%8D%80%E5%9F%9F-1-%E8%A4%87%E6%9C%AC-8.avif\"><img loading=\"lazy\" decoding=\"async\" class=\"alignnone wp-image-107186\" src=\"https:\/\/honwaygroup.com\/wp-content\/uploads\/2016\/02\/%E8%B6%85%E7%B4%9A%E7%BA%96%E7%B6%AD%E6%B2%B9%E7%9F%B3_%E5%B7%A5%E4%BD%9C%E5%8D%80%E5%9F%9F-1-%E8%A4%87%E6%9C%AC-8.avif\" alt=\"\" width=\"100\" height=\"86\"><\/a><\/strong><\/p>\n<p style=\"text-align: center;\"><strong>gris<\/strong><\/p>\n<\/td>\n<td>\n<p style=\"text-align: center;\"><strong><a href=\"https:\/\/honwaygroup.com\/wp-content\/uploads\/2016\/02\/%E8%B6%85%E7%B4%9A%E7%BA%96%E7%B6%AD%E6%B2%B9%E7%9F%B3_%E5%B7%A5%E4%BD%9C%E5%8D%80%E5%9F%9F-1-%E8%A4%87%E6%9C%AC-9.avif\"><img loading=\"lazy\" decoding=\"async\" class=\"alignnone wp-image-107195\" src=\"https:\/\/honwaygroup.com\/wp-content\/uploads\/2016\/02\/%E8%B6%85%E7%B4%9A%E7%BA%96%E7%B6%AD%E6%B2%B9%E7%9F%B3_%E5%B7%A5%E4%BD%9C%E5%8D%80%E5%9F%9F-1-%E8%A4%87%E6%9C%AC-9.avif\" alt=\"\" width=\"100\" height=\"86\"><\/a><\/strong><\/p>\n<p style=\"text-align: center;\"><strong>azul<\/strong><\/p>\n<\/td>\n<td>\n<p style=\"text-align: center;\"><strong><a href=\"https:\/\/honwaygroup.com\/wp-content\/uploads\/2016\/02\/%E8%B6%85%E7%B4%9A%E7%BA%96%E7%B6%AD%E6%B2%B9%E7%9F%B3_%E5%B7%A5%E4%BD%9C%E5%8D%80%E5%9F%9F-1-%E8%A4%87%E6%9C%AC-10.avif\"><img loading=\"lazy\" decoding=\"async\" class=\"alignnone wp-image-107159\" src=\"https:\/\/honwaygroup.com\/wp-content\/uploads\/2016\/02\/%E8%B6%85%E7%B4%9A%E7%BA%96%E7%B6%AD%E6%B2%B9%E7%9F%B3_%E5%B7%A5%E4%BD%9C%E5%8D%80%E5%9F%9F-1-%E8%A4%87%E6%9C%AC-10.avif\" alt=\"\" width=\"100\" height=\"86\"><\/a><\/strong><\/p>\n<p style=\"text-align: center;\"><strong>amarillo<\/strong><\/p>\n<\/td>\n<td>\n<p style=\"text-align: center;\"><strong><a href=\"https:\/\/honwaygroup.com\/wp-content\/uploads\/2023\/07\/%E8%B6%85%E7%B4%9A%E7%BA%96%E7%B6%AD%E6%B2%B9%E7%9F%B3_%E5%B7%A5%E4%BD%9C%E5%8D%80%E5%9F%9F-1-%E8%A4%87%E6%9C%AC-21.webp\"><img loading=\"lazy\" decoding=\"async\" class=\"alignnone wp-image-25686\" src=\"https:\/\/honwaygroup.com\/wp-content\/uploads\/2023\/07\/%E8%B6%85%E7%B4%9A%E7%BA%96%E7%B6%AD%E6%B2%B9%E7%9F%B3_%E5%B7%A5%E4%BD%9C%E5%8D%80%E5%9F%9F-1-%E8%A4%87%E6%9C%AC-21.webp\" alt=\"Piedra de aceite Superfibra - blanca\" width=\"100\" height=\"86\"><\/a><\/strong><\/p>\n<p style=\"text-align: center;\"><strong>Blanco<\/strong><\/p>\n<\/td>\n<td>\n<p style=\"text-align: center;\"><strong><a href=\"https:\/\/honwaygroup.com\/wp-content\/uploads\/2023\/07\/%E8%B6%85%E7%B4%9A%E7%BA%96%E7%B6%AD%E6%B2%B9%E7%9F%B3_%E5%B7%A5%E4%BD%9C%E5%8D%80%E5%9F%9F-1-%E8%A4%87%E6%9C%AC-22.webp\"><img loading=\"lazy\" decoding=\"async\" class=\"alignnone wp-image-25690\" src=\"https:\/\/honwaygroup.com\/wp-content\/uploads\/2023\/07\/%E8%B6%85%E7%B4%9A%E7%BA%96%E7%B6%AD%E6%B2%B9%E7%9F%B3_%E5%B7%A5%E4%BD%9C%E5%8D%80%E5%9F%9F-1-%E8%A4%87%E6%9C%AC-22.webp\" alt=\"Piedra de aceite Superfibra - naranja-rojo\" width=\"100\" height=\"86\"><\/a><\/strong><\/p>\n<p style=\"text-align: center;\"><strong>Naranja rojizo<\/strong><\/p>\n<\/td>\n<\/tr>\n<tr>\n<td>\n<p style=\"text-align: center;\"><b>nombre en clave<\/b><\/p>\n<\/td>\n<td style=\"text-align: center;\"><b>P<\/b><\/td>\n<td style=\"text-align: center;\"><strong>C<\/strong><\/td>\n<td style=\"text-align: center;\"><strong>O<\/strong><\/td>\n<td style=\"text-align: center;\"><strong>C<\/strong><\/td>\n<td style=\"text-align: center;\"><strong>B<\/strong><\/td>\n<td style=\"text-align: center;\"><strong>Y<\/strong><\/td>\n<td style=\"text-align: center;\"><strong>W<\/strong><\/td>\n<td style=\"text-align: center;\"><strong>R<\/strong><\/td>\n<\/tr>\n<\/tbody>\n<\/table>\n<h3><strong>Granularidad y codificaci\u00f3n<\/strong><\/h3>\n<p>unidad : mm<\/p>\n<table>\n<tbody>\n<tr>\n<td style=\"text-align: center;\"><strong>TxWxL(\u00d8DxL)<\/strong><\/td>\n<td style=\"text-align: center;\"><strong>#150<\/strong><\/td>\n<td style=\"text-align: center;\"><strong>#180<\/strong><\/td>\n<td style=\"text-align: center;\"><strong>#250<\/strong><\/td>\n<td style=\"text-align: center;\"><strong>#320<\/strong><\/td>\n<td style=\"text-align: center;\"><strong>#400<\/strong><\/td>\n<td style=\"text-align: center;\"><strong>#700<\/strong><\/td>\n<td style=\"text-align: center;\"><strong>#1000<\/strong><\/td>\n<td style=\"text-align: center;\"><strong>#1200<\/strong><\/td>\n<\/tr>\n<tr>\n<td><span style=\"font-weight: 400;\">1 x 4 x 100<\/span><\/td>\n<td><span style=\"font-weight: 400;\">BSP-1004<\/span><\/td>\n<td><span style=\"font-weight: 400;\">BSC-1004<\/span><\/td>\n<td><span style=\"font-weight: 400;\">BSO-1004<\/span><\/td>\n<td><span style=\"font-weight: 400;\">BSG-1004<\/span><\/td>\n<td><span style=\"font-weight: 400;\">BSB-1004<\/span><\/td>\n<td><span style=\"font-weight: 400;\">BSY-1004<\/span><\/td>\n<td><span style=\"font-weight: 400;\">BSW-1004<\/span><\/td>\n<td><span style=\"font-weight: 400;\">BSR-1004<\/span><\/td>\n<\/tr>\n<tr>\n<td><span style=\"font-weight: 400;\">1 x 6 x 100<\/span><\/td>\n<td><span style=\"font-weight: 400;\">BSP-1006<\/span><\/td>\n<td><span style=\"font-weight: 400;\">BSC-1006<\/span><\/td>\n<td><span style=\"font-weight: 400;\">BSO-1006<\/span><\/td>\n<td><span style=\"font-weight: 400;\">BSG-1006<\/span><\/td>\n<td><span style=\"font-weight: 400;\">BSB-1006<\/span><\/td>\n<td><span style=\"font-weight: 400;\">BSY-1006<\/span><\/td>\n<td><span style=\"font-weight: 400;\">BSW-1006<\/span><\/td>\n<td><span style=\"font-weight: 400;\">BSR-1006<\/span><\/td>\n<\/tr>\n<tr>\n<td><span style=\"font-weight: 400;\">1 x 10 x 100<\/span><\/td>\n<td><span style=\"font-weight: 400;\">BSP-1010<\/span><\/td>\n<td><span style=\"font-weight: 400;\">BSC-1010<\/span><\/td>\n<td><span style=\"font-weight: 400;\">BSO1010<\/span><\/td>\n<td><span style=\"font-weight: 400;\">BSG-1010<\/span><\/td>\n<td><span style=\"font-weight: 400;\">BSB-1010<\/span><\/td>\n<td><span style=\"font-weight: 400;\">BSY-1010<\/span><\/td>\n<td><span style=\"font-weight: 400;\">BSW-1010<\/span><\/td>\n<td><span style=\"font-weight: 400;\">BSR-1010<\/span><\/td>\n<\/tr>\n<tr>\n<td><span style=\"font-weight: 400;\">\u00d83.0 x 100<\/span><\/td>\n<td><span style=\"font-weight: 400;\">BGP-30<\/span><\/td>\n<td><span style=\"font-weight: 400;\">BGC-30<\/span><\/td>\n<td><span style=\"font-weight: 400;\">BGO-30<\/span><\/td>\n<td><span style=\"font-weight: 400;\">BGG-30<\/span><\/td>\n<td><span style=\"font-weight: 400;\">BGB-30<\/span><\/td>\n<td><span style=\"font-weight: 400;\">BGY-30<\/span><\/td>\n<td><span style=\"font-weight: 400;\">BGW-30<\/span><\/td>\n<td><span style=\"font-weight: 400;\">BGR-30<\/span><\/td>\n<\/tr>\n<\/tbody>\n<\/table>\n<p><strong>ilustrar:<\/strong><\/p>\n<ul>\n<li><strong>El color #320 Gris puede reemplazar a los antiguos colores #280 Negro y #360 Azul Marino.<\/strong><\/li>\n<\/ul>\n<p>\u00bfTienes preguntas? <a href=\"https:\/\/honwaygroup.com\/es\/contactar-con-honway\/\">Contactar a Honway<\/a><\/p>\n","protected":false},"excerpt":{"rendered":"<div id=\"desWrap\">\n<p>La nueva piedra de aceite<strong> Bestia\u00ae Fiber<\/strong>, fabricada con fibras cer\u00e1micas selectas y materiales de uni\u00f3n y m\u00e9todos de fabricaci\u00f3n \u00fanicos, ofrece las siguientes ventajas sobre nuestros productos anteriores:<\/p>\n<ul>\n<li>Tiene una mayor resistencia a la flexi\u00f3n, lo que hace que la piedra de aceite de fibra sea menos propensa a romperse.<\/li>\n<li>Incrementa la eficiencia del rectificado en un 10-20% o m\u00e1s bajo las mismas condiciones de trabajo.<\/li>\n<li>En la mayor\u00eda de las condiciones de trabajo, esto aumenta la relaci\u00f3n de rectificado entre un 10% y un 30% o m\u00e1s (lo que conlleva una mayor vida \u00fatil de la herramienta).<\/li>\n<\/ul>\n<h5><strong><span style=\"color: #ff0000; font-size: 19.2px;\">\u25b2<\/span><\/strong> <strong><span style=\"color: #ff0000; font-size: 19.2px;\">Los pedidos grandes pueden disfrutar de descuentos, comun\u00edquese con el servicio de atenci\u00f3n al cliente para realizar consultas.<\/span><\/strong><\/h5>\n<h5><strong><span style=\"color: #ff0000; font-size: 19.2px;\">\u25b2<\/span><span style=\"color: #ff0000; font-size: 19.2px;\">El tiempo de<\/span><span style=\"color: #ff0000;\"> entrega para pedidos de<\/span><span style=\"color: #ff0000; font-size: 19.2px;\"> Taiw\u00e1n es de aproximadamente 7 a 14 d\u00edas h\u00e1biles.<\/span><\/strong><\/h5>\n<h5><strong><span style=\"color: #ff0000; font-size: 19.2px;\">\u25b2<\/span><span style=\"color: #ff0000;\">Los pedidos internacionales tardan aproximadamente de 7 a 14 d\u00edas en enviarse. El tiempo de entrega real depende del estado de entrega de la empresa de mensajer\u00eda.<\/span><\/strong><\/h5>\n<\/div>\n","protected":false},"featured_media":131269,"template":"","meta":{"site-sidebar-layout":"default","site-content-layout":"default","ast-site-content-layout":"default","site-content-style":"default","site-sidebar-style":"default","ast-global-header-display":"","ast-banner-title-visibility":"","ast-main-header-display":"","ast-hfb-above-header-display":"","ast-hfb-below-header-display":"","ast-hfb-mobile-header-display":"","site-post-title":"","ast-breadcrumbs-content":"","ast-featured-img":"","footer-sml-layout":"","ast-disable-related-posts":"","theme-transparent-header-meta":"default","adv-header-id-meta":"","stick-header-meta":"default","header-above-stick-meta":"","header-main-stick-meta":"","header-below-stick-meta":"","astra-migrate-meta-layouts":"default","ast-page-background-enabled":"default","ast-page-background-meta":{"desktop":{"background-color":"var(--ast-global-color-5)","background-image":"","background-repeat":"repeat","background-position":"center center","background-size":"auto","background-attachment":"scroll","background-type":"","background-media":"","overlay-type":"","overlay-color":"","overlay-opacity":"","overlay-gradient":""},"tablet":{"background-color":"","background-image":"","background-repeat":"repeat","background-position":"center center","background-size":"auto","background-attachment":"scroll","background-type":"","background-media":"","overlay-type":"","overlay-color":"","overlay-opacity":"","overlay-gradient":""},"mobile":{"background-color":"","background-image":"","background-repeat":"repeat","background-position":"center center","background-size":"auto","background-attachment":"scroll","background-type":"","background-media":"","overlay-type":"","overlay-color":"","overlay-opacity":"","overlay-gradient":""}},"ast-content-background-meta":{"desktop":{"background-color":"var(--ast-global-color-4)","background-image":"","background-repeat":"repeat","background-position":"center center","background-size":"auto","background-attachment":"scroll","background-type":"","background-media":"","overlay-type":"","overlay-color":"","overlay-opacity":"","overlay-gradient":""},"tablet":{"background-color":"var(--ast-global-color-4)","background-image":"","background-repeat":"repeat","background-position":"center center","background-size":"auto","background-attachment":"scroll","background-type":"","background-media":"","overlay-type":"","overlay-color":"","overlay-opacity":"","overlay-gradient":""},"mobile":{"background-color":"var(--ast-global-color-4)","background-image":"","background-repeat":"repeat","background-position":"center center","background-size":"auto","background-attachment":"scroll","background-type":"","background-media":"","overlay-type":"","overlay-color":"","overlay-opacity":"","overlay-gradient":""}}},"product_brand":[],"product_cat":[10464,10469],"product_tag":[12176,12177],"class_list":{"0":"post-131304","1":"product","2":"type-product","3":"status-publish","4":"has-post-thumbnail","6":"product_cat-consumibles-perifericos-para-rectificado-y-pulido","7":"product_cat-piedra-de-aceite-de-fibra-ceramica","8":"product_tag-piedra-de-aceite-de-fibra-ceramica","9":"product_tag-super-oilstone","10":"pa_oil-stones-grit-amarillo-700","11":"pa_oil-stones-grit-azul-400","12":"pa_oil-stones-grit-blanco-1000","13":"pa_oil-stones-grit-gris-320","14":"pa_oil-stones-grit-marron-cafe-180","15":"pa_oil-stones-grit-morado-150","16":"pa_oil-stones-grit-naranja-250","17":"pa_oil-stones-grit-naranja-rojizo-1200","18":"desktop-align-left","19":"tablet-align-left","20":"mobile-align-left","21":"ast-product-gallery-layout-horizontal-slider","22":"ast-product-single-variable","23":"ast-product-tabs-layout-horizontal","25":"first","26":"instock","27":"taxable","28":"shipping-taxable","29":"purchasable","30":"product-type-variable"},"_links":{"self":[{"href":"https:\/\/honwaygroup.com\/es\/wp-json\/wp\/v2\/product\/131304","targetHints":{"allow":["GET"]}}],"collection":[{"href":"https:\/\/honwaygroup.com\/es\/wp-json\/wp\/v2\/product"}],"about":[{"href":"https:\/\/honwaygroup.com\/es\/wp-json\/wp\/v2\/types\/product"}],"version-history":[{"count":0,"href":"https:\/\/honwaygroup.com\/es\/wp-json\/wp\/v2\/product\/131304\/revisions"}],"wp:featuredmedia":[{"embeddable":true,"href":"https:\/\/honwaygroup.com\/es\/wp-json\/wp\/v2\/media\/131269"}],"wp:attachment":[{"href":"https:\/\/honwaygroup.com\/es\/wp-json\/wp\/v2\/media?parent=131304"}],"wp:term":[{"taxonomy":"product_brand","embeddable":true,"href":"https:\/\/honwaygroup.com\/es\/wp-json\/wp\/v2\/product_brand?post=131304"},{"taxonomy":"product_cat","embeddable":true,"href":"https:\/\/honwaygroup.com\/es\/wp-json\/wp\/v2\/product_cat?post=131304"},{"taxonomy":"product_tag","embeddable":true,"href":"https:\/\/honwaygroup.com\/es\/wp-json\/wp\/v2\/product_tag?post=131304"}],"curies":[{"name":"wp","href":"https:\/\/api.w.org\/{rel}","templated":true}]}}