{"id":131272,"date":"2016-02-28T19:00:38","date_gmt":"2016-02-28T11:00:38","guid":{"rendered":"https:\/\/honwaygroup.com\/product\/piedra-de-aceite-de-fibra-mini\/"},"modified":"2025-11-18T13:15:11","modified_gmt":"2025-11-18T05:15:11","slug":"piedra-de-aceite-de-fibra-mini","status":"publish","type":"product","link":"https:\/\/honwaygroup.com\/es\/producto\/piedra-de-aceite-de-fibra-mini\/","title":{"rendered":"Piedra de aceite de fibra mini"},"content":{"rendered":"<h3><strong>Ejemplos de aplicaci\u00f3n de minifibras de piedra de aceite<\/strong><\/h3>\n<p>Las mini piedras de aceite de fibra se utilizan para el mecanizado de piezas finas de diversos moldes, el rectificado de diversos moldes, el <a href=\"https:\/\/zh.m.wikipedia.org\/zh-tw\/%E6%8A%9B%E5%85%89\" rel=\"nofollow noopener\" target=\"_blank\">pulido<\/a> fino de diversas piezas y el mecanizado de diversas piezas finas o complejas.<\/p>\n<p><a href=\"https:\/\/honwaygroup.com\/wp-content\/uploads\/2023\/07\/%E8%BF%B7%E4%BD%A0%E7%BA%96%E7%B6%AD%E6%B2%B9%E7%9F%B3.webp\"><img fetchpriority=\"high\" decoding=\"async\" class=\"aligncenter wp-image-25753\" src=\"https:\/\/honwaygroup.com\/wp-content\/uploads\/2023\/07\/%E8%BF%B7%E4%BD%A0%E7%BA%96%E7%B6%AD%E6%B2%B9%E7%9F%B3-1024x204.webp\" alt=\"Piedra de aceite de fibra mini\" width=\"800\" height=\"160\"><\/a><\/p>\n<table class=\"specTable2\" width=\"100%\">\n<tbody>\n<tr>\n<th rowspan=\"2\">Dimensiones (mm)<\/th>\n<th class=\"center\" colspan=\"4\">Tama\u00f1o y n\u00famero de part\u00edculas<\/th>\n<th rowspan=\"2\">Uso de un mandril<\/th>\n<\/tr>\n<tr>\n<th>#250<\/th>\n<th>#400<\/th>\n<th>#700<\/th>\n<th>#1200<\/th>\n<\/tr>\n<tr>\n<td>0.5 x 0.5 x 50L<\/td>\n<td>MOS-055<\/td>\n<td>MBS-055<\/td>\n<td>MYS-055<\/td>\n<td>MRS-055<\/td>\n<td>XH-007<\/td>\n<\/tr>\n<tr>\n<td>0.7 x 0.7 x 50L<\/td>\n<td>MOS-075<\/td>\n<td>MBS-075<\/td>\n<td>MYS-075<\/td>\n<td>MRS-075<\/td>\n<td>XH-009<\/td>\n<\/tr>\n<tr>\n<td>0.9 x 0.9 x 50L<\/td>\n<td>MOS-095<\/td>\n<td>MBS-095<\/td>\n<td>MYS-095<\/td>\n<td>MRS-095<\/td>\n<td>XH-013<\/td>\n<\/tr>\n<tr>\n<td>1.0 x 2.0 x 100L<\/td>\n<td>MOS-121<\/td>\n<td>MBS-121<\/td>\n<td>MYS-121<\/td>\n<td>MRS-121<\/td>\n<td>XH-200<\/td>\n<\/tr>\n<tr>\n<td>\u00d80.9 x 50L<\/td>\n<td>MOS-105<\/td>\n<td>MBS-105<\/td>\n<td>MYS-105<\/td>\n<td>MRS-105<\/td>\n<td>XH-009<\/td>\n<\/tr>\n<tr>\n<td>\u00d82.0 x 100L<\/td>\n<td>MOS-201<\/td>\n<td>MBS-201<\/td>\n<td>MYS-201<\/td>\n<td>MRS-201<\/td>\n<td>XH-200<\/td>\n<\/tr>\n<\/tbody>\n<\/table>\n<p>\u00bfTienes preguntas? <a href=\"https:\/\/honwaygroup.com\/es\/contactar-con-honway\/\">Contactar a Honway<\/a><\/p>\n","protected":false},"excerpt":{"rendered":"<div id=\"desWrap\">\n<ul>\n<li>Las piedras de aceite de fibra en miniatura se fabrican cortando piedras de aceite de fibra en tama\u00f1os diminutos, que van desde 0,5 x 0,5 mm hasta 1 x 2 mm.<\/li>\n<li>Dise\u00f1ado espec\u00edficamente para su uso en los detalles finos de diversos moldes u otros procesos de mecanizado similares.<\/li>\n<li>Debido a su alta resistencia a la flexi\u00f3n, las fibras cer\u00e1micas pueden solucionar el problema de la f\u00e1cil rotura de las piedras de afilar o los rub\u00edes comunes.<\/li>\n<li>Aplicaciones: Las mini piedras de aceite de fibra son adecuadas para el rectificado de diversos moldes y el pulido fino de varias piezas, especialmente para el procesamiento de \u00e1reas talladas, el pulido fino de peque\u00f1as nervaduras y esquinas de moldes, y el procesamiento de diversas piezas delicadas o complejas.<\/li>\n<\/ul>\n<h5><strong><span style=\"color: #ff0000;font-size: 19.2px\">\u25b2<\/span><\/strong> <strong><span style=\"color: #ff0000;font-size: 19.2px\">Los pedidos grandes pueden disfrutar de descuentos, comun\u00edquese con el servicio de atenci\u00f3n al cliente para realizar consultas.<\/span><\/strong><\/h5>\n<h5><strong><span style=\"color: #ff0000;font-size: 19.2px\">\u25b2<\/span><span style=\"color: #ff0000;font-size: 19.2px\">El tiempo de<\/span><span style=\"color: #ff0000\"> entrega para pedidos de<\/span><span style=\"color: #ff0000;font-size: 19.2px\"> Taiw\u00e1n es de aproximadamente 7 a 14 d\u00edas h\u00e1biles.<\/span><\/strong><\/h5>\n<h5><strong><span style=\"color: #ff0000;font-size: 19.2px\">\u25b2<\/span><span style=\"color: #ff0000\">Los pedidos internacionales tardan aproximadamente de 7 a 14 d\u00edas en enviarse. El tiempo de entrega real depende del estado de entrega de la empresa de mensajer\u00eda.<\/span><\/strong><\/h5>\n<\/div>\n","protected":false},"featured_media":131257,"template":"","meta":{"site-sidebar-layout":"default","site-content-layout":"default","ast-site-content-layout":"default","site-content-style":"default","site-sidebar-style":"default","ast-global-header-display":"","ast-banner-title-visibility":"","ast-main-header-display":"","ast-hfb-above-header-display":"","ast-hfb-below-header-display":"","ast-hfb-mobile-header-display":"","site-post-title":"","ast-breadcrumbs-content":"","ast-featured-img":"","footer-sml-layout":"","ast-disable-related-posts":"","theme-transparent-header-meta":"default","adv-header-id-meta":"","stick-header-meta":"default","header-above-stick-meta":"","header-main-stick-meta":"","header-below-stick-meta":"","astra-migrate-meta-layouts":"default","ast-page-background-enabled":"default","ast-page-background-meta":{"desktop":{"background-color":"var(--ast-global-color-5)","background-image":"","background-repeat":"repeat","background-position":"center center","background-size":"auto","background-attachment":"scroll","background-type":"","background-media":"","overlay-type":"","overlay-color":"","overlay-opacity":"","overlay-gradient":""},"tablet":{"background-color":"","background-image":"","background-repeat":"repeat","background-position":"center center","background-size":"auto","background-attachment":"scroll","background-type":"","background-media":"","overlay-type":"","overlay-color":"","overlay-opacity":"","overlay-gradient":""},"mobile":{"background-color":"","background-image":"","background-repeat":"repeat","background-position":"center center","background-size":"auto","background-attachment":"scroll","background-type":"","background-media":"","overlay-type":"","overlay-color":"","overlay-opacity":"","overlay-gradient":""}},"ast-content-background-meta":{"desktop":{"background-color":"var(--ast-global-color-4)","background-image":"","background-repeat":"repeat","background-position":"center center","background-size":"auto","background-attachment":"scroll","background-type":"","background-media":"","overlay-type":"","overlay-color":"","overlay-opacity":"","overlay-gradient":""},"tablet":{"background-color":"var(--ast-global-color-4)","background-image":"","background-repeat":"repeat","background-position":"center center","background-size":"auto","background-attachment":"scroll","background-type":"","background-media":"","overlay-type":"","overlay-color":"","overlay-opacity":"","overlay-gradient":""},"mobile":{"background-color":"var(--ast-global-color-4)","background-image":"","background-repeat":"repeat","background-position":"center center","background-size":"auto","background-attachment":"scroll","background-type":"","background-media":"","overlay-type":"","overlay-color":"","overlay-opacity":"","overlay-gradient":""}}},"product_brand":[],"product_cat":[10464,10469],"product_tag":[12162,12161],"class_list":{"0":"post-131272","1":"product","2":"type-product","3":"status-publish","4":"has-post-thumbnail","6":"product_cat-consumibles-perifericos-para-rectificado-y-pulido","7":"product_cat-piedra-de-aceite-de-fibra-ceramica","8":"product_tag-piedra-de-aceite-de-fibra-mini","9":"product_tag-superfibra-de-piedra-de-aceite","10":"desktop-align-left","11":"tablet-align-left","12":"mobile-align-left","13":"ast-product-gallery-layout-horizontal-slider","14":"ast-product-single-variable","15":"ast-product-tabs-layout-horizontal","17":"first","18":"instock","19":"taxable","20":"shipping-taxable","21":"purchasable","22":"product-type-variable"},"_links":{"self":[{"href":"https:\/\/honwaygroup.com\/es\/wp-json\/wp\/v2\/product\/131272","targetHints":{"allow":["GET"]}}],"collection":[{"href":"https:\/\/honwaygroup.com\/es\/wp-json\/wp\/v2\/product"}],"about":[{"href":"https:\/\/honwaygroup.com\/es\/wp-json\/wp\/v2\/types\/product"}],"version-history":[{"count":0,"href":"https:\/\/honwaygroup.com\/es\/wp-json\/wp\/v2\/product\/131272\/revisions"}],"wp:featuredmedia":[{"embeddable":true,"href":"https:\/\/honwaygroup.com\/es\/wp-json\/wp\/v2\/media\/131257"}],"wp:attachment":[{"href":"https:\/\/honwaygroup.com\/es\/wp-json\/wp\/v2\/media?parent=131272"}],"wp:term":[{"taxonomy":"product_brand","embeddable":true,"href":"https:\/\/honwaygroup.com\/es\/wp-json\/wp\/v2\/product_brand?post=131272"},{"taxonomy":"product_cat","embeddable":true,"href":"https:\/\/honwaygroup.com\/es\/wp-json\/wp\/v2\/product_cat?post=131272"},{"taxonomy":"product_tag","embeddable":true,"href":"https:\/\/honwaygroup.com\/es\/wp-json\/wp\/v2\/product_tag?post=131272"}],"curies":[{"name":"wp","href":"https:\/\/api.w.org\/{rel}","templated":true}]}}